{"id":7238,"date":"2025-06-06T02:59:59","date_gmt":"2025-06-06T02:59:59","guid":{"rendered":"https:\/\/sinoextrud.com\/product\/high-quality-aluminium-extrusion-profile-for-curtain-wall\/"},"modified":"2025-06-24T06:12:19","modified_gmt":"2025-06-24T06:12:19","slug":"kivalo-minosegu-aluminium-extrudalt-profil-fuggonyfalhoz","status":"publish","type":"product","link":"https:\/\/sinoextrud.com\/hu\/product\/high-quality-aluminium-extrusion-profile-for-curtain-wall\/","title":{"rendered":"Kiv\u00e1l\u00f3 min\u0151s\u00e9g\u0171 alum\u00ednium extrud\u00e1lt profil f\u00fcgg\u00f6nyfalhoz"},"content":{"rendered":"<h2>Term\u00e9kek r\u00e9szletei<\/h2>\n<table class=\"custom-table\">\n<tbody>\n<tr>\n<td> T\u00e9tel:<\/td>\n<td> Kiv\u00e1l\u00f3 min\u0151s\u00e9g\u0171 alum\u00ednium extrud\u00e1lt profil a f\u00fcgg\u00f6nyfalhoz<\/td>\n<td> Anyag:<\/td>\n<td> 6063,6061,6082,6005 stb.<\/td>\n<\/tr>\n<tr>\n<td> Alkalmaz\u00e1s:<\/td>\n<td> \u00c9p\u00edt\u00e9szet<\/td>\n<td> Sz\u00e1rmaz\u00e1si hely:<\/td>\n<td> Foshan, Guangdong<\/td>\n<\/tr>\n<tr>\n<td> Alak:<\/td>\n<td> Testreszab\u00e1s<\/td>\n<td> \u00d6tv\u00f6zet vagy sem:<\/td>\n<td> Alum\u00ednium \u00f6tv\u00f6zet<\/td>\n<\/tr>\n<tr>\n<td> Folyamat\u00e1raml\u00e1s:<\/td>\n<td> Die-open-Extrud\u00e1l\u00e1s-fel\u00fcletkezel\u00e9s-CNC megmunk\u00e1l\u00e1s<\/td>\n<td> M\u00e1rka:<\/td>\n<td> Sinoextrud<\/td>\n<\/tr>\n<tr>\n<td> Szabv\u00e1nyos:<\/td>\n<td> k\u00f6zepes \u00e9s magas min\u0151s\u00e9g<\/td>\n<td> Fel\u00fcletkezel\u00e9s:<\/td>\n<td> porfest\u00e9s, elektrofor\u00e9zis, fa szemcs\u00e9s, elox\u00e1lt, csiszolt, pol\u00edroz\u00e1s<\/td>\n<\/tr>\n<tr>\n<td> Sz\u00e1ll\u00edt\u00e1si id\u0151:<\/td>\n<td> 25-30 nap<\/td>\n<td> MOQ:<\/td>\n<td> 200KG<\/td>\n<\/tr>\n<tr>\n<td> Fizet\u00e9si hat\u00e1rid\u0151:<\/td>\n<td> T\/T (30% let\u00e9t), L\/C<\/td>\n<td> Feldolgoz\u00f3 szolg\u00e1ltat\u00e1s:<\/td>\n<td> Hajl\u00edt\u00e1s, tekercsel\u00e9s, hegeszt\u00e9s, lyukaszt\u00e1s, v\u00e1g\u00e1s<\/td>\n<\/tr>\n<tr>\n<td> Kik\u00f6t\u0151:<\/td>\n<td> Guangzhou, Shenzhen<\/td>\n<td> Hossz\u00fas\u00e1g:<\/td>\n<td> 1-9m vagy testreszabott<\/td>\n<\/tr>\n<\/tbody>\n<\/table>\n<h2>Gy\u00e1rt\u00f3 b\u00e1zisunk<\/h2>\n<h3>Gy\u00e1ri panor\u00e1ma<\/h3>\n<p><img decoding=\"async\" src=\"\/wp-content\/uploads\/factory-01.webp\"\/><\/p>\n<h3>Alum\u00ednium r\u00fadgy\u00e1rt\u00f3 m\u0171hely<\/h3>\n<p><img decoding=\"async\" src=\"\/wp-content\/uploads\/factory-02.webp\"\/><\/p>\n<p><img decoding=\"async\" src=\"\/wp-content\/uploads\/factory-03.webp\"\/><\/p>\n<h3>Pen\u00e9sz rakt\u00e1r<\/h3>\n<p><img decoding=\"async\" src=\"\/wp-content\/uploads\/factory-04.webp\"\/><\/p>\n<h3>43 alum\u00ednium extrud\u00e1l\u00f3 vonal (500-5500 tonna)<\/h3>\n<p><img decoding=\"async\" src=\"\/wp-content\/uploads\/factory-05.webp\"\/><\/p>\n<p><img decoding=\"async\" src=\"\/wp-content\/uploads\/factory-06.webp\"\/><\/p>\n<p><img decoding=\"async\" src=\"\/wp-content\/uploads\/factory-07.webp\"\/><\/p>\n<h3>Porfest\u0151 m\u0171hely<\/h3>\n<p><img decoding=\"async\" src=\"\/wp-content\/uploads\/factory-09.webp\"\/><\/p>\n<h3>Anodiz\u00e1l\u00f3 m\u0171hely<\/h3>\n<p><img decoding=\"async\" src=\"\/wp-content\/uploads\/factory-10.webp\"\/><\/p>\n<h3>M\u00e9ly feldolgoz\u00e1si m\u0171hely<\/h3>\n<p><img decoding=\"async\" src=\"\/wp-content\/uploads\/factory-11.webp\"\/><\/p>\n<h3>CNC prec\u00edzi\u00f3s megmunk\u00e1l\u00f3 m\u0171hely<\/h3>\n<p><img decoding=\"async\" src=\"\/wp-content\/uploads\/factory-11.5.webp\"\/><\/p>\n<h3>K\u00e9szterm\u00e9k \u00e9s export rakt\u00e1r<\/h3>\n<p><img decoding=\"async\" src=\"\/wp-content\/uploads\/factory-12.webp\"\/><\/p>\n<p><img decoding=\"async\" src=\"\/wp-content\/uploads\/factory-13.webp\"\/><\/p>\n<p><img decoding=\"async\" src=\"\/wp-content\/uploads\/factory-14.webp\"\/><\/p>\n<h2>GYIK<\/h2>\n<p><p><b>1.Mi az a kiv\u00e1l\u00f3 min\u0151s\u00e9g\u0171 alum\u00ednium extrud\u00e1lt profil f\u00fcgg\u00f6nyfalakhoz? <\/b><\/p>\n<p> A kiv\u00e1l\u00f3 min\u0151s\u00e9g\u0171 alum\u00ednium sajtolt profil f\u00fcgg\u00f6nyfalakhoz egy pr\u00e9mium alum\u00ednium\u00f6tv\u00f6zetb\u0151l k\u00e9sz\u00fclt szerkezeti elem, amelyet a modern \u00e9p\u00edt\u00e9szetben a f\u00fcgg\u00f6nyfalrendszerek al\u00e1t\u00e1maszt\u00e1s\u00e1ra \u00e9s r\u00f6gz\u00edt\u00e9s\u00e9re terveztek.<br \/>\n<\/p><br \/>\n<br \/>\n<p><b>2.Mi\u00e9rt v\u00e1lassza a 6063-T5 alum\u00ednium\u00f6tv\u00f6zetet a f\u00fcgg\u00f6nyfalprofilokhoz? <\/b><\/p>\n<p> A 6063-T5 alum\u00ednium\u00f6tv\u00f6zet kiv\u00e1l\u00f3 korr\u00f3zi\u00f3\u00e1ll\u00f3s\u00e1got, fel\u00fcleti fel\u00fcletet \u00e9s szil\u00e1rds\u00e1got biztos\u00edt, \u00edgy ide\u00e1lis a tart\u00f3ss\u00e1got \u00e9s eszt\u00e9tikai megjelen\u00e9st ig\u00e9nyl\u0151 f\u00fcgg\u00f6nyfal alkalmaz\u00e1sokhoz.<br \/>\n<\/p><br \/>\n<br \/>\n<p><b>3.Az alum\u00ednium f\u00fcgg\u00f6nyfal profilok testre szabhat\u00f3k? <\/b><\/p>\n<p> Igen, az alum\u00ednium f\u00fcgg\u00f6nyfalprofilok alakja, m\u00e9rete \u00e9s kivitelez\u00e9se testre szabhat\u00f3, hogy megfeleljenek a k\u00fcl\u00f6nleges tervez\u00e9si \u00e9s funkcion\u00e1lis k\u00f6vetelm\u00e9nyeknek.<br \/>\n<\/p><br \/>\n<br \/>\n<p><b>4.Milyen kivitelek \u00e1llnak rendelkez\u00e9sre az alum\u00ednium f\u00fcgg\u00f6nyfalprofilokhoz? <\/b><\/p>\n<p> A gyakori kivitelek k\u00f6z\u00e9 tartozik az elox\u00e1l\u00e1s \u00e9s a porbevonat, amelyek fokozz\u00e1k a korr\u00f3zi\u00f3\u00e1ll\u00f3s\u00e1got, \u00e9s k\u00fcl\u00f6nb\u00f6z\u0151 sz\u00ednv\u00e1laszt\u00e9kokat tesznek lehet\u0151v\u00e9 a design eszt\u00e9tik\u00e1j\u00e1nak megfelel\u0151en.<br \/>\n<\/p><br \/>\n<br \/>\n<p><b>5.Alkalmasak-e az alum\u00ednium f\u00fcgg\u00f6nyfalprofilok k\u00fclt\u00e9ri haszn\u00e1latra? <\/b><\/p>\n<p> Korr\u00f3zi\u00f3\u00e1ll\u00f3 tulajdons\u00e1gaiknak k\u00f6sz\u00f6nhet\u0151en ide\u00e1lisak k\u00fclt\u00e9ri alkalmaz\u00e1sokhoz, mivel roml\u00e1s n\u00e9lk\u00fcl ellen\u00e1llnak a k\u00fcl\u00f6nb\u00f6z\u0151 id\u0151j\u00e1r\u00e1si k\u00f6r\u00fclm\u00e9nyeknek.<br \/>\n<\/p><br \/>\n<br \/>\n<p><b>6.Hogyan j\u00e1rulnak hozz\u00e1 az alum\u00ednium f\u00fcgg\u00f6nyfalprofilok az energiahat\u00e9konys\u00e1ghoz? <\/b><\/p>\n<p> H\u0151szigetel\u00e9ssel \u00e9s megfelel\u0151 \u00fcvegez\u00e9ssel kombin\u00e1lva az alum\u00ednium f\u00fcgg\u00f6nyfalprofilok cs\u00f6kkentik a h\u0151\u00e1tad\u00e1st, jav\u00edtva az \u00e9p\u00fclet \u00e1ltal\u00e1nos energiahat\u00e9konys\u00e1g\u00e1t.<br \/>\n<\/p><br \/>\n<br \/>\n<p><b>7.Milyen karbantart\u00e1st ig\u00e9nyelnek az alum\u00ednium f\u00fcgg\u00f6nyfalprofilok? <\/b><\/p>\n<p> A karbantart\u00e1s minim\u00e1lis; az alum\u00ednium f\u00fcgg\u00f6nyfalprofilok j\u00f3 \u00e1llapotban tart\u00e1s\u00e1hoz \u00e1ltal\u00e1ban elegend\u0151 a rendszeres tiszt\u00edt\u00e1s enyhe mos\u00f3szerrel \u00e9s v\u00edzzel.<br \/>\n<\/p><br \/>\n<br \/>\n<p><b>8.K\u00f6rnyezetbar\u00e1tok-e az alum\u00ednium f\u00fcgg\u00f6nyfalprofilok? <\/b><\/p>\n<p> Igen, az alum\u00ednium teljes m\u00e9rt\u00e9kben \u00fajrahasznos\u00edthat\u00f3, \u00e9s tart\u00f3ss\u00e1ga cs\u00f6kkenti a gyakori cser\u00e9k sz\u00fcks\u00e9gess\u00e9g\u00e9t, t\u00e1mogatva a fenntarthat\u00f3 \u00e9p\u00edt\u00e9si gyakorlatot.<\/p>\n<p><\/p><br \/><\/p>","protected":false},"featured_media":7237,"template":"","categories":[67],"class_list":["post-7238","product","type-product","status-publish","has-post-thumbnail","hentry","category-architectural-aluminium-profile"],"meta_box":{"hilight_text_group":{"product_hilight_text":"<li>Manufactured from high-quality 6063-T5 aluminum alloy, offering excellent corrosion resistance and surface finish, ideal for architectural and structural applications.<\/li>\r\r\n<li>Lightweight yet strong construction facilitates easy handling and installation without compromising structural integrity.<\/li>\r\r\n<li>Available in various profiles and finishes, including anodized and powder-coated options, to match diverse architectural styles and preferences.<\/li>\r\r\n<li>Customizable lengths and configurations accommodate a wide range of project specifications and design requirements.<\/li>\r\r\n<li>Excellent thermal performance, especially when combined with thermal breaks, enhancing energy efficiency in buildings.<\/li>\r\r\n<li>Provides a clean and professional edge, enhancing the overall appearance of curtain wall installations.<\/li>\r\r\n<li>Environmentally friendly, as aluminum is 100% recyclable, supporting sustainable building practices.<\/li>","product_chanpin_blog":"<ul>\r\r\n<li><a href=\"https:\/\/sinoextrud.com\/t-slot-v-slot-differences\/\" target=\"_blank\">t slot vs v slot<\/a><\/li>\r\r\n<li><a href=\"https:\/\/sinoextrud.com\/what-is-4040-aluminium-extrud\/\" target=\"_blank\">4040 aluminium extrusion<\/a><\/li>\r\r\n<li><a href=\"https:\/\/sinoextrud.com\/what-is-4040-aluminium-extrud\/\" target=\"_blank\">aluminum extrusions for industrial racks<\/a><\/li>\r\r\n<li><a href=\"https:\/\/sinoextrud.com\/powder-coating-aluminium-process\/\" target=\"_blank\">powder coating aluminium<\/a><\/li>\r\r\n<li><a href=\"https:\/\/sinoextrud.com\/what-is-an-aluminium-strip-ceiling\/\" target=\"_blank\">aluminium strip ceiling<\/a><\/li>\r\r\n<li><a href=\"https:\/\/sinoextrud.com\/what-is-a-heat-sink\/\" target=\"_blank\">what is a heat sink<\/a><\/li>\r\r\n<\/ul>","product_chanpin_chanpin":"<li><a href=\"https:\/\/sinoextrud.com\/product\/aluminium-architectural-sections-profiles6063\/\" target=\"_blank\">Aluminium Architectural Sections Profiles6063<\/a><\/li>\r\n<li><a href=\"https:\/\/sinoextrud.com\/product\/aluminium-rail-profile\/\" target=\"_blank\">Aluminium Rail Profile<\/a><\/li>\r\n<li><a href=\"https:\/\/sinoextrud.com\/product\/industrial-aluminum-extrusions-aluminum-profile\/\" target=\"_blank\">Industrial Aluminum Extrusions Aluminum Profile<\/a><\/li>\r\n<li><a href=\"https:\/\/sinoextrud.com\/product\/aluminum-profile-for-kitchen-cabinet-accesory-manufacture-price\/\" target=\"_blank\">Aluminum Profile For Kitchen Cabinet Accesory Manufacture Price<\/a><\/li>\r\n<li><a href=\"https:\/\/sinoextrud.com\/product\/high-quality-aluminium-extrusion-profile-for-curtain-wall\/\" target=\"_blank\">High Quality Aluminium Extrusion Profile for Curtain Wall<\/a><\/li>\r\n<li><a href=\"https:\/\/sinoextrud.com\/product\/oem-precision-cnc-machining-for-aluminum-parts\/\" target=\"_blank\">OEM Precision CNC Machining For Aluminum Parts<\/a><\/li>\r\n<li><a href=\"https:\/\/sinoextrud.com\/product\/60x60-aluminium-extrusion\/\" target=\"_blank\">60\u00c3\u201460 Aluminium Extrusion<\/a><\/li>\r\n<li><a href=\"https:\/\/sinoextrud.com\/product\/extruded-aluminum-trim-shapes\/\" target=\"_blank\">Extruded Aluminum Trim Shapes<\/a><\/li>\r\n<li><a href=\"https:\/\/sinoextrud.com\/product\/cnc-machined-6063-extruded-aluminum-fasteners\/\" target=\"_blank\">CNC Machined 6063 Extruded Aluminum Fasteners<\/a><\/li>\r\n<li><a href=\"https:\/\/sinoextrud.com\/product\/aluminum-extrusion-channel-profiles\/\" target=\"_blank\">Aluminum Extrusion Channel Profiles<\/a><\/li>\r\n<li><a href=\"https:\/\/sinoextrud.com\/product\/aluminum-mill-finish\/\" target=\"_blank\">Aluminum Mill Finish<\/a><\/li>"},"feature_list":[]},"_links":{"self":[{"href":"https:\/\/sinoextrud.com\/hu\/wp-json\/wp\/v2\/product\/7238","targetHints":{"allow":["GET"]}}],"collection":[{"href":"https:\/\/sinoextrud.com\/hu\/wp-json\/wp\/v2\/product"}],"about":[{"href":"https:\/\/sinoextrud.com\/hu\/wp-json\/wp\/v2\/types\/product"}],"wp:featuredmedia":[{"embeddable":true,"href":"https:\/\/sinoextrud.com\/hu\/wp-json\/wp\/v2\/media\/7237"}],"wp:attachment":[{"href":"https:\/\/sinoextrud.com\/hu\/wp-json\/wp\/v2\/media?parent=7238"}],"wp:term":[{"taxonomy":"category","embeddable":true,"href":"https:\/\/sinoextrud.com\/hu\/wp-json\/wp\/v2\/categories?post=7238"}],"curies":[{"name":"wp","href":"https:\/\/api.w.org\/{rel}","templated":true}]}}