{"id":7236,"date":"2025-06-06T02:58:30","date_gmt":"2025-06-06T02:58:30","guid":{"rendered":"https:\/\/sinoextrud.com\/product\/aluminum-profile-for-kitchen-cabinet-accesory-manufacture-price\/"},"modified":"2025-06-24T06:12:18","modified_gmt":"2025-06-24T06:12:18","slug":"aluminium-profil-a-konyhaszekreny-tartozek-gyartasi-ara","status":"publish","type":"product","link":"https:\/\/sinoextrud.com\/hu\/product\/aluminum-profile-for-kitchen-cabinet-accesory-manufacture-price\/","title":{"rendered":"Alum\u00ednium profil a konyhaszekr\u00e9ny tartoz\u00e9kaihoz El\u0151\u00e1ll\u00edt\u00e1si \u00e1r"},"content":{"rendered":"<h2>Term\u00e9kek r\u00e9szletei<\/h2>\n<table class=\"custom-table\">\n<tbody>\n<tr>\n<td> T\u00e9tel:<\/td>\n<td> Alum\u00ednium profil a konyhaszekr\u00e9ny tartoz\u00e9k\u00e1hoz El\u0151\u00e1ll\u00edt\u00e1si \u00e1r<\/td>\n<\/tr>\n<tr>\n<td> St\u00edlus:<\/td>\n<td> Modern<\/td>\n<\/tr>\n<tr>\n<td> Furn\u00e9rfa:<\/td>\n<td> ig\u00e9ny szerint<\/td>\n<\/tr>\n<tr>\n<td> Biztons\u00e1gi besorol\u00e1s:<\/td>\n<td> A<\/td>\n<\/tr>\n<tr>\n<td> Funkci\u00f3:<\/td>\n<td> Biztons\u00e1g, dekor\u00e1ci\u00f3<\/td>\n<\/tr>\n<tr>\n<td> Die Cost:<\/td>\n<td> Vissza fog t\u00e9rni<\/td>\n<\/tr>\n<tr>\n<td> Fel\u00fcletkezel\u00e9s:<\/td>\n<td> Porsz\u00f3rt bevonat, fa szemcs\u00e9s, elox\u00e1lt, malom kivitelben<\/td>\n<\/tr>\n<tr>\n<td> QA:<\/td>\n<td> A min\u0151s\u00e9g nem j\u00f3 visszat\u00e9r\u00edt\u00e9s az \u00d6n sz\u00e1m\u00e1ra<\/td>\n<\/tr>\n<tr>\n<td> Szolg\u00e1ltat\u00e1s:<\/td>\n<td> 24 \u00f3ra az \u00d6n sz\u00e1m\u00e1ra<\/td>\n<\/tr>\n<tr>\n<td> Sz\u00e1ll\u00edt\u00e1si csomag:<\/td>\n<td> Export csomagol\u00e1s<\/td>\n<\/tr>\n<tr>\n<td> Eredet:<\/td>\n<td> K\u00edna<\/td>\n<\/tr>\n<\/tbody>\n<\/table>\n<h2>Gy\u00e1rt\u00f3 b\u00e1zisunk<\/h2>\n<h3>Gy\u00e1ri panor\u00e1ma<\/h3>\n<p><img decoding=\"async\" src=\"\/wp-content\/uploads\/factory-01.webp\"\/><\/p>\n<h3>Alum\u00ednium r\u00fadgy\u00e1rt\u00f3 m\u0171hely<\/h3>\n<p><img decoding=\"async\" src=\"\/wp-content\/uploads\/factory-02.webp\"\/><\/p>\n<p><img decoding=\"async\" src=\"\/wp-content\/uploads\/factory-03.webp\"\/><\/p>\n<h3>Pen\u00e9sz rakt\u00e1r<\/h3>\n<p><img decoding=\"async\" src=\"\/wp-content\/uploads\/factory-04.webp\"\/><\/p>\n<h3>43 alum\u00ednium extrud\u00e1l\u00f3 vonal (500-5500 tonna)<\/h3>\n<p><img decoding=\"async\" src=\"\/wp-content\/uploads\/factory-05.webp\"\/><\/p>\n<p><img decoding=\"async\" src=\"\/wp-content\/uploads\/factory-06.webp\"\/><\/p>\n<p><img decoding=\"async\" src=\"\/wp-content\/uploads\/factory-07.webp\"\/><\/p>\n<h3>Porfest\u0151 m\u0171hely<\/h3>\n<p><img decoding=\"async\" src=\"\/wp-content\/uploads\/factory-09.webp\"\/><\/p>\n<h3>Anodiz\u00e1l\u00f3 m\u0171hely<\/h3>\n<p><img decoding=\"async\" src=\"\/wp-content\/uploads\/factory-10.webp\"\/><\/p>\n<h3>M\u00e9ly feldolgoz\u00e1si m\u0171hely<\/h3>\n<p><img decoding=\"async\" src=\"\/wp-content\/uploads\/factory-11.webp\"\/><\/p>\n<h3>CNC prec\u00edzi\u00f3s megmunk\u00e1l\u00f3 m\u0171hely<\/h3>\n<p><img decoding=\"async\" src=\"\/wp-content\/uploads\/factory-11.5.webp\"\/><\/p>\n<h3>K\u00e9szterm\u00e9k \u00e9s export rakt\u00e1r<\/h3>\n<p><img decoding=\"async\" src=\"\/wp-content\/uploads\/factory-12.webp\"\/><\/p>\n<p><img decoding=\"async\" src=\"\/wp-content\/uploads\/factory-13.webp\"\/><\/p>\n<p><img decoding=\"async\" src=\"\/wp-content\/uploads\/factory-14.webp\"\/><\/p>\n<h2>GYIK<\/h2>\n<p><p><b>1.Milyen anyagokat haszn\u00e1lnak a konyhaszekr\u00e9ny tartoz\u00e9kok alum\u00ednium profiljaiban? <\/b><\/p>\n<p>A konyhaszekr\u00e9ny tartoz\u00e9kok alum\u00edniumprofiljai jellemz\u0151en nagy szil\u00e1rds\u00e1g\u00fa 6063-T5 alum\u00ednium\u00f6tv\u00f6zetb\u0151l k\u00e9sz\u00fclnek, amely tart\u00f3ss\u00e1got \u00e9s korr\u00f3zi\u00f3\u00e1ll\u00f3s\u00e1got biztos\u00edt.<br \/>\n<\/p><br \/>\n<br \/>\n<p><b>2.Testreszabhatom az alum\u00ednium profilt a konyhaszekr\u00e9ny tartoz\u00e9kaihoz? <\/b><\/p>\n<p>Igen, az alum\u00edniumprofilok alakja, m\u00e9rete \u00e9s kivitelez\u00e9se testre szabhat\u00f3, bele\u00e9rtve az olyan lehet\u0151s\u00e9geket, mint az elox\u00e1lt vagy porsz\u00f3rt fel\u00fclet, hogy illeszkedjen a konyha kialak\u00edt\u00e1s\u00e1hoz.<br \/>\n<\/p><br \/>\n<br \/>\n<p><b>3.Az alum\u00ednium profilok k\u00f6nny\u0171ek a konyhaszekr\u00e9ny alkalmaz\u00e1sokhoz? <\/b><\/p>\n<p>Az alum\u00edniumprofilok k\u00f6nny\u0171ek, \u00edgy ide\u00e1lisak a konyhaszekr\u00e9nyekhez, mivel megk\u00f6nny\u00edtik a beszerel\u00e9st \u00e9s cs\u00f6kkentik a szekr\u00e9ny teljes s\u00faly\u00e1t.<br \/>\n<\/p><br \/>\n<br \/>\n<p><b>4.Mi a konyhaszekr\u00e9nyekben haszn\u00e1lt alum\u00edniumprofilok k\u00f6lts\u00e9gtartom\u00e1nya? <\/b><\/p>\n<p>A konyhaszekr\u00e9nyekben haszn\u00e1lt alum\u00edniumprofilok gy\u00e1rt\u00e1si \u00e1ra $0,80-t\u00f3l kezd\u0151dik m\u00e9terenk\u00e9nt, a testreszab\u00e1st\u00f3l \u00e9s a rendel\u00e9si mennyis\u00e9gt\u0151l f\u00fcgg\u0151en.<br \/>\n<\/p><br \/>\n<br \/>\n<p><b>5.Az alum\u00ednium profilok j\u00f3l illeszkednek a szabv\u00e1nyos konyhaszekr\u00e9nyrendszerekhez? <\/b><\/p>\n<p>Igen, az alum\u00ednium profilokat \u00fagy tervezt\u00e9k, hogy kompatibilisek legyenek a szabv\u00e1nyos konyhaszekr\u00e9ny-rendszerekkel, ami n\u00f6veli a tervez\u00e9si rugalmass\u00e1got \u00e9s a funkcionalit\u00e1st.<br \/>\n<\/p><br \/><\/p>","protected":false},"featured_media":7235,"template":"","categories":[67],"class_list":["post-7236","product","type-product","status-publish","has-post-thumbnail","hentry","category-architectural-aluminium-profile"],"meta_box":{"hilight_text_group":{"product_hilight_text":"## Product Highlights:\r\r\n<li>High-strength 6063-T5 aluminum alloy ensures durability and corrosion resistance for kitchen cabinet accessories<\/li>\r\r\n<li>Customizable profiles available in various shapes and finishes, including anodized and powder-coated options<\/li>\r\r\n<li>Lightweight design facilitates easy installation and reduces overall cabinet weight<\/li>\r\r\n<li>Cost-effective manufacturing prices, starting from $0.80 per meter for bulk orders<\/li>\r\r\n<li>Compatible with standard kitchen cabinet systems, enhancing design flexibility and functionality<\/li>","product_chanpin_blog":"<ul>\r\r\n<li><a href=\"https:\/\/sinoextrud.com\/t-slot-v-slot-differences\/\" target=\"_blank\">t slot vs v slot<\/a><\/li>\r\r\n<li><a href=\"https:\/\/sinoextrud.com\/what-is-4040-aluminium-extrud\/\" target=\"_blank\">4040 aluminium extrusion<\/a><\/li>\r\r\n<li><a href=\"https:\/\/sinoextrud.com\/what-is-4040-aluminium-extrud\/\" target=\"_blank\">aluminum extrusions for industrial racks<\/a><\/li>\r\r\n<li><a href=\"https:\/\/sinoextrud.com\/powder-coating-aluminium-process\/\" target=\"_blank\">powder coating aluminium<\/a><\/li>\r\r\n<li><a href=\"https:\/\/sinoextrud.com\/what-is-an-aluminium-strip-ceiling\/\" target=\"_blank\">aluminium strip ceiling<\/a><\/li>\r\r\n<li><a href=\"https:\/\/sinoextrud.com\/what-is-a-heat-sink\/\" target=\"_blank\">what is a heat sink<\/a><\/li>\r\r\n<\/ul>","product_chanpin_chanpin":"<li><a href=\"https:\/\/sinoextrud.com\/product\/6063-t5-extruded-aluminum-t-slot\/\" target=\"_blank\">6063 T5 Extruded Aluminum T Slot<\/a><\/li>\r\n<li><a href=\"https:\/\/sinoextrud.com\/product\/aluminium-architectural-sections-profiles6063\/\" target=\"_blank\">Aluminium Architectural Sections Profiles6063<\/a><\/li>\r\n<li><a href=\"https:\/\/sinoextrud.com\/product\/aluminium-rail-profile\/\" target=\"_blank\">Aluminium Rail Profile<\/a><\/li>\r\n<li><a href=\"https:\/\/sinoextrud.com\/product\/industrial-aluminum-extrusions-aluminum-profile\/\" target=\"_blank\">Industrial Aluminum Extrusions Aluminum Profile<\/a><\/li>\r\n<li><a href=\"https:\/\/sinoextrud.com\/product\/aluminum-profile-for-kitchen-cabinet-accesory-manufacture-price\/\" target=\"_blank\">Aluminum Profile For Kitchen Cabinet Accesory Manufacture Price<\/a><\/li>\r\n<li><a href=\"https:\/\/sinoextrud.com\/product\/high-quality-aluminium-extrusion-profile-for-curtain-wall\/\" target=\"_blank\">High Quality Aluminium Extrusion Profile for Curtain Wall<\/a><\/li>\r\n<li><a href=\"https:\/\/sinoextrud.com\/product\/oem-precision-cnc-machining-for-aluminum-parts\/\" target=\"_blank\">OEM Precision CNC Machining For Aluminum Parts<\/a><\/li>\r\n<li><a href=\"https:\/\/sinoextrud.com\/product\/60x60-aluminium-extrusion\/\" target=\"_blank\">60\u00c3\u201460 Aluminium Extrusion<\/a><\/li>\r\n<li><a href=\"https:\/\/sinoextrud.com\/product\/extruded-aluminum-trim-shapes\/\" target=\"_blank\">Extruded Aluminum Trim Shapes<\/a><\/li>\r\n<li><a href=\"https:\/\/sinoextrud.com\/product\/cnc-bending-aluminum-frame-profile-for-suitcase-luggage\/\" target=\"_blank\">CNC Bending Aluminum Frame Profile For Suitcase Luggage<\/a><\/li>\r\n<li><a href=\"https:\/\/sinoextrud.com\/product\/item-modular-aluminium-profile-system\/\" target=\"_blank\">Item Modular Aluminium Profile System<\/a><\/li>"},"feature_list":[]},"_links":{"self":[{"href":"https:\/\/sinoextrud.com\/hu\/wp-json\/wp\/v2\/product\/7236","targetHints":{"allow":["GET"]}}],"collection":[{"href":"https:\/\/sinoextrud.com\/hu\/wp-json\/wp\/v2\/product"}],"about":[{"href":"https:\/\/sinoextrud.com\/hu\/wp-json\/wp\/v2\/types\/product"}],"wp:featuredmedia":[{"embeddable":true,"href":"https:\/\/sinoextrud.com\/hu\/wp-json\/wp\/v2\/media\/7235"}],"wp:attachment":[{"href":"https:\/\/sinoextrud.com\/hu\/wp-json\/wp\/v2\/media?parent=7236"}],"wp:term":[{"taxonomy":"category","embeddable":true,"href":"https:\/\/sinoextrud.com\/hu\/wp-json\/wp\/v2\/categories?post=7236"}],"curies":[{"name":"wp","href":"https:\/\/api.w.org\/{rel}","templated":true}]}}