{"id":7226,"date":"2025-06-06T02:42:12","date_gmt":"2025-06-06T02:42:12","guid":{"rendered":"https:\/\/sinoextrud.com\/product\/aluminum-glass-frame-extrusion\/"},"modified":"2025-06-24T06:12:17","modified_gmt":"2025-06-24T06:12:17","slug":"aluminium-uvegkeret-extrudalas","status":"publish","type":"product","link":"https:\/\/sinoextrud.com\/hu\/product\/aluminum-glass-frame-extrusion\/","title":{"rendered":"Alum\u00ednium \u00fcvegkeret extrud\u00e1l\u00e1s"},"content":{"rendered":"<h2>Term\u00e9kek r\u00e9szletei<\/h2>\n<table class=\"custom-table\">\n<tbody>\n<tr>\n<td> <\/td>\n<td>Alum\u00ednium \u00fcvegkeret extrud\u00e1l\u00e1s<\/td>\n<\/tr>\n<tr>\n<td>Anyag<\/td>\n<td>6063 vagy 6061<\/td>\n<\/tr>\n<tr>\n<td>Fokozat<\/td>\n<td>6000-es sorozat<\/td>\n<\/tr>\n<tr>\n<td>Fel\u00fcletkezel\u00e9s<\/td>\n<td>Fa szemcs\u00e9k, elox\u00e1lt, porbevonat, elektrofor\u00e9zis, PVDF, homokf\u00favott stb.<\/td>\n<\/tr>\n<tr>\n<td>Haszn\u00e1lat<\/td>\n<td>\u00dcveg ablak \u00e9s ajt\u00f3<\/td>\n<\/tr>\n<tr>\n<td>MOQ<\/td>\n<td>200 kg minden egyes t\u00e9tel eset\u00e9ben<\/td>\n<\/tr>\n<tr>\n<td>Min\u0151s\u00e9gellen\u0151rz\u00e9s<\/td>\n<td>Gy\u00e1ri QC 100% ellen\u0151rz\u00e9s sz\u00e1ll\u00edt\u00e1s el\u0151tt.T\u00e1mogat\u00e1s \u00fcgyf\u00e9lk\u00e9pviseleti ellen\u0151rz\u00e9s sz\u00e1ll\u00edt\u00e1s el\u0151tt.<\/td>\n<\/tr>\n<tr>\n<td>Tan\u00fas\u00edt\u00e1s<\/td>\n<td>ISO9001, ISO4001, CQM, SGS, CE, BV, JIS, AS, NZS, QUALICOAT, QUOLANOD<\/td>\n<\/tr>\n<tr>\n<td>\u00c1tfut\u00e1si id\u0151<\/td>\n<td>Nyitott szersz\u00e1m \u00e9s mintateszt: 12-15 nap<\/td>\n<\/tr>\n<tr>\n<td><\/td>\n<td>T\u00f6meggy\u00e1rt\u00e1s: 25-30 nap<\/td>\n<\/tr>\n<tr>\n<td>Kapacit\u00e1s<\/td>\n<td>3000tonna havonta<\/td>\n<\/tr>\n<tr>\n<td>Csomagol\u00e1s r\u00e9szletei<\/td>\n<td>(1) Bel\u00fcl: m\u0171anyag v\u00e9d\u0151f\u00f3li\u00e1val csomagolva a j\u00f3 fel\u00fclet biztos\u00edt\u00e1sa \u00e9rdek\u00e9ben.<\/td>\n<\/tr>\n<tr>\n<td><\/td>\n<td>(2) K\u00edv\u00fcl: Minden k\u00f6tegben v\u00edz\u00e1ll\u00f3 k\u00e9zm\u0171ves pap\u00edrral csomagolva.<\/td>\n<\/tr>\n<tr>\n<td>Szolg\u00e1ltat\u00e1s<\/td>\n<td>OEM szolg\u00e1ltat\u00e1s avalaible<\/td>\n<\/tr>\n<tr>\n<td>Fizet\u00e9si hat\u00e1rid\u0151<\/td>\n<td>L \/ C T \/ T (30% let\u00e9t), egyenleg a sz\u00e1ll\u00edt\u00e1s el\u0151tt.<\/td>\n<\/tr>\n<tr>\n<td>Sz\u00e1ll\u00edt\u00e1si hat\u00e1rid\u0151<\/td>\n<td>EXW vagy FOB Foshan\/Guangzhou\/Shenzhen<\/td>\n<\/tr>\n<tr>\n<td>Sz\u00e1rmaz\u00e1si hely<\/td>\n<td>Guangdong,K\u00edna<\/td>\n<\/tr>\n<\/tbody>\n<\/table>\n<h2>Gy\u00e1rt\u00f3 b\u00e1zisunk<\/h2>\n<h3>Gy\u00e1ri panor\u00e1ma<\/h3>\n<p><img decoding=\"async\" src=\"\/wp-content\/uploads\/factory-01.webp\"\/><\/p>\n<h3>Alum\u00ednium r\u00fadgy\u00e1rt\u00f3 m\u0171hely<\/h3>\n<p><img decoding=\"async\" src=\"\/wp-content\/uploads\/factory-02.webp\"\/><\/p>\n<p><img decoding=\"async\" src=\"\/wp-content\/uploads\/factory-03.webp\"\/><\/p>\n<h3>Pen\u00e9sz rakt\u00e1r<\/h3>\n<p><img decoding=\"async\" src=\"\/wp-content\/uploads\/factory-04.webp\"\/><\/p>\n<h3>43 alum\u00ednium extrud\u00e1l\u00f3 vonal (500-5500 tonna)<\/h3>\n<p><img decoding=\"async\" src=\"\/wp-content\/uploads\/factory-05.webp\"\/><\/p>\n<p><img decoding=\"async\" src=\"\/wp-content\/uploads\/factory-06.webp\"\/><\/p>\n<p><img decoding=\"async\" src=\"\/wp-content\/uploads\/factory-07.webp\"\/><\/p>\n<h3>Porfest\u0151 m\u0171hely<\/h3>\n<p><img decoding=\"async\" src=\"\/wp-content\/uploads\/factory-09.webp\"\/><\/p>\n<h3>Anodiz\u00e1l\u00f3 m\u0171hely<\/h3>\n<p><img decoding=\"async\" src=\"\/wp-content\/uploads\/factory-10.webp\"\/><\/p>\n<h3>M\u00e9ly feldolgoz\u00e1si m\u0171hely<\/h3>\n<p><img decoding=\"async\" src=\"\/wp-content\/uploads\/factory-11.webp\"\/><\/p>\n<h3>CNC prec\u00edzi\u00f3s megmunk\u00e1l\u00f3 m\u0171hely<\/h3>\n<p><img decoding=\"async\" src=\"\/wp-content\/uploads\/factory-11.5.webp\"\/><\/p>\n<h3>K\u00e9szterm\u00e9k \u00e9s export rakt\u00e1r<\/h3>\n<p><img decoding=\"async\" src=\"\/wp-content\/uploads\/factory-12.webp\"\/><\/p>\n<p><img decoding=\"async\" src=\"\/wp-content\/uploads\/factory-13.webp\"\/><\/p>\n<p><img decoding=\"async\" src=\"\/wp-content\/uploads\/factory-14.webp\"\/><\/p>\n<h2>GYIK<\/h2>\n<p><p><b>1.Mi az alum\u00ednium \u00fcvegkeret extrud\u00e1l\u00e1s? <\/b><\/p>\n<p> Az alum\u00ednium \u00fcvegkeret extrud\u00e1lt alum\u00edniumb\u00f3l k\u00e9sz\u00fclt szerkezeti elem, amelyet arra terveztek, hogy k\u00fcl\u00f6nb\u00f6z\u0151 alkalmaz\u00e1sokban, p\u00e9ld\u00e1ul ablakokban, ajt\u00f3kban \u00e9s v\u00e1laszfalakban megtartsa \u00e9s megtartsa az \u00fcvegt\u00e1bl\u00e1kat.<br \/>\n<\/p><br \/>\n<br \/>\n<p><b>2.Mi\u00e9rt v\u00e1lassza az alum\u00edniumot az \u00fcvegkeret extrud\u00e1l\u00e1s\u00e1hoz? <\/b><\/p>\n<p> Az alum\u00ednium nagy szil\u00e1rds\u00e1g\/t\u00f6meg ar\u00e1nyt, korr\u00f3zi\u00f3\u00e1ll\u00f3s\u00e1got \u00e9s sokoldal\u00fas\u00e1got k\u00edn\u00e1l, \u00edgy ide\u00e1lis anyag a tart\u00f3s \u00e9s eszt\u00e9tikus \u00fcvegkeretek extrud\u00e1l\u00e1s\u00e1hoz.<br \/>\n<\/p><br \/>\n<br \/>\n<p><b>3.Can alum\u00ednium \u00fcvegkeret extrud\u00e1l\u00e1sok testreszabhat\u00f3? <\/b><\/p>\n<p> Igen, alakjuk, m\u00e9ret\u00fck \u00e9s kivitel\u00fck testre szabhat\u00f3, hogy megfeleljenek a k\u00fcl\u00f6nleges tervez\u00e9si \u00e9s funkcion\u00e1lis k\u00f6vetelm\u00e9nyeknek.<br \/>\n<\/p><br \/>\n<br \/>\n<p><b>4.Milyen fel\u00fcletek \u00e1llnak rendelkez\u00e9sre az alum\u00ednium \u00fcvegkeret extrud\u00e1l\u00e1sokhoz? <\/b><\/p>\n<p> A gyakori kivitelek k\u00f6z\u00e9 tartozik az elox\u00e1l\u00e1s \u00e9s a porbevonat, amelyek fokozz\u00e1k a korr\u00f3zi\u00f3\u00e1ll\u00f3s\u00e1got, \u00e9s k\u00fcl\u00f6nb\u00f6z\u0151 sz\u00ednv\u00e1laszt\u00e9kokat tesznek lehet\u0151v\u00e9 a design eszt\u00e9tik\u00e1j\u00e1nak megfelel\u0151en.<br \/>\n<\/p><br \/>\n<br \/>\n<p><b>5.Alkalmasak-e az alum\u00ednium \u00fcvegkeret extrud\u00e1l\u00e1sok k\u00fclt\u00e9ri haszn\u00e1latra? <\/b><\/p>\n<p> Korr\u00f3zi\u00f3\u00e1ll\u00f3 tulajdons\u00e1gaiknak k\u00f6sz\u00f6nhet\u0151en ide\u00e1lisak k\u00fclt\u00e9ri alkalmaz\u00e1sokhoz, mivel roml\u00e1s n\u00e9lk\u00fcl ellen\u00e1llnak a k\u00fcl\u00f6nb\u00f6z\u0151 id\u0151j\u00e1r\u00e1si k\u00f6r\u00fclm\u00e9nyeknek.<br \/>\n<\/p><br \/>\n<br \/>\n<p><b>6.Hogyan j\u00e1rulnak hozz\u00e1 az alum\u00ednium \u00fcvegkeret extrud\u00e1l\u00e1sok az energiahat\u00e9konys\u00e1ghoz? <\/b><\/p>\n<p> H\u0151szigetel\u0151 elemekkel \u00e9s megfelel\u0151 \u00fcvegez\u00e9ssel kombin\u00e1lva az alum\u00ednium \u00fcvegkeret extrud\u00e1l\u00e1s cs\u00f6kkenti a h\u0151\u00e1tad\u00e1st, jav\u00edtva az \u00e9p\u00fclet \u00e1ltal\u00e1nos energiahat\u00e9konys\u00e1g\u00e1t.<br \/>\n<\/p><br \/>\n<br \/>\n<p><b>7.Milyen karbantart\u00e1s sz\u00fcks\u00e9ges az alum\u00ednium \u00fcvegkeret extrud\u00e1l\u00e1sokhoz? <\/b><\/p>\n<p> A karbantart\u00e1s minim\u00e1lis; a rendszeres tiszt\u00edt\u00e1s enyhe tiszt\u00edt\u00f3szerrel \u00e9s v\u00edzzel \u00e1ltal\u00e1ban elegend\u0151 az alum\u00ednium \u00fcvegkeret extrud\u00e1l\u00e1s\u00e1nak j\u00f3 \u00e1llapotban tart\u00e1s\u00e1hoz.<br \/>\n<\/p><br \/>\n<br \/>\n<p><b>8.Az alum\u00ednium \u00fcvegkeret extrud\u00e1l\u00e1sok k\u00f6rnyezetbar\u00e1tok? <\/b><\/p>\n<p> Igen, az alum\u00ednium teljes m\u00e9rt\u00e9kben \u00fajrahasznos\u00edthat\u00f3, \u00e9s tart\u00f3ss\u00e1ga cs\u00f6kkenti a gyakori cser\u00e9k sz\u00fcks\u00e9gess\u00e9g\u00e9t, t\u00e1mogatva a fenntarthat\u00f3 \u00e9p\u00edt\u00e9si gyakorlatokat.<\/p>\n<p><\/p><br \/><\/p>","protected":false},"featured_media":7225,"template":"","categories":[67],"class_list":["post-7226","product","type-product","status-publish","has-post-thumbnail","hentry","category-architectural-aluminium-profile"],"meta_box":{"hilight_text_group":{"product_hilight_text":"<li>Manufactured from high-quality 6063-T5 aluminum alloy, offering excellent corrosion resistance and surface finish, ideal for architectural and structural applications.<\/li>\r\r\n<li>Lightweight yet strong construction facilitates easy handling and installation without compromising structural integrity.<\/li>\r\r\n<li>Available in various profiles and finishes, including anodized and powder-coated options, to match diverse design aesthetics and requirements.<\/li>\r\r\n<li>Customizable lengths and configurations accommodate a wide range of glass thicknesses and project specifications.<\/li>\r\r\n<li>Excellent thermal performance, especially when combined with thermal breaks, enhancing energy efficiency in buildings.<\/li>\r\r\n<li>Provides a clean and professional edge, enhancing the overall appearance of glass installations.<\/li>\r\r\n<li>Environmentally friendly, as aluminum is 100% recyclable, supporting sustainable building practices.<\/li>","product_chanpin_blog":"<ul>\r\r\n<li><a href=\"https:\/\/sinoextrud.com\/t-slot-v-slot-differences\/\" target=\"_blank\">t slot vs v slot<\/a><\/li>\r\r\n<li><a href=\"https:\/\/sinoextrud.com\/what-is-4040-aluminium-extrud\/\" target=\"_blank\">4040 aluminium extrusion<\/a><\/li>\r\r\n<li><a href=\"https:\/\/sinoextrud.com\/what-is-4040-aluminium-extrud\/\" target=\"_blank\">aluminum extrusions for industrial racks<\/a><\/li>\r\r\n<li><a href=\"https:\/\/sinoextrud.com\/powder-coating-aluminium-process\/\" target=\"_blank\">powder coating aluminium<\/a><\/li>\r\r\n<li><a href=\"https:\/\/sinoextrud.com\/what-is-an-aluminium-strip-ceiling\/\" target=\"_blank\">aluminium strip ceiling<\/a><\/li>\r\r\n<li><a href=\"https:\/\/sinoextrud.com\/what-is-a-heat-sink\/\" target=\"_blank\">what is a heat sink<\/a><\/li>\r\r\n<\/ul>","product_chanpin_chanpin":"<li><a href=\"https:\/\/sinoextrud.com\/product\/aluminum-extrusion-framing-systems\/\" target=\"_blank\">Aluminum Extrusion Framing Systems<\/a><\/li>\r\n<li><a href=\"https:\/\/sinoextrud.com\/product\/aluminium-door-frame-extrusions\/\" target=\"_blank\">Aluminium Door Frame Extrusions<\/a><\/li>\r\n<li><a href=\"https:\/\/sinoextrud.com\/product\/aluminium-fence-slats-aluminum-strips-aluminium-bean-and-aluminium-channel\/\" target=\"_blank\">Aluminium Fence Slats Aluminum Strips Aluminium Bean and Aluminium Channel<\/a><\/li>\r\n<li><a href=\"https:\/\/sinoextrud.com\/product\/aluminium-sliding-door-with-french-style-bi-folding-glass-wall-door-energy-saving-heat-insulation\/\" target=\"_blank\">Aluminium Sliding Door With French Style Bi-folding Glass Wall Door Energy Saving Heat Insulation<\/a><\/li>\r\n<li><a href=\"https:\/\/sinoextrud.com\/product\/aluminum-glass-frame-extrusion\/\" target=\"_blank\">Aluminum Glass Frame Extrusion<\/a><\/li>\r\n<li><a href=\"https:\/\/sinoextrud.com\/product\/6063-t5-extruded-aluminum-t-slot\/\" target=\"_blank\">6063 T5 Extruded Aluminum T Slot<\/a><\/li>\r\n<li><a href=\"https:\/\/sinoextrud.com\/product\/aluminium-architectural-sections-profiles6063\/\" target=\"_blank\">Aluminium Architectural Sections Profiles6063<\/a><\/li>\r\n<li><a href=\"https:\/\/sinoextrud.com\/product\/aluminium-rail-profile\/\" target=\"_blank\">Aluminium Rail Profile<\/a><\/li>\r\n<li><a href=\"https:\/\/sinoextrud.com\/product\/industrial-aluminum-extrusions-aluminum-profile\/\" target=\"_blank\">Industrial Aluminum Extrusions Aluminum Profile<\/a><\/li>\r\n<li><a href=\"https:\/\/sinoextrud.com\/product\/anodized-aluminium-industrial-profile-aluminum-extrusion\/\" target=\"_blank\">Anodized Aluminium Industrial Profile & Aluminum Extrusion<\/a><\/li>\r\n<li><a href=\"https:\/\/sinoextrud.com\/product\/industrial-customized-6063-t5-alloy-aluminium-extrusion-profile\/\" target=\"_blank\">Industrial Customized 6063-T5 Alloy Aluminium Extrusion Profile<\/a><\/li>"},"feature_list":[]},"_links":{"self":[{"href":"https:\/\/sinoextrud.com\/hu\/wp-json\/wp\/v2\/product\/7226","targetHints":{"allow":["GET"]}}],"collection":[{"href":"https:\/\/sinoextrud.com\/hu\/wp-json\/wp\/v2\/product"}],"about":[{"href":"https:\/\/sinoextrud.com\/hu\/wp-json\/wp\/v2\/types\/product"}],"wp:featuredmedia":[{"embeddable":true,"href":"https:\/\/sinoextrud.com\/hu\/wp-json\/wp\/v2\/media\/7225"}],"wp:attachment":[{"href":"https:\/\/sinoextrud.com\/hu\/wp-json\/wp\/v2\/media?parent=7226"}],"wp:term":[{"taxonomy":"category","embeddable":true,"href":"https:\/\/sinoextrud.com\/hu\/wp-json\/wp\/v2\/categories?post=7226"}],"curies":[{"name":"wp","href":"https:\/\/api.w.org\/{rel}","templated":true}]}}