{"id":7224,"date":"2025-06-06T02:40:19","date_gmt":"2025-06-06T02:40:19","guid":{"rendered":"https:\/\/sinoextrud.com\/product\/aluminium-sliding-door-with-french-style-bi-folding-glass-wall-door-energy-saving-heat-insulation\/"},"modified":"2025-06-24T06:12:17","modified_gmt":"2025-06-24T06:12:17","slug":"aluminium-toloajto-francia-stilusu-bi-osszehajthato-uvegfalu-ajto-energiatakarekos-hoszigetelessel","status":"publish","type":"product","link":"https:\/\/sinoextrud.com\/hu\/product\/aluminium-sliding-door-with-french-style-bi-folding-glass-wall-door-energy-saving-heat-insulation\/","title":{"rendered":"Alum\u00ednium tol\u00f3ajt\u00f3 francia st\u00edlus\u00fa k\u00e9tr\u00e9teg\u0171 \u00fcvegfal\u00fa ajt\u00f3val energiatakar\u00e9kos h\u0151szigetel\u00e9ssel"},"content":{"rendered":"<h2>Term\u00e9kek r\u00e9szletei<\/h2>\n<table class=\"custom-table\">\n<tbody>\n<tr>\n<td> T\u00e9tel<\/td>\n<td> Alum\u00ednium tol\u00f3ajt\u00f3 francia st\u00edlus\u00fa k\u00e9tr\u00e9teg\u0171 \u00fcvegfal\u00fa ajt\u00f3val energiatakar\u00e9kos h\u0151szigetel\u00e9ssel<\/td>\n<\/tr>\n<tr>\n<td> Temper<\/td>\n<td> T5-T8<\/td>\n<\/tr>\n<tr>\n<td> Folyamat\u00e1raml\u00e1s<\/td>\n<td> Formafejleszt\u00e9s-Alum\u00ednium tusk\u00f3k-felmeleg\u00edt\u00e9s-form\u00e1z\u00e1s nyers alum\u00edniummal-fel\u00fcletkezel\u00e9s \u00e9s sz\u00ednez\u00e9s<\/td>\n<\/tr>\n<tr>\n<td> Jellemz\u0151<\/td>\n<td> 1. tiszta \u00e9s sz\u00e9p finom vonalak a fel\u00fcleten.<br \/>\n2. Nemzeti szabv\u00e1nyos alum\u00ednium tusk\u00f3kat fogadnak el.<br \/>\n3. Az egyenletes elox\u00e1l\u00e1si folyamatunkkal, amelyet a fel\u00fclet v\u00e9delm\u00e9re fogadunk el.<br \/>\n4. Kis rendel\u00e9s elfogadhat\u00f3.<br \/>\n5. Egyedi extrud\u00e1l\u00e1s az \u00d6n rajz\u00e1nak megfelel\u0151en.<\/td>\n<\/tr>\n<tr>\n<td> Alkalmaz\u00e1s<\/td>\n<td> Ipari, \u00e9p\u00edt\u0151ipar<\/td>\n<\/tr>\n<tr>\n<td> Shape<\/td>\n<td> Testreszab\u00e1s, Solided<\/td>\n<\/tr>\n<tr>\n<td> Fel\u00fcletkezel\u00e9s<\/td>\n<td> Fr\u00f6ccs\u00f6nt\u00f6tt, elox\u00e1lt, Power bevonat, homokf\u00fav\u00e1s, elektrofor\u00e9zis, csiszol\u00e1s, pol\u00edroz\u00e1s,<\/td>\n<\/tr>\n<tr>\n<td> Sz\u00ednes<\/td>\n<td> Ez\u00fcst, fekete, arany, pezsg\u0151, bronz, piros, k\u00e9k;<br \/>\na sz\u00edneket az \u00fcgyfelek mint\u00e1i alapj\u00e1n testreszabhatjuk<\/td>\n<\/tr>\n<tr>\n<td> M\u00e9lyrehat\u00f3 feldolgoz\u00e1s<\/td>\n<td> V\u00e1g\u00e1s, f\u00far\u00e1s, megmunk\u00e1l\u00e1s, lyukaszt\u00e1s, hajl\u00edt\u00e1s, csapol\u00e1s stb.<\/td>\n<\/tr>\n<tr>\n<td> Garancia<\/td>\n<td> ISO: 9001, SONCAP , BV tan\u00fas\u00edtv\u00e1ny, TUV, SGS vagy \u00fcgyfelek tan\u00fas\u00edtv\u00e1nya \u00e1ll rendelkez\u00e9sre<\/td>\n<\/tr>\n<tr>\n<td> MOQ<\/td>\n<td> 200KG<\/td>\n<\/tr>\n<tr>\n<td> Sz\u00e1ll\u00edt\u00e1si id\u0151<\/td>\n<td> A szersz\u00e1mok fejleszt\u00e9se \u00e9s a minta kialak\u00edt\u00e1sa 12-15 nap, majd a gy\u00e1rt\u00e1s id\u0151tartama 15-25 nap a vev\u0151 let\u00e9tbe helyez\u00e9se ut\u00e1n.<\/td>\n<\/tr>\n<tr>\n<td> Ingyenes minta<\/td>\n<td> 1-3 nap alatt k\u00fcldhet\u0151<\/td>\n<\/tr>\n<\/tbody>\n<\/table>\n<h2>Gy\u00e1rt\u00f3 b\u00e1zisunk<\/h2>\n<h3>Gy\u00e1ri panor\u00e1ma<\/h3>\n<p><img decoding=\"async\" src=\"\/wp-content\/uploads\/factory-01.webp\"\/><\/p>\n<h3>Alum\u00ednium r\u00fadgy\u00e1rt\u00f3 m\u0171hely<\/h3>\n<p><img decoding=\"async\" src=\"\/wp-content\/uploads\/factory-02.webp\"\/><\/p>\n<p><img decoding=\"async\" src=\"\/wp-content\/uploads\/factory-03.webp\"\/><\/p>\n<h3>Pen\u00e9sz rakt\u00e1r<\/h3>\n<p><img decoding=\"async\" src=\"\/wp-content\/uploads\/factory-04.webp\"\/><\/p>\n<h3>43 alum\u00ednium extrud\u00e1l\u00f3 vonal (500-5500 tonna)<\/h3>\n<p><img decoding=\"async\" src=\"\/wp-content\/uploads\/factory-05.webp\"\/><\/p>\n<p><img decoding=\"async\" src=\"\/wp-content\/uploads\/factory-06.webp\"\/><\/p>\n<p><img decoding=\"async\" src=\"\/wp-content\/uploads\/factory-07.webp\"\/><\/p>\n<h3>Porfest\u0151 m\u0171hely<\/h3>\n<p><img decoding=\"async\" src=\"\/wp-content\/uploads\/factory-09.webp\"\/><\/p>\n<h3>Anodiz\u00e1l\u00f3 m\u0171hely<\/h3>\n<p><img decoding=\"async\" src=\"\/wp-content\/uploads\/factory-10.webp\"\/><\/p>\n<h3>M\u00e9ly feldolgoz\u00e1si m\u0171hely<\/h3>\n<p><img decoding=\"async\" src=\"\/wp-content\/uploads\/factory-11.webp\"\/><\/p>\n<h3>CNC prec\u00edzi\u00f3s megmunk\u00e1l\u00f3 m\u0171hely<\/h3>\n<p><img decoding=\"async\" src=\"\/wp-content\/uploads\/factory-11.5.webp\"\/><\/p>\n<h3>K\u00e9szterm\u00e9k \u00e9s export rakt\u00e1r<\/h3>\n<p><img decoding=\"async\" src=\"\/wp-content\/uploads\/factory-12.webp\"\/><\/p>\n<p><img decoding=\"async\" src=\"\/wp-content\/uploads\/factory-13.webp\"\/><\/p>\n<p><img decoding=\"async\" src=\"\/wp-content\/uploads\/factory-14.webp\"\/><\/p>\n<h2>GYIK<\/h2>\n<p><p><b>1.Mi az az alum\u00ednium tol\u00f3ajt\u00f3 francia st\u00edlus\u00fa, k\u00e9tszeresen \u00f6sszecsukhat\u00f3 \u00fcvegfallal? <\/b><\/p>\n<p> Ez egy hibrid ajt\u00f3rendszer, amely a tol\u00f3ajt\u00f3k helytakar\u00e9kos el\u0151nyeit a francia st\u00edlus\u00fa, k\u00e9tszeresen \u00f6sszecsukhat\u00f3 \u00fcvegpanelek klasszikus eszt\u00e9tik\u00e1j\u00e1val \u00f6tv\u00f6zi, sz\u00e9les ny\u00edl\u00e1sokat \u00e9s akad\u00e1lytalan kil\u00e1t\u00e1st biztos\u00edtva.<br \/>\n<\/p><br \/>\n<br \/>\n<p><b>2.Hogyan n\u00f6veli a h\u0151szigetel\u0151 technol\u00f3gia az energiahat\u00e9konys\u00e1got? <\/b><\/p>\n<p> A h\u0151szigetel\u0151 technol\u00f3gia sor\u00e1n a bels\u0151 \u00e9s k\u00fcls\u0151 alum\u00edniumkeretek k\u00f6z\u00e9 nem vezet\u0151 anyagot helyeznek, ami jelent\u0151sen cs\u00f6kkenti a h\u0151\u00e1tad\u00e1st \u00e9s jav\u00edtja a szigetel\u00e9st.<br \/>\n<\/p><br \/>\n<br \/>\n<p><b>3.Milyen \u00fcvegez\u00e9si lehet\u0151s\u00e9gek \u00e1llnak rendelkez\u00e9sre ezekhez az ajt\u00f3khoz? <\/b><\/p>\n<p> A rendelkez\u00e9sre \u00e1ll\u00f3 \u00fcvegez\u00e9si lehet\u0151s\u00e9gek k\u00f6z\u00e9 tartozik a kett\u0151s \u00e9s h\u00e1rmas \u00fcvegez\u00e9s Low-E bevonattal \u00e9s argong\u00e1zzal t\u00f6lt\u00f6tt \u00fcvegez\u00e9s, amely jav\u00edtja a h\u0151szigetel\u00e9st \u00e9s cs\u00f6kkenti az energiafogyaszt\u00e1st.<br \/>\n<\/p><br \/>\n<br \/>\n<p><b>4.Az ajt\u00f3keretek testre szabhat\u00f3k, hogy illeszkedjenek az otthonom kialak\u00edt\u00e1s\u00e1hoz? <\/b><\/p>\n<p> Igen, az alum\u00edniumkeretek k\u00fcl\u00f6nb\u00f6z\u0151 RAL-sz\u00ednekben \u00e9s -fel\u00fcletekben, bele\u00e9rtve a fad\u00edszes hat\u00e1st is, testre szabhat\u00f3k, hogy kieg\u00e9sz\u00edts\u00e9k a k\u00fcl\u00f6nb\u00f6z\u0151 \u00e9p\u00edt\u00e9szeti st\u00edlusokat.<br \/>\n<\/p><br \/>\n<br \/>\n<p><b>5.Alkalmasak ezek az ajt\u00f3k sz\u00e9ls\u0151s\u00e9ges id\u0151j\u00e1r\u00e1si k\u00f6r\u00fclm\u00e9nyekre? <\/b><\/p>\n<p> A h\u0151szigetel\u0151 technol\u00f3gia \u00e9s a kiv\u00e1l\u00f3 min\u0151s\u00e9g\u0171 \u00fcvegez\u00e9s kombin\u00e1ci\u00f3ja kiv\u00e1l\u00f3 teljes\u00edtm\u00e9nyt biztos\u00edt hideg \u00e9s meleg \u00e9ghajlaton egyar\u00e1nt, fenntartva a belt\u00e9ri komfortot eg\u00e9sz \u00e9vben.<br \/>\n<\/p><br \/>\n<br \/>\n<p><b>6.Milyen karbantart\u00e1st ig\u00e9nyel az alum\u00ednium k\u00e9tsz\u00e1rny\u00fa tol\u00f3ajt\u00f3? <\/b><\/p>\n<p> Ezek az ajt\u00f3k minim\u00e1lis karbantart\u00e1st ig\u00e9nyelnek; az \u00fcveg \u00e9s a keretek rendszeres tiszt\u00edt\u00e1sa enyhe tiszt\u00edt\u00f3szerrel \u00e9s a mozg\u00f3 alkatr\u00e9szek rendszeres ken\u00e9se biztos\u00edtja az optim\u00e1lis teljes\u00edtm\u00e9nyt.<br \/>\n<\/p><br \/>\n<br \/>\n<p><b>7.Mennyire biztons\u00e1gosak az alum\u00ednium tol\u00f3ajt\u00f3k? <\/b><\/p>\n<p> T\u00f6bbpontos z\u00e1rrendszerrel \u00e9s edzett biztons\u00e1gi \u00fcveggel vannak felszerelve, amelyek magas szint\u0171 biztons\u00e1got ny\u00fajtanak az er\u0151szakos behatol\u00e1s ellen.<br \/>\n<\/p><br \/>\n<br \/>\n<p><b>8.K\u00f6rnyezetbar\u00e1tok-e az alum\u00ednium tol\u00f3ajt\u00f3k? <\/b><\/p>\n<p> Igen, az alum\u00ednium egy fenntarthat\u00f3 anyag, amely 100% min\u0151s\u00e9groml\u00e1s n\u00e9lk\u00fcl \u00fajrahasznos\u00edthat\u00f3, \u00edgy ezek az ajt\u00f3k k\u00f6rnyezetbar\u00e1t v\u00e1laszt\u00e1s a modern \u00e9p\u00edtkez\u00e9sekhez.<\/p>\n<p><\/p><br \/><\/p>","protected":false},"featured_media":7223,"template":"","categories":[67],"class_list":["post-7224","product","type-product","status-publish","has-post-thumbnail","hentry","category-architectural-aluminium-profile"],"meta_box":{"hilight_text_group":{"product_hilight_text":"<li>Combines the elegance of French-style bi-folding glass doors with the functionality of sliding systems, offering a seamless transition between indoor and outdoor spaces.<\/li>\r\r\n<li>Constructed from high-quality aluminum with thermal break technology, ensuring superior heat insulation and energy efficiency.<\/li>\r\r\n<li>Equipped with double or triple glazing options, including Low-E coatings and argon gas filling, to enhance thermal performance and reduce energy costs.<\/li>\r\r\n<li>Features a slimline frame design that maximizes natural light intake while maintaining structural integrity and security.<\/li>\r\r\n<li>Offers customizable configurations and finishes, including a variety of RAL colors and woodgrain effects, to match diverse architectural styles.<\/li>\r\r\n<li>Incorporates high-quality hardware systems for smooth and effortless operation, ensuring long-term durability and user satisfaction.<\/li>\r\r\n<li>Environmentally friendly choice, as aluminum is 100% recyclable, supporting sustainable building practices.<\/li>","product_chanpin_blog":"<ul>\r\r\n<li><a href=\"https:\/\/sinoextrud.com\/t-slot-v-slot-differences\/\" target=\"_blank\">t slot vs v slot<\/a><\/li>\r\r\n<li><a href=\"https:\/\/sinoextrud.com\/what-is-4040-aluminium-extrud\/\" target=\"_blank\">4040 aluminium extrusion<\/a><\/li>\r\r\n<li><a href=\"https:\/\/sinoextrud.com\/what-is-4040-aluminium-extrud\/\" target=\"_blank\">aluminum extrusions for industrial racks<\/a><\/li>\r\r\n<li><a href=\"https:\/\/sinoextrud.com\/powder-coating-aluminium-process\/\" target=\"_blank\">powder coating aluminium<\/a><\/li>\r\r\n<li><a href=\"https:\/\/sinoextrud.com\/what-is-an-aluminium-strip-ceiling\/\" target=\"_blank\">aluminium strip ceiling<\/a><\/li>\r\r\n<li><a href=\"https:\/\/sinoextrud.com\/what-is-a-heat-sink\/\" target=\"_blank\">what is a heat sink<\/a><\/li>\r\r\n<\/ul>","product_chanpin_chanpin":"<li><a href=\"https:\/\/sinoextrud.com\/product\/12-to-20-mm-glass-aluminum-glass-railing-price-per-foot\/\" target=\"_blank\">12 To 20 MM Glass Aluminum Glass Railing Price Per Foot<\/a><\/li>\r\n<li><a href=\"https:\/\/sinoextrud.com\/product\/aluminum-extrusion-framing-systems\/\" target=\"_blank\">Aluminum Extrusion Framing Systems<\/a><\/li>\r\n<li><a href=\"https:\/\/sinoextrud.com\/product\/aluminium-door-frame-extrusions\/\" target=\"_blank\">Aluminium Door Frame Extrusions<\/a><\/li>\r\n<li><a href=\"https:\/\/sinoextrud.com\/product\/aluminium-fence-slats-aluminum-strips-aluminium-bean-and-aluminium-channel\/\" target=\"_blank\">Aluminium Fence Slats Aluminum Strips Aluminium Bean and Aluminium Channel<\/a><\/li>\r\n<li><a href=\"https:\/\/sinoextrud.com\/product\/aluminium-sliding-door-with-french-style-bi-folding-glass-wall-door-energy-saving-heat-insulation\/\" target=\"_blank\">Aluminium Sliding Door With French Style Bi-folding Glass Wall Door Energy Saving Heat Insulation<\/a><\/li>\r\n<li><a href=\"https:\/\/sinoextrud.com\/product\/aluminum-glass-frame-extrusion\/\" target=\"_blank\">Aluminum Glass Frame Extrusion<\/a><\/li>\r\n<li><a href=\"https:\/\/sinoextrud.com\/product\/6063-t5-extruded-aluminum-t-slot\/\" target=\"_blank\">6063 T5 Extruded Aluminum T Slot<\/a><\/li>\r\n<li><a href=\"https:\/\/sinoextrud.com\/product\/aluminium-architectural-sections-profiles6063\/\" target=\"_blank\">Aluminium Architectural Sections Profiles6063<\/a><\/li>\r\n<li><a href=\"https:\/\/sinoextrud.com\/product\/aluminium-rail-profile\/\" target=\"_blank\">Aluminium Rail Profile<\/a><\/li>\r\n<li><a href=\"https:\/\/sinoextrud.com\/product\/extruded-aluminium-electronics-enclosures\/\" target=\"_blank\">Extruded aluminium electronics enclosures<\/a><\/li>\r\n<li><a href=\"https:\/\/sinoextrud.com\/product\/aluminium-door-window-fittings\/\" target=\"_blank\">Aluminium Door Window Fittings<\/a><\/li>"},"feature_list":[]},"_links":{"self":[{"href":"https:\/\/sinoextrud.com\/hu\/wp-json\/wp\/v2\/product\/7224","targetHints":{"allow":["GET"]}}],"collection":[{"href":"https:\/\/sinoextrud.com\/hu\/wp-json\/wp\/v2\/product"}],"about":[{"href":"https:\/\/sinoextrud.com\/hu\/wp-json\/wp\/v2\/types\/product"}],"wp:featuredmedia":[{"embeddable":true,"href":"https:\/\/sinoextrud.com\/hu\/wp-json\/wp\/v2\/media\/7223"}],"wp:attachment":[{"href":"https:\/\/sinoextrud.com\/hu\/wp-json\/wp\/v2\/media?parent=7224"}],"wp:term":[{"taxonomy":"category","embeddable":true,"href":"https:\/\/sinoextrud.com\/hu\/wp-json\/wp\/v2\/categories?post=7224"}],"curies":[{"name":"wp","href":"https:\/\/api.w.org\/{rel}","templated":true}]}}