{"id":7218,"date":"2025-06-06T02:26:35","date_gmt":"2025-06-06T02:26:35","guid":{"rendered":"https:\/\/sinoextrud.com\/product\/aluminum-extrusion-framing-systems\/"},"modified":"2025-06-24T06:12:15","modified_gmt":"2025-06-24T06:12:15","slug":"aluminium-extrudalt-keretrendszerek","status":"publish","type":"product","link":"https:\/\/sinoextrud.com\/hu\/product\/aluminum-extrusion-framing-systems\/","title":{"rendered":"Alum\u00ednium extrud\u00e1lt keretrendszerek"},"content":{"rendered":"<h2>Term\u00e9kek r\u00e9szletei<\/h2>\n<table class=\"custom-table\">\n<tbody>\n<tr>\n<td> Anyag:<\/td>\n<td> 6063-as \u00f6tv\u00f6zet<\/td>\n<\/tr>\n<tr>\n<td> Specifik\u00e1ci\u00f3k:<\/td>\n<td> az als\u00f3 sz\u00e9less\u00e9g 25-150mm, az oldals\u00f3 magass\u00e1g 30-300mm<\/td>\n<\/tr>\n<tr>\n<td> Vastags\u00e1g:<\/td>\n<td> 0.8-110mm<\/td>\n<\/tr>\n<tr>\n<td> Hossz\u00fas\u00e1g:<\/td>\n<td> 3-6 m\u00e9ter<\/td>\n<\/tr>\n<tr>\n<td> Folyamat:<\/td>\n<td> extrud\u00e1l\u00e1s<\/td>\n<\/tr>\n<tr>\n<td> Bevonat:<\/td>\n<td> csiszolt arany<\/td>\n<\/tr>\n<tr>\n<td> Sz\u00edn:<\/td>\n<td> Arany, ez\u00fcst, fa mint\u00e1zat,<\/td>\n<\/tr>\n<tr>\n<td> Feldolgoz\u00e1si technol\u00f3gia:<\/td>\n<td> profil extrud\u00e1l\u00e1s<\/td>\n<\/tr>\n<tr>\n<td> Telep\u00edt\u00e9si m\u00f3dszer:<\/td>\n<td> r\u00f6gz\u00edtett speci\u00e1lis tartoz\u00e9kok<\/td>\n<\/tr>\n<\/tbody>\n<\/table>\n<h2>Gy\u00e1rt\u00f3 b\u00e1zisunk<\/h2>\n<h3>Gy\u00e1ri panor\u00e1ma<\/h3>\n<p><img decoding=\"async\" src=\"\/wp-content\/uploads\/factory-01.webp\"\/><\/p>\n<h3>Alum\u00ednium r\u00fadgy\u00e1rt\u00f3 m\u0171hely<\/h3>\n<p><img decoding=\"async\" src=\"\/wp-content\/uploads\/factory-02.webp\"\/><\/p>\n<p><img decoding=\"async\" src=\"\/wp-content\/uploads\/factory-03.webp\"\/><\/p>\n<h3>Pen\u00e9sz rakt\u00e1r<\/h3>\n<p><img decoding=\"async\" src=\"\/wp-content\/uploads\/factory-04.webp\"\/><\/p>\n<h3>43 alum\u00ednium extrud\u00e1l\u00f3 vonal (500-5500 tonna)<\/h3>\n<p><img decoding=\"async\" src=\"\/wp-content\/uploads\/factory-05.webp\"\/><\/p>\n<p><img decoding=\"async\" src=\"\/wp-content\/uploads\/factory-06.webp\"\/><\/p>\n<p><img decoding=\"async\" src=\"\/wp-content\/uploads\/factory-07.webp\"\/><\/p>\n<h3>Porfest\u0151 m\u0171hely<\/h3>\n<p><img decoding=\"async\" src=\"\/wp-content\/uploads\/factory-09.webp\"\/><\/p>\n<h3>Anodiz\u00e1l\u00f3 m\u0171hely<\/h3>\n<p><img decoding=\"async\" src=\"\/wp-content\/uploads\/factory-10.webp\"\/><\/p>\n<h3>M\u00e9ly feldolgoz\u00e1si m\u0171hely<\/h3>\n<p><img decoding=\"async\" src=\"\/wp-content\/uploads\/factory-11.webp\"\/><\/p>\n<h3>CNC prec\u00edzi\u00f3s megmunk\u00e1l\u00f3 m\u0171hely<\/h3>\n<p><img decoding=\"async\" src=\"\/wp-content\/uploads\/factory-11.5.webp\"\/><\/p>\n<h3>K\u00e9szterm\u00e9k \u00e9s export rakt\u00e1r<\/h3>\n<p><img decoding=\"async\" src=\"\/wp-content\/uploads\/factory-12.webp\"\/><\/p>\n<p><img decoding=\"async\" src=\"\/wp-content\/uploads\/factory-13.webp\"\/><\/p>\n<p><img decoding=\"async\" src=\"\/wp-content\/uploads\/factory-14.webp\"\/><\/p>\n<h2>GYIK<\/h2>\n<p><p><b>1.What alum\u00ednium extrud\u00e1lt keretrendszerek? <\/b><\/p>\n<p> Az alum\u00ednium sajtolt keretrendszerek sajtolt alum\u00edniumprofilokb\u00f3l k\u00e9sz\u00fclt modul\u00e1ris szerkezetek, amelyek \u00e1ltal\u00e1ban T-ny\u00edl\u00e1s\u00fa kialak\u00edt\u00e1s\u00faak, \u00e9s amelyeket k\u00fcl\u00f6nb\u00f6z\u0151 alkalmaz\u00e1sokhoz val\u00f3 keretszerkezetek \u00e9p\u00edt\u00e9s\u00e9re haszn\u00e1lnak hegeszt\u00e9s n\u00e9lk\u00fcl.<br \/>\n<\/p><br \/>\n<br \/>\n<p><b>2.Mi\u00e9rt v\u00e1lassza az alum\u00ednium extrud\u00e1lt keretez\u00e9st a hagyom\u00e1nyos ac\u00e9lszerkezetekkel szemben? <\/b><\/p>\n<p> Az alum\u00ednium extrud\u00e1lt keretez\u00e9s olyan el\u0151ny\u00f6ket k\u00edn\u00e1l, mint a k\u00f6nny\u0171szerkezetes \u00e9p\u00edt\u00e9s, a korr\u00f3zi\u00f3\u00e1ll\u00f3s\u00e1g, a k\u00f6nny\u0171 \u00f6sszeszerelhet\u0151s\u00e9g \u00e9s a m\u00f3dos\u00edt\u00e1sok rugalmass\u00e1ga, ami a hagyom\u00e1nyos ac\u00e9lszerkezetekkel szemben el\u0151ny\u00f6sebb v\u00e1laszt\u00e1ss\u00e1 teszi.<br \/>\n<\/p><br \/>\n<br \/>\n<p><b>3.Can alum\u00ednium extrud\u00e1lt keretrendszerek testreszabhat\u00f3ak? <\/b><\/p>\n<p> Igen, ezek a rendszerek nagym\u00e9rt\u00e9kben testreszabhat\u00f3k, lehet\u0151v\u00e9 t\u00e9ve a m\u00e9ret, alak \u00e9s funkcionalit\u00e1s tekintet\u00e9ben egyedi ig\u00e9nyeknek megfelel\u0151, testre szabott kialak\u00edt\u00e1st.<br \/>\n<\/p><br \/>\n<br \/>\n<p><b>4.Milyen ipar\u00e1gak haszn\u00e1lj\u00e1k \u00e1ltal\u00e1ban az alum\u00ednium extrud\u00e1lt keretrendszereket? <\/b><\/p>\n<p> Az olyan ipar\u00e1gak, mint a gy\u00e1rt\u00e1s, az automatiz\u00e1l\u00e1s, a rep\u00fcl\u0151g\u00e9pipar \u00e9s az \u00e9p\u00edt\u0151ipar az alum\u00ednium extrud\u00e1lt keretrendszereket olyan alkalmaz\u00e1sokhoz haszn\u00e1lj\u00e1k, mint a g\u00e9pv\u00e9d\u0151k, a munka\u00e1llom\u00e1sok \u00e9s a burkolatok.<br \/>\n<\/p><br \/>\n<br \/>\n<p><b>5.Hogyan k\u00f6nny\u00edtik meg a T-ny\u00edl\u00e1s\u00fa alum\u00ednium extrud\u00e1l\u00e1sok az \u00f6sszeszerel\u00e9st? <\/b><\/p>\n<p> A T-ny\u00edl\u00e1s\u00fa alum\u00edniumprofilok lehet\u0151v\u00e9 teszik a csatlakoz\u00f3k \u00e9s k\u00f6t\u0151elemek k\u00f6nny\u0171 behelyez\u00e9s\u00e9t, ami gyors \u00f6sszeszerel\u00e9st \u00e9s \u00e1tkonfigur\u00e1l\u00e1st tesz lehet\u0151v\u00e9 speci\u00e1lis szersz\u00e1mok vagy hegeszt\u00e9s n\u00e9lk\u00fcl.<br \/>\n<\/p><br \/>\n<br \/>\n<p><b>6.Alkalmasak-e az alum\u00ednium sajtolt keretrendszerek k\u00fclt\u00e9ri haszn\u00e1latra? <\/b><\/p>\n<p> Igen, megfelel\u0151 fel\u00fcletkezel\u00e9ssel, p\u00e9ld\u00e1ul elox\u00e1l\u00e1ssal vagy porsz\u00f3r\u00e1ssal az alum\u00ednium sajtolt keretrendszerek ellen\u00e1llnak a k\u00fclt\u00e9ri k\u00f6r\u00fclm\u00e9nyeknek, korr\u00f3zi\u00f3\u00e1ll\u00f3s\u00e1got \u00e9s tart\u00f3ss\u00e1got biztos\u00edtva.<br \/>\n<\/p><br \/>\n<br \/>\n<p><b>7.Milyen karbantart\u00e1st ig\u00e9nyelnek az alum\u00ednium extrud\u00e1lt keretrendszerek? <\/b><\/p>\n<p> Minim\u00e1lis karbantart\u00e1sra van sz\u00fcks\u00e9g; a rendszeres tiszt\u00edt\u00e1s a por \u00e9s a t\u00f6rmel\u00e9k elt\u00e1vol\u00edt\u00e1s\u00e1ra \u00e1ltal\u00e1ban elegend\u0151 a rendszer optim\u00e1lis \u00e1llapotban tart\u00e1s\u00e1hoz.<br \/>\n<\/p><br \/>\n<br \/>\n<p><b>8.Az alum\u00ednium extrud\u00e1lt keretrendszerek k\u00f6rnyezetbar\u00e1tok? <\/b><\/p>\n<p> Az alum\u00ednium teljes m\u00e9rt\u00e9kben \u00fajrahasznos\u00edthat\u00f3, \u00e9s e rendszerek modul\u00e1ris jellege el\u0151seg\u00edti az \u00fajrafelhaszn\u00e1l\u00e1st \u00e9s cs\u00f6kkenti a hullad\u00e9k mennyis\u00e9g\u00e9t, t\u00e1mogatva a fenntarthat\u00f3 gyakorlatokat.<\/p>\n<p><\/p><br \/><\/p>","protected":false},"featured_media":7217,"template":"","categories":[67],"class_list":["post-7218","product","type-product","status-publish","has-post-thumbnail","hentry","category-architectural-aluminium-profile"],"meta_box":{"hilight_text_group":{"product_hilight_text":"<li>Modular design allows for rapid assembly and reconfiguration without welding, reducing labor and downtime.<\/li>\r\r\n<li>Lightweight yet robust aluminum profiles provide high strength-to-weight ratio, ideal for various structural applications.<\/li>\r\r\n<li>Corrosion-resistant anodized finish ensures durability and longevity in diverse environments.<\/li>\r\r\n<li>Compatibility with a wide range of accessories and connectors enhances design flexibility.<\/li>\r\r\n<li>Pre-engineered components streamline the design process, facilitating quick prototyping and customization.<\/li>\r\r\n<li>Environmentally friendly, as aluminum is 100% recyclable, supporting sustainable building practices.<\/li>\r\r\n<li>Cost-effective solution due to reduced assembly time, minimal maintenance, and reusability of components.<\/li>","product_chanpin_blog":"<ul>\r\r\n<li><a href=\"https:\/\/sinoextrud.com\/t-slot-v-slot-differences\/\" target=\"_blank\">t slot vs v slot<\/a><\/li>\r\r\n<li><a href=\"https:\/\/sinoextrud.com\/what-is-4040-aluminium-extrud\/\" target=\"_blank\">4040 aluminium extrusion<\/a><\/li>\r\r\n<li><a href=\"https:\/\/sinoextrud.com\/what-is-4040-aluminium-extrud\/\" target=\"_blank\">aluminum extrusions for industrial racks<\/a><\/li>\r\r\n<li><a href=\"https:\/\/sinoextrud.com\/powder-coating-aluminium-process\/\" target=\"_blank\">powder coating aluminium<\/a><\/li>\r\r\n<li><a href=\"https:\/\/sinoextrud.com\/what-is-an-aluminium-strip-ceiling\/\" target=\"_blank\">aluminium strip ceiling<\/a><\/li>\r\r\n<li><a href=\"https:\/\/sinoextrud.com\/what-is-a-heat-sink\/\" target=\"_blank\">what is a heat sink<\/a><\/li>\r\r\n<\/ul>","product_chanpin_chanpin":"<li><a href=\"https:\/\/sinoextrud.com\/product\/extrusion-aluminium-tube-pipe-aluminum-polishing-style\/\" target=\"_blank\">Extrusion Aluminium Tube Pipe Aluminum Polishing Style<\/a><\/li>\r\n<li><a href=\"https:\/\/sinoextrud.com\/product\/10-series-golden-aluminum-extrusion-profiles\/\" target=\"_blank\">10 Series Golden Aluminum Extrusion Profiles<\/a><\/li>\r\n<li><a href=\"https:\/\/sinoextrud.com\/product\/10x10-aluminum-extrusion-for-decoration\/\" target=\"_blank\">10\u00c3\u201410 Aluminum Extrusion For Decoration<\/a><\/li>\r\n<li><a href=\"https:\/\/sinoextrud.com\/product\/12-to-20-mm-glass-aluminum-glass-railing-price-per-foot\/\" target=\"_blank\">12 To 20 MM Glass Aluminum Glass Railing Price Per Foot<\/a><\/li>\r\n<li><a href=\"https:\/\/sinoextrud.com\/product\/aluminum-extrusion-framing-systems\/\" target=\"_blank\">Aluminum Extrusion Framing Systems<\/a><\/li>\r\n<li><a href=\"https:\/\/sinoextrud.com\/product\/aluminium-door-frame-extrusions\/\" target=\"_blank\">Aluminium Door Frame Extrusions<\/a><\/li>\r\n<li><a href=\"https:\/\/sinoextrud.com\/product\/aluminium-fence-slats-aluminum-strips-aluminium-bean-and-aluminium-channel\/\" target=\"_blank\">Aluminium Fence Slats Aluminum Strips Aluminium Bean and Aluminium Channel<\/a><\/li>\r\n<li><a href=\"https:\/\/sinoextrud.com\/product\/aluminium-sliding-door-with-french-style-bi-folding-glass-wall-door-energy-saving-heat-insulation\/\" target=\"_blank\">Aluminium Sliding Door With French Style Bi-folding Glass Wall Door Energy Saving Heat Insulation<\/a><\/li>\r\n<li><a href=\"https:\/\/sinoextrud.com\/product\/aluminum-glass-frame-extrusion\/\" target=\"_blank\">Aluminum Glass Frame Extrusion<\/a><\/li>\r\n<li><a href=\"https:\/\/sinoextrud.com\/product\/aluminum-extrusion-aluminum-framing-profiles-for-sunroom\/\" target=\"_blank\">Aluminum Extrusion Aluminum Framing Profiles For Sunroom<\/a><\/li>\r\n<li><a href=\"https:\/\/sinoextrud.com\/product\/extruded-aluminum-profile-aluminum-t-slot\/\" target=\"_blank\">Extruded Aluminum Profile Aluminum T Slot<\/a><\/li>"},"feature_list":[]},"_links":{"self":[{"href":"https:\/\/sinoextrud.com\/hu\/wp-json\/wp\/v2\/product\/7218","targetHints":{"allow":["GET"]}}],"collection":[{"href":"https:\/\/sinoextrud.com\/hu\/wp-json\/wp\/v2\/product"}],"about":[{"href":"https:\/\/sinoextrud.com\/hu\/wp-json\/wp\/v2\/types\/product"}],"wp:featuredmedia":[{"embeddable":true,"href":"https:\/\/sinoextrud.com\/hu\/wp-json\/wp\/v2\/media\/7217"}],"wp:attachment":[{"href":"https:\/\/sinoextrud.com\/hu\/wp-json\/wp\/v2\/media?parent=7218"}],"wp:term":[{"taxonomy":"category","embeddable":true,"href":"https:\/\/sinoextrud.com\/hu\/wp-json\/wp\/v2\/categories?post=7218"}],"curies":[{"name":"wp","href":"https:\/\/api.w.org\/{rel}","templated":true}]}}