{"id":7216,"date":"2025-06-06T02:24:13","date_gmt":"2025-06-06T02:24:13","guid":{"rendered":"https:\/\/sinoextrud.com\/product\/12-to-20-mm-glass-aluminum-glass-railing-price-per-foot\/"},"modified":"2025-06-24T06:12:15","modified_gmt":"2025-06-24T06:12:15","slug":"12-20-mm-es-uveg-aluminium-uveg-korlat-ara-labankent","status":"publish","type":"product","link":"https:\/\/sinoextrud.com\/hu\/product\/12-to-20-mm-glass-aluminum-glass-railing-price-per-foot\/","title":{"rendered":"12-20 MM \u00fcveg alum\u00ednium \u00fcveg korl\u00e1t \u00e1ra l\u00e1bank\u00e9nt"},"content":{"rendered":"<h2>Term\u00e9kek r\u00e9szletei<\/h2>\n<table class=\"custom-table\">\n<tbody>\n<tr>\n<td> T\u00e9tel:<\/td>\n<td> 12-20 MM \u00fcveg alum\u00ednium \u00fcveg korl\u00e1t \u00e1ra l\u00e1bank\u00e9nt<\/td>\n<td> Oszt\u00e1ly:<\/td>\n<td> 6000-es sorozat<\/td>\n<\/tr>\n<tr>\n<td> Lelkiismeretesen:<\/td>\n<td> T5<\/td>\n<td> Sz\u00e1rmaz\u00e1si hely:<\/td>\n<td> Foshan, Guangdong<\/td>\n<\/tr>\n<tr>\n<td> Alak:<\/td>\n<td> Testreszabott<\/td>\n<td> \u00d6tv\u00f6zet vagy sem:<\/td>\n<td> \u00d6tv\u00f6zet<\/td>\n<\/tr>\n<tr>\n<td> Anyag:<\/td>\n<td> 6063<\/td>\n<td> M\u00e1rka:<\/td>\n<td> Sinoextrud, Sinoextrud<\/td>\n<\/tr>\n<tr>\n<td> Sz\u00edn:<\/td>\n<td> Testreszabott Clolor<\/td>\n<td> Fel\u00fcletkezel\u00e9s:<\/td>\n<td> Elox\u00e1lt, porsz\u00f3r\u00e1s, csiszolt, homokf\u00fav\u00e1s, fa szemcs\u00e9s<\/td>\n<\/tr>\n<tr>\n<td> Sz\u00e1ll\u00edt\u00e1si id\u0151:<\/td>\n<td> 25-30 nap<\/td>\n<td> MOQ:<\/td>\n<td> 200KG<\/td>\n<\/tr>\n<tr>\n<td> Fizet\u00e9si hat\u00e1rid\u0151:<\/td>\n<td> 30% let\u00e9t, 70% egyenleg sz\u00e1ll\u00edt\u00e1s el\u0151tt<\/td>\n<td> Feldolgoz\u00f3 szolg\u00e1ltat\u00e1s:<\/td>\n<td> Hajl\u00edt\u00e1s, tekercsel\u00e9s, hegeszt\u00e9s, lyukaszt\u00e1s, v\u00e1g\u00e1s<\/td>\n<\/tr>\n<tr>\n<td> Kik\u00f6t\u0151:<\/td>\n<td> Guangzhou, Shenzhen<\/td>\n<td> Garancia:<\/td>\n<td> \u00fcgyf\u00e9ltan\u00fas\u00edtv\u00e1ny, mint p\u00e9ld\u00e1ul BV, Soncap, ISO<\/td>\n<\/tr>\n<tr>\n<td> Magass\u00e1g:<\/td>\n<td> 108 mm<\/td>\n<td> Sz\u00e9less\u00e9g:<\/td>\n<td> 70 mm<\/td>\n<\/tr>\n<\/tbody>\n<\/table>\n<h2>Gy\u00e1rt\u00f3 b\u00e1zisunk<\/h2>\n<h3>Gy\u00e1ri panor\u00e1ma<\/h3>\n<p><img decoding=\"async\" src=\"\/wp-content\/uploads\/factory-01.webp\"\/><\/p>\n<h3>Alum\u00ednium r\u00fadgy\u00e1rt\u00f3 m\u0171hely<\/h3>\n<p><img decoding=\"async\" src=\"\/wp-content\/uploads\/factory-02.webp\"\/><\/p>\n<p><img decoding=\"async\" src=\"\/wp-content\/uploads\/factory-03.webp\"\/><\/p>\n<h3>Pen\u00e9sz rakt\u00e1r<\/h3>\n<p><img decoding=\"async\" src=\"\/wp-content\/uploads\/factory-04.webp\"\/><\/p>\n<h3>43 alum\u00ednium extrud\u00e1l\u00f3 vonal (500-5500 tonna)<\/h3>\n<p><img decoding=\"async\" src=\"\/wp-content\/uploads\/factory-05.webp\"\/><\/p>\n<p><img decoding=\"async\" src=\"\/wp-content\/uploads\/factory-06.webp\"\/><\/p>\n<p><img decoding=\"async\" src=\"\/wp-content\/uploads\/factory-07.webp\"\/><\/p>\n<h3>Porfest\u0151 m\u0171hely<\/h3>\n<p><img decoding=\"async\" src=\"\/wp-content\/uploads\/factory-09.webp\"\/><\/p>\n<h3>Anodiz\u00e1l\u00f3 m\u0171hely<\/h3>\n<p><img decoding=\"async\" src=\"\/wp-content\/uploads\/factory-10.webp\"\/><\/p>\n<h3>M\u00e9ly feldolgoz\u00e1si m\u0171hely<\/h3>\n<p><img decoding=\"async\" src=\"\/wp-content\/uploads\/factory-11.webp\"\/><\/p>\n<h3>CNC prec\u00edzi\u00f3s megmunk\u00e1l\u00f3 m\u0171hely<\/h3>\n<p><img decoding=\"async\" src=\"\/wp-content\/uploads\/factory-11.5.webp\"\/><\/p>\n<h3>K\u00e9szterm\u00e9k \u00e9s export rakt\u00e1r<\/h3>\n<p><img decoding=\"async\" src=\"\/wp-content\/uploads\/factory-12.webp\"\/><\/p>\n<p><img decoding=\"async\" src=\"\/wp-content\/uploads\/factory-13.webp\"\/><\/p>\n<p><img decoding=\"async\" src=\"\/wp-content\/uploads\/factory-14.webp\"\/><\/p>\n<h2>GYIK<\/h2>\n<p><p><b>1.Mi a 12-20 MM \u00fcveg alum\u00ednium \u00fcveg korl\u00e1t \u00e1ra per l\u00e1b? <\/b><\/p>\n<p> Ez egy 12-20 mm vastags\u00e1g\u00fa \u00fcveggel kompatibilis, kereskedelmi \u00e9s lak\u00f3\u00e9p\u00fcletekben \u00e1ltal\u00e1nosan haszn\u00e1lt alum\u00ednium \u00fcvegkorl\u00e1trendszer vonalank\u00e9nti k\u00f6lts\u00e9g\u00e9re vonatkozik.<br \/>\n<\/p><br \/>\n<br \/>\n<p><b>2.Milyen t\u00edpus\u00fa \u00fcveget t\u00e1mogat ez a korl\u00e1trendszer? <\/b><\/p>\n<p> Az alum\u00ednium \u00fcvegkorl\u00e1t 12 mm \u00e9s 20 mm k\u00f6z\u00f6tti edzett vagy lamin\u00e1lt biztons\u00e1gi \u00fcveggel rendelkezik az er\u0151ss\u00e9g \u00e9s a tisztas\u00e1g \u00e9rdek\u00e9ben.<br \/>\n<\/p><br \/>\n<br \/>\n<p><b>3.Mi\u00e9rt v\u00e1lasszon alum\u00ednium \u00fcvegkorl\u00e1t rendszert? <\/b><\/p>\n<p> Az alum\u00ednium \u00fcvegkorl\u00e1trendszerek k\u00f6nny\u0171ek, korr\u00f3zi\u00f3\u00e1ll\u00f3ak, \u00e9s minim\u00e1lis karbantart\u00e1s mellett modern megjelen\u00e9st biztos\u00edtanak.<br \/>\n<\/p><br \/>\n<br \/>\n<p><b>4.Rugalmas-e az \u00e1rk\u00e9pz\u00e9s a projekt m\u00e9ret\u00e9t\u0151l f\u00fcgg\u0151en? <\/b><\/p>\n<p> Igen, a 12-20 mm-es alum\u00ednium \u00fcvegkorl\u00e1tok l\u00e1bonk\u00e9nti \u00e1ra a t\u00f6meges vagy egyedi projektig\u00e9nyekhez igaz\u00edthat\u00f3.<br \/>\n<\/p><br \/>\n<br \/>\n<p><b>5.Lehet-e ezt a korl\u00e1tot k\u00fclt\u00e9ren haszn\u00e1lni? <\/b><\/p>\n<p> Az elox\u00e1lt vagy porsz\u00f3rt alum\u00ednium rendk\u00edv\u00fcl ellen\u00e1ll\u00f3 az id\u0151j\u00e1r\u00e1ssal \u00e9s a korr\u00f3zi\u00f3val szemben, \u00edgy ide\u00e1lis balkonok, teraszok \u00e9s k\u00fcls\u0151 l\u00e9pcs\u0151k sz\u00e1m\u00e1ra.<br \/>\n<\/p><br \/>\n<br \/>\n<p><b>6.Hogyan t\u00f6rt\u00e9nik az alum\u00ednium \u00fcvegkorl\u00e1tok telep\u00edt\u00e9si folyamata? <\/b><\/p>\n<p> A rendszert \u00fagy tervezt\u00e9k, hogy k\u00f6nnyen \u00e9s gyorsan telep\u00edthet\u0151 legyen, el\u0151re gy\u00e1rtott modul\u00e1ris elemekb\u0151l.<br \/>\n<\/p><br \/>\n<br \/>\n<p><b>7.Milyen fel\u00fcletek \u00e1llnak rendelkez\u00e9sre az alum\u00edniumkerethez? <\/b><\/p>\n<p> Az \u00e1ltal\u00e1nos kivitelek k\u00f6z\u00e9 tartozik a term\u00e9szetes elox\u00e1lt, matt fekete, ez\u00fcst vagy egyedi porbevonatok az \u00e9p\u00edt\u00e9szeti t\u00e9m\u00e1khoz igazodva.<br \/>\n<\/p><br \/>\n<br \/>\n<p><b>8.Megfelel ez a korl\u00e1trendszer a biztons\u00e1gi el\u0151\u00edr\u00e1soknak? <\/b><\/p>\n<p> Igen, megfelel\u0151 \u00fcvegvastags\u00e1ggal be\u00e9p\u00edtve megfelel a korl\u00e1tokra vonatkoz\u00f3 legt\u00f6bb nemzetk\u00f6zi biztons\u00e1gi \u00e9s \u00e9p\u00edt\u00e9si el\u0151\u00edr\u00e1snak.<br \/>\n<\/p><br \/><\/p>","protected":false},"featured_media":7215,"template":"","categories":[67],"class_list":["post-7216","product","type-product","status-publish","has-post-thumbnail","hentry","category-architectural-aluminium-profile"],"meta_box":{"hilight_text_group":{"product_hilight_text":"<li>Compatible with 12 to 20 mm thick tempered or laminated glass panels.<\/li>\r\r\n<li>Durable aluminum structure ensures long-term outdoor and indoor use.<\/li>\r\r\n<li>Cost-effective price per foot for large-scale architectural projects.<\/li>\r\r\n<li>Corrosion-resistant anodized or powder-coated finish for low maintenance.<\/li>\r\r\n<li>Easy to install with modular components for quicker on-site assembly.<\/li>\r\r\n<li>Supports sleek, modern aesthetics with unobstructed glass views.<\/li>","product_chanpin_blog":"<ul>\r\r\n<li><a href=\"https:\/\/sinoextrud.com\/t-slot-v-slot-differences\/\" target=\"_blank\">t slot vs v slot<\/a><\/li>\r\r\n<li><a href=\"https:\/\/sinoextrud.com\/what-is-4040-aluminium-extrud\/\" target=\"_blank\">4040 aluminium extrusion<\/a><\/li>\r\r\n<li><a href=\"https:\/\/sinoextrud.com\/what-is-4040-aluminium-extrud\/\" target=\"_blank\">aluminum extrusions for industrial racks<\/a><\/li>\r\r\n<li><a href=\"https:\/\/sinoextrud.com\/powder-coating-aluminium-process\/\" target=\"_blank\">powder coating aluminium<\/a><\/li>\r\r\n<li><a href=\"https:\/\/sinoextrud.com\/what-is-an-aluminium-strip-ceiling\/\" target=\"_blank\">aluminium strip ceiling<\/a><\/li>\r\r\n<li><a href=\"https:\/\/sinoextrud.com\/what-is-a-heat-sink\/\" target=\"_blank\">what is a heat sink<\/a><\/li>\r\r\n<\/ul>","product_chanpin_chanpin":"<li><a href=\"https:\/\/sinoextrud.com\/product\/anodized-powder-coated-aluminum-extrusion-profile-for-outdoor-louver-shutter\/\" target=\"_blank\">Anodized Powder Coated Aluminum Extrusion Profile For Outdoor Louver Shutter<\/a><\/li>\r\n<li><a href=\"https:\/\/sinoextrud.com\/product\/extrusion-aluminium-tube-pipe-aluminum-polishing-style\/\" target=\"_blank\">Extrusion Aluminium Tube Pipe Aluminum Polishing Style<\/a><\/li>\r\n<li><a href=\"https:\/\/sinoextrud.com\/product\/10-series-golden-aluminum-extrusion-profiles\/\" target=\"_blank\">10 Series Golden Aluminum Extrusion Profiles<\/a><\/li>\r\n<li><a href=\"https:\/\/sinoextrud.com\/product\/10x10-aluminum-extrusion-for-decoration\/\" target=\"_blank\">10\u00d710 Aluminum Extrusion For Decoration<\/a><\/li>\r\n<li><a href=\"https:\/\/sinoextrud.com\/product\/12-to-20-mm-glass-aluminum-glass-railing-price-per-foot\/\" target=\"_blank\">12 To 20 MM Glass Aluminum Glass Railing Price Per Foot<\/a><\/li>\r\n<li><a href=\"https:\/\/sinoextrud.com\/product\/aluminum-extrusion-framing-systems\/\" target=\"_blank\">Aluminum Extrusion Framing Systems<\/a><\/li>\r\n<li><a href=\"https:\/\/sinoextrud.com\/product\/aluminium-door-frame-extrusions\/\" target=\"_blank\">Aluminium Door Frame Extrusions<\/a><\/li>\r\n<li><a href=\"https:\/\/sinoextrud.com\/product\/aluminium-fence-slats-aluminum-strips-aluminium-bean-and-aluminium-channel\/\" target=\"_blank\">Aluminium Fence Slats Aluminum Strips Aluminium Bean and Aluminium Channel<\/a><\/li>\r\n<li><a href=\"https:\/\/sinoextrud.com\/product\/aluminium-sliding-door-with-french-style-bi-folding-glass-wall-door-energy-saving-heat-insulation\/\" target=\"_blank\">Aluminium Sliding Door With French Style Bi-folding Glass Wall Door Energy Saving Heat Insulation<\/a><\/li>\r\n<li><a href=\"https:\/\/sinoextrud.com\/product\/6061-t5-l-shape-aluminum-profile-bar-customized-40x40-extruded-aluminum-angle-profile\/\" target=\"_blank\">6061-t5 L Shape Aluminum Profile Bar Customized 40\u00d740 Extruded Aluminum Angle Profile<\/a><\/li>\r\n<li><a href=\"https:\/\/sinoextrud.com\/product\/electrophoretic-wood-surface-aluminum-square-pipe\/\" target=\"_blank\">Electrophoretic wood surface-aluminum Square Pipe<\/a><\/li>"},"feature_list":[]},"_links":{"self":[{"href":"https:\/\/sinoextrud.com\/hu\/wp-json\/wp\/v2\/product\/7216","targetHints":{"allow":["GET"]}}],"collection":[{"href":"https:\/\/sinoextrud.com\/hu\/wp-json\/wp\/v2\/product"}],"about":[{"href":"https:\/\/sinoextrud.com\/hu\/wp-json\/wp\/v2\/types\/product"}],"wp:featuredmedia":[{"embeddable":true,"href":"https:\/\/sinoextrud.com\/hu\/wp-json\/wp\/v2\/media\/7215"}],"wp:attachment":[{"href":"https:\/\/sinoextrud.com\/hu\/wp-json\/wp\/v2\/media?parent=7216"}],"wp:term":[{"taxonomy":"category","embeddable":true,"href":"https:\/\/sinoextrud.com\/hu\/wp-json\/wp\/v2\/categories?post=7216"}],"curies":[{"name":"wp","href":"https:\/\/api.w.org\/{rel}","templated":true}]}}