{"id":7212,"date":"2025-06-06T02:10:37","date_gmt":"2025-06-06T02:10:37","guid":{"rendered":"https:\/\/sinoextrud.com\/product\/10-series-golden-aluminum-extrusion-profiles\/"},"modified":"2025-06-24T06:12:14","modified_gmt":"2025-06-24T06:12:14","slug":"10-sorozat-arany-aluminium-extrudalt-profilok","status":"publish","type":"product","link":"https:\/\/sinoextrud.com\/hu\/product\/10-series-golden-aluminum-extrusion-profiles\/","title":{"rendered":"10 sorozat\u00fa arany alum\u00ednium extrud\u00e1lt profilok"},"content":{"rendered":"<h2>Term\u00e9kek r\u00e9szletei<\/h2>\n<table>\n<tbody>\n<tr>\n<td>\n<p>Oszt\u00e1ly:<\/p>\n<\/td>\n<td>\n<p>6063 -t5<\/p>\n<\/td>\n<\/tr>\n<tr>\n<td>\n<p>Technika:<\/p>\n<\/td>\n<td>\n<p>10 sorozat\u00fa arany alum\u00ednium extrud\u00e1lt profilok<\/p>\n<\/td>\n<\/tr>\n<tr>\n<td>\n<p>Lelkiismeretesen:<\/p>\n<\/td>\n<td>\n<p>T3 - T8<\/p>\n<\/td>\n<\/tr>\n<tr>\n<td>\n<p>Megmunk\u00e1l\u00e1si szolg\u00e1ltat\u00e1sok:<\/p>\n<\/td>\n<td>\n<p>F\u00far\u00e1s, csavaroz\u00e1s, szegecsel\u00e9s, \u00f6sszeszerel\u00e9s stb.<\/p>\n<\/td>\n<\/tr>\n<tr>\n<td>\n<p>V\u00e9djegy:<\/p>\n<\/td>\n<td>\n<p>Sinoextrud Sinoextrud Sinoextrud <\/p>\n<\/td>\n<\/tr>\n<tr>\n<td>\n<p>T\u00edpus:<\/p>\n<\/td>\n<td>\n<p>10 sorozat\u00fa arany alum\u00ednium extrud\u00e1lt profilok<\/p>\n<\/td>\n<\/tr>\n<tr>\n<td>\n<p>Alak:<\/p>\n<\/td>\n<td>\n<p>K\u00e9sz\u00fclt az \u00fcgyfelek tervei szerint<\/p>\n<\/td>\n<\/tr>\n<tr>\n<td>\n<p>Fel\u00fcletkezel\u00e9s:<\/p>\n<\/td>\n<td>\n<p>Mill Finish elox\u00e1lt csiszolt<\/p>\n<\/td>\n<\/tr>\n<tr>\n<td>\n<p>Hossz\u00fas\u00e1g:<\/p>\n<\/td>\n<td>\n<p>1m \u00e9s 9m k\u00f6z\u00f6tt hosszonk\u00e9nt<\/p>\n<\/td>\n<\/tr>\n<tr>\n<td>\n<p>Sz\u00ednek:<\/p>\n<\/td>\n<td>\n<p>Ez\u00fcst Fekete<\/p>\n<\/td>\n<\/tr>\n<tr>\n<td>\n<p>HS-k\u00f3d:<\/p>\n<\/td>\n<td>\n<p>76042990<\/p>\n<\/td>\n<\/tr>\n<\/tbody>\n<\/table>\n<h2>Gy\u00e1rt\u00f3 b\u00e1zisunk<\/h2>\n<h3>Gy\u00e1ri panor\u00e1ma<\/h3>\n<p><img decoding=\"async\" src=\"\/wp-content\/uploads\/factory-01.webp\"\/><\/p>\n<h3>Alum\u00ednium r\u00fadgy\u00e1rt\u00f3 m\u0171hely<\/h3>\n<p><img decoding=\"async\" src=\"\/wp-content\/uploads\/factory-02.webp\"\/><\/p>\n<p><img decoding=\"async\" src=\"\/wp-content\/uploads\/factory-03.webp\"\/><\/p>\n<h3>Pen\u00e9sz rakt\u00e1r<\/h3>\n<p><img decoding=\"async\" src=\"\/wp-content\/uploads\/factory-04.webp\"\/><\/p>\n<h3>43 alum\u00ednium extrud\u00e1l\u00f3 vonal (500-5500 tonna)<\/h3>\n<p><img decoding=\"async\" src=\"\/wp-content\/uploads\/factory-05.webp\"\/><\/p>\n<p><img decoding=\"async\" src=\"\/wp-content\/uploads\/factory-06.webp\"\/><\/p>\n<p><img decoding=\"async\" src=\"\/wp-content\/uploads\/factory-07.webp\"\/><\/p>\n<h3>Porfest\u0151 m\u0171hely<\/h3>\n<p><img decoding=\"async\" src=\"\/wp-content\/uploads\/factory-09.webp\"\/><\/p>\n<h3>Anodiz\u00e1l\u00f3 m\u0171hely<\/h3>\n<p><img decoding=\"async\" src=\"\/wp-content\/uploads\/factory-10.webp\"\/><\/p>\n<h3>M\u00e9ly feldolgoz\u00e1si m\u0171hely<\/h3>\n<p><img decoding=\"async\" src=\"\/wp-content\/uploads\/factory-11.webp\"\/><\/p>\n<h3>CNC prec\u00edzi\u00f3s megmunk\u00e1l\u00f3 m\u0171hely<\/h3>\n<p><img decoding=\"async\" src=\"\/wp-content\/uploads\/factory-11.5.webp\"\/><\/p>\n<h3>K\u00e9szterm\u00e9k \u00e9s export rakt\u00e1r<\/h3>\n<p><img decoding=\"async\" src=\"\/wp-content\/uploads\/factory-12.webp\"\/><\/p>\n<p><img decoding=\"async\" src=\"\/wp-content\/uploads\/factory-13.webp\"\/><\/p>\n<p><img decoding=\"async\" src=\"\/wp-content\/uploads\/factory-14.webp\"\/><\/p>\n<h2>GYIK<\/h2>\n<p><p><b>1.Mi a 10 sorozat\u00fa arany alum\u00ednium extrud\u00e1l\u00e1s profilok?<\/b><\/p>\n<p>A 10-es sorozat\u00fa aranysz\u00edn\u0171 alum\u00ednium extrud\u00e1lt profilok szabv\u00e1nyos\u00edtott alum\u00ednium profilok aranysz\u00edn\u0171 elox\u00e1lt fel\u00fclettel, amelyeket modul\u00e1ris szerkezetek \u00e9s keretek \u00e9p\u00edt\u00e9s\u00e9hez haszn\u00e1lnak.<br \/>\n<\/p><br \/>\n<br \/>\n<p><b>2.Mik az el\u0151nyei a Golden Alum\u00ednium Extrud\u00e1l\u00e1s Profilok haszn\u00e1lat\u00e1nak?<\/b><\/p>\n<p>Korr\u00f3zi\u00f3\u00e1ll\u00f3s\u00e1got, nagy szil\u00e1rds\u00e1got, eleg\u00e1ns megjelen\u00e9st \u00e9s a 10-es sorozat\u00fa alkatr\u00e9szekkel val\u00f3 kompatibilit\u00e1st k\u00edn\u00e1lnak.<br \/>\n<\/p><br \/>\n<br \/>\n<p><b>3.Az aranysz\u00edn\u0171 kivitel tart\u00f3s a hossz\u00fa t\u00e1v\u00fa alkalmaz\u00e1sokhoz?<\/b><\/p>\n<p>Igen, az elox\u00e1lt aranysz\u00edn\u0171 fel\u00fclet kop\u00e1s\u00e1ll\u00f3, \u00e9s hossz\u00fa t\u00e1v\u00fa v\u00e9delmet ny\u00fajt a korr\u00f3zi\u00f3 \u00e9s a fakul\u00e1s ellen.<br \/>\n<\/p><br \/>\n<br \/>\n<p><b>4.Hol haszn\u00e1lj\u00e1k a 10-es sorozat\u00fa arany alum\u00ednium extrud\u00e1lt profilokat?<\/b><\/p>\n<p>Gyakran haszn\u00e1lj\u00e1k \u0151ket bemutat\u00f3\u00e1llv\u00e1nyokban, egyedi burkolatokban, irodai v\u00e1laszfalakban \u00e9s k\u00f6nny\u0171 g\u00e9pkeretekben.<br \/>\n<\/p><br \/>\n<br \/>\n<p><b>5.Ezek a profilok kompatibilisek a szabv\u00e1nyos tartoz\u00e9kokkal?<\/b><\/p>\n<p>Igen, teljesen kompatibilisek a 10-es sorozat\u00fa konzolokkal, k\u00f6t\u0151elemekkel \u00e9s csatlakoz\u00f3lemezekkel a z\u00f6kken\u0151mentes integr\u00e1ci\u00f3 \u00e9rdek\u00e9ben.<br \/>\n<\/p><br \/>\n<br \/>\n<p><b>6.Can kapok egy\u00e9ni hossz\u00fas\u00e1gok \u00e9s befejezi a Golden Alum\u00ednium Extrusions?<\/b><\/p>\n<p>Igen, k\u00e9r\u00e9sre egyedi v\u00e1g\u00e1s, f\u00far\u00e1s \u00e9s fel\u00fcletkezel\u00e9s is rendelkez\u00e9sre \u00e1ll, hogy megfeleljen a projekt egyedi ig\u00e9nyeinek.<br \/>\n<\/p><br \/>\n<br \/>\n<p><b>7.Ezek az alum\u00ednium profilok k\u00f6nnyen \u00f6sszeszerelhet\u0151k?<\/b><\/p>\n<p>Igen, modul\u00e1ris kialak\u00edt\u00e1suk lehet\u0151v\u00e9 teszi a szersz\u00e1mbar\u00e1t beszerel\u00e9st a szabv\u00e1nyos T-ny\u00edl\u00e1s\u00fa hardverekkel.<br \/>\n<\/p><br \/>\n<br \/>\n<p><b>8.Do Golden alum\u00ednium extrud\u00e1l\u00e1s profilok t\u00e1mogatj\u00e1k a szerkezeti terhel\u00e9st?<\/b><\/p>\n<p>Igen, \u00fagy tervezt\u00e9k \u0151ket, hogy er\u0151s, m\u00e9gis k\u00f6nny\u0171 keretet biztos\u00edtsanak, amely alkalmas k\u00f6zepes ig\u00e9nybev\u00e9tel\u0171 szerkezeti alkalmaz\u00e1sokhoz.<br \/>\n<\/p><br \/><\/p>","protected":false},"featured_media":7211,"template":"","categories":[67],"class_list":["post-7212","product","type-product","status-publish","has-post-thumbnail","hentry","category-architectural-aluminium-profile"],"meta_box":{"hilight_text_group":{"product_hilight_text":"<li>10 Series compatibility ensures standard modular assembly<\/li>\r\r\n<li>Golden anodized finish adds premium aesthetic appeal<\/li>\r\r\n<li>Lightweight and durable aluminum for structural stability<\/li>\r\r\n<li>Corrosion-resistant surface ideal for long-term use<\/li>\r\r\n<li>Easy to cut, drill, and assemble with common connectors<\/li>\r\r\n<li>Suitable for displays, workstations, enclosures, and custom frames<\/li>\r\r\n<li>Available in various lengths and customizable options<\/li>","product_chanpin_blog":"<ul>\r\r\n<li><a href=\"https:\/\/sinoextrud.com\/t-slot-v-slot-differences\/\" target=\"_blank\">t slot vs v slot<\/a><\/li>\r\r\n<li><a href=\"https:\/\/sinoextrud.com\/what-is-4040-aluminium-extrud\/\" target=\"_blank\">4040 aluminium extrusion<\/a><\/li>\r\r\n<li><a href=\"https:\/\/sinoextrud.com\/what-is-4040-aluminium-extrud\/\" target=\"_blank\">aluminum extrusions for industrial racks<\/a><\/li>\r\r\n<li><a href=\"https:\/\/sinoextrud.com\/powder-coating-aluminium-process\/\" target=\"_blank\">powder coating aluminium<\/a><\/li>\r\r\n<li><a href=\"https:\/\/sinoextrud.com\/what-is-an-aluminium-strip-ceiling\/\" target=\"_blank\">aluminium strip ceiling<\/a><\/li>\r\r\n<li><a href=\"https:\/\/sinoextrud.com\/what-is-a-heat-sink\/\" target=\"_blank\">what is a heat sink<\/a><\/li>\r\r\n<\/ul>","product_chanpin_chanpin":"<li><a href=\"https:\/\/sinoextrud.com\/product\/aluminum-extrusion-solar-panel-frame\/\" target=\"_blank\">Aluminum extrusion solar panel frame<\/a><\/li>\r\n<li><a href=\"https:\/\/sinoextrud.com\/product\/aluminum-partitioning-windows-doors-nigeria-design\/\" target=\"_blank\">Aluminum Partitioning Windows Doors Nigeria Design<\/a><\/li>\r\n<li><a href=\"https:\/\/sinoextrud.com\/product\/anodized-powder-coated-aluminum-extrusion-profile-for-outdoor-louver-shutter\/\" target=\"_blank\">Anodized Powder Coated Aluminum Extrusion Profile For Outdoor Louver Shutter<\/a><\/li>\r\n<li><a href=\"https:\/\/sinoextrud.com\/product\/extrusion-aluminium-tube-pipe-aluminum-polishing-style\/\" target=\"_blank\">Extrusion Aluminium Tube Pipe Aluminum Polishing Style<\/a><\/li>\r\n<li><a href=\"https:\/\/sinoextrud.com\/product\/10-series-golden-aluminum-extrusion-profiles\/\" target=\"_blank\">10 Series Golden Aluminum Extrusion Profiles<\/a><\/li>\r\n<li><a href=\"https:\/\/sinoextrud.com\/product\/10x10-aluminum-extrusion-for-decoration\/\" target=\"_blank\">10\u00c3\u201410 Aluminum Extrusion For Decoration<\/a><\/li>\r\n<li><a href=\"https:\/\/sinoextrud.com\/product\/12-to-20-mm-glass-aluminum-glass-railing-price-per-foot\/\" target=\"_blank\">12 To 20 MM Glass Aluminum Glass Railing Price Per Foot<\/a><\/li>\r\n<li><a href=\"https:\/\/sinoextrud.com\/product\/aluminum-extrusion-framing-systems\/\" target=\"_blank\">Aluminum Extrusion Framing Systems<\/a><\/li>\r\n<li><a href=\"https:\/\/sinoextrud.com\/product\/aluminium-door-frame-extrusions\/\" target=\"_blank\">Aluminium Door Frame Extrusions<\/a><\/li>\r\n<li><a href=\"https:\/\/sinoextrud.com\/product\/aluminium-window-parts-names-sliding-6063-material-framing-profile\/\" target=\"_blank\">aluminium window parts names sliding 6063 material framing profile<\/a><\/li>\r\n<li><a href=\"https:\/\/sinoextrud.com\/product\/extruded-aluminum-drawer-pulls\/\" target=\"_blank\">Extruded Aluminum Drawer Pulls<\/a><\/li>"},"feature_list":[]},"_links":{"self":[{"href":"https:\/\/sinoextrud.com\/hu\/wp-json\/wp\/v2\/product\/7212","targetHints":{"allow":["GET"]}}],"collection":[{"href":"https:\/\/sinoextrud.com\/hu\/wp-json\/wp\/v2\/product"}],"about":[{"href":"https:\/\/sinoextrud.com\/hu\/wp-json\/wp\/v2\/types\/product"}],"wp:featuredmedia":[{"embeddable":true,"href":"https:\/\/sinoextrud.com\/hu\/wp-json\/wp\/v2\/media\/7211"}],"wp:attachment":[{"href":"https:\/\/sinoextrud.com\/hu\/wp-json\/wp\/v2\/media?parent=7212"}],"wp:term":[{"taxonomy":"category","embeddable":true,"href":"https:\/\/sinoextrud.com\/hu\/wp-json\/wp\/v2\/categories?post=7212"}],"curies":[{"name":"wp","href":"https:\/\/api.w.org\/{rel}","templated":true}]}}