{"id":7210,"date":"2025-06-06T01:58:03","date_gmt":"2025-06-06T01:58:03","guid":{"rendered":"https:\/\/sinoextrud.com\/product\/extrusion-aluminium-tube-pipe-aluminum-polishing-style\/"},"modified":"2025-06-24T06:12:13","modified_gmt":"2025-06-24T06:12:13","slug":"extrudalt-aluminium-cso-cso-aluminium-polirozasi-stilus","status":"publish","type":"product","link":"https:\/\/sinoextrud.com\/hu\/product\/extrusion-aluminium-tube-pipe-aluminum-polishing-style\/","title":{"rendered":"Extrud\u00e1l\u00e1s alum\u00ednium cs\u0151 cs\u0151 alum\u00ednium pol\u00edroz\u00e1s st\u00edlusa"},"content":{"rendered":"<h2>Term\u00e9kek r\u00e9szletei<\/h2>\n<table class=\"custom-table\">\n<tr>\n<td class=\"label\">Modell NO.:<\/td>\n<td>Extrud\u00e1lt alum\u00ednium cs\u0151 \/ cs\u0151 \/ alum\u00ednium pol\u00edroz\u00e1si st\u00edlus\uff0c<\/td>\n<\/tr>\n<tr>\n<td class=\"label\">T\u00e9tel:<\/td>\n<td>Pol\u00edrozott alum\u00ednium cs\u0151\uff0c<\/td>\n<\/tr>\n<tr>\n<td class=\"label\">Fel\u00fcletkezel\u00e9s:<\/td>\n<td>Polished\uff0c<\/td>\n<\/tr>\n<tr>\n<td class=\"label\">\u00f6tv\u00f6zet:<\/td>\n<td>Alloy\uff0c<\/td>\n<\/tr>\n<tr>\n<td class=\"label\">K\u00fcls\u0151 \u00e1tm\u00e9r\u0151:<\/td>\n<td>Od 2.6mm-t\u0151l 90mm-ig\uff0c<\/td>\n<\/tr>\n<tr>\n<td class=\"label\">Vastags\u00e1g:<\/td>\n<td>0,1 mm-t\u0151l 10 mm-ig\uff0c<\/td>\n<\/tr>\n<tr>\n<td class=\"label\">Sz\u00e1rmaz\u00e1si hely:<\/td>\n<td>Foshan, K\u00edna (anyaorsz\u00e1g)\uff0c<\/td>\n<\/tr>\n<tr>\n<td class=\"label\">Modellsz\u00e1m:<\/td>\n<td>Tl\uff0c<\/td>\n<\/tr>\n<tr>\n<td class=\"label\">Al (Min):<\/td>\n<td>98.8%\uff0c<\/td>\n<\/tr>\n<tr>\n<td class=\"label\">Sz\u00e1ll\u00edt\u00e1si csomag:<\/td>\n<td>Az \u00fcgyfelek ig\u00e9nyei szerint<\/td>\n<\/tr>\n<tr>\n<td class=\"label\">Alak:<\/td>\n<td>Round\uff0c<\/td>\n<\/tr>\n<tr>\n<td class=\"label\">Oszt\u00e1ly:<\/td>\n<td>6000-es sorozat\uff0c<\/td>\n<\/tr>\n<tr>\n<td class=\"label\">Lelkiismeretesen:<\/td>\n<td>T3 - T8\uff0c<\/td>\n<\/tr>\n<tr>\n<td class=\"label\">Falvastags\u00e1g:<\/td>\n<td>az \u00d6n k\u00e9r\u00e9s\u00e9re\uff0c<\/td>\n<\/tr>\n<tr>\n<td class=\"label\">Hossz\u00fas\u00e1g:<\/td>\n<td>1-9M\uff0c<\/td>\n<\/tr>\n<tr>\n<td class=\"label\">M\u00e1rkan\u00e9v:<\/td>\n<td>Sinoextrud\uff0c<\/td>\n<\/tr>\n<tr>\n<td class=\"label\">Kem\u00e9nys\u00e9g:<\/td>\n<td>Alum\u00ednium \u00f6tv\u00f6zetb\u0151l k\u00e9sz\u00fclt cs\u0151<\/td>\n<\/tr>\n<tr>\n<td class=\"label\">Specifik\u00e1ci\u00f3:<\/td>\n<td>EN, ASTM, JIH \u00e9s GB\uff0c<\/td>\n<\/tr>\n<tr>\n<td class=\"label\">HS-k\u00f3d:<\/td>\n<td>76082010\uff0c<\/td>\n<\/tr>\n<\/table>\n<h2>Gy\u00e1rt\u00f3 b\u00e1zisunk<\/h2>\n<h3>Gy\u00e1ri panor\u00e1ma<\/h3>\n<p><img decoding=\"async\" src=\"\/wp-content\/uploads\/factory-01.webp\"\/><\/p>\n<h3>Alum\u00ednium r\u00fadgy\u00e1rt\u00f3 m\u0171hely<\/h3>\n<p><img decoding=\"async\" src=\"\/wp-content\/uploads\/factory-02.webp\"\/><\/p>\n<p><img decoding=\"async\" src=\"\/wp-content\/uploads\/factory-03.webp\"\/><\/p>\n<h3>Pen\u00e9sz rakt\u00e1r<\/h3>\n<p><img decoding=\"async\" src=\"\/wp-content\/uploads\/factory-04.webp\"\/><\/p>\n<h3>43 alum\u00ednium extrud\u00e1l\u00f3 vonal (500-5500 tonna)<\/h3>\n<p><img decoding=\"async\" src=\"\/wp-content\/uploads\/factory-05.webp\"\/><\/p>\n<p><img decoding=\"async\" src=\"\/wp-content\/uploads\/factory-06.webp\"\/><\/p>\n<p><img decoding=\"async\" src=\"\/wp-content\/uploads\/factory-07.webp\"\/><\/p>\n<h3>Porfest\u0151 m\u0171hely<\/h3>\n<p><img decoding=\"async\" src=\"\/wp-content\/uploads\/factory-09.webp\"\/><\/p>\n<h3>Anodiz\u00e1l\u00f3 m\u0171hely<\/h3>\n<p><img decoding=\"async\" src=\"\/wp-content\/uploads\/factory-10.webp\"\/><\/p>\n<h3>M\u00e9ly feldolgoz\u00e1si m\u0171hely<\/h3>\n<p><img decoding=\"async\" src=\"\/wp-content\/uploads\/factory-11.webp\"\/><\/p>\n<h3>CNC prec\u00edzi\u00f3s megmunk\u00e1l\u00f3 m\u0171hely<\/h3>\n<p><img decoding=\"async\" src=\"\/wp-content\/uploads\/factory-11.5.webp\"\/><\/p>\n<h3>K\u00e9szterm\u00e9k \u00e9s export rakt\u00e1r<\/h3>\n<p><img decoding=\"async\" src=\"\/wp-content\/uploads\/factory-12.webp\"\/><\/p>\n<p><img decoding=\"async\" src=\"\/wp-content\/uploads\/factory-13.webp\"\/><\/p>\n<p><img decoding=\"async\" src=\"\/wp-content\/uploads\/factory-14.webp\"\/><\/p>\n<h2>GYIK<\/h2>\n<p><p><b>1.Mi az az anyag, amelyet az extrud\u00e1lt alum\u00ednium cs\u0151cs\u0151ben haszn\u00e1lnak?<\/b><\/p>\n<p>A term\u00e9k kiv\u00e1l\u00f3 min\u0151s\u00e9g\u0171 extrud\u00e1lt alum\u00edniumb\u00f3l k\u00e9sz\u00fclt, amely tart\u00f3ss\u00e1got \u00e9s szerkezeti integrit\u00e1st biztos\u00edt.<br \/>\n<\/p><br \/>\n<br \/>\n<p><b>2.Mit\u0151l k\u00fcl\u00f6nleges az alum\u00ednium pol\u00edroz\u00e1si st\u00edlus?<\/b><\/p>\n<p>Az alum\u00ednium pol\u00edroz\u00e1si st\u00edlusa sima, f\u00e9nyes fel\u00fcletet biztos\u00edt, amely fokozza az eszt\u00e9tik\u00e1t, \u00e9s tov\u00e1bbi kop\u00e1s- \u00e9s korr\u00f3zi\u00f3\u00e1ll\u00f3s\u00e1got biztos\u00edt.<br \/>\n<\/p><br \/>\n<br \/>\n<p><b>3.Az alum\u00edniumcs\u0151 haszn\u00e1lhat\u00f3 k\u00fclt\u00e9ren?<\/b><\/p>\n<p>Igen, az extrud\u00e1lt alum\u00edniumcs\u0151 korr\u00f3zi\u00f3\u00e1ll\u00f3 \u00e9s j\u00f3l haszn\u00e1lhat\u00f3 k\u00fclt\u00e9ri haszn\u00e1latra.<br \/>\n<\/p><br \/>\n<br \/>\n<p><b>4.Kaphat\u00f3 a term\u00e9k egyedi m\u00e9retekben?<\/b><\/p>\n<p>Igen, egyedi m\u00e9retek \u00e9s kivitelek \u00e1llnak rendelkez\u00e9sre, hogy megfeleljenek a projekt egyedi k\u00f6vetelm\u00e9nyeinek.<br \/>\n<\/p><br \/>\n<br \/>\n<p><b>5.A sajtolt alum\u00edniumcs\u0151vel k\u00f6nny\u0171 dolgozni?<\/b><\/p>\n<p>Abszol\u00fat, k\u00f6nnyen v\u00e1ghat\u00f3, megmunk\u00e1lhat\u00f3, hegeszthet\u0151 \u00e9s gy\u00e1rthat\u00f3 az ipari alkalmaz\u00e1sok sz\u00e9les sk\u00e1l\u00e1j\u00e1hoz.<br \/>\n<\/p><br \/>\n<br \/>\n<p><b>6.Milyen ipar\u00e1gak haszn\u00e1lj\u00e1k \u00e1ltal\u00e1ban a pol\u00edrozott alum\u00edniumcs\u00f6veket?<\/b><\/p>\n<p>A pol\u00edrozott extrud\u00e1lt alum\u00edniumcs\u00f6veket sz\u00e9les k\u00f6rben haszn\u00e1lj\u00e1k az \u00e9p\u00edt\u0151iparban, az aut\u00f3iparban, a b\u00fatoriparban \u00e9s a d\u00edsz\u00edt\u0151iparban.<br \/>\n<\/p><br \/>\n<br \/>\n<p><b>7.Befoly\u00e1solja-e a csiszolt alum\u00ednium a vezet\u0151k\u00e9pess\u00e9get?<\/b><\/p>\n<p>Nem, az alum\u00ednium m\u00e9g pol\u00edroz\u00e1s ut\u00e1n is kiv\u00e1l\u00f3 h\u0151- \u00e9s elektromos vezet\u0151k\u00e9pess\u00e9g\u0171 marad.<br \/>\n<\/p><br \/>\n<br \/>\n<p><b>8.Alkalmas ez a term\u00e9k \u00e9p\u00edt\u00e9szeti felhaszn\u00e1l\u00e1sra?<\/b><\/p>\n<p>Igen, eleg\u00e1ns kivitel\u00e9nek \u00e9s szil\u00e1rds\u00e1g\u00e1nak k\u00f6sz\u00f6nhet\u0151en ide\u00e1lis \u00e9p\u00edt\u00e9szeti \u00e9s tervez\u00e9si projektekhez.<br \/>\n<\/p><br \/>\n<br \/>\n<p><b>9.Hogyan tartj\u00e1k karban a pol\u00edrozott fel\u00fcletet?<\/b><\/p>\n<p>A pol\u00edrozott alum\u00ednium fel\u00fclet alacsony karbantart\u00e1si ig\u00e9ny\u0171, \u00e9s k\u00f6nnyen tiszt\u00edthat\u00f3 nem s\u00farol\u00f3szeres tiszt\u00edt\u00f3szerekkel.<\/p>\n<p><\/p><br \/><\/p>","protected":false},"featured_media":7209,"template":"","categories":[67],"class_list":["post-7210","product","type-product","status-publish","has-post-thumbnail","hentry","category-architectural-aluminium-profile"],"meta_box":{"hilight_text_group":{"product_hilight_text":"<li>Manufactured using high-quality extrusion aluminum for enhanced strength and precision<\/li>\r\r\n<li>Polished surface finish delivers a sleek, professional appearance<\/li>\r\r\n<li>Corrosion-resistant material suitable for both indoor and outdoor applications<\/li>\r\r\n<li>Lightweight yet durable structure ideal for industrial and architectural use<\/li>\r\r\n<li>Customizable dimensions and finishes available to meet specific project needs<\/li>\r\r\n<li>Easy to machine, weld, and fabricate for various industrial applications<\/li>\r\r\n<li>Excellent thermal and electrical conductivity properties<\/li>","product_chanpin_blog":"<ul>\r\r\n<li><a href=\"https:\/\/sinoextrud.com\/t-slot-v-slot-differences\/\" target=\"_blank\">t slot vs v slot<\/a><\/li>\r\r\n<li><a href=\"https:\/\/sinoextrud.com\/what-is-4040-aluminium-extrud\/\" target=\"_blank\">4040 aluminium extrusion<\/a><\/li>\r\r\n<li><a href=\"https:\/\/sinoextrud.com\/what-is-4040-aluminium-extrud\/\" target=\"_blank\">aluminum extrusions for industrial racks<\/a><\/li>\r\r\n<li><a href=\"https:\/\/sinoextrud.com\/powder-coating-aluminium-process\/\" target=\"_blank\">powder coating aluminium<\/a><\/li>\r\r\n<li><a href=\"https:\/\/sinoextrud.com\/what-is-an-aluminium-strip-ceiling\/\" target=\"_blank\">aluminium strip ceiling<\/a><\/li>\r\r\n<li><a href=\"https:\/\/sinoextrud.com\/what-is-a-heat-sink\/\" target=\"_blank\">what is a heat sink<\/a><\/li>\r\r\n<\/ul>","product_chanpin_chanpin":"<li><a href=\"https:\/\/sinoextrud.com\/product\/the-world-most-popular-6000-series-aluminum-extrusion-profile-louver-shutter-for-adjustable-waterproof-louver-windows\/\" target=\"_blank\">The World Most Popular 6000 Series aluminum extrusion Profile louver shutter For Adjustable Waterproof Louver Windows<\/a><\/li>\r\n<li><a href=\"https:\/\/sinoextrud.com\/product\/aluminum-extrusion-solar-panel-frame\/\" target=\"_blank\">Aluminum extrusion solar panel frame<\/a><\/li>\r\n<li><a href=\"https:\/\/sinoextrud.com\/product\/aluminum-partitioning-windows-doors-nigeria-design\/\" target=\"_blank\">Aluminum Partitioning Windows Doors Nigeria Design<\/a><\/li>\r\n<li><a href=\"https:\/\/sinoextrud.com\/product\/anodized-powder-coated-aluminum-extrusion-profile-for-outdoor-louver-shutter\/\" target=\"_blank\">Anodized Powder Coated Aluminum Extrusion Profile For Outdoor Louver Shutter<\/a><\/li>\r\n<li><a href=\"https:\/\/sinoextrud.com\/product\/extrusion-aluminium-tube-pipe-aluminum-polishing-style\/\" target=\"_blank\">Extrusion Aluminium Tube Pipe Aluminum Polishing Style<\/a><\/li>\r\n<li><a href=\"https:\/\/sinoextrud.com\/product\/10-series-golden-aluminum-extrusion-profiles\/\" target=\"_blank\">10 Series Golden Aluminum Extrusion Profiles<\/a><\/li>\r\n<li><a href=\"https:\/\/sinoextrud.com\/product\/10x10-aluminum-extrusion-for-decoration\/\" target=\"_blank\">10\u00c3\u201410 Aluminum Extrusion For Decoration<\/a><\/li>\r\n<li><a href=\"https:\/\/sinoextrud.com\/product\/12-to-20-mm-glass-aluminum-glass-railing-price-per-foot\/\" target=\"_blank\">12 To 20 MM Glass Aluminum Glass Railing Price Per Foot<\/a><\/li>\r\n<li><a href=\"https:\/\/sinoextrud.com\/product\/aluminum-extrusion-framing-systems\/\" target=\"_blank\">Aluminum Extrusion Framing Systems<\/a><\/li>\r\n<li><a href=\"https:\/\/sinoextrud.com\/product\/aluminum-handrail-systems\/\" target=\"_blank\">Aluminum Handrail Systems<\/a><\/li>\r\n<li><a href=\"https:\/\/sinoextrud.com\/product\/extruded-aluminium-retangular-tube\/\" target=\"_blank\">Extruded Aluminium Retangular Tube<\/a><\/li>"},"feature_list":[]},"_links":{"self":[{"href":"https:\/\/sinoextrud.com\/hu\/wp-json\/wp\/v2\/product\/7210","targetHints":{"allow":["GET"]}}],"collection":[{"href":"https:\/\/sinoextrud.com\/hu\/wp-json\/wp\/v2\/product"}],"about":[{"href":"https:\/\/sinoextrud.com\/hu\/wp-json\/wp\/v2\/types\/product"}],"wp:featuredmedia":[{"embeddable":true,"href":"https:\/\/sinoextrud.com\/hu\/wp-json\/wp\/v2\/media\/7209"}],"wp:attachment":[{"href":"https:\/\/sinoextrud.com\/hu\/wp-json\/wp\/v2\/media?parent=7210"}],"wp:term":[{"taxonomy":"category","embeddable":true,"href":"https:\/\/sinoextrud.com\/hu\/wp-json\/wp\/v2\/categories?post=7210"}],"curies":[{"name":"wp","href":"https:\/\/api.w.org\/{rel}","templated":true}]}}