{"id":7206,"date":"2025-06-06T01:52:24","date_gmt":"2025-06-06T01:52:24","guid":{"rendered":"https:\/\/sinoextrud.com\/product\/aluminum-partitioning-windows-doors-nigeria-design\/"},"modified":"2025-06-24T06:12:14","modified_gmt":"2025-06-24T06:12:14","slug":"aluminium-valaszfal-ablakok-ajtok-nigeria-design","status":"publish","type":"product","link":"https:\/\/sinoextrud.com\/hu\/product\/aluminum-partitioning-windows-doors-nigeria-design\/","title":{"rendered":"Alum\u00ednium v\u00e1laszfal ablakok ajt\u00f3k Nig\u00e9ria Design"},"content":{"rendered":"<h2>Term\u00e9kek r\u00e9szletei<\/h2>\n<table class=\"custom-table\">\n<tr>\n<td class=\"label\">Anyag<\/td>\n<td>\u00dcveg vagy \u00fcveg \u00e9s alum\u00ednium keret<\/td>\n<\/tr>\n<tr>\n<td class=\"label\">M\u00e1rka<\/td>\n<td>Sinoextrud \/ Sinoextrud alum\u00ednium v\u00e1laszfal \/ ablakok ajt\u00f3k Nig\u00e9ria Design\uff0c<\/td>\n<\/tr>\n<tr>\n<td class=\"label\">\u00dcveg<\/td>\n<td>1: Sz\u00edn: sz\u00ednezett (sz\u00fcrke \/ z\u00f6ld \/ k\u00e9k \/ tea \/ vagy a t\u00f6bbiek) vagy \u00e1tl\u00e1tsz\u00f3<br \/>\n2: K\u00fcl\u00f6nleges: Low-E \u00fcveg \/ t\u00fckr\u00f6z\u0151d\u0151 \u00fcveg \/ edzett \u00fcveg \/ lebeg\u0151 oszt\u00e1ly \/ m\u0171v\u00e9szi \u00fcveg<br \/>\n3. Sz\u00edn: B\u00e1rmilyen sz\u00edn\u0171<\/td>\n<\/tr>\n<tr>\n<td class=\"label\">Egyablakos megold\u00e1s<\/td>\n<td>Professzion\u00e1lis tervez\u00e9s, kiv\u00e1l\u00f3 min\u0151s\u00e9g\u0171 gy\u00e1rt\u00e1s \u00e9s tapasztalt telep\u00edt\u00e9s.<\/td>\n<\/tr>\n<tr>\n<td class=\"label\">T\u00edpus<\/td>\n<td>Keret n\u00e9lk\u00fcli \u00fcveg v\u00e1laszfal vagy \u00fcveg v\u00e1laszfal kerettel\uff0c<\/td>\n<\/tr>\n<tr>\n<td class=\"label\">Kereskedelmi kifejez\u00e9s<\/td>\n<td>EXW, FOB \u00e9s CIF<\/td>\n<\/tr>\n<tr>\n<td class=\"label\">MOQ<\/td>\n<td>T\u00f6bb mint 200 n\u00e9gyzetm\u00e9ter\uff0c<\/td>\n<\/tr>\n<tr>\n<td class=\"label\">Fizet\u00e9si hat\u00e1rid\u0151<\/td>\n<td>T\/T, L\/C stb.<\/td>\n<\/tr>\n<tr>\n<td class=\"label\">Csomagol\u00e1s<\/td>\n<td>Export fa tok\uff0c<\/td>\n<\/tr>\n<tr>\n<td class=\"label\">Exportkik\u00f6t\u0151<\/td>\n<td>Guangzhou vagy Shenzhen FOSHAN\uff0c<\/td>\n<\/tr>\n<tr>\n<td class=\"label\">Sz\u00e1ll\u00edt\u00e1si id\u0151<\/td>\n<td>20-25 napon bel\u00fcl a bolt rajz\u00e1nak meger\u0151s\u00edt\u00e9se ut\u00e1n.\uff0c<\/td>\n<\/tr>\n<\/table>\n<h2>Gy\u00e1rt\u00f3 b\u00e1zisunk<\/h2>\n<h3>Gy\u00e1ri panor\u00e1ma<\/h3>\n<p><img decoding=\"async\" src=\"\/wp-content\/uploads\/factory-01.webp\"\/><\/p>\n<h3>Alum\u00ednium r\u00fadgy\u00e1rt\u00f3 m\u0171hely<\/h3>\n<p><img decoding=\"async\" src=\"\/wp-content\/uploads\/factory-02.webp\"\/><\/p>\n<p><img decoding=\"async\" src=\"\/wp-content\/uploads\/factory-03.webp\"\/><\/p>\n<h3>Pen\u00e9sz rakt\u00e1r<\/h3>\n<p><img decoding=\"async\" src=\"\/wp-content\/uploads\/factory-04.webp\"\/><\/p>\n<h3>43 alum\u00ednium extrud\u00e1l\u00f3 vonal (500-5500 tonna)<\/h3>\n<p><img decoding=\"async\" src=\"\/wp-content\/uploads\/factory-05.webp\"\/><\/p>\n<p><img decoding=\"async\" src=\"\/wp-content\/uploads\/factory-06.webp\"\/><\/p>\n<p><img decoding=\"async\" src=\"\/wp-content\/uploads\/factory-07.webp\"\/><\/p>\n<h3>Porfest\u0151 m\u0171hely<\/h3>\n<p><img decoding=\"async\" src=\"\/wp-content\/uploads\/factory-09.webp\"\/><\/p>\n<h3>Anodiz\u00e1l\u00f3 m\u0171hely<\/h3>\n<p><img decoding=\"async\" src=\"\/wp-content\/uploads\/factory-10.webp\"\/><\/p>\n<h3>M\u00e9ly feldolgoz\u00e1si m\u0171hely<\/h3>\n<p><img decoding=\"async\" src=\"\/wp-content\/uploads\/factory-11.webp\"\/><\/p>\n<h3>CNC prec\u00edzi\u00f3s megmunk\u00e1l\u00f3 m\u0171hely<\/h3>\n<p><img decoding=\"async\" src=\"\/wp-content\/uploads\/factory-11.5.webp\"\/><\/p>\n<h3>K\u00e9szterm\u00e9k \u00e9s export rakt\u00e1r<\/h3>\n<p><img decoding=\"async\" src=\"\/wp-content\/uploads\/factory-12.webp\"\/><\/p>\n<p><img decoding=\"async\" src=\"\/wp-content\/uploads\/factory-13.webp\"\/><\/p>\n<p><img decoding=\"async\" src=\"\/wp-content\/uploads\/factory-14.webp\"\/><\/p>\n<h2>GYIK<\/h2>\n<p><p><b>1.Mi az alum\u00ednium v\u00e1laszfal \/ ablakok ajt\u00f3k Nig\u00e9ria Design?<\/b><\/p>\n<p>Ez utal egyedi alum\u00ednium rendszerek tervezett v\u00e1laszfalak, ablakok, \u00e9s ajt\u00f3k, amelyek megfelelnek a helyi eszt\u00e9tikai \u00e9s \u00e9ghajlati k\u00f6vetelm\u00e9nyeknek Nig\u00e9ria.<br \/>\n<\/p><br \/>\n<br \/>\n<p><b>2.Mi\u00e9rt v\u00e1lasszuk az alum\u00edniumot v\u00e1laszfalak, ablakok \u00e9s ajt\u00f3k sz\u00e1m\u00e1ra?<\/b><\/p>\n<p>Az alum\u00ednium nagy tart\u00f3ss\u00e1got, id\u0151j\u00e1r\u00e1s\u00e1ll\u00f3s\u00e1got \u00e9s eleg\u00e1ns megjelen\u00e9st biztos\u00edt, \u00edgy ide\u00e1lis a modern nig\u00e9riai \u00e9p\u00edtkez\u00e9sekhez.<br \/>\n<\/p><br \/>\n<br \/>\n<p><b>3.Are ezek az alum\u00ednium rendszerek alkalmasak Nig\u00e9ria \u00e9ghajlata?<\/b><\/p>\n<p>Igen, ezek korr\u00f3zi\u00f3\u00e1ll\u00f3 \u00e9s j\u00f3l teljes\u00edtenek a nedves, tengerparti, \u00e9s tr\u00f3pusi k\u00f6rnyezetben gyakori Nig\u00e9ri\u00e1ban.<br \/>\n<\/p><br \/>\n<br \/>\n<p><b>4.Can alum\u00ednium v\u00e1laszfalak \u00e9s ajt\u00f3k testre szabhat\u00f3ak?<\/b><\/p>\n<p>Term\u00e9szetesen k\u00fcl\u00f6nb\u00f6z\u0151 sz\u00ednekben, m\u00e9retekben \u00e9s konfigur\u00e1ci\u00f3kban \u00e1llnak rendelkez\u00e9sre, hogy megfeleljenek mind a lakoss\u00e1gi, mind a kereskedelmi ig\u00e9nyeknek.<br \/>\n<\/p><br \/>\n<br \/>\n<p><b>5.Milyen t\u00edpus\u00fa formatervez\u00e9si mint\u00e1k \u00e1llnak rendelkez\u00e9sre Nig\u00e9ria-specifikus alkalmaz\u00e1sokhoz?<\/b><\/p>\n<p>A kialak\u00edt\u00e1sok k\u00f6z\u00f6tt vannak tol\u00f3-, sz\u00e1rnyas, \u00f6sszecsukhat\u00f3 \u00e9s r\u00f6gz\u00edtett rendszerek, amelyek szell\u0151z\u00e9sre, biztons\u00e1gra \u00e9s st\u00edlusra optimaliz\u00e1ltak.<br \/>\n<\/p><br \/>\n<br \/>\n<p><b>6.Az alum\u00ednium v\u00e1laszfalakat k\u00f6nny\u0171 telep\u00edteni?<\/b><\/p>\n<p>Igen, k\u00f6nny\u0171 s\u00falya \u00e9s modul\u00e1ris fel\u00e9p\u00edt\u00e9se lehet\u0151v\u00e9 teszi a gyors \u00e9s hat\u00e9kony telep\u00edt\u00e9st.<br \/>\n<\/p><br \/>\n<br \/>\n<p><b>7.Ezek a rendszerek alacsony karbantart\u00e1si ig\u00e9ny\u0171ek?<\/b><\/p>\n<p>Igen, az alum\u00edniumrendszerek minim\u00e1lis karbantart\u00e1st ig\u00e9nyelnek, \u00e9s \u00e9vekig meg\u0151rzik a fel\u00fclet\u00fcket \u00e9s teljes\u00edtm\u00e9ny\u00fcket.<br \/>\n<\/p><br \/>\n<br \/>\n<p><b>8.Az alum\u00ednium k\u00f6rnyezetbar\u00e1t anyag?<\/b><\/p>\n<p>Igen, az alum\u00ednium 100% \u00fajrahasznos\u00edthat\u00f3 \u00e9s t\u00e1mogatja a z\u00f6ld \u00e9p\u00edt\u00e9si gyakorlatokat.<br \/>\n<\/p><br \/><\/p>","protected":false},"featured_media":7205,"template":"","categories":[67],"class_list":["post-7206","product","type-product","status-publish","has-post-thumbnail","hentry","category-architectural-aluminium-profile"],"meta_box":{"hilight_text_group":{"product_hilight_text":"<li>Durable aluminum construction ideal for high-traffic residential and commercial spaces<\/li>\r\r\n<li>Corrosion-resistant surface perfect for Nigeria\u00e2\u20ac\u2122s humid and tropical climate<\/li>\r\r\n<li>Modern, elegant designs tailored to local architectural preferences<\/li>\r\r\n<li>Lightweight profiles simplify transportation and installation<\/li>\r\r\n<li>Customizable for partitions, windows, and door systems<\/li>\r\r\n<li>Available in sliding, swing, and fixed configurations<\/li>\r\r\n<li>Low-maintenance and long-lasting performance in all weather conditions<\/li>","product_chanpin_blog":"<ul>\r\r\n<li><a href=\"https:\/\/sinoextrud.com\/t-slot-v-slot-differences\/\" target=\"_blank\">t slot vs v slot<\/a><\/li>\r\r\n<li><a href=\"https:\/\/sinoextrud.com\/what-is-4040-aluminium-extrud\/\" target=\"_blank\">4040 aluminium extrusion<\/a><\/li>\r\r\n<li><a href=\"https:\/\/sinoextrud.com\/what-is-4040-aluminium-extrud\/\" target=\"_blank\">aluminum extrusions for industrial racks<\/a><\/li>\r\r\n<li><a href=\"https:\/\/sinoextrud.com\/powder-coating-aluminium-process\/\" target=\"_blank\">powder coating aluminium<\/a><\/li>\r\r\n<li><a href=\"https:\/\/sinoextrud.com\/what-is-an-aluminium-strip-ceiling\/\" target=\"_blank\">aluminium strip ceiling<\/a><\/li>\r\r\n<li><a href=\"https:\/\/sinoextrud.com\/what-is-a-heat-sink\/\" target=\"_blank\">what is a heat sink<\/a><\/li>\r\r\n<\/ul>","product_chanpin_chanpin":"<li><a href=\"https:\/\/sinoextrud.com\/product\/aluminum-windows-and-doors-for-nigeria\/\" target=\"_blank\">Aluminum windows And Doors For Nigeria<\/a><\/li>\r\n<li><a href=\"https:\/\/sinoextrud.com\/product\/aluminum-curtain-wall-profile-extrusion-profiles-aluminum-tubing-catalog\/\" target=\"_blank\">aluminum curtain wall profile extrusion profiles aluminum tubing catalog<\/a><\/li>\r\n<li><a href=\"https:\/\/sinoextrud.com\/product\/the-world-most-popular-6000-series-aluminum-extrusion-profile-louver-shutter-for-adjustable-waterproof-louver-windows\/\" target=\"_blank\">The World Most Popular 6000 Series aluminum extrusion Profile louver shutter For Adjustable Waterproof Louver Windows<\/a><\/li>\r\n<li><a href=\"https:\/\/sinoextrud.com\/product\/aluminum-extrusion-solar-panel-frame\/\" target=\"_blank\">Aluminum extrusion solar panel frame<\/a><\/li>\r\n<li><a href=\"https:\/\/sinoextrud.com\/product\/aluminum-partitioning-windows-doors-nigeria-design\/\" target=\"_blank\">Aluminum Partitioning Windows Doors Nigeria Design<\/a><\/li>\r\n<li><a href=\"https:\/\/sinoextrud.com\/product\/anodized-powder-coated-aluminum-extrusion-profile-for-outdoor-louver-shutter\/\" target=\"_blank\">Anodized Powder Coated Aluminum Extrusion Profile For Outdoor Louver Shutter<\/a><\/li>\r\n<li><a href=\"https:\/\/sinoextrud.com\/product\/extrusion-aluminium-tube-pipe-aluminum-polishing-style\/\" target=\"_blank\">Extrusion Aluminium Tube Pipe Aluminum Polishing Style<\/a><\/li>\r\n<li><a href=\"https:\/\/sinoextrud.com\/product\/10-series-golden-aluminum-extrusion-profiles\/\" target=\"_blank\">10 Series Golden Aluminum Extrusion Profiles<\/a><\/li>\r\n<li><a href=\"https:\/\/sinoextrud.com\/product\/10x10-aluminum-extrusion-for-decoration\/\" target=\"_blank\">10\u00c3\u201410 Aluminum Extrusion For Decoration<\/a><\/li>\r\n<li><a href=\"https:\/\/sinoextrud.com\/product\/aluminum-tube-coated-powder-price-per-kg-for-lowes-aluminum-pipe-fence-china\/\" target=\"_blank\">aluminum tube coated powder price per kg for lowes aluminum pipe fence china<\/a><\/li>\r\n<li><a href=\"https:\/\/sinoextrud.com\/product\/aluminum-price-per-ton\/\" target=\"_blank\">Aluminum Price Per Ton<\/a><\/li>"},"feature_list":[]},"_links":{"self":[{"href":"https:\/\/sinoextrud.com\/hu\/wp-json\/wp\/v2\/product\/7206","targetHints":{"allow":["GET"]}}],"collection":[{"href":"https:\/\/sinoextrud.com\/hu\/wp-json\/wp\/v2\/product"}],"about":[{"href":"https:\/\/sinoextrud.com\/hu\/wp-json\/wp\/v2\/types\/product"}],"wp:featuredmedia":[{"embeddable":true,"href":"https:\/\/sinoextrud.com\/hu\/wp-json\/wp\/v2\/media\/7205"}],"wp:attachment":[{"href":"https:\/\/sinoextrud.com\/hu\/wp-json\/wp\/v2\/media?parent=7206"}],"wp:term":[{"taxonomy":"category","embeddable":true,"href":"https:\/\/sinoextrud.com\/hu\/wp-json\/wp\/v2\/categories?post=7206"}],"curies":[{"name":"wp","href":"https:\/\/api.w.org\/{rel}","templated":true}]}}