{"id":7204,"date":"2025-06-06T01:50:12","date_gmt":"2025-06-06T01:50:12","guid":{"rendered":"https:\/\/sinoextrud.com\/product\/aluminum-extrusion-solar-panel-frame\/"},"modified":"2025-06-24T06:12:13","modified_gmt":"2025-06-24T06:12:13","slug":"aluminium-extrudalt-napelem-keret","status":"publish","type":"product","link":"https:\/\/sinoextrud.com\/hu\/product\/aluminum-extrusion-solar-panel-frame\/","title":{"rendered":"Alum\u00ednium extrud\u00e1lt napelem keret"},"content":{"rendered":"<h2>Term\u00e9kek r\u00e9szletei<\/h2>\n<table class=\"custom-table\">\n<tr>\n<td class=\"label\">T\u00e9tel:<\/td>\n<td> Alum\u00ednium extrud\u00e1lt napelem keret\uff0c<\/td>\n<\/tr>\n<tr>\n<td class=\"label\">Oszt\u00e1ly:<\/td>\n<td> 6000-es sorozat\uff0c<\/td>\n<\/tr>\n<tr>\n<td class=\"label\">Lelkiismeretesen:<\/td>\n<td> T3 - T8\uff0c<\/td>\n<\/tr>\n<tr>\n<td class=\"label\">Hossz\u00fas\u00e1g:<\/td>\n<td>1-9 m\u00e9ter vagy testreszabott\uff0c<\/td>\n<\/tr>\n<tr>\n<td class=\"label\">\u00f6tv\u00f6zet:<\/td>\n<td> Alloy\uff0c<\/td>\n<\/tr>\n<tr>\n<td class=\"label\">M\u00e9ret:<\/td>\n<td> Testreszabott\uff0c<\/td>\n<\/tr>\n<tr>\n<td class=\"label\">Termel\u00e9si t\u00edpus:<\/td>\n<td> T\u00f6megtermel\u00e9s\uff0c<\/td>\n<\/tr>\n<tr>\n<td class=\"label\">Alkalmaz\u00e1s:<\/td>\n<td> Alum\u00ednium Solor panel keretprofil\uff0c<\/td>\n<\/tr>\n<tr>\n<td class=\"label\">V\u00e9djegy:<\/td>\n<td> Sinoextrud (Sinoextrud) \/ OEM\uff0c<\/td>\n<\/tr>\n<tr>\n<td class=\"label\">Eredet:<\/td>\n<td> Foshan, K\u00edna<br \/>\n \uff0c<\/td>\n<\/tr>\n<\/table>\n<h2>Gy\u00e1rt\u00f3 b\u00e1zisunk<\/h2>\n<h3>Gy\u00e1ri panor\u00e1ma<\/h3>\n<p><img decoding=\"async\" src=\"\/wp-content\/uploads\/factory-01.webp\"\/><\/p>\n<h3>Alum\u00ednium r\u00fadgy\u00e1rt\u00f3 m\u0171hely<\/h3>\n<p><img decoding=\"async\" src=\"\/wp-content\/uploads\/factory-02.webp\"\/><\/p>\n<p><img decoding=\"async\" src=\"\/wp-content\/uploads\/factory-03.webp\"\/><\/p>\n<h3>Pen\u00e9sz rakt\u00e1r<\/h3>\n<p><img decoding=\"async\" src=\"\/wp-content\/uploads\/factory-04.webp\"\/><\/p>\n<h3>43 alum\u00ednium extrud\u00e1l\u00f3 vonal (500-5500 tonna)<\/h3>\n<p><img decoding=\"async\" src=\"\/wp-content\/uploads\/factory-05.webp\"\/><\/p>\n<p><img decoding=\"async\" src=\"\/wp-content\/uploads\/factory-06.webp\"\/><\/p>\n<p><img decoding=\"async\" src=\"\/wp-content\/uploads\/factory-07.webp\"\/><\/p>\n<h3>Porfest\u0151 m\u0171hely<\/h3>\n<p><img decoding=\"async\" src=\"\/wp-content\/uploads\/factory-09.webp\"\/><\/p>\n<h3>Anodiz\u00e1l\u00f3 m\u0171hely<\/h3>\n<p><img decoding=\"async\" src=\"\/wp-content\/uploads\/factory-10.webp\"\/><\/p>\n<h3>M\u00e9ly feldolgoz\u00e1si m\u0171hely<\/h3>\n<p><img decoding=\"async\" src=\"\/wp-content\/uploads\/factory-11.webp\"\/><\/p>\n<h3>CNC prec\u00edzi\u00f3s megmunk\u00e1l\u00f3 m\u0171hely<\/h3>\n<p><img decoding=\"async\" src=\"\/wp-content\/uploads\/factory-11.5.webp\"\/><\/p>\n<h3>K\u00e9szterm\u00e9k \u00e9s export rakt\u00e1r<\/h3>\n<p><img decoding=\"async\" src=\"\/wp-content\/uploads\/factory-12.webp\"\/><\/p>\n<p><img decoding=\"async\" src=\"\/wp-content\/uploads\/factory-13.webp\"\/><\/p>\n<p><img decoding=\"async\" src=\"\/wp-content\/uploads\/factory-14.webp\"\/><\/p>\n<h2>GYIK<\/h2>\n<p><p><b>1.Mi az alum\u00ednium extrud\u00e1lt napelemkeret?<\/b><\/p>\n<p>Az alum\u00ednium extrud\u00e1lt napelemkeret egy olyan szerkezeti alum\u00edniumprofil, amelyet a napelemek fotovoltaikus rendszerekben t\u00f6rt\u00e9n\u0151 al\u00e1t\u00e1maszt\u00e1s\u00e1ra \u00e9s r\u00f6gz\u00edt\u00e9s\u00e9re terveztek.<br \/>\n<\/p><br \/>\n<br \/>\n<p><b>2.Mi\u00e9rt haszn\u00e1ljon alum\u00edniumot a napelemkeretekhez?<\/b><\/p>\n<p>Az alum\u00ednium k\u00f6nny\u0171, er\u0151s \u00e9s korr\u00f3zi\u00f3\u00e1ll\u00f3, \u00edgy ide\u00e1lis a hossz\u00fa t\u00e1v\u00fa k\u00fclt\u00e9ri haszn\u00e1latra napelemes berendez\u00e9sekben.<br \/>\n<\/p><br \/>\n<br \/>\n<p><b>3.Are alum\u00ednium extrud\u00e1lt napelemkeretek id\u0151j\u00e1r\u00e1s\u00e1ll\u00f3ak?<\/b><\/p>\n<p>Igen, \u00fagy tervezt\u00e9k \u0151ket, hogy ellen\u00e1lljanak az UV-sug\u00e1rz\u00e1snak, az es\u0151nek, a sz\u00e9lnek \u00e9s m\u00e1s k\u00fclt\u00e9ri k\u00f6r\u00fclm\u00e9nyeknek an\u00e9lk\u00fcl, hogy romlan\u00e1nak.<br \/>\n<\/p><br \/>\n<br \/>\n<p><b>4.Can alum\u00ednium napelemkeretek testreszabhat\u00f3ak?<\/b><\/p>\n<p>Igen, a keretek hossza, profilform\u00e1ja \u00e9s kivitelez\u00e9se testre szabhat\u00f3, hogy megfeleljen az adott napelem-modelleknek \u00e9s rendszerelrendez\u00e9seknek.<br \/>\n<\/p><br \/>\n<br \/>\n<p><b>5.Ezek a keretek minden napelemmel m\u0171k\u00f6dnek?<\/b><\/p>\n<p>A legt\u00f6bb alum\u00ednium extrud\u00e1lt napelemkeret kompatibilis a szabv\u00e1nyos fotovoltaikus panelm\u00e9retekkel \u00e9s r\u00f6gz\u00edt\u00e9si rendszerekkel.<br \/>\n<\/p><br \/>\n<br \/>\n<p><b>6.Az alum\u00ednium napelemkereteket k\u00f6nny\u0171 telep\u00edteni?<\/b><\/p>\n<p>Igen, k\u00f6nny\u0171 szerkezet\u00fck \u00e9s pontos m\u00e9reteik gyorsabb\u00e1 \u00e9s k\u00f6nnyebb\u00e9 teszik a telep\u00edt\u00e9st, cs\u00f6kkentve a munkaer\u0151k\u00f6lts\u00e9geket.<br \/>\n<\/p><br \/>\n<br \/>\n<p><b>7.Az alum\u00ednium k\u00f6rnyezetbar\u00e1t anyag a napelemkeretekhez?<\/b><\/p>\n<p>Term\u00e9szetesen az alum\u00ednium 100% \u00fajrahasznos\u00edthat\u00f3, \u00e9s t\u00e1mogatja a napenergia-rendszerek fenntarthat\u00f3s\u00e1gi c\u00e9ljait.<br \/>\n<\/p><br \/>\n<br \/>\n<p><b>8.Milyen el\u0151nyei vannak az extrud\u00e1lt keretek haszn\u00e1lat\u00e1nak az ac\u00e9llal szemben?<\/b><\/p>\n<p>Az extrud\u00e1lt alum\u00edniumkeretek az ac\u00e9lhoz k\u00e9pest k\u00f6nnyebbek, korr\u00f3zi\u00f3\u00e1ll\u00f3ak \u00e9s k\u00f6nnyebben kezelhet\u0151k, ami jav\u00edtja mind a telep\u00edt\u00e9st, mind a hossz\u00fa \u00e9lettartamot.<br \/>\n<\/p><br \/><\/p>","protected":false},"featured_media":7203,"template":"","categories":[67],"class_list":["post-7204","product","type-product","status-publish","has-post-thumbnail","hentry","category-architectural-aluminium-profile"],"meta_box":{"hilight_text_group":{"product_hilight_text":"<li>High-strength aluminum ensures long-lasting solar panel support<\/li>\r\r\n<li>Corrosion-resistant surface ideal for harsh outdoor environments<\/li>\r\r\n<li>Lightweight design reduces transportation and installation costs<\/li>\r\r\n<li>Precision extrusion guarantees easy panel alignment and fit<\/li>\r\r\n<li>Customizable sizes and finishes for different solar system designs<\/li>\r\r\n<li>Compatible with most photovoltaic panel types and mounting systems<\/li>\r\r\n<li>Environmentally friendly and fully recyclable material<\/li>","product_chanpin_blog":"<ul>\r\r\n<li><a href=\"https:\/\/sinoextrud.com\/t-slot-v-slot-differences\/\" target=\"_blank\">t slot vs v slot<\/a><\/li>\r\r\n<li><a href=\"https:\/\/sinoextrud.com\/what-is-4040-aluminium-extrud\/\" target=\"_blank\">4040 aluminium extrusion<\/a><\/li>\r\r\n<li><a href=\"https:\/\/sinoextrud.com\/what-is-4040-aluminium-extrud\/\" target=\"_blank\">aluminum extrusions for industrial racks<\/a><\/li>\r\r\n<li><a href=\"https:\/\/sinoextrud.com\/powder-coating-aluminium-process\/\" target=\"_blank\">powder coating aluminium<\/a><\/li>\r\r\n<li><a href=\"https:\/\/sinoextrud.com\/what-is-an-aluminium-strip-ceiling\/\" target=\"_blank\">aluminium strip ceiling<\/a><\/li>\r\r\n<li><a href=\"https:\/\/sinoextrud.com\/what-is-a-heat-sink\/\" target=\"_blank\">what is a heat sink<\/a><\/li>\r\r\n<\/ul>","product_chanpin_chanpin":"<li><a href=\"https:\/\/sinoextrud.com\/product\/powder-coating-aluminum-window-profile\/\" target=\"_blank\">Powder Coating Aluminum Window Profile<\/a><\/li>\r\n<li><a href=\"https:\/\/sinoextrud.com\/product\/aluminum-windows-and-doors-for-nigeria\/\" target=\"_blank\">Aluminum windows And Doors For Nigeria<\/a><\/li>\r\n<li><a href=\"https:\/\/sinoextrud.com\/product\/aluminum-curtain-wall-profile-extrusion-profiles-aluminum-tubing-catalog\/\" target=\"_blank\">aluminum curtain wall profile extrusion profiles aluminum tubing catalog<\/a><\/li>\r\n<li><a href=\"https:\/\/sinoextrud.com\/product\/the-world-most-popular-6000-series-aluminum-extrusion-profile-louver-shutter-for-adjustable-waterproof-louver-windows\/\" target=\"_blank\">The World Most Popular 6000 Series aluminum extrusion Profile louver shutter For Adjustable Waterproof Louver Windows<\/a><\/li>\r\n<li><a href=\"https:\/\/sinoextrud.com\/product\/aluminum-extrusion-solar-panel-frame\/\" target=\"_blank\">Aluminum extrusion solar panel frame<\/a><\/li>\r\n<li><a href=\"https:\/\/sinoextrud.com\/product\/aluminum-partitioning-windows-doors-nigeria-design\/\" target=\"_blank\">Aluminum Partitioning Windows Doors Nigeria Design<\/a><\/li>\r\n<li><a href=\"https:\/\/sinoextrud.com\/product\/anodized-powder-coated-aluminum-extrusion-profile-for-outdoor-louver-shutter\/\" target=\"_blank\">Anodized Powder Coated Aluminum Extrusion Profile For Outdoor Louver Shutter<\/a><\/li>\r\n<li><a href=\"https:\/\/sinoextrud.com\/product\/extrusion-aluminium-tube-pipe-aluminum-polishing-style\/\" target=\"_blank\">Extrusion Aluminium Tube Pipe Aluminum Polishing Style<\/a><\/li>\r\n<li><a href=\"https:\/\/sinoextrud.com\/product\/10-series-golden-aluminum-extrusion-profiles\/\" target=\"_blank\">10 Series Golden Aluminum Extrusion Profiles<\/a><\/li>\r\n<li><a href=\"https:\/\/sinoextrud.com\/product\/aluminium-extrusion-for-solar-panel-mounting-frame\/\" target=\"_blank\">Aluminium extrusion for solar panel mounting frame<\/a><\/li>\r\n<li><a href=\"https:\/\/sinoextrud.com\/product\/aluminium-fence-slats-aluminum-strips-aluminium-bean-and-aluminium-channel\/\" target=\"_blank\">Aluminium Fence Slats Aluminum Strips Aluminium Bean and Aluminium Channel<\/a><\/li>"},"feature_list":[]},"_links":{"self":[{"href":"https:\/\/sinoextrud.com\/hu\/wp-json\/wp\/v2\/product\/7204","targetHints":{"allow":["GET"]}}],"collection":[{"href":"https:\/\/sinoextrud.com\/hu\/wp-json\/wp\/v2\/product"}],"about":[{"href":"https:\/\/sinoextrud.com\/hu\/wp-json\/wp\/v2\/types\/product"}],"wp:featuredmedia":[{"embeddable":true,"href":"https:\/\/sinoextrud.com\/hu\/wp-json\/wp\/v2\/media\/7203"}],"wp:attachment":[{"href":"https:\/\/sinoextrud.com\/hu\/wp-json\/wp\/v2\/media?parent=7204"}],"wp:term":[{"taxonomy":"category","embeddable":true,"href":"https:\/\/sinoextrud.com\/hu\/wp-json\/wp\/v2\/categories?post=7204"}],"curies":[{"name":"wp","href":"https:\/\/api.w.org\/{rel}","templated":true}]}}