{"id":7048,"date":"2025-06-05T03:26:59","date_gmt":"2025-06-05T03:26:59","guid":{"rendered":"https:\/\/sinoextrud.com\/product\/aluminum-curtain-wall-profile-extrusion-profiles-aluminum-tubing-catalog\/"},"modified":"2025-06-24T06:12:12","modified_gmt":"2025-06-24T06:12:12","slug":"aluminium-fuggonyfal-profil-extrudalt-profilok-aluminium-cso-katalogus","status":"publish","type":"product","link":"https:\/\/sinoextrud.com\/hu\/product\/aluminum-curtain-wall-profile-extrusion-profiles-aluminum-tubing-catalog\/","title":{"rendered":"alum\u00ednium f\u00fcgg\u00f6nyfal profil extrud\u00e1lt profilok alum\u00ednium cs\u0151 katal\u00f3gus"},"content":{"rendered":"<h2>Term\u00e9kek r\u00e9szletei<\/h2>\n<table class=\"custom-table\">\n<tr>\n<td class=\"label\">Modell NO.:<\/td>\n<td> alum\u00ednium f\u00fcgg\u00f6nyfal profil extrud\u00e1lt profilok alum\u00ednium cs\u00f6vek katal\u00f3gus\uff0c<\/td>\n<\/tr>\n<tr>\n<td class=\"label\">Alkalmaz\u00e1s:<\/td>\n<td> alum\u00ednium f\u00fcgg\u00f6nyfal profil\uff0c<\/td>\n<\/tr>\n<tr>\n<td class=\"label\">Oszt\u00e1ly:<\/td>\n<td> 6000-es sorozat\uff0c<\/td>\n<\/tr>\n<tr>\n<td class=\"label\">Technika:<\/td>\n<td> Extrud\u00e1lt\uff0c<\/td>\n<\/tr>\n<tr>\n<td class=\"label\">Lelkiismeretesen:<\/td>\n<td> T3 - T8\uff0c<\/td>\n<\/tr>\n<tr>\n<td class=\"label\">M\u00e9retek:<\/td>\n<td> Testreszabott\uff0c<\/td>\n<\/tr>\n<tr>\n<td class=\"label\">Megmunk\u00e1l\u00e1si szolg\u00e1ltat\u00e1sok:<\/td>\n<td> F\u00far\u00e1s, csavaroz\u00e1s, szegecsel\u00e9s, \u00f6sszeszerel\u00e9s stb.<\/td>\n<\/tr>\n<tr>\n<td class=\"label\">Specifik\u00e1ci\u00f3:<\/td>\n<td> SGS, Rohs, ISO\uff0c<\/td>\n<\/tr>\n<tr>\n<td class=\"label\">HS-k\u00f3d:<\/td>\n<td> 76042990\uff0c<\/td>\n<\/tr>\n<tr>\n<td class=\"label\">T\u00edpus:<\/td>\n<td> Alum\u00ednium profilok\uff0c<\/td>\n<\/tr>\n<tr>\n<td class=\"label\">Alak:<\/td>\n<td> alum\u00ednium cs\u00f6vek\uff0c<\/td>\n<\/tr>\n<tr>\n<td class=\"label\">Fel\u00fcletkezel\u00e9s:<\/td>\n<td> Elox\u00e1lt, porsz\u00f3rt, stb.<\/td>\n<\/tr>\n<tr>\n<td class=\"label\">\u00f6tv\u00f6zet:<\/td>\n<td> Alloy\uff0c<\/td>\n<\/tr>\n<tr>\n<td class=\"label\">Tan\u00fas\u00edt\u00e1s:<\/td>\n<td> ISO, RoHS\uff0c<\/td>\n<\/tr>\n<tr>\n<td class=\"label\">Hossz\u00fas\u00e1g:<\/td>\n<td> 1-9m vagy testreszabott\uff0c<\/td>\n<\/tr>\n<tr>\n<td class=\"label\">Sz\u00ednek:<\/td>\n<td> Made as Provided Color Number\uff0c<\/td>\n<\/tr>\n<tr>\n<td class=\"label\">Eredet:<\/td>\n<td> Foshan, Guangdong\uff0c<\/td>\n<\/tr>\n<\/table>\n<h2>Gy\u00e1rt\u00f3 b\u00e1zisunk<\/h2>\n<h3>Gy\u00e1ri panor\u00e1ma<\/h3>\n<p><img decoding=\"async\" src=\"\/wp-content\/uploads\/factory-01.webp\"\/><\/p>\n<h3>Alum\u00ednium r\u00fadgy\u00e1rt\u00f3 m\u0171hely<\/h3>\n<p><img decoding=\"async\" src=\"\/wp-content\/uploads\/factory-02.webp\"\/><\/p>\n<\/p>\n<p><img decoding=\"async\" src=\"\/wp-content\/uploads\/factory-03.webp\"\/><\/p>\n<h3>Pen\u00e9sz rakt\u00e1r<\/h3>\n<p><img decoding=\"async\" src=\"\/wp-content\/uploads\/factory-04.webp\"\/><\/p>\n<h3>43 alum\u00ednium extrud\u00e1l\u00f3 vonal (500-5500 tonna)<\/h3>\n<p><img decoding=\"async\" src=\"\/wp-content\/uploads\/factory-05.webp\"\/><\/p>\n<p><img decoding=\"async\" src=\"\/wp-content\/uploads\/factory-06.webp\"\/><\/p>\n<p><img decoding=\"async\" src=\"\/wp-content\/uploads\/factory-07.webp\"\/><\/p>\n<h3>Porfest\u0151 m\u0171hely<\/h3>\n<p><img decoding=\"async\" src=\"\/wp-content\/uploads\/factory-09.webp\"\/><\/p>\n<h3>Anodiz\u00e1l\u00f3 m\u0171hely<\/h3>\n<p><img decoding=\"async\" src=\"\/wp-content\/uploads\/factory-10.webp\"\/><\/p>\n<h3>M\u00e9ly feldolgoz\u00e1si m\u0171hely<\/h3>\n<p><img decoding=\"async\" src=\"\/wp-content\/uploads\/factory-11.webp\"\/><\/p>\n<h3>CNC prec\u00edzi\u00f3s megmunk\u00e1l\u00f3 m\u0171hely<\/h3>\n<p><img decoding=\"async\" src=\"\/wp-content\/uploads\/factory-11.5.webp\"\/><\/p>\n<h3>K\u00e9szterm\u00e9k \u00e9s export rakt\u00e1r<\/h3>\n<p><img decoding=\"async\" src=\"\/wp-content\/uploads\/factory-12.webp\"\/><\/p>\n<p><img decoding=\"async\" src=\"\/wp-content\/uploads\/factory-13.webp\"\/><\/p>\n<p><img decoding=\"async\" src=\"\/wp-content\/uploads\/factory-14.webp\"\/><\/p>\n<h2>GYIK<\/h2>\n<p><b>1.Mi az alum\u00ednium f\u00fcgg\u00f6nyfalprofil?<\/b><\/p>\n<p>Az alum\u00ednium f\u00fcgg\u00f6nyfalprofil egy k\u00f6nny\u0171 szerkezeti elem, amelyet a modern \u00e9p\u00fclethomlokzatokban haszn\u00e1lnak az \u00fcveglapok al\u00e1t\u00e1maszt\u00e1s\u00e1ra \u00e9s az energiahat\u00e9konys\u00e1g jav\u00edt\u00e1s\u00e1ra.\n<\/p>\n<p><\/p>\n<p><b>2.Mik az alum\u00ednium extrud\u00e1lt profilok el\u0151nyei?<\/b><\/p>\n<p>Az alum\u00ednium extrud\u00e1lt profilok nagy szil\u00e1rds\u00e1got, k\u00f6nny\u0171 s\u00falyt \u00e9s testreszabhat\u00f3 form\u00e1kat k\u00edn\u00e1lnak, amelyek t\u00f6k\u00e9letesen alkalmasak \u00e9p\u00edt\u00e9szeti \u00e9s ipari alkalmaz\u00e1sokhoz.\n<\/p>\n<p><\/p>\n<p><b>3.Can alum\u00ednium cs\u00f6vek testreszabhat\u00f3 a katal\u00f3gusban?<\/b><\/p>\n<p>Igen, alum\u00edniumcs\u0151 katal\u00f3gusunk testreszabhat\u00f3 opci\u00f3kat tartalmaz, hogy megfeleljen a projekt egyedi k\u00f6vetelm\u00e9nyeinek m\u00e9retben, form\u00e1ban \u00e9s fel\u00fcletkezel\u00e9sben.\n<\/p>\n<p><\/p>\n<p><b>4.Milyen fel\u00fcleti fel\u00fcletek \u00e1llnak rendelkez\u00e9sre az alum\u00ednium f\u00fcgg\u00f6nyfalprofilokhoz?<\/b><\/p>\n<p>Elox\u00e1l\u00e1st, porfest\u00e9st \u00e9s elektrofor\u00e9zis bevonatot k\u00edn\u00e1lunk a jobb megjelen\u00e9s \u00e9s korr\u00f3zi\u00f3\u00e1ll\u00f3s\u00e1g \u00e9rdek\u00e9ben.\n<\/p>\n<p><\/p>\n<p><b>5.Mennyire tart\u00f3sak az alum\u00ednium extrud\u00e1lt profilok?<\/b><\/p>\n<p>Alum\u00ednium extrud\u00e1lt profiljaink nagy szil\u00e1rds\u00e1g\u00fa \u00f6tv\u00f6zetekb\u0151l k\u00e9sz\u00fclnek, \u00e9s a hossz\u00fa t\u00e1v\u00fa tart\u00f3ss\u00e1g biztos\u00edt\u00e1sa \u00e9rdek\u00e9ben szigor\u00fa min\u0151s\u00e9gellen\u0151rz\u00e9snek vetj\u00fck al\u00e1 \u0151ket.\n<\/p>\n<p><\/p>\n<p><b>6. ny\u00fajt m\u0171szaki t\u00e1mogat\u00e1st az alum\u00edniumprofilok be\u00e9p\u00edt\u00e9s\u00e9hez?<\/b><\/p>\n<p>Igen, technikai t\u00e1mogat\u00e1st \u00e9s CAD-rajzokat biztos\u00edtunk, hogy seg\u00edts\u00fck a telep\u00edt\u00e9st \u00e9s biztos\u00edtsuk alum\u00edniumprofiljaink megfelel\u0151 alkalmaz\u00e1s\u00e1t.\n<\/p>\n<p><\/p>\n<p><b>7.K\u00f6rnyezetbar\u00e1tok az alum\u00ednium profilok?<\/b><\/p>\n<p>Igen, az alum\u00ednium \u00fajrahasznos\u00edthat\u00f3 anyag, \u00e9s gy\u00e1rt\u00e1si folyamatunkban kiemelt szerepet kap a fenntarthat\u00f3s\u00e1g \u00e9s a k\u00f6rnyezetbar\u00e1t gyakorlat.\n<\/p>\n<p><\/p>\n<p><b>8.Milyen ipar\u00e1gak haszn\u00e1lj\u00e1k \u00e1ltal\u00e1ban az \u00d6n katal\u00f3gus\u00e1b\u00f3l sz\u00e1rmaz\u00f3 alum\u00edniumcs\u00f6veket?<\/b><\/p>\n<p>Az alum\u00edniumcs\u00f6veket er\u0151ss\u00e9ge \u00e9s sokoldal\u00fas\u00e1ga miatt sz\u00e9les k\u00f6rben haszn\u00e1lj\u00e1k az \u00e9p\u00edt\u0151iparban, a k\u00f6zleked\u00e9sben, a rep\u00fcl\u0151g\u00e9piparban \u00e9s az \u00e9p\u00edt\u00e9szeti alkalmaz\u00e1sokban.\n<\/p>\n<p><\/p>","protected":false},"featured_media":7047,"template":"","categories":[67],"class_list":["post-7048","product","type-product","status-publish","has-post-thumbnail","hentry","category-architectural-aluminium-profile"],"meta_box":{"hilight_text_group":{"product_hilight_text":"<li>High-strength aluminum alloy for superior durability and structural integrity<\/li>\r\r\n<li>Custom extrusion profiles tailored to architectural curtain wall systems<\/li>\r\r\n<li>Precision manufacturing ensures consistent dimensions and seamless installation<\/li>\r\r\n<li>Corrosion-resistant finish ideal for long-term outdoor use<\/li>\r\r\n<li>Wide range of standard and custom tubing options available<\/li>\r\r\n<li>Supports anodizing, powder coating, and other surface treatments<\/li>\r\r\n<li>Lightweight design reduces transportation and installation costs<\/li>\r\r\n<li>Strict quality control for excellent performance and longevity<\/li>","product_chanpin_blog":"<ul>\r\r\n<li><a href=\"https:\/\/sinoextrud.com\/t-slot-v-slot-differences\/\" target=\"_blank\">t slot vs v slot<\/a><\/li>\r\r\n<li><a href=\"https:\/\/sinoextrud.com\/what-is-4040-aluminium-extrud\/\" target=\"_blank\">4040 aluminium extrusion<\/a><\/li>\r\r\n<li><a href=\"https:\/\/sinoextrud.com\/what-is-4040-aluminium-extrud\/\" target=\"_blank\">aluminum extrusions for industrial racks<\/a><\/li>\r\r\n<li><a href=\"https:\/\/sinoextrud.com\/powder-coating-aluminium-process\/\" target=\"_blank\">powder coating aluminium<\/a><\/li>\r\r\n<li><a href=\"https:\/\/sinoextrud.com\/what-is-an-aluminium-strip-ceiling\/\" target=\"_blank\">aluminium strip ceiling<\/a><\/li>\r\r\n<li><a href=\"https:\/\/sinoextrud.com\/what-is-a-heat-sink\/\" target=\"_blank\">what is a heat sink<\/a><\/li>\r\r\n<\/ul>","product_chanpin_chanpin":"<li><a href=\"https:\/\/sinoextrud.com\/product\/h-section-aluminium-extrusion-foshan-factory\/\" target=\"_blank\">H Section Aluminium Extrusion Foshan Factory<\/a><\/li>\r\n<li><a href=\"https:\/\/sinoextrud.com\/product\/6061-extruded-aluminum\/\" target=\"_blank\">6061 Extruded Aluminum<\/a><\/li>\r\n<li><a href=\"https:\/\/sinoextrud.com\/product\/powder-coating-aluminum-window-profile\/\" target=\"_blank\">Powder Coating Aluminum Window Profile<\/a><\/li>\r\n<li><a href=\"https:\/\/sinoextrud.com\/product\/aluminum-windows-and-doors-for-nigeria\/\" target=\"_blank\">Aluminum windows And Doors For Nigeria<\/a><\/li>\r\n<li><a href=\"https:\/\/sinoextrud.com\/product\/aluminum-curtain-wall-profile-extrusion-profiles-aluminum-tubing-catalog\/\" target=\"_blank\">aluminum curtain wall profile extrusion profiles aluminum tubing catalog<\/a><\/li>\r\n<li><a href=\"https:\/\/sinoextrud.com\/product\/the-world-most-popular-6000-series-aluminum-extrusion-profile-louver-shutter-for-adjustable-waterproof-louver-windows\/\" target=\"_blank\">The World Most Popular 6000 Series aluminum extrusion Profile louver shutter For Adjustable Waterproof Louver Windows<\/a><\/li>\r\n<li><a href=\"https:\/\/sinoextrud.com\/product\/aluminum-extrusion-solar-panel-frame\/\" target=\"_blank\">Aluminum extrusion solar panel frame<\/a><\/li>\r\n<li><a href=\"https:\/\/sinoextrud.com\/product\/aluminum-partitioning-windows-doors-nigeria-design\/\" target=\"_blank\">Aluminum Partitioning Windows Doors Nigeria Design<\/a><\/li>\r\n<li><a href=\"https:\/\/sinoextrud.com\/product\/anodized-powder-coated-aluminum-extrusion-profile-for-outdoor-louver-shutter\/\" target=\"_blank\">Anodized Powder Coated Aluminum Extrusion Profile For Outdoor Louver Shutter<\/a><\/li>\r\n<li><a href=\"https:\/\/sinoextrud.com\/product\/aluminum-window-extrusion-profiles\/\" target=\"_blank\">Aluminum Window Extrusion Profiles<\/a><\/li>\r\n<li><a href=\"https:\/\/sinoextrud.com\/product\/powder-coated-aluminium-extrusion\/\" target=\"_blank\">Powder Coated Aluminium Extrusion<\/a><\/li>"},"feature_list":[]},"_links":{"self":[{"href":"https:\/\/sinoextrud.com\/hu\/wp-json\/wp\/v2\/product\/7048","targetHints":{"allow":["GET"]}}],"collection":[{"href":"https:\/\/sinoextrud.com\/hu\/wp-json\/wp\/v2\/product"}],"about":[{"href":"https:\/\/sinoextrud.com\/hu\/wp-json\/wp\/v2\/types\/product"}],"wp:featuredmedia":[{"embeddable":true,"href":"https:\/\/sinoextrud.com\/hu\/wp-json\/wp\/v2\/media\/7047"}],"wp:attachment":[{"href":"https:\/\/sinoextrud.com\/hu\/wp-json\/wp\/v2\/media?parent=7048"}],"wp:term":[{"taxonomy":"category","embeddable":true,"href":"https:\/\/sinoextrud.com\/hu\/wp-json\/wp\/v2\/categories?post=7048"}],"curies":[{"name":"wp","href":"https:\/\/api.w.org\/{rel}","templated":true}]}}