{"id":7046,"date":"2025-06-05T03:23:36","date_gmt":"2025-06-05T03:23:36","guid":{"rendered":"https:\/\/sinoextrud.com\/product\/aluminum-windows-and-doors-for-nigeria\/"},"modified":"2025-06-24T06:12:12","modified_gmt":"2025-06-24T06:12:12","slug":"aluminium-ablakok-es-ajtok-nigeria-szamara","status":"publish","type":"product","link":"https:\/\/sinoextrud.com\/hu\/product\/aluminum-windows-and-doors-for-nigeria\/","title":{"rendered":"Alum\u00ednium ablakok \u00e9s ajt\u00f3k Nig\u00e9ria"},"content":{"rendered":"<h2>Term\u00e9kek r\u00e9szletei<\/h2>\n<table class=\"custom-table\">\n<tr>\n<td class=\"label\">T\u00e9tel:<\/td>\n<td> Alum\u00ednium CNC lyukaszt\u00f3 alkatr\u00e9szek<\/td>\n<\/tr>\n<tr>\n<td class=\"label\">Lelkiismeretesen:<\/td>\n<td> T3-T8\uff0c<\/td>\n<\/tr>\n<tr>\n<td class=\"label\">Anyag:<\/td>\n<td> 6063-T5, 6063-T6, 6061-T5, 6061-T6, 6463-T5\uff0c<\/td>\n<\/tr>\n<tr>\n<td class=\"label\">\u00f6tv\u00f6zet:<\/td>\n<td> Alloy\uff0c<\/td>\n<\/tr>\n<tr>\n<td class=\"label\">Oszt\u00e1ly:<\/td>\n<td> 6000 sorozat\uff0c<\/td>\n<\/tr>\n<tr>\n<td class=\"label\">M\u00e9ret:<\/td>\n<td> Custom\uff0c<\/td>\n<\/tr>\n<tr>\n<td class=\"label\">Hossz\u00fas\u00e1g:<\/td>\n<td> 1-9 m\u00e9ter, vagy testreszabott\uff0c<\/td>\n<\/tr>\n<tr>\n<td class=\"label\">Havi teljes\u00edtm\u00e9ny:<\/td>\n<td> 15,000+ tonna\uff0c<\/td>\n<\/tr>\n<tr>\n<td class=\"label\">T\u00edpus:<\/td>\n<td> Alum\u00ednium extrud\u00e1l\u00e1s CNC profilok \uff0c<\/td>\n<\/tr>\n<tr>\n<td class=\"label\">Specifik\u00e1ci\u00f3:<\/td>\n<td> ISO9001, ISO14001\uff0c<\/td>\n<\/tr>\n<tr>\n<td class=\"label\">Min\u0151s\u00e9gellen\u0151rz\u00e9s:<\/td>\n<td> 100% Sz\u00e1ll\u00edt\u00e1s el\u0151tti ellen\u0151rz\u00e9s\uff0c<\/td>\n<\/tr>\n<tr>\n<td class=\"label\">Tolerancia:<\/td>\n<td> +\/-0.1mm\uff0c<\/td>\n<\/tr>\n<tr>\n<td class=\"label\">Garancia:<\/td>\n<td> A fel\u00fclet sz\u00edne 10-20 \u00e9vig stabil lehet belt\u00e9rben.<\/td>\n<\/tr>\n<tr>\n<td class=\"label\">Szolg\u00e1ltat\u00e1s:<\/td>\n<td> OEM\/ODM\uff0c<\/td>\n<\/tr>\n<tr>\n<td class=\"label\">Eredet:<\/td>\n<td> Foshan, K\u00edna\uff0c<\/td>\n<\/tr>\n<tr>\n<td class=\"label\">V\u00e9djegy:<\/td>\n<td> Sinoextrud (Sinoextrud) \/ OEM\uff0c<\/td>\n<\/tr>\n<\/table>\n<h2>Gy\u00e1rt\u00f3 b\u00e1zisunk<\/h2>\n<h3>Gy\u00e1ri panor\u00e1ma<\/h3>\n<p><img decoding=\"async\" src=\"\/wp-content\/uploads\/factory-01.webp\"\/><\/p>\n<h3>Alum\u00ednium r\u00fadgy\u00e1rt\u00f3 m\u0171hely<\/h3>\n<p><img decoding=\"async\" src=\"\/wp-content\/uploads\/factory-02.webp\"\/><\/p>\n<p><img decoding=\"async\" src=\"\/wp-content\/uploads\/factory-03.webp\"\/><\/p>\n<h3>Pen\u00e9sz rakt\u00e1r<\/h3>\n<p><img decoding=\"async\" src=\"\/wp-content\/uploads\/factory-04.webp\"\/><\/p>\n<h3>43 alum\u00ednium extrud\u00e1l\u00f3 vonal (500-5500 tonna)<\/h3>\n<p><img decoding=\"async\" src=\"\/wp-content\/uploads\/factory-05.webp\"\/><\/p>\n<p><img decoding=\"async\" src=\"\/wp-content\/uploads\/factory-06.webp\"\/><\/p>\n<p><img decoding=\"async\" src=\"\/wp-content\/uploads\/factory-07.webp\"\/><\/p>\n<h3>Porfest\u0151 m\u0171hely<\/h3>\n<p><img decoding=\"async\" src=\"\/wp-content\/uploads\/factory-09.webp\"\/><\/p>\n<h3>Anodiz\u00e1l\u00f3 m\u0171hely<\/h3>\n<p><img decoding=\"async\" src=\"\/wp-content\/uploads\/factory-10.webp\"\/><\/p>\n<h3>M\u00e9ly feldolgoz\u00e1si m\u0171hely<\/h3>\n<p><img decoding=\"async\" src=\"\/wp-content\/uploads\/factory-11.webp\"\/><\/p>\n<h3>CNC prec\u00edzi\u00f3s megmunk\u00e1l\u00f3 m\u0171hely<\/h3>\n<p><img decoding=\"async\" src=\"\/wp-content\/uploads\/factory-11.5.webp\"\/><\/p>\n<h3>K\u00e9szterm\u00e9k \u00e9s export rakt\u00e1r<\/h3>\n<p><img decoding=\"async\" src=\"\/wp-content\/uploads\/factory-12.webp\"\/><\/p>\n<p><img decoding=\"async\" src=\"\/wp-content\/uploads\/factory-13.webp\"\/><\/p>\n<p><img decoding=\"async\" src=\"\/wp-content\/uploads\/factory-14.webp\"\/><\/p>\n<h2>GYIK<\/h2>\n<p><p><b>1.What alum\u00ednium ablakok \u00e9s ajt\u00f3k Nig\u00e9ria?<\/b><\/p>\n<p>Ezek speci\u00e1lisan tervezett alum\u00ednium keretrendszerek szabott, hogy megfeleljen az \u00e9ghajlati, \u00e9p\u00edt\u00e9szeti, \u00e9s funkcion\u00e1lis ig\u00e9nyeit \u00e9p\u00fcletek Nig\u00e9ria.<br \/>\n<\/p><br \/>\n<br \/>\n<p><b>2.Mi\u00e9rt v\u00e1lassza az alum\u00ednium ablakok \u00e9s ajt\u00f3k Nig\u00e9ria?<\/b><\/p>\n<p>Alum\u00ednium korr\u00f3zi\u00f3\u00e1ll\u00f3, tart\u00f3s, \u00e9s ide\u00e1lis a nedves \u00e9s es\u0151s id\u0151j\u00e1r\u00e1si k\u00f6r\u00fclm\u00e9nyek gyakori Nig\u00e9ri\u00e1ban.<br \/>\n<\/p><br \/>\n<br \/>\n<p><b>3.Alkalmasak-e az alum\u00ednium ajt\u00f3k \u00e9s ablakok lak\u00e1sokba \u00e9s irod\u00e1kba egyar\u00e1nt?<\/b><\/p>\n<p>Igen, sz\u00e9les k\u00f6rben haszn\u00e1lj\u00e1k \u0151ket lak\u00f3-, kereskedelmi \u00e9s int\u00e9zm\u00e9nyi \u00e9p\u00fcletekben eleg\u00e1ns megjelen\u00e9s\u00fck \u00e9s tart\u00f3ss\u00e1guk miatt.<br \/>\n<\/p><br \/>\n<br \/>\n<p><b>4.Do alum\u00ednium keretek ig\u00e9nyel sok karbantart\u00e1st?<\/b><\/p>\n<p>Nem, ezek alacsony karbantart\u00e1si ig\u00e9ny\u0171ek, \u00e9s csak id\u0151nk\u00e9nti tiszt\u00edt\u00e1st ig\u00e9nyelnek, hogy meg\u0151rizz\u00e9k megjelen\u00e9s\u00fcket.<br \/>\n<\/p><br \/>\n<br \/>\n<p><b>5.Kaphatok egyedi sz\u00edneket \u00e9s st\u00edlusokat az alum\u00ednium ajt\u00f3khoz \u00e9s ablakokhoz?<\/b><\/p>\n<p>Term\u00e9szetesen a porsz\u00f3rt bevonat\u00fa sz\u00ednek \u00e9s diz\u00e1jnkonfigur\u00e1ci\u00f3k sz\u00e9les v\u00e1laszt\u00e9ka \u00e1ll rendelkez\u00e9sre, hogy megfeleljen az \u00e9p\u00fclet eszt\u00e9tik\u00e1j\u00e1nak.<br \/>\n<\/p><br \/>\n<br \/>\n<p><b>6.Az alum\u00ednium ablakok energiatakar\u00e9kosak a meleg \u00e9ghajlaton?<\/b><\/p>\n<p>Igen, a h\u0151szigetel\u0151 alum\u00edniumprofilok seg\u00edtenek cs\u00f6kkenteni a h\u0151\u00e1tad\u00e1st, jav\u00edtva a belt\u00e9ri komfort\u00e9rzetet \u00e9s az energiamegtakar\u00edt\u00e1st.<br \/>\n<\/p><br \/>\n<br \/>\n<p><b>7. az alum\u00ednium ablakok \u00e9s ajt\u00f3k ellen\u00e1llnak a rozsd\u00e1nak \u00e9s a korr\u00f3zi\u00f3nak?<\/b><\/p>\n<p>Igen, az anyag term\u00e9szetesen rozsda\u00e1ll\u00f3, \u00e9s gyakran elox\u00e1lt vagy porsz\u00f3rt bevonattal jav\u00edtj\u00e1k az extra tart\u00f3ss\u00e1g \u00e9rdek\u00e9ben.<br \/>\n<\/p><br \/>\n<br \/>\n<p><b>8.Is alum\u00ednium jobb v\u00e1laszt\u00e1s, mint a fa vagy ac\u00e9l Nig\u00e9ria?<\/b><\/p>\n<p>Igen, az alum\u00ednium k\u00f6nnyebb, tart\u00f3sabb \u00e9s jobban megfelel az \u00e9ghajlatnak, \u00edgy praktikusabb \u00e9s k\u00f6lts\u00e9ghat\u00e9konyabb megold\u00e1s.<br \/>\n<\/p><br \/><\/p>","protected":false},"featured_media":7045,"template":"","categories":[67],"class_list":["post-7046","product","type-product","status-publish","has-post-thumbnail","hentry","category-architectural-aluminium-profile"],"meta_box":{"hilight_text_group":{"product_hilight_text":"<li>Designed to withstand Nigeria\u00e2\u20ac\u2122s hot, humid, and rainy climate<\/li>\r\r\n<li>Corrosion-resistant aluminum ensures long-lasting performance<\/li>\r\r\n<li>Modern designs available for residential and commercial properties<\/li>\r\r\n<li>Low maintenance and easy to clean compared to wood or steel<\/li>\r\r\n<li>Lightweight material allows for smooth operation and installation<\/li>\r\r\n<li>Customizable colors, styles, and glass options<\/li>\r\r\n<li>Energy-efficient profiles available with thermal insulation options<\/li>","product_chanpin_blog":"<ul>\r\r\n<li><a href=\"https:\/\/sinoextrud.com\/t-slot-v-slot-differences\/\" target=\"_blank\">t slot vs v slot<\/a><\/li>\r\r\n<li><a href=\"https:\/\/sinoextrud.com\/what-is-4040-aluminium-extrud\/\" target=\"_blank\">4040 aluminium extrusion<\/a><\/li>\r\r\n<li><a href=\"https:\/\/sinoextrud.com\/what-is-4040-aluminium-extrud\/\" target=\"_blank\">aluminum extrusions for industrial racks<\/a><\/li>\r\r\n<li><a href=\"https:\/\/sinoextrud.com\/powder-coating-aluminium-process\/\" target=\"_blank\">powder coating aluminium<\/a><\/li>\r\r\n<li><a href=\"https:\/\/sinoextrud.com\/what-is-an-aluminium-strip-ceiling\/\" target=\"_blank\">aluminium strip ceiling<\/a><\/li>\r\r\n<li><a href=\"https:\/\/sinoextrud.com\/what-is-a-heat-sink\/\" target=\"_blank\">what is a heat sink<\/a><\/li>\r\r\n<\/ul>","product_chanpin_chanpin":"<li><a href=\"https:\/\/sinoextrud.com\/product\/l-shaped-aluminum-extrusion-6063-t5-aluminum-angle-bar-alloy-profile\/\" target=\"_blank\">L Shaped Aluminum Extrusion  6063 T5 Aluminum Angle Bar Alloy Profile<\/a><\/li>\r\n<li><a href=\"https:\/\/sinoextrud.com\/product\/h-section-aluminium-extrusion-foshan-factory\/\" target=\"_blank\">H Section Aluminium Extrusion Foshan Factory<\/a><\/li>\r\n<li><a href=\"https:\/\/sinoextrud.com\/product\/6061-extruded-aluminum\/\" target=\"_blank\">6061 Extruded Aluminum<\/a><\/li>\r\n<li><a href=\"https:\/\/sinoextrud.com\/product\/powder-coating-aluminum-window-profile\/\" target=\"_blank\">Powder Coating Aluminum Window Profile<\/a><\/li>\r\n<li><a href=\"https:\/\/sinoextrud.com\/product\/aluminum-windows-and-doors-for-nigeria\/\" target=\"_blank\">Aluminum windows And Doors For Nigeria<\/a><\/li>\r\n<li><a href=\"https:\/\/sinoextrud.com\/product\/aluminum-curtain-wall-profile-extrusion-profiles-aluminum-tubing-catalog\/\" target=\"_blank\">aluminum curtain wall profile extrusion profiles aluminum tubing catalog<\/a><\/li>\r\n<li><a href=\"https:\/\/sinoextrud.com\/product\/the-world-most-popular-6000-series-aluminum-extrusion-profile-louver-shutter-for-adjustable-waterproof-louver-windows\/\" target=\"_blank\">The World Most Popular 6000 Series aluminum extrusion Profile louver shutter For Adjustable Waterproof Louver Windows<\/a><\/li>\r\n<li><a href=\"https:\/\/sinoextrud.com\/product\/aluminum-extrusion-solar-panel-frame\/\" target=\"_blank\">Aluminum extrusion solar panel frame<\/a><\/li>\r\n<li><a href=\"https:\/\/sinoextrud.com\/product\/aluminum-partitioning-windows-doors-nigeria-design\/\" target=\"_blank\">Aluminum Partitioning Windows Doors Nigeria Design<\/a><\/li>\r\n<li><a href=\"https:\/\/sinoextrud.com\/product\/modular-aluminum-profiles-machine-hand-robot-hand-manipulator\/\" target=\"_blank\">Modular Aluminum Profiles Machine Hand Robot Hand Manipulator<\/a><\/li>\r\n<li><a href=\"https:\/\/sinoextrud.com\/product\/aluminum-extrusion-7003-7075-aluminum-profile-cnc\/\" target=\"_blank\">Aluminum Extrusion 7003 7075 Pilates Equipment Aluminum Profile CNC Precision Aluminum Profile<\/a><\/li>"},"feature_list":[]},"_links":{"self":[{"href":"https:\/\/sinoextrud.com\/hu\/wp-json\/wp\/v2\/product\/7046","targetHints":{"allow":["GET"]}}],"collection":[{"href":"https:\/\/sinoextrud.com\/hu\/wp-json\/wp\/v2\/product"}],"about":[{"href":"https:\/\/sinoextrud.com\/hu\/wp-json\/wp\/v2\/types\/product"}],"wp:featuredmedia":[{"embeddable":true,"href":"https:\/\/sinoextrud.com\/hu\/wp-json\/wp\/v2\/media\/7045"}],"wp:attachment":[{"href":"https:\/\/sinoextrud.com\/hu\/wp-json\/wp\/v2\/media?parent=7046"}],"wp:term":[{"taxonomy":"category","embeddable":true,"href":"https:\/\/sinoextrud.com\/hu\/wp-json\/wp\/v2\/categories?post=7046"}],"curies":[{"name":"wp","href":"https:\/\/api.w.org\/{rel}","templated":true}]}}