{"id":7022,"date":"2025-06-05T02:47:25","date_gmt":"2025-06-05T02:47:25","guid":{"rendered":"https:\/\/sinoextrud.com\/product\/interlocking-aluminium-profiles\/"},"modified":"2025-06-24T06:12:08","modified_gmt":"2025-06-24T06:12:08","slug":"egymasba-illesztheto-aluminium-profilok","status":"publish","type":"product","link":"https:\/\/sinoextrud.com\/hu\/product\/interlocking-aluminium-profiles\/","title":{"rendered":"\u00d6sszeillesztett alum\u00ednium profilok"},"content":{"rendered":"<h2>Term\u00e9kek r\u00e9szletei<\/h2>\n<table class=\"custom-table\">\n<tr>\n<td class=\"label\">1. Term\u00e9k neve:<\/td>\n<td> \u00d6sszeillesztett alum\u00ednium profilok\uff0c<\/td>\n<\/tr>\n<tr>\n<td class=\"label\">2. Anyag :<\/td>\n<td> Alum\u00ednium \u00f6tv\u00f6zet 6063-T5\uff0c<\/td>\n<\/tr>\n<tr>\n<td class=\"label\">3. K\u00e9sz:<\/td>\n<td> Nemzeti szabv\u00e1ny elox\u00e1lt, homokf\u00favott, piros\uff0c<\/td>\n<\/tr>\n<tr>\n<td class=\"label\">4. V\u00e9grehajt\u00f3 szabv\u00e1ny:<\/td>\n<td> GB5237-2008\uff0c<\/td>\n<\/tr>\n<tr>\n<td class=\"label\">5. Tan\u00fas\u00edtv\u00e1nyok:<\/td>\n<td> ISO9001\uff0c<\/td>\n<\/tr>\n<tr>\n<td class=\"label\">6. Modell:<\/td>\n<td> Az egy\u00e9ni rajz \u00e9s az egy\u00e9ni viseli a formad\u00edjat.<\/td>\n<\/tr>\n<\/table>\n<h2>Gy\u00e1rt\u00f3 b\u00e1zisunk<\/h2>\n<h3>Gy\u00e1ri panor\u00e1ma<\/h3>\n<p><img decoding=\"async\" src=\"\/wp-content\/uploads\/factory-01.webp\"\/><\/p>\n<h3>Alum\u00ednium r\u00fadgy\u00e1rt\u00f3 m\u0171hely<\/h3>\n<p><img decoding=\"async\" src=\"\/wp-content\/uploads\/factory-02.webp\"\/><\/p>\n<p><img decoding=\"async\" src=\"\/wp-content\/uploads\/factory-03.webp\"\/><\/p>\n<h3>Pen\u00e9sz rakt\u00e1r<\/h3>\n<p><img decoding=\"async\" src=\"\/wp-content\/uploads\/factory-04.webp\"\/><\/p>\n<h3>43 alum\u00ednium extrud\u00e1l\u00f3 vonal (500-5500 tonna)<\/h3>\n<p><img decoding=\"async\" src=\"\/wp-content\/uploads\/factory-05.webp\"\/><\/p>\n<p><img decoding=\"async\" src=\"\/wp-content\/uploads\/factory-06.webp\"\/><\/p>\n<p><img decoding=\"async\" src=\"\/wp-content\/uploads\/factory-07.webp\"\/><\/p>\n<h3>Porfest\u0151 m\u0171hely<\/h3>\n<p><img decoding=\"async\" src=\"\/wp-content\/uploads\/factory-09.webp\"\/><\/p>\n<h3>Anodiz\u00e1l\u00f3 m\u0171hely<\/h3>\n<p><img decoding=\"async\" src=\"\/wp-content\/uploads\/factory-10.webp\"\/><\/p>\n<h3>M\u00e9ly feldolgoz\u00e1si m\u0171hely<\/h3>\n<p><img decoding=\"async\" src=\"\/wp-content\/uploads\/factory-11.webp\"\/><\/p>\n<h3>CNC prec\u00edzi\u00f3s megmunk\u00e1l\u00f3 m\u0171hely<\/h3>\n<p><img decoding=\"async\" src=\"\/wp-content\/uploads\/factory-11.5.webp\"\/><\/p>\n<h3>K\u00e9szterm\u00e9k \u00e9s export rakt\u00e1r<\/h3>\n<p><img decoding=\"async\" src=\"\/wp-content\/uploads\/factory-12.webp\"\/><\/p>\n<p><img decoding=\"async\" src=\"\/wp-content\/uploads\/factory-13.webp\"\/><\/p>\n<p><img decoding=\"async\" src=\"\/wp-content\/uploads\/factory-14.webp\"\/><\/p>\n<h2>GYIK<\/h2>\n<p><p><b>1.Mik az egym\u00e1sba illeszked\u0151 alum\u00ednium profilok?<\/b><\/p>\n<p>Ezek olyan speci\u00e1lisan tervezett alum\u00ednium extrud\u00e1l\u00e1sok, amelyek extra csatlakoz\u00f3k n\u00e9lk\u00fcl, biztons\u00e1gosan illeszkednek egym\u00e1shoz, \u00e9s gyors \u00e9s stabil szerkezeti szerel\u00e9sre szolg\u00e1lnak.<br \/>\n<\/p><br \/>\n<br \/>\n<p><b>2.Mik az egym\u00e1sba illeszked\u0151 alum\u00ednium profilok f\u0151 el\u0151nyei?<\/b><\/p>\n<p>Gyors telep\u00edt\u00e9st, er\u0151s csatlakoz\u00e1sokat, korr\u00f3zi\u00f3\u00e1ll\u00f3s\u00e1got \u00e9s modul\u00e1ris rugalmass\u00e1got k\u00edn\u00e1lnak minim\u00e1lis szersz\u00e1moz\u00e1ssal.<br \/>\n<\/p><br \/>\n<br \/>\n<p><b>3.Alkalmasak-e ezek a profilok k\u00fclt\u00e9ri haszn\u00e1latra?<\/b><\/p>\n<p>Igen, az elox\u00e1lt vagy porsz\u00f3rt fel\u00fclet ellen\u00e1ll a rozsd\u00e1nak \u00e9s az id\u0151j\u00e1r\u00e1s viszontags\u00e1gainak, \u00edgy ide\u00e1lis belt\u00e9ri \u00e9s k\u00fclt\u00e9ri k\u00f6rnyezetbe egyar\u00e1nt.<br \/>\n<\/p><br \/>\n<br \/>\n<p><b>4.\u00dajra lehet-e haszn\u00e1lni az egym\u00e1sba illeszked\u0151 profilokat?<\/b><\/p>\n<p>Igen, modul\u00e1ris fel\u00e9p\u00edt\u00e9s\u00fck lehet\u0151v\u00e9 teszi a k\u00f6nny\u0171 sz\u00e9tszerel\u00e9st \u00e9s \u00e1tkonfigur\u00e1l\u00e1st a j\u00f6v\u0151beli alkalmaz\u00e1sokhoz.<br \/>\n<\/p><br \/>\n<br \/>\n<p><b>5.Milyen ipar\u00e1gak haszn\u00e1lj\u00e1k \u00e1ltal\u00e1ban az egym\u00e1sba illeszthet\u0151 alum\u00ednium profilokat?<\/b><\/p>\n<p>Sz\u00e9les k\u00f6rben haszn\u00e1lj\u00e1k \u0151ket az \u00e9p\u00edt\u0151iparban, a kijelz\u0151rendszerekben, a tisztaszob\u00e1kban, az ipari burkolatokban \u00e9s a bels\u0151\u00e9p\u00edt\u00e9szetben.<br \/>\n<\/p><br \/>\n<br \/>\n<p><b>6.Rendelkez\u00e9sre \u00e1ll egyedi megmunk\u00e1l\u00e1s vagy befejez\u00e9s?<\/b><\/p>\n<p>Igen, testre szabott hossz\u00fas\u00e1gokat, kiv\u00e1g\u00e1sokat, kiviteleket \u00e9s sz\u00edneket k\u00edn\u00e1lunk, hogy megfeleljenek az \u00d6n egyedi alkalmaz\u00e1sainak.<br \/>\n<\/p><br \/>\n<br \/>\n<p><b>7.Sz\u00fcks\u00e9g van-e hegeszt\u00e9sre az egym\u00e1sba illeszked\u0151 profilokn\u00e1l?<\/b><\/p>\n<p>Nem, a reteszel\u0151 mechanizmus kik\u00fcsz\u00f6b\u00f6li a hegeszt\u00e9s vagy az \u00f6sszetett k\u00f6t\u0151elemek sz\u00fcks\u00e9gess\u00e9g\u00e9t, \u00edgy cs\u00f6kkentve a szerel\u00e9si id\u0151t.<br \/>\n<\/p><br \/>\n<br \/>\n<p><b>8.Kompatibilisek a szabv\u00e1nyos tartoz\u00e9kokkal?<\/b><\/p>\n<p>Igen, a legt\u00f6bb egym\u00e1sba illeszthet\u0151 alum\u00edniumprofil integr\u00e1lhat\u00f3 konzolokkal, t\u00f6m\u00edt\u00e9sekkel \u00e9s panelrendszerekkel.<br \/>\n<\/p><br \/><\/p>","protected":false},"featured_media":7021,"template":"","categories":[67],"class_list":["post-7022","product","type-product","status-publish","has-post-thumbnail","hentry","category-architectural-aluminium-profile"],"meta_box":{"hilight_text_group":{"product_hilight_text":"<li>Innovative interlocking design allows fast and secure assembly<\/li>\r\r\n<li>High-strength aluminum ensures long-lasting structural integrity<\/li>\r\r\n<li>Corrosion-resistant finish suitable for indoor and outdoor applications<\/li>\r\r\n<li>Modular system reduces need for welding or additional fasteners<\/li>\r\r\n<li>Ideal for enclosures, partitions, panels, and architectural elements<\/li>\r\r\n<li>Lightweight profile simplifies handling and transportation<\/li>\r\r\n<li>Custom shapes and lengths available to meet project-specific needs<\/li>","product_chanpin_blog":"<ul>\r\r\n<li><a href=\"https:\/\/sinoextrud.com\/t-slot-v-slot-differences\/\" target=\"_blank\">t slot vs v slot<\/a><\/li>\r\r\n<li><a href=\"https:\/\/sinoextrud.com\/what-is-4040-aluminium-extrud\/\" target=\"_blank\">4040 aluminium extrusion<\/a><\/li>\r\r\n<li><a href=\"https:\/\/sinoextrud.com\/what-is-4040-aluminium-extrud\/\" target=\"_blank\">aluminum extrusions for industrial racks<\/a><\/li>\r\r\n<li><a href=\"https:\/\/sinoextrud.com\/powder-coating-aluminium-process\/\" target=\"_blank\">powder coating aluminium<\/a><\/li>\r\r\n<li><a href=\"https:\/\/sinoextrud.com\/what-is-an-aluminium-strip-ceiling\/\" target=\"_blank\">aluminium strip ceiling<\/a><\/li>\r\r\n<li><a href=\"https:\/\/sinoextrud.com\/what-is-a-heat-sink\/\" target=\"_blank\">what is a heat sink<\/a><\/li>\r\r\n<\/ul>","product_chanpin_chanpin":"<li><a href=\"https:\/\/sinoextrud.com\/product\/slotted-aluminum-profile-export-to-maylsia\/\" target=\"_blank\">Slotted Aluminum Profile Export To Maylsia<\/a><\/li>\r\n<li><a href=\"https:\/\/sinoextrud.com\/product\/slotted-aluminum-framing\/\" target=\"_blank\">Slotted Aluminum Framing<\/a><\/li>\r\n<li><a href=\"https:\/\/sinoextrud.com\/product\/furniture-aluminium-profiles\/\" target=\"_blank\">Furniture Aluminium Profiles<\/a><\/li>\r\n<li><a href=\"https:\/\/sinoextrud.com\/product\/extruded-aluminum-channel-shapes-customized\/\" target=\"_blank\">Extruded Aluminum Channel Shapes Customized<\/a><\/li>\r\n<li><a href=\"https:\/\/sinoextrud.com\/product\/interlocking-aluminium-profiles\/\" target=\"_blank\">Interlocking Aluminium Profiles<\/a><\/li>\r\n<li><a href=\"https:\/\/sinoextrud.com\/product\/shining-electrophresis-and-crystal-electrophresis-aluminium-profiles\/\" target=\"_blank\">Shining Electrophresis and Crystal electrophresis aluminium profiles<\/a><\/li>\r\n<li><a href=\"https:\/\/sinoextrud.com\/product\/customized-aluminum-porch-railing\/\" target=\"_blank\">Customized Aluminum Porch Railing<\/a><\/li>\r\n<li><a href=\"https:\/\/sinoextrud.com\/product\/sell-well-window-and-door-aluminium-profile\/\" target=\"_blank\">Sell Well Window And Door Aluminium Profile<\/a><\/li>\r\n<li><a href=\"https:\/\/sinoextrud.com\/product\/color-polishing-aluminium-for-sliding-door\/\" target=\"_blank\">Color Polishing Aluminium For Sliding Door<\/a><\/li>\r\n<li><a href=\"https:\/\/sinoextrud.com\/product\/anodized-aluminum-tubes\/\" target=\"_blank\">Anodized Aluminum Tubes<\/a><\/li>\r\n<li><a href=\"https:\/\/sinoextrud.com\/product\/oem-building-interlocking-aluminum-extrusions\/\" target=\"_blank\">OEM Building Interlocking Aluminum Extrusions<\/a><\/li>"},"feature_list":[]},"_links":{"self":[{"href":"https:\/\/sinoextrud.com\/hu\/wp-json\/wp\/v2\/product\/7022","targetHints":{"allow":["GET"]}}],"collection":[{"href":"https:\/\/sinoextrud.com\/hu\/wp-json\/wp\/v2\/product"}],"about":[{"href":"https:\/\/sinoextrud.com\/hu\/wp-json\/wp\/v2\/types\/product"}],"wp:featuredmedia":[{"embeddable":true,"href":"https:\/\/sinoextrud.com\/hu\/wp-json\/wp\/v2\/media\/7021"}],"wp:attachment":[{"href":"https:\/\/sinoextrud.com\/hu\/wp-json\/wp\/v2\/media?parent=7022"}],"wp:term":[{"taxonomy":"category","embeddable":true,"href":"https:\/\/sinoextrud.com\/hu\/wp-json\/wp\/v2\/categories?post=7022"}],"curies":[{"name":"wp","href":"https:\/\/api.w.org\/{rel}","templated":true}]}}