{"id":7008,"date":"2025-06-05T02:30:55","date_gmt":"2025-06-05T02:30:55","guid":{"rendered":"https:\/\/sinoextrud.com\/product\/aluminium-frame-extrusion-profile-picture-frame-profile-for-interior-decoration\/"},"modified":"2025-06-24T06:12:05","modified_gmt":"2025-06-24T06:12:05","slug":"aluminium-keret-extrudalt-profil-kepkeret-profil-belsoepiteszethez","status":"publish","type":"product","link":"https:\/\/sinoextrud.com\/hu\/product\/aluminium-frame-extrusion-profile-picture-frame-profile-for-interior-decoration\/","title":{"rendered":"Alum\u00ednium keret extrud\u00e1lt profil k\u00e9pkeret profil bels\u0151 dekor\u00e1ci\u00f3hoz"},"content":{"rendered":"<h2>Term\u00e9kek r\u00e9szletei<\/h2>\n<table class=\"custom-table\">\n<tr>\n<td class=\"label\">T\u00e9tel:<\/td>\n<td> Alum\u00ednium keret extrud\u00e1lt profil k\u00e9pkeret profil bels\u0151 dekor\u00e1ci\u00f3hoz\uff0c<\/td>\n<\/tr>\n<tr>\n<td class=\"label\">Oszt\u00e1ly:<\/td>\n<td> 6000-es sorozat\uff0c<\/td>\n<\/tr>\n<tr>\n<td class=\"label\">Alkalmaz\u00e1s:<\/td>\n<td> Alum\u00ednium k\u00e9pkeret profil\uff0c<\/td>\n<\/tr>\n<tr>\n<td class=\"label\">Lelkiismeretesen:<\/td>\n<td> T3-T8\uff0c<\/td>\n<\/tr>\n<tr>\n<td class=\"label\">\u00f6tv\u00f6zet:<\/td>\n<td> Alloy\uff0c<\/td>\n<\/tr>\n<tr>\n<td class=\"label\">T\u00e9telek:<\/td>\n<td> Alum\u00ednium keret extrud\u00e1lt profil\uff0c<\/td>\n<\/tr>\n<tr>\n<td class=\"label\">Min\u0151s\u00e9gellen\u0151rz\u00e9s:<\/td>\n<td> 100% Sz\u00e1ll\u00edt\u00e1s el\u0151tti ellen\u0151rz\u00e9s\uff0c<\/td>\n<\/tr>\n<tr>\n<td class=\"label\">Specifik\u00e1ci\u00f3:<\/td>\n<td> ISO 9001\uff0c<\/td>\n<\/tr>\n<tr>\n<td class=\"label\">Tan\u00fas\u00edt\u00e1s:<\/td>\n<td> CE, ISO, RoHS, TUV\uff0c CE, ISO, RoHS, TUV\uff0c<\/td>\n<\/tr>\n<tr>\n<td class=\"label\">Fel\u00fcletkezel\u00e9s:<\/td>\n<td> Polished\uff0c<\/td>\n<\/tr>\n<tr>\n<td class=\"label\">M\u00e9ret:<\/td>\n<td> Custom\uff0c<\/td>\n<\/tr>\n<tr>\n<td class=\"label\">Pol\u00edrozott alum\u00ednium profil:<\/td>\n<td> K\u00e9miai pol\u00edroz\u00e1s\uff0c<\/td>\n<\/tr>\n<tr>\n<td class=\"label\">Szabv\u00e1nyok:<\/td>\n<td> K\u00edna GB\uff0c<\/td>\n<\/tr>\n<tr>\n<td class=\"label\">V\u00e9djegy:<\/td>\n<td> Sinoextrud (Sinoextrud) \/ OEM\uff0c<\/td>\n<\/tr>\n<tr>\n<td class=\"label\">Befejez\u00e9s:<\/td>\n<td> Elox\u00e1l\u00e1s, porfest\u00e9s, fa sz\u00edn, pol\u00edroz\u00e1s\uff0c<\/td>\n<\/tr>\n<tr>\n<td class=\"label\">Eredet:<\/td>\n<td> Foshan, K\u00edna\uff0c<\/td>\n<\/tr>\n<tr>\n<td class=\"label\">Garancia:<\/td>\n<td> A fel\u00fclet sz\u00edne 10-20 \u00e9vig stabil lehet belt\u00e9rben.<\/td>\n<\/tr>\n<tr>\n<td class=\"label\">Anyag:<\/td>\n<td> 6063-T5, 6061-T6, 6463-T5, 7075-T6, 6082\uff0c<\/td>\n<\/tr>\n<tr>\n<td class=\"label\">Sz\u00e1ll\u00edt\u00e1si id\u0151:<\/td>\n<td> 25-30 nappal a minta vev\u0151 \u00e1ltali meger\u0151s\u00edt\u00e9se ut\u00e1n, a vev\u0151 \u00e1ltal t\u00f6rt\u00e9n\u0151 meger\u0151s\u00edt\u00e9s ut\u00e1n<\/td>\n<\/tr>\n<tr>\n<td class=\"label\">Sz\u00e1ll\u00edt\u00e1si csomag:<\/td>\n<td> M\u0171anyag v\u00e9d\u0151f\u00f3lia \u00e9s v\u00edz\u00e1ll\u00f3 k\u00e9zm\u0171ves pap\u00edr\uff0c<\/td>\n<\/tr>\n<\/table>\n<h2>Gy\u00e1rt\u00f3 b\u00e1zisunk<\/h2>\n<h3>Gy\u00e1ri panor\u00e1ma<\/h3>\n<p><img decoding=\"async\" src=\"\/wp-content\/uploads\/factory-01.webp\"\/><\/p>\n<h3>Alum\u00ednium r\u00fadgy\u00e1rt\u00f3 m\u0171hely<\/h3>\n<p><img decoding=\"async\" src=\"\/wp-content\/uploads\/factory-02.webp\"\/><\/p>\n<p><img decoding=\"async\" src=\"\/wp-content\/uploads\/factory-03.webp\"\/><\/p>\n<h3>Pen\u00e9sz rakt\u00e1r<\/h3>\n<p><img decoding=\"async\" src=\"\/wp-content\/uploads\/factory-04.webp\"\/><\/p>\n<h3>43 alum\u00ednium extrud\u00e1l\u00f3 vonal (500-5500 tonna)<\/h3>\n<p><img decoding=\"async\" src=\"\/wp-content\/uploads\/factory-05.webp\"\/><\/p>\n<p><img decoding=\"async\" src=\"\/wp-content\/uploads\/factory-06.webp\"\/><\/p>\n<p><img decoding=\"async\" src=\"\/wp-content\/uploads\/factory-07.webp\"\/><\/p>\n<h3>Porfest\u0151 m\u0171hely<\/h3>\n<p><img decoding=\"async\" src=\"\/wp-content\/uploads\/factory-09.webp\"\/><\/p>\n<h3>Anodiz\u00e1l\u00f3 m\u0171hely<\/h3>\n<p><img decoding=\"async\" src=\"\/wp-content\/uploads\/factory-10.webp\"\/><\/p>\n<h3>M\u00e9ly feldolgoz\u00e1si m\u0171hely<\/h3>\n<p><img decoding=\"async\" src=\"\/wp-content\/uploads\/factory-11.webp\"\/><\/p>\n<h3>CNC prec\u00edzi\u00f3s megmunk\u00e1l\u00f3 m\u0171hely<\/h3>\n<p><img decoding=\"async\" src=\"\/wp-content\/uploads\/factory-11.5.webp\"\/><\/p>\n<h3>K\u00e9szterm\u00e9k \u00e9s export rakt\u00e1r<\/h3>\n<p><img decoding=\"async\" src=\"\/wp-content\/uploads\/factory-12.webp\"\/><\/p>\n<p><img decoding=\"async\" src=\"\/wp-content\/uploads\/factory-13.webp\"\/><\/p>\n<p><img decoding=\"async\" src=\"\/wp-content\/uploads\/factory-14.webp\"\/><\/p>\n<h2>GYIK<\/h2>\n<p><p><b>1.Mik azok az alum\u00ednium keret extrud\u00e1lt profilok k\u00e9pkeretekhez? <\/b><\/p>\n<p> A k\u00e9pkeretekhez haszn\u00e1lt alum\u00ednium keretprofilok speci\u00e1lisan tervezett alum\u00edniumprofilok, amelyeket tart\u00f3s \u00e9s eszt\u00e9tikus keretek k\u00e9sz\u00edt\u00e9s\u00e9re haszn\u00e1lnak f\u00e9nyk\u00e9pek, m\u0171alkot\u00e1sok \u00e9s bels\u0151 dekor\u00e1ci\u00f3k sz\u00e1m\u00e1ra.<br \/>\n<\/p><br \/>\n<br \/>\n<p><b>2.Mi\u00e9rt v\u00e1lassza a 6063 alum\u00ednium \u00f6tv\u00f6zetet a k\u00e9pkeret profilokhoz? <\/b><\/p>\n<p> A 6063-as alum\u00ednium\u00f6tv\u00f6zet kiv\u00e1l\u00f3 korr\u00f3zi\u00f3\u00e1ll\u00f3s\u00e1got, sima fel\u00fcletet \u00e9s j\u00f3 szil\u00e1rds\u00e1got biztos\u00edt, \u00edgy ide\u00e1lis a bels\u0151\u00e9p\u00edt\u00e9szetben haszn\u00e1lt kiv\u00e1l\u00f3 min\u0151s\u00e9g\u0171 k\u00e9pkeretprofilokhoz.<br \/>\n<\/p><br \/>\n<br \/>\n<p><b>3.Can alum\u00ednium k\u00e9pkeret profilok testre szabhat\u00f3? <\/b><\/p>\n<p> Igen, az alum\u00ednium k\u00e9pkeretprofilok alakja, m\u00e9rete \u00e9s kivitelez\u00e9se testre szabhat\u00f3, hogy megfeleljenek a k\u00fcl\u00f6nleges tervez\u00e9si \u00e9s funkcion\u00e1lis k\u00f6vetelm\u00e9nyeknek.<br \/>\n<\/p><br \/>\n<br \/>\n<p><b>4.Milyen kivitelben kaphat\u00f3k az alum\u00ednium k\u00e9pkeretprofilok? <\/b><\/p>\n<p> A gyakori fel\u00fcletkezel\u00e9sek k\u00f6z\u00e9 tartozik az elox\u00e1l\u00e1s, a porsz\u00f3r\u00e1s \u00e9s a fa szemcs\u00e9s hat\u00e1s, amelyek fokozz\u00e1k a korr\u00f3zi\u00f3\u00e1ll\u00f3s\u00e1got, \u00e9s k\u00fcl\u00f6nb\u00f6z\u0151 sz\u00ednv\u00e1laszt\u00e9kokat tesznek lehet\u0151v\u00e9 a bels\u0151\u00e9p\u00edt\u00e9szeti eszt\u00e9tik\u00e1hoz val\u00f3 illeszked\u00e9s \u00e9rdek\u00e9ben.<br \/>\n<\/p><br \/>\n<br \/>\n<p><b>5.Alkalmasak-e az alum\u00ednium k\u00e9pkeretprofilok k\u00fcl\u00f6nb\u00f6z\u0151 bels\u0151\u00e9p\u00edt\u00e9szeti st\u00edlusokhoz? <\/b><\/p>\n<p> Sokoldal\u00fa kialak\u00edt\u00e1suk \u00e9s testreszabhat\u00f3 kivitel\u00fck r\u00e9v\u00e9n a modernt\u0151l a hagyom\u00e1nyosig a legk\u00fcl\u00f6nb\u00f6z\u0151bb bels\u0151\u00e9p\u00edt\u00e9szeti st\u00edlusokhoz illeszkednek.<br \/>\n<\/p><br \/>\n<br \/>\n<p><b>6.Hogyan j\u00e1rulnak hozz\u00e1 az alum\u00ednium k\u00e9pkeretprofilok a fenntarthat\u00f3s\u00e1ghoz? <\/b><\/p>\n<p> Mivel az alum\u00ednium k\u00e9pkeretprofilok teljes m\u00e9rt\u00e9kben \u00fajrahasznos\u00edthat\u00f3k, a hullad\u00e9k \u00e9s a sz\u0171z anyagok sz\u00fcks\u00e9gess\u00e9g\u00e9nek cs\u00f6kkent\u00e9s\u00e9vel t\u00e1mogatj\u00e1k a k\u00f6rnyezetbar\u00e1t \u00e9p\u00edt\u00e9si gyakorlatot.<br \/>\n<\/p><br \/>\n<br \/>\n<p><b>7.Milyen karbantart\u00e1st ig\u00e9nyel az alum\u00ednium k\u00e9pkeretprofil? <\/b><\/p>\n<p> A karbantart\u00e1s minim\u00e1lis; az alum\u00ednium k\u00e9pkeretprofilok j\u00f3 \u00e1llapotban tart\u00e1s\u00e1hoz \u00e1ltal\u00e1ban elegend\u0151 a rendszeres tiszt\u00edt\u00e1s enyhe mos\u00f3szerrel \u00e9s v\u00edzzel.<br \/>\n<\/p><br \/>\n<br \/>\n<p><b>8.Megfelelnek-e az alum\u00ednium k\u00e9pkeretprofilok a biztons\u00e1gi el\u0151\u00edr\u00e1soknak? <\/b><\/p>\n<p> Igen, az alum\u00ednium k\u00e9pkeretprofilokat \u00fagy tervezt\u00e9k, hogy megfeleljenek a biztons\u00e1gi el\u0151\u00edr\u00e1soknak, \u00edgy biztos\u00edtva a k\u00fcl\u00f6nb\u00f6z\u0151 berendez\u00e9sekhez val\u00f3 alkalmass\u00e1got.<\/p>\n<p><\/p><br \/><\/p>","protected":false},"featured_media":7007,"template":"","categories":[67],"class_list":["post-7008","product","type-product","status-publish","has-post-thumbnail","hentry","category-architectural-aluminium-profile"],"meta_box":{"hilight_text_group":{"product_hilight_text":"<li>Manufactured from high-quality 6063 aluminum alloy, offering excellent corrosion resistance and surface finish, ideal for architectural applications.<\/li>\r\r\n<li>Lightweight yet strong construction facilitates easy handling and installation without compromising structural integrity.<\/li>\r\r\n<li>Available in various profiles and finishes, including anodized and powder-coated options, to match diverse interior design styles and preferences.<\/li>\r\r\n<li>Customizable lengths and configurations accommodate a wide range of project specifications and design requirements.<\/li>\r\r\n<li>Excellent thermal performance, especially when combined with thermal breaks, enhancing energy efficiency in buildings.<\/li>\r\r\n<li>Provides a clean and professional edge, enhancing the overall appearance of interior decorations.<\/li>\r\r\n<li>Environmentally friendly, as aluminum is 100% recyclable, supporting sustainable building practices.<\/li>","product_chanpin_blog":"<ul>\r\r\n<li><a href=\"https:\/\/sinoextrud.com\/t-slot-v-slot-differences\/\" target=\"_blank\">t slot vs v slot<\/a><\/li>\r\r\n<li><a href=\"https:\/\/sinoextrud.com\/what-is-4040-aluminium-extrud\/\" target=\"_blank\">4040 aluminium extrusion<\/a><\/li>\r\r\n<li><a href=\"https:\/\/sinoextrud.com\/what-is-4040-aluminium-extrud\/\" target=\"_blank\">aluminum extrusions for industrial racks<\/a><\/li>\r\r\n<li><a href=\"https:\/\/sinoextrud.com\/powder-coating-aluminium-process\/\" target=\"_blank\">powder coating aluminium<\/a><\/li>\r\r\n<li><a href=\"https:\/\/sinoextrud.com\/what-is-an-aluminium-strip-ceiling\/\" target=\"_blank\">aluminium strip ceiling<\/a><\/li>\r\r\n<li><a href=\"https:\/\/sinoextrud.com\/what-is-a-heat-sink\/\" target=\"_blank\">what is a heat sink<\/a><\/li>\r\r\n<\/ul>","product_chanpin_chanpin":"<li><a href=\"https:\/\/sinoextrud.com\/product\/machined-aluminium-profiles-for-windows-and-doors\/\" target=\"_blank\">Machined Aluminium Profiles For Windows And Doors<\/a><\/li>\r\n<li><a href=\"https:\/\/sinoextrud.com\/product\/aluminum-trailer-door-frame-extrusions\/\" target=\"_blank\">Aluminum Trailer Door Frame Extrusions<\/a><\/li>\r\n<li><a href=\"https:\/\/sinoextrud.com\/product\/aluminium-shower-extrusions\/\" target=\"_blank\">Aluminium Shower Extrusions<\/a><\/li>\r\n<li><a href=\"https:\/\/sinoextrud.com\/product\/aluminium-profile-material\/\" target=\"_blank\">Aluminium Profile Material<\/a><\/li>\r\n<li><a href=\"https:\/\/sinoextrud.com\/product\/aluminium-frame-extrusion-profile-picture-frame-profile-for-interior-decoration\/\" target=\"_blank\">Aluminium Frame Extrusion Profile Picture Frame Profile For Interior Decoration<\/a><\/li>\r\n<li><a href=\"https:\/\/sinoextrud.com\/product\/aluminum-shutter\/\" target=\"_blank\">Aluminum Shutter<\/a><\/li>\r\n<li><a href=\"https:\/\/sinoextrud.com\/product\/aluminium-t-profil\/\" target=\"_blank\">Aluminium T Profil<\/a><\/li>\r\n<li><a href=\"https:\/\/sinoextrud.com\/product\/slotted-aluminum-profile-export-to-maylsia\/\" target=\"_blank\">Slotted Aluminum Profile Export To Maylsia<\/a><\/li>\r\n<li><a href=\"https:\/\/sinoextrud.com\/product\/slotted-aluminum-framing\/\" target=\"_blank\">Slotted Aluminum Framing<\/a><\/li>\r\n<li><a href=\"https:\/\/sinoextrud.com\/product\/t-slot-framing-systems\/\" target=\"_blank\">T Slot Framing Systems<\/a><\/li>\r\n<li><a href=\"https:\/\/sinoextrud.com\/product\/aluminium-door-extrusions-profiles\/\" target=\"_blank\">Aluminium Door Extrusions Profiles<\/a><\/li>"},"feature_list":[]},"_links":{"self":[{"href":"https:\/\/sinoextrud.com\/hu\/wp-json\/wp\/v2\/product\/7008","targetHints":{"allow":["GET"]}}],"collection":[{"href":"https:\/\/sinoextrud.com\/hu\/wp-json\/wp\/v2\/product"}],"about":[{"href":"https:\/\/sinoextrud.com\/hu\/wp-json\/wp\/v2\/types\/product"}],"wp:featuredmedia":[{"embeddable":true,"href":"https:\/\/sinoextrud.com\/hu\/wp-json\/wp\/v2\/media\/7007"}],"wp:attachment":[{"href":"https:\/\/sinoextrud.com\/hu\/wp-json\/wp\/v2\/media?parent=7008"}],"wp:term":[{"taxonomy":"category","embeddable":true,"href":"https:\/\/sinoextrud.com\/hu\/wp-json\/wp\/v2\/categories?post=7008"}],"curies":[{"name":"wp","href":"https:\/\/api.w.org\/{rel}","templated":true}]}}