{"id":6999,"date":"2025-06-05T01:57:47","date_gmt":"2025-06-05T01:57:47","guid":{"rendered":"https:\/\/sinoextrud.com\/product\/machined-aluminium-profiles-for-windows-and-doors\/"},"modified":"2025-06-24T06:12:04","modified_gmt":"2025-06-24T06:12:04","slug":"megmunkalt-aluminium-profilok-ablakokhoz-es-ajtokhoz","status":"publish","type":"product","link":"https:\/\/sinoextrud.com\/hu\/product\/machined-aluminium-profiles-for-windows-and-doors\/","title":{"rendered":"Megmunk\u00e1lt alum\u00ednium profilok ablakokhoz \u00e9s ajt\u00f3khoz"},"content":{"rendered":"<h2>Term\u00e9kek r\u00e9szletei<\/h2>\n<table class=\"custom-table\">\n<tr>\n<td class=\"label\">1. Term\u00e9k neve:<\/td>\n<td> Megmunk\u00e1lt alum\u00ednium profilok ablakokhoz \u00e9s ajt\u00f3khoz\uff0c<\/td>\n<\/tr>\n<tr>\n<td class=\"label\">2. Anyag :<\/td>\n<td> Alum\u00ednium \u00f6tv\u00f6zet 6063-T5\uff0c<\/td>\n<\/tr>\n<tr>\n<td class=\"label\">3. Fel\u00fcletkezel\u00e9s:<\/td>\n<td> Nemzetk\u00f6zi szabv\u00e1ny elox\u00e1lt, homokf\u00favott, piros\uff0c<\/td>\n<\/tr>\n<tr>\n<td class=\"label\">4. V\u00e9grehajt\u00f3 szabv\u00e1ny:<\/td>\n<td> GB5237-2008\uff0c<\/td>\n<\/tr>\n<tr>\n<td class=\"label\">5. Tan\u00fas\u00edtv\u00e1nyok:<\/td>\n<td> ISO9001\uff0c<\/td>\n<\/tr>\n<tr>\n<td class=\"label\">6. Modell:<\/td>\n<td> Tervez\u00e9s az egy\u00e9ni rajz szerint, \u00e9s az egy\u00e9ni viseli az \u00f6nt\u0151forma d\u00edj\u00e1t.<\/td>\n<\/tr>\n<\/table>\n<h2>Gy\u00e1rt\u00f3 b\u00e1zisunk<\/h2>\n<h3>Gy\u00e1ri panor\u00e1ma<\/h3>\n<p><img decoding=\"async\" src=\"\/wp-content\/uploads\/factory-01.webp\"\/><\/p>\n<h3>Alum\u00ednium r\u00fadgy\u00e1rt\u00f3 m\u0171hely<\/h3>\n<p><img decoding=\"async\" src=\"\/wp-content\/uploads\/factory-02.webp\"\/><\/p>\n<p><img decoding=\"async\" src=\"\/wp-content\/uploads\/factory-03.webp\"\/><\/p>\n<h3>Pen\u00e9sz rakt\u00e1r<\/h3>\n<p><img decoding=\"async\" src=\"\/wp-content\/uploads\/factory-04.webp\"\/><\/p>\n<h3>43 alum\u00ednium extrud\u00e1l\u00f3 vonal (500-5500 tonna)<\/h3>\n<p><img decoding=\"async\" src=\"\/wp-content\/uploads\/factory-05.webp\"\/><\/p>\n<p><img decoding=\"async\" src=\"\/wp-content\/uploads\/factory-06.webp\"\/><\/p>\n<p><img decoding=\"async\" src=\"\/wp-content\/uploads\/factory-07.webp\"\/><\/p>\n<h3>Porfest\u0151 m\u0171hely<\/h3>\n<p><img decoding=\"async\" src=\"\/wp-content\/uploads\/factory-09.webp\"\/><\/p>\n<h3>Anodiz\u00e1l\u00f3 m\u0171hely<\/h3>\n<p><img decoding=\"async\" src=\"\/wp-content\/uploads\/factory-10.webp\"\/><\/p>\n<h3>M\u00e9ly feldolgoz\u00e1si m\u0171hely<\/h3>\n<p><img decoding=\"async\" src=\"\/wp-content\/uploads\/factory-11.webp\"\/><\/p>\n<h3>CNC prec\u00edzi\u00f3s megmunk\u00e1l\u00f3 m\u0171hely<\/h3>\n<p><img decoding=\"async\" src=\"\/wp-content\/uploads\/factory-11.5.webp\"\/><\/p>\n<h3>K\u00e9szterm\u00e9k \u00e9s export rakt\u00e1r<\/h3>\n<p><img decoding=\"async\" src=\"\/wp-content\/uploads\/factory-12.webp\"\/><\/p>\n<p><img decoding=\"async\" src=\"\/wp-content\/uploads\/factory-13.webp\"\/><\/p>\n<p><img decoding=\"async\" src=\"\/wp-content\/uploads\/factory-14.webp\"\/><\/p>\n<h2>GYIK<\/h2>\n<p><p><b>1.Mi a megmunk\u00e1lt alum\u00ednium profilok ablakokhoz \u00e9s ajt\u00f3khoz?<\/b><\/p>\n<p>Ezek alum\u00ednium extrud\u00e1lt r\u00e9szek, amelyeket pontosan megmunk\u00e1ltak az ablak- \u00e9s ajt\u00f3keretekbe val\u00f3 z\u00f6kken\u0151mentes integr\u00e1l\u00e1s \u00e9rdek\u00e9ben, biztos\u00edtva a pontoss\u00e1got \u00e9s a teljes\u00edtm\u00e9nyt.<br \/>\n<\/p><br \/>\n<br \/>\n<p><b>2.Mi\u00e9rt haszn\u00e1ljunk megmunk\u00e1lt alum\u00ednium profilokat ablakokban \u00e9s ajt\u00f3kban?<\/b><\/p>\n<p>Er\u0151ss\u00e9get, korr\u00f3zi\u00f3\u00e1ll\u00f3s\u00e1got \u00e9s t\u00f6k\u00e9letes illeszked\u00e9st biztos\u00edtanak, n\u00f6velve az \u00e9p\u00fcletek tart\u00f3ss\u00e1g\u00e1t \u00e9s energiahat\u00e9konys\u00e1g\u00e1t.<br \/>\n<\/p><br \/>\n<br \/>\n<p><b>3.Ezek a profilok id\u0151j\u00e1r\u00e1s\u00e1ll\u00f3ak?<\/b><\/p>\n<p>Igen, az elox\u00e1lt vagy porsz\u00f3rt fel\u00fclet v\u00e9d a korr\u00f3zi\u00f3, az UV-sugarak \u00e9s a nedvess\u00e9g ellen, ide\u00e1lis k\u00fclt\u00e9ri alkalmaz\u00e1sokhoz.<br \/>\n<\/p><br \/>\n<br \/>\n<p><b>4.K\u00e9rhetek egyedi megmunk\u00e1l\u00e1st k\u00fcl\u00f6nleges ablaktervekhez?<\/b><\/p>\n<p>Igen, CNC megmunk\u00e1l\u00e1st k\u00edn\u00e1lunk az egyedi tervez\u00e9si k\u00f6vetelm\u00e9nyek teljes\u00edt\u00e9s\u00e9hez, bele\u00e9rtve a ny\u00edl\u00e1sokat, lyukakat \u00e9s csatlakoz\u00f3 bev\u00e1g\u00e1sokat.<br \/>\n<\/p><br \/>\n<br \/>\n<p><b>5.Milyen t\u00edpus\u00fa kivitelek \u00e1llnak rendelkez\u00e9sre?<\/b><\/p>\n<p>A k\u00fcl\u00f6nf\u00e9le eszt\u00e9tikai ig\u00e9nyeknek megfelel\u0151, gyakori kivitelek k\u00f6z\u00e9 tartozik az elox\u00e1lt, porsz\u00f3rt, csiszolt \u00e9s fa szemcs\u00e9s kivitel.<br \/>\n<\/p><br \/>\n<br \/>\n<p><b>6.Alkalmasak-e ezek a profilok h\u0151szigetel\u0151 rendszerekhez?<\/b><\/p>\n<p>Igen, megmunk\u00e1lt profiljaink integr\u00e1lhat\u00f3k a h\u0151szigetel\u0151 technol\u00f3gi\u00e1kkal az ajt\u00f3k \u00e9s ablakok szigetel\u00e9s\u00e9nek jav\u00edt\u00e1sa \u00e9rdek\u00e9ben.<br \/>\n<\/p><br \/>\n<br \/>\n<p><b>7.K\u00f6nny\u0171 a be\u00e9p\u00edt\u00e9s a megmunk\u00e1lt profilokkal?<\/b><\/p>\n<p>Igen, a profilok el\u0151re megmunk\u00e1ltak a gyors \u00f6sszeszerel\u00e9s \u00e9rdek\u00e9ben, cs\u00f6kkentve a szerel\u00e9si id\u0151t \u00e9s biztos\u00edtva a pontos igaz\u00edt\u00e1st.<br \/>\n<\/p><br \/>\n<br \/>\n<p><b>8.Milyen ipar\u00e1gak haszn\u00e1lj\u00e1k a megmunk\u00e1lt alum\u00ednium profilokat?<\/b><\/p>\n<p>Sz\u00e9les k\u00f6rben haszn\u00e1lj\u00e1k az \u00e9p\u00edt\u0151iparban, az ingatlanfejleszt\u00e9sben, az el\u0151regy\u00e1rtott h\u00e1zakban \u00e9s az \u00e9p\u00edt\u00e9szeti fel\u00faj\u00edt\u00e1sokban.<br \/>\n<\/p><br \/><\/p>","protected":false},"featured_media":6998,"template":"","categories":[67],"class_list":["post-6999","product","type-product","status-publish","has-post-thumbnail","hentry","category-architectural-aluminium-profile"],"meta_box":{"hilight_text_group":{"product_hilight_text":"<li>Precision-machined aluminum profiles ensure accurate fit for windows and doors<\/li>\r\r\n<li>High strength-to-weight ratio improves structural integrity without adding bulk<\/li>\r\r\n<li>Corrosion-resistant finish suitable for all weather conditions<\/li>\r\r\n<li>Customizable shapes and cutouts for various architectural designs<\/li>\r\r\n<li>Ready-to-install profiles reduce labor time on-site<\/li>\r\r\n<li>Enhanced thermal and acoustic insulation performance<\/li>\r\r\n<li>Ideal for both residential and commercial construction projects<\/li>","product_chanpin_blog":"<ul>\r\r\n<li><a href=\"https:\/\/sinoextrud.com\/t-slot-v-slot-differences\/\" target=\"_blank\">t slot vs v slot<\/a><\/li>\r\r\n<li><a href=\"https:\/\/sinoextrud.com\/what-is-4040-aluminium-extrud\/\" target=\"_blank\">4040 aluminium extrusion<\/a><\/li>\r\r\n<li><a href=\"https:\/\/sinoextrud.com\/what-is-4040-aluminium-extrud\/\" target=\"_blank\">aluminum extrusions for industrial racks<\/a><\/li>\r\r\n<li><a href=\"https:\/\/sinoextrud.com\/powder-coating-aluminium-process\/\" target=\"_blank\">powder coating aluminium<\/a><\/li>\r\r\n<li><a href=\"https:\/\/sinoextrud.com\/what-is-an-aluminium-strip-ceiling\/\" target=\"_blank\">aluminium strip ceiling<\/a><\/li>\r\r\n<li><a href=\"https:\/\/sinoextrud.com\/what-is-a-heat-sink\/\" target=\"_blank\">what is a heat sink<\/a><\/li>\r\r\n<\/ul>","product_chanpin_chanpin":"<li><a href=\"https:\/\/sinoextrud.com\/product\/anodized-aluminum-profile-kitchen-cabinet-frame\/\" target=\"_blank\">Anodized Aluminum Profile Kitchen Cabinet Frame<\/a><\/li>\r\n<li><a href=\"https:\/\/sinoextrud.com\/product\/aluminum-extrusions-for-wall-panels-u-shape\/\" target=\"_blank\">Aluminum Extrusions For Wall Panels U Shape<\/a><\/li>\r\n<li><a href=\"https:\/\/sinoextrud.com\/product\/polished-sliver-aluminium-profile-like-mirror\/\" target=\"_blank\">Polished Sliver Aluminium Profile Like Mirror<\/a><\/li>\r\n<li><a href=\"https:\/\/sinoextrud.com\/product\/modular-aluminium-frame\/\" target=\"_blank\">Modular Aluminium Frame<\/a><\/li>\r\n<li><a href=\"https:\/\/sinoextrud.com\/product\/machined-aluminium-profiles-for-windows-and-doors\/\" target=\"_blank\">Machined Aluminium Profiles For Windows And Doors<\/a><\/li>\r\n<li><a href=\"https:\/\/sinoextrud.com\/product\/aluminum-trailer-door-frame-extrusions\/\" target=\"_blank\">Aluminum Trailer Door Frame Extrusions<\/a><\/li>\r\n<li><a href=\"https:\/\/sinoextrud.com\/product\/aluminium-shower-extrusions\/\" target=\"_blank\">Aluminium Shower Extrusions<\/a><\/li>\r\n<li><a href=\"https:\/\/sinoextrud.com\/product\/aluminium-profile-material\/\" target=\"_blank\">Aluminium Profile Material<\/a><\/li>\r\n<li><a href=\"https:\/\/sinoextrud.com\/product\/aluminium-frame-extrusion-profile-picture-frame-profile-for-interior-decoration\/\" target=\"_blank\">Aluminium Frame Extrusion Profile Picture Frame Profile For Interior Decoration<\/a><\/li>\r\n<li><a href=\"https:\/\/sinoextrud.com\/product\/wardrobe-cabinet-sliding-aluminum-profile\/\" target=\"_blank\">Wardrobe Cabinet Sliding Aluminum Profile<\/a><\/li>\r\n<li><a href=\"https:\/\/sinoextrud.com\/product\/20-year-warranty-6061-6063-aluminum-wood-grain-look-aluminum-extruded-square-rectangular-tube\/\" target=\"_blank\">20-Year Warranty 6061 6063 Aluminum Wood Grain Look Aluminum Extruded Square Rectangular Tube<\/a><\/li>"},"feature_list":[]},"_links":{"self":[{"href":"https:\/\/sinoextrud.com\/hu\/wp-json\/wp\/v2\/product\/6999","targetHints":{"allow":["GET"]}}],"collection":[{"href":"https:\/\/sinoextrud.com\/hu\/wp-json\/wp\/v2\/product"}],"about":[{"href":"https:\/\/sinoextrud.com\/hu\/wp-json\/wp\/v2\/types\/product"}],"wp:featuredmedia":[{"embeddable":true,"href":"https:\/\/sinoextrud.com\/hu\/wp-json\/wp\/v2\/media\/6998"}],"wp:attachment":[{"href":"https:\/\/sinoextrud.com\/hu\/wp-json\/wp\/v2\/media?parent=6999"}],"wp:term":[{"taxonomy":"category","embeddable":true,"href":"https:\/\/sinoextrud.com\/hu\/wp-json\/wp\/v2\/categories?post=6999"}],"curies":[{"name":"wp","href":"https:\/\/api.w.org\/{rel}","templated":true}]}}