{"id":6995,"date":"2025-06-05T01:52:46","date_gmt":"2025-06-05T01:52:46","guid":{"rendered":"https:\/\/sinoextrud.com\/product\/polished-sliver-aluminium-profile-like-mirror\/"},"modified":"2025-06-24T06:12:04","modified_gmt":"2025-06-24T06:12:04","slug":"polirozott-ezust-aluminium-profil-mint-a-tukor","status":"publish","type":"product","link":"https:\/\/sinoextrud.com\/hu\/product\/polished-sliver-aluminium-profile-like-mirror\/","title":{"rendered":"Pol\u00edrozott Sliver alum\u00ednium profil, mint a t\u00fck\u00f6r"},"content":{"rendered":"<h2>Term\u00e9kek r\u00e9szletei<\/h2>\n<table class=\"custom-table\">\n<tr>\n<td class=\"label\">T\u00e9tel:<\/td>\n<td> Pol\u00edrozott ez\u00fcst alum\u00ednium profil\uff0c<\/td>\n<\/tr>\n<tr>\n<td class=\"label\">Lelkiismeretesen:<\/td>\n<td> T3-T8\uff0c<\/td>\n<\/tr>\n<tr>\n<td class=\"label\">\u00f6tv\u00f6zet:<\/td>\n<td>Alloy\uff0c<\/td>\n<\/tr>\n<tr>\n<td class=\"label\">Oszt\u00e1ly:<\/td>\n<td> 6063-T5, 6061-T6, 6463-T5, 7075-T6, 6082\uff0c<\/td>\n<\/tr>\n<tr>\n<td class=\"label\">Hossz\u00fas\u00e1g:<\/td>\n<td>1-9 m\u00e9ter vagy testreszabott\uff0c<\/td>\n<\/tr>\n<tr>\n<td class=\"label\">M\u00e9ret:<\/td>\n<td> Custom\uff0c<\/td>\n<\/tr>\n<tr>\n<td class=\"label\">Tolerancia:<\/td>\n<td> +\/-0.1m\uff0c<\/td>\n<\/tr>\n<tr>\n<td class=\"label\">Garancia:<\/td>\n<td> A fel\u00fclet sz\u00edne 10-20 \u00e9vig stabil lehet belt\u00e9rben.<\/td>\n<\/tr>\n<tr>\n<td class=\"label\">Min\u0151s\u00e9gellen\u0151rz\u00e9s:<\/td>\n<td> 100% Sz\u00e1ll\u00edt\u00e1s el\u0151tti ellen\u0151rz\u00e9s\uff0c<\/td>\n<\/tr>\n<tr>\n<td class=\"label\">Specifik\u00e1ci\u00f3:<\/td>\n<td>ISO9001, ISO14001\uff0c<\/td>\n<\/tr>\n<tr>\n<td class=\"label\">Eredet:<\/td>\n<td>Foshan, K\u00edna\uff0c<\/td>\n<\/tr>\n<tr>\n<td class=\"label\">V\u00e9djegy:<\/td>\n<td>Sinoextrud (Sinoextrud) \/ OEM\uff0c<\/td>\n<\/tr>\n<tr>\n<td class=\"label\">T\u00edpus:<\/td>\n<td> Ablak \u00e9s ajt\u00f3 alum\u00ednium profil, dekor\u00e1ci\u00f3s alum\u00ednium profil, h\u0171t\u0151bord\u00e1s alum\u00ednium profil, pol\u00edrozott ez\u00fcst alum\u00ednium profil, \u00fcvegfal alum\u00ednium profil, k\u00f6zleked\u00e9si alum\u00ednium profil, ipari alum\u00ednium profil\uff0c<\/td>\n<\/tr>\n<\/table>\n<h2>Gy\u00e1rt\u00f3 b\u00e1zisunk<\/h2>\n<h3>Gy\u00e1ri panor\u00e1ma<\/h3>\n<p><img decoding=\"async\" src=\"\/wp-content\/uploads\/factory-01.webp\"\/><\/p>\n<h3>Alum\u00ednium r\u00fadgy\u00e1rt\u00f3 m\u0171hely<\/h3>\n<p><img decoding=\"async\" src=\"\/wp-content\/uploads\/factory-02.webp\"\/><\/p>\n<p><img decoding=\"async\" src=\"\/wp-content\/uploads\/factory-03.webp\"\/><\/p>\n<h3>Pen\u00e9sz rakt\u00e1r<\/h3>\n<p><img decoding=\"async\" src=\"\/wp-content\/uploads\/factory-04.webp\"\/><\/p>\n<h3>43 alum\u00ednium extrud\u00e1l\u00f3 vonal (500-5500 tonna)<\/h3>\n<p><img decoding=\"async\" src=\"\/wp-content\/uploads\/factory-05.webp\"\/><\/p>\n<p><img decoding=\"async\" src=\"\/wp-content\/uploads\/factory-06.webp\"\/><\/p>\n<p><img decoding=\"async\" src=\"\/wp-content\/uploads\/factory-07.webp\"\/><\/p>\n<h3>Porfest\u0151 m\u0171hely<\/h3>\n<p><img decoding=\"async\" src=\"\/wp-content\/uploads\/factory-09.webp\"\/><\/p>\n<h3>Anodiz\u00e1l\u00f3 m\u0171hely<\/h3>\n<p><img decoding=\"async\" src=\"\/wp-content\/uploads\/factory-10.webp\"\/><\/p>\n<h3>M\u00e9ly feldolgoz\u00e1si m\u0171hely<\/h3>\n<p><img decoding=\"async\" src=\"\/wp-content\/uploads\/factory-11.webp\"\/><\/p>\n<h3>CNC prec\u00edzi\u00f3s megmunk\u00e1l\u00f3 m\u0171hely<\/h3>\n<p><img decoding=\"async\" src=\"\/wp-content\/uploads\/factory-11.5.webp\"\/><\/p>\n<h3>K\u00e9szterm\u00e9k \u00e9s export rakt\u00e1r<\/h3>\n<p><img decoding=\"async\" src=\"\/wp-content\/uploads\/factory-12.webp\"\/><\/p>\n<p><img decoding=\"async\" src=\"\/wp-content\/uploads\/factory-13.webp\"\/><\/p>\n<p><img decoding=\"async\" src=\"\/wp-content\/uploads\/factory-14.webp\"\/><\/p>\n<h2>GYIK<\/h2>\n<p><p><b>1.Mi a pol\u00edrozott ez\u00fcst alum\u00ednium profil, mint a t\u00fck\u00f6r?<\/b><\/p>\n<p>Ez egy magasf\u00e9ny\u0171, t\u00fck\u00f6rszer\u0171 fel\u00fcletkezel\u00e9ssel rendelkez\u0151, dekorat\u00edv \u00e9s \u00e9p\u00edt\u00e9szeti alkalmaz\u00e1sokhoz tervezett alum\u00ednium sajtolt term\u00e9k.<br \/>\n<\/p><br \/>\n<br \/>\n<p><b>2.Milyen el\u0151nyei vannak a t\u00fck\u00f6rszer\u0171 alum\u00ednium fel\u00fcletnek?<\/b><\/p>\n<p>A pol\u00edrozott fel\u00fclet pr\u00e9mium eszt\u00e9tik\u00e1t, kiv\u00e1l\u00f3 f\u00e9nyvisszaver\u0151 k\u00e9pess\u00e9get \u00e9s bels\u0151 terekbe ill\u0151, eleg\u00e1ns, modern megjelen\u00e9st biztos\u00edt.<br \/>\n<\/p><br \/>\n<br \/>\n<p><b>3.A pol\u00edrozott alum\u00edniumprofil korr\u00f3zi\u00f3\u00e1ll\u00f3?<\/b><\/p>\n<p>Igen, van egy v\u00e9d\u0151r\u00e9tege, amely ellen\u00e1ll a korr\u00f3zi\u00f3nak, \u00edgy a t\u00fck\u00f6rf\u00e9nyes fel\u00fclet id\u0151vel \u00e9rintetlen marad.<br \/>\n<\/p><br \/>\n<br \/>\n<p><b>4.A pol\u00edrozott alum\u00ednium profil testre szabhat\u00f3?<\/b><\/p>\n<p>Term\u00e9szetesen a profil k\u00fcl\u00f6nb\u00f6z\u0151 hossz\u00fas\u00e1gokban, form\u00e1kban \u00e9s vastags\u00e1gokban is elk\u00e9sz\u00edthet\u0151, hogy megfeleljen az egyedi tervez\u00e9si k\u00f6vetelm\u00e9nyeknek.<br \/>\n<\/p><br \/>\n<br \/>\n<p><b>5.Melyek a t\u00fck\u00f6rszer\u0171 alum\u00edniumprofilok tipikus felhaszn\u00e1l\u00e1si ter\u00fcletei?<\/b><\/p>\n<p>\u00c1ltal\u00e1ban kijelz\u0151rendszerekben, b\u00fatorszeg\u00e9lyekben, falpanelekben, feliratokban \u00e9s luxus bels\u0151 terekben haszn\u00e1lj\u00e1k.<br \/>\n<\/p><br \/>\n<br \/>\n<p><b>6.Alkalmas ez a term\u00e9k belt\u00e9ri \u00e9s k\u00fclt\u00e9ri haszn\u00e1latra?<\/b><\/p>\n<p>Els\u0151sorban belt\u00e9ri haszn\u00e1latra tervezt\u00e9k, de megfelel\u0151 karbantart\u00e1s eset\u00e9n fedett k\u00fclt\u00e9ri helyis\u00e9gekben is alkalmazhat\u00f3.<br \/>\n<\/p><br \/>\n<br \/>\n<p><b>7.Hogyan \u00e9rhet\u0151 el a t\u00fck\u00f6rf\u00e9nyes fel\u00fclet az alum\u00ednium profilokon?<\/b><\/p>\n<p>A fel\u00fcletet mechanikus pol\u00edroz\u00e1ssal \u00e9s k\u00e9miai kezel\u00e9ssel hozz\u00e1k l\u00e9tre, hogy magas f\u00e9ny\u0171, f\u00e9nyvisszaver\u0151 fel\u00fcletet \u00e9rjenek el.<br \/>\n<\/p><br \/>\n<br \/>\n<p><b>8.A t\u00fck\u00f6rszer\u0171 alum\u00ednium k\u00f6rnyezetbar\u00e1t?<\/b><\/p>\n<p>Igen, az alum\u00ednium egy fenntarthat\u00f3, teljes m\u00e9rt\u00e9kben \u00fajrahasznos\u00edthat\u00f3 anyag, amely t\u00e1mogatja a z\u00f6ld \u00e9p\u00edt\u00e9si gyakorlatokat.<br \/>\n<\/p><br \/><\/p>","protected":false},"featured_media":6994,"template":"","categories":[67],"class_list":["post-6995","product","type-product","status-publish","has-post-thumbnail","hentry","category-architectural-aluminium-profile"],"meta_box":{"hilight_text_group":{"product_hilight_text":"<li>Mirror-like polished finish delivers premium visual appeal<\/li>\r\r\n<li>Made from high-quality aluminum for strength and durability<\/li>\r\r\n<li>Corrosion-resistant surface ensures long-term shine<\/li>\r\r\n<li>Lightweight and easy to fabricate for various applications<\/li>\r\r\n<li>Ideal for decorative, architectural, and interior design use<\/li>\r\r\n<li>Customizable dimensions and thickness to meet design needs<\/li>\r\r\n<li>Eco-friendly and fully recyclable aluminum material<\/li>","product_chanpin_blog":"<ul>\r\r\n<li><a href=\"https:\/\/sinoextrud.com\/t-slot-v-slot-differences\/\" target=\"_blank\">t slot vs v slot<\/a><\/li>\r\r\n<li><a href=\"https:\/\/sinoextrud.com\/what-is-4040-aluminium-extrud\/\" target=\"_blank\">4040 aluminium extrusion<\/a><\/li>\r\r\n<li><a href=\"https:\/\/sinoextrud.com\/what-is-4040-aluminium-extrud\/\" target=\"_blank\">aluminum extrusions for industrial racks<\/a><\/li>\r\r\n<li><a href=\"https:\/\/sinoextrud.com\/powder-coating-aluminium-process\/\" target=\"_blank\">powder coating aluminium<\/a><\/li>\r\r\n<li><a href=\"https:\/\/sinoextrud.com\/what-is-an-aluminium-strip-ceiling\/\" target=\"_blank\">aluminium strip ceiling<\/a><\/li>\r\r\n<li><a href=\"https:\/\/sinoextrud.com\/what-is-a-heat-sink\/\" target=\"_blank\">what is a heat sink<\/a><\/li>\r\r\n<\/ul>","product_chanpin_chanpin":"<li><a href=\"https:\/\/sinoextrud.com\/product\/extruded-aluminum-channel-stock\/\" target=\"_blank\">Extruded Aluminum Channel Stock<\/a><\/li>\r\n<li><a href=\"https:\/\/sinoextrud.com\/product\/aluminium-oxide\/\" target=\"_blank\">Aluminium Oxide<\/a><\/li>\r\n<li><a href=\"https:\/\/sinoextrud.com\/product\/anodized-aluminum-profile-kitchen-cabinet-frame\/\" target=\"_blank\">Anodized Aluminum Profile Kitchen Cabinet Frame<\/a><\/li>\r\n<li><a href=\"https:\/\/sinoextrud.com\/product\/aluminum-extrusions-for-wall-panels-u-shape\/\" target=\"_blank\">Aluminum Extrusions For Wall Panels U Shape<\/a><\/li>\r\n<li><a href=\"https:\/\/sinoextrud.com\/product\/polished-sliver-aluminium-profile-like-mirror\/\" target=\"_blank\">Polished Sliver Aluminium Profile Like Mirror<\/a><\/li>\r\n<li><a href=\"https:\/\/sinoextrud.com\/product\/modular-aluminium-frame\/\" target=\"_blank\">Modular Aluminium Frame<\/a><\/li>\r\n<li><a href=\"https:\/\/sinoextrud.com\/product\/machined-aluminium-profiles-for-windows-and-doors\/\" target=\"_blank\">Machined Aluminium Profiles For Windows And Doors<\/a><\/li>\r\n<li><a href=\"https:\/\/sinoextrud.com\/product\/aluminum-trailer-door-frame-extrusions\/\" target=\"_blank\">Aluminum Trailer Door Frame Extrusions<\/a><\/li>\r\n<li><a href=\"https:\/\/sinoextrud.com\/product\/aluminium-shower-extrusions\/\" target=\"_blank\">Aluminium Shower Extrusions<\/a><\/li>\r\n<li><a href=\"https:\/\/sinoextrud.com\/product\/aluminum-curtain-wall-profile-extrusion-profiles-aluminum-tubing-catalog\/\" target=\"_blank\">aluminum curtain wall profile extrusion profiles aluminum tubing catalog<\/a><\/li>\r\n<li><a href=\"https:\/\/sinoextrud.com\/product\/shaped-tile-ceiling-system\/\" target=\"_blank\">Shaped Tile Ceiling System<\/a><\/li>"},"feature_list":[]},"_links":{"self":[{"href":"https:\/\/sinoextrud.com\/hu\/wp-json\/wp\/v2\/product\/6995","targetHints":{"allow":["GET"]}}],"collection":[{"href":"https:\/\/sinoextrud.com\/hu\/wp-json\/wp\/v2\/product"}],"about":[{"href":"https:\/\/sinoextrud.com\/hu\/wp-json\/wp\/v2\/types\/product"}],"wp:featuredmedia":[{"embeddable":true,"href":"https:\/\/sinoextrud.com\/hu\/wp-json\/wp\/v2\/media\/6994"}],"wp:attachment":[{"href":"https:\/\/sinoextrud.com\/hu\/wp-json\/wp\/v2\/media?parent=6995"}],"wp:term":[{"taxonomy":"category","embeddable":true,"href":"https:\/\/sinoextrud.com\/hu\/wp-json\/wp\/v2\/categories?post=6995"}],"curies":[{"name":"wp","href":"https:\/\/api.w.org\/{rel}","templated":true}]}}