{"id":6991,"date":"2025-06-05T01:37:17","date_gmt":"2025-06-05T01:37:17","guid":{"rendered":"https:\/\/sinoextrud.com\/product\/anodized-aluminum-profile-kitchen-cabinet-frame\/"},"modified":"2025-06-24T06:12:02","modified_gmt":"2025-06-24T06:12:02","slug":"eloxalt-aluminium-profil-konyhaszekreny-keret","status":"publish","type":"product","link":"https:\/\/sinoextrud.com\/hu\/product\/anodized-aluminum-profile-kitchen-cabinet-frame\/","title":{"rendered":"Elox\u00e1lt alum\u00ednium profil konyhaszekr\u00e9ny keret"},"content":{"rendered":"<h2>Term\u00e9kek r\u00e9szletei<\/h2>\n<table class=\"custom-table\">\n<tr>\n<td class=\"label\">T\u00e9tel:<\/td>\n<td> Elox\u00e1lt alum\u00ednium profil konyhaszekr\u00e9ny keret\uff0c<\/td>\n<\/tr>\n<tr>\n<td class=\"label\">Oszt\u00e1ly:<\/td>\n<td> 6000-es sorozat\uff0c<\/td>\n<\/tr>\n<tr>\n<td class=\"label\">Lelkiismeretesen:<\/td>\n<td> T3 - T8\uff0c<\/td>\n<\/tr>\n<tr>\n<td class=\"label\">Hossz\u00fas\u00e1g:<\/td>\n<td>1-9 m\u00e9ter vagy testreszabott\uff0c<\/td>\n<\/tr>\n<tr>\n<td class=\"label\">\u00f6tv\u00f6zet:<\/td>\n<td> Alloy\uff0c<\/td>\n<\/tr>\n<tr>\n<td class=\"label\">Szabv\u00e1nyos:<\/td>\n<td> GB\uff0c<\/td>\n<\/tr>\n<tr>\n<td class=\"label\">M\u00e9ret:<\/td>\n<td> Testreszabott\uff0c<\/td>\n<\/tr>\n<tr>\n<td class=\"label\">Termel\u00e9si t\u00edpus:<\/td>\n<td> T\u00f6megtermel\u00e9s\uff0c<\/td>\n<\/tr>\n<tr>\n<td class=\"label\">Min:<\/td>\n<td> 200KG\uff0c<\/td>\n<\/tr>\n<tr>\n<td class=\"label\">Sz\u00e1ll\u00edt\u00e1si csomag:<\/td>\n<td> M\u0171anyag v\u00e9d\u0151f\u00f3lia \u00e9s v\u00edz\u00e1ll\u00f3 k\u00e9zm\u0171ves pap\u00edr\uff0c<\/td>\n<\/tr>\n<tr>\n<td class=\"label\">Alkalmaz\u00e1s:<\/td>\n<td> Alum\u00ednium konyhaszekr\u00e9ny profil\uff0c<\/td>\n<\/tr>\n<tr>\n<td class=\"label\">Fel\u00fcletkezel\u00e9s:<\/td>\n<td> Anodiz\u00e1l\u00e1s\uff0c<\/td>\n<\/tr>\n<tr>\n<td class=\"label\">Minta \u00e1tfut\u00e1si id\u0151:<\/td>\n<td> 10-15 nap\uff0c<\/td>\n<\/tr>\n<tr>\n<td class=\"label\">T\u00f6megtermel\u00e9s:<\/td>\n<td> 25-30 nappal a minta vev\u0151 \u00e1ltali meger\u0151s\u00edt\u00e9se ut\u00e1n, a vev\u0151 \u00e1ltal t\u00f6rt\u00e9n\u0151 meger\u0151s\u00edt\u00e9s ut\u00e1n<\/td>\n<\/tr>\n<tr>\n<td class=\"label\">V\u00e9djegy:<\/td>\n<td> Sinoextrud (Sinoextrud) \/ OEM\uff0c<\/td>\n<\/tr>\n<tr>\n<td class=\"label\">Eredet:<\/td>\n<td> Foshan, K\u00edna\uff0c<\/td>\n<\/tr>\n<\/table>\n<h2>Gy\u00e1rt\u00f3 b\u00e1zisunk<\/h2>\n<h3>Gy\u00e1ri panor\u00e1ma<\/h3>\n<p><img decoding=\"async\" src=\"\/wp-content\/uploads\/factory-01.webp\"\/><\/p>\n<h3>Alum\u00ednium r\u00fadgy\u00e1rt\u00f3 m\u0171hely<\/h3>\n<p><img decoding=\"async\" src=\"\/wp-content\/uploads\/factory-02.webp\"\/><\/p>\n<p><img decoding=\"async\" src=\"\/wp-content\/uploads\/factory-03.webp\"\/><\/p>\n<h3>Pen\u00e9sz rakt\u00e1r<\/h3>\n<p><img decoding=\"async\" src=\"\/wp-content\/uploads\/factory-04.webp\"\/><\/p>\n<h3>43 alum\u00ednium extrud\u00e1l\u00f3 vonal (500-5500 tonna)<\/h3>\n<p><img decoding=\"async\" src=\"\/wp-content\/uploads\/factory-05.webp\"\/><\/p>\n<p><img decoding=\"async\" src=\"\/wp-content\/uploads\/factory-06.webp\"\/><\/p>\n<p><img decoding=\"async\" src=\"\/wp-content\/uploads\/factory-07.webp\"\/><\/p>\n<h3>Porfest\u0151 m\u0171hely<\/h3>\n<p><img decoding=\"async\" src=\"\/wp-content\/uploads\/factory-09.webp\"\/><\/p>\n<h3>Anodiz\u00e1l\u00f3 m\u0171hely<\/h3>\n<p><img decoding=\"async\" src=\"\/wp-content\/uploads\/factory-10.webp\"\/><\/p>\n<h3>M\u00e9ly feldolgoz\u00e1si m\u0171hely<\/h3>\n<p><img decoding=\"async\" src=\"\/wp-content\/uploads\/factory-11.webp\"\/><\/p>\n<h3>CNC prec\u00edzi\u00f3s megmunk\u00e1l\u00f3 m\u0171hely<\/h3>\n<p><img decoding=\"async\" src=\"\/wp-content\/uploads\/factory-11.5.webp\"\/><\/p>\n<h3>K\u00e9szterm\u00e9k \u00e9s export rakt\u00e1r<\/h3>\n<p><img decoding=\"async\" src=\"\/wp-content\/uploads\/factory-12.webp\"\/><\/p>\n<p><img decoding=\"async\" src=\"\/wp-content\/uploads\/factory-13.webp\"\/><\/p>\n<p><img decoding=\"async\" src=\"\/wp-content\/uploads\/factory-14.webp\"\/><\/p>\n<h2>GYIK<\/h2>\n<p><p><b>1.Mi az elox\u00e1lt alum\u00ednium profil\u00fa konyhaszekr\u00e9ny keret?<\/b><\/p>\n<p>Az elox\u00e1lt alum\u00ednium profil\u00fa konyhaszekr\u00e9ny keret egy tart\u00f3s, k\u00f6nny\u0171 szerkezet, amely a korr\u00f3zi\u00f3\u00e1ll\u00f3s\u00e1g \u00e9s a jobb megjelen\u00e9s \u00e9rdek\u00e9ben elox\u00e1l\u00e1si elj\u00e1r\u00e1ssal kezelt alum\u00edniumb\u00f3l k\u00e9sz\u00fclt.<br \/>\n<\/p><br \/>\n<br \/>\n<p><b>2.Mi\u00e9rt v\u00e1lassza az elox\u00e1lt alum\u00edniumot a konyhaszekr\u00e9nyekhez?<\/b><\/p>\n<p>Az elox\u00e1lt alum\u00ednium kiv\u00e1l\u00f3 korr\u00f3zi\u00f3\u00e1ll\u00f3s\u00e1got, eleg\u00e1ns megjelen\u00e9st \u00e9s hossz\u00fa \u00e9lettartamot biztos\u00edt, \u00edgy t\u00f6k\u00e9letes a konyhaszekr\u00e9nykeretekhez.<br \/>\n<\/p><br \/>\n<br \/>\n<p><b>3.Az elox\u00e1lt alum\u00ednium biztons\u00e1gos konyhai haszn\u00e1latra?<\/b><\/p>\n<p>Igen, az elox\u00e1lt alum\u00ednium nem m\u00e9rgez\u0151, korr\u00f3zi\u00f3\u00e1ll\u00f3, \u00e9s ide\u00e1lis a nedves konyhai k\u00f6rnyezetben, \u00edgy biztons\u00e1gos \u00e9s megb\u00edzhat\u00f3 szekr\u00e9nykeretet biztos\u00edt.<br \/>\n<\/p><br \/>\n<br \/>\n<p><b>4.Can elox\u00e1lt alum\u00ednium keretek testreszabhat\u00f3ak?<\/b><\/p>\n<p>Igen, az elox\u00e1lt alum\u00ednium profil\u00fa konyhaszekr\u00e9nykeretek m\u00e9retben, alakban \u00e9s kivitelben testre szabhat\u00f3k, hogy illeszkedjenek az adott konyha tervez\u00e9si k\u00f6vetelm\u00e9nyeihez.<br \/>\n<\/p><br \/>\n<br \/>\n<p><b>5.Mennyire tart\u00f3sak az elox\u00e1lt alum\u00ednium konyhaszekr\u00e9nykeretek?<\/b><\/p>\n<p>Az elox\u00e1lt alum\u00edniumkeretek rendk\u00edv\u00fcl tart\u00f3sak, karc\u00e1ll\u00f3ak, \u00e9s id\u0151vel meg\u0151rzik szerkezeti integrit\u00e1sukat, m\u00e9g a nagy ig\u00e9nybev\u00e9telnek kitett ter\u00fcleteken is.<br \/>\n<\/p><br \/>\n<br \/>\n<p><b>6.Az elox\u00e1lt alum\u00edniumkeretek k\u00f6rnyezetbar\u00e1tok?<\/b><\/p>\n<p>Igen, az elox\u00e1lt alum\u00ednium k\u00f6rnyezetbar\u00e1t \u00e9s teljes m\u00e9rt\u00e9kben \u00fajrahasznos\u00edthat\u00f3, \u00edgy igazodik a z\u00f6ld \u00e9p\u00edt\u00e9si \u00e9s fenntarthat\u00f3s\u00e1gi gyakorlatokhoz.<br \/>\n<\/p><br \/>\n<br \/>\n<p><b>7.Az elox\u00e1lt alum\u00ednium szekr\u00e9nykeretek speci\u00e1lis karbantart\u00e1st ig\u00e9nyelnek?<\/b><\/p>\n<p>Nem, az elox\u00e1lt alum\u00edniumkeretek alacsony karbantart\u00e1si ig\u00e9ny\u0171ek, k\u00f6nnyen tiszt\u00edthat\u00f3k, \u00e9s minim\u00e1lis er\u0151fesz\u00edt\u00e9ssel meg\u0151rzik megjelen\u00e9s\u00fcket.<br \/>\n<\/p><br \/>\n<br \/>\n<p><b>8.Milyen st\u00edlusokat t\u00e1mogatnak az elox\u00e1lt alum\u00ednium konyhaszekr\u00e9nykeretek?<\/b><\/p>\n<p>Az elox\u00e1lt alum\u00edniumkeretek sokoldal\u00fas\u00e1guknak \u00e9s letisztult megjelen\u00e9s\u00fcknek k\u00f6sz\u00f6nhet\u0151en a szekr\u00e9nyst\u00edlusok sz\u00e9les sk\u00e1l\u00e1j\u00e1t t\u00e1mogatj\u00e1k, a modernt\u0151l az ipari st\u00edlusig.<br \/>\n<\/p><br \/><\/p>","protected":false},"featured_media":6990,"template":"","categories":[67],"class_list":["post-6991","product","type-product","status-publish","has-post-thumbnail","hentry","category-architectural-aluminium-profile"],"meta_box":{"hilight_text_group":{"product_hilight_text":"<li>Durable anodized aluminum construction for long-lasting performance<\/li>\r\r\n<li>Sleek and modern appearance enhances kitchen aesthetics<\/li>\r\r\n<li>Corrosion-resistant surface ideal for humid kitchen environments<\/li>\r\r\n<li>Lightweight frame for easy installation and handling<\/li>\r\r\n<li>Customizable sizes and finishes to match diverse kitchen designs<\/li>\r\r\n<li>Eco-friendly and recyclable material meets sustainability demands<\/li>\r\r\n<li>High structural integrity supports various cabinet styles<\/li>","product_chanpin_blog":"<ul>\r\r\n<li><a href=\"https:\/\/sinoextrud.com\/t-slot-v-slot-differences\/\" target=\"_blank\">t slot vs v slot<\/a><\/li>\r\r\n<li><a href=\"https:\/\/sinoextrud.com\/what-is-4040-aluminium-extrud\/\" target=\"_blank\">4040 aluminium extrusion<\/a><\/li>\r\r\n<li><a href=\"https:\/\/sinoextrud.com\/what-is-4040-aluminium-extrud\/\" target=\"_blank\">aluminum extrusions for industrial racks<\/a><\/li>\r\r\n<li><a href=\"https:\/\/sinoextrud.com\/powder-coating-aluminium-process\/\" target=\"_blank\">powder coating aluminium<\/a><\/li>\r\r\n<li><a href=\"https:\/\/sinoextrud.com\/what-is-an-aluminium-strip-ceiling\/\" target=\"_blank\">aluminium strip ceiling<\/a><\/li>\r\r\n<li><a href=\"https:\/\/sinoextrud.com\/what-is-a-heat-sink\/\" target=\"_blank\">what is a heat sink<\/a><\/li>\r\r\n<\/ul>","product_chanpin_chanpin":"<li><a href=\"https:\/\/sinoextrud.com\/product\/aluminum-rail-profile\/\" target=\"_blank\">Aluminum Rail Profile<\/a><\/li>\r\n<li><a href=\"https:\/\/sinoextrud.com\/product\/fluorocarbon-coated-heavy-duty-exposed-aluminium-frame-glazed-building-curtain-wall-aluminium-profile\/\" target=\"_blank\">Fluorocarbon coated heavy duty exposed aluminium frame glazed building curtain wall aluminium profile<\/a><\/li>\r\n<li><a href=\"https:\/\/sinoextrud.com\/product\/extruded-aluminum-channel-stock\/\" target=\"_blank\">Extruded Aluminum Channel Stock<\/a><\/li>\r\n<li><a href=\"https:\/\/sinoextrud.com\/product\/aluminium-oxide\/\" target=\"_blank\">Aluminium Oxide<\/a><\/li>\r\n<li><a href=\"https:\/\/sinoextrud.com\/product\/anodized-aluminum-profile-kitchen-cabinet-frame\/\" target=\"_blank\">Anodized Aluminum Profile Kitchen Cabinet Frame<\/a><\/li>\r\n<li><a href=\"https:\/\/sinoextrud.com\/product\/aluminum-extrusions-for-wall-panels-u-shape\/\" target=\"_blank\">Aluminum Extrusions For Wall Panels U Shape<\/a><\/li>\r\n<li><a href=\"https:\/\/sinoextrud.com\/product\/polished-sliver-aluminium-profile-like-mirror\/\" target=\"_blank\">Polished Sliver Aluminium Profile Like Mirror<\/a><\/li>\r\n<li><a href=\"https:\/\/sinoextrud.com\/product\/modular-aluminium-frame\/\" target=\"_blank\">Modular Aluminium Frame<\/a><\/li>\r\n<li><a href=\"https:\/\/sinoextrud.com\/product\/machined-aluminium-profiles-for-windows-and-doors\/\" target=\"_blank\">Machined Aluminium Profiles For Windows And Doors<\/a><\/li>\r\n<li><a href=\"https:\/\/sinoextrud.com\/product\/aluminum-outdoor-louver\/\" target=\"_blank\">Aluminum Outdoor Louver<\/a><\/li>\r\n<li><a href=\"https:\/\/sinoextrud.com\/product\/commercial-glass-aluminium-railing-systems\/\" target=\"_blank\">Commercial Glass Aluminium Railing Systems<\/a><\/li>"},"feature_list":[]},"_links":{"self":[{"href":"https:\/\/sinoextrud.com\/hu\/wp-json\/wp\/v2\/product\/6991","targetHints":{"allow":["GET"]}}],"collection":[{"href":"https:\/\/sinoextrud.com\/hu\/wp-json\/wp\/v2\/product"}],"about":[{"href":"https:\/\/sinoextrud.com\/hu\/wp-json\/wp\/v2\/types\/product"}],"wp:featuredmedia":[{"embeddable":true,"href":"https:\/\/sinoextrud.com\/hu\/wp-json\/wp\/v2\/media\/6990"}],"wp:attachment":[{"href":"https:\/\/sinoextrud.com\/hu\/wp-json\/wp\/v2\/media?parent=6991"}],"wp:term":[{"taxonomy":"category","embeddable":true,"href":"https:\/\/sinoextrud.com\/hu\/wp-json\/wp\/v2\/categories?post=6991"}],"curies":[{"name":"wp","href":"https:\/\/api.w.org\/{rel}","templated":true}]}}