{"id":6949,"date":"2025-06-04T10:32:26","date_gmt":"2025-06-04T10:32:26","guid":{"rendered":"https:\/\/sinoextrud.com\/product\/extruded-aluminum-channel-stock\/"},"modified":"2025-06-24T06:12:02","modified_gmt":"2025-06-24T06:12:02","slug":"extrudalt-aluminium-csatornaallomany","status":"publish","type":"product","link":"https:\/\/sinoextrud.com\/hu\/product\/extruded-aluminum-channel-stock\/","title":{"rendered":"Extrud\u00e1lt alum\u00ednium csatorna k\u00e9szlet"},"content":{"rendered":"<h2>Term\u00e9kek r\u00e9szletei<\/h2>\n<table class=\"custom-table\">\n<tr>\n<td class=\"label\">Modell NO.:<\/td>\n<td>Extrud\u00e1lt alum\u00ednium csatorna k\u00e9szlet\uff0c<\/td>\n<\/tr>\n<tr>\n<td class=\"label\">Alkalmaz\u00e1s:<\/td>\n<td>alum\u00ednium zuhanykabin\uff0c<\/td>\n<\/tr>\n<tr>\n<td class=\"label\">Oszt\u00e1ly:<\/td>\n<td>6000-es sorozat\uff0c<\/td>\n<\/tr>\n<tr>\n<td class=\"label\">Technika:<\/td>\n<td>Extrud\u00e1lt alum\u00ednium profilok \u00e9s cnc feldolgoz\u00e1s\uff0c<\/td>\n<\/tr>\n<tr>\n<td class=\"label\">Lelkiismeretesen:<\/td>\n<td>T3 - T8\uff0c<\/td>\n<\/tr>\n<tr>\n<td class=\"label\">Eredet:<\/td>\n<td>Guangdong\uff0c<\/td>\n<\/tr>\n<tr>\n<td class=\"label\">Alak:<\/td>\n<td>u csatorna\uff0c<\/td>\n<\/tr>\n<tr>\n<td class=\"label\">Fel\u00fcletkezel\u00e9s:<\/td>\n<td>Pol\u00edroz\u00e1s A\uff0c<\/td>\n<\/tr>\n<tr>\n<td class=\"label\">\u00f6tv\u00f6zet:<\/td>\n<td>6463-t5\uff0c<\/td>\n<\/tr>\n<tr>\n<td class=\"label\">Hossz\u00fas\u00e1g:<\/td>\n<td>1m - 9m\uff0c<\/td>\n<\/tr>\n<tr>\n<td class=\"label\">Sz\u00ednek:<\/td>\n<td>Sliver\uff0c<\/td>\n<\/tr>\n<tr>\n<td class=\"label\">HS-k\u00f3d:<\/td>\n<td>76042990\uff0c<\/td>\n<\/tr>\n<\/table>\n<h2>Gy\u00e1rt\u00f3 b\u00e1zisunk<\/h2>\n<h3>Gy\u00e1ri panor\u00e1ma<\/h3>\n<p><img decoding=\"async\" src=\"\/wp-content\/uploads\/factory-01.webp\"\/><\/p>\n<h3>Alum\u00ednium r\u00fadgy\u00e1rt\u00f3 m\u0171hely<\/h3>\n<p><img decoding=\"async\" src=\"\/wp-content\/uploads\/factory-02.webp\"\/><\/p>\n<\/p>\n<p><img decoding=\"async\" src=\"\/wp-content\/uploads\/factory-03.webp\"\/><\/p>\n<h3>Pen\u00e9sz rakt\u00e1r<\/h3>\n<p><img decoding=\"async\" src=\"\/wp-content\/uploads\/factory-04.webp\"\/><\/p>\n<h3>43 alum\u00ednium extrud\u00e1l\u00f3 vonal (500-5500 tonna)<\/h3>\n<p><img decoding=\"async\" src=\"\/wp-content\/uploads\/factory-05.webp\"\/><\/p>\n<p><img decoding=\"async\" src=\"\/wp-content\/uploads\/factory-06.webp\"\/><\/p>\n<p><img decoding=\"async\" src=\"\/wp-content\/uploads\/factory-07.webp\"\/><\/p>\n<h3>Porfest\u0151 m\u0171hely<\/h3>\n<p><img decoding=\"async\" src=\"\/wp-content\/uploads\/factory-09.webp\"\/><\/p>\n<h3>Anodiz\u00e1l\u00f3 m\u0171hely<\/h3>\n<p><img decoding=\"async\" src=\"\/wp-content\/uploads\/factory-10.webp\"\/><\/p>\n<h3>M\u00e9ly feldolgoz\u00e1si m\u0171hely<\/h3>\n<p><img decoding=\"async\" src=\"\/wp-content\/uploads\/factory-11.webp\"\/><\/p>\n<h3>CNC prec\u00edzi\u00f3s megmunk\u00e1l\u00f3 m\u0171hely<\/h3>\n<p><img decoding=\"async\" src=\"\/wp-content\/uploads\/factory-11.5.webp\"\/><\/p>\n<h3>K\u00e9szterm\u00e9k \u00e9s export rakt\u00e1r<\/h3>\n<p><img decoding=\"async\" src=\"\/wp-content\/uploads\/factory-12.webp\"\/><\/p>\n<p><img decoding=\"async\" src=\"\/wp-content\/uploads\/factory-13.webp\"\/><\/p>\n<p><img decoding=\"async\" src=\"\/wp-content\/uploads\/factory-14.webp\"\/><\/p>\n<h2>GYIK<\/h2>\n<p><b>1.Mi az extrud\u00e1lt alum\u00ednium csatorna\u00e1llom\u00e1ny? <\/b><\/p>\n<p> Az extrud\u00e1lt alum\u00ednium csatorna\u00e1llom\u00e1ny olyan szerkezeti elem, amelyet \u00fagy alak\u00edtanak ki, hogy alum\u00edniumot nyomnak \u00e1t egy szersz\u00e1mon, hogy meghat\u00e1rozott keresztmetszeti profil\u00fa csatorn\u00e1kat hozzanak l\u00e9tre, amelyeket \u00e1ltal\u00e1ban az \u00e9p\u00edt\u0151iparban \u00e9s a gy\u00e1rt\u00e1sban haszn\u00e1lnak.\n<\/p>\n<p><\/p>\n<p><b>2.Mik az extrud\u00e1lt alum\u00edniumcsatorn\u00e1k haszn\u00e1lat\u00e1nak el\u0151nyei? <\/b><\/p>\n<p> El\u0151nyei k\u00f6z\u00e9 tartozik a k\u00f6nny\u0171 szil\u00e1rds\u00e1g, a korr\u00f3zi\u00f3\u00e1ll\u00f3s\u00e1g, a h\u0151- \u00e9s elektromos vezet\u0151k\u00e9pess\u00e9g, a nem m\u00e1gneses tulajdons\u00e1gok \u00e9s az \u00fajrahasznos\u00edthat\u00f3s\u00e1g, ami sokoldal\u00faan felhaszn\u00e1lhat\u00f3v\u00e1 teszi \u0151ket k\u00fcl\u00f6nb\u00f6z\u0151 alkalmaz\u00e1sokban.\n<\/p>\n<p><\/p>\n<p><b>3.Mely ipar\u00e1gakban haszn\u00e1lj\u00e1k \u00e1ltal\u00e1ban az extrud\u00e1lt alum\u00ednium csatorn\u00e1kat? <\/b><\/p>\n<p> Sz\u00e9les k\u00f6rben haszn\u00e1lj\u00e1k \u0151ket az \u00e9p\u00edt\u0151iparban, az aut\u00f3iparban, a rep\u00fcl\u0151g\u00e9piparban, az elektronikai \u00e9s a tenger\u00e9szeti iparban szil\u00e1rds\u00e1guk, tart\u00f3ss\u00e1guk \u00e9s sokoldal\u00fas\u00e1guk miatt.\n<\/p>\n<p><\/p>\n<p><b>4.Can extrud\u00e1lt alum\u00ednium csatorn\u00e1k testre szabhat\u00f3? <\/b><\/p>\n<p> Igen, m\u00e9ret, alak, \u00f6tv\u00f6zet \u00e9s kivitel tekintet\u00e9ben testre szabhat\u00f3k, bele\u00e9rtve az olyan lehet\u0151s\u00e9geket, mint az elox\u00e1l\u00e1s \u00e9s a porsz\u00f3r\u00e1s, hogy megfeleljenek a projekt egyedi k\u00f6vetelm\u00e9nyeinek.\n<\/p>\n<p><\/p>\n<p><b>5.Hogyan hasonl\u00edtanak az extrud\u00e1lt alum\u00edniumcsatorn\u00e1k az ac\u00e9lcsatorn\u00e1khoz? <\/b><\/p>\n<p> Az alum\u00edniumcsatorn\u00e1k k\u00f6nnyebbek \u00e9s korr\u00f3zi\u00f3\u00e1ll\u00f3bbak, mint az ac\u00e9l, \u00edgy el\u0151ny\u00f6sebbek olyan alkalmaz\u00e1sokban, ahol a s\u00faly \u00e9s a tart\u00f3ss\u00e1g kritikus t\u00e9nyez\u0151.\n<\/p>\n<p><\/p>\n<p><b>6.Alkalmasak-e az extrud\u00e1lt alum\u00ednium csatorn\u00e1k k\u00fclt\u00e9ri haszn\u00e1latra? <\/b><\/p>\n<p> Igen, korr\u00f3zi\u00f3\u00e1ll\u00f3s\u00e1guk \u00e9s a k\u00f6rnyezeti elemekkel szembeni ellen\u00e1ll\u00f3 k\u00e9pess\u00e9g\u00fck ide\u00e1lis k\u00fclt\u00e9ri alkalmaz\u00e1sokhoz, p\u00e9ld\u00e1ul keretez\u00e9shez \u00e9s szerkezeti t\u00e1maszokhoz.\n<\/p>\n<p><\/p>\n<p><b>7.Milyen szabv\u00e1nyos m\u00e9retek \u00e1llnak rendelkez\u00e9sre az extrud\u00e1lt alum\u00ednium csatorn\u00e1khoz? <\/b><\/p>\n<p> A szabv\u00e1nyos m\u00e9retek elt\u00e9r\u0151ek, de a szok\u00e1sos m\u00e9retek k\u00f6z\u00f6tt a sz\u00e9less\u00e9g 1\/4 h\u00fcvelykt\u0151l n\u00e9h\u00e1ny h\u00fcvelykig terjed, a hossz\u00fas\u00e1g pedig a gy\u00e1rt\u00f3t\u00f3l f\u00fcgg\u0151en \u00e1ltal\u00e1ban ak\u00e1r 12 l\u00e1b is lehet.\n<\/p>\n<p><\/p>\n<p><b>8.Hogyan befoly\u00e1solja az extrud\u00e1l\u00e1si folyamat az alum\u00edniumcsatorn\u00e1k tulajdons\u00e1gait? <\/b><\/p>\n<p> Az extrud\u00e1l\u00e1si elj\u00e1r\u00e1s \u00f6sszehangolja a szemcseszerkezetet, fokozza a szil\u00e1rds\u00e1got \u00e9s lehet\u0151v\u00e9 teszi az \u00f6sszetett keresztmetszeti kialak\u00edt\u00e1st, jav\u00edtva az alum\u00edniumcsatorn\u00e1k mechanikai tulajdons\u00e1gait.<\/p>\n<p><\/p>","protected":false},"featured_media":6948,"template":"","categories":[67],"class_list":["post-6949","product","type-product","status-publish","has-post-thumbnail","hentry","category-architectural-aluminium-profile"],"meta_box":{"hilight_text_group":{"product_hilight_text":"<li>Lightweight yet strong, extruded aluminum channels offer an excellent strength-to-weight ratio, making them ideal for structural applications.<\/li>\r\r\n<li>Superior corrosion resistance ensures longevity, even in harsh environments, reducing maintenance costs.<\/li>\r\r\n<li>High thermal and electrical conductivity makes them suitable for heat sinks and electrical enclosures.<\/li>\r\r\n<li>Non-magnetic and non-sparking properties make them safe for use in sensitive electronic and explosive environments.<\/li>\r\r\n<li>Available in various shapes and sizes, including U, C, and Z channels, to meet diverse design requirements.<\/li>\r\r\n<li>Customizable through anodizing, powder coating, and painting for enhanced aesthetics and protection.<\/li>\r\r\n<li>100% recyclable, supporting sustainable and eco-friendly construction practices.<\/li>","product_chanpin_blog":"<ul>\r\r\n<li><a href=\"https:\/\/sinoextrud.com\/t-slot-v-slot-differences\/\" target=\"_blank\">t slot vs v slot<\/a><\/li>\r\r\n<li><a href=\"https:\/\/sinoextrud.com\/what-is-4040-aluminium-extrud\/\" target=\"_blank\">4040 aluminium extrusion<\/a><\/li>\r\r\n<li><a href=\"https:\/\/sinoextrud.com\/what-is-4040-aluminium-extrud\/\" target=\"_blank\">aluminum extrusions for industrial racks<\/a><\/li>\r\r\n<li><a href=\"https:\/\/sinoextrud.com\/powder-coating-aluminium-process\/\" target=\"_blank\">powder coating aluminium<\/a><\/li>\r\r\n<li><a href=\"https:\/\/sinoextrud.com\/what-is-an-aluminium-strip-ceiling\/\" target=\"_blank\">aluminium strip ceiling<\/a><\/li>\r\r\n<li><a href=\"https:\/\/sinoextrud.com\/what-is-a-heat-sink\/\" target=\"_blank\">what is a heat sink<\/a><\/li>\r\r\n<\/ul>","product_chanpin_chanpin":"<li><a href=\"https:\/\/sinoextrud.com\/product\/aluminum-extrusion-polished-square-tupe\/\" target=\"_blank\">Aluminum Extrusion Polished Square Tupe<\/a><\/li>\r\n<li><a href=\"https:\/\/sinoextrud.com\/product\/aluminum-door-jamb-extrusions\/\" target=\"_blank\">Aluminum Door Jamb Extrusions<\/a><\/li>\r\n<li><a href=\"https:\/\/sinoextrud.com\/product\/aluminum-rail-profile\/\" target=\"_blank\">Aluminum Rail Profile<\/a><\/li>\r\n<li><a href=\"https:\/\/sinoextrud.com\/product\/fluorocarbon-coated-heavy-duty-exposed-aluminium-frame-glazed-building-curtain-wall-aluminium-profile\/\" target=\"_blank\">Fluorocarbon coated heavy duty exposed aluminium frame glazed building curtain wall aluminium profile<\/a><\/li>\r\n<li><a href=\"https:\/\/sinoextrud.com\/product\/extruded-aluminum-channel-stock\/\" target=\"_blank\">Extruded Aluminum Channel Stock<\/a><\/li>\r\n<li><a href=\"https:\/\/sinoextrud.com\/product\/aluminium-oxide\/\" target=\"_blank\">Aluminium Oxide<\/a><\/li>\r\n<li><a href=\"https:\/\/sinoextrud.com\/product\/anodized-aluminum-profile-kitchen-cabinet-frame\/\" target=\"_blank\">Anodized Aluminum Profile Kitchen Cabinet Frame<\/a><\/li>\r\n<li><a href=\"https:\/\/sinoextrud.com\/product\/aluminum-extrusions-for-wall-panels-u-shape\/\" target=\"_blank\">Aluminum Extrusions For Wall Panels U Shape<\/a><\/li>\r\n<li><a href=\"https:\/\/sinoextrud.com\/product\/polished-sliver-aluminium-profile-like-mirror\/\" target=\"_blank\">Polished Sliver Aluminium Profile Like Mirror<\/a><\/li>\r\n<li><a href=\"https:\/\/sinoextrud.com\/product\/construction-aluminum-profile\/\" target=\"_blank\">Construction Aluminum Profile<\/a><\/li>\r\n<li><a href=\"https:\/\/sinoextrud.com\/product\/aluminium-round-tube-aluminium-profile-with-series-3003-3001\/\" target=\"_blank\">Aluminium Round Tube Aluminium Profile With Series 3003 3001<\/a><\/li>"},"feature_list":[]},"_links":{"self":[{"href":"https:\/\/sinoextrud.com\/hu\/wp-json\/wp\/v2\/product\/6949","targetHints":{"allow":["GET"]}}],"collection":[{"href":"https:\/\/sinoextrud.com\/hu\/wp-json\/wp\/v2\/product"}],"about":[{"href":"https:\/\/sinoextrud.com\/hu\/wp-json\/wp\/v2\/types\/product"}],"wp:featuredmedia":[{"embeddable":true,"href":"https:\/\/sinoextrud.com\/hu\/wp-json\/wp\/v2\/media\/6948"}],"wp:attachment":[{"href":"https:\/\/sinoextrud.com\/hu\/wp-json\/wp\/v2\/media?parent=6949"}],"wp:term":[{"taxonomy":"category","embeddable":true,"href":"https:\/\/sinoextrud.com\/hu\/wp-json\/wp\/v2\/categories?post=6949"}],"curies":[{"name":"wp","href":"https:\/\/api.w.org\/{rel}","templated":true}]}}