{"id":6928,"date":"2025-06-04T02:25:18","date_gmt":"2025-06-04T02:25:18","guid":{"rendered":"https:\/\/sinoextrud.com\/product\/aluminum-edge-trim-for-plywood\/"},"modified":"2025-06-24T06:12:00","modified_gmt":"2025-06-24T06:12:00","slug":"aluminium-szegelylec-retegelt-lemezhez","status":"publish","type":"product","link":"https:\/\/sinoextrud.com\/hu\/product\/aluminum-edge-trim-for-plywood\/","title":{"rendered":"Alum\u00ednium szeg\u00e9lyl\u00e9c r\u00e9tegelt lemezhez"},"content":{"rendered":"<h2>Term\u00e9kek r\u00e9szletei<\/h2>\n<table class=\"custom-table\">\n<tr>\n<td class=\"label\">Term\u00e9k neve<\/td>\n<td>Alum\u00ednium szeg\u00e9lyl\u00e9c r\u00e9tegelt lemezhez\uff0c<\/td>\n<\/tr>\n<tr>\n<td class=\"label\">\u00d6sszetev\u0151<\/td>\n<td>6063 vagy 6061\uff0c<\/td>\n<\/tr>\n<tr>\n<td class=\"label\">Shape<\/td>\n<td>Testreszabottan\uff0c<\/td>\n<\/tr>\n<tr>\n<td class=\"label\">M\u00e9ret<\/td>\n<td>Testreszabottan\uff0c<\/td>\n<\/tr>\n<tr>\n<td class=\"label\">Tipikus Applycation<\/td>\n<td>B\u00fator, \u00fcvegkeret<\/td>\n<\/tr>\n<tr>\n<td class=\"label\">V\u00e9djegy<\/td>\n<td>Sinoextrud vagy OEM\uff0c<\/td>\n<\/tr>\n<tr>\n<td class=\"label\">M\u00e9ret<\/td>\n<td>Testreszabottan\uff0c<\/td>\n<\/tr>\n<tr>\n<td class=\"label\">M\u00e9ly folyamat<\/td>\n<td>CNC mar\u00e1s, lyukaszt\u00e1s, f\u00far\u00e1s, csapol\u00e1s, hajl\u00edt\u00e1s\uff0c<\/td>\n<\/tr>\n<tr>\n<td class=\"label\">Fel\u00fcletkezel\u00e9s<\/td>\n<td>Fa szemcs\u00e9k, elox\u00e1lt, porbevonat, elektrofor\u00e9zis, PVDF stb.<\/td>\n<\/tr>\n<tr>\n<td class=\"label\">Tan\u00fas\u00edtv\u00e1nyok<\/td>\n<td>ISO9001,ISO4001,CQM,SGS,CE,BV,SONCAP\/GB,ISO,JIS,AS,NZS,QUALICOAT\uff0c<\/td>\n<\/tr>\n<tr>\n<td class=\"label\">Szabv\u00e1nyos hossz\u00fas\u00e1g<\/td>\n<td>1-9M\uff0c<\/td>\n<\/tr>\n<tr>\n<td class=\"label\">Sz\u00e1rmaz\u00e1si hely<\/td>\n<td>Guangdong,K\u00edna<\/td>\n<\/tr>\n<\/table>\n<h2>Gy\u00e1rt\u00f3 b\u00e1zisunk<\/h2>\n<h3>Gy\u00e1ri panor\u00e1ma<\/h3>\n<p><img decoding=\"async\" src=\"\/wp-content\/uploads\/factory-01.webp\"\/><\/p>\n<h3>Alum\u00ednium r\u00fadgy\u00e1rt\u00f3 m\u0171hely<\/h3>\n<p><img decoding=\"async\" src=\"\/wp-content\/uploads\/factory-02.webp\"\/><\/p>\n<p><img decoding=\"async\" src=\"\/wp-content\/uploads\/factory-03.webp\"\/><\/p>\n<h3>Pen\u00e9sz rakt\u00e1r<\/h3>\n<p><img decoding=\"async\" src=\"\/wp-content\/uploads\/factory-04.webp\"\/><\/p>\n<h3>43 alum\u00ednium extrud\u00e1l\u00f3 vonal (500-5500 tonna)<\/h3>\n<p><img decoding=\"async\" src=\"\/wp-content\/uploads\/factory-05.webp\"\/><\/p>\n<p><img decoding=\"async\" src=\"\/wp-content\/uploads\/factory-06.webp\"\/><\/p>\n<p><img decoding=\"async\" src=\"\/wp-content\/uploads\/factory-07.webp\"\/><\/p>\n<h3>Porfest\u0151 m\u0171hely<\/h3>\n<p><img decoding=\"async\" src=\"\/wp-content\/uploads\/factory-09.webp\"\/><\/p>\n<h3>Anodiz\u00e1l\u00f3 m\u0171hely<\/h3>\n<p><img decoding=\"async\" src=\"\/wp-content\/uploads\/factory-10.webp\"\/><\/p>\n<h3>M\u00e9ly feldolgoz\u00e1si m\u0171hely<\/h3>\n<p><img decoding=\"async\" src=\"\/wp-content\/uploads\/factory-11.webp\"\/><\/p>\n<h3>CNC prec\u00edzi\u00f3s megmunk\u00e1l\u00f3 m\u0171hely<\/h3>\n<p><img decoding=\"async\" src=\"\/wp-content\/uploads\/factory-11.5.webp\"\/><\/p>\n<h3>K\u00e9szterm\u00e9k \u00e9s export rakt\u00e1r<\/h3>\n<p><img decoding=\"async\" src=\"\/wp-content\/uploads\/factory-12.webp\"\/><\/p>\n<p><img decoding=\"async\" src=\"\/wp-content\/uploads\/factory-13.webp\"\/><\/p>\n<p><img decoding=\"async\" src=\"\/wp-content\/uploads\/factory-14.webp\"\/><\/p>\n<h2>GYIK<\/h2>\n<p><p><b>1. mire haszn\u00e1lj\u00e1k az alum\u00ednium szeg\u00e9lyl\u00e9ceket r\u00e9tegelt lemezhez?<\/b><\/p>\n<p>Az alum\u00ednium szeg\u00e9lyl\u00e9c r\u00e9tegelt lemezekhez a r\u00e9tegelt lemezek sz\u00e9leinek v\u00e9delm\u00e9re \u00e9s jav\u00edt\u00e1s\u00e1ra szolg\u00e1l, egyszerre biztos\u00edtva a tart\u00f3ss\u00e1got \u00e9s a befejezett megjelen\u00e9st.<br \/>\n<\/p><br \/>\n<br \/>\n<p><b>2.Az alum\u00ednium d\u00edszl\u00e9c kompatibilis az \u00f6sszes r\u00e9tegelt lemezvastags\u00e1ggal?<\/b><\/p>\n<p>A r\u00e9tegelt lemezhez val\u00f3 alum\u00ednium szeg\u00e9lyl\u00e9cek k\u00fcl\u00f6nb\u00f6z\u0151 m\u00e9retekben kaphat\u00f3k a szabv\u00e1nyos r\u00e9tegelt lemezvastags\u00e1gokhoz igazodva, biztos\u00edtva a szoros \u00e9s biztons\u00e1gos illeszked\u00e9st.<br \/>\n<\/p><br \/>\n<br \/>\n<p><b>3.Lehet-e alum\u00ednium szeg\u00e9lyl\u00e9c r\u00e9tegelt lemezhez k\u00fclt\u00e9ren haszn\u00e1lni?<\/b><\/p>\n<p>Igen, az alum\u00edniumszerkezet korr\u00f3zi\u00f3\u00e1ll\u00f3, \u00edgy ide\u00e1lis belt\u00e9ri \u00e9s k\u00fclt\u00e9ri haszn\u00e1latra egyar\u00e1nt.<br \/>\n<\/p><br \/>\n<br \/>\n<p><b>4.Hogyan szerelem fel az alum\u00ednium szeg\u00e9lyl\u00e9cet r\u00e9tegelt lemezhez?<\/b><\/p>\n<p>Az alum\u00ednium szeg\u00e9lyl\u00e9c r\u00e9tegelt lemezhez k\u00f6nnyen v\u00e1ghat\u00f3 \u00e9s telep\u00edthet\u0151 a szok\u00e1sos szersz\u00e1mokkal, minim\u00e1lis id\u0151t \u00e9s er\u0151fesz\u00edt\u00e9st ig\u00e9nyel.<br \/>\n<\/p><br \/>\n<br \/>\n<p><b>5.Az alum\u00ednium szeg\u00e9lyl\u00e9c jav\u00edtja a r\u00e9tegelt lemez szil\u00e1rds\u00e1g\u00e1t?<\/b><\/p>\n<p>Igen, seg\u00edt meger\u0151s\u00edteni a r\u00e9tegelt lemezek sz\u00e9leit, n\u00f6velve a szerkezeti integrit\u00e1st \u00e9s az \u00e9ls\u00e9r\u00fcl\u00e9sekkel szembeni ellen\u00e1ll\u00e1st.<br \/>\n<\/p><br \/>\n<br \/>\n<p><b>6.Milyen fel\u00fcletek \u00e1llnak rendelkez\u00e9sre a r\u00e9tegelt lemezhez val\u00f3 alum\u00ednium szeg\u00e9lyl\u00e9cekhez?<\/b><\/p>\n<p>A r\u00e9tegelt lemezhez k\u00e9sz\u00fclt alum\u00ednium szeg\u00e9lyl\u00e9cek t\u00f6bbf\u00e9le kivitelben kaphat\u00f3k, bele\u00e9rtve az elox\u00e1lt, csiszolt \u00e9s porsz\u00f3rt bevonat\u00fa opci\u00f3kat is a rugalmas tervez\u00e9s \u00e9rdek\u00e9ben.<br \/>\n<\/p><br \/>\n<br \/>\n<p><b>7.Az alum\u00ednium szeg\u00e9lyl\u00e9c r\u00e9tegelt lemezhez ellen\u00e1ll a nedvess\u00e9gnek?<\/b><\/p>\n<p>Igen, az alum\u00ednium anyag kiv\u00e1l\u00f3 nedvess\u00e9g\u00e1ll\u00f3s\u00e1got biztos\u00edt, \u00edgy alkalmas a magas p\u00e1ratartalm\u00fa k\u00f6rnyezetben val\u00f3 haszn\u00e1latra.<\/p>\n<p><\/p><br \/><\/p>","protected":false},"featured_media":6927,"template":"","categories":[67],"class_list":["post-6928","product","type-product","status-publish","has-post-thumbnail","hentry","category-architectural-aluminium-profile"],"meta_box":{"hilight_text_group":{"product_hilight_text":"<li>Durable aluminum construction ensures long-lasting edge protection<\/li>\r\r\n<li>Designed specifically to fit standard plywood thicknesses<\/li>\r\r\n<li>Provides a clean, professional finish to exposed plywood edges<\/li>\r\r\n<li>Resistant to corrosion, moisture, and impact damage<\/li>\r\r\n<li>Easy to cut and install for efficient project completion<\/li>\r\r\n<li>Enhances structural integrity and aesthetic appeal of plywood panels<\/li>\r\r\n<li>Available in various finishes to match design requirements<\/li>","product_chanpin_blog":"<ul>\r\r\n<li><a href=\"https:\/\/sinoextrud.com\/t-slot-v-slot-differences\/\" target=\"_blank\">t slot vs v slot<\/a><\/li>\r\r\n<li><a href=\"https:\/\/sinoextrud.com\/what-is-4040-aluminium-extrud\/\" target=\"_blank\">4040 aluminium extrusion<\/a><\/li>\r\r\n<li><a href=\"https:\/\/sinoextrud.com\/what-is-4040-aluminium-extrud\/\" target=\"_blank\">aluminum extrusions for industrial racks<\/a><\/li>\r\r\n<li><a href=\"https:\/\/sinoextrud.com\/powder-coating-aluminium-process\/\" target=\"_blank\">powder coating aluminium<\/a><\/li>\r\r\n<li><a href=\"https:\/\/sinoextrud.com\/what-is-an-aluminium-strip-ceiling\/\" target=\"_blank\">aluminium strip ceiling<\/a><\/li>\r\r\n<li><a href=\"https:\/\/sinoextrud.com\/what-is-a-heat-sink\/\" target=\"_blank\">what is a heat sink<\/a><\/li>\r\r\n<\/ul>","product_chanpin_chanpin":"<li><a href=\"https:\/\/sinoextrud.com\/product\/custom-precision-cnc-machining-for-aluminum-parts\/\" target=\"_blank\">Custom Precision CNC Machining for Aluminum Parts<\/a><\/li>\r\n<li><a href=\"https:\/\/sinoextrud.com\/product\/anodized-extruded-c-section-aluminium-profile\/\" target=\"_blank\">Anodized Extruded C Section Aluminium Profile<\/a><\/li>\r\n<li><a href=\"https:\/\/sinoextrud.com\/product\/matte-champagne-floor-and-stair-step-parquet-tile-carpet-trim-transition-aluminium-profile\/\" target=\"_blank\">Matte champagne floor and stair step parquet tile carpet trim transition aluminium profile<\/a><\/li>\r\n<li><a href=\"https:\/\/sinoextrud.com\/product\/wall-surface-edging-protection-skirtboard-baseboard-kicking-line-aluminium-profile\/\" target=\"_blank\">Wall surface edging protection Skirtboard Baseboard Kicking line aluminium profile<\/a><\/li>\r\n<li><a href=\"https:\/\/sinoextrud.com\/product\/aluminum-edge-trim-for-plywood\/\" target=\"_blank\">Aluminum Edge Trim For Plywood<\/a><\/li>\r\n<li><a href=\"https:\/\/sinoextrud.com\/product\/rectangular-aluminum-extrusions\/\" target=\"_blank\">Rectangular Aluminum Extrusions<\/a><\/li>\r\n<li><a href=\"https:\/\/sinoextrud.com\/product\/aluminium-extrusion-profiles-for-the-windows\/\" target=\"_blank\">Aluminium Extrusion Profiles For The Windows<\/a><\/li>\r\n<li><a href=\"https:\/\/sinoextrud.com\/product\/aluminum-extrusion-polished-square-tupe\/\" target=\"_blank\">Aluminum Extrusion Polished Square Tupe<\/a><\/li>\r\n<li><a href=\"https:\/\/sinoextrud.com\/product\/aluminum-door-jamb-extrusions\/\" target=\"_blank\">Aluminum Door Jamb Extrusions<\/a><\/li>\r\n<li><a href=\"https:\/\/sinoextrud.com\/product\/h-section-aluminium-extrusion\/\" target=\"_blank\">H Section Aluminium Extrusion<\/a><\/li>\r\n<li><a href=\"https:\/\/sinoextrud.com\/product\/aluminium-sliding-door-with-french-style-bi-folding-glass-wall-door-energy-saving-heat-insulation\/\" target=\"_blank\">Aluminium Sliding Door With French Style Bi-folding Glass Wall Door Energy Saving Heat Insulation<\/a><\/li>"},"feature_list":[]},"_links":{"self":[{"href":"https:\/\/sinoextrud.com\/hu\/wp-json\/wp\/v2\/product\/6928","targetHints":{"allow":["GET"]}}],"collection":[{"href":"https:\/\/sinoextrud.com\/hu\/wp-json\/wp\/v2\/product"}],"about":[{"href":"https:\/\/sinoextrud.com\/hu\/wp-json\/wp\/v2\/types\/product"}],"wp:featuredmedia":[{"embeddable":true,"href":"https:\/\/sinoextrud.com\/hu\/wp-json\/wp\/v2\/media\/6927"}],"wp:attachment":[{"href":"https:\/\/sinoextrud.com\/hu\/wp-json\/wp\/v2\/media?parent=6928"}],"wp:term":[{"taxonomy":"category","embeddable":true,"href":"https:\/\/sinoextrud.com\/hu\/wp-json\/wp\/v2\/categories?post=6928"}],"curies":[{"name":"wp","href":"https:\/\/api.w.org\/{rel}","templated":true}]}}