{"id":6926,"date":"2025-06-04T02:22:47","date_gmt":"2025-06-04T02:22:47","guid":{"rendered":"https:\/\/sinoextrud.com\/product\/wall-surface-edging-protection-skirtboard-baseboard-kicking-line-aluminium-profile\/"},"modified":"2025-06-24T06:12:00","modified_gmt":"2025-06-24T06:12:00","slug":"falfelulet-szegelyvedo-szegelylec-labazati-szegelylec-rugovonal-aluminium-profil","status":"publish","type":"product","link":"https:\/\/sinoextrud.com\/hu\/product\/wall-surface-edging-protection-skirtboard-baseboard-kicking-line-aluminium-profile\/","title":{"rendered":"Falfel\u00fclet szeg\u00e9ly\u00e9nek v\u00e9delme Szoknyalemez Aljzatkeret R\u00fag\u00f3vonal alum\u00ednium profil"},"content":{"rendered":"<h2>Term\u00e9kek r\u00e9szletei<\/h2>\n<table class=\"custom-table\">\n<tr>\n<td class=\"label\">T\u00e9tel<\/td>\n<td>Falfel\u00fclet szeg\u00e9lyv\u00e9delem szeg\u00e9lyl\u00e9c l\u00e1bazati deszka r\u00fag\u00f3vonal alum\u00ednium profil\uff0c<\/td>\n<\/tr>\n<tr>\n<td class=\"label\">Temper<\/td>\n<td>T3-T8\uff0c<\/td>\n<\/tr>\n<tr>\n<td class=\"label\">Folyamat\u00e1raml\u00e1s<\/td>\n<td>Formafejleszt\u00e9s-Alum\u00ednium tusk\u00f3k-felmeleg\u00edt\u00e9s-form\u00e1z\u00e1s nyers alum\u00edniummal-anodiz\u00e1lt porsz\u00f3rt bevonattal\uff0c<\/td>\n<\/tr>\n<tr>\n<td class=\"label\">Tan\u00fas\u00edt\u00e1s<\/td>\n<td>CE, ISO, SGS, TUV\uff0c<\/td>\n<\/tr>\n<tr>\n<td class=\"label\">Alkalmaz\u00e1s<\/td>\n<td>\u00c9p\u00edt\u0151ipar, ipar\uff0c<\/td>\n<\/tr>\n<tr>\n<td class=\"label\">Shape<\/td>\n<td>H\u00e1romsz\u00f6gletes\uff0c<\/td>\n<\/tr>\n<tr>\n<td class=\"label\">Fel\u00fcletkezel\u00e9s<\/td>\n<td>Malom k\u00e9sz, elox\u00e1lt, Power bevonat, homokf\u00fav\u00e1s, elektrofor\u00e9zis, csiszolt, pol\u00edroz\u00e1s stb.<\/td>\n<\/tr>\n<tr>\n<td class=\"label\">Sz\u00ednes<\/td>\n<td>Az \u00fcgyfelek ig\u00e9nyei alapj\u00e1n<\/td>\n<\/tr>\n<tr>\n<td class=\"label\">M\u00e9lyrehat\u00f3 feldolgoz\u00e1s<\/td>\n<td>V\u00e1g\u00e1s, f\u00far\u00e1s, megmunk\u00e1l\u00e1s, lyukaszt\u00e1s, hajl\u00edt\u00e1s, csapol\u00e1s stb.<\/td>\n<\/tr>\n<tr>\n<td class=\"label\">Garancia<\/td>\n<td>ISO: 9001, SONCAP , BV tan\u00fas\u00edtv\u00e1ny, TUV, SGS, vagy az \u00fcgyfelek tan\u00fas\u00edtv\u00e1nya rendelkez\u00e9sre \u00e1ll.<\/td>\n<\/tr>\n<tr>\n<td class=\"label\">MOQ<\/td>\n<td>200KG minden egyes profilhoz\uff0c<\/td>\n<\/tr>\n<tr>\n<td class=\"label\">Sz\u00e1ll\u00edt\u00e1si id\u0151<\/td>\n<td>A szersz\u00e1mfejleszt\u00e9s \u00e9s a minta kialak\u00edt\u00e1sa 12-15 nap, majd a gy\u00e1rt\u00e1s id\u0151tartama 15-25 nap a vev\u0151 \u00e1ltal befizetett el\u0151leg be\u00e9rkez\u00e9se ut\u00e1n.\uff0c<\/td>\n<\/tr>\n<tr>\n<td class=\"label\">Ingyenes minta<\/td>\n<td>1-3 nap alatt elk\u00fcldhet\u0151<\/td>\n<\/tr>\n<\/table>\n<h2>Gy\u00e1rt\u00f3 b\u00e1zisunk<\/h2>\n<h3>Gy\u00e1ri panor\u00e1ma<\/h3>\n<p><img decoding=\"async\" src=\"\/wp-content\/uploads\/factory-01.webp\"\/><\/p>\n<h3>Alum\u00ednium r\u00fadgy\u00e1rt\u00f3 m\u0171hely<\/h3>\n<p><img decoding=\"async\" src=\"\/wp-content\/uploads\/factory-02.webp\"\/><\/p>\n<p><img decoding=\"async\" src=\"\/wp-content\/uploads\/factory-03.webp\"\/><\/p>\n<h3>Pen\u00e9sz rakt\u00e1r<\/h3>\n<p><img decoding=\"async\" src=\"\/wp-content\/uploads\/factory-04.webp\"\/><\/p>\n<h3>43 alum\u00ednium extrud\u00e1l\u00f3 vonal (500-5500 tonna)<\/h3>\n<p><img decoding=\"async\" src=\"\/wp-content\/uploads\/factory-05.webp\"\/><\/p>\n<p><img decoding=\"async\" src=\"\/wp-content\/uploads\/factory-06.webp\"\/><\/p>\n<p><img decoding=\"async\" src=\"\/wp-content\/uploads\/factory-07.webp\"\/><\/p>\n<h3>Porfest\u0151 m\u0171hely<\/h3>\n<p><img decoding=\"async\" src=\"\/wp-content\/uploads\/factory-09.webp\"\/><\/p>\n<h3>Anodiz\u00e1l\u00f3 m\u0171hely<\/h3>\n<p><img decoding=\"async\" src=\"\/wp-content\/uploads\/factory-10.webp\"\/><\/p>\n<h3>M\u00e9ly feldolgoz\u00e1si m\u0171hely<\/h3>\n<p><img decoding=\"async\" src=\"\/wp-content\/uploads\/factory-11.webp\"\/><\/p>\n<h3>CNC prec\u00edzi\u00f3s megmunk\u00e1l\u00f3 m\u0171hely<\/h3>\n<p><img decoding=\"async\" src=\"\/wp-content\/uploads\/factory-11.5.webp\"\/><\/p>\n<h3>K\u00e9szterm\u00e9k \u00e9s export rakt\u00e1r<\/h3>\n<p><img decoding=\"async\" src=\"\/wp-content\/uploads\/factory-12.webp\"\/><\/p>\n<p><img decoding=\"async\" src=\"\/wp-content\/uploads\/factory-13.webp\"\/><\/p>\n<p><img decoding=\"async\" src=\"\/wp-content\/uploads\/factory-14.webp\"\/><\/p>\n<h2>GYIK<\/h2>\n<p><p><b>1.Mi az alum\u00ednium l\u00e1bazati szeg\u00e9lyl\u00e9c profil?<\/b><\/p>\n<p>Az alum\u00ednium l\u00e1bazati szeg\u00e9lyl\u00e9cprofil a fal \u00e9s a padl\u00f3 tal\u00e1lkoz\u00e1s\u00e1n\u00e1l elhelyezett v\u00e9d\u0151 \u00e9s dekorat\u00edv d\u00edszl\u00e9c, amely tart\u00f3ss\u00e1got \u00e9s eleg\u00e1ns megjelen\u00e9st biztos\u00edt.<br \/>\n<\/p><br \/>\n<br \/>\n<p><b>2.Mi\u00e9rt v\u00e1lassza az alum\u00edniumot a hagyom\u00e1nyos anyagokkal szemben a szeg\u00e9lyl\u00e9cek eset\u00e9ben?<\/b><\/p>\n<p>Az alum\u00ednium a f\u00e1hoz vagy a PVC-hez k\u00e9pest kiv\u00e1l\u00f3 nedvess\u00e9g-, korr\u00f3zi\u00f3- \u00e9s \u00fct\u00e9s\u00e1ll\u00f3s\u00e1got biztos\u00edt, \u00edgy hossz\u00fa \u00e9lettartamot \u00e9s alacsony karbantart\u00e1st biztos\u00edt.<br \/>\n<\/p><br \/>\n<br \/>\n<p><b>3.Can alum\u00ednium szeg\u00e9lyl\u00e9c profilok testre szabhat\u00f3?<\/b><\/p>\n<p>Igen, a gy\u00e1rt\u00f3k testreszab\u00e1st k\u00edn\u00e1lnak a m\u00e9ret, az alak, a kivitel \u00e9s a sz\u00edn tekintet\u00e9ben, hogy megfeleljenek az egyedi tervez\u00e9si \u00e9s projektk\u00f6vetelm\u00e9nyeknek.<br \/>\n<\/p><br \/>\n<br \/>\n<p><b>4.Alkalmasak-e ezek a profilok a nagy forgalm\u00fa ter\u00fcleteken?<\/b><\/p>\n<p>Az alum\u00ednium l\u00e1bazati profilok tart\u00f3ss\u00e1guk \u00e9s kop\u00e1s\u00e1ll\u00f3s\u00e1guk miatt ide\u00e1lisak a nagy forgalm\u00fa helyis\u00e9gekbe.<br \/>\n<\/p><br \/>\n<br \/>\n<p><b>5.Hogyan szerelik fel az alum\u00ednium l\u00e1bazati profilokat?<\/b><\/p>\n<p>A be\u00e9p\u00edt\u00e9si m\u00f3dszerek a term\u00e9k egyedi kialak\u00edt\u00e1s\u00e1t\u00f3l f\u00fcgg\u0151en elt\u00e9r\u0151ek, bele\u00e9rtve a ragaszt\u00f3s h\u00e1tlapot, a csavaros r\u00f6gz\u00edt\u00e9st vagy az egym\u00e1sba illeszked\u0151 rendszereket.<br \/>\n<\/p><br \/>\n<br \/>\n<p><b>6.Az alum\u00ednium szeg\u00e9lyl\u00e9cek speci\u00e1lis karbantart\u00e1st ig\u00e9nyelnek?<\/b><\/p>\n<p>Nem, ezek az anyagok kev\u00e9s karbantart\u00e1st ig\u00e9nyelnek; a rendszeres tiszt\u00edt\u00e1s enyhe szappannal \u00e9s v\u00edzzel elegend\u0151 ahhoz, hogy \u00fajszer\u0171nek t\u0171njenek.<br \/>\n<\/p><br \/>\n<br \/>\n<p><b>7.Az alum\u00ednium k\u00f6rnyezetileg fenntarthat\u00f3 anyag a l\u00e1bazati deszk\u00e1khoz?<\/b><\/p>\n<p>Igen, az alum\u00ednium tulajdons\u00e1gainak elveszt\u00e9se n\u00e9lk\u00fcl teljes m\u00e9rt\u00e9kben \u00fajrahasznos\u00edthat\u00f3, \u00edgy fenntarthat\u00f3 v\u00e1laszt\u00e1s a k\u00f6rnyezettudatos \u00e9p\u00edt\u00e9si projektekhez.<br \/>\n<\/p><br \/><\/p>","protected":false},"featured_media":6925,"template":"","categories":[67],"class_list":["post-6926","product","type-product","status-publish","has-post-thumbnail","hentry","category-architectural-aluminium-profile"],"meta_box":{"hilight_text_group":{"product_hilight_text":"<li>Crafted from high-grade aluminum alloy, providing exceptional durability and resistance to corrosion, moisture, and impact.<\/li>\r\r\n<li>Modern minimalist design enhances interior aesthetics while offering robust wall base protection.<\/li>\r\r\n<li>Available in various finishes such as anodized, brushed, and powder-coated, with color options including silver, black, champagne, and more.<\/li>\r\r\n<li>Easy installation with options for adhesive backing, screw mounting, or interlocking systems, accommodating diverse project requirements.<\/li>\r\r\n<li>Low-maintenance surface resists wear, fading, and weathering, ensuring long-term performance.<\/li>\r\r\n<li>Suitable for both residential and commercial applications, including offices, hotels, and public buildings.<\/li>\r\r\n<li>Environmentally friendly and fully recyclable, supporting sustainable construction practices.<\/li>","product_chanpin_blog":"<ul>\r\r\n<li><a href=\"https:\/\/sinoextrud.com\/t-slot-v-slot-differences\/\" target=\"_blank\">t slot vs v slot<\/a><\/li>\r\r\n<li><a href=\"https:\/\/sinoextrud.com\/what-is-4040-aluminium-extrud\/\" target=\"_blank\">4040 aluminium extrusion<\/a><\/li>\r\r\n<li><a href=\"https:\/\/sinoextrud.com\/what-is-4040-aluminium-extrud\/\" target=\"_blank\">aluminum extrusions for industrial racks<\/a><\/li>\r\r\n<li><a href=\"https:\/\/sinoextrud.com\/powder-coating-aluminium-process\/\" target=\"_blank\">powder coating aluminium<\/a><\/li>\r\r\n<li><a href=\"https:\/\/sinoextrud.com\/what-is-an-aluminium-strip-ceiling\/\" target=\"_blank\">aluminium strip ceiling<\/a><\/li>\r\r\n<li><a href=\"https:\/\/sinoextrud.com\/what-is-a-heat-sink\/\" target=\"_blank\">what is a heat sink<\/a><\/li>\r\r\n<\/ul>","product_chanpin_chanpin":"<li><a href=\"https:\/\/sinoextrud.com\/product\/aluminium-profile-for-fold-rack-aluminum-alloy-clothes-drying-rack-and-aluminium-frame-clotheshorse\/\" target=\"_blank\">Aluminium profile for Fold rack Aluminum alloy Clothes drying rack and aluminium frame Clotheshorse<\/a><\/li>\r\n<li><a href=\"https:\/\/sinoextrud.com\/product\/custom-precision-cnc-machining-for-aluminum-parts\/\" target=\"_blank\">Custom Precision CNC Machining for Aluminum Parts<\/a><\/li>\r\n<li><a href=\"https:\/\/sinoextrud.com\/product\/anodized-extruded-c-section-aluminium-profile\/\" target=\"_blank\">Anodized Extruded C Section Aluminium Profile<\/a><\/li>\r\n<li><a href=\"https:\/\/sinoextrud.com\/product\/matte-champagne-floor-and-stair-step-parquet-tile-carpet-trim-transition-aluminium-profile\/\" target=\"_blank\">Matte champagne floor and stair step parquet tile carpet trim transition aluminium profile<\/a><\/li>\r\n<li><a href=\"https:\/\/sinoextrud.com\/product\/wall-surface-edging-protection-skirtboard-baseboard-kicking-line-aluminium-profile\/\" target=\"_blank\">Wall surface edging protection Skirtboard Baseboard Kicking line aluminium profile<\/a><\/li>\r\n<li><a href=\"https:\/\/sinoextrud.com\/product\/aluminum-edge-trim-for-plywood\/\" target=\"_blank\">Aluminum Edge Trim For Plywood<\/a><\/li>\r\n<li><a href=\"https:\/\/sinoextrud.com\/product\/rectangular-aluminum-extrusions\/\" target=\"_blank\">Rectangular Aluminum Extrusions<\/a><\/li>\r\n<li><a href=\"https:\/\/sinoextrud.com\/product\/aluminium-extrusion-profiles-for-the-windows\/\" target=\"_blank\">Aluminium Extrusion Profiles For The Windows<\/a><\/li>\r\n<li><a href=\"https:\/\/sinoextrud.com\/product\/aluminum-extrusion-polished-square-tupe\/\" target=\"_blank\">Aluminum Extrusion Polished Square Tupe<\/a><\/li>\r\n<li><a href=\"https:\/\/sinoextrud.com\/product\/hot-selling-high-quality-powder-coating-wood-grain-single-sided-aluminum-plate\/\" target=\"_blank\">Hot Selling High-quality Powder Coating Wood Grain Single-sided Aluminum Plate<\/a><\/li>\r\n<li><a href=\"https:\/\/sinoextrud.com\/product\/cnc-machining-anodized-aluminum-extrusions\/\" target=\"_blank\">CNC Machining Anodized Aluminum Extrusions<\/a><\/li>"},"feature_list":[]},"_links":{"self":[{"href":"https:\/\/sinoextrud.com\/hu\/wp-json\/wp\/v2\/product\/6926","targetHints":{"allow":["GET"]}}],"collection":[{"href":"https:\/\/sinoextrud.com\/hu\/wp-json\/wp\/v2\/product"}],"about":[{"href":"https:\/\/sinoextrud.com\/hu\/wp-json\/wp\/v2\/types\/product"}],"wp:featuredmedia":[{"embeddable":true,"href":"https:\/\/sinoextrud.com\/hu\/wp-json\/wp\/v2\/media\/6925"}],"wp:attachment":[{"href":"https:\/\/sinoextrud.com\/hu\/wp-json\/wp\/v2\/media?parent=6926"}],"wp:term":[{"taxonomy":"category","embeddable":true,"href":"https:\/\/sinoextrud.com\/hu\/wp-json\/wp\/v2\/categories?post=6926"}],"curies":[{"name":"wp","href":"https:\/\/api.w.org\/{rel}","templated":true}]}}