{"id":6924,"date":"2025-06-04T02:20:36","date_gmt":"2025-06-04T02:20:36","guid":{"rendered":"https:\/\/sinoextrud.com\/product\/matte-champagne-floor-and-stair-step-parquet-tile-carpet-trim-transition-aluminium-profile\/"},"modified":"2025-06-24T06:12:00","modified_gmt":"2025-06-24T06:12:00","slug":"matt-pezsgo-padlo-es-lepcsofok-parketta-csempe-szonyeg-szegely-atmenet-aluminium-profil","status":"publish","type":"product","link":"https:\/\/sinoextrud.com\/hu\/product\/matte-champagne-floor-and-stair-step-parquet-tile-carpet-trim-transition-aluminium-profile\/","title":{"rendered":"Matt pezsg\u0151 sz\u00edn\u0171 padl\u00f3 \u00e9s l\u00e9pcs\u0151fok parketta csempe sz\u0151nyegszeg\u00e9ly \u00e1tmenet alum\u00ednium profil"},"content":{"rendered":"<h2>Term\u00e9kek r\u00e9szletei<\/h2>\n<table class=\"custom-table\">\n<tr>\n<td class=\"label\">T\u00e9tel:<\/td>\n<td>Matt pezsg\u0151 sz\u00edn\u0171 padl\u00f3 \u00e9s l\u00e9pcs\u0151fok parketta csempe sz\u0151nyegszeg\u00e9ly \u00e1tmenet alum\u00ednium profil\uff0c<\/td>\n<\/tr>\n<tr>\n<td class=\"label\">Alkalmaz\u00e1s:<\/td>\n<td>\u00c9p\u00edt\u00e9szet, dekor\u00e1ci\u00f3\uff0c<\/td>\n<\/tr>\n<tr>\n<td class=\"label\">Alak:<\/td>\n<td>T-alak\u00fa, vagy testreszabott\uff0c<\/td>\n<\/tr>\n<tr>\n<td class=\"label\">Folyamat\u00e1raml\u00e1s:<\/td>\n<td>Die-open-Extrusion-Surface Treatment-CNC Machining\uff0c<\/td>\n<\/tr>\n<tr>\n<td class=\"label\">Szabv\u00e1nyos:<\/td>\n<td>k\u00f6zepes \u00e9s kiv\u00e1l\u00f3 min\u0151s\u00e9g\u0171\uff0c<\/td>\n<\/tr>\n<tr>\n<td class=\"label\">Sz\u00e1ll\u00edt\u00e1si id\u0151:<\/td>\n<td>15-30 nap<\/td>\n<\/tr>\n<tr>\n<td class=\"label\">Fizet\u00e9si hat\u00e1rid\u0151:<\/td>\n<td>T\/T (30% let\u00e9t), L\/C\uff0c<\/td>\n<\/tr>\n<tr>\n<td class=\"label\">Kik\u00f6t\u0151:<\/td>\n<td>Guangzhou, Shenzhen\uff0c<\/td>\n<\/tr>\n<tr>\n<td class=\"label\">Anyag:<\/td>\n<td>6063-T6\uff0c<\/td>\n<\/tr>\n<tr>\n<td class=\"label\">Sz\u00e1rmaz\u00e1si hely:<\/td>\n<td>Foshan, Guangdong\uff0c<\/td>\n<\/tr>\n<tr>\n<td class=\"label\">\u00d6tv\u00f6zet vagy sem:<\/td>\n<td>Alum\u00ednium \u00f6tv\u00f6zet\uff0c<\/td>\n<\/tr>\n<tr>\n<td class=\"label\">M\u00e1rka:<\/td>\n<td>Sinoextrud\uff0c<\/td>\n<\/tr>\n<tr>\n<td class=\"label\">Fel\u00fcletkezel\u00e9s:<\/td>\n<td>porfest\u00e9s, elektrofor\u00e9zis, fa szemcs\u00e9s, elox\u00e1lt, csiszolt, pol\u00edroz\u00e1s\uff0c<\/td>\n<\/tr>\n<tr>\n<td class=\"label\">MOQ:<\/td>\n<td>200KGs\uff0c<\/td>\n<\/tr>\n<tr>\n<td class=\"label\">Feldolgoz\u00f3 szolg\u00e1ltat\u00e1s:<\/td>\n<td>Hajl\u00edt\u00e1s, tekercsel\u00e9s, hegeszt\u00e9s, lyukaszt\u00e1s, v\u00e1g\u00e1s\uff0c<\/td>\n<\/tr>\n<tr>\n<td class=\"label\">Hossz\u00fas\u00e1g:<\/td>\n<td>Testreszabott\uff0c<\/td>\n<\/tr>\n<\/table>\n<h2>Gy\u00e1rt\u00f3 b\u00e1zisunk<\/h2>\n<h3>Gy\u00e1ri panor\u00e1ma<\/h3>\n<p><img decoding=\"async\" src=\"\/wp-content\/uploads\/factory-01.webp\"\/><\/p>\n<h3>Alum\u00ednium r\u00fadgy\u00e1rt\u00f3 m\u0171hely<\/h3>\n<p><img decoding=\"async\" src=\"\/wp-content\/uploads\/factory-02.webp\"\/><\/p>\n<p><img decoding=\"async\" src=\"\/wp-content\/uploads\/factory-03.webp\"\/><\/p>\n<h3>Pen\u00e9sz rakt\u00e1r<\/h3>\n<p><img decoding=\"async\" src=\"\/wp-content\/uploads\/factory-04.webp\"\/><\/p>\n<h3>43 alum\u00ednium extrud\u00e1l\u00f3 vonal (500-5500 tonna)<\/h3>\n<p><img decoding=\"async\" src=\"\/wp-content\/uploads\/factory-05.webp\"\/><\/p>\n<p><img decoding=\"async\" src=\"\/wp-content\/uploads\/factory-06.webp\"\/><\/p>\n<p><img decoding=\"async\" src=\"\/wp-content\/uploads\/factory-07.webp\"\/><\/p>\n<h3>Porfest\u0151 m\u0171hely<\/h3>\n<p><img decoding=\"async\" src=\"\/wp-content\/uploads\/factory-09.webp\"\/><\/p>\n<h3>Anodiz\u00e1l\u00f3 m\u0171hely<\/h3>\n<p><img decoding=\"async\" src=\"\/wp-content\/uploads\/factory-10.webp\"\/><\/p>\n<h3>M\u00e9ly feldolgoz\u00e1si m\u0171hely<\/h3>\n<p><img decoding=\"async\" src=\"\/wp-content\/uploads\/factory-11.webp\"\/><\/p>\n<h3>CNC prec\u00edzi\u00f3s megmunk\u00e1l\u00f3 m\u0171hely<\/h3>\n<p><img decoding=\"async\" src=\"\/wp-content\/uploads\/factory-11.5.webp\"\/><\/p>\n<h3>K\u00e9szterm\u00e9k \u00e9s export rakt\u00e1r<\/h3>\n<p><img decoding=\"async\" src=\"\/wp-content\/uploads\/factory-12.webp\"\/><\/p>\n<p><img decoding=\"async\" src=\"\/wp-content\/uploads\/factory-13.webp\"\/><\/p>\n<p><img decoding=\"async\" src=\"\/wp-content\/uploads\/factory-14.webp\"\/><\/p>\n<h2>GYIK<\/h2>\n<p><p><b>1.Mi az a matt pezsg\u0151 padl\u00f3 \u00e9s l\u00e9pcs\u0151fok parketta csempe sz\u0151nyegszeg\u00e9ly \u00e1tmenet alum\u00ednium profil?<\/b><\/p>\n<p>Ez egy matt pezsg\u0151sz\u00edn\u0171 alum\u00ednium profil, amelyet arra terveztek, hogy sima \u00e9s eleg\u00e1ns \u00e1tmenetet teremtsen a k\u00fcl\u00f6nb\u00f6z\u0151 padl\u00f3burkolati anyagok, p\u00e9ld\u00e1ul parketta, csempe \u00e9s sz\u0151nyeg k\u00f6z\u00f6tt a padl\u00f3kon \u00e9s l\u00e9pcs\u0151k\u00f6n.<br \/>\n<\/p><br \/>\n<br \/>\n<p><b>2.Mi\u00e9rt v\u00e1lasszon matt pezsg\u0151f\u00e9ny\u0171 fel\u00fcletet az alum\u00ednium profilokhoz?<\/b><\/p>\n<p>A matt pezsg\u0151sz\u00edn\u0171 kivitel kifinomult \u00e9s eleg\u00e1ns megjelen\u00e9st biztos\u00edt, mik\u00f6zben fokozott ellen\u00e1ll\u00e1st ny\u00fajt a karcol\u00e1sokkal, a fakul\u00e1ssal \u00e9s a mindennapi kop\u00e1ssal szemben.<br \/>\n<\/p><br \/>\n<br \/>\n<p><b>3.Haszn\u00e1lhat\u00f3-e ez az alum\u00ednium d\u00edszl\u00e9c lak\u00f3- \u00e9s kereskedelmi k\u00f6rnyezetben egyar\u00e1nt?<\/b><\/p>\n<p>Igen, tart\u00f3s kialak\u00edt\u00e1s\u00e1nak \u00e9s vonz\u00f3 megjelen\u00e9s\u00e9nek k\u00f6sz\u00f6nhet\u0151en ide\u00e1lis otthonokban, irod\u00e1kban, sz\u00e1llod\u00e1kban, kiskereskedelmi helyis\u00e9gekben \u00e9s egy\u00e9b helyis\u00e9gekben val\u00f3 haszn\u00e1latra.<br \/>\n<\/p><br \/>\n<br \/>\n<p><b>4.Bonyolult-e ennek a d\u00edszl\u00e9cnek a beszerel\u00e9si folyamata?<\/b><\/p>\n<p>Nem, felhaszn\u00e1l\u00f3bar\u00e1t, \u00e9s k\u00f6nnyen felszerelhet\u0151 ragaszt\u00f3val vagy csavarokkal, a fel\u00fclett\u0151l \u00e9s a telep\u00edt\u00e9si preferenci\u00e1kt\u00f3l f\u00fcgg\u0151en.<br \/>\n<\/p><br \/>\n<br \/>\n<p><b>5.Biztos\u00edt-e ez a d\u00edszl\u00e9c biztons\u00e1gi el\u0151ny\u00f6ket a l\u00e9pcs\u0151s alkalmaz\u00e1sokn\u00e1l?<\/b><\/p>\n<p>Igen, cs\u00fasz\u00e1sg\u00e1tl\u00f3 funkci\u00f3kkal rendelkezik, amelyek fokozz\u00e1k a tapad\u00e1st \u00e9s cs\u00f6kkentik a l\u00e9pcs\u0151k\u00f6n \u00e9s az \u00e1tmeneteken val\u00f3 elcs\u00fasz\u00e1s kock\u00e1zat\u00e1t.<br \/>\n<\/p><br \/>\n<br \/>\n<p><b>6.Vannak-e egyedi m\u00e9retek \u00e9s kivitelek ehhez a profilhoz?<\/b><\/p>\n<p>Igen, a gy\u00e1rt\u00f3k k\u00fcl\u00f6nb\u00f6z\u0151 m\u00e9reteket, hosszokat \u00e9s kiviteleket k\u00edn\u00e1lnak a k\u00fcl\u00f6nb\u00f6z\u0151 projekttervekhez \u00e9s funkcion\u00e1lis ig\u00e9nyekhez.<br \/>\n<\/p><br \/>\n<br \/>\n<p><b>7.Az alum\u00ednium anyag k\u00f6rnyezetileg fenntarthat\u00f3?<\/b><\/p>\n<p>Term\u00e9szetesen az alum\u00ednium 100% \u00fajrahasznos\u00edthat\u00f3 anyag, \u00edgy ez a profil k\u00f6rnyezettudatos v\u00e1laszt\u00e1s a fenntarthat\u00f3 \u00e9p\u00edt\u00e9si projektekhez.<br \/>\n<\/p><br \/><\/p>","protected":false},"featured_media":6923,"template":"","categories":[67],"class_list":["post-6924","product","type-product","status-publish","has-post-thumbnail","hentry","category-architectural-aluminium-profile"],"meta_box":{"hilight_text_group":{"product_hilight_text":"<li>Made from 6063-T5 aluminum alloy, offering excellent strength and corrosion resistance for long-lasting performance.<\/li>\r\r\n<li>Matte champagne finish provides a premium decorative look suitable for various flooring and stair transition applications.<\/li>\r\r\n<li>Versatile design compatible with parquet, tile, carpet, and other materials, enhancing overall interior aesthetics.<\/li>\r\r\n<li>Anti-slip surface increases safety on stairs and floor edges, reducing the risk of accidents.<\/li>\r\r\n<li>Easy to install using adhesive tape or screws, adaptable to different project needs.<\/li>\r\r\n<li>Available in multiple sizes and lengths to meet specific customization requirements.<\/li>\r\r\n<li>Eco-friendly and fully recyclable material supports sustainable construction practices.<\/li>","product_chanpin_blog":"<ul>\r\r\n<li><a href=\"https:\/\/sinoextrud.com\/t-slot-v-slot-differences\/\" target=\"_blank\">t slot vs v slot<\/a><\/li>\r\r\n<li><a href=\"https:\/\/sinoextrud.com\/what-is-4040-aluminium-extrud\/\" target=\"_blank\">4040 aluminium extrusion<\/a><\/li>\r\r\n<li><a href=\"https:\/\/sinoextrud.com\/what-is-4040-aluminium-extrud\/\" target=\"_blank\">aluminum extrusions for industrial racks<\/a><\/li>\r\r\n<li><a href=\"https:\/\/sinoextrud.com\/powder-coating-aluminium-process\/\" target=\"_blank\">powder coating aluminium<\/a><\/li>\r\r\n<li><a href=\"https:\/\/sinoextrud.com\/what-is-an-aluminium-strip-ceiling\/\" target=\"_blank\">aluminium strip ceiling<\/a><\/li>\r\r\n<li><a href=\"https:\/\/sinoextrud.com\/what-is-a-heat-sink\/\" target=\"_blank\">what is a heat sink<\/a><\/li>\r\r\n<\/ul>","product_chanpin_chanpin":"<li><a href=\"https:\/\/sinoextrud.com\/product\/aluminum-t-bar-extrusion\/\" target=\"_blank\">Aluminum T Bar Extrusion<\/a><\/li>\r\n<li><a href=\"https:\/\/sinoextrud.com\/product\/aluminium-profile-for-fold-rack-aluminum-alloy-clothes-drying-rack-and-aluminium-frame-clotheshorse\/\" target=\"_blank\">Aluminium profile for Fold rack Aluminum alloy Clothes drying rack and aluminium frame Clotheshorse<\/a><\/li>\r\n<li><a href=\"https:\/\/sinoextrud.com\/product\/custom-precision-cnc-machining-for-aluminum-parts\/\" target=\"_blank\">Custom Precision CNC Machining for Aluminum Parts<\/a><\/li>\r\n<li><a href=\"https:\/\/sinoextrud.com\/product\/anodized-extruded-c-section-aluminium-profile\/\" target=\"_blank\">Anodized Extruded C Section Aluminium Profile<\/a><\/li>\r\n<li><a href=\"https:\/\/sinoextrud.com\/product\/matte-champagne-floor-and-stair-step-parquet-tile-carpet-trim-transition-aluminium-profile\/\" target=\"_blank\">Matte champagne floor and stair step parquet tile carpet trim transition aluminium profile<\/a><\/li>\r\n<li><a href=\"https:\/\/sinoextrud.com\/product\/wall-surface-edging-protection-skirtboard-baseboard-kicking-line-aluminium-profile\/\" target=\"_blank\">Wall surface edging protection Skirtboard Baseboard Kicking line aluminium profile<\/a><\/li>\r\n<li><a href=\"https:\/\/sinoextrud.com\/product\/aluminum-edge-trim-for-plywood\/\" target=\"_blank\">Aluminum Edge Trim For Plywood<\/a><\/li>\r\n<li><a href=\"https:\/\/sinoextrud.com\/product\/rectangular-aluminum-extrusions\/\" target=\"_blank\">Rectangular Aluminum Extrusions<\/a><\/li>\r\n<li><a href=\"https:\/\/sinoextrud.com\/product\/aluminium-extrusion-profiles-for-the-windows\/\" target=\"_blank\">Aluminium Extrusion Profiles For The Windows<\/a><\/li>\r\n<li><a href=\"https:\/\/sinoextrud.com\/product\/china-high-quality-polishing-shower-enclosure-aluminum-extrusion-profile\/\" target=\"_blank\">China High-quality Polishing Shower Enclosure Aluminum Extrusion Profile<\/a><\/li>\r\n<li><a href=\"https:\/\/sinoextrud.com\/product\/deep-type-combination-ceiling-system\/\" target=\"_blank\">Deep-type Combination Ceiling System<\/a><\/li>"},"feature_list":[]},"_links":{"self":[{"href":"https:\/\/sinoextrud.com\/hu\/wp-json\/wp\/v2\/product\/6924","targetHints":{"allow":["GET"]}}],"collection":[{"href":"https:\/\/sinoextrud.com\/hu\/wp-json\/wp\/v2\/product"}],"about":[{"href":"https:\/\/sinoextrud.com\/hu\/wp-json\/wp\/v2\/types\/product"}],"wp:featuredmedia":[{"embeddable":true,"href":"https:\/\/sinoextrud.com\/hu\/wp-json\/wp\/v2\/media\/6923"}],"wp:attachment":[{"href":"https:\/\/sinoextrud.com\/hu\/wp-json\/wp\/v2\/media?parent=6924"}],"wp:term":[{"taxonomy":"category","embeddable":true,"href":"https:\/\/sinoextrud.com\/hu\/wp-json\/wp\/v2\/categories?post=6924"}],"curies":[{"name":"wp","href":"https:\/\/api.w.org\/{rel}","templated":true}]}}