{"id":6916,"date":"2025-06-04T02:12:54","date_gmt":"2025-06-04T02:12:54","guid":{"rendered":"https:\/\/sinoextrud.com\/product\/aluminum-t-bar-extrusion\/"},"modified":"2025-06-24T06:11:58","modified_gmt":"2025-06-24T06:11:58","slug":"aluminium-t-rud-extrudalas","status":"publish","type":"product","link":"https:\/\/sinoextrud.com\/hu\/product\/aluminum-t-bar-extrusion\/","title":{"rendered":"Alum\u00ednium T Bar Extrud\u00e1l\u00e1s"},"content":{"rendered":"<h2>Term\u00e9kek r\u00e9szletei<\/h2>\n<table class=\"custom-table\">\n<tr>\n<td class=\"label\">Modell NO.:<\/td>\n<td>6063 alum\u00ednium T Bar Extrusion\uff0c<\/td>\n<\/tr>\n<tr>\n<td class=\"label\">Lelkiismeretesen:<\/td>\n<td>T3 - T8\uff0c<\/td>\n<\/tr>\n<tr>\n<td class=\"label\">Fel\u00fcletkezel\u00e9s:<\/td>\n<td>elox\u00e1lt szelet\uff0c<\/td>\n<\/tr>\n<tr>\n<td class=\"label\">\u00f6tv\u00f6zet:<\/td>\n<td>Alloy\uff0c<\/td>\n<\/tr>\n<tr>\n<td class=\"label\">T\u00edpus:<\/td>\n<td>Alum\u00ednium profilok az ablakok d\u00edsz\u00edt\u00e9s\u00e9hez\uff0c<\/td>\n<\/tr>\n<tr>\n<td class=\"label\">Technika:<\/td>\n<td>Extrud\u00e1lt\uff0c<\/td>\n<\/tr>\n<tr>\n<td class=\"label\">V\u00e9djegy:<\/td>\n<td>OEM<\/td>\n<\/tr>\n<tr>\n<td class=\"label\">Eredet:<\/td>\n<td>Guangdong K\u00edna\uff0c<\/td>\n<\/tr>\n<tr>\n<td class=\"label\">Alak:<\/td>\n<td>ugyanaz, mint a rajz szerint\uff0c<\/td>\n<\/tr>\n<tr>\n<td class=\"label\">Tan\u00fas\u00edt\u00e1s:<\/td>\n<td>EN, ASTM, GB\/T\uff0c<\/td>\n<\/tr>\n<tr>\n<td class=\"label\">M\u00e9ret:<\/td>\n<td>100*20 mm\uff0c<\/td>\n<\/tr>\n<tr>\n<td class=\"label\">HS-k\u00f3d:<\/td>\n<td>7604299000\uff0c<\/td>\n<\/tr>\n<tr>\n<td class=\"label\">Falvastags\u00e1g:<\/td>\n<td>1,2 mm. Testreszabott el\u00e9rhet\u0151\uff0c<\/td>\n<\/tr>\n<\/table>\n<h2>Gy\u00e1rt\u00f3 b\u00e1zisunk<\/h2>\n<h3>Gy\u00e1ri panor\u00e1ma<\/h3>\n<p><img decoding=\"async\" src=\"\/wp-content\/uploads\/factory-01.webp\"\/><\/p>\n<h3>Alum\u00ednium r\u00fadgy\u00e1rt\u00f3 m\u0171hely<\/h3>\n<p><img decoding=\"async\" src=\"\/wp-content\/uploads\/factory-02.webp\"\/><\/p>\n<p><img decoding=\"async\" src=\"\/wp-content\/uploads\/factory-03.webp\"\/><\/p>\n<h3>Pen\u00e9sz rakt\u00e1r<\/h3>\n<p><img decoding=\"async\" src=\"\/wp-content\/uploads\/factory-04.webp\"\/><\/p>\n<h3>43 alum\u00ednium extrud\u00e1l\u00f3 vonal (500-5500 tonna)<\/h3>\n<p><img decoding=\"async\" src=\"\/wp-content\/uploads\/factory-05.webp\"\/><\/p>\n<p><img decoding=\"async\" src=\"\/wp-content\/uploads\/factory-06.webp\"\/><\/p>\n<p><img decoding=\"async\" src=\"\/wp-content\/uploads\/factory-07.webp\"\/><\/p>\n<h3>Porfest\u0151 m\u0171hely<\/h3>\n<p><img decoding=\"async\" src=\"\/wp-content\/uploads\/factory-09.webp\"\/><\/p>\n<h3>Anodiz\u00e1l\u00f3 m\u0171hely<\/h3>\n<p><img decoding=\"async\" src=\"\/wp-content\/uploads\/factory-10.webp\"\/><\/p>\n<h3>M\u00e9ly feldolgoz\u00e1si m\u0171hely<\/h3>\n<p><img decoding=\"async\" src=\"\/wp-content\/uploads\/factory-11.webp\"\/><\/p>\n<h3>CNC prec\u00edzi\u00f3s megmunk\u00e1l\u00f3 m\u0171hely<\/h3>\n<p><img decoding=\"async\" src=\"\/wp-content\/uploads\/factory-11.5.webp\"\/><\/p>\n<h3>K\u00e9szterm\u00e9k \u00e9s export rakt\u00e1r<\/h3>\n<p><img decoding=\"async\" src=\"\/wp-content\/uploads\/factory-12.webp\"\/><\/p>\n<p><img decoding=\"async\" src=\"\/wp-content\/uploads\/factory-13.webp\"\/><\/p>\n<p><img decoding=\"async\" src=\"\/wp-content\/uploads\/factory-14.webp\"\/><\/p>\n<h2>GYIK<\/h2>\n<p><p><b>1.What egy H alak\u00fa alum\u00ednium extrud\u00e1l\u00e1s?<\/b><\/p>\n<p>A H alak\u00fa alum\u00ednium extrud\u00e1l\u00e1s egy H alak\u00fa keresztmetszet\u0171 profil, amelyet \u00e1ltal\u00e1ban az \u00e9p\u00edt\u0151iparban \u00e9s az ipari alkalmaz\u00e1sokban szerkezeti al\u00e1t\u00e1maszt\u00e1sra \u00e9s keretez\u00e9sre haszn\u00e1lnak.<br \/>\n<\/p><br \/>\n<br \/>\n<p><b>2.Mi\u00e9rt v\u00e1lassza az alum\u00edniumot a H-alak\u00fa profilokhoz?<\/b><\/p>\n<p>Az alum\u00ednium nagy szil\u00e1rds\u00e1g\/t\u00f6meg ar\u00e1nyt, korr\u00f3zi\u00f3\u00e1ll\u00f3s\u00e1got \u00e9s k\u00f6nny\u0171 gy\u00e1rthat\u00f3s\u00e1got k\u00edn\u00e1l, \u00edgy ide\u00e1lis a H-alak\u00fa profilokhoz k\u00fcl\u00f6nb\u00f6z\u0151 alkalmaz\u00e1sokban.<br \/>\n<\/p><br \/>\n<br \/>\n<p><b>3.Mik a H alak\u00fa alum\u00ednium extrud\u00e1l\u00e1sok gyakori alkalmaz\u00e1sai?<\/b><\/p>\n<p>Sz\u00e9les k\u00f6rben haszn\u00e1lj\u00e1k \u0151ket \u00e9p\u00edt\u0151ipari v\u00e1zszerkezetekben, \u00e9p\u00edt\u00e9szeti szeg\u00e9lyekben, v\u00e9d\u0151\u00e9lekben, j\u00e1rm\u0171v\u00e1zakban, \u00e1llv\u00e1nyrendszerekben \u00e9s \u00fczletberendez\u00e9sekben.<br \/>\n<\/p><br \/>\n<br \/>\n<p><b>4.Can a m\u00e9retek H alak\u00fa alum\u00ednium extrud\u00e1l\u00e1s testreszabhat\u00f3?<\/b><\/p>\n<p>Igen, a gy\u00e1rt\u00f3k a m\u00e9ret, a vastags\u00e1g \u00e9s a kivitel testreszab\u00e1s\u00e1t k\u00edn\u00e1lj\u00e1k az egyedi projektk\u00f6vetelm\u00e9nyeknek megfelel\u0151en.<br \/>\n<\/p><br \/>\n<br \/>\n<p><b>5.Hogyan befoly\u00e1solja az \u00f6tv\u00f6zet t\u00edpusa a H alak\u00fa alum\u00ednium extrud\u00e1l\u00e1s teljes\u00edtm\u00e9ny\u00e9t?<\/b><\/p>\n<p>Az olyan \u00f6tv\u00f6zetek, mint a 6061 nagyobb szil\u00e1rds\u00e1got, m\u00edg a 6063 jobb fel\u00fcleti fel\u00fcletet \u00e9s korr\u00f3zi\u00f3\u00e1ll\u00f3s\u00e1got biztos\u00edt, \u00edgy az alkalmaz\u00e1s ig\u00e9nyei alapj\u00e1n v\u00e1laszthat\u00f3.<br \/>\n<\/p><br \/>\n<br \/>\n<p><b>6.Alkalmasak-e ezek a profilok k\u00fclt\u00e9ri alkalmaz\u00e1sokhoz?<\/b><\/p>\n<p>Az alum\u00ednium korr\u00f3zi\u00f3\u00e1ll\u00f3 jellege miatt a H-alak\u00fa profilok ide\u00e1lisak a k\u00fclt\u00e9ri szerkezetek \u00e9s berendez\u00e9sek sz\u00e1m\u00e1ra.<br \/>\n<\/p><br \/>\n<br \/>\n<p><b>7.Is alum\u00ednium k\u00f6rnyezetbar\u00e1t?<\/b><\/p>\n<p>Igen, az alum\u00ednium tulajdons\u00e1gainak elveszt\u00e9se n\u00e9lk\u00fcl teljes m\u00e9rt\u00e9kben \u00fajrahasznos\u00edthat\u00f3, \u00edgy fenntarthat\u00f3 v\u00e1laszt\u00e1s a k\u00fcl\u00f6nb\u00f6z\u0151 alkalmaz\u00e1sokhoz.<br \/>\n<\/p><br \/><\/p>","protected":false},"featured_media":6915,"template":"","categories":[67],"class_list":["post-6916","product","type-product","status-publish","has-post-thumbnail","hentry","category-architectural-aluminium-profile"],"meta_box":{"hilight_text_group":{"product_hilight_text":"<li>High strength-to-weight ratio ensures robust structural support while minimizing overall weight.<\/li>\r\r\n<li>Exceptional corrosion resistance makes it suitable for both indoor and outdoor applications.<\/li>\r\r\n<li>Customizable dimensions and finishes to meet specific architectural and industrial requirements.<\/li>\r\r\n<li>Versatile applications including framing, partitions, enclosures, and support structures.<\/li>\r\r\n<li>Low-maintenance surface that resists wear, reducing long-term upkeep costs.<\/li>\r\r\n<li>Easy to fabricate and assemble, allowing for efficient construction and installation.<\/li>\r\r\n<li>Environmentally friendly and fully recyclable, supporting sustainable construction practices.<\/li>","product_chanpin_blog":"<ul>\r\r\n<li><a href=\"https:\/\/sinoextrud.com\/t-slot-v-slot-differences\/\" target=\"_blank\">t slot vs v slot<\/a><\/li>\r\r\n<li><a href=\"https:\/\/sinoextrud.com\/what-is-4040-aluminium-extrud\/\" target=\"_blank\">4040 aluminium extrusion<\/a><\/li>\r\r\n<li><a href=\"https:\/\/sinoextrud.com\/what-is-4040-aluminium-extrud\/\" target=\"_blank\">aluminum extrusions for industrial racks<\/a><\/li>\r\r\n<li><a href=\"https:\/\/sinoextrud.com\/powder-coating-aluminium-process\/\" target=\"_blank\">powder coating aluminium<\/a><\/li>\r\r\n<li><a href=\"https:\/\/sinoextrud.com\/what-is-an-aluminium-strip-ceiling\/\" target=\"_blank\">aluminium strip ceiling<\/a><\/li>\r\r\n<li><a href=\"https:\/\/sinoextrud.com\/what-is-a-heat-sink\/\" target=\"_blank\">what is a heat sink<\/a><\/li>\r\r\n<\/ul>","product_chanpin_chanpin":"<li><a href=\"https:\/\/sinoextrud.com\/product\/6063-6061aluminum-extrusions-for-door-frames\/\" target=\"_blank\">6063 6061Aluminum Extrusions For Door Frames<\/a><\/li>\r\n<li><a href=\"https:\/\/sinoextrud.com\/product\/aluminium-window-trim-profiles\/\" target=\"_blank\">Aluminium Window Trim Profiles<\/a><\/li>\r\n<li><a href=\"https:\/\/sinoextrud.com\/product\/aluminium-window-and-door-profiles\/\" target=\"_blank\">Aluminium Window And Door Profiles<\/a><\/li>\r\n<li><a href=\"https:\/\/sinoextrud.com\/product\/aluminum-cnc-machined-part-custom-aluminum-machining\/\" target=\"_blank\">Aluminum CNC Machined Part Custom Aluminum Machining<\/a><\/li>\r\n<li><a href=\"https:\/\/sinoextrud.com\/product\/aluminum-t-bar-extrusion\/\" target=\"_blank\">Aluminum T Bar Extrusion<\/a><\/li>\r\n<li><a href=\"https:\/\/sinoextrud.com\/product\/aluminium-profile-for-fold-rack-aluminum-alloy-clothes-drying-rack-and-aluminium-frame-clotheshorse\/\" target=\"_blank\">Aluminium profile for Fold rack Aluminum alloy Clothes drying rack and aluminium frame Clotheshorse<\/a><\/li>\r\n<li><a href=\"https:\/\/sinoextrud.com\/product\/custom-precision-cnc-machining-for-aluminum-parts\/\" target=\"_blank\">Custom Precision CNC Machining for Aluminum Parts<\/a><\/li>\r\n<li><a href=\"https:\/\/sinoextrud.com\/product\/anodized-extruded-c-section-aluminium-profile\/\" target=\"_blank\">Anodized Extruded C Section Aluminium Profile<\/a><\/li>\r\n<li><a href=\"https:\/\/sinoextrud.com\/product\/matte-champagne-floor-and-stair-step-parquet-tile-carpet-trim-transition-aluminium-profile\/\" target=\"_blank\">Matte champagne floor and stair step parquet tile carpet trim transition aluminium profile<\/a><\/li>\r\n<li><a href=\"https:\/\/sinoextrud.com\/product\/aluminium-sliding-door-champagne-colour\/\" target=\"_blank\">Aluminium Sliding Door Champagne colour<\/a><\/li>\r\n<li><a href=\"https:\/\/sinoextrud.com\/product\/medical-instrument-aluminum-profile\/\" target=\"_blank\">Medical Instrument Aluminum Profile<\/a><\/li>"},"feature_list":[]},"_links":{"self":[{"href":"https:\/\/sinoextrud.com\/hu\/wp-json\/wp\/v2\/product\/6916","targetHints":{"allow":["GET"]}}],"collection":[{"href":"https:\/\/sinoextrud.com\/hu\/wp-json\/wp\/v2\/product"}],"about":[{"href":"https:\/\/sinoextrud.com\/hu\/wp-json\/wp\/v2\/types\/product"}],"wp:featuredmedia":[{"embeddable":true,"href":"https:\/\/sinoextrud.com\/hu\/wp-json\/wp\/v2\/media\/6915"}],"wp:attachment":[{"href":"https:\/\/sinoextrud.com\/hu\/wp-json\/wp\/v2\/media?parent=6916"}],"wp:term":[{"taxonomy":"category","embeddable":true,"href":"https:\/\/sinoextrud.com\/hu\/wp-json\/wp\/v2\/categories?post=6916"}],"curies":[{"name":"wp","href":"https:\/\/api.w.org\/{rel}","templated":true}]}}