{"id":6907,"date":"2025-06-04T01:53:13","date_gmt":"2025-06-04T01:53:13","guid":{"rendered":"https:\/\/sinoextrud.com\/product\/6063-6061aluminum-extrusions-for-door-frames\/"},"modified":"2025-06-24T06:11:57","modified_gmt":"2025-06-24T06:11:57","slug":"6063-6061aluminium-extrudalt-ajtokeretekhez","status":"publish","type":"product","link":"https:\/\/sinoextrud.com\/hu\/product\/6063-6061aluminum-extrusions-for-door-frames\/","title":{"rendered":"6063 6061 Alum\u00ednium extrud\u00e1l\u00e1s ajt\u00f3keretekhez"},"content":{"rendered":"<h2>Term\u00e9kek r\u00e9szletei<\/h2>\n<table class=\"custom-table\">\n<tr>\n<td class=\"label\">Oszt\u00e1ly:<\/td>\n<td>6063 -t5\uff0c<\/td>\n<\/tr>\n<tr>\n<td class=\"label\">Technika:<\/td>\n<td>6063 6061 Alum\u00ednium extrud\u00e1l\u00e1s ajt\u00f3keretekhez\uff0c<\/td>\n<\/tr>\n<tr>\n<td class=\"label\">Lelkiismeretesen:<\/td>\n<td>T3 - T8\uff0c<\/td>\n<\/tr>\n<tr>\n<td class=\"label\">Megmunk\u00e1l\u00e1si szolg\u00e1ltat\u00e1sok:<\/td>\n<td>F\u00far\u00e1s, csavaroz\u00e1s, szegecsel\u00e9s, \u00f6sszeszerel\u00e9s stb.<\/td>\n<\/tr>\n<tr>\n<td class=\"label\">V\u00e9djegy:<\/td>\n<td>Sinoextrud Sinoextrud Sinoextrud \uff0c<\/td>\n<\/tr>\n<tr>\n<td class=\"label\">T\u00edpus:<\/td>\n<td>6063 6061 Alum\u00ednium extrud\u00e1l\u00e1s ajt\u00f3keretekhez\uff0c<\/td>\n<\/tr>\n<tr>\n<td class=\"label\">Alak:<\/td>\n<td>Made as Clients Design\uff0c<\/td>\n<\/tr>\n<tr>\n<td class=\"label\">Fel\u00fcletkezel\u00e9s:<\/td>\n<td>Mill Finish Anodized Brushed\uff0c<\/td>\n<\/tr>\n<tr>\n<td class=\"label\">Hossz\u00fas\u00e1g:<\/td>\n<td>1m \u00e9s 9m k\u00f6z\u00f6tt hosszonk\u00e9nt<\/td>\n<\/tr>\n<tr>\n<td class=\"label\">Sz\u00ednek:<\/td>\n<td>Silver Black\uff0c<\/td>\n<\/tr>\n<tr>\n<td class=\"label\">HS-k\u00f3d:<\/td>\n<td>76042990\uff0c<\/td>\n<\/tr>\n<\/table>\n<h2>Gy\u00e1rt\u00f3 b\u00e1zisunk<\/h2>\n<h3>Gy\u00e1ri panor\u00e1ma<\/h3>\n<p><img decoding=\"async\" src=\"\/wp-content\/uploads\/factory-01.webp\"\/><\/p>\n<h3>Alum\u00ednium r\u00fadgy\u00e1rt\u00f3 m\u0171hely<\/h3>\n<p><img decoding=\"async\" src=\"\/wp-content\/uploads\/factory-02.webp\"\/><\/p>\n<\/p>\n<p><img decoding=\"async\" src=\"\/wp-content\/uploads\/factory-03.webp\"\/><\/p>\n<h3>Pen\u00e9sz rakt\u00e1r<\/h3>\n<p><img decoding=\"async\" src=\"\/wp-content\/uploads\/factory-04.webp\"\/><\/p>\n<h3>43 alum\u00ednium extrud\u00e1l\u00f3 vonal (500-5500 tonna)<\/h3>\n<p><img decoding=\"async\" src=\"\/wp-content\/uploads\/factory-05.webp\"\/><\/p>\n<p><img decoding=\"async\" src=\"\/wp-content\/uploads\/factory-06.webp\"\/><\/p>\n<p><img decoding=\"async\" src=\"\/wp-content\/uploads\/factory-07.webp\"\/><\/p>\n<h3>Porfest\u0151 m\u0171hely<\/h3>\n<p><img decoding=\"async\" src=\"\/wp-content\/uploads\/factory-09.webp\"\/><\/p>\n<h3>Anodiz\u00e1l\u00f3 m\u0171hely<\/h3>\n<p><img decoding=\"async\" src=\"\/wp-content\/uploads\/factory-10.webp\"\/><\/p>\n<h3>M\u00e9ly feldolgoz\u00e1si m\u0171hely<\/h3>\n<p><img decoding=\"async\" src=\"\/wp-content\/uploads\/factory-11.webp\"\/><\/p>\n<h3>CNC prec\u00edzi\u00f3s megmunk\u00e1l\u00f3 m\u0171hely<\/h3>\n<p><img decoding=\"async\" src=\"\/wp-content\/uploads\/factory-11.5.webp\"\/><\/p>\n<h3>K\u00e9szterm\u00e9k \u00e9s export rakt\u00e1r<\/h3>\n<p><img decoding=\"async\" src=\"\/wp-content\/uploads\/factory-12.webp\"\/><\/p>\n<p><img decoding=\"async\" src=\"\/wp-content\/uploads\/factory-13.webp\"\/><\/p>\n<p><img decoding=\"async\" src=\"\/wp-content\/uploads\/factory-14.webp\"\/><\/p>\n<h2>GYIK<\/h2>\n<p><b>1.Mi a k\u00fcl\u00f6nbs\u00e9g a 6063 \u00e9s 6061 alum\u00ednium extrud\u00e1lt ajt\u00f3keretek k\u00f6z\u00f6tt?<\/b><\/p>\n<p>A 6063 jobb fel\u00fcletet k\u00edn\u00e1l, \u00e9s ide\u00e1lis dekorat\u00edv ajt\u00f3keretekhez, m\u00edg a 6061 nagyobb szil\u00e1rds\u00e1got biztos\u00edt, \u00e9s alkalmas szerkezeti alkalmaz\u00e1sokhoz.\n<\/p>\n<p><\/p>\n<p><b>2.A 6063 \u00e9s 6061 alum\u00ednium extrud\u00e1l\u00e1sok korr\u00f3zi\u00f3\u00e1ll\u00f3ak?<\/b><\/p>\n<p>Igen, mind a 6063-as, mind a 6061-es alum\u00edniumprofilok kiv\u00e1l\u00f3 korr\u00f3zi\u00f3\u00e1ll\u00f3s\u00e1got biztos\u00edtanak, \u00edgy ide\u00e1lisak k\u00fcls\u0151 ajt\u00f3keretekhez.\n<\/p>\n<p><\/p>\n<p><b>3.Can alum\u00ednium ajt\u00f3keret extrud\u00e1l\u00e1sok elox\u00e1lt vagy festett?<\/b><\/p>\n<p>Igen, mind a 6063-as, mind a 6061-es alum\u00ednium extrud\u00e1l\u00e1sok t\u00e1mogatj\u00e1k az elox\u00e1l\u00e1st \u00e9s a porfest\u00e9st, ami n\u00f6veli az eszt\u00e9tikumot \u00e9s a tart\u00f3ss\u00e1got.\n<\/p>\n<p><\/p>\n<p><b>4.Melyik er\u0151sebb az ajt\u00f3keretekn\u00e9l, a 6061 vagy a 6063 alum\u00ednium?<\/b><\/p>\n<p>A 6061-es alum\u00ednium extrud\u00e1l\u00e1sok nagyobb szak\u00edt\u00f3szil\u00e1rds\u00e1ggal rendelkeznek, mint a 6063-as, \u00edgy jobban alkalmasak teherhord\u00f3 ajt\u00f3keret alkalmaz\u00e1sokhoz.\n<\/p>\n<p><\/p>\n<p><b>5.Are 6063 \u00e9s 6061 alum\u00ednium extrud\u00e1l\u00e1sok k\u00f6rnyezetbar\u00e1t?<\/b><\/p>\n<p>Igen, mindk\u00e9t min\u0151s\u00e9g teljes m\u00e9rt\u00e9kben \u00fajrahasznos\u00edthat\u00f3, \u00edgy az alum\u00ednium ajt\u00f3keret extrud\u00e1lt term\u00e9kek k\u00f6rnyezetileg fenntarthat\u00f3 v\u00e1laszt\u00e1ss\u00e1 v\u00e1lnak.\n<\/p>\n<p><\/p>\n<p><b>6.Az ajt\u00f3keretekhez haszn\u00e1lt alum\u00ednium extrud\u00e1lt term\u00e9kek szabv\u00e1nyos m\u00e9retekben kaphat\u00f3k?<\/b><\/p>\n<p>Igen, a 6063 \u00e9s 6061 alum\u00ednium extrud\u00e1lt term\u00e9kek standard \u00e9s testreszabhat\u00f3 profilokban \u00e1llnak rendelkez\u00e9sre a k\u00fcl\u00f6nb\u00f6z\u0151 ajt\u00f3keret-kialak\u00edt\u00e1sokhoz.\n<\/p>\n<p><\/p>\n<p><b>7.Alkalmas-e az alum\u00ednium kereskedelmi \u00e9s lakoss\u00e1gi ajt\u00f3keretekhez?<\/b><\/p>\n<p>A 6063-as \u00e9s 6061-es alum\u00ednium extrud\u00e1l\u00e1sokat szil\u00e1rds\u00e1guk, megjelen\u00e9s\u00fck \u00e9s kop\u00e1s\u00e1ll\u00f3s\u00e1guk miatt sz\u00e9les k\u00f6rben haszn\u00e1lj\u00e1k mind a kereskedelmi, mind a lakoss\u00e1gi ajt\u00f3keretekben.\n<\/p>\n<p><\/p>\n<p><b>8.Haszn\u00e1lhatom ugyanazt az alum\u00ednium extrud\u00e1lt profilt belt\u00e9ri \u00e9s k\u00fclt\u00e9ri ajt\u00f3keretekhez?<\/b><\/p>\n<p>Igen, a 6063-as \u00e9s 6061-es alum\u00ednium extrud\u00e1l\u00e1sok korr\u00f3zi\u00f3\u00e1ll\u00f3s\u00e1guknak \u00e9s tart\u00f3ss\u00e1guknak k\u00f6sz\u00f6nhet\u0151en mind belt\u00e9ri, mind k\u00fclt\u00e9ri ajt\u00f3keretekhez alkalmasak.\n<\/p>\n<p><\/p>","protected":false},"featured_media":6906,"template":"","categories":[67],"class_list":["post-6907","product","type-product","status-publish","has-post-thumbnail","hentry","category-architectural-aluminium-profile"],"meta_box":{"hilight_text_group":{"product_hilight_text":"<li>High strength and durability suitable for heavy-duty door frame applications<\/li>\r\r\n<li>Excellent corrosion resistance ideal for outdoor or humid environments<\/li>\r\r\n<li>Smooth surface finish allows for easy anodizing and powder coating<\/li>\r\r\n<li>Lightweight material reduces transportation and installation costs<\/li>\r\r\n<li>Accurate dimensional tolerance ensures easy assembly and consistency<\/li>\r\r\n<li>Available in both 6063 and 6061 grades for versatile application needs<\/li>\r\r\n<li>Eco-friendly and fully recyclable aluminum material<\/li","product_chanpin_blog":"<ul>\r\r\n<li><a href=\"https:\/\/sinoextrud.com\/t-slot-v-slot-differences\/\" target=\"_blank\">t slot vs v slot<\/a><\/li>\r\r\n<li><a href=\"https:\/\/sinoextrud.com\/what-is-4040-aluminium-extrud\/\" target=\"_blank\">4040 aluminium extrusion<\/a><\/li>\r\r\n<li><a href=\"https:\/\/sinoextrud.com\/what-is-4040-aluminium-extrud\/\" target=\"_blank\">aluminum extrusions for industrial racks<\/a><\/li>\r\r\n<li><a href=\"https:\/\/sinoextrud.com\/powder-coating-aluminium-process\/\" target=\"_blank\">powder coating aluminium<\/a><\/li>\r\r\n<li><a href=\"https:\/\/sinoextrud.com\/what-is-an-aluminium-strip-ceiling\/\" target=\"_blank\">aluminium strip ceiling<\/a><\/li>\r\r\n<li><a href=\"https:\/\/sinoextrud.com\/what-is-a-heat-sink\/\" target=\"_blank\">what is a heat sink<\/a><\/li>\r\r\n<\/ul>","product_chanpin_chanpin":"<li><a href=\"https:\/\/sinoextrud.com\/product\/anodized-extruded-u-shaped-aluminium-profile\/\" target=\"_blank\">Anodized Extruded U Shaped Aluminium Profile<\/a><\/li>\r\n<li><a href=\"https:\/\/sinoextrud.com\/product\/aluminium-c-channel-profiles\/\" target=\"_blank\">Aluminium C Channel Profiles<\/a><\/li>\r\n<li><a href=\"https:\/\/sinoextrud.com\/product\/aluminum-z-extrusion\/\" target=\"_blank\">Aluminum Z Extrusion<\/a><\/li>\r\n<li><a href=\"https:\/\/sinoextrud.com\/product\/h-shaped-aluminum-extrusion\/\" target=\"_blank\">H Shaped Aluminum Extrusion<\/a><\/li>\r\n<li><a href=\"https:\/\/sinoextrud.com\/product\/6063-6061aluminum-extrusions-for-door-frames\/\" target=\"_blank\">6063 6061Aluminum Extrusions For Door Frames<\/a><\/li>\r\n<li><a href=\"https:\/\/sinoextrud.com\/product\/aluminium-window-trim-profiles\/\" target=\"_blank\">Aluminium Window Trim Profiles<\/a><\/li>\r\n<li><a href=\"https:\/\/sinoextrud.com\/product\/aluminium-window-and-door-profiles\/\" target=\"_blank\">Aluminium Window And Door Profiles<\/a><\/li>\r\n<li><a href=\"https:\/\/sinoextrud.com\/product\/aluminum-cnc-machined-part-custom-aluminum-machining\/\" target=\"_blank\">Aluminum CNC Machined Part Custom Aluminum Machining<\/a><\/li>\r\n<li><a href=\"https:\/\/sinoextrud.com\/product\/aluminum-t-bar-extrusion\/\" target=\"_blank\">Aluminum T Bar Extrusion<\/a><\/li>\r\n<li><a href=\"https:\/\/sinoextrud.com\/product\/aluminum-extrusion-telescopic-tube-octagon-tube\/\" target=\"_blank\">Aluminum Extrusion Telescopic Tube Octagon Tube<\/a><\/li>\r\n<li><a href=\"https:\/\/sinoextrud.com\/product\/h-shaped-closed-linear-ceiling-system\/\" target=\"_blank\">H-Shaped Closed Linear Ceiling System<\/a><\/li>"},"feature_list":[]},"_links":{"self":[{"href":"https:\/\/sinoextrud.com\/hu\/wp-json\/wp\/v2\/product\/6907","targetHints":{"allow":["GET"]}}],"collection":[{"href":"https:\/\/sinoextrud.com\/hu\/wp-json\/wp\/v2\/product"}],"about":[{"href":"https:\/\/sinoextrud.com\/hu\/wp-json\/wp\/v2\/types\/product"}],"wp:featuredmedia":[{"embeddable":true,"href":"https:\/\/sinoextrud.com\/hu\/wp-json\/wp\/v2\/media\/6906"}],"wp:attachment":[{"href":"https:\/\/sinoextrud.com\/hu\/wp-json\/wp\/v2\/media?parent=6907"}],"wp:term":[{"taxonomy":"category","embeddable":true,"href":"https:\/\/sinoextrud.com\/hu\/wp-json\/wp\/v2\/categories?post=6907"}],"curies":[{"name":"wp","href":"https:\/\/api.w.org\/{rel}","templated":true}]}}