{"id":6897,"date":"2025-06-04T01:42:17","date_gmt":"2025-06-04T01:42:17","guid":{"rendered":"https:\/\/sinoextrud.com\/product\/custom-made-modern-wood-grain-color-kitchen-cabinet-aluminium-extrusion-profile\/"},"modified":"2025-06-24T06:11:56","modified_gmt":"2025-06-24T06:11:56","slug":"egyedi-keszitesu-modern-fa-szemcses-szinu-konyhaszekreny-aluminium-extrudalt-profil","status":"publish","type":"product","link":"https:\/\/sinoextrud.com\/hu\/product\/custom-made-modern-wood-grain-color-kitchen-cabinet-aluminium-extrusion-profile\/","title":{"rendered":"Egyedi k\u00e9sz\u00edt\u00e9s\u0171 modern fa szemcs\u00e9s sz\u00edn\u0171 konyhaszekr\u00e9ny alum\u00ednium extrud\u00e1lt profilt"},"content":{"rendered":"<h2>Term\u00e9kek r\u00e9szletei<\/h2>\n<table class=\"custom-table\">\n<tr>\n<td class=\"label\">N\u00e9v<\/td>\n<td>Egyedi k\u00e9sz\u00edt\u00e9s\u0171 modern fa szemcs\u00e9s sz\u00edn\u0171 konyhaszekr\u00e9ny alum\u00ednium extrud\u00e1lt profil\uff0c<\/td>\n<\/tr>\n<\/table>\n<h2>Gy\u00e1rt\u00f3 b\u00e1zisunk<\/h2>\n<h3>Gy\u00e1ri panor\u00e1ma<\/h3>\n<p><img decoding=\"async\" src=\"\/wp-content\/uploads\/factory-01.webp\"\/><\/p>\n<h3>Alum\u00ednium r\u00fadgy\u00e1rt\u00f3 m\u0171hely<\/h3>\n<p><img decoding=\"async\" src=\"\/wp-content\/uploads\/factory-02.webp\"\/><\/p>\n<p><img decoding=\"async\" src=\"\/wp-content\/uploads\/factory-03.webp\"\/><\/p>\n<h3>Pen\u00e9sz rakt\u00e1r<\/h3>\n<p><img decoding=\"async\" src=\"\/wp-content\/uploads\/factory-04.webp\"\/><\/p>\n<h3>43 alum\u00ednium extrud\u00e1l\u00f3 vonal (500-5500 tonna)<\/h3>\n<p><img decoding=\"async\" src=\"\/wp-content\/uploads\/factory-05.webp\"\/><\/p>\n<p><img decoding=\"async\" src=\"\/wp-content\/uploads\/factory-06.webp\"\/><\/p>\n<p><img decoding=\"async\" src=\"\/wp-content\/uploads\/factory-07.webp\"\/><\/p>\n<h3>Porfest\u0151 m\u0171hely<\/h3>\n<p><img decoding=\"async\" src=\"\/wp-content\/uploads\/factory-09.webp\"\/><\/p>\n<h3>Anodiz\u00e1l\u00f3 m\u0171hely<\/h3>\n<p><img decoding=\"async\" src=\"\/wp-content\/uploads\/factory-10.webp\"\/><\/p>\n<h3>M\u00e9ly feldolgoz\u00e1si m\u0171hely<\/h3>\n<p><img decoding=\"async\" src=\"\/wp-content\/uploads\/factory-11.webp\"\/><\/p>\n<h3>CNC prec\u00edzi\u00f3s megmunk\u00e1l\u00f3 m\u0171hely<\/h3>\n<p><img decoding=\"async\" src=\"\/wp-content\/uploads\/factory-11.5.webp\"\/><\/p>\n<h3>K\u00e9szterm\u00e9k \u00e9s export rakt\u00e1r<\/h3>\n<p><img decoding=\"async\" src=\"\/wp-content\/uploads\/factory-12.webp\"\/><\/p>\n<p><img decoding=\"async\" src=\"\/wp-content\/uploads\/factory-13.webp\"\/><\/p>\n<p><img decoding=\"async\" src=\"\/wp-content\/uploads\/factory-14.webp\"\/><\/p>\n<h2>GYIK<\/h2>\n<p><p><b>1.Mi az egyedi k\u00e9sz\u00edt\u00e9s\u0171 modern fa szemcs\u00e9s sz\u00edn\u0171 konyhaszekr\u00e9ny alum\u00ednium extrud\u00e1lt profilok?<\/b><\/p>\n<p>Ezek a konyhaszekr\u00e9nyekhez tervezett alum\u00edniumprofilok, amelyek faanyag\u00fa fel\u00fcletkezel\u00e9ssel rendelkeznek, hogy a fa eszt\u00e9tikai vonzerej\u00e9t az alum\u00ednium tart\u00f3ss\u00e1g\u00e1val \u00e9s k\u00f6nny\u0171 s\u00faly\u00e1val \u00f6tv\u00f6zz\u00e9k.<br \/>\n<\/p><br \/>\n<br \/>\n<p><b>2.Mi\u00e9rt v\u00e1lassza az alum\u00ednium extrud\u00e1lt profilokat a konyhaszekr\u00e9nyekhez?<\/b><\/p>\n<p>Az alum\u00ednium extrud\u00e1lt profilok szil\u00e1rds\u00e1got, korr\u00f3zi\u00f3\u00e1ll\u00f3s\u00e1got \u00e9s tervez\u00e9si rugalmass\u00e1got k\u00edn\u00e1lnak, \u00edgy ide\u00e1lisak a modern konyhab\u00fatorokhoz, amelyek egyszerre ig\u00e9nylik a funkcionalit\u00e1st \u00e9s a st\u00edlust.<br \/>\n<\/p><br \/>\n<br \/>\n<p><b>3.Hogyan alkalmazz\u00e1k a faanyagot az alum\u00ednium profilokra?<\/b><\/p>\n<p>A famint\u00e1s hat\u00e1st jellemz\u0151en porfest\u00e9kkel, majd h\u0151\u00e1tviteli elj\u00e1r\u00e1ssal \u00e9rik el, ami tart\u00f3s \u00e9s val\u00f3s\u00e1gh\u0171, f\u00e1hoz hasonl\u00f3 megjelen\u00e9st eredm\u00e9nyez az alum\u00ednium fel\u00fclet\u00e9n.<br \/>\n<\/p><br \/>\n<br \/>\n<p><b>4.Lehet-e ezeket az alum\u00ednium profilokat egyedi konyhai kialak\u00edt\u00e1sokhoz testre szabni?<\/b><\/p>\n<p>Igen, a profilok alakja, m\u00e9rete \u00e9s kivitelez\u00e9se az egyedi konyhai tervez\u00e9si ig\u00e9nyeknek megfelel\u0151en alak\u00edthat\u00f3, \u00edgy biztos\u00edtva a t\u00f6k\u00e9letes illeszked\u00e9st \u00e9s egys\u00e9ges megjelen\u00e9st.<br \/>\n<\/p><br \/>\n<br \/>\n<p><b>5.Are fa szemcs\u00e9s alum\u00ednium extrud\u00e1lt profilok k\u00f6rnyezetbar\u00e1t?<\/b><\/p>\n<p>Igen, az alum\u00ednium \u00fajrahasznos\u00edthat\u00f3 anyag, \u00e9s e profilok gy\u00e1rt\u00e1si folyamatait \u00fagy tervezt\u00e9k, hogy azok k\u00f6rnyezetbar\u00e1t m\u00f3don, a fenntarthat\u00f3 \u00e9p\u00edt\u00e9si gyakorlatok t\u00e1mogat\u00e1s\u00e1val k\u00e9sz\u00fcljenek.<br \/>\n<\/p><br \/>\n<br \/>\n<p><b>6.Milyen karbantart\u00e1sra van sz\u00fcks\u00e9g a fa szemcs\u00e9s alum\u00ednium konyhaszekr\u00e9ny profilok eset\u00e9ben?<\/b><\/p>\n<p>Ezek a profilok alacsony karbantart\u00e1si ig\u00e9ny\u0171ek; a rendszeres tiszt\u00edt\u00e1s enyhe szappannal \u00e9s v\u00edzzel elegend\u0151 ahhoz, hogy \u00fajszer\u0171nek t\u0171njenek, mivel ellen\u00e1llnak a nedvess\u00e9gnek \u00e9s a szennyez\u0151d\u00e9seknek.<br \/>\n<\/p><br \/>\n<br \/>\n<p><b>7.Megfelelnek-e ezek a profilok a nemzetk\u00f6zi min\u0151s\u00e9gi szabv\u00e1nyoknak?<\/b><\/p>\n<p>Igen, a j\u00f3 h\u00edr\u0171 gy\u00e1rt\u00f3k biztos\u00edtj\u00e1k, hogy alum\u00ednium extrud\u00e1lt profiljaik megfelelnek az olyan nemzetk\u00f6zi szabv\u00e1nyoknak, mint a CE \u00e9s ISO tan\u00fas\u00edtv\u00e1nyok, garant\u00e1lva a min\u0151s\u00e9get \u00e9s a biztons\u00e1got.<br \/>\n<\/p><br \/><\/p>","protected":false},"featured_media":6896,"template":"","categories":[67],"class_list":["post-6897","product","type-product","status-publish","has-post-thumbnail","hentry","category-architectural-aluminium-profile"],"meta_box":{"hilight_text_group":{"product_hilight_text":"<li>Realistic wood grain finishes achieved through advanced powder coating and thermal transfer techniques.<\/li>\r\r\n<li>Constructed from 6063 T5 aluminum alloy, offering lightweight strength and corrosion resistance.<\/li>\r\r\n<li>Customizable profiles tailored to specific kitchen cabinet dimensions and design requirements.<\/li>\r\r\n<li>Low-maintenance surfaces resistant to moisture, warping, and fading, ensuring long-term durability.<\/li>\r\r\n<li>Eco-friendly and recyclable materials supporting sustainable building practices.<\/li>\r\r\n<li>Available in various finishes, including anodized, powder-coated, and wood grain, to match diverse interior styles.<\/li>\r\r\n<li>Precision CNC machining allows for intricate designs and seamless integration into modern kitchen layouts.<\/li>","product_chanpin_blog":"<ul>\r\r\n<li><a href=\"https:\/\/sinoextrud.com\/t-slot-v-slot-differences\/\" target=\"_blank\">t slot vs v slot<\/a><\/li>\r\r\n<li><a href=\"https:\/\/sinoextrud.com\/what-is-4040-aluminium-extrud\/\" target=\"_blank\">4040 aluminium extrusion<\/a><\/li>\r\r\n<li><a href=\"https:\/\/sinoextrud.com\/what-is-4040-aluminium-extrud\/\" target=\"_blank\">aluminum extrusions for industrial racks<\/a><\/li>\r\r\n<li><a href=\"https:\/\/sinoextrud.com\/powder-coating-aluminium-process\/\" target=\"_blank\">powder coating aluminium<\/a><\/li>\r\r\n<li><a href=\"https:\/\/sinoextrud.com\/what-is-an-aluminium-strip-ceiling\/\" target=\"_blank\">aluminium strip ceiling<\/a><\/li>\r\r\n<li><a href=\"https:\/\/sinoextrud.com\/what-is-a-heat-sink\/\" target=\"_blank\">what is a heat sink<\/a><\/li>\r\r\n<\/ul>","product_chanpin_chanpin":"<li><a href=\"https:\/\/sinoextrud.com\/product\/h-channel-aluminum-extrusion\/\" target=\"_blank\">H Channel Aluminum Extrusion<\/a><\/li>\r\n<li><a href=\"https:\/\/sinoextrud.com\/product\/cnc-anodized-6063-curved-aluminum-extrusions\/\" target=\"_blank\">CNC Anodized 6063 Curved Aluminum Extrusions<\/a><\/li>\r\n<li><a href=\"https:\/\/sinoextrud.com\/product\/6063-multiple-size-extruded-aluminium-t-slot\/\" target=\"_blank\">6063 Multiple Size Extruded Aluminium T Slot<\/a><\/li>\r\n<li><a href=\"https:\/\/sinoextrud.com\/product\/commercial-glass-aluminium-railing-systems\/\" target=\"_blank\">Commercial Glass Aluminium Railing Systems<\/a><\/li>\r\n<li><a href=\"https:\/\/sinoextrud.com\/product\/custom-made-modern-wood-grain-color-kitchen-cabinet-aluminium-extrusion-profile\/\" target=\"_blank\">Custom made modern wood grain color kitchen cabinet aluminium extrusion profile<\/a><\/li>\r\n<li><a href=\"https:\/\/sinoextrud.com\/product\/anodized-extruded-u-shaped-aluminium-profile\/\" target=\"_blank\">Anodized Extruded U Shaped Aluminium Profile<\/a><\/li>\r\n<li><a href=\"https:\/\/sinoextrud.com\/product\/aluminium-c-channel-profiles\/\" target=\"_blank\">Aluminium C Channel Profiles<\/a><\/li>\r\n<li><a href=\"https:\/\/sinoextrud.com\/product\/aluminum-z-extrusion\/\" target=\"_blank\">Aluminum Z Extrusion<\/a><\/li>\r\n<li><a href=\"https:\/\/sinoextrud.com\/product\/h-shaped-aluminum-extrusion\/\" target=\"_blank\">H Shaped Aluminum Extrusion<\/a><\/li>\r\n<li><a href=\"https:\/\/sinoextrud.com\/product\/solar-aluminium-profile-2\/\" target=\"_blank\">Solar Aluminium Profile<\/a><\/li>\r\n<li><a href=\"https:\/\/sinoextrud.com\/product\/extruded-aluminum-heatsink-enclosure\/\" target=\"_blank\">Extruded Aluminum Heatsink Enclosure<\/a><\/li>"},"feature_list":[]},"_links":{"self":[{"href":"https:\/\/sinoextrud.com\/hu\/wp-json\/wp\/v2\/product\/6897","targetHints":{"allow":["GET"]}}],"collection":[{"href":"https:\/\/sinoextrud.com\/hu\/wp-json\/wp\/v2\/product"}],"about":[{"href":"https:\/\/sinoextrud.com\/hu\/wp-json\/wp\/v2\/types\/product"}],"wp:featuredmedia":[{"embeddable":true,"href":"https:\/\/sinoextrud.com\/hu\/wp-json\/wp\/v2\/media\/6896"}],"wp:attachment":[{"href":"https:\/\/sinoextrud.com\/hu\/wp-json\/wp\/v2\/media?parent=6897"}],"wp:term":[{"taxonomy":"category","embeddable":true,"href":"https:\/\/sinoextrud.com\/hu\/wp-json\/wp\/v2\/categories?post=6897"}],"curies":[{"name":"wp","href":"https:\/\/api.w.org\/{rel}","templated":true}]}}