{"id":6891,"date":"2025-06-04T01:33:04","date_gmt":"2025-06-04T01:33:04","guid":{"rendered":"https:\/\/sinoextrud.com\/product\/cnc-anodized-6063-curved-aluminum-extrusions\/"},"modified":"2025-06-24T06:11:55","modified_gmt":"2025-06-24T06:11:55","slug":"cnc-eloxalt-6063-hajlitott-aluminium-extrudalt-reszek","status":"publish","type":"product","link":"https:\/\/sinoextrud.com\/hu\/product\/cnc-anodized-6063-curved-aluminum-extrusions\/","title":{"rendered":"CNC elox\u00e1lt 6063 \u00edvelt alum\u00ednium extrud\u00e1l\u00e1sok"},"content":{"rendered":"<h2>Term\u00e9kek r\u00e9szletei<\/h2>\n<table class=\"custom-table\">\n<tr>\n<td class=\"label\">Oszt\u00e1ly:<\/td>\n<td>6063 -t5\uff0c<\/td>\n<\/tr>\n<tr>\n<td class=\"label\">Technika:<\/td>\n<td>CNC elox\u00e1lt 6063 hajl\u00edtott alum\u00ednium extrud\u00e1l\u00e1s\uff0c<\/td>\n<\/tr>\n<tr>\n<td class=\"label\">Lelkiismeretesen:<\/td>\n<td>T3 - T8\uff0c<\/td>\n<\/tr>\n<tr>\n<td class=\"label\">Megmunk\u00e1l\u00e1si szolg\u00e1ltat\u00e1sok:<\/td>\n<td>F\u00far\u00e1s, csavaroz\u00e1s, szegecsel\u00e9s, \u00f6sszeszerel\u00e9s stb.<\/td>\n<\/tr>\n<tr>\n<td class=\"label\">V\u00e9djegy:<\/td>\n<td>Sinoextrud Sinoextrud Sinoextrud \uff0c<\/td>\n<\/tr>\n<tr>\n<td class=\"label\">T\u00edpus:<\/td>\n<td>CNC elox\u00e1lt 6063 hajl\u00edtott alum\u00ednium extrud\u00e1l\u00e1s\uff0c<\/td>\n<\/tr>\n<tr>\n<td class=\"label\">Alak:<\/td>\n<td>Made as Clients Design\uff0c<\/td>\n<\/tr>\n<tr>\n<td class=\"label\">Fel\u00fcletkezel\u00e9s:<\/td>\n<td>Mill Finish Anodized Brushed\uff0c<\/td>\n<\/tr>\n<tr>\n<td class=\"label\">Hossz\u00fas\u00e1g:<\/td>\n<td>1m \u00e9s 9m k\u00f6z\u00f6tt hosszonk\u00e9nt<\/td>\n<\/tr>\n<tr>\n<td class=\"label\">Sz\u00ednek:<\/td>\n<td>Silver Black\uff0c<\/td>\n<\/tr>\n<tr>\n<td class=\"label\">HS-k\u00f3d:<\/td>\n<td>76042990\uff0c<\/td>\n<\/tr>\n<\/table>\n<h2>Gy\u00e1rt\u00f3 b\u00e1zisunk<\/h2>\n<h3>Gy\u00e1ri panor\u00e1ma<\/h3>\n<p><img decoding=\"async\" src=\"\/wp-content\/uploads\/factory-01.webp\"\/><\/p>\n<h3>Alum\u00ednium r\u00fadgy\u00e1rt\u00f3 m\u0171hely<\/h3>\n<p><img decoding=\"async\" src=\"\/wp-content\/uploads\/factory-02.webp\"\/><\/p>\n<\/p>\n<p><img decoding=\"async\" src=\"\/wp-content\/uploads\/factory-03.webp\"\/><\/p>\n<h3>Pen\u00e9sz rakt\u00e1r<\/h3>\n<p><img decoding=\"async\" src=\"\/wp-content\/uploads\/factory-04.webp\"\/><\/p>\n<h3>43 alum\u00ednium extrud\u00e1l\u00f3 vonal (500-5500 tonna)<\/h3>\n<p><img decoding=\"async\" src=\"\/wp-content\/uploads\/factory-05.webp\"\/><\/p>\n<p><img decoding=\"async\" src=\"\/wp-content\/uploads\/factory-06.webp\"\/><\/p>\n<p><img decoding=\"async\" src=\"\/wp-content\/uploads\/factory-07.webp\"\/><\/p>\n<h3>Porfest\u0151 m\u0171hely<\/h3>\n<p><img decoding=\"async\" src=\"\/wp-content\/uploads\/factory-09.webp\"\/><\/p>\n<h3>Anodiz\u00e1l\u00f3 m\u0171hely<\/h3>\n<p><img decoding=\"async\" src=\"\/wp-content\/uploads\/factory-10.webp\"\/><\/p>\n<h3>M\u00e9ly feldolgoz\u00e1si m\u0171hely<\/h3>\n<p><img decoding=\"async\" src=\"\/wp-content\/uploads\/factory-11.webp\"\/><\/p>\n<h3>CNC prec\u00edzi\u00f3s megmunk\u00e1l\u00f3 m\u0171hely<\/h3>\n<p><img decoding=\"async\" src=\"\/wp-content\/uploads\/factory-11.5.webp\"\/><\/p>\n<h3>K\u00e9szterm\u00e9k \u00e9s export rakt\u00e1r<\/h3>\n<p><img decoding=\"async\" src=\"\/wp-content\/uploads\/factory-12.webp\"\/><\/p>\n<p><img decoding=\"async\" src=\"\/wp-content\/uploads\/factory-13.webp\"\/><\/p>\n<p><img decoding=\"async\" src=\"\/wp-content\/uploads\/factory-14.webp\"\/><\/p>\n<h2>GYIK<\/h2>\n<p><b>1.Mi a CNC elox\u00e1lt 6063 hajl\u00edtott alum\u00ednium extrud\u00e1l\u00e1s?<\/b><\/p>\n<p>Ezek 6063-as \u00f6tv\u00f6zetb\u0151l k\u00e9sz\u00fclt, prec\u00edzi\u00f3san form\u00e1zott alum\u00edniumprofilok, amelyeket CNC megmunk\u00e1l\u00e1ssal \u00edvelt form\u00e1kk\u00e1 alak\u00edtanak, \u00e9s elox\u00e1lnak a fokozott korr\u00f3zi\u00f3\u00e1ll\u00f3s\u00e1g \u00e9s a l\u00e1tv\u00e1ny \u00e9rdek\u00e9ben.\n<\/p>\n<p><\/p>\n<p><b>2.Mi\u00e9rt haszn\u00e1lj\u00e1k a 6063 alum\u00edniumot hajl\u00edtott extrud\u00e1l\u00e1sokhoz?<\/b><\/p>\n<p>A 6063-as alum\u00ednium kiv\u00e1l\u00f3 extrud\u00e1lhat\u00f3s\u00e1got biztos\u00edt, ide\u00e1lis a r\u00e9szletes \u00e9s \u00edvelt form\u00e1k l\u00e9trehoz\u00e1s\u00e1hoz, magas fel\u00fcleti min\u0151s\u00e9ggel \u00e9s szil\u00e1rds\u00e1ggal.\n<\/p>\n<p><\/p>\n<p><b>3.Hogyan jav\u00edtja az elox\u00e1l\u00e1s az alum\u00ednium extrud\u00e1l\u00e1st?<\/b><\/p>\n<p>Az elox\u00e1l\u00e1s egy v\u00e9d\u0151 oxidr\u00e9teget k\u00e9pez az alum\u00ednium fel\u00fclet\u00e9n, ami n\u00f6veli a korr\u00f3zi\u00f3val \u00e9s kop\u00e1ssal szembeni ellen\u00e1ll\u00e1st, \u00e9s jav\u00edtja az \u00e1ltal\u00e1nos megjelen\u00e9st.\n<\/p>\n<p><\/p>\n<p><b>4.Hol haszn\u00e1lj\u00e1k a CNC elox\u00e1lt 6063 hajl\u00edtott alum\u00ednium extrud\u00e1l\u00e1sokat?<\/b><\/p>\n<p>Gyakran haszn\u00e1lj\u00e1k \u00e9p\u00edt\u00e9szeti homlokzatokn\u00e1l, bels\u0151\u00e9p\u00edt\u00e9szetben, aut\u00f3ipari d\u00edsz\u00edt\u00e9sekn\u00e9l, tengeri alkatr\u00e9szekn\u00e9l \u00e9s egyedi ipari szerkezetekn\u00e9l.\n<\/p>\n<p><\/p>\n<p><b>5.Can CNC elox\u00e1lt 6063 hajl\u00edtott alum\u00ednium extrud\u00e1l\u00e1sok k\u00e9sz\u00fclhetnek egyedi mint\u00e1khoz?<\/b><\/p>\n<p>Igen, teljesen testre szabhat\u00f3k az alak, a m\u00e9ret, a g\u00f6rb\u00fcleti sug\u00e1r \u00e9s az elox\u00e1lt fel\u00fclet tekintet\u00e9ben, hogy megfeleljenek az egyedi projektspecifik\u00e1ci\u00f3knak.\n<\/p>\n<p><\/p>\n<p><b>6.Ezek az \u00edvelt alum\u00ednium extrud\u00e1l\u00e1sok k\u00f6rnyezetbar\u00e1tok?<\/b><\/p>\n<p>Igen, \u00fajrahasznos\u00edthat\u00f3 alum\u00edniumb\u00f3l k\u00e9sz\u00fcltek \u00e9s fenntarthat\u00f3 elj\u00e1r\u00e1sokkal k\u00e9sz\u00fcltek, \u00edgy k\u00f6rnyezettudatos v\u00e1laszt\u00e1snak sz\u00e1m\u00edtanak.\n<\/p>\n<p><\/p>\n<p><b>7.Milyen fel\u00fcletek \u00e1llnak rendelkez\u00e9sre a CNC elox\u00e1lt 6063 hajl\u00edtott alum\u00ednium extrud\u00e1l\u00e1shoz?<\/b><\/p>\n<p>K\u00fcl\u00f6nb\u00f6z\u0151 elox\u00e1lt sz\u00ednek \u00e9s fel\u00fcletek \u00e1llnak rendelkez\u00e9sre, bele\u00e9rtve a matt, csiszolt \u00e9s f\u00e9nyes opci\u00f3kat az eszt\u00e9tikai k\u00f6vetelm\u00e9nyeknek megfelel\u0151en.\n<\/p>\n<p><\/p>","protected":false},"featured_media":6890,"template":"","categories":[67],"class_list":["post-6891","product","type-product","status-publish","has-post-thumbnail","hentry","category-architectural-aluminium-profile"],"meta_box":{"hilight_text_group":{"product_hilight_text":"<li>Excellent corrosion resistance for long-lasting performance in harsh environments.<\/li>\r\r\n<li>6063 alloy ensures high-quality extrusion with smooth, curved profiles.<\/li>\r\r\n<li>Advanced CNC machining guarantees precision and consistent dimensions.<\/li>\r\r\n<li>Decorative anodized finish improves durability and aesthetic appeal.<\/li>\r\r\n<li>Lightweight structure reduces transportation and installation costs.<\/li>\r\r\n<li>Customizable designs tailored for architectural and industrial applications.<\/li>\r\r\n<li>Fully recyclable material supports eco-friendly and sustainable production.<\/li>","product_chanpin_blog":"<ul>\r\r\n<li><a href=\"https:\/\/sinoextrud.com\/t-slot-v-slot-differences\/\" target=\"_blank\">t slot vs v slot<\/a><\/li>\r\r\n<li><a href=\"https:\/\/sinoextrud.com\/what-is-4040-aluminium-extrud\/\" target=\"_blank\">4040 aluminium extrusion<\/a><\/li>\r\r\n<li><a href=\"https:\/\/sinoextrud.com\/what-is-4040-aluminium-extrud\/\" target=\"_blank\">aluminum extrusions for industrial racks<\/a><\/li>\r\r\n<li><a href=\"https:\/\/sinoextrud.com\/powder-coating-aluminium-process\/\" target=\"_blank\">powder coating aluminium<\/a><\/li>\r\r\n<li><a href=\"https:\/\/sinoextrud.com\/what-is-an-aluminium-strip-ceiling\/\" target=\"_blank\">aluminium strip ceiling<\/a><\/li>\r\r\n<li><a href=\"https:\/\/sinoextrud.com\/what-is-a-heat-sink\/\" target=\"_blank\">what is a heat sink<\/a><\/li>\r\r\n<\/ul>","product_chanpin_chanpin":"<li><a href=\"https:\/\/sinoextrud.com\/product\/6063-cnc-machining-aluminum-extrusion-hinge\/\" target=\"_blank\">6063 CNC Machining Aluminum Extrusion Hinge<\/a><\/li>\r\n<li><a href=\"https:\/\/sinoextrud.com\/product\/aluminium-track-extrusions\/\" target=\"_blank\">Aluminium Track Extrusions<\/a><\/li>\r\n<li><a href=\"https:\/\/sinoextrud.com\/product\/aluminum-extrusion-aluminium-profile-for-surface-oxidized-pipe\/\" target=\"_blank\">Aluminum Extrusion Aluminium Profile for Surface Oxidized Pipe<\/a><\/li>\r\n<li><a href=\"https:\/\/sinoextrud.com\/product\/h-channel-aluminum-extrusion\/\" target=\"_blank\">H Channel Aluminum Extrusion<\/a><\/li>\r\n<li><a href=\"https:\/\/sinoextrud.com\/product\/cnc-anodized-6063-curved-aluminum-extrusions\/\" target=\"_blank\">CNC Anodized 6063 Curved Aluminum Extrusions<\/a><\/li>\r\n<li><a href=\"https:\/\/sinoextrud.com\/product\/6063-multiple-size-extruded-aluminium-t-slot\/\" target=\"_blank\">6063 Multiple Size Extruded Aluminium T Slot<\/a><\/li>\r\n<li><a href=\"https:\/\/sinoextrud.com\/product\/commercial-glass-aluminium-railing-systems\/\" target=\"_blank\">Commercial Glass Aluminium Railing Systems<\/a><\/li>\r\n<li><a href=\"https:\/\/sinoextrud.com\/product\/custom-made-modern-wood-grain-color-kitchen-cabinet-aluminium-extrusion-profile\/\" target=\"_blank\">Custom made modern wood grain color kitchen cabinet aluminium extrusion profile<\/a><\/li>\r\n<li><a href=\"https:\/\/sinoextrud.com\/product\/anodized-extruded-u-shaped-aluminium-profile\/\" target=\"_blank\">Anodized Extruded U Shaped Aluminium Profile<\/a><\/li>\r\n<li><a href=\"https:\/\/sinoextrud.com\/product\/extruded-aluminum-profiles-prices-competitive-99-pure-aluminum-ingot-curtain-wall-aluminum-profile-extrusion-manufacturers\/\" target=\"_blank\">Extruded aluminum profiles prices competitive 99% pure aluminum ingot curtain wall aluminum profile extrusion manufacturers<\/a><\/li>\r\n<li><a href=\"https:\/\/sinoextrud.com\/product\/aluminium-extrusion-sections\/\" target=\"_blank\">Aluminium Extrusion Sections<\/a><\/li>"},"feature_list":[]},"_links":{"self":[{"href":"https:\/\/sinoextrud.com\/hu\/wp-json\/wp\/v2\/product\/6891","targetHints":{"allow":["GET"]}}],"collection":[{"href":"https:\/\/sinoextrud.com\/hu\/wp-json\/wp\/v2\/product"}],"about":[{"href":"https:\/\/sinoextrud.com\/hu\/wp-json\/wp\/v2\/types\/product"}],"wp:featuredmedia":[{"embeddable":true,"href":"https:\/\/sinoextrud.com\/hu\/wp-json\/wp\/v2\/media\/6890"}],"wp:attachment":[{"href":"https:\/\/sinoextrud.com\/hu\/wp-json\/wp\/v2\/media?parent=6891"}],"wp:term":[{"taxonomy":"category","embeddable":true,"href":"https:\/\/sinoextrud.com\/hu\/wp-json\/wp\/v2\/categories?post=6891"}],"curies":[{"name":"wp","href":"https:\/\/api.w.org\/{rel}","templated":true}]}}