{"id":6889,"date":"2025-06-04T01:26:07","date_gmt":"2025-06-04T01:26:07","guid":{"rendered":"https:\/\/sinoextrud.com\/product\/h-channel-aluminum-extrusion\/"},"modified":"2025-06-24T06:11:54","modified_gmt":"2025-06-24T06:11:54","slug":"h-csatorna-aluminium-extrudalas","status":"publish","type":"product","link":"https:\/\/sinoextrud.com\/hu\/product\/h-channel-aluminum-extrusion\/","title":{"rendered":"H csatorna alum\u00ednium extrud\u00e1l\u00e1s"},"content":{"rendered":"<h2>Term\u00e9kek r\u00e9szletei<\/h2>\n<table class=\"custom-table\">\n<tr>\n<td class=\"label\">Term\u00e9k neve<\/td>\n<td>H csatorna alum\u00ednium extrud\u00e1l\u00e1s\uff0c<\/td>\n<\/tr>\n<tr>\n<td class=\"label\">Anyag<\/td>\n<td>6061\/6063-T5 T6\uff0c<\/td>\n<\/tr>\n<tr>\n<td class=\"label\">Fel\u00fcletkezel\u00e9s<\/td>\n<td>Fa szemcs\u00e9k, elox\u00e1lt, porbevonat, elektrofor\u00e9zis, PVDF stb.<\/td>\n<\/tr>\n<tr>\n<td class=\"label\">Sz\u00ednes<\/td>\n<td>Minden sz\u00edn el\u00e9rhet\u0151\uff0c<\/td>\n<\/tr>\n<tr>\n<td class=\"label\">MOQ<\/td>\n<td>200KG minden egyes t\u00e9telhez, egy metrikus tonna minden sz\u00ednhez.<\/td>\n<\/tr>\n<tr>\n<td class=\"label\">M\u00e9ret<\/td>\n<td>Testreszabottan\uff0c<\/td>\n<\/tr>\n<tr>\n<td class=\"label\">M\u00e9ly folyamat<\/td>\n<td>CNC mar\u00e1s, lyukaszt\u00e1s, f\u00far\u00e1s, csapol\u00e1s, hajl\u00edt\u00e1s\uff0c<\/td>\n<\/tr>\n<tr>\n<td class=\"label\">Garancia<\/td>\n<td>ISO 9001:2008;CQM,SGS,CE,BV,SONCAP\/GB,ISO,JIS,AS,NZS,QUALICOAT\uff0c<\/td>\n<\/tr>\n<tr>\n<td class=\"label\">\u00c1tfut\u00e1si id\u0151<\/td>\n<td>Formanyit\u00e1s \u00e9s mintateszt 10-12 nap<br \/>\nT\u00f6meggy\u00e1rt\u00e1s 20-25 nap<\/td>\n<\/tr>\n<tr>\n<td class=\"label\">Sz\u00e1ll\u00edt\u00e1si hat\u00e1rid\u0151<\/td>\n<td>FOB Foshan\/Guangzhou\/Shenzhen\uff0c<\/td>\n<\/tr>\n<tr>\n<td class=\"label\">Fizet\u00e9si hat\u00e1rid\u0151<\/td>\n<td>LC vagy TT 30% let\u00e9t,70% egyenleg berakod\u00e1s el\u0151tt\uff0c<\/td>\n<\/tr>\n<\/table>\n<h2>Gy\u00e1rt\u00f3 b\u00e1zisunk<\/h2>\n<h3>Gy\u00e1ri panor\u00e1ma<\/h3>\n<p><img decoding=\"async\" src=\"\/wp-content\/uploads\/factory-01.webp\"\/><\/p>\n<h3>Alum\u00ednium r\u00fadgy\u00e1rt\u00f3 m\u0171hely<\/h3>\n<p><img decoding=\"async\" src=\"\/wp-content\/uploads\/factory-02.webp\"\/><\/p>\n<\/p>\n<p><img decoding=\"async\" src=\"\/wp-content\/uploads\/factory-03.webp\"\/><\/p>\n<h3>Pen\u00e9sz rakt\u00e1r<\/h3>\n<p><img decoding=\"async\" src=\"\/wp-content\/uploads\/factory-04.webp\"\/><\/p>\n<h3>43 alum\u00ednium extrud\u00e1l\u00f3 vonal (500-5500 tonna)<\/h3>\n<p><img decoding=\"async\" src=\"\/wp-content\/uploads\/factory-05.webp\"\/><\/p>\n<p><img decoding=\"async\" src=\"\/wp-content\/uploads\/factory-06.webp\"\/><\/p>\n<p><img decoding=\"async\" src=\"\/wp-content\/uploads\/factory-07.webp\"\/><\/p>\n<h3>Porfest\u0151 m\u0171hely<\/h3>\n<p><img decoding=\"async\" src=\"\/wp-content\/uploads\/factory-09.webp\"\/><\/p>\n<h3>Anodiz\u00e1l\u00f3 m\u0171hely<\/h3>\n<p><img decoding=\"async\" src=\"\/wp-content\/uploads\/factory-10.webp\"\/><\/p>\n<h3>M\u00e9ly feldolgoz\u00e1si m\u0171hely<\/h3>\n<p><img decoding=\"async\" src=\"\/wp-content\/uploads\/factory-11.webp\"\/><\/p>\n<h3>CNC prec\u00edzi\u00f3s megmunk\u00e1l\u00f3 m\u0171hely<\/h3>\n<p><img decoding=\"async\" src=\"\/wp-content\/uploads\/factory-11.5.webp\"\/><\/p>\n<h3>K\u00e9szterm\u00e9k \u00e9s export rakt\u00e1r<\/h3>\n<p><img decoding=\"async\" src=\"\/wp-content\/uploads\/factory-12.webp\"\/><\/p>\n<p><img decoding=\"async\" src=\"\/wp-content\/uploads\/factory-13.webp\"\/><\/p>\n<p><img decoding=\"async\" src=\"\/wp-content\/uploads\/factory-14.webp\"\/><\/p>\n<h2>GYIK<\/h2>\n<p><b>1.Mi a H-csatorn\u00e1s alum\u00ednium extrud\u00e1l\u00e1s? <\/b><\/p>\n<p> Ez egy \"H\" alak\u00fa keresztmetszet\u0171 alum\u00edniumprofil, amelyet szerkezeti, keretez\u00e9si \u00e9s tart\u00f3szerkezeti alkalmaz\u00e1sokban haszn\u00e1lnak az ipar\u00e1gakban.\n<\/p>\n<p><\/p>\n<p><b>2.Mik a H-csatorn\u00e1s alum\u00ednium extrud\u00e1l\u00e1sok gyakori felhaszn\u00e1l\u00e1si ter\u00fcletei? <\/b><\/p>\n<p> Ezeket a profilokat v\u00e1laszfalakban, ajt\u00f3- \u00e9s ablakkeretekben, f\u00fcgg\u00f6nyfalakban, t\u00e1blaszerkezetekben \u00e9s alum\u00edniumv\u00e1zak \u00f6sszek\u00f6t\u0151 elemek\u00e9nt haszn\u00e1lj\u00e1k.\n<\/p>\n<p><\/p>\n<p><b>3.Milyen \u00f6tv\u00f6zeteket haszn\u00e1lnak a H-csatorn\u00e1s alum\u00ednium profilokhoz? <\/b><\/p>\n<p> A 6063-T5 \u00e9s a 6061 gyakran haszn\u00e1lj\u00e1k kiv\u00e1l\u00f3 mechanikai tulajdons\u00e1gaik, korr\u00f3zi\u00f3\u00e1ll\u00f3s\u00e1guk \u00e9s extrud\u00e1lhat\u00f3s\u00e1guk miatt.\n<\/p>\n<p><\/p>\n<p><b>4.Can H-csatorna alum\u00ednium profilok testre szabhat\u00f3? <\/b><\/p>\n<p> Igen, a gy\u00e1rt\u00f3k OEM testreszab\u00e1st k\u00edn\u00e1lnak, bele\u00e9rtve a sz\u00e9less\u00e9get, magass\u00e1got, peremvastags\u00e1got, a ny\u00edl\u00e1sok elhelyez\u00e9s\u00e9t \u00e9s a furatok f\u00far\u00e1s\u00e1t, hogy megfeleljenek az egyedi tervez\u00e9si k\u00f6vetelm\u00e9nyeknek.\n<\/p>\n<p><\/p>\n<p><b>5.Milyen fel\u00fcletkezel\u00e9sek \u00e1llnak rendelkez\u00e9sre? <\/b><\/p>\n<p> A gyakori kivitelek k\u00f6z\u00e9 tartozik az elox\u00e1l\u00e1s a korr\u00f3zi\u00f3\u00e1ll\u00f3s\u00e1g \u00e9rdek\u00e9ben, a porbevonat a sz\u00edn \u00e9s a tart\u00f3ss\u00e1g \u00e9rdek\u00e9ben, valamint a malomipari kivitel a szok\u00e1sos ipari felhaszn\u00e1l\u00e1shoz.\n<\/p>\n<p><\/p>\n<p><b>6.Alkalmasak-e a H-csatorn\u00e1k k\u00fclt\u00e9ri alkalmaz\u00e1sokhoz? <\/b><\/p>\n<p> Igen, megfelel\u0151 fel\u00fcletkezel\u00e9ssel a H-csatorn\u00e1s alum\u00edniumprofilok ide\u00e1lisak k\u00fcls\u0151 szerkezeti \u00e9s dekorat\u00edv alkalmaz\u00e1sokhoz.\n<\/p>\n<p><\/p>\n<p><b>7.Hogyan szerelik be a H-csatorn\u00e1s extrud\u00e1l\u00e1sokat? <\/b><\/p>\n<p> Az alkalmaz\u00e1st\u00f3l f\u00fcgg\u0151en csavarokkal, konzolokkal vagy modul\u00e1ris keretrendszerekbe illesztve szerelik fel \u0151ket.\n<\/p>\n<p><\/p>\n<p><b>8.Can \u00e9n forr\u00e1s H csatorna alum\u00ednium profilok \u00f6mlesztve K\u00edn\u00e1b\u00f3l? <\/b><\/p>\n<p> A legjobb k\u00ednai gy\u00e1rt\u00f3k nagy volumen\u0171 gy\u00e1rt\u00e1st, versenyk\u00e9pes \u00e1rakat \u00e9s OEM-t\u00e1mogat\u00e1ssal ell\u00e1tott exportszolg\u00e1ltat\u00e1sokat k\u00edn\u00e1lnak.\n<\/p>\n<p><\/p>","protected":false},"featured_media":6888,"template":"","categories":[67],"class_list":["post-6889","product","type-product","status-publish","has-post-thumbnail","hentry","category-architectural-aluminium-profile"],"meta_box":{"hilight_text_group":{"product_hilight_text":"<li>H channel aluminum extrusion designed for structural framing, partitions, and architectural cladding systems<\/li>\r\r\n<li>Manufactured from durable 6061 or 6063 alloy offering excellent corrosion resistance and strength-to-weight ratio<\/li>\r\r\n<li>Available in various widths, flange thicknesses, and slot configurations for versatile applications<\/li>\r\r\n<li>Surface finishes include anodized, powder-coated, and mill finish for enhanced durability and aesthetics<\/li>\r\r\n<li>OEM customization supported for profile size, cut length, and special fabrication needs<\/li>","product_chanpin_blog":"<ul>\r\r\n<li><a href=\"https:\/\/sinoextrud.com\/t-slot-v-slot-differences\/\" target=\"_blank\">t slot vs v slot<\/a><\/li>\r\r\n<li><a href=\"https:\/\/sinoextrud.com\/what-is-4040-aluminium-extrud\/\" target=\"_blank\">4040 aluminium extrusion<\/a><\/li>\r\r\n<li><a href=\"https:\/\/sinoextrud.com\/what-is-4040-aluminium-extrud\/\" target=\"_blank\">aluminum extrusions for industrial racks<\/a><\/li>\r\r\n<li><a href=\"https:\/\/sinoextrud.com\/powder-coating-aluminium-process\/\" target=\"_blank\">powder coating aluminium<\/a><\/li>\r\r\n<li><a href=\"https:\/\/sinoextrud.com\/what-is-an-aluminium-strip-ceiling\/\" target=\"_blank\">aluminium strip ceiling<\/a><\/li>\r\r\n<li><a href=\"https:\/\/sinoextrud.com\/what-is-a-heat-sink\/\" target=\"_blank\">what is a heat sink<\/a><\/li>\r\r\n<\/ul>","product_chanpin_chanpin":"<li><a href=\"https:\/\/sinoextrud.com\/product\/aluminum-window-frame-extrusions\/\" target=\"_blank\">Aluminum Window Frame Extrusions<\/a><\/li>\r\n<li><a href=\"https:\/\/sinoextrud.com\/product\/6063-cnc-machining-aluminum-extrusion-hinge\/\" target=\"_blank\">6063 CNC Machining Aluminum Extrusion Hinge<\/a><\/li>\r\n<li><a href=\"https:\/\/sinoextrud.com\/product\/aluminium-track-extrusions\/\" target=\"_blank\">Aluminium Track Extrusions<\/a><\/li>\r\n<li><a href=\"https:\/\/sinoextrud.com\/product\/aluminum-extrusion-aluminium-profile-for-surface-oxidized-pipe\/\" target=\"_blank\">Aluminum Extrusion Aluminium Profile for Surface Oxidized Pipe<\/a><\/li>\r\n<li><a href=\"https:\/\/sinoextrud.com\/product\/h-channel-aluminum-extrusion\/\" target=\"_blank\">H Channel Aluminum Extrusion<\/a><\/li>\r\n<li><a href=\"https:\/\/sinoextrud.com\/product\/cnc-anodized-6063-curved-aluminum-extrusions\/\" target=\"_blank\">CNC Anodized 6063 Curved Aluminum Extrusions<\/a><\/li>\r\n<li><a href=\"https:\/\/sinoextrud.com\/product\/6063-multiple-size-extruded-aluminium-t-slot\/\" target=\"_blank\">6063 Multiple Size Extruded Aluminium T Slot<\/a><\/li>\r\n<li><a href=\"https:\/\/sinoextrud.com\/product\/commercial-glass-aluminium-railing-systems\/\" target=\"_blank\">Commercial Glass Aluminium Railing Systems<\/a><\/li>\r\n<li><a href=\"https:\/\/sinoextrud.com\/product\/custom-made-modern-wood-grain-color-kitchen-cabinet-aluminium-extrusion-profile\/\" target=\"_blank\">Custom made modern wood grain color kitchen cabinet aluminium extrusion profile<\/a><\/li>\r\n<li><a href=\"https:\/\/sinoextrud.com\/product\/extruded-aluminium-skirting-aluminium-skirting-board\/\" target=\"_blank\">Extruded Aluminium Skirting Aluminium Skirting Board<\/a><\/li>\r\n<li><a href=\"https:\/\/sinoextrud.com\/product\/6063-t5-extruded-aluminum-t-slot\/\" target=\"_blank\">6063 T5 Extruded Aluminum T Slot<\/a><\/li>"},"feature_list":[]},"_links":{"self":[{"href":"https:\/\/sinoextrud.com\/hu\/wp-json\/wp\/v2\/product\/6889","targetHints":{"allow":["GET"]}}],"collection":[{"href":"https:\/\/sinoextrud.com\/hu\/wp-json\/wp\/v2\/product"}],"about":[{"href":"https:\/\/sinoextrud.com\/hu\/wp-json\/wp\/v2\/types\/product"}],"wp:featuredmedia":[{"embeddable":true,"href":"https:\/\/sinoextrud.com\/hu\/wp-json\/wp\/v2\/media\/6888"}],"wp:attachment":[{"href":"https:\/\/sinoextrud.com\/hu\/wp-json\/wp\/v2\/media?parent=6889"}],"wp:term":[{"taxonomy":"category","embeddable":true,"href":"https:\/\/sinoextrud.com\/hu\/wp-json\/wp\/v2\/categories?post=6889"}],"curies":[{"name":"wp","href":"https:\/\/api.w.org\/{rel}","templated":true}]}}