{"id":6864,"date":"2025-06-03T02:58:31","date_gmt":"2025-06-03T02:58:31","guid":{"rendered":"https:\/\/sinoextrud.com\/product\/anodized-aluminium-industrial-profile-aluminum-extrusion-2\/"},"modified":"2025-06-24T06:11:53","modified_gmt":"2025-06-24T06:11:53","slug":"eloxalt-aluminium-ipari-profil-aluminium-extrudalas-2","status":"publish","type":"product","link":"https:\/\/sinoextrud.com\/hu\/product\/anodized-aluminium-industrial-profile-aluminum-extrusion-2\/","title":{"rendered":"Elox\u00e1lt alum\u00ednium ipari profil alum\u00ednium extrud\u00e1l\u00e1s"},"content":{"rendered":"<h2>Term\u00e9kek r\u00e9szletei<\/h2>\n<table class=\"custom-table\">\n<tr>\n<td class=\"label\">T\u00e9tel:<\/td>\n<td> Elox\u00e1lt alum\u00ednium ipari profil \u00e9s alum\u00ednium extrud\u00e1l\u00e1s\uff0c<\/td>\n<\/tr>\n<tr>\n<td class=\"label\">Modell NO.:<\/td>\n<td> 6000 sorozat\uff0c<\/td>\n<\/tr>\n<tr>\n<td class=\"label\">Alak:<\/td>\n<td> Sz\u00f6g, n\u00e9gyzet, kerek, lapos, T-profil, testreszabott\uff0c<\/td>\n<\/tr>\n<tr>\n<td class=\"label\">Lelkiismeretesen:<\/td>\n<td> T3-T8\uff0c<\/td>\n<\/tr>\n<tr>\n<td class=\"label\">\u00f6tv\u00f6zet:<\/td>\n<td> Alloy\uff0c<\/td>\n<\/tr>\n<tr>\n<td class=\"label\">\u00d6tv\u00f6z\u0151 \u00f6sszetev\u0151:<\/td>\n<td> 6063-T5, 6061-T6, 6463-T5, 7075-T6, 6082\uff0c<\/td>\n<\/tr>\n<tr>\n<td class=\"label\">Pol\u00edrozott alum\u00ednium profil:<\/td>\n<td> Mechanikus pol\u00edroz\u00e1s\uff0c<\/td>\n<\/tr>\n<tr>\n<td class=\"label\">Kik\u00f6t\u0151:<\/td>\n<td> Shenzhen, Guangzhou, Foshan\uff0c<\/td>\n<\/tr>\n<tr>\n<td class=\"label\">MOQ:<\/td>\n<td> 200KG minden egyes t\u00e9telhez\uff0c<\/td>\n<\/tr>\n<tr>\n<td class=\"label\">Termel\u00e9si kapacit\u00e1s:<\/td>\n<td> 15000+ tonna havonta\uff0c<\/td>\n<\/tr>\n<tr>\n<td class=\"label\">Sz\u00e1ll\u00edt\u00e1si csomag:<\/td>\n<td> Bel\u00fcl: \uff0c m\u0171anyag v\u00e9d\u0151f\u00f3li\u00e1val csomagolva, k\u00edv\u00fcl: \uff0c v\u00edz\u00e1ll\u00f3 k\u00e9zm\u0171ves pap\u00edrral csomagolva.<\/td>\n<\/tr>\n<tr>\n<td class=\"label\">Eredet:<\/td>\n<td> Foshan, K\u00edna\uff0c<\/td>\n<\/tr>\n<tr>\n<td class=\"label\">Oszt\u00e1ly:<\/td>\n<td> 6000-es sorozat\uff0c<\/td>\n<\/tr>\n<tr>\n<td class=\"label\">Fel\u00fcletkezel\u00e9s:<\/td>\n<td> Elox\u00e1lt, fa szemcs\u00e9s, pol\u00edrozott, csiszolt, elektrofora\uff0c<\/td>\n<\/tr>\n<tr>\n<td class=\"label\">Tan\u00fas\u00edt\u00e1s:<\/td>\n<td> CE, ISO, RoHS, TUV\uff0c CE, ISO, RoHS, TUV\uff0c<\/td>\n<\/tr>\n<tr>\n<td class=\"label\">Sz\u00e1ll\u00edt\u00e1si id\u0151:<\/td>\n<td> 20-30 nappal a befizet\u00e9s be\u00e9rkez\u00e9se ut\u00e1n<\/td>\n<\/tr>\n<tr>\n<td class=\"label\">Fizet\u00e9si hat\u00e1rid\u0151:<\/td>\n<td> T \/ T, 30% el\u0151legfizet\u00e9s, m\u00edg a m\u00e9rleg a sz\u00e1ll\u00edt\u00e1s el\u0151tt ker\u00fcl kifizet\u00e9sre \uff0c<\/td>\n<\/tr>\n<tr>\n<td class=\"label\">Garancia:<\/td>\n<td> A felsz\u00edni sz\u00edn k\u00e9pes 10 ~ 20 \u00e9vig fenntartani \uff0c<\/td>\n<\/tr>\n<tr>\n<td class=\"label\">T\u00e9tel:<\/td>\n<td> Alum\u00ednium extrud\u00e1lt profil\uff0c<\/td>\n<\/tr>\n<tr>\n<td class=\"label\">Specifik\u00e1ci\u00f3:<\/td>\n<td> 1m-9m vagy testreszabott m\u00e9ret\uff0c<\/td>\n<\/tr>\n<\/table>\n<h2>Gy\u00e1rt\u00f3 b\u00e1zisunk<\/h2>\n<h3>Gy\u00e1ri panor\u00e1ma<\/h3>\n<p><img decoding=\"async\" src=\"\/wp-content\/uploads\/factory-01.webp\"\/><\/p>\n<h3>Alum\u00ednium r\u00fadgy\u00e1rt\u00f3 m\u0171hely<\/h3>\n<p><img decoding=\"async\" src=\"\/wp-content\/uploads\/factory-02.webp\"\/><\/p>\n<\/p>\n<p><img decoding=\"async\" src=\"\/wp-content\/uploads\/factory-03.webp\"\/><\/p>\n<h3>Pen\u00e9sz rakt\u00e1r<\/h3>\n<p><img decoding=\"async\" src=\"\/wp-content\/uploads\/factory-04.webp\"\/><\/p>\n<h3>43 alum\u00ednium extrud\u00e1l\u00f3 vonal (500-5500 tonna)<\/h3>\n<p><img decoding=\"async\" src=\"\/wp-content\/uploads\/factory-05.webp\"\/><\/p>\n<p><img decoding=\"async\" src=\"\/wp-content\/uploads\/factory-06.webp\"\/><\/p>\n<p><img decoding=\"async\" src=\"\/wp-content\/uploads\/factory-07.webp\"\/><\/p>\n<h3>Porfest\u0151 m\u0171hely<\/h3>\n<p><img decoding=\"async\" src=\"\/wp-content\/uploads\/factory-09.webp\"\/><\/p>\n<h3>Anodiz\u00e1l\u00f3 m\u0171hely<\/h3>\n<p><img decoding=\"async\" src=\"\/wp-content\/uploads\/factory-10.webp\"\/><\/p>\n<h3>M\u00e9ly feldolgoz\u00e1si m\u0171hely<\/h3>\n<p><img decoding=\"async\" src=\"\/wp-content\/uploads\/factory-11.webp\"\/><\/p>\n<h3>CNC prec\u00edzi\u00f3s megmunk\u00e1l\u00f3 m\u0171hely<\/h3>\n<p><img decoding=\"async\" src=\"\/wp-content\/uploads\/factory-11.5.webp\"\/><\/p>\n<h3>K\u00e9szterm\u00e9k \u00e9s export rakt\u00e1r<\/h3>\n<p><img decoding=\"async\" src=\"\/wp-content\/uploads\/factory-12.webp\"\/><\/p>\n<p><img decoding=\"async\" src=\"\/wp-content\/uploads\/factory-13.webp\"\/><\/p>\n<p><img decoding=\"async\" src=\"\/wp-content\/uploads\/factory-14.webp\"\/><\/p>\n<h2>GYIK<\/h2>\n<p><b>1.Mi az elox\u00e1lt alum\u00ednium ipari profil?<\/b><\/p>\n<p>Az elox\u00e1lt alum\u00ednium ipari profil olyan alum\u00ednium extrud\u00e1lt term\u00e9k, amelyet a korr\u00f3zi\u00f3\u00e1ll\u00f3s\u00e1g, a tart\u00f3ss\u00e1g \u00e9s a fel\u00fclet eszt\u00e9tik\u00e1j\u00e1nak jav\u00edt\u00e1sa \u00e9rdek\u00e9ben elox\u00e1lt r\u00e9teggel kezelnek.\n<\/p>\n<p><\/p>\n<p><b>2.Mi\u00e9rt v\u00e1lassza az alum\u00ednium extrud\u00e1l\u00e1st ipari alkalmaz\u00e1sokhoz?<\/b><\/p>\n<p>Az alum\u00ednium extrud\u00e1l\u00e1s k\u00f6nny\u0171 szil\u00e1rds\u00e1got, pontoss\u00e1got \u00e9s rugalmass\u00e1got biztos\u00edt, \u00edgy ide\u00e1lis ipari szerkezeti \u00e9s mechanikai felhaszn\u00e1l\u00e1sra.\n<\/p>\n<p><\/p>\n<p><b>3.Mik az elox\u00e1lt alum\u00ednium extrud\u00e1l\u00e1s el\u0151nyei?<\/b><\/p>\n<p>Az elox\u00e1lt alum\u00ednium extrud\u00e1l\u00e1s kiv\u00e1l\u00f3 korr\u00f3zi\u00f3\u00e1ll\u00f3s\u00e1got, jobb megjelen\u00e9st \u00e9s hosszabb \u00e9lettartamot biztos\u00edt.\n<\/p>\n<p><\/p>\n<p><b>4.Az elox\u00e1lt alum\u00ednium alkalmas k\u00fclt\u00e9ri haszn\u00e1latra?<\/b><\/p>\n<p>Igen, az elox\u00e1lt alum\u00ednium ipari profilok rendk\u00edv\u00fcl ellen\u00e1ll\u00f3ak az id\u0151j\u00e1r\u00e1s viszontags\u00e1gaival szemben, \u00edgy ide\u00e1lisak k\u00fclt\u00e9ri alkalmaz\u00e1sokhoz.\n<\/p>\n<p><\/p>\n<p><b>5. testreszabhatom az alum\u00ednium profil alakj\u00e1t?<\/b><\/p>\n<p>Igen, az alum\u00ednium extrud\u00e1lt profilok egyedi ipari k\u00f6vetelm\u00e9nyeknek \u00e9s m\u00e9reteknek megfelel\u0151en tervezhet\u0151k.\n<\/p>\n<p><\/p>\n<p><b>6.Mennyire er\u0151s egy elox\u00e1lt alum\u00ednium profil?<\/b><\/p>\n<p>Az elox\u00e1lt alum\u00ednium profilok kiv\u00e1l\u00f3 szerkezeti integrit\u00e1st biztos\u00edtanak, mik\u00f6zben k\u00f6nny\u0171ek maradnak, ide\u00e1lisak a teherhord\u00f3 alkalmaz\u00e1sokhoz.\n<\/p>\n<p><\/p>\n<p><b>7.K\u00f6rnyezetbar\u00e1tok-e az elox\u00e1lt alum\u00ednium profilok?<\/b><\/p>\n<p>Igen, az elox\u00e1lt alum\u00ednium nem m\u00e9rgez\u0151, \u00fajrahasznos\u00edthat\u00f3 \u00e9s alacsony k\u00f6rnyezeti hat\u00e1ssal rendelkezik, \u00edgy fenntarthat\u00f3 v\u00e1laszt\u00e1s.\n<\/p>\n<p><\/p>\n<p><b>8.Hogyan jav\u00edtja az elox\u00e1l\u00e1s az alum\u00ednium teljes\u00edtm\u00e9ny\u00e9t?<\/b><\/p>\n<p>Az elox\u00e1l\u00e1s egy v\u00e9d\u0151 oxidr\u00e9teget hoz l\u00e9tre az alum\u00edniumon, ami n\u00f6veli a kem\u00e9nys\u00e9get, a korr\u00f3zi\u00f3\u00e1ll\u00f3s\u00e1got \u00e9s a kop\u00e1si teljes\u00edtm\u00e9nyt.\n<\/p>\n<p><\/p>","protected":false},"featured_media":6863,"template":"","categories":[67],"class_list":["post-6864","product","type-product","status-publish","has-post-thumbnail","hentry","category-architectural-aluminium-profile"],"meta_box":{"hilight_text_group":{"product_hilight_text":"<li>High corrosion resistance for long-lasting durability<\/li>\r\r\n<li>Precision extruded for consistent performance and fit<\/li>\r\r\n<li>Lightweight yet strong for structural applications<\/li>\r\r\n<li>Customizable profiles to meet specific industrial needs<\/li>\r\r\n<li>Excellent surface finish with anodized coating<\/li>\r\r\n<li>Eco-friendly and recyclable material<\/li>\r\r\n<li>Ideal for automation, construction, and machinery frameworks<\/li>","product_chanpin_blog":"<ul>\r\r\n<li><a href=\"https:\/\/sinoextrud.com\/t-slot-v-slot-differences\/\" target=\"_blank\">t slot vs v slot<\/a><\/li>\r\r\n<li><a href=\"https:\/\/sinoextrud.com\/what-is-4040-aluminium-extrud\/\" target=\"_blank\">4040 aluminium extrusion<\/a><\/li>\r\r\n<li><a href=\"https:\/\/sinoextrud.com\/what-is-4040-aluminium-extrud\/\" target=\"_blank\">aluminum extrusions for industrial racks<\/a><\/li>\r\r\n<li><a href=\"https:\/\/sinoextrud.com\/powder-coating-aluminium-process\/\" target=\"_blank\">powder coating aluminium<\/a><\/li>\r\r\n<li><a href=\"https:\/\/sinoextrud.com\/what-is-an-aluminium-strip-ceiling\/\" target=\"_blank\">aluminium strip ceiling<\/a><\/li>\r\r\n<li><a href=\"https:\/\/sinoextrud.com\/what-is-a-heat-sink\/\" target=\"_blank\">what is a heat sink<\/a><\/li>\r\r\n<\/ul>","product_chanpin_chanpin":"<li><a href=\"https:\/\/sinoextrud.com\/product\/aluminum-sunshading-profile\/\" target=\"_blank\">Aluminum Sunshading Profile<\/a><\/li>\r\n<li><a href=\"https:\/\/sinoextrud.com\/product\/industrial-customized-6063-t5-alloy-aluminium-extrusion-profile\/\" target=\"_blank\">Industrial Customized 6063-T5 Alloy Aluminium Extrusion Profile<\/a><\/li>\r\n<li><a href=\"https:\/\/sinoextrud.com\/product\/aluminium-round-tube-extrusion-profile-with-anodized-powder-coating-surface-treatment-oem-customized-extruded-aluminium-tube-profile\/\" target=\"_blank\">Aluminium Round Tube Extrusion Profile With Anodized Powder Coating Surface Treatment OEM Customized  Extruded Aluminium Tube Profile<\/a><\/li>\r\n<li><a href=\"https:\/\/sinoextrud.com\/product\/anodized-aluminium-industrial-profile-aluminum-extrusion\/\" target=\"_blank\">Anodized Aluminium Industrial Profile & Aluminum Extrusion<\/a><\/li>\r\n<li><a href=\"https:\/\/sinoextrud.com\/product\/anodized-aluminium-industrial-profile-aluminum-extrusion-2\/\" target=\"_blank\">Anodized Aluminium Industrial Profile  Aluminum Extrusion<\/a><\/li>\r\n<li><a href=\"https:\/\/sinoextrud.com\/product\/aluminium-frame-extrusion-profile-picture-frame-profile-for-interior-decoration-supplied-by-china-manufacturer\/\" target=\"_blank\">Aluminium Frame Extrusion Profile Picture Frame Profile for Interior Decoration Supplied By China Manufacturer<\/a><\/li>\r\n<li><a href=\"https:\/\/sinoextrud.com\/product\/aluminum-window-frame-extrusions\/\" target=\"_blank\">Aluminum Window Frame Extrusions<\/a><\/li>\r\n<li><a href=\"https:\/\/sinoextrud.com\/product\/6063-cnc-machining-aluminum-extrusion-hinge\/\" target=\"_blank\">6063 CNC Machining Aluminum Extrusion Hinge<\/a><\/li>\r\n<li><a href=\"https:\/\/sinoextrud.com\/product\/aluminium-track-extrusions\/\" target=\"_blank\">Aluminium Track Extrusions<\/a><\/li>\r\n<li><a href=\"https:\/\/sinoextrud.com\/product\/thin-wall-extruded-aluminum-tubing\/\" target=\"_blank\">Thin Wall Extruded Aluminum Tubing<\/a><\/li>\r\n<li><a href=\"https:\/\/sinoextrud.com\/product\/customize-extruded-aluminium-shower-profiles\/\" target=\"_blank\">Customize Extruded Aluminium Shower Profiles<\/a><\/li>"},"feature_list":[]},"_links":{"self":[{"href":"https:\/\/sinoextrud.com\/hu\/wp-json\/wp\/v2\/product\/6864","targetHints":{"allow":["GET"]}}],"collection":[{"href":"https:\/\/sinoextrud.com\/hu\/wp-json\/wp\/v2\/product"}],"about":[{"href":"https:\/\/sinoextrud.com\/hu\/wp-json\/wp\/v2\/types\/product"}],"wp:featuredmedia":[{"embeddable":true,"href":"https:\/\/sinoextrud.com\/hu\/wp-json\/wp\/v2\/media\/6863"}],"wp:attachment":[{"href":"https:\/\/sinoextrud.com\/hu\/wp-json\/wp\/v2\/media?parent=6864"}],"wp:term":[{"taxonomy":"category","embeddable":true,"href":"https:\/\/sinoextrud.com\/hu\/wp-json\/wp\/v2\/categories?post=6864"}],"curies":[{"name":"wp","href":"https:\/\/api.w.org\/{rel}","templated":true}]}}