{"id":6860,"date":"2025-06-03T02:48:04","date_gmt":"2025-06-03T02:48:04","guid":{"rendered":"https:\/\/sinoextrud.com\/product\/aluminium-round-tube-extrusion-profile-with-anodized-powder-coating-surface-treatment-oem-customized-extruded-aluminium-tube-profile\/"},"modified":"2025-06-24T06:11:52","modified_gmt":"2025-06-24T06:11:52","slug":"aluminium-kerek-cso-extrudalt-profil-eloxalt-porszort-feluletkezelessel-oem-testreszabott-extrudalt-aluminium-csoprofil","status":"publish","type":"product","link":"https:\/\/sinoextrud.com\/hu\/product\/aluminium-round-tube-extrusion-profile-with-anodized-powder-coating-surface-treatment-oem-customized-extruded-aluminium-tube-profile\/","title":{"rendered":"Alum\u00ednium kerek cs\u0151 extrud\u00e1lt profil elox\u00e1lt porbevonat\u00fa fel\u00fcletkezel\u00e9ssel OEM testreszabott extrud\u00e1lt alum\u00ednium cs\u0151 profilja"},"content":{"rendered":"<h2>Term\u00e9kek r\u00e9szletei<\/h2>\n<table class=\"custom-table\">\n<tr>\n<td class=\"label\">T\u00e9tel:<\/td>\n<td> Alum\u00ednium kerek cs\u0151 extrud\u00e1lt profil elox\u00e1lt porbevonat\u00fa fel\u00fcletkezel\u00e9ssel OEM testreszabott \/ extrud\u00e1lt alum\u00ednium cs\u0151profil, OEM testreszabott \/ extrud\u00e1lt alum\u00ednium cs\u0151profil<\/td>\n<\/tr>\n<tr>\n<td class=\"label\">Anyagok:<\/td>\n<td> 6063\/6061\uff0c<\/td>\n<\/tr>\n<tr>\n<td class=\"label\">Lelkiismeretesen:<\/td>\n<td> T4, T5, T6\uff0c<\/td>\n<\/tr>\n<tr>\n<td class=\"label\">Falvastags\u00e1g:<\/td>\n<td> 0,8 \u00e9s 1,2 mm k\u00f6z\u00f6tt, vagy szem\u00e9lyre szabottan\uff0c<\/td>\n<\/tr>\n<tr>\n<td class=\"label\">\u00c1ltal\u00e1nos hossz:<\/td>\n<td> 1-9m, vagy szem\u00e9lyre szabottan<\/td>\n<\/tr>\n<tr>\n<td class=\"label\">Oszt\u00e1ly:<\/td>\n<td> 6000-es sorozat\uff0c<\/td>\n<\/tr>\n<tr>\n<td class=\"label\">\u00f6tv\u00f6zet:<\/td>\n<td> Alloy\uff0c<\/td>\n<\/tr>\n<tr>\n<td class=\"label\">Eredet:<\/td>\n<td> Foshan, K\u00edna\uff0c<\/td>\n<\/tr>\n<tr>\n<td class=\"label\">Fel\u00fcletkezel\u00e9s:<\/td>\n<td> mint k\u00f6vetelm\u00e9ny\uff0c<\/td>\n<\/tr>\n<tr>\n<td class=\"label\">V\u00e9djegy:<\/td>\n<td> Sinoextrud (Sinoextrud) \/ OEM\uff0c<\/td>\n<\/tr>\n<tr>\n<td class=\"label\">T\u00edpus:<\/td>\n<td> Alum\u00ednium kerek cs\u0151 profil\uff0c<\/td>\n<\/tr>\n<\/table>\n<h2>Gy\u00e1rt\u00f3 b\u00e1zisunk<\/h2>\n<h3>Gy\u00e1ri panor\u00e1ma<\/h3>\n<p><img decoding=\"async\" src=\"\/wp-content\/uploads\/factory-01.webp\"\/><\/p>\n<h3>Alum\u00ednium r\u00fadgy\u00e1rt\u00f3 m\u0171hely<\/h3>\n<p><img decoding=\"async\" src=\"\/wp-content\/uploads\/factory-02.webp\"\/><\/p>\n<\/p>\n<p><img decoding=\"async\" src=\"\/wp-content\/uploads\/factory-03.webp\"\/><\/p>\n<h3>Pen\u00e9sz rakt\u00e1r<\/h3>\n<p><img decoding=\"async\" src=\"\/wp-content\/uploads\/factory-04.webp\"\/><\/p>\n<h3>43 alum\u00ednium extrud\u00e1l\u00f3 vonal (500-5500 tonna)<\/h3>\n<p><img decoding=\"async\" src=\"\/wp-content\/uploads\/factory-05.webp\"\/><\/p>\n<p><img decoding=\"async\" src=\"\/wp-content\/uploads\/factory-06.webp\"\/><\/p>\n<p><img decoding=\"async\" src=\"\/wp-content\/uploads\/factory-07.webp\"\/><\/p>\n<h3>Porfest\u0151 m\u0171hely<\/h3>\n<p><img decoding=\"async\" src=\"\/wp-content\/uploads\/factory-09.webp\"\/><\/p>\n<h3>Anodiz\u00e1l\u00f3 m\u0171hely<\/h3>\n<p><img decoding=\"async\" src=\"\/wp-content\/uploads\/factory-10.webp\"\/><\/p>\n<h3>M\u00e9ly feldolgoz\u00e1si m\u0171hely<\/h3>\n<p><img decoding=\"async\" src=\"\/wp-content\/uploads\/factory-11.webp\"\/><\/p>\n<h3>CNC prec\u00edzi\u00f3s megmunk\u00e1l\u00f3 m\u0171hely<\/h3>\n<p><img decoding=\"async\" src=\"\/wp-content\/uploads\/factory-11.5.webp\"\/><\/p>\n<h3>K\u00e9szterm\u00e9k \u00e9s export rakt\u00e1r<\/h3>\n<p><img decoding=\"async\" src=\"\/wp-content\/uploads\/factory-12.webp\"\/><\/p>\n<p><img decoding=\"async\" src=\"\/wp-content\/uploads\/factory-13.webp\"\/><\/p>\n<p><img decoding=\"async\" src=\"\/wp-content\/uploads\/factory-14.webp\"\/><\/p>\n<h2>GYIK<\/h2>\n<p><b>1.Mi az alum\u00ednium kerek cs\u0151 extrud\u00e1lt profil? <\/b><\/p>\n<p> Ez egy extrud\u00e1l\u00e1ssal l\u00e9trehozott hengeres, \u00fcreges alum\u00edniumprofil, amelyet szerkezeti al\u00e1t\u00e1maszt\u00e1sra, folyad\u00e9k\u00e1tvitelre \u00e9s dekorat\u00edv elemekre haszn\u00e1lnak.\n<\/p>\n<p><\/p>\n<p><b>2.Milyen fel\u00fcletkezel\u00e9sek \u00e1llnak rendelkez\u00e9sre az alum\u00ednium cs\u0151profilokhoz? <\/b><\/p>\n<p> A gyakori kezel\u00e9sek k\u00f6z\u00e9 tartozik az elox\u00e1l\u00e1s (a korr\u00f3zi\u00f3\u00e1ll\u00f3s\u00e1g \u00e9s a sz\u00edn), valamint a porfest\u00e9s (a fokozott tart\u00f3ss\u00e1g \u00e9s az egyedi eszt\u00e9tika \u00e9rdek\u00e9ben).\n<\/p>\n<p><\/p>\n<p><b>3.Milyen \u00f6tv\u00f6zeteket haszn\u00e1lnak jellemz\u0151en kerek alum\u00edniumcs\u00f6vekhez? <\/b><\/p>\n<p> A 6063 \u00e9s 6061 \u00f6tv\u00f6zeteket haszn\u00e1lj\u00e1k leggyakrabban kiv\u00e1l\u00f3 szil\u00e1rds\u00e1guk, megmunk\u00e1lhat\u00f3s\u00e1guk \u00e9s korr\u00f3zi\u00f3\u00e1ll\u00f3s\u00e1guk miatt.\n<\/p>\n<p><\/p>\n<p><b>4.Testreszabhatom az extrud\u00e1lt alum\u00ednium kerek cs\u00f6vek m\u00e9ret\u00e9t? <\/b><\/p>\n<p> Igen, az OEM-gy\u00e1rt\u00f3k egyedi \u00e1tm\u00e9r\u0151ket, falvastags\u00e1gokat \u00e9s hossz\u00fas\u00e1gokat k\u00edn\u00e1lnak az egyedi tervez\u00e9si vagy szerkezeti k\u00f6vetelm\u00e9nyeknek megfelel\u0151en.\n<\/p>\n<p><\/p>\n<p><b>5.Alkalmasak-e az elox\u00e1lt alum\u00edniumcs\u00f6vek k\u00fclt\u00e9ri haszn\u00e1latra? <\/b><\/p>\n<p> Az elox\u00e1lt \u00e9s porsz\u00f3rt cs\u00f6vek kiv\u00e1l\u00f3 UV- \u00e9s id\u0151j\u00e1r\u00e1s\u00e1ll\u00f3s\u00e1got biztos\u00edtanak, ide\u00e1lisak k\u00fclt\u00e9ri alkalmaz\u00e1sokhoz.\n<\/p>\n<p><\/p>\n<p><b>6.Melyek a kerek alum\u00ednium cs\u0151profilok tipikus felhaszn\u00e1l\u00e1si ter\u00fcletei? <\/b><\/p>\n<p> Ezeket a profilokat b\u00fatorv\u00e1zakban, f\u00fcgg\u00f6nyrudakban, sporteszk\u00f6z\u00f6kben, szerkezeti v\u00e1zszerkezetekben \u00e9s ipari cs\u0151rendszerekben haszn\u00e1lj\u00e1k.\n<\/p>\n<p><\/p>\n<p><b>7.Hogyan szerelik vagy k\u00f6tik \u00f6ssze az alum\u00ednium cs\u0151profilokat? <\/b><\/p>\n<p> Az alkalmaz\u00e1st\u00f3l f\u00fcgg\u0151en v\u00e1ghat\u00f3k, f\u00farhat\u00f3k, hegeszthet\u0151k, vagy mechanikus k\u00f6t\u0151elemek vagy alum\u00ednium csatlakoz\u00f3k seg\u00edts\u00e9g\u00e9vel csatlakoztathat\u00f3k.\n<\/p>\n<p><\/p>\n<p><b>8.Hol szerezhetek be OEM extrud\u00e1lt alum\u00ednium kerek cs\u00f6veket? <\/b><\/p>\n<p> A vezet\u0151 k\u00ednai gy\u00e1rt\u00f3k egyedi alum\u00ednium cs\u0151profilokat sz\u00e1ll\u00edtanak \u00f6mlesztve, k\u00fcl\u00f6nb\u00f6z\u0151 fel\u00fcletkezel\u00e9sekkel \u00e9s glob\u00e1lis sz\u00e1ll\u00edt\u00e1ssal.\n<\/p>\n<p><\/p>","protected":false},"featured_media":6859,"template":"","categories":[67],"class_list":["post-6860","product","type-product","status-publish","has-post-thumbnail","hentry","category-architectural-aluminium-profile"],"meta_box":{"hilight_text_group":{"product_hilight_text":"<li>High-quality aluminium round tube extrusion profiles with anodized or powder-coated surface treatments<\/li>\r\r\n<li>Manufactured using 6061 or 6063 alloy for strength, corrosion resistance, and formability<\/li>\r\r\n<li>OEM customized dimensions, wall thicknesses, and lengths for structural, decorative, and mechanical uses<\/li>\r\r\n<li>Available in a variety of finishes including clear anodized, black, bronze, silver, and custom powder coating<\/li>\r\r\n<li>Widely used in construction, furniture, transportation, and industrial piping systems<\/li>","product_chanpin_blog":"<ul>\r\r\n<li><a href=\"https:\/\/sinoextrud.com\/t-slot-v-slot-differences\/\" target=\"_blank\">t slot vs v slot<\/a><\/li>\r\r\n<li><a href=\"https:\/\/sinoextrud.com\/what-is-4040-aluminium-extrud\/\" target=\"_blank\">4040 aluminium extrusion<\/a><\/li>\r\r\n<li><a href=\"https:\/\/sinoextrud.com\/what-is-4040-aluminium-extrud\/\" target=\"_blank\">aluminum extrusions for industrial racks<\/a><\/li>\r\r\n<li><a href=\"https:\/\/sinoextrud.com\/powder-coating-aluminium-process\/\" target=\"_blank\">powder coating aluminium<\/a><\/li>\r\r\n<li><a href=\"https:\/\/sinoextrud.com\/what-is-an-aluminium-strip-ceiling\/\" target=\"_blank\">aluminium strip ceiling<\/a><\/li>\r\r\n<li><a href=\"https:\/\/sinoextrud.com\/what-is-a-heat-sink\/\" target=\"_blank\">what is a heat sink<\/a><\/li>\r\r\n<\/ul>","product_chanpin_chanpin":"<li><a href=\"https:\/\/sinoextrud.com\/product\/aluminium-z-section-extrusions\/\" target=\"_blank\">Aluminium Z Section Extrusions<\/a><\/li>\r\n<li><a href=\"https:\/\/sinoextrud.com\/product\/6063-t5-aluminum-extruded-profiles\/\" target=\"_blank\">6063 T5 Aluminum Extruded Profiles<\/a><\/li>\r\n<li><a href=\"https:\/\/sinoextrud.com\/product\/aluminum-sunshading-profile\/\" target=\"_blank\">Aluminum Sunshading Profile<\/a><\/li>\r\n<li><a href=\"https:\/\/sinoextrud.com\/product\/industrial-customized-6063-t5-alloy-aluminium-extrusion-profile\/\" target=\"_blank\">Industrial Customized 6063-T5 Alloy Aluminium Extrusion Profile<\/a><\/li>\r\n<li><a href=\"https:\/\/sinoextrud.com\/product\/aluminium-round-tube-extrusion-profile-with-anodized-powder-coating-surface-treatment-oem-customized-extruded-aluminium-tube-profile\/\" target=\"_blank\">Aluminium Round Tube Extrusion Profile With Anodized Powder Coating Surface Treatment OEM Customized  Extruded Aluminium Tube Profile<\/a><\/li>\r\n<li><a href=\"https:\/\/sinoextrud.com\/product\/anodized-aluminium-industrial-profile-aluminum-extrusion\/\" target=\"_blank\">Anodized Aluminium Industrial Profile & Aluminum Extrusion<\/a><\/li>\r\n<li><a href=\"https:\/\/sinoextrud.com\/product\/anodized-aluminium-industrial-profile-aluminum-extrusion-2\/\" target=\"_blank\">Anodized Aluminium Industrial Profile  Aluminum Extrusion<\/a><\/li>\r\n<li><a href=\"https:\/\/sinoextrud.com\/product\/aluminium-frame-extrusion-profile-picture-frame-profile-for-interior-decoration-supplied-by-china-manufacturer\/\" target=\"_blank\">Aluminium Frame Extrusion Profile Picture Frame Profile for Interior Decoration Supplied By China Manufacturer<\/a><\/li>\r\n<li><a href=\"https:\/\/sinoextrud.com\/product\/aluminum-window-frame-extrusions\/\" target=\"_blank\">Aluminum Window Frame Extrusions<\/a><\/li>\r\n<li><a href=\"https:\/\/sinoextrud.com\/product\/aluminum-extrusion-electrophoresis-aluminum-tube\/\" target=\"_blank\">Aluminum Extrusion Electrophoresis Aluminum Tube<\/a><\/li>\r\n<li><a href=\"https:\/\/sinoextrud.com\/product\/v-slot-rail-aluminum-profile-extrusion\/\" target=\"_blank\">V Slot Rail Aluminum Profile Extrusion<\/a><\/li>"},"feature_list":[]},"_links":{"self":[{"href":"https:\/\/sinoextrud.com\/hu\/wp-json\/wp\/v2\/product\/6860","targetHints":{"allow":["GET"]}}],"collection":[{"href":"https:\/\/sinoextrud.com\/hu\/wp-json\/wp\/v2\/product"}],"about":[{"href":"https:\/\/sinoextrud.com\/hu\/wp-json\/wp\/v2\/types\/product"}],"wp:featuredmedia":[{"embeddable":true,"href":"https:\/\/sinoextrud.com\/hu\/wp-json\/wp\/v2\/media\/6859"}],"wp:attachment":[{"href":"https:\/\/sinoextrud.com\/hu\/wp-json\/wp\/v2\/media?parent=6860"}],"wp:term":[{"taxonomy":"category","embeddable":true,"href":"https:\/\/sinoextrud.com\/hu\/wp-json\/wp\/v2\/categories?post=6860"}],"curies":[{"name":"wp","href":"https:\/\/api.w.org\/{rel}","templated":true}]}}