{"id":6858,"date":"2025-06-03T02:38:16","date_gmt":"2025-06-03T02:38:16","guid":{"rendered":"https:\/\/sinoextrud.com\/product\/industrial-customized-6063-t5-alloy-aluminium-extrusion-profile\/"},"modified":"2025-06-24T06:11:51","modified_gmt":"2025-06-24T06:11:51","slug":"ipari-testreszabott-6063-t5-otvozott-aluminium-extrudalt-profil","status":"publish","type":"product","link":"https:\/\/sinoextrud.com\/hu\/product\/industrial-customized-6063-t5-alloy-aluminium-extrusion-profile\/","title":{"rendered":"Ipari testreszabott 6063-T5 \u00f6tv\u00f6z\u00f6tt alum\u00ednium extrud\u00e1l\u00e1si profil"},"content":{"rendered":"<h2>Term\u00e9kek r\u00e9szletei<\/h2>\n<table class=\"custom-table\">\n<tr>\n<td class=\"label\">Alak:<\/td>\n<td> sz\u00fcks\u00e9g szerint<\/td>\n<\/tr>\n<tr>\n<td class=\"label\">T\u00e9tel:<\/td>\n<td>Ipari alum\u00ednium profil<\/td>\n<\/tr>\n<tr>\n<td class=\"label\">Lelkiismeretesen:<\/td>\n<td> T5\/T6<\/td>\n<\/tr>\n<tr>\n<td class=\"label\">\u00f6tv\u00f6zet:<\/td>\n<td> \u00d6tv\u00f6zet<\/td>\n<\/tr>\n<tr>\n<td class=\"label\">\u00d6tv\u00f6z\u0151 \u00f6sszetev\u0151:<\/td>\n<td> 6063<\/td>\n<\/tr>\n<tr>\n<td class=\"label\">Legnth:<\/td>\n<td> 3~6 m\u00e9ter vagy sz\u00fcks\u00e9g szerint<\/td>\n<\/tr>\n<tr>\n<td class=\"label\">M\u00e9ret:<\/td>\n<td> Testreszabott<\/td>\n<\/tr>\n<tr>\n<td class=\"label\">Pol\u00edrozott alum\u00ednium profil:<\/td>\n<td> Mechanikai pol\u00edroz\u00e1s<\/td>\n<\/tr>\n<tr>\n<td class=\"label\">Gy\u00e1rt\u00e1si id\u0151:<\/td>\n<td> 20-25 nap<\/td>\n<\/tr>\n<tr>\n<td class=\"label\">Extrud\u00e1l\u00f3 \u00f6nt\u0151forma ideje:<\/td>\n<td> 10-18 nap<\/td>\n<\/tr>\n<tr>\n<td class=\"label\">Extra szolg\u00e1ltat\u00e1s:<\/td>\n<td> OEM<\/td>\n<\/tr>\n<tr>\n<td class=\"label\">Sz\u00e1ll\u00edt\u00e1si csomag:<\/td>\n<td> Szabv\u00e1nyos exportcsomagol\u00e1s<\/td>\n<\/tr>\n<tr>\n<td class=\"label\">Specifik\u00e1ci\u00f3:<\/td>\n<td> GBT6892-2000<\/td>\n<\/tr>\n<tr>\n<td class=\"label\">Oszt\u00e1ly:<\/td>\n<td> 6063, 6005, 6061, 6082<\/td>\n<\/tr>\n<tr>\n<td class=\"label\">Tan\u00fas\u00edt\u00e1s:<\/td>\n<td> CE, ISO, TUV<\/td>\n<\/tr>\n<tr>\n<td class=\"label\">Feldolgoz\u00e1s:<\/td>\n<td> Min\u0151s\u00e9gi alum\u00ednium extrud\u00e1l\u00e1si folyamat<\/td>\n<\/tr>\n<tr>\n<td class=\"label\">Fob Port:<\/td>\n<td> Shenzhen, Foshan, Guangzhou<\/td>\n<\/tr>\n<tr>\n<td class=\"label\">Eredet:<\/td>\n<td> Foshan, K\u00edna<\/td>\n<\/tr>\n<\/table>\n<h2>Gy\u00e1rt\u00f3 b\u00e1zisunk<\/h2>\n<h3>Gy\u00e1ri panor\u00e1ma<\/h3>\n<p><img decoding=\"async\" src=\"\/wp-content\/uploads\/factory-01.webp\"\/><\/p>\n<h3>Alum\u00ednium r\u00fadgy\u00e1rt\u00f3 m\u0171hely<\/h3>\n<p><img decoding=\"async\" src=\"\/wp-content\/uploads\/factory-02.webp\"\/><\/p>\n<p><img decoding=\"async\" src=\"\/wp-content\/uploads\/factory-03.webp\"\/><\/p>\n<h3>Pen\u00e9sz rakt\u00e1r<\/h3>\n<p><img decoding=\"async\" src=\"\/wp-content\/uploads\/factory-04.webp\"\/><\/p>\n<h3>43 alum\u00ednium extrud\u00e1l\u00f3 vonal (500-5500 tonna)<\/h3>\n<p><img decoding=\"async\" src=\"\/wp-content\/uploads\/factory-05.webp\"\/><\/p>\n<p><img decoding=\"async\" src=\"\/wp-content\/uploads\/factory-06.webp\"\/><\/p>\n<p><img decoding=\"async\" src=\"\/wp-content\/uploads\/factory-07.webp\"\/><\/p>\n<h3>Porfest\u0151 m\u0171hely<\/h3>\n<p><img decoding=\"async\" src=\"\/wp-content\/uploads\/factory-09.webp\"\/><\/p>\n<h3>Anodiz\u00e1l\u00f3 m\u0171hely<\/h3>\n<p><img decoding=\"async\" src=\"\/wp-content\/uploads\/factory-10.webp\"\/><\/p>\n<h3>M\u00e9ly feldolgoz\u00e1si m\u0171hely<\/h3>\n<p><img decoding=\"async\" src=\"\/wp-content\/uploads\/factory-11.webp\"\/><\/p>\n<h3>CNC prec\u00edzi\u00f3s megmunk\u00e1l\u00f3 m\u0171hely<\/h3>\n<p><img decoding=\"async\" src=\"\/wp-content\/uploads\/factory-11.5.webp\"\/><\/p>\n<h3>K\u00e9szterm\u00e9k \u00e9s export rakt\u00e1r<\/h3>\n<p><img decoding=\"async\" src=\"\/wp-content\/uploads\/factory-12.webp\"\/><\/p>\n<p><img decoding=\"async\" src=\"\/wp-content\/uploads\/factory-13.webp\"\/><\/p>\n<p><img decoding=\"async\" src=\"\/wp-content\/uploads\/factory-14.webp\"\/><\/p>\n<h2>GYIK<\/h2>\n<p><p><b>1.Mi az egyedi ipari alum\u00ednium extrud\u00e1lt profil? <\/b><\/p>\n<p> Ez egy olyan testre szabott alum\u00edniumprofil, amelyet speci\u00e1lis ipari alkalmaz\u00e1sokhoz, p\u00e9ld\u00e1ul g\u00e9pekhez, \u00e9p\u00edt\u0151iparhoz \u00e9s automatiz\u00e1l\u00e1si rendszerekhez terveztek.<br \/>\n<\/p><br \/>\n<br \/>\n<p><b>2.Mi\u00e9rt haszn\u00e1lja a 6063-T5 \u00f6tv\u00f6zetet az ipari alum\u00ednium profilokhoz? <\/b><\/p>\n<p> A 6063-T5 j\u00f3 mechanikai szil\u00e1rds\u00e1got, kiv\u00e1l\u00f3 korr\u00f3zi\u00f3\u00e1ll\u00f3s\u00e1got \u00e9s kiv\u00e1l\u00f3 min\u0151s\u00e9g\u0171 fel\u00fcletet biztos\u00edt, \u00edgy ide\u00e1lis a pontoss\u00e1got \u00e9s tart\u00f3ss\u00e1got ig\u00e9nyl\u0151 extrud\u00e1l\u00e1sokhoz.<br \/>\n<\/p><br \/>\n<br \/>\n<p><b>3.Lehet-e testre szabni az extrud\u00e1l\u00e1si profilokat? <\/b><\/p>\n<p> Igen, a gy\u00e1rt\u00f3k teljes k\u00f6r\u0171 OEM-szolg\u00e1ltat\u00e1sokat k\u00edn\u00e1lnak, bele\u00e9rtve az egyedi form\u00e1kat, hossz\u00fas\u00e1gokat, falvastags\u00e1gokat \u00e9s megmunk\u00e1l\u00e1st az egyedi projektig\u00e9nyeknek megfelel\u0151en.<br \/>\n<\/p><br \/>\n<br \/>\n<p><b>4.Milyen t\u00edpus\u00fa kivitelek \u00e1llnak rendelkez\u00e9sre? <\/b><\/p>\n<p> A kivitelek k\u00f6z\u00e9 tartozik az elox\u00e1l\u00e1s, a porfest\u00e9s, az ecsetel\u00e9s, a homokf\u00fav\u00e1s \u00e9s a mar\u00e1s a megjelen\u00e9s \u00e9s a k\u00f6rnyezeti ellen\u00e1ll\u00e1s fokoz\u00e1sa \u00e9rdek\u00e9ben.<br \/>\n<\/p><br \/>\n<br \/>\n<p><b>5.Milyen ipar\u00e1gak haszn\u00e1lj\u00e1k az egyedi alum\u00ednium profilokat? <\/b><\/p>\n<p> Ezeket a profilokat sz\u00e9les k\u00f6rben haszn\u00e1lj\u00e1k az \u00e9p\u00edt\u0151iparban, az automatiz\u00e1l\u00e1sban, az elektronik\u00e1ban, a HVAC-rendszerekben, a k\u00f6zleked\u00e9sben \u00e9s az ipari gy\u00e1rt\u00e1sban.<br \/>\n<\/p><br \/>\n<br \/>\n<p><b>6.Ezek a profilok kompatibilisek a modul\u00e1ris szerel\u0151rendszerekkel? <\/b><\/p>\n<p> Igen, sok ipari alum\u00edniumprofil \u00fagy van kialak\u00edtva, hogy kompatibilis legyen a T-ny\u00edl\u00e1s\u00fa vagy m\u00e1s modul\u00e1ris keretrendszerekkel.<br \/>\n<\/p><br \/>\n<br \/>\n<p><b>7.Milyen t\u0171r\u00e9sek \u00e9rhet\u0151k el az egyedi extrud\u00e1l\u00e1sokn\u00e1l? <\/b><\/p>\n<p> A nagy pontoss\u00e1g\u00fa extrud\u00e1l\u00e1s szoros t\u0171r\u00e9seket tesz lehet\u0151v\u00e9, amelyek alkalmasak az ig\u00e9nyes ipari \u00e9s m\u0171szaki alkalmaz\u00e1sokhoz.<br \/>\n<\/p><br \/>\n<br \/>\n<p><b>8.Hol rendelhetek egyedi 6063-T5 alum\u00ednium profilokat \u00f6mlesztve? <\/b><\/p>\n<p> A magas szint\u0171 k\u00ednai gy\u00e1rt\u00f3k versenyk\u00e9pes \u00e1rakat, min\u0151s\u00e9gbiztos\u00edt\u00e1st \u00e9s nagy mennyis\u00e9g\u0171 OEM-gy\u00e1rt\u00e1st biztos\u00edtanak a nemzetk\u00f6zi ipari \u00fcgyfelek sz\u00e1m\u00e1ra.<br \/>\n<\/p><br \/><\/p>","protected":false},"featured_media":6857,"template":"","categories":[67],"class_list":["post-6858","product","type-product","status-publish","has-post-thumbnail","hentry","category-architectural-aluminium-profile"],"meta_box":{"hilight_text_group":{"product_hilight_text":"<li>Industrial-grade customized aluminum extrusion profiles made from 6063-T5 alloy<\/li>\r\r\n<li>Tailored designs and dimensions for machine frames, automation systems, enclosures, and construction use<\/li>\r\r\n<li>Excellent corrosion resistance and surface finish with medium strength suitable for complex extrusions<\/li>\r\r\n<li>Available in anodized, powder-coated, or mill finish for various functional and aesthetic requirements<\/li>\r\r\n<li>OEM manufacturing with tight tolerances and high consistency for industrial and engineering applications<\/li>","product_chanpin_blog":"<ul>\r\r\n<li><a href=\"https:\/\/sinoextrud.com\/t-slot-v-slot-differences\/\" target=\"_blank\">t slot vs v slot<\/a><\/li>\r\r\n<li><a href=\"https:\/\/sinoextrud.com\/what-is-4040-aluminium-extrud\/\" target=\"_blank\">4040 aluminium extrusion<\/a><\/li>\r\r\n<li><a href=\"https:\/\/sinoextrud.com\/what-is-4040-aluminium-extrud\/\" target=\"_blank\">aluminum extrusions for industrial racks<\/a><\/li>\r\r\n<li><a href=\"https:\/\/sinoextrud.com\/powder-coating-aluminium-process\/\" target=\"_blank\">powder coating aluminium<\/a><\/li>\r\r\n<li><a href=\"https:\/\/sinoextrud.com\/what-is-an-aluminium-strip-ceiling\/\" target=\"_blank\">aluminium strip ceiling<\/a><\/li>\r\r\n<li><a href=\"https:\/\/sinoextrud.com\/what-is-a-heat-sink\/\" target=\"_blank\">what is a heat sink<\/a><\/li>\r\r\n<\/ul>","product_chanpin_chanpin":"<li><a href=\"https:\/\/sinoextrud.com\/product\/aluminium-profile-for-glass-roof\/\" target=\"_blank\">Aluminium Profile For Glass Roof<\/a><\/li>\r\n<li><a href=\"https:\/\/sinoextrud.com\/product\/aluminium-z-section-extrusions\/\" target=\"_blank\">Aluminium Z Section Extrusions<\/a><\/li>\r\n<li><a href=\"https:\/\/sinoextrud.com\/product\/6063-t5-aluminum-extruded-profiles\/\" target=\"_blank\">6063 T5 Aluminum Extruded Profiles<\/a><\/li>\r\n<li><a href=\"https:\/\/sinoextrud.com\/product\/aluminum-sunshading-profile\/\" target=\"_blank\">Aluminum Sunshading Profile<\/a><\/li>\r\n<li><a href=\"https:\/\/sinoextrud.com\/product\/industrial-customized-6063-t5-alloy-aluminium-extrusion-profile\/\" target=\"_blank\">Industrial Customized 6063-T5 Alloy Aluminium Extrusion Profile<\/a><\/li>\r\n<li><a href=\"https:\/\/sinoextrud.com\/product\/aluminium-round-tube-extrusion-profile-with-anodized-powder-coating-surface-treatment-oem-customized-extruded-aluminium-tube-profile\/\" target=\"_blank\">Aluminium Round Tube Extrusion Profile With Anodized Powder Coating Surface Treatment OEM Customized  Extruded Aluminium Tube Profile<\/a><\/li>\r\n<li><a href=\"https:\/\/sinoextrud.com\/product\/anodized-aluminium-industrial-profile-aluminum-extrusion\/\" target=\"_blank\">Anodized Aluminium Industrial Profile & Aluminum Extrusion<\/a><\/li>\r\n<li><a href=\"https:\/\/sinoextrud.com\/product\/anodized-aluminium-industrial-profile-aluminum-extrusion-2\/\" target=\"_blank\">Anodized Aluminium Industrial Profile  Aluminum Extrusion<\/a><\/li>\r\n<li><a href=\"https:\/\/sinoextrud.com\/product\/aluminium-frame-extrusion-profile-picture-frame-profile-for-interior-decoration-supplied-by-china-manufacturer\/\" target=\"_blank\">Aluminium Frame Extrusion Profile Picture Frame Profile for Interior Decoration Supplied By China Manufacturer<\/a><\/li>\r\n<li><a href=\"https:\/\/sinoextrud.com\/product\/structural-aluminium-extrusions\/\" target=\"_blank\">Structural Aluminium Extrusions<\/a><\/li>\r\n<li><a href=\"https:\/\/sinoextrud.com\/product\/large-aluminum-extrusion\/\" target=\"_blank\">Large Aluminum Extrusion<\/a><\/li>"},"feature_list":[]},"_links":{"self":[{"href":"https:\/\/sinoextrud.com\/hu\/wp-json\/wp\/v2\/product\/6858","targetHints":{"allow":["GET"]}}],"collection":[{"href":"https:\/\/sinoextrud.com\/hu\/wp-json\/wp\/v2\/product"}],"about":[{"href":"https:\/\/sinoextrud.com\/hu\/wp-json\/wp\/v2\/types\/product"}],"wp:featuredmedia":[{"embeddable":true,"href":"https:\/\/sinoextrud.com\/hu\/wp-json\/wp\/v2\/media\/6857"}],"wp:attachment":[{"href":"https:\/\/sinoextrud.com\/hu\/wp-json\/wp\/v2\/media?parent=6858"}],"wp:term":[{"taxonomy":"category","embeddable":true,"href":"https:\/\/sinoextrud.com\/hu\/wp-json\/wp\/v2\/categories?post=6858"}],"curies":[{"name":"wp","href":"https:\/\/api.w.org\/{rel}","templated":true}]}}