{"id":6855,"date":"2025-06-03T02:31:45","date_gmt":"2025-06-03T02:31:45","guid":{"rendered":"https:\/\/sinoextrud.com\/product\/aluminum-sunshading-profile\/"},"modified":"2025-06-24T06:11:51","modified_gmt":"2025-06-24T06:11:51","slug":"aluminium-napellenzo-profil","status":"publish","type":"product","link":"https:\/\/sinoextrud.com\/hu\/product\/aluminum-sunshading-profile\/","title":{"rendered":"Alum\u00ednium napellenz\u0151 profil"},"content":{"rendered":"<h2>Term\u00e9kek r\u00e9szletei<\/h2>\n<table class=\"custom-table\">\n<tr>\n<td class=\"label\">\u00f6tv\u00f6zet:<\/td>\n<td>6063,6061,6060,6005,6082,6463,7075<\/td>\n<\/tr>\n<tr>\n<td class=\"label\">Temperamentum :<\/td>\n<td>T5,T6,T4<\/td>\n<\/tr>\n<tr>\n<td class=\"label\">Szabv\u00e1nyos:<\/td>\n<td>DIN,AAMA,AS,CHINAGB<\/td>\n<\/tr>\n<tr>\n<td class=\"label\">Tan\u00fas\u00edt\u00e1s:<\/td>\n<td>ISO9001: 2008.<\/td>\n<\/tr>\n<tr>\n<td class=\"label\">Fel\u00fcletkezel\u00e9s:<\/td>\n<td>Malom kivitelben, elox\u00e1l\u00e1s, porbevonat, fa szemcs\u00e9k, elektrofor\u00e9zis, pol\u00edrozott, csiszolt, csiszolt<\/td>\n<\/tr>\n<tr>\n<td class=\"label\">Elox\u00e1l\u00e1s:<\/td>\n<td>Ez\u00fcst, bronz, pezsg\u0151, tit\u00e1n, nikkel, aranys\u00e1rga stb.<br \/>\nAz elox\u00e1l\u00e1s vastags\u00e1ga legfeljebb 25um.<\/td>\n<\/tr>\n<tr>\n<td class=\"label\">Porbevonat:<\/td>\n<td>Feh\u00e9r, fekete, bronz, sz\u00fcrke, z\u00f6ld, stb.<br \/>\nA porbevonat vastags\u00e1ga t\u00f6bb mint 60um.<\/td>\n<\/tr>\n<tr>\n<td class=\"label\">Fa szemcs\u00e9k:<\/td>\n<td>1. Olasz MENPHIS transzfernyomtat\u00f3pap\u00edr.<br \/>\n2. AKZO NOBEL INTERPON D1010 (10 \u00e9v garancia): Ausztr\u00e1lia ceder, Bush cherry, Chest nut, Jarrah I, Jarrah II, Western red ceder, stb.<br \/>\n3. AKZO NOBEL INTERPON D34 (5 \u00e9v garancia): Bush fa, Western red, Jarrah, Snow gum, stb.<\/td>\n<\/tr>\n<tr>\n<td class=\"label\">Elektrofor\u00e9zis:<\/td>\n<td>Ez\u00fcst, nikkel, aranys\u00e1rga, fekete, pezsg\u0151, stb.<\/td>\n<\/tr>\n<tr>\n<td class=\"label\">Pol\u00edroz\u00e1s<\/td>\n<td>Ez\u00fcst, nikkel, aranys\u00e1rga, fekete, stb.<\/td>\n<\/tr>\n<tr>\n<td class=\"label\">Kef\u00e9l\u00e9s:<\/td>\n<td>Ez\u00fcst, nikkel, aranys\u00e1rga, fekete, bronz, stb.<\/td>\n<\/tr>\n<tr>\n<td class=\"label\">Megmunk\u00e1l\u00e1s:<\/td>\n<td>V\u00e1g\u00e1s, lyukaszt\u00e1s, f\u00far\u00e1s, hajl\u00edt\u00e1s, hegeszt\u00e9s, malom, CNC stb.<br \/>\nOEM testreszabott alum\u00ednium profilok \u00e1llnak rendelkez\u00e9sre.<\/td>\n<\/tr>\n<\/table>\n<h2>Gy\u00e1rt\u00f3 b\u00e1zisunk<\/h2>\n<h3>Gy\u00e1ri panor\u00e1ma<\/h3>\n<p><img decoding=\"async\" src=\"\/wp-content\/uploads\/factory-01.webp\"\/><\/p>\n<h3>Alum\u00ednium r\u00fadgy\u00e1rt\u00f3 m\u0171hely<\/h3>\n<p><img decoding=\"async\" src=\"\/wp-content\/uploads\/factory-02.webp\"\/><\/p>\n<\/p>\n<p><img decoding=\"async\" src=\"\/wp-content\/uploads\/factory-03.webp\"\/><\/p>\n<h3>Pen\u00e9sz rakt\u00e1r<\/h3>\n<p><img decoding=\"async\" src=\"\/wp-content\/uploads\/factory-04.webp\"\/><\/p>\n<h3>43 alum\u00ednium extrud\u00e1l\u00f3 vonal (500-5500 tonna)<\/h3>\n<p><img decoding=\"async\" src=\"\/wp-content\/uploads\/factory-05.webp\"\/><\/p>\n<p><img decoding=\"async\" src=\"\/wp-content\/uploads\/factory-06.webp\"\/><\/p>\n<p><img decoding=\"async\" src=\"\/wp-content\/uploads\/factory-07.webp\"\/><\/p>\n<h3>Porfest\u0151 m\u0171hely<\/h3>\n<p><img decoding=\"async\" src=\"\/wp-content\/uploads\/factory-09.webp\"\/><\/p>\n<h3>Anodiz\u00e1l\u00f3 m\u0171hely<\/h3>\n<p><img decoding=\"async\" src=\"\/wp-content\/uploads\/factory-10.webp\"\/><\/p>\n<h3>M\u00e9ly feldolgoz\u00e1si m\u0171hely<\/h3>\n<p><img decoding=\"async\" src=\"\/wp-content\/uploads\/factory-11.webp\"\/><\/p>\n<h3>CNC prec\u00edzi\u00f3s megmunk\u00e1l\u00f3 m\u0171hely<\/h3>\n<p><img decoding=\"async\" src=\"\/wp-content\/uploads\/factory-11.5.webp\"\/><\/p>\n<h3>K\u00e9szterm\u00e9k \u00e9s export rakt\u00e1r<\/h3>\n<p><img decoding=\"async\" src=\"\/wp-content\/uploads\/factory-12.webp\"\/><\/p>\n<p><img decoding=\"async\" src=\"\/wp-content\/uploads\/factory-13.webp\"\/><\/p>\n<p><img decoding=\"async\" src=\"\/wp-content\/uploads\/factory-14.webp\"\/><\/p>\n<h2>GYIK<\/h2>\n<p><b>1.Mi az alum\u00ednium napellenz\u0151 profil? <\/b><\/p>\n<p> Ez egy extrud\u00e1lt alum\u00ednium alkatr\u00e9sz, amelyet \u00e1rny\u00e9kol\u00f3 rendszerekben haszn\u00e1lnak a k\u00f6zvetlen napf\u00e9ny blokkol\u00e1s\u00e1ra, a k\u00e1pr\u00e1z\u00e1s cs\u00f6kkent\u00e9s\u00e9re \u00e9s az \u00e9p\u00fclet energiahat\u00e9konys\u00e1g\u00e1nak jav\u00edt\u00e1s\u00e1ra.\n<\/p>\n<p><\/p>\n<p><b>2.Milyen el\u0151ny\u00f6kkel j\u00e1r az alum\u00ednium haszn\u00e1lata a napellenz\u0151h\u00f6z? <\/b><\/p>\n<p> Az alum\u00ednium k\u00f6nny\u0171, korr\u00f3zi\u00f3\u00e1ll\u00f3, tart\u00f3s \u00e9s k\u00f6nnyen gy\u00e1rthat\u00f3, \u00edgy ide\u00e1lis olyan k\u00fcls\u0151 \u00e1rny\u00e9kol\u00f3 rendszerekhez, amelyeknek ellen kell \u00e1llniuk az id\u0151j\u00e1r\u00e1snak \u00e9s az id\u0151nek.\n<\/p>\n<p><\/p>\n<p><b>3.Milyen napellenz\u0151 profilok \u00e1llnak rendelkez\u00e9sre? <\/b><\/p>\n<p> A lehet\u0151s\u00e9gek k\u00f6z\u00f6tt szerepelnek v\u00edzszintes \u00e9s f\u00fcgg\u0151leges lamell\u00e1k, lamell\u00e1k \u00e9s \u00e1ll\u00edthat\u00f3 \u00e1rny\u00e9kol\u00f3 rendszerek, amelyek az \u00e9p\u00fclet t\u00e1jol\u00e1s\u00e1hoz \u00e9s a napf\u00e9nynek val\u00f3 kitetts\u00e9ghez igazodnak.\n<\/p>\n<p><\/p>\n<p><b>4.Milyen \u00f6tv\u00f6zetet haszn\u00e1lnak \u00e1ltal\u00e1ban az alum\u00ednium napellenz\u0151 profilokhoz? <\/b><\/p>\n<p> A 6063-T5 a legsz\u00e9lesebb k\u00f6rben haszn\u00e1lt \u00f6tv\u00f6zet kiv\u00e1l\u00f3 extrud\u00e1lhat\u00f3s\u00e1ga, korr\u00f3zi\u00f3\u00e1ll\u00f3s\u00e1ga \u00e9s fel\u00fcleti fel\u00fclete miatt.\n<\/p>\n<p><\/p>\n<p><b>5.Testre szabhat\u00f3ak a nap\u00e1rny\u00e9kol\u00f3 profilok? <\/b><\/p>\n<p> Igen, a gy\u00e1rt\u00f3k egyedi m\u00e9reteket, form\u00e1kat, lap\u00e1tsz\u00f6geket \u00e9s r\u00f6gz\u00edt\u0151 konzolokat k\u00edn\u00e1lnak az \u00e9p\u00edt\u00e9szeti \u00e9s k\u00f6rnyezeti tervez\u00e9si ig\u00e9nyeknek megfelel\u0151en.\n<\/p>\n<p><\/p>\n<p><b>6.Milyen kivitelek alkalmasak k\u00fclt\u00e9ri napellenz\u0151 rendszerekhez? <\/b><\/p>\n<p> Az elox\u00e1l\u00e1s, a porfest\u00e9s \u00e9s a PVDF bevonatok fokozott id\u0151j\u00e1r\u00e1s\u00e1ll\u00f3s\u00e1got, UV-v\u00e9delmet \u00e9s sz\u00edntart\u00f3ss\u00e1got biztos\u00edtanak a hossz\u00fa t\u00e1v\u00fa haszn\u00e1lathoz.\n<\/p>\n<p><\/p>\n<p><b>7.Hol haszn\u00e1lj\u00e1k jellemz\u0151en az alum\u00ednium napellenz\u0151 profilokat? <\/b><\/p>\n<p> Kereskedelmi homlokzatokban, lak\u00f3\u00e9p\u00fcletek napf\u00e9nyszab\u00e1lyoz\u00f3 rendszereiben, f\u00fcgg\u00f6nyfalakban, irodah\u00e1zakban \u00e9s energiahat\u00e9kony \u00e9p\u00edt\u00e9szetben haszn\u00e1lj\u00e1k.\n<\/p>\n<p><\/p>\n<p><b>8.Hozz\u00e1j\u00e1rulnak-e a nap\u00e1rny\u00e9kol\u00f3 rendszerek a z\u00f6ld \u00e9p\u00fcletek tan\u00fas\u00edt\u00e1s\u00e1hoz? <\/b><\/p>\n<p> Igen, jav\u00edtj\u00e1k a h\u0151komfortot \u00e9s az energiahat\u00e9konys\u00e1got, seg\u00edtve a projekteket a LEED, BREEAM vagy m\u00e1s z\u00f6ld \u00e9p\u00fcletek szabv\u00e1nyainak teljes\u00edt\u00e9s\u00e9ben.\n<\/p>\n<p><\/p>","protected":false},"featured_media":6854,"template":"","categories":[67],"class_list":["post-6855","product","type-product","status-publish","has-post-thumbnail","hentry","category-architectural-aluminium-profile"],"meta_box":{"hilight_text_group":{"product_hilight_text":"<li>Aluminum sunshading profiles designed for architectural sun control and energy efficiency<\/li>\r\r\n<li>Constructed from high-strength 6063-T5 alloy with excellent corrosion and UV resistance<\/li>\r\r\n<li>Available in fixed or adjustable louver styles to control light, airflow, and heat gain<\/li>\r\r\n<li>Offered in a variety of finishes including anodized, powder-coated, and PVDF for long-lasting exterior performance<\/li>\r\r\n<li>Customizable designs and dimensions for commercial buildings, facades, curtain walls, and green buildings<\/li>","product_chanpin_blog":"<ul>\r\r\n<li><a href=\"https:\/\/sinoextrud.com\/t-slot-v-slot-differences\/\" target=\"_blank\">t slot vs v slot<\/a><\/li>\r\r\n<li><a href=\"https:\/\/sinoextrud.com\/what-is-4040-aluminium-extrud\/\" target=\"_blank\">4040 aluminium extrusion<\/a><\/li>\r\r\n<li><a href=\"https:\/\/sinoextrud.com\/what-is-4040-aluminium-extrud\/\" target=\"_blank\">aluminum extrusions for industrial racks<\/a><\/li>\r\r\n<li><a href=\"https:\/\/sinoextrud.com\/powder-coating-aluminium-process\/\" target=\"_blank\">powder coating aluminium<\/a><\/li>\r\r\n<li><a href=\"https:\/\/sinoextrud.com\/what-is-an-aluminium-strip-ceiling\/\" target=\"_blank\">aluminium strip ceiling<\/a><\/li>\r\r\n<li><a href=\"https:\/\/sinoextrud.com\/what-is-a-heat-sink\/\" target=\"_blank\">what is a heat sink<\/a><\/li>\r\r\n<\/ul>","product_chanpin_chanpin":"<li><a href=\"https:\/\/sinoextrud.com\/product\/oem-aluminium-extrusion-profile-for-furniture-knobs-door-pull-handle\/\" target=\"_blank\">OEM Aluminium Extrusion Profile For Furniture Knobs Door Pull Handle<\/a><\/li>\r\n<li><a href=\"https:\/\/sinoextrud.com\/product\/aluminium-profile-for-glass-roof\/\" target=\"_blank\">Aluminium Profile For Glass Roof<\/a><\/li>\r\n<li><a href=\"https:\/\/sinoextrud.com\/product\/aluminium-z-section-extrusions\/\" target=\"_blank\">Aluminium Z Section Extrusions<\/a><\/li>\r\n<li><a href=\"https:\/\/sinoextrud.com\/product\/6063-t5-aluminum-extruded-profiles\/\" target=\"_blank\">6063 T5 Aluminum Extruded Profiles<\/a><\/li>\r\n<li><a href=\"https:\/\/sinoextrud.com\/product\/aluminum-sunshading-profile\/\" target=\"_blank\">Aluminum Sunshading Profile<\/a><\/li>\r\n<li><a href=\"https:\/\/sinoextrud.com\/product\/industrial-customized-6063-t5-alloy-aluminium-extrusion-profile\/\" target=\"_blank\">Industrial Customized 6063-T5 Alloy Aluminium Extrusion Profile<\/a><\/li>\r\n<li><a href=\"https:\/\/sinoextrud.com\/product\/aluminium-round-tube-extrusion-profile-with-anodized-powder-coating-surface-treatment-oem-customized-extruded-aluminium-tube-profile\/\" target=\"_blank\">Aluminium Round Tube Extrusion Profile With Anodized Powder Coating Surface Treatment OEM Customized  Extruded Aluminium Tube Profile<\/a><\/li>\r\n<li><a href=\"https:\/\/sinoextrud.com\/product\/anodized-aluminium-industrial-profile-aluminum-extrusion\/\" target=\"_blank\">Anodized Aluminium Industrial Profile & Aluminum Extrusion<\/a><\/li>\r\n<li><a href=\"https:\/\/sinoextrud.com\/product\/anodized-aluminium-industrial-profile-aluminum-extrusion-2\/\" target=\"_blank\">Anodized Aluminium Industrial Profile  Aluminum Extrusion<\/a><\/li>\r\n<li><a href=\"https:\/\/sinoextrud.com\/product\/aluminium-shower-extrusions\/\" target=\"_blank\">Aluminium Shower Extrusions<\/a><\/li>\r\n<li><a href=\"https:\/\/sinoextrud.com\/product\/aluminum-sign-extrusions\/\" target=\"_blank\">Aluminum Sign Extrusions<\/a><\/li>"},"feature_list":[]},"_links":{"self":[{"href":"https:\/\/sinoextrud.com\/hu\/wp-json\/wp\/v2\/product\/6855","targetHints":{"allow":["GET"]}}],"collection":[{"href":"https:\/\/sinoextrud.com\/hu\/wp-json\/wp\/v2\/product"}],"about":[{"href":"https:\/\/sinoextrud.com\/hu\/wp-json\/wp\/v2\/types\/product"}],"wp:featuredmedia":[{"embeddable":true,"href":"https:\/\/sinoextrud.com\/hu\/wp-json\/wp\/v2\/media\/6854"}],"wp:attachment":[{"href":"https:\/\/sinoextrud.com\/hu\/wp-json\/wp\/v2\/media?parent=6855"}],"wp:term":[{"taxonomy":"category","embeddable":true,"href":"https:\/\/sinoextrud.com\/hu\/wp-json\/wp\/v2\/categories?post=6855"}],"curies":[{"name":"wp","href":"https:\/\/api.w.org\/{rel}","templated":true}]}}