{"id":6839,"date":"2025-06-03T01:37:41","date_gmt":"2025-06-03T01:37:41","guid":{"rendered":"https:\/\/sinoextrud.com\/product\/aluminium-sliding-door-electrophoresis-golden\/"},"modified":"2025-06-24T06:11:48","modified_gmt":"2025-06-24T06:11:48","slug":"aluminium-toloajtos-elektroforezis-arany","status":"publish","type":"product","link":"https:\/\/sinoextrud.com\/hu\/product\/aluminium-sliding-door-electrophoresis-golden\/","title":{"rendered":"Alum\u00ednium tol\u00f3ajt\u00f3s elektrofor\u00e9zis Golden"},"content":{"rendered":"<h2>Term\u00e9kek r\u00e9szletei<\/h2>\n<table class=\"custom-table\">\n<tr>\n<td class=\"label\">T\u00e9tel<\/td>\n<td>Alum\u00ednium profil nagy teherb\u00edr\u00e1s\u00fa tol\u00f3ajt\u00f3hoz Electrophoresis arany sz\u00edn\u0171, alum\u00ednium tol\u00f3ajt\u00f3 elektrofor\u00e9zis arany sz\u00edn\u0171<\/td>\n<\/tr>\n<tr>\n<td class=\"label\">Anyag<\/td>\n<td>6000-es sorozat, mint a 6063,<\/td>\n<\/tr>\n<tr>\n<td class=\"label\">Temper<\/td>\n<td>T4, T5, T6.<\/td>\n<\/tr>\n<tr>\n<td class=\"label\">Vastags\u00e1g<\/td>\n<td>\u00c1ltal\u00e1nos profilvastags\u00e1g: 0,8 - 5,0 mm;<br \/>\nElox\u00e1lt v\u00e9delem vastags\u00e1ga: 8-25 um;<br \/>\nPorbevonat sz\u00ednvastags\u00e1g: 40 - 120 um.<\/td>\n<\/tr>\n<tr>\n<td class=\"label\">Hossz\u00fas\u00e1g<\/td>\n<td>3m vagy 6m darabonk\u00e9nt. Testreszabott k\u00e9r\u00e9s el\u00e9rhet\u0151<\/td>\n<\/tr>\n<tr>\n<td class=\"label\">Shape<\/td>\n<td>n\u00e9gyzet, lapos, kerek, \u00fcreges, ov\u00e1lis, h\u00e1romsz\u00f6g, U-profilok, L-profilok, T-profilok, H-profilok, egyedi m\u00e9retre gy\u00e1rtva<\/td>\n<\/tr>\n<tr>\n<td class=\"label\">Fel\u00fcletkezel\u00e9s<\/td>\n<td>malom, elox\u00e1lt, porfestett, elektrofor\u00e9zis, faanyag, fa, PVDF fest\u00e9k, pol\u00edroz\u00e1s, csiszolt, csiszolt<\/td>\n<\/tr>\n<tr>\n<td class=\"label\">Sz\u00ednes<\/td>\n<td>F\u00e9m ez\u00fcst, pezsg\u0151, fekete, feh\u00e9r, t\u00fck\u00f6r, egyedi k\u00e9r\u00e9sre el\u00e9rhet\u0151<\/td>\n<\/tr>\n<tr>\n<td class=\"label\">Alkalmaz\u00e1s<\/td>\n<td>ablakok \u00e9s ajt\u00f3k, f\u00fcgg\u00f6nyfalak, \u00fcvegfal, b\u00fator, mennyezet, konyha, LED szalag, k\u00f6zleked\u00e9si s\u00edn, j\u00e1rm\u0171vek, motorh\u00e1z, g\u00e9p, s\u00e1tor, napelem. Ipari profil, Decoratino profil,<\/td>\n<\/tr>\n<tr>\n<td class=\"label\">M\u00e9ly folyamat<\/td>\n<td>CNC, f\u00far\u00e1s, mar\u00e1s, v\u00e1g\u00e1s, hegeszt\u00e9s, hajl\u00edt\u00e1s, \u00f6sszeszerel\u00e9s<\/td>\n<\/tr>\n<tr>\n<td class=\"label\">MOQ<\/td>\n<td>200 kg minden egyes t\u00e9tel eset\u00e9ben<\/td>\n<\/tr>\n<tr>\n<td class=\"label\">Termel\u00e9si kapacit\u00e1s<\/td>\n<td>5000 tonna havonta, 60000 tonna \u00e9vente.<\/td>\n<\/tr>\n<tr>\n<td class=\"label\">M\u00e1rkan\u00e9v<\/td>\n<td>Sinoextrud (Sinoextrud\/Sinoextrud ALUMINIUM)<\/td>\n<\/tr>\n<tr>\n<td class=\"label\">Tan\u00fas\u00edtv\u00e1ny \u00e9s szabv\u00e1ny<\/td>\n<td>1) ISO9001-2008\/ISO 9001:2008;<br \/>\n2) CQM tan\u00fas\u00edt\u00e1s;<br \/>\n3) SGS, CE, BV, JIS, AS, NZS, QUALICOAT, QUOLANOD rendelkez\u00e9sre \u00e1ll<\/td>\n<\/tr>\n<tr>\n<td class=\"label\">Garancia<\/td>\n<td>A fel\u00fclet sz\u00edne 10~20 \u00e9vig stabil lehet belt\u00e9ri haszn\u00e1latban.<\/td>\n<\/tr>\n<tr>\n<td class=\"label\">Csomagol\u00e1s r\u00e9szletei<\/td>\n<td>Bel\u00fcl: m\u0171anyag f\u00f3li\u00e1val csomagolva, hogy minden egyes darabot megv\u00e9djen.<br \/>\nK\u00edv\u00fcl: v\u00edz\u00e1ll\u00f3 k\u00e9zm\u0171ves pap\u00edrral vagy EPE-f\u00f3li\u00e1val csomagolva. Testreszabott requesti el\u00e9rhet\u0151<\/td>\n<\/tr>\n<tr>\n<td class=\"label\">\u00c1tfut\u00e1si id\u0151<\/td>\n<td>Szersz\u00e1mfejleszt\u00e9s \u00e9s mintatesztel\u00e9s: 12-18 nap.<\/td>\n<\/tr>\n<\/table>\n<h2>Gy\u00e1rt\u00f3 b\u00e1zisunk<\/h2>\n<h3>Gy\u00e1ri panor\u00e1ma<\/h3>\n<p><img decoding=\"async\" src=\"\/wp-content\/uploads\/factory-01.webp\"\/><\/p>\n<h3>Alum\u00ednium r\u00fadgy\u00e1rt\u00f3 m\u0171hely<\/h3>\n<p><img decoding=\"async\" src=\"\/wp-content\/uploads\/factory-02.webp\"\/><\/p>\n<p><img decoding=\"async\" src=\"\/wp-content\/uploads\/factory-03.webp\"\/><\/p>\n<h3>Pen\u00e9sz rakt\u00e1r<\/h3>\n<p><img decoding=\"async\" src=\"\/wp-content\/uploads\/factory-04.webp\"\/><\/p>\n<h3>43 alum\u00ednium extrud\u00e1l\u00f3 vonal (500-5500 tonna)<\/h3>\n<p><img decoding=\"async\" src=\"\/wp-content\/uploads\/factory-05.webp\"\/><\/p>\n<p><img decoding=\"async\" src=\"\/wp-content\/uploads\/factory-06.webp\"\/><\/p>\n<p><img decoding=\"async\" src=\"\/wp-content\/uploads\/factory-07.webp\"\/><\/p>\n<h3>Porfest\u0151 m\u0171hely<\/h3>\n<p><img decoding=\"async\" src=\"\/wp-content\/uploads\/factory-09.webp\"\/><\/p>\n<h3>Anodiz\u00e1l\u00f3 m\u0171hely<\/h3>\n<p><img decoding=\"async\" src=\"\/wp-content\/uploads\/factory-10.webp\"\/><\/p>\n<h3>M\u00e9ly feldolgoz\u00e1si m\u0171hely<\/h3>\n<p><img decoding=\"async\" src=\"\/wp-content\/uploads\/factory-11.webp\"\/><\/p>\n<h3>CNC prec\u00edzi\u00f3s megmunk\u00e1l\u00f3 m\u0171hely<\/h3>\n<p><img decoding=\"async\" src=\"\/wp-content\/uploads\/factory-11.5.webp\"\/><\/p>\n<h3>K\u00e9szterm\u00e9k \u00e9s export rakt\u00e1r<\/h3>\n<p><img decoding=\"async\" src=\"\/wp-content\/uploads\/factory-12.webp\"\/><\/p>\n<p><img decoding=\"async\" src=\"\/wp-content\/uploads\/factory-13.webp\"\/><\/p>\n<p><img decoding=\"async\" src=\"\/wp-content\/uploads\/factory-14.webp\"\/><\/p>\n<h2>GYIK<\/h2>\n<p><p><b>1.Mi az elektrofor\u00e9zis arany alum\u00ednium tol\u00f3ajt\u00f3profil? <\/b><\/p>\n<p> Ez egy aranysz\u00edn\u0171 elektroforetikus r\u00e9teggel bevont alum\u00edniumprofil, amelyet kiv\u00e1l\u00f3 megjelen\u00e9s\u0171 \u00e9s tart\u00f3ss\u00e1g\u00fa, pr\u00e9mium min\u0151s\u00e9g\u0171 tol\u00f3ajt\u00f3k \u00e9p\u00edt\u00e9s\u00e9re haszn\u00e1lnak.<br \/>\n<\/p><br \/>\n<br \/>\n<p><b>2.Mi\u00e9rt v\u00e1lassza az elektrofor\u00e9zist m\u00e1s fel\u00fcletek helyett? <\/b><\/p>\n<p> Az elektrofor\u00e9zis egyenletes, magasf\u00e9ny\u0171 fel\u00fcletet biztos\u00edt, kiv\u00e1l\u00f3 tapad\u00e1ssal, karc\u00e1ll\u00f3s\u00e1ggal \u00e9s hossz\u00fa t\u00e1v\u00fa sz\u00ednstabilit\u00e1ssal.<br \/>\n<\/p><br \/>\n<br \/>\n<p><b>3.A 6063-T5 \u00f6tv\u00f6zet alkalmas arany tol\u00f3ajt\u00f3 profilokhoz? <\/b><\/p>\n<p> Igen, a 6063-T5 kiv\u00e1l\u00f3 extrud\u00e1l\u00e1si min\u0151s\u00e9get, szil\u00e1rds\u00e1got \u00e9s fel\u00fcleti fel\u00fcletet k\u00edn\u00e1l, \u00edgy t\u00f6k\u00e9letesen alkalmas dekorat\u00edv \u00e9s funkcion\u00e1lis tol\u00f3ajt\u00f3khoz.<br \/>\n<\/p><br \/>\n<br \/>\n<p><b>4.Hol haszn\u00e1lj\u00e1k \u00e1ltal\u00e1ban az arany alum\u00ednium elektrofor\u00e9zist? <\/b><\/p>\n<p> Eleg\u00e1ns megjelen\u00e9se \u00e9s tart\u00f3s kivitelez\u00e9se miatt sz\u00e9les k\u00f6rben haszn\u00e1lj\u00e1k luxuslak\u00e1sokban, sz\u00e1llod\u00e1kban, irodai bej\u00e1ratokban \u00e9s kereskedelmi bemutat\u00f3ajt\u00f3kban.<br \/>\n<\/p><br \/>\n<br \/>\n<p><b>5.Testreszabhatom a tol\u00f3ajt\u00f3profil alakj\u00e1t \u00e9s m\u00e9ret\u00e9t? <\/b><\/p>\n<p> Az OEM-gy\u00e1rt\u00f3k teljes k\u00f6r\u0171 testreszab\u00e1st k\u00edn\u00e1lnak a m\u00e9retek, form\u00e1k, valamint a z\u00e1rakkal, \u00fcveggel \u00e9s g\u00f6rg\u0151kkel val\u00f3 integr\u00e1ci\u00f3 tekintet\u00e9ben.<br \/>\n<\/p><br \/>\n<br \/>\n<p><b>6.Az aranyozott fel\u00fclet id\u0151j\u00e1r\u00e1s\u00e1ll\u00f3 \u00e9s tart\u00f3s? <\/b><\/p>\n<p> Igen, az elektrofor\u00e9zis bevonatok kiv\u00e1l\u00f3 v\u00e9delmet ny\u00fajtanak az oxid\u00e1ci\u00f3val, az UV-expoz\u00edci\u00f3val \u00e9s a k\u00f6rnyezeti kop\u00e1ssal szemben, ide\u00e1lisak mind belt\u00e9ri, mind k\u00fclt\u00e9ri haszn\u00e1latra.<br \/>\n<\/p><br \/>\n<br \/>\n<p><b>7.Ezek a profilok k\u00f6nnyen telep\u00edthet\u0151k? <\/b><\/p>\n<p> Igen, \u00fagy tervezt\u00e9k \u0151ket, hogy kompatibilisek legyenek a szabv\u00e1nyos cs\u00fasz\u00f3vasakkal, lehet\u0151v\u00e9 t\u00e9ve a gyors \u00e9s biztons\u00e1gos felszerel\u00e9st.<br \/>\n<\/p><br \/>\n<br \/>\n<p><b>8.Honnan szerezhetek be elektrofor\u00e9zis arany tol\u00f3ajt\u00f3 profilokat? <\/b><\/p>\n<p> A vezet\u0151 k\u00ednai gy\u00e1rt\u00f3k kiv\u00e1l\u00f3 min\u0151s\u00e9g\u0171 elektrofor\u00e9zis profilokat k\u00edn\u00e1lnak \u00f6mlesztve, gy\u00e1ri \u00e1rakon \u00e9s teljes k\u00f6r\u0171 exportt\u00e1mogat\u00e1ssal.<br \/>\n<\/p><br \/><\/p>","protected":false},"featured_media":6838,"template":"","categories":[67],"class_list":["post-6839","product","type-product","status-publish","has-post-thumbnail","hentry","category-architectural-aluminium-profile"],"meta_box":{"hilight_text_group":{"product_hilight_text":"<li>Premium electrophoresis golden aluminium sliding door profiles for a luxurious and durable finish<\/li>\r\r\n<li>Manufactured from high-strength 6063-T5 aluminum alloy for long-term stability and corrosion resistance<\/li>\r\r\n<li>Electrophoresis coating ensures a smooth, glossy golden surface with excellent scratch and wear resistance<\/li>\r\r\n<li>Ideal for upscale residential, commercial, and hotel sliding door systems<\/li>\r\r\n<li>Customizable dimensions, wall thickness, and profile designs available for OEM production<\/li>","product_chanpin_blog":"<ul>\r\r\n<li><a href=\"https:\/\/sinoextrud.com\/t-slot-v-slot-differences\/\" target=\"_blank\">t slot vs v slot<\/a><\/li>\r\r\n<li><a href=\"https:\/\/sinoextrud.com\/what-is-4040-aluminium-extrud\/\" target=\"_blank\">4040 aluminium extrusion<\/a><\/li>\r\r\n<li><a href=\"https:\/\/sinoextrud.com\/what-is-4040-aluminium-extrud\/\" target=\"_blank\">aluminum extrusions for industrial racks<\/a><\/li>\r\r\n<li><a href=\"https:\/\/sinoextrud.com\/powder-coating-aluminium-process\/\" target=\"_blank\">powder coating aluminium<\/a><\/li>\r\r\n<li><a href=\"https:\/\/sinoextrud.com\/what-is-an-aluminium-strip-ceiling\/\" target=\"_blank\">aluminium strip ceiling<\/a><\/li>\r\r\n<li><a href=\"https:\/\/sinoextrud.com\/what-is-a-heat-sink\/\" target=\"_blank\">what is a heat sink<\/a><\/li>\r\r\n<\/ul>","product_chanpin_chanpin":"<li><a href=\"https:\/\/sinoextrud.com\/product\/aluminium-extrusion-connectors\/\" target=\"_blank\">Aluminium Extrusion Connectors<\/a><\/li>\r\n<li><a href=\"https:\/\/sinoextrud.com\/product\/6000-series-alloy-extruded-aluminium-profile-for-industrial-solar-panel-frame-structure\/\" target=\"_blank\">6000 Series Alloy Extruded Aluminium Profile For Industrial Solar Panel Frame Structure<\/a><\/li>\r\n<li><a href=\"https:\/\/sinoextrud.com\/product\/aluminium-sliding-door-matt-black\/\" target=\"_blank\">Aluminium Sliding Door Matt Black<\/a><\/li>\r\n<li><a href=\"https:\/\/sinoextrud.com\/product\/aluminium-sliding-door-champagne-colour\/\" target=\"_blank\">Aluminium Sliding Door Champagne colour<\/a><\/li>\r\n<li><a href=\"https:\/\/sinoextrud.com\/product\/aluminium-sliding-door-electrophoresis-golden\/\" target=\"_blank\">Aluminium Sliding Door Electrophoresis Golden<\/a><\/li>\r\n<li><a href=\"https:\/\/sinoextrud.com\/product\/extruded-aluminium-profile-tube-pipe-with-oval-trigle-square-round-shape-manufacturer-price\/\" target=\"_blank\">Extruded Aluminium Profile Tube Pipe With Oval Trigle Square Round Shape Manufacturer Price<\/a><\/li>\r\n<li><a href=\"https:\/\/sinoextrud.com\/product\/aluminium-sliding-door-brushed-grey\/\" target=\"_blank\">Aluminium Sliding Door Brushed Grey<\/a><\/li>\r\n<li><a href=\"https:\/\/sinoextrud.com\/product\/aluminium-sliding-door-matt-grey\/\" target=\"_blank\">Aluminium Sliding Door Matt Grey<\/a><\/li>\r\n<li><a href=\"https:\/\/sinoextrud.com\/product\/oem-aluminium-extrusion-profile-for-furniture-knobs-door-pull-handle\/\" target=\"_blank\">OEM Aluminium Extrusion Profile For Furniture Knobs Door Pull Handle<\/a><\/li>\r\n<li><a href=\"https:\/\/sinoextrud.com\/product\/t-slot-aluminium-extrusion-profile\/\" target=\"_blank\">T Slot Aluminium Extrusion Profile<\/a><\/li>\r\n<li><a href=\"https:\/\/sinoextrud.com\/product\/aluminum-profile-for-curtain\/\" target=\"_blank\">Aluminum Profile for Curtain<\/a><\/li>"},"feature_list":[]},"_links":{"self":[{"href":"https:\/\/sinoextrud.com\/hu\/wp-json\/wp\/v2\/product\/6839","targetHints":{"allow":["GET"]}}],"collection":[{"href":"https:\/\/sinoextrud.com\/hu\/wp-json\/wp\/v2\/product"}],"about":[{"href":"https:\/\/sinoextrud.com\/hu\/wp-json\/wp\/v2\/types\/product"}],"wp:featuredmedia":[{"embeddable":true,"href":"https:\/\/sinoextrud.com\/hu\/wp-json\/wp\/v2\/media\/6838"}],"wp:attachment":[{"href":"https:\/\/sinoextrud.com\/hu\/wp-json\/wp\/v2\/media?parent=6839"}],"wp:term":[{"taxonomy":"category","embeddable":true,"href":"https:\/\/sinoextrud.com\/hu\/wp-json\/wp\/v2\/categories?post=6839"}],"curies":[{"name":"wp","href":"https:\/\/api.w.org\/{rel}","templated":true}]}}