{"id":6837,"date":"2025-06-03T01:32:36","date_gmt":"2025-06-03T01:32:36","guid":{"rendered":"https:\/\/sinoextrud.com\/product\/aluminium-sliding-door-champagne-colour\/"},"modified":"2025-06-24T06:11:47","modified_gmt":"2025-06-24T06:11:47","slug":"aluminium-toloajto-pezsgo-szinben","status":"publish","type":"product","link":"https:\/\/sinoextrud.com\/hu\/product\/aluminium-sliding-door-champagne-colour\/","title":{"rendered":"Alum\u00ednium tol\u00f3ajt\u00f3 pezsg\u0151 sz\u00edn\u0171"},"content":{"rendered":"<h2>Term\u00e9kek r\u00e9szletei<\/h2>\n<table class=\"custom-table\">\n<tr>\n<td class=\"label\">\u00f6tv\u00f6zet:<\/td>\n<td>6063-T5 \/6061-T6 ingot tusk\u00f3<\/td>\n<\/tr>\n<tr>\n<td class=\"label\">Szabv\u00e1nyos:<\/td>\n<td>k\u00f6zepes \u00e9s kiv\u00e1l\u00f3 min\u0151s\u00e9g\u0171 alum\u00ednium profil<\/td>\n<\/tr>\n<tr>\n<td class=\"label\">Garancia:<\/td>\n<td>\u00fcgyf\u00e9ltan\u00fas\u00edtv\u00e1ny, mint p\u00e9ld\u00e1ul BV, Soncap, ISO min\u0151s\u00edt\u00e9s<\/td>\n<\/tr>\n<tr>\n<td class=\"label\">MOQ:<\/td>\n<td>200KG minden egyes alum\u00ednium profilra<\/td>\n<\/tr>\n<tr>\n<td class=\"label\">Exporthossz\u00fas\u00e1g:<\/td>\n<td>5.8m a 20ft , 5.9m \/6.0m a 40'GP eset\u00e9ben<\/td>\n<\/tr>\n<\/table>\n<h2>Gy\u00e1rt\u00f3 b\u00e1zisunk<\/h2>\n<h3>Gy\u00e1ri panor\u00e1ma<\/h3>\n<p><img decoding=\"async\" src=\"\/wp-content\/uploads\/factory-01.webp\"\/><\/p>\n<h3>Alum\u00ednium r\u00fadgy\u00e1rt\u00f3 m\u0171hely<\/h3>\n<p><img decoding=\"async\" src=\"\/wp-content\/uploads\/factory-02.webp\"\/><\/p>\n<p><img decoding=\"async\" src=\"\/wp-content\/uploads\/factory-03.webp\"\/><\/p>\n<h3>Pen\u00e9sz rakt\u00e1r<\/h3>\n<p><img decoding=\"async\" src=\"\/wp-content\/uploads\/factory-04.webp\"\/><\/p>\n<h3>43 alum\u00ednium extrud\u00e1l\u00f3 vonal (500-5500 tonna)<\/h3>\n<p><img decoding=\"async\" src=\"\/wp-content\/uploads\/factory-05.webp\"\/><\/p>\n<p><img decoding=\"async\" src=\"\/wp-content\/uploads\/factory-06.webp\"\/><\/p>\n<p><img decoding=\"async\" src=\"\/wp-content\/uploads\/factory-07.webp\"\/><\/p>\n<h3>Porfest\u0151 m\u0171hely<\/h3>\n<p><img decoding=\"async\" src=\"\/wp-content\/uploads\/factory-09.webp\"\/><\/p>\n<h3>Anodiz\u00e1l\u00f3 m\u0171hely<\/h3>\n<p><img decoding=\"async\" src=\"\/wp-content\/uploads\/factory-10.webp\"\/><\/p>\n<h3>M\u00e9ly feldolgoz\u00e1si m\u0171hely<\/h3>\n<p><img decoding=\"async\" src=\"\/wp-content\/uploads\/factory-11.webp\"\/><\/p>\n<h3>CNC prec\u00edzi\u00f3s megmunk\u00e1l\u00f3 m\u0171hely<\/h3>\n<p><img decoding=\"async\" src=\"\/wp-content\/uploads\/factory-11.5.webp\"\/><\/p>\n<h3>K\u00e9szterm\u00e9k \u00e9s export rakt\u00e1r<\/h3>\n<p><img decoding=\"async\" src=\"\/wp-content\/uploads\/factory-12.webp\"\/><\/p>\n<p><img decoding=\"async\" src=\"\/wp-content\/uploads\/factory-13.webp\"\/><\/p>\n<p><img decoding=\"async\" src=\"\/wp-content\/uploads\/factory-14.webp\"\/><\/p>\n<h2>GYIK<\/h2>\n<p><p><b>1.Mi az a pezsg\u0151sz\u00edn\u0171 alum\u00ednium tol\u00f3ajt\u00f3profil? <\/b><\/p>\n<p> Ez egy pezsg\u0151sz\u00edn\u0171 fel\u00fclettel rendelkez\u0151 alum\u00ednium sajtolt term\u00e9k, amelyet modern \u00e9s f\u00e9ny\u0171z\u0151 tol\u00f3ajt\u00f3keretek \u00e9p\u00edt\u00e9s\u00e9hez haszn\u00e1lnak.<br \/>\n<\/p><br \/>\n<br \/>\n<p><b>2.Hogyan ker\u00fcl a pezsg\u0151sz\u00edn az alum\u00ednium fel\u00fcletre? <\/b><\/p>\n<p> A fel\u00fcletet anodiz\u00e1l\u00e1ssal vagy elektrofor\u00e9zissel \u00e9rik el, ami biztos\u00edtja az egys\u00e9ges sz\u00ednt, a tart\u00f3ss\u00e1got \u00e9s a fakul\u00e1ssal vagy korr\u00f3zi\u00f3val szembeni ellen\u00e1ll\u00e1st.<br \/>\n<\/p><br \/>\n<br \/>\n<p><b>3.Mi\u00e9rt v\u00e1lassza a pezsg\u0151t m\u00e1s kivitelekkel szemben? <\/b><\/p>\n<p> A pezsg\u0151 meleg, el\u0151kel\u0151 f\u00e9mes megjelen\u00e9st biztos\u00edt, amely kieg\u00e9sz\u00edti mind a klasszikus, mind a kort\u00e1rs bels\u0151\u00e9p\u00edt\u00e9szeti megold\u00e1sokat.<br \/>\n<\/p><br \/>\n<br \/>\n<p><b>4.Milyen \u00f6tv\u00f6zetet haszn\u00e1lnak a pezsg\u0151 tol\u00f3ajt\u00f3profilokhoz? <\/b><\/p>\n<p> A 6063-T5 alum\u00edniumot \u00e1ltal\u00e1ban kiv\u00e1l\u00f3 extrud\u00e1l\u00e1si k\u00e9pess\u00e9gei, eszt\u00e9tikus fel\u00fcleti min\u0151s\u00e9ge \u00e9s szerkezeti integrit\u00e1sa miatt haszn\u00e1lj\u00e1k.<br \/>\n<\/p><br \/>\n<br \/>\n<p><b>5.A pezsg\u0151sz\u00edn\u0171 kivitel alkalmas k\u00fclt\u00e9ri telep\u00edt\u00e9sre? <\/b><\/p>\n<p> Igen, az elox\u00e1lt \u00e9s az elektrofor\u00e9zissel kezelt pezsg\u0151sz\u00edn\u0171 bevonatok UV-ellen\u00e1ll\u00e1st \u00e9s id\u0151j\u00e1r\u00e1sv\u00e9delmet biztos\u00edtanak k\u00fcls\u0151 haszn\u00e1latra.<br \/>\n<\/p><br \/>\n<br \/>\n<p><b>6.Testreszabhatom a profil m\u00e9ret\u00e9t \u00e9s kialak\u00edt\u00e1s\u00e1t? <\/b><\/p>\n<p> A gy\u00e1rt\u00f3k term\u00e9szetesen OEM-opci\u00f3kat biztos\u00edtanak a profil keresztmetszet\u00e9re, vastags\u00e1g\u00e1ra, valamint a cs\u00fasz\u00f3mechanizmusokkal vagy \u00fcveglapokkal val\u00f3 integr\u00e1ci\u00f3ra.<br \/>\n<\/p><br \/>\n<br \/>\n<p><b>7.Hol haszn\u00e1lj\u00e1k \u00e1ltal\u00e1ban a pezsg\u0151sz\u00edn\u0171 alum\u00ednium tol\u00f3ajt\u00f3profilokat? <\/b><\/p>\n<p> Ezeket a term\u00e9keket cs\u00facsmin\u0151s\u00e9g\u0171 gardr\u00f3bszekr\u00e9nyekben, teraszajt\u00f3kban, luxus kereskedelmi bej\u00e1ratokban \u00e9s bels\u0151 \u00e9p\u00edt\u00e9szeti v\u00e1laszfalakban haszn\u00e1lj\u00e1k.<br \/>\n<\/p><br \/>\n<br \/>\n<p><b>8.A pezsg\u0151 alum\u00ednium profilok \u00f6mlesztve kaphat\u00f3k K\u00edn\u00e1b\u00f3l? <\/b><\/p>\n<p> Igen, a legjobb k\u00ednai gy\u00e1rak pezsg\u0151sz\u00edn\u0171 elox\u00e1lt tol\u00f3ajt\u00f3profilokat k\u00edn\u00e1lnak gy\u00e1ri k\u00f6zvetlen \u00e1rakon, teljes testreszab\u00e1ssal \u00e9s exportt\u00e1mogat\u00e1ssal.<br \/>\n<\/p><br \/><\/p>","protected":false},"featured_media":6836,"template":"","categories":[67],"class_list":["post-6837","product","type-product","status-publish","has-post-thumbnail","hentry","category-architectural-aluminium-profile"],"meta_box":{"hilight_text_group":{"product_hilight_text":"<li>Elegant champagne colour aluminium sliding door profiles for high-end interior and exterior applications<\/li>\r\r\n<li>Made from 6063-T5 alloy for optimal strength, corrosion resistance, and smooth surface finish<\/li>\r\r\n<li>Champagne finish applied via anodizing or electrophoresis for long-lasting, fade-resistant color<\/li>\r\r\n<li>Ideal for luxury wardrobes, balcony enclosures, room dividers, and commercial door systems<\/li>\r\r\n<li>OEM customization available for shape, size, wall thickness, and accessory compatibility<\/li>","product_chanpin_blog":"<ul>\r\r\n<li><a href=\"https:\/\/sinoextrud.com\/t-slot-v-slot-differences\/\" target=\"_blank\">t slot vs v slot<\/a><\/li>\r\r\n<li><a href=\"https:\/\/sinoextrud.com\/what-is-4040-aluminium-extrud\/\" target=\"_blank\">4040 aluminium extrusion<\/a><\/li>\r\r\n<li><a href=\"https:\/\/sinoextrud.com\/what-is-4040-aluminium-extrud\/\" target=\"_blank\">aluminum extrusions for industrial racks<\/a><\/li>\r\r\n<li><a href=\"https:\/\/sinoextrud.com\/powder-coating-aluminium-process\/\" target=\"_blank\">powder coating aluminium<\/a><\/li>\r\r\n<li><a href=\"https:\/\/sinoextrud.com\/what-is-an-aluminium-strip-ceiling\/\" target=\"_blank\">aluminium strip ceiling<\/a><\/li>\r\r\n<li><a href=\"https:\/\/sinoextrud.com\/what-is-a-heat-sink\/\" target=\"_blank\">what is a heat sink<\/a><\/li>\r\r\n<\/ul>","product_chanpin_chanpin":"<li><a href=\"https:\/\/sinoextrud.com\/product\/aluminium-sliding-door-matt-bronze\/\" target=\"_blank\">Aluminium Sliding Door Matt Bronze<\/a><\/li>\r\n<li><a href=\"https:\/\/sinoextrud.com\/product\/aluminium-extrusion-connectors\/\" target=\"_blank\">Aluminium Extrusion Connectors<\/a><\/li>\r\n<li><a href=\"https:\/\/sinoextrud.com\/product\/6000-series-alloy-extruded-aluminium-profile-for-industrial-solar-panel-frame-structure\/\" target=\"_blank\">6000 Series Alloy Extruded Aluminium Profile For Industrial Solar Panel Frame Structure<\/a><\/li>\r\n<li><a href=\"https:\/\/sinoextrud.com\/product\/aluminium-sliding-door-matt-black\/\" target=\"_blank\">Aluminium Sliding Door Matt Black<\/a><\/li>\r\n<li><a href=\"https:\/\/sinoextrud.com\/product\/aluminium-sliding-door-champagne-colour\/\" target=\"_blank\">Aluminium Sliding Door Champagne colour<\/a><\/li>\r\n<li><a href=\"https:\/\/sinoextrud.com\/product\/aluminium-sliding-door-electrophoresis-golden\/\" target=\"_blank\">Aluminium Sliding Door Electrophoresis Golden<\/a><\/li>\r\n<li><a href=\"https:\/\/sinoextrud.com\/product\/extruded-aluminium-profile-tube-pipe-with-oval-trigle-square-round-shape-manufacturer-price\/\" target=\"_blank\">Extruded Aluminium Profile Tube Pipe With Oval Trigle Square Round Shape Manufacturer Price<\/a><\/li>\r\n<li><a href=\"https:\/\/sinoextrud.com\/product\/aluminium-sliding-door-brushed-grey\/\" target=\"_blank\">Aluminium Sliding Door Brushed Grey<\/a><\/li>\r\n<li><a href=\"https:\/\/sinoextrud.com\/product\/aluminium-sliding-door-matt-grey\/\" target=\"_blank\">Aluminium Sliding Door Matt Grey<\/a><\/li>\r\n<li><a href=\"https:\/\/sinoextrud.com\/product\/80-x-80-aluminium-extrusion\/\" target=\"_blank\">80 X 80 Aluminium Extrusion<\/a><\/li>\r\n<li><a href=\"https:\/\/sinoextrud.com\/product\/aluminium-industrial-profile\/\" target=\"_blank\">Aluminium Industrial Profile<\/a><\/li>"},"feature_list":[]},"_links":{"self":[{"href":"https:\/\/sinoextrud.com\/hu\/wp-json\/wp\/v2\/product\/6837","targetHints":{"allow":["GET"]}}],"collection":[{"href":"https:\/\/sinoextrud.com\/hu\/wp-json\/wp\/v2\/product"}],"about":[{"href":"https:\/\/sinoextrud.com\/hu\/wp-json\/wp\/v2\/types\/product"}],"wp:featuredmedia":[{"embeddable":true,"href":"https:\/\/sinoextrud.com\/hu\/wp-json\/wp\/v2\/media\/6836"}],"wp:attachment":[{"href":"https:\/\/sinoextrud.com\/hu\/wp-json\/wp\/v2\/media?parent=6837"}],"wp:term":[{"taxonomy":"category","embeddable":true,"href":"https:\/\/sinoextrud.com\/hu\/wp-json\/wp\/v2\/categories?post=6837"}],"curies":[{"name":"wp","href":"https:\/\/api.w.org\/{rel}","templated":true}]}}