{"id":6835,"date":"2025-06-03T01:27:51","date_gmt":"2025-06-03T01:27:51","guid":{"rendered":"https:\/\/sinoextrud.com\/product\/aluminium-sliding-door-matt-black\/"},"modified":"2025-06-24T06:11:47","modified_gmt":"2025-06-24T06:11:47","slug":"aluminium-toloajto-matt-fekete","status":"publish","type":"product","link":"https:\/\/sinoextrud.com\/hu\/product\/aluminium-sliding-door-matt-black\/","title":{"rendered":"Alum\u00ednium tol\u00f3ajt\u00f3 matt fekete"},"content":{"rendered":"<h2>Term\u00e9kek r\u00e9szletei<\/h2>\n<table class=\"custom-table\">\n<tr>\n<td class=\"label\">T\u00e9tel:<\/td>\n<td>Alum\u00ednium profil alum\u00ednium tol\u00f3ajt\u00f3hoz matt fekete<\/td>\n<\/tr>\n<tr>\n<td class=\"label\">Anyag:<\/td>\n<td>100% alum\u00ednium profil \u00f6tv\u00f6zet :6063-T5, 6061-T6, 6463-T5, 6082, 6013 stb.<\/td>\n<\/tr>\n<tr>\n<td class=\"label\">M\u00e1rka :<\/td>\n<td>Sinoextrud\/Sinoextrud\/Sinoextrud\/Sinoextrud alum\u00ednium<\/td>\n<\/tr>\n<tr>\n<td class=\"label\">M\u00e9ret:<\/td>\n<td>1m-9m vagy egyedi m\u00e9ret<\/td>\n<\/tr>\n<tr>\n<td class=\"label\">Alkalmaz\u00e1s<\/td>\n<td>B\u00fatorok, ablakok \u00e9s ajt\u00f3k, dekor\u00e1ci\u00f3k, ipar, \u00e9p\u00edt\u0151ipar stb.<\/td>\n<\/tr>\n<tr>\n<td class=\"label\">Sz\u00ednek:<\/td>\n<td>Elox\u00e1lt, fa szemcs\u00e9s, porsz\u00f3rt, elox\u00e1lt pol\u00edrozott \u00e9s csiszolt, elektrofor\u00e9zis, flurokarbon porsz\u00f3rt stb.<\/td>\n<\/tr>\n<tr>\n<td class=\"label\">MOQ:<\/td>\n<td>200KG minden egyes profilhoz<\/td>\n<\/tr>\n<tr>\n<td class=\"label\">OEM szolg\u00e1ltat\u00e1s<\/td>\n<td>a megrendel\u0151 \u00e1ltal tervezett rajzok vagy mint\u00e1k alapj\u00e1n<\/td>\n<\/tr>\n<tr>\n<td class=\"label\">El\u00e9rhet\u0151 tan\u00fas\u00edt\u00e1s<\/td>\n<td>ISO: 9001, SONCAP, BV tan\u00fas\u00edtv\u00e1ny vagy \u00fcgyfelek tan\u00fas\u00edtv\u00e1nya rendelkez\u00e9sre \u00e1ll<\/td>\n<\/tr>\n<tr>\n<td class=\"label\">Csomagol\u00e1s r\u00e9szletei<\/td>\n<td>(1) Bel\u00fcl: m\u0171anyag v\u00e9d\u0151f\u00f3li\u00e1val csomagolva az egyes profilok v\u00e9delme \u00e9rdek\u00e9ben<br \/>\n(2) K\u00fcls\u0151: v\u00edz\u00e1ll\u00f3 er\u0151pap\u00edrral csomagolva<\/td>\n<\/tr>\n<tr>\n<td class=\"label\">Sz\u00e1ll\u00edt\u00e1si id\u0151:<\/td>\n<td>(1) Die Fejleszt\u00e9s \u00e9s mintateszt: 12-18 nap.<br \/>\n(2) Gy\u00e1rt\u00e1si id\u0151tartam: 25-30 nap, miut\u00e1n a mint\u00e1t a vev\u0151 meger\u0151s\u00edtette.<\/td>\n<\/tr>\n<tr>\n<td class=\"label\">Fizet\u00e9si felt\u00e9telek:<\/td>\n<td>T \/ T, 30% el\u0151leg, m\u00edg az egyenleget a sz\u00e1ll\u00edt\u00e1s el\u0151tt kell kifizetni.<\/td>\n<\/tr>\n<tr>\n<td class=\"label\">Elsz\u00e1mol\u00e1si hat\u00e1rid\u0151:<\/td>\n<td>A v\u00e9gs\u0151 kifizet\u00e9s a t\u00e9nyleges fizikai m\u00e9rlegel\u00e9s alapj\u00e1n t\u00f6rt\u00e9nik.<\/td>\n<\/tr>\n<tr>\n<td class=\"label\">Termel\u00e9si kapacit\u00e1s:<\/td>\n<td>15000+ tonna havonta.<\/td>\n<\/tr>\n<tr>\n<td class=\"label\">Termel\u00e9si garancia<\/td>\n<td>A fel\u00fcleti sz\u00edn belt\u00e9ri haszn\u00e1lat eset\u00e9n 10~20 \u00e9vig k\u00e9pes fenntartani.<\/td>\n<\/tr>\n<tr>\n<td class=\"label\">Kik\u00f6t\u0151:<\/td>\n<td>FOB Shenzhen, Guangzhou, Foshan<\/td>\n<\/tr>\n<\/table>\n<h2>Gy\u00e1rt\u00f3 b\u00e1zisunk<\/h2>\n<h3>Gy\u00e1ri panor\u00e1ma<\/h3>\n<p><img decoding=\"async\" src=\"\/wp-content\/uploads\/factory-01.webp\"\/><\/p>\n<h3>Alum\u00ednium r\u00fadgy\u00e1rt\u00f3 m\u0171hely<\/h3>\n<p><img decoding=\"async\" src=\"\/wp-content\/uploads\/factory-02.webp\"\/><\/p>\n<\/p>\n<p><img decoding=\"async\" src=\"\/wp-content\/uploads\/factory-03.webp\"\/><\/p>\n<h3>Pen\u00e9sz rakt\u00e1r<\/h3>\n<p><img decoding=\"async\" src=\"\/wp-content\/uploads\/factory-04.webp\"\/><\/p>\n<h3>43 alum\u00ednium extrud\u00e1l\u00f3 vonal (500-5500 tonna)<\/h3>\n<p><img decoding=\"async\" src=\"\/wp-content\/uploads\/factory-05.webp\"\/><\/p>\n<p><img decoding=\"async\" src=\"\/wp-content\/uploads\/factory-06.webp\"\/><\/p>\n<p><img decoding=\"async\" src=\"\/wp-content\/uploads\/factory-07.webp\"\/><\/p>\n<h3>Porfest\u0151 m\u0171hely<\/h3>\n<p><img decoding=\"async\" src=\"\/wp-content\/uploads\/factory-09.webp\"\/><\/p>\n<h3>Anodiz\u00e1l\u00f3 m\u0171hely<\/h3>\n<p><img decoding=\"async\" src=\"\/wp-content\/uploads\/factory-10.webp\"\/><\/p>\n<h3>M\u00e9ly feldolgoz\u00e1si m\u0171hely<\/h3>\n<p><img decoding=\"async\" src=\"\/wp-content\/uploads\/factory-11.webp\"\/><\/p>\n<h3>CNC prec\u00edzi\u00f3s megmunk\u00e1l\u00f3 m\u0171hely<\/h3>\n<p><img decoding=\"async\" src=\"\/wp-content\/uploads\/factory-11.5.webp\"\/><\/p>\n<h3>K\u00e9szterm\u00e9k \u00e9s export rakt\u00e1r<\/h3>\n<p><img decoding=\"async\" src=\"\/wp-content\/uploads\/factory-12.webp\"\/><\/p>\n<p><img decoding=\"async\" src=\"\/wp-content\/uploads\/factory-13.webp\"\/><\/p>\n<p><img decoding=\"async\" src=\"\/wp-content\/uploads\/factory-14.webp\"\/><\/p>\n<h2>GYIK<\/h2>\n<p><b>1.Mi az a matt fekete alum\u00ednium tol\u00f3ajt\u00f3profil? <\/b><\/p>\n<p> Ez egy matt fekete fel\u00fcletkezel\u00e9s\u0171 alum\u00ednium sajtolt term\u00e9k, amelyet modern tol\u00f3ajt\u00f3rendszerekben val\u00f3 haszn\u00e1latra terveztek otthonokba \u00e9s kereskedelmi helyis\u00e9gekbe.\n<\/p>\n<p><\/p>\n<p><b>2.Mi\u00e9rt v\u00e1lassza a mattfekete sz\u00ednt az alum\u00ednium tol\u00f3ajt\u00f3khoz? <\/b><\/p>\n<p> A matt fekete sz\u00edn mer\u00e9sz, minimalista eszt\u00e9tik\u00e1t k\u00edn\u00e1l, \u00e9s ellen\u00e1ll az ujjlenyomatoknak \u00e9s a foltoknak, \u00edgy ide\u00e1lis a sok \u00e9rint\u00e9st ig\u00e9nyl\u0151 fel\u00fcletekhez.\n<\/p>\n<p><\/p>\n<p><b>3.Milyen t\u00edpus\u00fa fel\u00fcletkezel\u00e9st haszn\u00e1lnak a matt fekete sz\u00ednhez? <\/b><\/p>\n<p> \u00c1ltal\u00e1ban porsz\u00f3r\u00e1ssal vagy elox\u00e1lt fel\u00fcletkezel\u00e9ssel tart\u00f3s, nem f\u00e9nyes fekete fel\u00fcletet \u00e9rnek el, amely kiv\u00e1l\u00f3 id\u0151j\u00e1r\u00e1s\u00e1ll\u00f3s\u00e1ggal rendelkezik.\n<\/p>\n<p><\/p>\n<p><b>4.A 6063-T5 \u00f6tv\u00f6zet alkalmas tol\u00f3ajt\u00f3profilokhoz? <\/b><\/p>\n<p> Igen, a 6063-T5 alum\u00edniumot sz\u00e9les k\u00f6rben haszn\u00e1lj\u00e1k tol\u00f3ajt\u00f3khoz szil\u00e1rds\u00e1ga, sima fel\u00fclete \u00e9s k\u00f6nny\u0171 gy\u00e1rthat\u00f3s\u00e1ga miatt.\n<\/p>\n<p><\/p>\n<p><b>5.A profil m\u00e9rete \u00e9s alakja testre szabhat\u00f3? <\/b><\/p>\n<p> A gy\u00e1rt\u00f3k term\u00e9szetesen OEM-szolg\u00e1ltat\u00e1sokat k\u00edn\u00e1lnak egyedi m\u00e9retek, keresztmetszetek \u00e9s integr\u00e1ci\u00f3s jellemz\u0151k el\u0151\u00e1ll\u00edt\u00e1s\u00e1ra.\n<\/p>\n<p><\/p>\n<p><b>6.Alkalmasak-e a matt fekete profilok k\u00fclt\u00e9ri haszn\u00e1latra? <\/b><\/p>\n<p> Igen, a bevonatos fel\u00fclet UV- \u00e9s korr\u00f3zi\u00f3\u00e1ll\u00f3, \u00edgy ide\u00e1lisak teraszokra, erk\u00e9lyekre \u00e9s m\u00e1s k\u00fclt\u00e9ri berendez\u00e9sekre.\n<\/p>\n<p><\/p>\n<p><b>7.Milyen alkalmaz\u00e1sokhoz haszn\u00e1lnak matt fekete tol\u00f3ajt\u00f3profilokat? <\/b><\/p>\n<p> Gyakori alkalmaz\u00e1sok k\u00f6z\u00e9 tartoznak a gardr\u00f3bszekr\u00e9nyek, szobai v\u00e1laszfalak, kirakatok, valamint a luxus otthoni \u00e9s irodai tol\u00f3ajt\u00f3k.\n<\/p>\n<p><\/p>\n<p><b>8.Hol szerezhetek be matt fekete tol\u00f3ajt\u00f3profilokat \u00f6mlesztve? <\/b><\/p>\n<p> A j\u00f3 h\u00edr\u0171 k\u00ednai gy\u00e1rt\u00f3k t\u00f6meges sz\u00e1ll\u00edt\u00e1st, versenyk\u00e9pes \u00e1rakat \u00e9s testreszab\u00e1st k\u00edn\u00e1lnak nagyszab\u00e1s\u00fa \u00e9p\u00edt\u00e9szeti vagy b\u00fatoripari projektekhez.\n<\/p>\n<p><\/p>","protected":false},"featured_media":6834,"template":"","categories":[67],"class_list":["post-6835","product","type-product","status-publish","has-post-thumbnail","hentry","category-architectural-aluminium-profile"],"meta_box":{"hilight_text_group":{"product_hilight_text":"<li>Matt black aluminium sliding door profiles for a sleek, contemporary architectural finish<\/li>\r\r\n<li>Crafted from high-quality 6063-T5 alloy, offering excellent strength and corrosion resistance<\/li>\r\r\n<li>Matt black powder coating or anodized finish ensures durability and fingerprint resistance<\/li>\r\r\n<li>Suitable for interior wardrobes, room dividers, and exterior patio doors in residential or commercial settings<\/li>\r\r\n<li>OEM customization available for size, shape, thickness, and compatible hardware integration<\/li>","product_chanpin_blog":"<ul>\r\r\n<li><a href=\"https:\/\/sinoextrud.com\/t-slot-v-slot-differences\/\" target=\"_blank\">t slot vs v slot<\/a><\/li>\r\r\n<li><a href=\"https:\/\/sinoextrud.com\/what-is-4040-aluminium-extrud\/\" target=\"_blank\">4040 aluminium extrusion<\/a><\/li>\r\r\n<li><a href=\"https:\/\/sinoextrud.com\/what-is-4040-aluminium-extrud\/\" target=\"_blank\">aluminum extrusions for industrial racks<\/a><\/li>\r\r\n<li><a href=\"https:\/\/sinoextrud.com\/powder-coating-aluminium-process\/\" target=\"_blank\">powder coating aluminium<\/a><\/li>\r\r\n<li><a href=\"https:\/\/sinoextrud.com\/what-is-an-aluminium-strip-ceiling\/\" target=\"_blank\">aluminium strip ceiling<\/a><\/li>\r\r\n<li><a href=\"https:\/\/sinoextrud.com\/what-is-a-heat-sink\/\" target=\"_blank\">what is a heat sink<\/a><\/li>\r\r\n<\/ul>","product_chanpin_chanpin":"<li><a href=\"https:\/\/sinoextrud.com\/product\/aluminium-sliding-door-brushed-silver\/\" target=\"_blank\">Aluminium Sliding Door Brushed Silver<\/a><\/li>\r\n<li><a href=\"https:\/\/sinoextrud.com\/product\/aluminium-sliding-door-matt-bronze\/\" target=\"_blank\">Aluminium Sliding Door Matt Bronze<\/a><\/li>\r\n<li><a href=\"https:\/\/sinoextrud.com\/product\/aluminium-extrusion-connectors\/\" target=\"_blank\">Aluminium Extrusion Connectors<\/a><\/li>\r\n<li><a href=\"https:\/\/sinoextrud.com\/product\/6000-series-alloy-extruded-aluminium-profile-for-industrial-solar-panel-frame-structure\/\" target=\"_blank\">6000 Series Alloy Extruded Aluminium Profile For Industrial Solar Panel Frame Structure<\/a><\/li>\r\n<li><a href=\"https:\/\/sinoextrud.com\/product\/aluminium-sliding-door-matt-black\/\" target=\"_blank\">Aluminium Sliding Door Matt Black<\/a><\/li>\r\n<li><a href=\"https:\/\/sinoextrud.com\/product\/aluminium-sliding-door-champagne-colour\/\" target=\"_blank\">Aluminium Sliding Door Champagne colour<\/a><\/li>\r\n<li><a href=\"https:\/\/sinoextrud.com\/product\/aluminium-sliding-door-electrophoresis-golden\/\" target=\"_blank\">Aluminium Sliding Door Electrophoresis Golden<\/a><\/li>\r\n<li><a href=\"https:\/\/sinoextrud.com\/product\/extruded-aluminium-profile-tube-pipe-with-oval-trigle-square-round-shape-manufacturer-price\/\" target=\"_blank\">Extruded Aluminium Profile Tube Pipe With Oval Trigle Square Round Shape Manufacturer Price<\/a><\/li>\r\n<li><a href=\"https:\/\/sinoextrud.com\/product\/aluminium-sliding-door-brushed-grey\/\" target=\"_blank\">Aluminium Sliding Door Brushed Grey<\/a><\/li>\r\n<li><a href=\"https:\/\/sinoextrud.com\/product\/customized-aluminium-heavy-duty-door-hinge\/\" target=\"_blank\">Customized Aluminium Heavy Duty Door Hinge<\/a><\/li>\r\n<li><a href=\"https:\/\/sinoextrud.com\/product\/aluminum-profile-roller-blinds-rails\/\" target=\"_blank\">Aluminum Profile Roller Blinds Rails<\/a><\/li>"},"feature_list":[]},"_links":{"self":[{"href":"https:\/\/sinoextrud.com\/hu\/wp-json\/wp\/v2\/product\/6835","targetHints":{"allow":["GET"]}}],"collection":[{"href":"https:\/\/sinoextrud.com\/hu\/wp-json\/wp\/v2\/product"}],"about":[{"href":"https:\/\/sinoextrud.com\/hu\/wp-json\/wp\/v2\/types\/product"}],"wp:featuredmedia":[{"embeddable":true,"href":"https:\/\/sinoextrud.com\/hu\/wp-json\/wp\/v2\/media\/6834"}],"wp:attachment":[{"href":"https:\/\/sinoextrud.com\/hu\/wp-json\/wp\/v2\/media?parent=6835"}],"wp:term":[{"taxonomy":"category","embeddable":true,"href":"https:\/\/sinoextrud.com\/hu\/wp-json\/wp\/v2\/categories?post=6835"}],"curies":[{"name":"wp","href":"https:\/\/api.w.org\/{rel}","templated":true}]}}