{"id":6817,"date":"2025-06-02T13:12:31","date_gmt":"2025-06-02T13:12:31","guid":{"rendered":"https:\/\/sinoextrud.com\/product\/6000-series-extrusion-of-aluminum-alloy-profile-for-furniture\/"},"modified":"2025-06-24T06:11:46","modified_gmt":"2025-06-24T06:11:46","slug":"6000-sorozatu-extrudalas-aluminium-otvozetbol-keszult-profil-butorokhoz","status":"publish","type":"product","link":"https:\/\/sinoextrud.com\/hu\/product\/6000-series-extrusion-of-aluminum-alloy-profile-for-furniture\/","title":{"rendered":"6000 sorozat\u00fa extrud\u00e1l\u00e1s alum\u00ednium \u00f6tv\u00f6zetb\u0151l k\u00e9sz\u00fclt profil a b\u00fatorokhoz"},"content":{"rendered":"<h2>Term\u00e9kek r\u00e9szletei<\/h2>\n<table class=\"custom-table\">\n<tr>\n<td class=\"label\">T\u00e9tel:<\/td>\n<td>6000 sorozat\u00fa extrud\u00e1l\u00e1s alum\u00ednium \u00f6tv\u00f6zetb\u0151l k\u00e9sz\u00fclt profil a b\u00fatorokhoz<\/td>\n<\/tr>\n<tr>\n<td class=\"label\">Alak:<\/td>\n<td>az \u00fcgyf\u00e9l rajzai szerint<\/td>\n<\/tr>\n<tr>\n<td class=\"label\">Lelkiismeretesen:<\/td>\n<td>T3-T8<\/td>\n<\/tr>\n<tr>\n<td class=\"label\">\u00f6tv\u00f6zet:<\/td>\n<td>\u00d6tv\u00f6zet<\/td>\n<\/tr>\n<tr>\n<td class=\"label\">OEM tervez\u00e9s\/mint\u00e1k:<\/td>\n<td>\u00dcdv\u00f6z\u00f6lj\u00fck\/elfogadjuk<\/td>\n<\/tr>\n<tr>\n<td class=\"label\">V\u00e9djegy:<\/td>\n<td> Sinoextrud (Sinoextrud) \/ OEM<\/td>\n<\/tr>\n<tr>\n<td class=\"label\">Specifik\u00e1ci\u00f3:<\/td>\n<td>Az \u00fcgyf\u00e9l tervei szerint<\/td>\n<\/tr>\n<tr>\n<td class=\"label\">Oszt\u00e1ly:<\/td>\n<td> 6000-es sorozat<\/td>\n<\/tr>\n<tr>\n<td class=\"label\">Tan\u00fas\u00edt\u00e1s:<\/td>\n<td> CE, ISO, RoHS<\/td>\n<\/tr>\n<tr>\n<td class=\"label\">Tesztjelent\u00e9s:<\/td>\n<td> Igen<\/td>\n<\/tr>\n<tr>\n<td class=\"label\">Sz\u00ednek:<\/td>\n<td>Ez\u00fcst, fekete, arany, piros, feh\u00e9r stb.<\/td>\n<\/tr>\n<tr>\n<td class=\"label\">Sz\u00e1ll\u00edt\u00e1si csomag:<\/td>\n<td>M\u0171anyag v\u00e9d\u0151f\u00f3lia \u00e9s v\u00edz\u00e1ll\u00f3 k\u00e9zm\u0171ves pap\u00edr<\/td>\n<\/tr>\n<tr>\n<td class=\"label\">Eredet:<\/td>\n<td> Foshan, Guangdong, K\u00edna<\/td>\n<\/tr>\n<\/table>\n<h2>Gy\u00e1rt\u00f3 b\u00e1zisunk<\/h2>\n<h3>Gy\u00e1ri panor\u00e1ma<\/h3>\n<p><img decoding=\"async\" src=\"\/wp-content\/uploads\/factory-01.webp\"\/><\/p>\n<h3>Alum\u00ednium r\u00fadgy\u00e1rt\u00f3 m\u0171hely<\/h3>\n<p><img decoding=\"async\" src=\"\/wp-content\/uploads\/factory-02.webp\"\/><\/p>\n<p><img decoding=\"async\" src=\"\/wp-content\/uploads\/factory-03.webp\"\/><\/p>\n<h3>Pen\u00e9sz rakt\u00e1r<\/h3>\n<p><img decoding=\"async\" src=\"\/wp-content\/uploads\/factory-04.webp\"\/><\/p>\n<h3>43 alum\u00ednium extrud\u00e1l\u00f3 vonal (500-5500 tonna)<\/h3>\n<p><img decoding=\"async\" src=\"\/wp-content\/uploads\/factory-05.webp\"\/><\/p>\n<p><img decoding=\"async\" src=\"\/wp-content\/uploads\/factory-06.webp\"\/><\/p>\n<p><img decoding=\"async\" src=\"\/wp-content\/uploads\/factory-07.webp\"\/><\/p>\n<h3>Porfest\u0151 m\u0171hely<\/h3>\n<p><img decoding=\"async\" src=\"\/wp-content\/uploads\/factory-09.webp\"\/><\/p>\n<h3>Anodiz\u00e1l\u00f3 m\u0171hely<\/h3>\n<p><img decoding=\"async\" src=\"\/wp-content\/uploads\/factory-10.webp\"\/><\/p>\n<h3>M\u00e9ly feldolgoz\u00e1si m\u0171hely<\/h3>\n<p><img decoding=\"async\" src=\"\/wp-content\/uploads\/factory-11.webp\"\/><\/p>\n<h3>CNC prec\u00edzi\u00f3s megmunk\u00e1l\u00f3 m\u0171hely<\/h3>\n<p><img decoding=\"async\" src=\"\/wp-content\/uploads\/factory-11.5.webp\"\/><\/p>\n<h3>K\u00e9szterm\u00e9k \u00e9s export rakt\u00e1r<\/h3>\n<p><img decoding=\"async\" src=\"\/wp-content\/uploads\/factory-12.webp\"\/><\/p>\n<p><img decoding=\"async\" src=\"\/wp-content\/uploads\/factory-13.webp\"\/><\/p>\n<p><img decoding=\"async\" src=\"\/wp-content\/uploads\/factory-14.webp\"\/><\/p>\n<h2>GYIK<\/h2>\n<p><p><b>1.What a 6000 sorozat\u00fa alum\u00ednium\u00f6tv\u00f6zetet haszn\u00e1lj\u00e1k a b\u00fatorprofilokban? <\/b><\/p>\n<p> A 6000-es sorozat, k\u00fcl\u00f6n\u00f6sen a 6061 \u00e9s 6063, j\u00f3 egyens\u00falyt biztos\u00edt a szil\u00e1rds\u00e1g, a korr\u00f3zi\u00f3\u00e1ll\u00f3s\u00e1g \u00e9s az alak\u00edthat\u00f3s\u00e1g k\u00f6z\u00f6tt, \u00edgy t\u00f6k\u00e9letes az alum\u00ednium b\u00fatorkeretekhez.<br \/>\n<\/p><br \/>\n<br \/>\n<p><b>2.Mi\u00e9rt haszn\u00e1lja az alum\u00ednium extrud\u00e1lt profilokat b\u00fatorokhoz? <\/b><\/p>\n<p> Az alum\u00edniumprofilok k\u00f6nny\u0171ek, tart\u00f3sak, k\u00f6nnyen alak\u00edthat\u00f3k \u00e9s korr\u00f3zi\u00f3\u00e1ll\u00f3ak, \u00edgy ide\u00e1lisak a modul\u00e1ris, modern \u00e9s k\u00fclt\u00e9ri b\u00fatorok tervez\u00e9s\u00e9hez.<br \/>\n<\/p><br \/>\n<br \/>\n<p><b>3.Milyen fel\u00fcletek \u00e1llnak rendelkez\u00e9sre a 6000-es sorozat\u00fa b\u00fator alum\u00ednium profilokhoz? <\/b><\/p>\n<p> A k\u00fcl\u00f6nb\u00f6z\u0151 eszt\u00e9tikai \u00e9s funkcion\u00e1lis ig\u00e9nyeknek megfelel\u0151 elox\u00e1lt, porfestett, fa szemcs\u00e9s, csiszolt \u00e9s pol\u00edrozott kivitelek \u00e1llnak rendelkez\u00e9sre.<br \/>\n<\/p><br \/>\n<br \/>\n<p><b>4.Lehet ezeket az alum\u00ednium profilokat k\u00fcl\u00f6nb\u00f6z\u0151 b\u00fatorst\u00edlusokhoz testre szabni? <\/b><\/p>\n<p> Igen, a profilok extrud\u00e1lhat\u00f3k egyedi form\u00e1kban \u00e9s m\u00e9retekben, hogy megfeleljenek a kort\u00e1rs, minimalista vagy ipari b\u00fatordiz\u00e1jnnak.<br \/>\n<\/p><br \/>\n<br \/>\n<p><b>5.Alkalmasak-e a 6000-es sorozat\u00fa alum\u00edniumprofilok k\u00fclt\u00e9ri b\u00fatorokhoz? <\/b><\/p>\n<p> Abszol\u00fat, k\u00fcl\u00f6n\u00f6sen elox\u00e1lt vagy porsz\u00f3rt bevonattal ezek a profilok ellen\u00e1llnak az id\u0151j\u00e1r\u00e1s viszontags\u00e1gainak \u00e9s meg\u0151rzik k\u00fclt\u00e9ri megjelen\u00e9s\u00fcket.<br \/>\n<\/p><br \/>\n<br \/>\n<p><b>6.Hogyan haszn\u00e1lj\u00e1k ezeket a profilokat a b\u00fatorgy\u00e1rt\u00e1sban? <\/b><\/p>\n<p> Sz\u00e9kek, asztalok, szekr\u00e9nyek \u00e9s polcok keretei, l\u00e1bai, t\u00e1maszt\u00e9kai, cs\u00fasz\u00f3 rendszerek \u00e9s d\u00edsz\u00edt\u0151 d\u00edszl\u00e9cek k\u00e9sz\u00fclnek bel\u0151l\u00fck.<br \/>\n<\/p><br \/>\n<br \/>\n<p><b>7.Az alum\u00ednium b\u00fatorok k\u00f6rnyezetileg fenntarthat\u00f3ak? <\/b><\/p>\n<p> Igen, az alum\u00ednium 100% \u00fajrahasznos\u00edthat\u00f3, \u00e9s hossz\u00fa \u00e9lettartama \u00e9s minim\u00e1lis k\u00f6rnyezeti hat\u00e1sa miatt sz\u00e9les k\u00f6rben haszn\u00e1lj\u00e1k a fenntarthat\u00f3 b\u00fatorgy\u00e1rt\u00e1sban.<br \/>\n<\/p><br \/>\n<br \/>\n<p><b>8.Hol gy\u00e1rtj\u00e1k ezeket a profilokat? <\/b><\/p>\n<p> Sok kiv\u00e1l\u00f3 min\u0151s\u00e9g\u0171 alum\u00ednium b\u00fatorprofilokat gy\u00e1rtanak a k\u00ednai gy\u00e1rt\u00f3k, amelyek OEM szolg\u00e1ltat\u00e1sokat k\u00edn\u00e1lnak versenyk\u00e9pes \u00e1ron.<br \/>\n<\/p><br \/><\/p>","protected":false},"featured_media":6816,"template":"","categories":[67],"class_list":["post-6817","product","type-product","status-publish","has-post-thumbnail","hentry","category-architectural-aluminium-profile"],"meta_box":{"hilight_text_group":{"product_hilight_text":"<li>Furniture-grade aluminum profiles extruded from 6000 series alloys, primarily 6061 and 6063<\/li>\r\r\n<li>Combines lightweight design with excellent strength, ideal for structural and decorative use<\/li>\r\r\n<li>Superior corrosion resistance, suitable for both indoor and outdoor furniture applications<\/li>\r\r\n<li>Available in anodized, powder-coated, brushed, and wood grain finishes for design versatility<\/li>\r\r\n<li>Customizable in cross-section, length, and surface treatment to match furniture styles<\/li>","product_chanpin_blog":"<ul>\r\r\n<li><a href=\"https:\/\/sinoextrud.com\/t-slot-v-slot-differences\/\" target=\"_blank\">t slot vs v slot<\/a><\/li>\r\r\n<li><a href=\"https:\/\/sinoextrud.com\/what-is-4040-aluminium-extrud\/\" target=\"_blank\">4040 aluminium extrusion<\/a><\/li>\r\r\n<li><a href=\"https:\/\/sinoextrud.com\/what-is-4040-aluminium-extrud\/\" target=\"_blank\">aluminum extrusions for industrial racks<\/a><\/li>\r\r\n<li><a href=\"https:\/\/sinoextrud.com\/powder-coating-aluminium-process\/\" target=\"_blank\">powder coating aluminium<\/a><\/li>\r\r\n<li><a href=\"https:\/\/sinoextrud.com\/what-is-an-aluminium-strip-ceiling\/\" target=\"_blank\">aluminium strip ceiling<\/a><\/li>\r\r\n<li><a href=\"https:\/\/sinoextrud.com\/what-is-a-heat-sink\/\" target=\"_blank\">what is a heat sink<\/a><\/li>\r\r\n<\/ul>","product_chanpin_chanpin":"<li><a href=\"https:\/\/sinoextrud.com\/product\/aluminum-sliding-door-frames-extrusion-profile-with-custom-shape-alloy-6063-for-furnitures-decoration\/\" target=\"_blank\">Aluminum Sliding Door Frames Extrusion Profile With Custom Shape Alloy 6063 For Furnitures Decoration<\/a><\/li>\r\n<li><a href=\"https:\/\/sinoextrud.com\/product\/aluminium-alloy-profile-for-cleaning-room-with-good-quality-manufacturer-china\/\" target=\"_blank\">Aluminium Alloy Profile For Cleaning Room With Good Quality Manufacturer China<\/a><\/li>\r\n<li><a href=\"https:\/\/sinoextrud.com\/product\/wood-grain-allow-box-aluminium-section\/\" target=\"_blank\">Wood Grain Allow Box aluminium Section<\/a><\/li>\r\n<li><a href=\"https:\/\/sinoextrud.com\/product\/top-grade-expanded-metal-aluminium-profiles-partition-frame-for-doors-and-windows\/\" target=\"_blank\">Top Grade Expanded Metal Aluminium Profiles Partition Frame For Doors And Windows<\/a><\/li>\r\n<li><a href=\"https:\/\/sinoextrud.com\/product\/6000-series-extrusion-of-aluminum-alloy-profile-for-furniture\/\" target=\"_blank\">6000 Series Extrusion Of Aluminum Alloy Profile for Furniture<\/a><\/li>\r\n<li><a href=\"https:\/\/sinoextrud.com\/product\/sliding-door-aluminium-profile-bronze-colour\/\" target=\"_blank\">Sliding Door Aluminium Profile Bronze Colour<\/a><\/li>\r\n<li><a href=\"https:\/\/sinoextrud.com\/product\/heavy-duty-aluminium-sliding-door-golden\/\" target=\"_blank\">Heavy Duty Aluminium Sliding Door Golden<\/a><\/li>\r\n<li><a href=\"https:\/\/sinoextrud.com\/product\/aluminium-sliding-door-brushed-silver\/\" target=\"_blank\">Aluminium Sliding Door Brushed Silver<\/a><\/li>\r\n<li><a href=\"https:\/\/sinoextrud.com\/product\/aluminium-sliding-door-matt-bronze\/\" target=\"_blank\">Aluminium Sliding Door Matt Bronze<\/a><\/li>\r\n<li><a href=\"https:\/\/sinoextrud.com\/product\/aluminum-extrusion-6061-6082-automotive-bumper-beam\/\" target=\"_blank\">Aluminum Extrusion 6061 6082 Automotive Bumper Beam<\/a><\/li>\r\n<li><a href=\"https:\/\/sinoextrud.com\/product\/aluminium-slot-profile\/\" target=\"_blank\">Aluminium Slot Profile<\/a><\/li>"},"feature_list":[]},"_links":{"self":[{"href":"https:\/\/sinoextrud.com\/hu\/wp-json\/wp\/v2\/product\/6817","targetHints":{"allow":["GET"]}}],"collection":[{"href":"https:\/\/sinoextrud.com\/hu\/wp-json\/wp\/v2\/product"}],"about":[{"href":"https:\/\/sinoextrud.com\/hu\/wp-json\/wp\/v2\/types\/product"}],"wp:featuredmedia":[{"embeddable":true,"href":"https:\/\/sinoextrud.com\/hu\/wp-json\/wp\/v2\/media\/6816"}],"wp:attachment":[{"href":"https:\/\/sinoextrud.com\/hu\/wp-json\/wp\/v2\/media?parent=6817"}],"wp:term":[{"taxonomy":"category","embeddable":true,"href":"https:\/\/sinoextrud.com\/hu\/wp-json\/wp\/v2\/categories?post=6817"}],"curies":[{"name":"wp","href":"https:\/\/api.w.org\/{rel}","templated":true}]}}