{"id":6815,"date":"2025-06-02T13:09:17","date_gmt":"2025-06-02T13:09:17","guid":{"rendered":"https:\/\/sinoextrud.com\/product\/top-grade-expanded-metal-aluminium-profiles-partition-frame-for-doors-and-windows\/"},"modified":"2025-06-24T06:11:44","modified_gmt":"2025-06-24T06:11:44","slug":"kivalo-minosegu-expandalt-fem-aluminium-profilok-ajtok-es-ablakok-valaszokerete","status":"publish","type":"product","link":"https:\/\/sinoextrud.com\/hu\/product\/top-grade-expanded-metal-aluminium-profiles-partition-frame-for-doors-and-windows\/","title":{"rendered":"Top Grade expand\u00e1lt f\u00e9m alum\u00ednium profilok v\u00e1laszfal keret ajt\u00f3khoz \u00e9s ablakokhoz"},"content":{"rendered":"<h2>Term\u00e9kek r\u00e9szletei<\/h2>\n<table class=\"custom-table\">\n<tr>\n<td class=\"label\">T\u00e9tel:<\/td>\n<td>6000 sorozat Top Grade expand\u00e1lt f\u00e9m alum\u00ednium profilok v\u00e1laszfal keret ajt\u00f3khoz \u00e9s ablakokhoz<\/td>\n<\/tr>\n<tr>\n<td class=\"label\">Lelkiismeretesen:<\/td>\n<td>T4-T6<\/td>\n<\/tr>\n<tr>\n<td class=\"label\">A dimenzi\u00f3:<\/td>\n<td>az \u00fcgyf\u00e9l rajza vagy ODM szolg\u00e1ltat\u00e1s szerint.<\/td>\n<\/tr>\n<tr>\n<td class=\"label\">Fel\u00fcleti feldolgoz\u00e1s:<\/td>\n<td>Malomipari kivitel, porsz\u00f3r\u00e1s, elox\u00e1l\u00e1s, homokf\u00fav\u00e1s, csiszolt, pol\u00edrozott stb.<\/td>\n<\/tr>\n<tr>\n<td class=\"label\">M\u00e9lyrehat\u00f3 feldolgoz\u00e1s:<\/td>\n<td>V\u00e1g\u00e1s, f\u00far\u00e1s, lyukaszt\u00e1s, CNC g\u00e9p, menetv\u00e1g\u00e1s, hajl\u00edt\u00e1s, hegeszt\u00e9s, eszterg\u00e1l\u00e1s stb.<\/td>\n<\/tr>\n<tr>\n<td class=\"label\">Csomag:<\/td>\n<td>Az \u00fcgyf\u00e9l ig\u00e9nye szerint. Mint p\u00e9ld\u00e1ul: A vev\u0151 ig\u00e9nye szerint: habpap\u00edr \u00e9s kartondoboz csomag, er\u0151pap\u00edr csomag, m\u0171anyag f\u00f3lia \u00e9s a m\u0171anyag csomagol\u00f3csomag stb.<\/td>\n<\/tr>\n<tr>\n<td class=\"label\">Tan\u00fas\u00edt\u00e1s:<\/td>\n<td>ISO9001:2008,SGS.<\/td>\n<\/tr>\n<tr>\n<td class=\"label\">Alkalmaz\u00e1s:<\/td>\n<td>Ipar, \u00e9p\u00edt\u0151ipar, elektronok, sz\u00e1ll\u00edt\u00e1s, \u0171rrep\u00fcl\u00e9s, b\u00fatorok, energia stb.<\/td>\n<\/tr>\n<tr>\n<td class=\"label\">El\u0151ny\u00f6k:<\/td>\n<td>1.Professional gy\u00e1rt\u00f3<br \/>2.low MOQ<br \/>3. Gyors sz\u00e1ll\u00edt\u00e1s<br \/>4. Min\u0151s\u00e9gi \u00e9s szolg\u00e1ltat\u00e1si garancia<br \/>5.one stop szolg\u00e1ltat\u00e1s<\/td>\n<\/tr>\n<\/table>\n<h2>Gy\u00e1rt\u00f3 b\u00e1zisunk<\/h2>\n<h3>Gy\u00e1ri panor\u00e1ma<\/h3>\n<p><img decoding=\"async\" src=\"\/wp-content\/uploads\/factory-01.webp\"\/><\/p>\n<h3>Alum\u00ednium r\u00fadgy\u00e1rt\u00f3 m\u0171hely<\/h3>\n<p><img decoding=\"async\" src=\"\/wp-content\/uploads\/factory-02.webp\"\/><\/p>\n<p><img decoding=\"async\" src=\"\/wp-content\/uploads\/factory-03.webp\"\/><\/p>\n<h3>Pen\u00e9sz rakt\u00e1r<\/h3>\n<p><img decoding=\"async\" src=\"\/wp-content\/uploads\/factory-04.webp\"\/><\/p>\n<h3>43 alum\u00ednium extrud\u00e1l\u00f3 vonal (500-5500 tonna)<\/h3>\n<p><img decoding=\"async\" src=\"\/wp-content\/uploads\/factory-05.webp\"\/><\/p>\n<p><img decoding=\"async\" src=\"\/wp-content\/uploads\/factory-06.webp\"\/><\/p>\n<p><img decoding=\"async\" src=\"\/wp-content\/uploads\/factory-07.webp\"\/><\/p>\n<h3>Porfest\u0151 m\u0171hely<\/h3>\n<p><img decoding=\"async\" src=\"\/wp-content\/uploads\/factory-09.webp\"\/><\/p>\n<h3>Anodiz\u00e1l\u00f3 m\u0171hely<\/h3>\n<p><img decoding=\"async\" src=\"\/wp-content\/uploads\/factory-10.webp\"\/><\/p>\n<h3>M\u00e9ly feldolgoz\u00e1si m\u0171hely<\/h3>\n<p><img decoding=\"async\" src=\"\/wp-content\/uploads\/factory-11.webp\"\/><\/p>\n<h3>CNC prec\u00edzi\u00f3s megmunk\u00e1l\u00f3 m\u0171hely<\/h3>\n<p><img decoding=\"async\" src=\"\/wp-content\/uploads\/factory-11.5.webp\"\/><\/p>\n<h3>K\u00e9szterm\u00e9k \u00e9s export rakt\u00e1r<\/h3>\n<p><img decoding=\"async\" src=\"\/wp-content\/uploads\/factory-12.webp\"\/><\/p>\n<p><img decoding=\"async\" src=\"\/wp-content\/uploads\/factory-13.webp\"\/><\/p>\n<p><img decoding=\"async\" src=\"\/wp-content\/uploads\/factory-14.webp\"\/><\/p>\n<h2>GYIK<\/h2>\n<p><p><b>1.Mik a v\u00e1laszfalakhoz haszn\u00e1lt alum\u00ednium profilok? <\/b><\/p>\n<p> Ezek expand\u00e1lt f\u00e9mh\u00e1l\u00f3val ell\u00e1tott, extrud\u00e1lt alum\u00edniumkeretek, amelyeket ajt\u00f3k \u00e9s ablakok l\u00e9g\u00e1raml\u00e1ssal \u00e9s biztons\u00e1ggal ell\u00e1tott v\u00e1laszfalak vagy panelek l\u00e9trehoz\u00e1s\u00e1ra haszn\u00e1lnak.<br \/>\n<\/p><br \/>\n<br \/>\n<p><b>2.Milyen el\u0151ny\u00f6kkel j\u00e1r a ny\u00fajtott f\u00e9mprofilok haszn\u00e1lata az ajt\u00f3k \u00e9s ablakok eset\u00e9ben? <\/b><\/p>\n<p> Szell\u0151z\u00e9st, f\u00e9ny\u00e1tereszt\u00e9st \u00e9s fokozott szil\u00e1rds\u00e1got biztos\u00edtanak, mik\u00f6zben fenntartj\u00e1k a biztons\u00e1got \u00e9s a mag\u00e1n\u00e9letet, \u00edgy ide\u00e1lisak kereskedelmi \u00e9s ipari k\u00f6rnyezetben.<br \/>\n<\/p><br \/>\n<br \/>\n<p><b>3.Milyen \u00f6tv\u00f6zetet haszn\u00e1lnak ezekhez az alum\u00edniumprofilokhoz? <\/b><\/p>\n<p> A profilok 6063-T5 alum\u00ednium\u00f6tv\u00f6zetb\u0151l k\u00e9sz\u00fclnek, amely kiv\u00e1l\u00f3 fel\u00fcleti min\u0151s\u00e9g\u00e9r\u0151l, korr\u00f3zi\u00f3\u00e1ll\u00f3s\u00e1g\u00e1r\u00f3l \u00e9s extrud\u00e1l\u00e1si teljes\u00edtm\u00e9ny\u00e9r\u0151l ismert.<br \/>\n<\/p><br \/>\n<br \/>\n<p><b>4.Lehet-e testreszabni a kiterjesztett f\u00e9m mint\u00e1kat? <\/b><\/p>\n<p> Igen, a h\u00e1l\u00f3m\u00e9ret, a minta \u00e9s a keret alakja testre szabhat\u00f3 a tervez\u00e9si preferenci\u00e1k \u00e9s a funkcion\u00e1lis k\u00f6vetelm\u00e9nyek alapj\u00e1n.<br \/>\n<\/p><br \/>\n<br \/>\n<p><b>5.Milyen fel\u00fcletek \u00e1llnak rendelkez\u00e9sre az alum\u00edniumb\u00f3l k\u00e9sz\u00fclt expand\u00e1lt f\u00e9m v\u00e1laszfal keretekhez? <\/b><\/p>\n<p> Az elox\u00e1l\u00e1s, a porfest\u00e9s \u00e9s a PVDF a fokozott tart\u00f3ss\u00e1g \u00e9s az eszt\u00e9tikai megjelen\u00e9s \u00e9rdek\u00e9ben gyakori fel\u00fcletkezel\u00e9s.<br \/>\n<\/p><br \/>\n<br \/>\n<p><b>6.Alkalmasak-e ezek az alum\u00ednium profilok k\u00fclt\u00e9ri telep\u00edt\u00e9sre? <\/b><\/p>\n<p> Megfelel\u0151 bevonattal felt\u00e9tlen\u00fcl ellen\u00e1llnak a korr\u00f3zi\u00f3nak \u00e9s az id\u0151j\u00e1r\u00e1s viszontags\u00e1gainak, \u00edgy ide\u00e1lisak mind belt\u00e9ri, mind k\u00fclt\u00e9ri alkalmaz\u00e1sokhoz.<br \/>\n<\/p><br \/>\n<br \/>\n<p><b>7.Megfelelnek-e ezek a profilok az \u00e9p\u00edt\u00e9si \u00e9s biztons\u00e1gi el\u0151\u00edr\u00e1soknak? <\/b><\/p>\n<p> Igen, a kiv\u00e1l\u00f3 min\u0151s\u00e9g\u0171 expand\u00e1lt f\u00e9mprofilok a nemzetk\u00f6zi biztons\u00e1gi \u00e9s \u00e9p\u00edt\u00e9szeti szabv\u00e1nyoknak megfelel\u0151en k\u00e9sz\u00fclnek.<br \/>\n<\/p><br \/>\n<br \/>\n<p><b>8.Milyen alkalmaz\u00e1sokban haszn\u00e1lj\u00e1k az ilyen t\u00edpus\u00fa alum\u00ednium v\u00e1laszfalakat? <\/b><\/p>\n<p> Kereskedelmi bej\u00e1ratokban, ipari biztons\u00e1gi burkolatokban, lakoss\u00e1gi biztons\u00e1gi ablakokban \u00e9s szell\u0151z\u0151panelekben haszn\u00e1lj\u00e1k.<br \/>\n<\/p><br \/><\/p>","protected":false},"featured_media":6814,"template":"","categories":[67],"class_list":["post-6815","product","type-product","status-publish","has-post-thumbnail","hentry","category-architectural-aluminium-profile"],"meta_box":{"hilight_text_group":{"product_hilight_text":"<li>Top-grade expanded metal aluminium profiles designed for strong yet lightweight partition frames<\/li>\r\r\n<li>Ideal for doors and windows requiring ventilation, visibility, and structural durability<\/li>\r\r\n<li>Manufactured from premium 6063-T5 alloy for corrosion resistance and long-term performance<\/li>\r\r\n<li>Available in multiple mesh patterns and frame designs to suit architectural and security needs<\/li>\r\r\n<li>Supplied with customizable sizes and finishes including anodized and powder-coated options<\/li>","product_chanpin_blog":"<ul>\r\r\n<li><a href=\"https:\/\/sinoextrud.com\/t-slot-v-slot-differences\/\" target=\"_blank\">t slot vs v slot<\/a><\/li>\r\r\n<li><a href=\"https:\/\/sinoextrud.com\/what-is-4040-aluminium-extrud\/\" target=\"_blank\">4040 aluminium extrusion<\/a><\/li>\r\r\n<li><a href=\"https:\/\/sinoextrud.com\/what-is-4040-aluminium-extrud\/\" target=\"_blank\">aluminum extrusions for industrial racks<\/a><\/li>\r\r\n<li><a href=\"https:\/\/sinoextrud.com\/powder-coating-aluminium-process\/\" target=\"_blank\">powder coating aluminium<\/a><\/li>\r\r\n<li><a href=\"https:\/\/sinoextrud.com\/what-is-an-aluminium-strip-ceiling\/\" target=\"_blank\">aluminium strip ceiling<\/a><\/li>\r\r\n<li><a href=\"https:\/\/sinoextrud.com\/what-is-a-heat-sink\/\" target=\"_blank\">what is a heat sink<\/a><\/li>\r\r\n<\/ul>","product_chanpin_chanpin":"<li><a href=\"https:\/\/sinoextrud.com\/product\/aluminium-profile-louver\/\" target=\"_blank\">Aluminium Profile Louver<\/a><\/li>\r\n<li><a href=\"https:\/\/sinoextrud.com\/product\/aluminum-sliding-door-frames-extrusion-profile-with-custom-shape-alloy-6063-for-furnitures-decoration\/\" target=\"_blank\">Aluminum Sliding Door Frames Extrusion Profile With Custom Shape Alloy 6063 For Furnitures Decoration<\/a><\/li>\r\n<li><a href=\"https:\/\/sinoextrud.com\/product\/aluminium-alloy-profile-for-cleaning-room-with-good-quality-manufacturer-china\/\" target=\"_blank\">Aluminium Alloy Profile For Cleaning Room With Good Quality Manufacturer China<\/a><\/li>\r\n<li><a href=\"https:\/\/sinoextrud.com\/product\/wood-grain-allow-box-aluminium-section\/\" target=\"_blank\">Wood Grain Allow Box aluminium Section<\/a><\/li>\r\n<li><a href=\"https:\/\/sinoextrud.com\/product\/top-grade-expanded-metal-aluminium-profiles-partition-frame-for-doors-and-windows\/\" target=\"_blank\">Top Grade Expanded Metal Aluminium Profiles Partition Frame For Doors And Windows<\/a><\/li>\r\n<li><a href=\"https:\/\/sinoextrud.com\/product\/6000-series-extrusion-of-aluminum-alloy-profile-for-furniture\/\" target=\"_blank\">6000 Series Extrusion Of Aluminum Alloy Profile for Furniture<\/a><\/li>\r\n<li><a href=\"https:\/\/sinoextrud.com\/product\/sliding-door-aluminium-profile-bronze-colour\/\" target=\"_blank\">Sliding Door Aluminium Profile Bronze Colour<\/a><\/li>\r\n<li><a href=\"https:\/\/sinoextrud.com\/product\/heavy-duty-aluminium-sliding-door-golden\/\" target=\"_blank\">Heavy Duty Aluminium Sliding Door Golden<\/a><\/li>\r\n<li><a href=\"https:\/\/sinoextrud.com\/product\/aluminium-sliding-door-brushed-silver\/\" target=\"_blank\">Aluminium Sliding Door Brushed Silver<\/a><\/li>\r\n<li><a href=\"https:\/\/sinoextrud.com\/product\/extruded-aluminum-t-track\/\" target=\"_blank\">Extruded Aluminum T Track<\/a><\/li>\r\n<li><a href=\"https:\/\/sinoextrud.com\/product\/square-extruded-aluminum\/\" target=\"_blank\">Square Extruded Aluminum<\/a><\/li>"},"feature_list":[]},"_links":{"self":[{"href":"https:\/\/sinoextrud.com\/hu\/wp-json\/wp\/v2\/product\/6815","targetHints":{"allow":["GET"]}}],"collection":[{"href":"https:\/\/sinoextrud.com\/hu\/wp-json\/wp\/v2\/product"}],"about":[{"href":"https:\/\/sinoextrud.com\/hu\/wp-json\/wp\/v2\/types\/product"}],"wp:featuredmedia":[{"embeddable":true,"href":"https:\/\/sinoextrud.com\/hu\/wp-json\/wp\/v2\/media\/6814"}],"wp:attachment":[{"href":"https:\/\/sinoextrud.com\/hu\/wp-json\/wp\/v2\/media?parent=6815"}],"wp:term":[{"taxonomy":"category","embeddable":true,"href":"https:\/\/sinoextrud.com\/hu\/wp-json\/wp\/v2\/categories?post=6815"}],"curies":[{"name":"wp","href":"https:\/\/api.w.org\/{rel}","templated":true}]}}