{"id":6801,"date":"2025-06-02T12:42:44","date_gmt":"2025-06-02T12:42:44","guid":{"rendered":"https:\/\/sinoextrud.com\/product\/sand-blastedsand-blastedaluminium-profile-extuded-for-handrail-and-barrier-with-internation-standard\/"},"modified":"2025-06-24T06:11:43","modified_gmt":"2025-06-24T06:11:43","slug":"homokfuvott-es-homokfuvott-aluminium-profil-extrudalt-korlathoz-es-korlathoz-nemzetkozi-szabvanynak-megfeleloen","status":"publish","type":"product","link":"https:\/\/sinoextrud.com\/hu\/product\/sand-blastedsand-blastedaluminium-profile-extuded-for-handrail-and-barrier-with-internation-standard\/","title":{"rendered":"Homokf\u00favottHomokf\u00favottAlum\u00ednium profil extrud\u00e1lt a korl\u00e1t \u00e9s a korl\u00e1t Internation szabv\u00e1nynak megfelel\u0151en"},"content":{"rendered":"<h2>Term\u00e9kek r\u00e9szletei<\/h2>\n<table class=\"custom-table\">\n<tr>\n<td class=\"label\">N\u00e9v:<\/td>\n<td>Homokf\u00favottHomokf\u00favottAlum\u00ednium profil extrud\u00e1lt a korl\u00e1t \u00e9s a korl\u00e1t Internation szabv\u00e1nynak megfelel\u0151en<\/td>\n<\/tr>\n<\/table>\n<h2>Gy\u00e1rt\u00f3 b\u00e1zisunk<\/h2>\n<h3>Gy\u00e1ri panor\u00e1ma<\/h3>\n<p><img decoding=\"async\" src=\"\/wp-content\/uploads\/factory-01.webp\"\/><\/p>\n<h3>Alum\u00ednium r\u00fadgy\u00e1rt\u00f3 m\u0171hely<\/h3>\n<p><img decoding=\"async\" src=\"\/wp-content\/uploads\/factory-02.webp\"\/><\/p>\n<p><img decoding=\"async\" src=\"\/wp-content\/uploads\/factory-03.webp\"\/><\/p>\n<h3>Pen\u00e9sz rakt\u00e1r<\/h3>\n<p><img decoding=\"async\" src=\"\/wp-content\/uploads\/factory-04.webp\"\/><\/p>\n<h3>43 alum\u00ednium extrud\u00e1l\u00f3 vonal (500-5500 tonna)<\/h3>\n<p><img decoding=\"async\" src=\"\/wp-content\/uploads\/factory-05.webp\"\/><\/p>\n<p><img decoding=\"async\" src=\"\/wp-content\/uploads\/factory-06.webp\"\/><\/p>\n<p><img decoding=\"async\" src=\"\/wp-content\/uploads\/factory-07.webp\"\/><\/p>\n<h3>Porfest\u0151 m\u0171hely<\/h3>\n<p><img decoding=\"async\" src=\"\/wp-content\/uploads\/factory-09.webp\"\/><\/p>\n<h3>Anodiz\u00e1l\u00f3 m\u0171hely<\/h3>\n<p><img decoding=\"async\" src=\"\/wp-content\/uploads\/factory-10.webp\"\/><\/p>\n<h3>M\u00e9ly feldolgoz\u00e1si m\u0171hely<\/h3>\n<p><img decoding=\"async\" src=\"\/wp-content\/uploads\/factory-11.webp\"\/><\/p>\n<h3>CNC prec\u00edzi\u00f3s megmunk\u00e1l\u00f3 m\u0171hely<\/h3>\n<p><img decoding=\"async\" src=\"\/wp-content\/uploads\/factory-11.5.webp\"\/><\/p>\n<h3>K\u00e9szterm\u00e9k \u00e9s export rakt\u00e1r<\/h3>\n<p><img decoding=\"async\" src=\"\/wp-content\/uploads\/factory-12.webp\"\/><\/p>\n<p><img decoding=\"async\" src=\"\/wp-content\/uploads\/factory-13.webp\"\/><\/p>\n<p><img decoding=\"async\" src=\"\/wp-content\/uploads\/factory-14.webp\"\/><\/p>\n<h2>GYIK<\/h2>\n<p><p><b>1.Mi az a homokf\u00favott alum\u00edniumprofil korl\u00e1tokhoz \u00e9s korl\u00e1tokhoz? <\/b><\/p>\n<p> Ez egy olyan alum\u00ednium extrud\u00e1l\u00e1s, amely homokf\u00fav\u00e1si elj\u00e1r\u00e1son ment kereszt\u00fcl, hogy matt, textur\u00e1lt fel\u00fcletet hozzon l\u00e9tre, amely ide\u00e1lis korl\u00e1tokhoz \u00e9s biztons\u00e1gi korl\u00e1tokhoz.<br \/>\n<\/p><br \/>\n<br \/>\n<p><b>2.Mi\u00e9rt haszn\u00e1lj\u00e1k a homokf\u00fav\u00e1st az alum\u00ednium korl\u00e1tprofilokon? <\/b><\/p>\n<p> A homokf\u00fav\u00e1s jav\u00edtja a tapad\u00e1st, cs\u00f6kkenti a t\u00fckr\u00f6z\u0151d\u00e9st, \u00e9s egys\u00e9ges fel\u00fcletet biztos\u00edt, amely n\u00f6veli a biztons\u00e1got \u00e9s a megjelen\u00e9st a nyilv\u00e1nos \u00e9s kereskedelmi helyis\u00e9gekben.<br \/>\n<\/p><br \/>\n<br \/>\n<p><b>3.Milyen \u00f6tv\u00f6zetet haszn\u00e1lnak jellemz\u0151en ezekhez az alum\u00ednium profilokhoz? <\/b><\/p>\n<p> A 6063-T5 alum\u00ednium\u00f6tv\u00f6zetet kiv\u00e1l\u00f3 szil\u00e1rds\u00e1ga, korr\u00f3zi\u00f3\u00e1ll\u00f3s\u00e1ga \u00e9s elox\u00e1l\u00e1sra vagy bevon\u00e1sra val\u00f3 alkalmass\u00e1ga miatt el\u0151nyben r\u00e9szes\u00edtik.<br \/>\n<\/p><br \/>\n<br \/>\n<p><b>4.Ezek az alum\u00edniumprofilok megfelelnek a nemzetk\u00f6zi szabv\u00e1nyoknak? <\/b><\/p>\n<p> Igen, \u00fagy gy\u00e1rtj\u00e1k \u0151ket, hogy megfeleljenek vagy meghaladj\u00e1k az \u00e9p\u00edt\u00e9szeti \u00e9s biztons\u00e1gi berendez\u00e9sekre vonatkoz\u00f3 nemzetk\u00f6zi biztons\u00e1gi \u00e9s teljes\u00edtm\u00e9nyszabv\u00e1nyokat.<br \/>\n<\/p><br \/>\n<br \/>\n<p><b>5.Lehet-e a homokf\u00favott fel\u00fcletet elox\u00e1l\u00e1ssal vagy porsz\u00f3r\u00e1ssal kombin\u00e1lni? <\/b><\/p>\n<p> A homokf\u00favott profilok a tart\u00f3ss\u00e1g jav\u00edt\u00e1sa \u00e9s a k\u00fcl\u00f6nleges sz\u00edn- vagy text\u00faraig\u00e9ny el\u00e9r\u00e9se \u00e9rdek\u00e9ben elox\u00e1l\u00e1ssal vagy porbevonattal tov\u00e1bb fejleszthet\u0151k.<br \/>\n<\/p><br \/>\n<br \/>\n<p><b>6.Hol haszn\u00e1lj\u00e1k \u00e1ltal\u00e1ban a homokf\u00favott alum\u00ednium korl\u00e1tprofilokat? <\/b><\/p>\n<p> L\u00e9pcs\u0151k\u00f6n, erk\u00e9lyeken, gyalogosg\u00e1tl\u00f3kon, t\u00f6megk\u00f6zleked\u00e9si \u00e1llom\u00e1sokon \u00e9s kereskedelmi \u00e9p\u00fcletek biztons\u00e1gi berendez\u00e9sein\u00e9l haszn\u00e1lj\u00e1k.<br \/>\n<\/p><br \/>\n<br \/>\n<p><b>7.Egyszer\u0171-e ezeknek a profiloknak a telep\u00edt\u00e9se? <\/b><\/p>\n<p> Igen, k\u00f6nny\u0171ek \u00e9s modul\u00e1ris telep\u00edt\u00e9sre tervezt\u00e9k \u0151ket, ami egyszer\u0171s\u00edti a folyamatot \u00e9s cs\u00f6kkenti a munkaer\u0151k\u00f6lts\u00e9geket.<br \/>\n<\/p><br \/>\n<br \/>\n<p><b>8.A homokf\u00favott alum\u00ednium k\u00f6rnyezetileg fenntarthat\u00f3? <\/b><\/p>\n<p> Igen, az alum\u00ednium 100% \u00fajrahasznos\u00edthat\u00f3, \u00e9s a homokf\u00fav\u00e1si folyamat nem haszn\u00e1l k\u00e1ros vegyi anyagokat, \u00edgy k\u00f6rnyezetbar\u00e1t megold\u00e1s.<br \/>\n<\/p><br \/><\/p>","protected":false},"featured_media":6800,"template":"","categories":[67],"class_list":["post-6801","product","type-product","status-publish","has-post-thumbnail","hentry","category-architectural-aluminium-profile"],"meta_box":{"hilight_text_group":{"product_hilight_text":"<li>Sand blasted aluminum profiles designed for handrails and barriers in commercial and public infrastructure<\/li>\r\r\n<li>Manufactured to international standards using high-grade 6063-T5 aluminum alloy<\/li>\r\r\n<li>Non-reflective sandblasted finish provides enhanced grip and aesthetic appeal<\/li>\r\r\n<li>Corrosion-resistant and durable, suitable for both indoor and outdoor environments<\/li>\r\r\n<li>Custom lengths, shapes, and finishes available to meet diverse architectural requirements<\/li>","product_chanpin_blog":"<ul>\r\r\n<li><a href=\"https:\/\/sinoextrud.com\/t-slot-v-slot-differences\/\" target=\"_blank\">t slot vs v slot<\/a><\/li>\r\r\n<li><a href=\"https:\/\/sinoextrud.com\/what-is-4040-aluminium-extrud\/\" target=\"_blank\">4040 aluminium extrusion<\/a><\/li>\r\r\n<li><a href=\"https:\/\/sinoextrud.com\/what-is-4040-aluminium-extrud\/\" target=\"_blank\">aluminum extrusions for industrial racks<\/a><\/li>\r\r\n<li><a href=\"https:\/\/sinoextrud.com\/powder-coating-aluminium-process\/\" target=\"_blank\">powder coating aluminium<\/a><\/li>\r\r\n<li><a href=\"https:\/\/sinoextrud.com\/what-is-an-aluminium-strip-ceiling\/\" target=\"_blank\">aluminium strip ceiling<\/a><\/li>\r\r\n<li><a href=\"https:\/\/sinoextrud.com\/what-is-a-heat-sink\/\" target=\"_blank\">what is a heat sink<\/a><\/li>\r\r\n<\/ul>","product_chanpin_chanpin":"<li><a href=\"https:\/\/sinoextrud.com\/product\/aluminum-angle-extrusion\/\" target=\"_blank\">Aluminum Angle Extrusion<\/a><\/li>\r\n<li><a href=\"https:\/\/sinoextrud.com\/product\/aluminium-sliding-door-pictures-new-update-sliding-wardrobe-doors-profile-manufacturers-oem-value-frame-extrusion\/\" target=\"_blank\">aluminium sliding door pictures new update sliding wardrobe doors profile manufacturers OEM value frame extrusion<\/a><\/li>\r\n<li><a href=\"https:\/\/sinoextrud.com\/product\/anodized-aluminum-frame-extrusion-for-picture-price-per-pound\/\" target=\"_blank\">anodized aluminum frame extrusion for picture price per pound<\/a><\/li>\r\n<li><a href=\"https:\/\/sinoextrud.com\/product\/anodise-aluminum-curtain-wall-profile-with-custom-shape-alloy-6063\/\" target=\"_blank\">Anodise Aluminum Curtain Wall Profile With Custom Shape Alloy 6063<\/a><\/li>\r\n<li><a href=\"https:\/\/sinoextrud.com\/product\/sand-blastedsand-blastedaluminium-profile-extuded-for-handrail-and-barrier-with-internation-standard\/\" target=\"_blank\">Sand BlastedSand BlastedAluminium Profile Extuded For Handrail And Barrier With Internation Standard<\/a><\/li>\r\n<li><a href=\"https:\/\/sinoextrud.com\/product\/aluminum-thermal-break-profile-for-window-and-door\/\" target=\"_blank\">Aluminum Thermal Break Profile for Window And Door<\/a><\/li>\r\n<li><a href=\"https:\/\/sinoextrud.com\/product\/aluminium-louver-profile\/\" target=\"_blank\">Aluminium Louver Profile<\/a><\/li>\r\n<li><a href=\"https:\/\/sinoextrud.com\/product\/aluminium-profile-louver\/\" target=\"_blank\">Aluminium Profile Louver<\/a><\/li>\r\n<li><a href=\"https:\/\/sinoextrud.com\/product\/aluminum-sliding-door-frames-extrusion-profile-with-custom-shape-alloy-6063-for-furnitures-decoration\/\" target=\"_blank\">Aluminum Sliding Door Frames Extrusion Profile With Custom Shape Alloy 6063 For Furnitures Decoration<\/a><\/li>\r\n<li><a href=\"https:\/\/sinoextrud.com\/product\/alloy-aluminium\/\" target=\"_blank\">Alloy Aluminium<\/a><\/li>\r\n<li><a href=\"https:\/\/sinoextrud.com\/product\/aluminum-cabinet-extrusions\/\" target=\"_blank\">Aluminum Cabinet Extrusions<\/a><\/li>"},"feature_list":[]},"_links":{"self":[{"href":"https:\/\/sinoextrud.com\/hu\/wp-json\/wp\/v2\/product\/6801","targetHints":{"allow":["GET"]}}],"collection":[{"href":"https:\/\/sinoextrud.com\/hu\/wp-json\/wp\/v2\/product"}],"about":[{"href":"https:\/\/sinoextrud.com\/hu\/wp-json\/wp\/v2\/types\/product"}],"wp:featuredmedia":[{"embeddable":true,"href":"https:\/\/sinoextrud.com\/hu\/wp-json\/wp\/v2\/media\/6800"}],"wp:attachment":[{"href":"https:\/\/sinoextrud.com\/hu\/wp-json\/wp\/v2\/media?parent=6801"}],"wp:term":[{"taxonomy":"category","embeddable":true,"href":"https:\/\/sinoextrud.com\/hu\/wp-json\/wp\/v2\/categories?post=6801"}],"curies":[{"name":"wp","href":"https:\/\/api.w.org\/{rel}","templated":true}]}}