{"id":6791,"date":"2025-06-02T12:21:38","date_gmt":"2025-06-02T12:21:38","guid":{"rendered":"https:\/\/sinoextrud.com\/product\/aluminium-window-parts-names-sliding-6063-material-framing-profile\/"},"modified":"2025-06-24T06:11:42","modified_gmt":"2025-06-24T06:11:42","slug":"aluminium-ablakalkatreszek-nevek-csuszo-6063-anyagbol-keszult-keretprofilok","status":"publish","type":"product","link":"https:\/\/sinoextrud.com\/hu\/product\/aluminium-window-parts-names-sliding-6063-material-framing-profile\/","title":{"rendered":"alum\u00ednium ablakalkatr\u00e9szek nevek cs\u00fasz\u00f3 6063 anyagb\u00f3l k\u00e9sz\u00fclt keretprofilok"},"content":{"rendered":"<h2>Term\u00e9kek r\u00e9szletei<\/h2>\n<table class=\"custom-table\">\n<tr>\n<td class=\"label\">Modell NO.:<\/td>\n<td>TL 800 alum\u00ednium ablakalkatr\u00e9szek nevek cs\u00fasz\u00f3 6063 anyagb\u00f3l k\u00e9sz\u00fclt keretprofil \u00e9s tartoz\u00e9kok gy\u00e1ri \u00e1ra<\/td>\n<\/tr>\n<tr>\n<td class=\"label\">Alkalmaz\u00e1s:<\/td>\n<td>alum\u00ednium ablakalkatr\u00e9szek nevei<\/td>\n<\/tr>\n<tr>\n<td class=\"label\">Oszt\u00e1ly:<\/td>\n<td>6000-es sorozat<\/td>\n<\/tr>\n<tr>\n<td class=\"label\">Technika:<\/td>\n<td>Extrud\u00e1lt alum\u00ednium profilok \u00e9s tartoz\u00e9kok<\/td>\n<\/tr>\n<tr>\n<td class=\"label\">Lelkiismeretesen:<\/td>\n<td>T3 - T8<\/td>\n<\/tr>\n<tr>\n<td class=\"label\">M\u00e9retek:<\/td>\n<td>Ez lehet egy\u00e9ni, mint felt\u00e9ve Design<\/td>\n<\/tr>\n<tr>\n<td class=\"label\">Megmunk\u00e1l\u00e1si szolg\u00e1ltat\u00e1sok:<\/td>\n<td>F\u00far\u00e1s, csavaroz\u00e1s, szegecsel\u00e9s, \u00f6sszeszerel\u00e9s stb.<\/td>\n<\/tr>\n<tr>\n<td class=\"label\">V\u00e9djegy:<\/td>\n<td>N\/A.<\/td>\n<\/tr>\n<tr>\n<td class=\"label\">Eredet:<\/td>\n<td>Guangdong<\/td>\n<\/tr>\n<tr>\n<td class=\"label\">T\u00edpus:<\/td>\n<td>Alum\u00ednium profilok a szeret\u0151 sz\u00e1m\u00e1ra<\/td>\n<\/tr>\n<tr>\n<td class=\"label\">Alak:<\/td>\n<td>K\u00e9sz\u00fclt az \u00fcgyfelek tervei szerint<\/td>\n<\/tr>\n<tr>\n<td class=\"label\">Fel\u00fcletkezel\u00e9s:<\/td>\n<td>faanyag<\/td>\n<\/tr>\n<tr>\n<td class=\"label\">\u00f6tv\u00f6zet:<\/td>\n<td>\u00d6tv\u00f6zet<\/td>\n<\/tr>\n<tr>\n<td class=\"label\">Tan\u00fas\u00edt\u00e1s:<\/td>\n<td>ISO, RoHS<\/td>\n<\/tr>\n<tr>\n<td class=\"label\">Hossz\u00fas\u00e1g:<\/td>\n<td>Ez lehet v\u00e1gni, mint a konkr\u00e9t ig\u00e9nyek<\/td>\n<\/tr>\n<tr>\n<td class=\"label\">Sz\u00ednek:<\/td>\n<td>Made as Provided Sz\u00ednsz\u00e1m<\/td>\n<\/tr>\n<tr>\n<td class=\"label\">Specifik\u00e1ci\u00f3:<\/td>\n<td>SGS, Rohs, ISO<\/td>\n<\/tr>\n<tr>\n<td class=\"label\">HS-k\u00f3d:<\/td>\n<td>76042990<\/td>\n<\/tr>\n<\/table>\n<h2>Gy\u00e1rt\u00f3 b\u00e1zisunk<\/h2>\n<h3>Gy\u00e1ri panor\u00e1ma<\/h3>\n<p><img decoding=\"async\" src=\"\/wp-content\/uploads\/factory-01.webp\"\/><\/p>\n<h3>Alum\u00ednium r\u00fadgy\u00e1rt\u00f3 m\u0171hely<\/h3>\n<p><img decoding=\"async\" src=\"\/wp-content\/uploads\/factory-02.webp\"\/><\/p>\n<p><img decoding=\"async\" src=\"\/wp-content\/uploads\/factory-03.webp\"\/><\/p>\n<h3>Pen\u00e9sz rakt\u00e1r<\/h3>\n<p><img decoding=\"async\" src=\"\/wp-content\/uploads\/factory-04.webp\"\/><\/p>\n<h3>43 alum\u00ednium extrud\u00e1l\u00f3 vonal (500-5500 tonna)<\/h3>\n<p><img decoding=\"async\" src=\"\/wp-content\/uploads\/factory-05.webp\"\/><\/p>\n<p><img decoding=\"async\" src=\"\/wp-content\/uploads\/factory-06.webp\"\/><\/p>\n<p><img decoding=\"async\" src=\"\/wp-content\/uploads\/factory-07.webp\"\/><\/p>\n<h3>Porfest\u0151 m\u0171hely<\/h3>\n<p><img decoding=\"async\" src=\"\/wp-content\/uploads\/factory-09.webp\"\/><\/p>\n<h3>Anodiz\u00e1l\u00f3 m\u0171hely<\/h3>\n<p><img decoding=\"async\" src=\"\/wp-content\/uploads\/factory-10.webp\"\/><\/p>\n<h3>M\u00e9ly feldolgoz\u00e1si m\u0171hely<\/h3>\n<p><img decoding=\"async\" src=\"\/wp-content\/uploads\/factory-11.webp\"\/><\/p>\n<h3>CNC prec\u00edzi\u00f3s megmunk\u00e1l\u00f3 m\u0171hely<\/h3>\n<p><img decoding=\"async\" src=\"\/wp-content\/uploads\/factory-11.5.webp\"\/><\/p>\n<h3>K\u00e9szterm\u00e9k \u00e9s export rakt\u00e1r<\/h3>\n<p><img decoding=\"async\" src=\"\/wp-content\/uploads\/factory-12.webp\"\/><\/p>\n<p><img decoding=\"async\" src=\"\/wp-content\/uploads\/factory-13.webp\"\/><\/p>\n<p><img decoding=\"async\" src=\"\/wp-content\/uploads\/factory-14.webp\"\/><\/p>\n<h2>GYIK<\/h2>\n<p><p><b>1.Mi a 6063 alum\u00ednium\u00f6tv\u00f6zet, amelyet a cs\u00fasz\u00f3 ablakprofilokban haszn\u00e1lnak?<\/b><\/p>\n<p>A 6063-as alum\u00ednium\u00f6tv\u00f6zetet sz\u00e9les k\u00f6rben haszn\u00e1lj\u00e1k tol\u00f3ablak profilokhoz, mivel kiv\u00e1l\u00f3 szil\u00e1rds\u00e1ggal, korr\u00f3zi\u00f3\u00e1ll\u00f3s\u00e1ggal \u00e9s sima fel\u00fcleti fel\u00fclettel rendelkezik.<br \/>\n<\/p><br \/>\n<br \/>\n<p><b>2.Mi\u00e9rt v\u00e1lassza a 6063 anyagot az alum\u00ednium ablakkeretez\u00e9si profilokhoz?<\/b><\/p>\n<p>A 6063-as anyag a szil\u00e1rds\u00e1g, a tart\u00f3ss\u00e1g \u00e9s a h\u0151teljes\u00edtm\u00e9ny t\u00f6k\u00e9letes egyens\u00faly\u00e1t k\u00edn\u00e1lja, \u00edgy ide\u00e1lis az alum\u00ednium ablakkeretez\u00e9si profilokhoz.<br \/>\n<\/p><br \/>\n<br \/>\n<p><b>3.Hogyan jav\u00edtja a cs\u00fasz\u00f3 funkci\u00f3 az alum\u00ednium ablakr\u00e9szeket?<\/b><\/p>\n<p>Az alum\u00ednium ablakr\u00e9szek cs\u00fasz\u00f3 kialak\u00edt\u00e1sa k\u00f6nny\u0171 kezelhet\u0151s\u00e9get \u00e9s helytakar\u00e9kos funkcionalit\u00e1st tesz lehet\u0151v\u00e9, n\u00f6velve a felhaszn\u00e1l\u00f3i k\u00e9nyelmet.<br \/>\n<\/p><br \/>\n<br \/>\n<p><b>4.A 6063 alum\u00ednium ablakprofilok korr\u00f3zi\u00f3\u00e1ll\u00f3ak?<\/b><\/p>\n<p>Igen, a 6063-as alum\u00ednium ablakprofilok magas korr\u00f3zi\u00f3\u00e1ll\u00f3s\u00e1ggal rendelkeznek, \u00edgy alkalmasak k\u00fcl\u00f6nb\u00f6z\u0151 k\u00f6rnyezetekben \u00e9s hossz\u00fa t\u00e1v\u00fa haszn\u00e1latra.<br \/>\n<\/p><br \/>\n<br \/>\n<p><b>5.A keretez\u00e9si profilok testre szabhat\u00f3k?<\/b><\/p>\n<p>Igen, a 6063-as \u00f6tv\u00f6zetb\u0151l k\u00e9sz\u00fclt alum\u00ednium keretprofilok alakja, m\u00e9rete \u00e9s hossza testre szabhat\u00f3, hogy megfeleljen az adott \u00e9p\u00edt\u00e9szeti terveknek.<br \/>\n<\/p><br \/>\n<br \/>\n<p><b>6.Milyen kivitelben kaphat\u00f3k a 6063 alum\u00ednium ablakalkatr\u00e9szek?<\/b><\/p>\n<p>A 6063-as alum\u00ednium ablakalkatr\u00e9szek gyakran elox\u00e1lt fel\u00fclet\u0171ek, amelyek v\u00e9d\u0151r\u00e9teget \u00e9s egys\u00e9ges sz\u00ednmegjelen\u00e9st biztos\u00edtanak.<br \/>\n<\/p><br \/>\n<br \/>\n<p><b>7.Alkalmas-e az anyag energiahat\u00e9kony \u00e9p\u00fcletekhez?<\/b><\/p>\n<p>Igen, a 6063-as alum\u00ednium ablakkeretez\u00e9si profilok t\u00f6bbkamr\u00e1s szerkezete fokozott h\u0151szigetel\u00e9st biztos\u00edt, t\u00e1mogatva az energiahat\u00e9kony \u00e9p\u00fcletek tervez\u00e9s\u00e9t.<br \/>\n<\/p><br \/><\/p>","protected":false},"featured_media":6786,"template":"","categories":[67],"class_list":["post-6791","product","type-product","status-publish","has-post-thumbnail","hentry","category-architectural-aluminium-profile"],"meta_box":{"hilight_text_group":{"product_hilight_text":"<li>Made of 6063 aluminum alloy with high strength and excellent corrosion resistance<\/li>\r\r\n<li>Smooth sliding mechanism with silent operation for better user experience<\/li>\r\r\n<li>Multi-chamber structure for superior thermal insulation<\/li>\r\r\n<li>Anodized surface finish for uniform color and long-lasting durability<\/li>\r\r\n<li>Customizable profiles and lengths to meet diverse project requirements<\/li>\r\r\n<li>Compatible with various hardware fittings for easy installation<\/li>\r\r\n<li>Eco-friendly material compliant with ROHS and international building standards<\/li>","product_chanpin_blog":"<ul>\r\r\n<li><a href=\"https:\/\/sinoextrud.com\/t-slot-v-slot-differences\/\" target=\"_blank\">t slot vs v slot<\/a><\/li>\r\r\n<li><a href=\"https:\/\/sinoextrud.com\/what-is-4040-aluminium-extrud\/\" target=\"_blank\">4040 aluminium extrusion<\/a><\/li>\r\r\n<li><a href=\"https:\/\/sinoextrud.com\/what-is-4040-aluminium-extrud\/\" target=\"_blank\">aluminum extrusions for industrial racks<\/a><\/li>\r\r\n<li><a href=\"https:\/\/sinoextrud.com\/powder-coating-aluminium-process\/\" target=\"_blank\">powder coating aluminium<\/a><\/li>\r\r\n<li><a href=\"https:\/\/sinoextrud.com\/what-is-an-aluminium-strip-ceiling\/\" target=\"_blank\">aluminium strip ceiling<\/a><\/li>\r\r\n<li><a href=\"https:\/\/sinoextrud.com\/what-is-a-heat-sink\/\" target=\"_blank\">what is a heat sink<\/a><\/li>\r\r\n<\/ul>","product_chanpin_chanpin":"<li><a href=\"https:\/\/sinoextrud.com\/product\/extruded-aluminum-handrail\/\" target=\"_blank\">Extruded Aluminum Handrail<\/a><\/li>\r\n<li><a href=\"https:\/\/sinoextrud.com\/product\/aluminum-mill-finish\/\" target=\"_blank\">Aluminum Mill Finish<\/a><\/li>\r\n<li><a href=\"https:\/\/sinoextrud.com\/product\/extruded-aluminum-profiles-prices-competitive-99-pure-aluminum-ingot-curtain-wall-aluminum-profile-extrusion-manufacturers\/\" target=\"_blank\">Extruded aluminum profiles prices competitive 99% pure aluminum ingot curtain wall aluminum profile extrusion manufacturers<\/a><\/li>\r\n<li><a href=\"https:\/\/sinoextrud.com\/product\/aluminium-sliding-door-profiles\/\" target=\"_blank\">Aluminium Sliding Door Profiles<\/a><\/li>\r\n<li><a href=\"https:\/\/sinoextrud.com\/product\/aluminium-window-parts-names-sliding-6063-material-framing-profile\/\" target=\"_blank\">aluminium window parts names sliding 6063 material framing profile<\/a><\/li>\r\n<li><a href=\"https:\/\/sinoextrud.com\/product\/aluminum-angle-extrusion\/\" target=\"_blank\">Aluminum Angle Extrusion<\/a><\/li>\r\n<li><a href=\"https:\/\/sinoextrud.com\/product\/aluminium-sliding-door-pictures-new-update-sliding-wardrobe-doors-profile-manufacturers-oem-value-frame-extrusion\/\" target=\"_blank\">aluminium sliding door pictures new update sliding wardrobe doors profile manufacturers OEM value frame extrusion<\/a><\/li>\r\n<li><a href=\"https:\/\/sinoextrud.com\/product\/anodized-aluminum-frame-extrusion-for-picture-price-per-pound\/\" target=\"_blank\">anodized aluminum frame extrusion for picture price per pound<\/a><\/li>\r\n<li><a href=\"https:\/\/sinoextrud.com\/product\/anodise-aluminum-curtain-wall-profile-with-custom-shape-alloy-6063\/\" target=\"_blank\">Anodise Aluminum Curtain Wall Profile With Custom Shape Alloy 6063<\/a><\/li>\r\n<li><a href=\"https:\/\/sinoextrud.com\/product\/wholesale-electrophoresis-aluminium-profile-price\/\" target=\"_blank\">Wholesale Electrophoresis Aluminium Profile Price<\/a><\/li>\r\n<li><a href=\"https:\/\/sinoextrud.com\/product\/greenhouse-aluminium-extrusions-aluminium-sunroom-profile\/\" target=\"_blank\">Greenhouse Aluminium Extrusions Aluminium Sunroom Profile<\/a><\/li>"},"feature_list":[]},"_links":{"self":[{"href":"https:\/\/sinoextrud.com\/hu\/wp-json\/wp\/v2\/product\/6791","targetHints":{"allow":["GET"]}}],"collection":[{"href":"https:\/\/sinoextrud.com\/hu\/wp-json\/wp\/v2\/product"}],"about":[{"href":"https:\/\/sinoextrud.com\/hu\/wp-json\/wp\/v2\/types\/product"}],"wp:featuredmedia":[{"embeddable":true,"href":"https:\/\/sinoextrud.com\/hu\/wp-json\/wp\/v2\/media\/6786"}],"wp:attachment":[{"href":"https:\/\/sinoextrud.com\/hu\/wp-json\/wp\/v2\/media?parent=6791"}],"wp:term":[{"taxonomy":"category","embeddable":true,"href":"https:\/\/sinoextrud.com\/hu\/wp-json\/wp\/v2\/categories?post=6791"}],"curies":[{"name":"wp","href":"https:\/\/api.w.org\/{rel}","templated":true}]}}