{"id":6787,"date":"2025-06-01T15:26:29","date_gmt":"2025-06-01T15:26:29","guid":{"rendered":"https:\/\/sinoextrud.com\/product\/aluminium-sliding-door-profiles\/"},"modified":"2025-06-24T06:11:41","modified_gmt":"2025-06-24T06:11:41","slug":"aluminium-toloajto-profilok","status":"publish","type":"product","link":"https:\/\/sinoextrud.com\/hu\/product\/aluminium-sliding-door-profiles\/","title":{"rendered":"Alum\u00ednium tol\u00f3ajt\u00f3 profilok"},"content":{"rendered":"<h2>Term\u00e9kek r\u00e9szletei<\/h2>\n<table class=\"custom-table\">\n<tr>\n<td class=\"label\">T\u00e9tel:<\/td>\n<td>Alum\u00ednium tol\u00f3ajt\u00f3 profilok<\/td>\n<\/tr>\n<tr>\n<td class=\"label\">Materila:<\/td>\n<td>6063-t5, 6063-t6<\/td>\n<\/tr>\n<tr>\n<td class=\"label\">Lelkiismeretesen:<\/td>\n<td>T4, T5, T6<\/td>\n<\/tr>\n<tr>\n<td class=\"label\">Alak:<\/td>\n<td>ugyanaz, mint a k\u00e9pek. Testreszabott el\u00e9rhet\u0151.<\/td>\n<\/tr>\n<tr>\n<td class=\"label\">A profil s\u0171r\u0171s\u00f6dik:<\/td>\n<td>0,8 mm felett.<\/td>\n<\/tr>\n<tr>\n<td class=\"label\">Fel\u00fcletkezel\u00e9s:<\/td>\n<td>elox\u00e1lt alum\u00ednium elektrofor\u00e9zis<\/td>\n<\/tr>\n<tr>\n<td class=\"label\">Sz\u00edn:<\/td>\n<td>Sliver, arany, fa szemcs\u00e9s, pezsg\u0151, bronz, fekete, egyedi sz\u00ednben kaphat\u00f3.<\/td>\n<\/tr>\n<tr>\n<td class=\"label\">Bevonattal foglalkoz\u00f3 c\u00e9g:<\/td>\n<td>10-13um.<\/td>\n<\/tr>\n<tr>\n<td class=\"label\">Haszn\u00e1lat:<\/td>\n<td>\u00e9p\u00edt\u00e9s, dekor\u00e1ci\u00f3, sz\u00e1ll\u00edt\u00e1s stb.<\/td>\n<\/tr>\n<tr>\n<td class=\"label\">MOQ:<\/td>\n<td>1000 kg t\u00e9telenk\u00e9nt<\/td>\n<\/tr>\n<tr>\n<td class=\"label\">Tan\u00fas\u00edtv\u00e1ny \u00e9s szabv\u00e1ny:<\/td>\n<td>ISO 9008-2001. CQM, SGS<\/td>\n<\/tr>\n<tr>\n<td class=\"label\">Garancia:<\/td>\n<td>A fel\u00fclet sz\u00edne 10 \u00e9vig stabil lehet belt\u00e9ri haszn\u00e1lat felett.<\/td>\n<\/tr>\n<tr>\n<td class=\"label\">Haszn\u00e1lat:<\/td>\n<td>h\u00e1z dekor\u00e1ci\u00f3 alum\u00ednium extrud\u00e1l\u00e1s keretez\u0151 p\u00e1lya<\/td>\n<\/tr>\n<tr>\n<td class=\"label\">M\u00e9lyrehat\u00f3 feldolgoz\u00e1s<\/td>\n<td>mint f\u00far\u00e1s, mar\u00e1s, v\u00e1g\u00e1s, hegeszt\u00e9s, hajl\u00edt\u00e1s.<\/td>\n<\/tr>\n<tr>\n<td class=\"label\">Eredet:<\/td>\n<td>Foshan, Guangdong.<\/td>\n<\/tr>\n<tr>\n<td class=\"label\">Megfelel\u0151 oszt\u00e1lyvastags\u00e1g:<\/td>\n<td>5-25mm<\/td>\n<\/tr>\n<tr>\n<td class=\"label\">Hozz\u00e1f\u00e9r\u00e9s:<\/td>\n<td>Testreszabott.<\/td>\n<\/tr>\n<tr>\n<td class=\"label\">HS-k\u00f3d:<\/td>\n<td>761699000<\/td>\n<\/tr>\n<\/table>\n<h2>Gy\u00e1rt\u00f3 b\u00e1zisunk<\/h2>\n<h3>Gy\u00e1ri panor\u00e1ma<\/h3>\n<p><img decoding=\"async\" src=\"\/wp-content\/uploads\/factory-01.webp\"\/><\/p>\n<h3>Alum\u00ednium r\u00fadgy\u00e1rt\u00f3 m\u0171hely<\/h3>\n<p><img decoding=\"async\" src=\"\/wp-content\/uploads\/factory-02.webp\"\/><\/p>\n<p><img decoding=\"async\" src=\"\/wp-content\/uploads\/factory-03.webp\"\/><\/p>\n<h3>Pen\u00e9sz rakt\u00e1r<\/h3>\n<p><img decoding=\"async\" src=\"\/wp-content\/uploads\/factory-04.webp\"\/><\/p>\n<h3>43 alum\u00ednium extrud\u00e1l\u00f3 vonal (500-5500 tonna)<\/h3>\n<p><img decoding=\"async\" src=\"\/wp-content\/uploads\/factory-05.webp\"\/><\/p>\n<p><img decoding=\"async\" src=\"\/wp-content\/uploads\/factory-06.webp\"\/><\/p>\n<p><img decoding=\"async\" src=\"\/wp-content\/uploads\/factory-07.webp\"\/><\/p>\n<h3>Porfest\u0151 m\u0171hely<\/h3>\n<p><img decoding=\"async\" src=\"\/wp-content\/uploads\/factory-09.webp\"\/><\/p>\n<h3>Anodiz\u00e1l\u00f3 m\u0171hely<\/h3>\n<p><img decoding=\"async\" src=\"\/wp-content\/uploads\/factory-10.webp\"\/><\/p>\n<h3>M\u00e9ly feldolgoz\u00e1si m\u0171hely<\/h3>\n<p><img decoding=\"async\" src=\"\/wp-content\/uploads\/factory-11.webp\"\/><\/p>\n<h3>CNC prec\u00edzi\u00f3s megmunk\u00e1l\u00f3 m\u0171hely<\/h3>\n<p><img decoding=\"async\" src=\"\/wp-content\/uploads\/factory-11.5.webp\"\/><\/p>\n<h3>K\u00e9szterm\u00e9k \u00e9s export rakt\u00e1r<\/h3>\n<p><img decoding=\"async\" src=\"\/wp-content\/uploads\/factory-12.webp\"\/><\/p>\n<p><img decoding=\"async\" src=\"\/wp-content\/uploads\/factory-13.webp\"\/><\/p>\n<p><img decoding=\"async\" src=\"\/wp-content\/uploads\/factory-14.webp\"\/><\/p>\n<h2>GYIK<\/h2>\n<p><p><b>1.Mi az alum\u00ednium tol\u00f3ajt\u00f3 profilok?<\/b><\/p>\n<p>Az alum\u00ednium tol\u00f3ajt\u00f3profilok olyan speci\u00e1lisan tervezett keretek \u00e9s s\u00ednek, amelyek megk\u00f6nny\u00edtik a sima, tart\u00f3s \u00e9s hat\u00e9kony tol\u00f3ajt\u00f3k m\u0171k\u00f6d\u00e9s\u00e9t.<br \/>\n<\/p><br \/>\n<br \/>\n<p><b>2.Mi\u00e9rt v\u00e1lassza az alum\u00ednium tol\u00f3ajt\u00f3 profilokat a projektemhez?<\/b><\/p>\n<p>Az alum\u00ednium tol\u00f3ajt\u00f3profilok k\u00f6nny\u0171ek, er\u0151sek, korr\u00f3zi\u00f3\u00e1ll\u00f3ak \u00e9s testre szabhat\u00f3k, \u00edgy sokoldal\u00fa \u00e9s hossz\u00fa \u00e9lettartam\u00fa v\u00e1laszt\u00e1s a tol\u00f3ajt\u00f3rendszerek sz\u00e1m\u00e1ra.<br \/>\n<\/p><br \/>\n<br \/>\n<p><b>3.Az alum\u00ednium tol\u00f3ajt\u00f3profilok energiahat\u00e9konyak?<\/b><\/p>\n<p>Igen, ezek a profilok h\u0151szigetel\u00e9st biztos\u00edtanak, \u00e9s az \u00e9p\u00fcletek bels\u0151 h\u0151m\u00e9rs\u00e9klet-szab\u00e1lyoz\u00e1s\u00e1nak jav\u00edt\u00e1s\u00e1val hozz\u00e1j\u00e1rulnak az energiafogyaszt\u00e1s cs\u00f6kkent\u00e9s\u00e9hez.<br \/>\n<\/p><br \/>\n<br \/>\n<p><b>4.Can \u00e9n testre alum\u00ednium tol\u00f3ajt\u00f3 profilok k\u00fcl\u00f6nb\u00f6z\u0151 ajt\u00f3 mint\u00e1k?<\/b><\/p>\n<p>Igen, az alum\u00ednium tol\u00f3ajt\u00f3profilok testre szabhat\u00f3k, hogy megfeleljenek b\u00e1rmely projekt egyedi m\u00e9ret- \u00e9s st\u00edlusk\u00f6vetelm\u00e9nyeinek, \u00edgy rugalmasan tervezhet\u0151k.<br \/>\n<\/p><br \/>\n<br \/>\n<p><b>5.Mennyire tart\u00f3sak az alum\u00ednium tol\u00f3ajt\u00f3profilok?<\/b><\/p>\n<p>Az alum\u00ednium tol\u00f3ajt\u00f3profilok rendk\u00edv\u00fcl tart\u00f3sak \u00e9s kop\u00e1s\u00e1ll\u00f3ak, \u00edgy gyakori haszn\u00e1lat \u00e9s zord id\u0151j\u00e1r\u00e1si k\u00f6r\u00fclm\u00e9nyek k\u00f6z\u00f6tt is hossz\u00fa \u00e9lettartamot biztos\u00edtanak.<br \/>\n<\/p><br \/>\n<br \/>\n<p><b>6.K\u00f6nnyen karbantarthat\u00f3ak az alum\u00ednium tol\u00f3ajt\u00f3profilok?<\/b><\/p>\n<p>Igen, k\u00f6nnyen tiszt\u00edthat\u00f3ak \u00e9s karbantarthat\u00f3ak, \u00edgy tol\u00f3ajt\u00f3i j\u00f3l m\u0171k\u00f6dnek \u00e9s id\u0151vel eszt\u00e9tikusan n\u00e9znek ki.<br \/>\n<\/p><br \/>\n<br \/>\n<p><b>7.Mit\u0151l korr\u00f3zi\u00f3\u00e1ll\u00f3ak az alum\u00ednium tol\u00f3ajt\u00f3profilok?<\/b><\/p>\n<p>Az alum\u00ednium term\u00e9szetes korr\u00f3zi\u00f3\u00e1ll\u00f3s\u00e1ga a v\u00e9d\u0151bevonatokkal kombin\u00e1lva ide\u00e1lisv\u00e1 teszi ezeket a profilokat a k\u00fcl\u00f6nb\u00f6z\u0151 k\u00f6rnyezetekben val\u00f3 hossz\u00fa t\u00e1v\u00fa haszn\u00e1latra.<br \/>\n<\/p><br \/>\n<br \/>\n<p><b>8.Mi\u00e9rt \u00e9rdemes az alum\u00ednium tol\u00f3ajt\u00f3profilokat v\u00e1lasztani m\u00e1s anyagokkal szemben?<\/b><\/p>\n<p>Az alum\u00ednium tol\u00f3ajt\u00f3profilok nagyszer\u0171 egyens\u00falyt k\u00edn\u00e1lnak az er\u0151ss\u00e9g, a k\u00f6nny\u0171szerkezetes \u00e9p\u00edt\u00e9s \u00e9s a tart\u00f3ss\u00e1g k\u00f6z\u00f6tt, olyan tov\u00e1bbi el\u0151ny\u00f6kkel, mint a korr\u00f3zi\u00f3\u00e1ll\u00f3s\u00e1g \u00e9s a k\u00f6nny\u0171 karbantart\u00e1s.<br \/>\n<\/p><br \/><\/p>","protected":false},"featured_media":6786,"template":"","categories":[67],"class_list":["post-6787","product","type-product","status-publish","has-post-thumbnail","hentry","category-architectural-aluminium-profile"],"meta_box":{"hilight_text_group":{"product_hilight_text":"<li>High-strength aluminium profiles designed for smooth and durable sliding door systems.<\/li>\r\r\n<li>Lightweight yet robust, offering easy installation and long-term performance.<\/li>\r\r\n<li>Corrosion-resistant properties, ensuring longevity even in harsh environmental conditions.<\/li>\r\r\n<li>Customizable designs to match various door styles and sizes, providing flexibility for diverse projects.<\/li>\r\r\n<li>Energy-efficient, with thermal insulation properties that help improve energy savings in buildings.<\/li>\r\r\n<li>Easy to maintain and clean, ensuring the sliding doors remain functional and aesthetically pleasing over time.<\/li>","product_chanpin_blog":"<ul>\r\r\n<li><a href=\"https:\/\/sinoextrud.com\/t-slot-v-slot-differences\/\" target=\"_blank\">t slot vs v slot<\/a><\/li>\r\r\n<li><a href=\"https:\/\/sinoextrud.com\/what-is-4040-aluminium-extrud\/\" target=\"_blank\">4040 aluminium extrusion<\/a><\/li>\r\r\n<li><a href=\"https:\/\/sinoextrud.com\/what-is-4040-aluminium-extrud\/\" target=\"_blank\">aluminum extrusions for industrial racks<\/a><\/li>\r\r\n<li><a href=\"https:\/\/sinoextrud.com\/powder-coating-aluminium-process\/\" target=\"_blank\">powder coating aluminium<\/a><\/li>\r\r\n<li><a href=\"https:\/\/sinoextrud.com\/what-is-an-aluminium-strip-ceiling\/\" target=\"_blank\">aluminium strip ceiling<\/a><\/li>\r\r\n<li><a href=\"https:\/\/sinoextrud.com\/what-is-a-heat-sink\/\" target=\"_blank\">what is a heat sink<\/a><\/li>\r\r\n<\/ul>","product_chanpin_chanpin":"<li><a href=\"https:\/\/sinoextrud.com\/product\/aluminium-shop-front-extrusions\/\" target=\"_blank\">Aluminium Shop Front Extrusions<\/a><\/li>\r\n<li><a href=\"https:\/\/sinoextrud.com\/product\/extruded-aluminum-handrail\/\" target=\"_blank\">Extruded Aluminum Handrail<\/a><\/li>\r\n<li><a href=\"https:\/\/sinoextrud.com\/product\/aluminum-mill-finish\/\" target=\"_blank\">Aluminum Mill Finish<\/a><\/li>\r\n<li><a href=\"https:\/\/sinoextrud.com\/product\/extruded-aluminum-profiles-prices-competitive-99-pure-aluminum-ingot-curtain-wall-aluminum-profile-extrusion-manufacturers\/\" target=\"_blank\">Extruded aluminum profiles prices competitive 99% pure aluminum ingot curtain wall aluminum profile extrusion manufacturers<\/a><\/li>\r\n<li><a href=\"https:\/\/sinoextrud.com\/product\/aluminium-sliding-door-profiles\/\" target=\"_blank\">Aluminium Sliding Door Profiles<\/a><\/li>\r\n<li><a href=\"https:\/\/sinoextrud.com\/product\/aluminium-window-parts-names-sliding-6063-material-framing-profile\/\" target=\"_blank\">aluminium window parts names sliding 6063 material framing profile<\/a><\/li>\r\n<li><a href=\"https:\/\/sinoextrud.com\/product\/aluminum-angle-extrusion\/\" target=\"_blank\">Aluminum Angle Extrusion<\/a><\/li>\r\n<li><a href=\"https:\/\/sinoextrud.com\/product\/aluminium-sliding-door-pictures-new-update-sliding-wardrobe-doors-profile-manufacturers-oem-value-frame-extrusion\/\" target=\"_blank\">aluminium sliding door pictures new update sliding wardrobe doors profile manufacturers OEM value frame extrusion<\/a><\/li>\r\n<li><a href=\"https:\/\/sinoextrud.com\/product\/anodized-aluminum-frame-extrusion-for-picture-price-per-pound\/\" target=\"_blank\">anodized aluminum frame extrusion for picture price per pound<\/a><\/li>\r\n<li><a href=\"https:\/\/sinoextrud.com\/product\/aluminum-profile-windows-and-door-powder-coated-sliding-way\/\" target=\"_blank\">aluminum profile windows and door powder coated sliding way<\/a><\/li>\r\n<li><a href=\"https:\/\/sinoextrud.com\/product\/cabinet-furniture-aluminium-extrusions-aluminum-handle-profile-for-kitchen-cabinet-horizontal-g-handle-system\/\" target=\"_blank\">Cabinet Furniture Aluminium Extrusions Aluminum Handle Profile For Kitchen Cabinet Horizontal G Handle System<\/a><\/li>"},"feature_list":[]},"_links":{"self":[{"href":"https:\/\/sinoextrud.com\/hu\/wp-json\/wp\/v2\/product\/6787","targetHints":{"allow":["GET"]}}],"collection":[{"href":"https:\/\/sinoextrud.com\/hu\/wp-json\/wp\/v2\/product"}],"about":[{"href":"https:\/\/sinoextrud.com\/hu\/wp-json\/wp\/v2\/types\/product"}],"wp:featuredmedia":[{"embeddable":true,"href":"https:\/\/sinoextrud.com\/hu\/wp-json\/wp\/v2\/media\/6786"}],"wp:attachment":[{"href":"https:\/\/sinoextrud.com\/hu\/wp-json\/wp\/v2\/media?parent=6787"}],"wp:term":[{"taxonomy":"category","embeddable":true,"href":"https:\/\/sinoextrud.com\/hu\/wp-json\/wp\/v2\/categories?post=6787"}],"curies":[{"name":"wp","href":"https:\/\/api.w.org\/{rel}","templated":true}]}}