{"id":6783,"date":"2025-06-01T15:23:30","date_gmt":"2025-06-01T15:23:30","guid":{"rendered":"https:\/\/sinoextrud.com\/product\/aluminum-mill-finish\/"},"modified":"2025-06-24T06:11:41","modified_gmt":"2025-06-24T06:11:41","slug":"aluminium-malom-kivitelben","status":"publish","type":"product","link":"https:\/\/sinoextrud.com\/hu\/product\/aluminum-mill-finish\/","title":{"rendered":"Alum\u00ednium Mill Finish"},"content":{"rendered":"<h2>Term\u00e9kek r\u00e9szletei<\/h2>\n<table class=\"custom-table\">\n<tr>\n<td class=\"label\">T\u00e9tel\/forma:<\/td>\n<td>Alum\u00ednium Mill Finish \/ az \u00fcgyf\u00e9l rajzai szerint<\/td>\n<\/tr>\n<tr>\n<td class=\"label\">Lelkiismeretesen:<\/td>\n<td>T3-T8<\/td>\n<\/tr>\n<tr>\n<td class=\"label\">\u00f6tv\u00f6zet:<\/td>\n<td>\u00d6tv\u00f6zet<\/td>\n<\/tr>\n<tr>\n<td class=\"label\">\u00d6tv\u00f6z\u0151 \u00f6sszetev\u0151:<\/td>\n<td>6061 ,6063 ,6082 ,6463, 6060 ,6005 stb.<\/td>\n<\/tr>\n<tr>\n<td class=\"label\">OEM tervez\u00e9s\/mint\u00e1k:<\/td>\n<td>\u00dcdv\u00f6z\u00f6lj\u00fck\/elfogadjuk<\/td>\n<\/tr>\n<tr>\n<td class=\"label\">V\u00e9djegy:<\/td>\n<td>OEM<\/td>\n<\/tr>\n<tr>\n<td class=\"label\">HS-k\u00f3d:<\/td>\n<td>7604210000<\/td>\n<\/tr>\n<tr>\n<td class=\"label\">T\u00edpus:<\/td>\n<td>Ablak \u00e9s ajt\u00f3 alum\u00ednium profil, Dekor\u00e1ci\u00f3s alum\u00ednium profil, H\u0151lead\u00f3 alum\u00ednium profil, \u00dcvegfal alum\u00ednium profil, K\u00f6zleked\u00e9si alum\u00ednium profil, Ipari alum\u00ednium profil<\/td>\n<\/tr>\n<tr>\n<td class=\"label\">Fel\u00fcletkezel\u00e9s:<\/td>\n<td>Mill Finish<\/td>\n<\/tr>\n<tr>\n<td class=\"label\">Tan\u00fas\u00edt\u00e1s:<\/td>\n<td>CE, ISO, RoHS, TUV<\/td>\n<\/tr>\n<tr>\n<td class=\"label\">Tesztjelent\u00e9s:<\/td>\n<td>Igen<\/td>\n<\/tr>\n<tr>\n<td class=\"label\">Sz\u00e1ll\u00edt\u00e1si csomag:<\/td>\n<td>Minden darabot PE c\u00e9g hengerelt.<br \/>K\u00e9rj\u00fck, sz\u00edveskedjen elk\u00fcldeni nek\u00fcnk a CAD rajzot dwg \/ pdf \/ igs stb. vagy mint\u00e1kat az \u00e1raj\u00e1nlatunkhoz.<\/td>\n<\/tr>\n<\/table>\n<h2>Gy\u00e1rt\u00f3 b\u00e1zisunk<\/h2>\n<h3>Gy\u00e1ri panor\u00e1ma<\/h3>\n<p><img decoding=\"async\" src=\"\/wp-content\/uploads\/factory-01.webp\"\/><\/p>\n<h3>Alum\u00ednium r\u00fadgy\u00e1rt\u00f3 m\u0171hely<\/h3>\n<p><img decoding=\"async\" src=\"\/wp-content\/uploads\/factory-02.webp\"\/><\/p>\n<p><img decoding=\"async\" src=\"\/wp-content\/uploads\/factory-03.webp\"\/><\/p>\n<h3>Pen\u00e9sz rakt\u00e1r<\/h3>\n<p><img decoding=\"async\" src=\"\/wp-content\/uploads\/factory-04.webp\"\/><\/p>\n<h3>43 alum\u00ednium extrud\u00e1l\u00f3 vonal (500-5500 tonna)<\/h3>\n<p><img decoding=\"async\" src=\"\/wp-content\/uploads\/factory-05.webp\"\/><\/p>\n<p><img decoding=\"async\" src=\"\/wp-content\/uploads\/factory-06.webp\"\/><\/p>\n<p><img decoding=\"async\" src=\"\/wp-content\/uploads\/factory-07.webp\"\/><\/p>\n<h3>Porfest\u0151 m\u0171hely<\/h3>\n<p><img decoding=\"async\" src=\"\/wp-content\/uploads\/factory-09.webp\"\/><\/p>\n<h3>Anodiz\u00e1l\u00f3 m\u0171hely<\/h3>\n<p><img decoding=\"async\" src=\"\/wp-content\/uploads\/factory-10.webp\"\/><\/p>\n<h3>M\u00e9ly feldolgoz\u00e1si m\u0171hely<\/h3>\n<p><img decoding=\"async\" src=\"\/wp-content\/uploads\/factory-11.webp\"\/><\/p>\n<h3>CNC prec\u00edzi\u00f3s megmunk\u00e1l\u00f3 m\u0171hely<\/h3>\n<p><img decoding=\"async\" src=\"\/wp-content\/uploads\/factory-11.5.webp\"\/><\/p>\n<h3>K\u00e9szterm\u00e9k \u00e9s export rakt\u00e1r<\/h3>\n<p><img decoding=\"async\" src=\"\/wp-content\/uploads\/factory-12.webp\"\/><\/p>\n<p><img decoding=\"async\" src=\"\/wp-content\/uploads\/factory-13.webp\"\/><\/p>\n<p><img decoding=\"async\" src=\"\/wp-content\/uploads\/factory-14.webp\"\/><\/p>\n<h2>GYIK<\/h2>\n<p><p><b>1.Mi az alum\u00ednium Mill Finish?<\/b><\/p>\n<p>Az alum\u00ednium gy\u00e1ri fel\u00fclete az alum\u00ednium term\u00e9szetes fel\u00fcleti megjelen\u00e9s\u00e9re utal, amikor az alum\u00edniumot extrud\u00e1lj\u00e1k, hengerelik vagy m\u00e1s m\u00f3don \u00e1ll\u00edtj\u00e1k el\u0151, minden tov\u00e1bbi bevonat vagy fel\u00fcletkezel\u00e9s n\u00e9lk\u00fcl.<br \/>\n<\/p><br \/>\n<br \/>\n<p><b>2.Mik az alum\u00ednium malom befejez\u00e9s\u00e9nek el\u0151nyei?<\/b><\/p>\n<p>Az alum\u00ednium Mill Finish tart\u00f3s, korr\u00f3zi\u00f3\u00e1ll\u00f3 \u00e9s minim\u00e1lis karbantart\u00e1st ig\u00e9nyel, \u00edgy ide\u00e1lis a k\u00fcl\u00f6nb\u00f6z\u0151 ipar\u00e1gakban val\u00f3 haszn\u00e1latra.<br \/>\n<\/p><br \/>\n<br \/>\n<p><b>3.Is alum\u00ednium Mill Finish k\u00f6rnyezetbar\u00e1t?<\/b><\/p>\n<p>Igen, az Aluminum Mill Finish teljes m\u00e9rt\u00e9kben \u00fajrahasznos\u00edthat\u00f3 \u00e9s fenntarthat\u00f3 elj\u00e1r\u00e1sokkal k\u00e9sz\u00fcl, \u00edgy k\u00f6rnyezettudatos v\u00e1laszt\u00e1s.<br \/>\n<\/p><br \/>\n<br \/>\n<p><b>4.Can alum\u00ednium Mill Finish haszn\u00e1lhat\u00f3 k\u00fclt\u00e9ri alkalmaz\u00e1sokhoz?<\/b><\/p>\n<p>Igen, az alum\u00ednium Mill Finish rendk\u00edv\u00fcl ellen\u00e1ll\u00f3 az id\u0151j\u00e1r\u00e1s viszontags\u00e1gaival \u00e9s a korr\u00f3zi\u00f3val szemben, \u00edgy alkalmas k\u00fclt\u00e9ri alkalmaz\u00e1sokhoz.<br \/>\n<\/p><br \/>\n<br \/>\n<p><b>5.Is alum\u00ednium Mill Finish k\u00f6lts\u00e9ghat\u00e9kony?<\/b><\/p>\n<p>Igen, az alum\u00ednium Mill Finish k\u00f6lts\u00e9ghat\u00e9kony alternat\u00edv\u00e1ja m\u00e1s fel\u00fcletkezel\u00e9seknek, p\u00e9ld\u00e1ul az elox\u00e1l\u00e1snak vagy a fest\u00e9snek, mik\u00f6zben kiv\u00e1l\u00f3 tart\u00f3ss\u00e1got biztos\u00edt.<br \/>\n<\/p><br \/>\n<br \/>\n<p><b>6.How tart\u00f3s alum\u00ednium Mill Finish?<\/b><\/p>\n<p>Az alum\u00ednium Mill Finish rendk\u00edv\u00fcl tart\u00f3s \u00e9s korr\u00f3zi\u00f3\u00e1ll\u00f3, \u00edgy hossz\u00fa t\u00e1v\u00fa teljes\u00edtm\u00e9nyt ny\u00fajt a legk\u00fcl\u00f6nb\u00f6z\u0151bb k\u00f6rnyezetekben.<br \/>\n<\/p><br \/>\n<br \/>\n<p><b>7.Can alum\u00ednium Mill Finish testreszabhat\u00f3?<\/b><\/p>\n<p>Igen, az alum\u00ednium Mill Finish k\u00f6nnyen testreszabhat\u00f3 \u00e9s megmunk\u00e1lhat\u00f3 az adott projekt ig\u00e9nyeinek megfelel\u0151en, \u00edgy sokoldal\u00faan alkalmazhat\u00f3 k\u00fcl\u00f6nb\u00f6z\u0151 alkalmaz\u00e1sokhoz.<br \/>\n<\/p><br \/>\n<br \/>\n<p><b>8.Is alum\u00ednium Mill Finish karbantart\u00e1smentes?<\/b><\/p>\n<p>B\u00e1r az alum\u00edniummaluzat minim\u00e1lis karbantart\u00e1st ig\u00e9nyel, rendszeres tiszt\u00edt\u00e1s aj\u00e1nlott, hogy a legjobb megjelen\u00e9s\u00e9t biztos\u00edtsa, k\u00fcl\u00f6n\u00f6sen zord k\u00f6rnyezetben.<br \/>\n<\/p><br \/>\n<br \/>\n<p><b>9.How alum\u00ednium Mill Finish hasonl\u00edt az elox\u00e1lt alum\u00edniumhoz?<\/b><\/p>\n<p>Az alum\u00ednium Mill Finish olcs\u00f3bb, mint az elox\u00e1lt alum\u00ednium, hasonl\u00f3 tart\u00f3ss\u00e1got k\u00edn\u00e1l, de a bevonatok t\u00f6bbletk\u00f6lts\u00e9gei n\u00e9lk\u00fcl.<br \/>\n<\/p><br \/>\n<br \/>\n<p><b>10.Does alum\u00ednium Mill Finish ellen\u00e1ll a karcol\u00e1snak?<\/b><\/p>\n<p>Az alum\u00ednium Mill Finish term\u00e9szetes fel\u00fclete ellen\u00e1ll a karcol\u00e1snak, de bizonyos k\u00f6r\u00fclm\u00e9nyek k\u00f6z\u00f6tt csiszol\u00f3anyagok karcolhatj\u00e1k.<br \/>\n<\/p><br \/><\/p>","protected":false},"featured_media":6782,"template":"","categories":[67],"class_list":["post-6783","product","type-product","status-publish","has-post-thumbnail","hentry","category-architectural-aluminium-profile"],"meta_box":{"hilight_text_group":{"product_hilight_text":"<li>Highly durable and resistant to corrosion, making it ideal for various applications.<\/li>\r\r\n<li>Provides a clean, industrial appearance with a natural finish that requires minimal maintenance.<\/li>\r\r\n<li>Cost-effective alternative to anodized or painted aluminum, offering a more affordable solution.<\/li>\r\r\n<li>Suitable for a wide range of industries including construction, automotive, and manufacturing.<\/li>\r\r\n<li>Environmentally friendly, as it is fully recyclable and uses sustainable production processes.<\/li>\r\r\n<li>Can be easily customized and machined to meet specific project requirements.<\/li>\r\r\n<li>Long-lasting and weather-resistant, making it perfect for outdoor and harsh environment applications.<\/li>","product_chanpin_blog":"<ul>\r\r\n<li><a href=\"https:\/\/sinoextrud.com\/t-slot-v-slot-differences\/\" target=\"_blank\">t slot vs v slot<\/a><\/li>\r\r\n<li><a href=\"https:\/\/sinoextrud.com\/what-is-4040-aluminium-extrud\/\" target=\"_blank\">4040 aluminium extrusion<\/a><\/li>\r\r\n<li><a href=\"https:\/\/sinoextrud.com\/what-is-4040-aluminium-extrud\/\" target=\"_blank\">aluminum extrusions for industrial racks<\/a><\/li>\r\r\n<li><a href=\"https:\/\/sinoextrud.com\/powder-coating-aluminium-process\/\" target=\"_blank\">powder coating aluminium<\/a><\/li>\r\r\n<li><a href=\"https:\/\/sinoextrud.com\/what-is-an-aluminium-strip-ceiling\/\" target=\"_blank\">aluminium strip ceiling<\/a><\/li>\r\r\n<li><a href=\"https:\/\/sinoextrud.com\/what-is-a-heat-sink\/\" target=\"_blank\">what is a heat sink<\/a><\/li>\r\r\n<\/ul>","product_chanpin_chanpin":"<li><a href=\"https:\/\/sinoextrud.com\/product\/anodizing-housings-large-aluminum-extrusions\/\" target=\"_blank\">Anodizing Housings Large Aluminum Extrusions<\/a><\/li>\r\n<li><a href=\"https:\/\/sinoextrud.com\/product\/aluminium-extrusion-profile-for-furniture-aluminum-profile-with-alloy-6063-t5-supplied-by-china-factory\/\" target=\"_blank\">Aluminium Extrusion Profile for Furniture Aluminum Profile With Alloy 6063 T5 Supplied By China Factory<\/a><\/li>\r\n<li><a href=\"https:\/\/sinoextrud.com\/product\/aluminium-shop-front-extrusions\/\" target=\"_blank\">Aluminium Shop Front Extrusions<\/a><\/li>\r\n<li><a href=\"https:\/\/sinoextrud.com\/product\/extruded-aluminum-handrail\/\" target=\"_blank\">Extruded Aluminum Handrail<\/a><\/li>\r\n<li><a href=\"https:\/\/sinoextrud.com\/product\/aluminum-mill-finish\/\" target=\"_blank\">Aluminum Mill Finish<\/a><\/li>\r\n<li><a href=\"https:\/\/sinoextrud.com\/product\/extruded-aluminum-profiles-prices-competitive-99-pure-aluminum-ingot-curtain-wall-aluminum-profile-extrusion-manufacturers\/\" target=\"_blank\">Extruded aluminum profiles prices competitive 99% pure aluminum ingot curtain wall aluminum profile extrusion manufacturers<\/a><\/li>\r\n<li><a href=\"https:\/\/sinoextrud.com\/product\/aluminium-sliding-door-profiles\/\" target=\"_blank\">Aluminium Sliding Door Profiles<\/a><\/li>\r\n<li><a href=\"https:\/\/sinoextrud.com\/product\/aluminium-window-parts-names-sliding-6063-material-framing-profile\/\" target=\"_blank\">aluminium window parts names sliding 6063 material framing profile<\/a><\/li>\r\n<li><a href=\"https:\/\/sinoextrud.com\/product\/aluminum-angle-extrusion\/\" target=\"_blank\">Aluminum Angle Extrusion<\/a><\/li>\r\n<li><a href=\"https:\/\/sinoextrud.com\/product\/customized-matt-electrophoresis-aluminum-extrusions-profile-for-building-material\/\" target=\"_blank\">Customized Matt Electrophoresis Aluminum Extrusions Profile For Building Material<\/a><\/li>\r\n<li><a href=\"https:\/\/sinoextrud.com\/product\/extruded-aluminium-curtain-walls\/\" target=\"_blank\">Extruded Aluminium Curtain Walls<\/a><\/li>"},"feature_list":[]},"_links":{"self":[{"href":"https:\/\/sinoextrud.com\/hu\/wp-json\/wp\/v2\/product\/6783","targetHints":{"allow":["GET"]}}],"collection":[{"href":"https:\/\/sinoextrud.com\/hu\/wp-json\/wp\/v2\/product"}],"about":[{"href":"https:\/\/sinoextrud.com\/hu\/wp-json\/wp\/v2\/types\/product"}],"wp:featuredmedia":[{"embeddable":true,"href":"https:\/\/sinoextrud.com\/hu\/wp-json\/wp\/v2\/media\/6782"}],"wp:attachment":[{"href":"https:\/\/sinoextrud.com\/hu\/wp-json\/wp\/v2\/media?parent=6783"}],"wp:term":[{"taxonomy":"category","embeddable":true,"href":"https:\/\/sinoextrud.com\/hu\/wp-json\/wp\/v2\/categories?post=6783"}],"curies":[{"name":"wp","href":"https:\/\/api.w.org\/{rel}","templated":true}]}}