{"id":6781,"date":"2025-06-01T15:17:36","date_gmt":"2025-06-01T15:17:36","guid":{"rendered":"https:\/\/sinoextrud.com\/product\/extruded-aluminum-handrail\/"},"modified":"2025-06-24T06:11:40","modified_gmt":"2025-06-24T06:11:40","slug":"extrudalt-aluminium-korlat","status":"publish","type":"product","link":"https:\/\/sinoextrud.com\/hu\/product\/extruded-aluminum-handrail\/","title":{"rendered":"Extrud\u00e1lt alum\u00ednium korl\u00e1t"},"content":{"rendered":"<h2>Term\u00e9kek r\u00e9szletei<\/h2>\n<table class=\"custom-table\">\n<tr>\n<td class=\"label\">Alak:<\/td>\n<td>alum\u00ednium profil ov\u00e1lis korl\u00e1t extrud\u00e1l\u00e1s<\/td>\n<\/tr>\n<tr>\n<td class=\"label\">Lelkiismeretesen:<\/td>\n<td>T3-T8<\/td>\n<\/tr>\n<tr>\n<td class=\"label\">\u00f6tv\u00f6zet:<\/td>\n<td>\u00d6tv\u00f6zet<\/td>\n<\/tr>\n<tr>\n<td class=\"label\">\u00d6tv\u00f6z\u0151 \u00f6sszetev\u0151:<\/td>\n<td>6063<\/td>\n<\/tr>\n<tr>\n<td class=\"label\">Fel\u00fcletkezel\u00e9s:<\/td>\n<td>porsz\u00f3rtan bevonva<\/td>\n<\/tr>\n<tr>\n<td class=\"label\">Bevonattal foglalkoz\u00f3 c\u00e9g:<\/td>\n<td>60-120 um<\/td>\n<\/tr>\n<tr>\n<td class=\"label\">Egy\u00e9b befejez\u00e9s:<\/td>\n<td>Pol\u00edroz\u00e1s, fa szemcs\u00e9s, testreszabott.<\/td>\n<\/tr>\n<tr>\n<td class=\"label\">Min\u0151s\u00e9gi garancia:<\/td>\n<td>100% J\u00f3 term\u00e9k sz\u00e1ll\u00edt\u00e1s el\u0151tt<\/td>\n<\/tr>\n<tr>\n<td class=\"label\">Elfogadhat\u00f3 p\u00e9nznem:<\/td>\n<td>USD, k\u00ednai RMB, EUR<\/td>\n<\/tr>\n<tr>\n<td class=\"label\">Tan\u00fas\u00edt\u00e1s:<\/td>\n<td>ISO 9001<\/td>\n<\/tr>\n<tr>\n<td class=\"label\">HS-k\u00f3d:<\/td>\n<td>760429900<\/td>\n<\/tr>\n<tr>\n<td class=\"label\">T\u00edpus:<\/td>\n<td>Dekor\u00e1ci\u00f3 Alum\u00ednium profil, \u00e9p\u00fcletszerkezetek<\/td>\n<\/tr>\n<tr>\n<td class=\"label\">Term\u00e9k:<\/td>\n<td>alum\u00ednium extrud\u00e1lt profil<\/td>\n<\/tr>\n<tr>\n<td class=\"label\">Megmunk\u00e1l\u00e1s:<\/td>\n<td>Finom\u00edtott v\u00e1g\u00e1s, mar\u00e1s, f\u00far\u00e1s, lyukaszt\u00e1s, CNC<\/td>\n<\/tr>\n<tr>\n<td class=\"label\">\u00dcvegez\u00e9s:<\/td>\n<td>5-12mm<\/td>\n<\/tr>\n<tr>\n<td class=\"label\">Eredet:<\/td>\n<td>Foshan, Guangdong.<\/td>\n<\/tr>\n<\/table>\n<h2>Gy\u00e1rt\u00f3 b\u00e1zisunk<\/h2>\n<h3>Gy\u00e1ri panor\u00e1ma<\/h3>\n<p><img decoding=\"async\" src=\"\/wp-content\/uploads\/factory-01.webp\"\/><\/p>\n<h3>Alum\u00ednium r\u00fadgy\u00e1rt\u00f3 m\u0171hely<\/h3>\n<p><img decoding=\"async\" src=\"\/wp-content\/uploads\/factory-02.webp\"\/><\/p>\n<\/p>\n<p><img decoding=\"async\" src=\"\/wp-content\/uploads\/factory-03.webp\"\/><\/p>\n<h3>Pen\u00e9sz rakt\u00e1r<\/h3>\n<p><img decoding=\"async\" src=\"\/wp-content\/uploads\/factory-04.webp\"\/><\/p>\n<h3>43 alum\u00ednium extrud\u00e1l\u00f3 vonal (500-5500 tonna)<\/h3>\n<p><img decoding=\"async\" src=\"\/wp-content\/uploads\/factory-05.webp\"\/><\/p>\n<p><img decoding=\"async\" src=\"\/wp-content\/uploads\/factory-06.webp\"\/><\/p>\n<p><img decoding=\"async\" src=\"\/wp-content\/uploads\/factory-07.webp\"\/><\/p>\n<h3>Porfest\u0151 m\u0171hely<\/h3>\n<p><img decoding=\"async\" src=\"\/wp-content\/uploads\/factory-09.webp\"\/><\/p>\n<h3>Anodiz\u00e1l\u00f3 m\u0171hely<\/h3>\n<p><img decoding=\"async\" src=\"\/wp-content\/uploads\/factory-10.webp\"\/><\/p>\n<h3>M\u00e9ly feldolgoz\u00e1si m\u0171hely<\/h3>\n<p><img decoding=\"async\" src=\"\/wp-content\/uploads\/factory-11.webp\"\/><\/p>\n<h3>CNC prec\u00edzi\u00f3s megmunk\u00e1l\u00f3 m\u0171hely<\/h3>\n<p><img decoding=\"async\" src=\"\/wp-content\/uploads\/factory-11.5.webp\"\/><\/p>\n<h3>K\u00e9szterm\u00e9k \u00e9s export rakt\u00e1r<\/h3>\n<p><img decoding=\"async\" src=\"\/wp-content\/uploads\/factory-12.webp\"\/><\/p>\n<p><img decoding=\"async\" src=\"\/wp-content\/uploads\/factory-13.webp\"\/><\/p>\n<p><img decoding=\"async\" src=\"\/wp-content\/uploads\/factory-14.webp\"\/><\/p>\n<h2>GYIK<\/h2>\n<p><b>1.Mi az extrud\u00e1lt alum\u00ednium korl\u00e1t? <\/b><\/p>\n<p> Ez egy extrud\u00e1lt alum\u00edniumprofilokb\u00f3l k\u00e9sz\u00fclt korl\u00e1t, amelyet l\u00e9pcs\u0151k\u00f6n, erk\u00e9lyeken, r\u00e1mp\u00e1kon \u00e9s biztons\u00e1gi korl\u00e1tokon val\u00f3 haszn\u00e1latra terveztek.\n<\/p>\n<p><\/p>\n<p><b>2.Mi\u00e9rt v\u00e1lassza az alum\u00edniumot a korl\u00e1tokhoz? <\/b><\/p>\n<p> Az alum\u00ednium k\u00f6nny\u0171, korr\u00f3zi\u00f3\u00e1ll\u00f3 \u00e9s er\u0151s, \u00edgy ide\u00e1lis anyag a belt\u00e9ri \u00e9s k\u00fclt\u00e9ri k\u00f6rnyezetben egyar\u00e1nt haszn\u00e1lt kapaszkod\u00f3khoz.\n<\/p>\n<p><\/p>\n<p><b>3.Milyen \u00f6tv\u00f6zeteket haszn\u00e1lnak az alum\u00ednium korl\u00e1tokban? <\/b><\/p>\n<p> A 6063 \u00e9s 6061 alum\u00ednium\u00f6tv\u00f6zeteket \u00e1ltal\u00e1ban kiv\u00e1l\u00f3 szil\u00e1rds\u00e1guk, tart\u00f3ss\u00e1guk \u00e9s fel\u00fcleti min\u0151s\u00e9g\u00fck miatt haszn\u00e1lj\u00e1k.\n<\/p>\n<p><\/p>\n<p><b>4.Az alum\u00ednium korl\u00e1tok id\u0151j\u00e1r\u00e1s\u00e1ll\u00f3ak? <\/b><\/p>\n<p> Igen, az elox\u00e1lt vagy porsz\u00f3rt bevonattal ell\u00e1tott alum\u00ednium korl\u00e1tok ellen\u00e1llnak a korr\u00f3zi\u00f3nak, az UV sug\u00e1rz\u00e1snak \u00e9s a nedvess\u00e9gnek, \u00edgy hossz\u00fa \u00e9lettartamot biztos\u00edtanak a szabadban.\n<\/p>\n<p><\/p>\n<p><b>5.Can extrud\u00e1lt alum\u00ednium korl\u00e1tok testreszabhat\u00f3? <\/b><\/p>\n<p> Term\u00e9szetesen a profilforma, a hossz, a kivitel \u00e9s a be\u00e9p\u00edt\u00e9si m\u00f3d tekintet\u00e9ben a projekt egyedi k\u00f6vetelm\u00e9nyeinek megfelel\u0151en alak\u00edthat\u00f3k.\n<\/p>\n<p><\/p>\n<p><b>6.Milyen fel\u00fcletek \u00e1llnak rendelkez\u00e9sre az alum\u00ednium korl\u00e1tokhoz? <\/b><\/p>\n<p> A kivitelek k\u00f6z\u00f6tt vannak elox\u00e1lt, porsz\u00f3rt, csiszolt \u00e9s fa szemcs\u00e9s hat\u00e1s\u00faak, amelyek funkcion\u00e1lis \u00e9s dekorat\u00edv lehet\u0151s\u00e9geket egyar\u00e1nt k\u00edn\u00e1lnak.\n<\/p>\n<p><\/p>\n<p><b>7.Alkalmasak-e az alum\u00ednium korl\u00e1tok kereskedelmi \u00e9s lakoss\u00e1gi haszn\u00e1latra? <\/b><\/p>\n<p> Igen, sokoldal\u00fas\u00e1guk \u00e9s a biztons\u00e1gi el\u0151\u00edr\u00e1soknak val\u00f3 megfelel\u00e9s\u00fck miatt sz\u00e9les k\u00f6rben haszn\u00e1lj\u00e1k \u0151ket otthonokban, irod\u00e1kban, k\u00f3rh\u00e1zakban, k\u00f6z\u00e9p\u00fcletekben \u00e9s ipari l\u00e9tes\u00edtm\u00e9nyekben.\n<\/p>\n<p><\/p>\n<p><b>8.Is alum\u00ednium korl\u00e1t telep\u00edt\u00e9se k\u00f6nny\u0171? <\/b><\/p>\n<p> Igen, az alum\u00ednium korl\u00e1tok k\u00f6nny\u0171ek \u00e9s modul\u00e1risak, \u00edgy gyorsan \u00e9s k\u00f6lts\u00e9ghat\u00e9konyan felszerelhet\u0151k a szabv\u00e1nyos szerel\u0151eszk\u00f6z\u00f6kkel.\n<\/p>\n<p><\/p>","protected":false},"featured_media":6780,"template":"","categories":[67],"class_list":["post-6781","product","type-product","status-publish","has-post-thumbnail","hentry","category-architectural-aluminium-profile"],"meta_box":{"hilight_text_group":{"product_hilight_text":"<li>Precision-extruded aluminum handrails provide safe, strong, and lightweight support solutions<\/li>\r\r\n<li>Made from corrosion-resistant 6063 or 6061 aluminum alloys for long-lasting durability<\/li>\r\r\n<li>Available in anodized, powder-coated, and brushed finishes for indoor and outdoor use<\/li>\r\r\n<li>Custom shapes, sizes, and mounting options to fit residential, commercial, and industrial applications<\/li>\r\r\n<li>Easy to install and maintain, reducing labor costs and upkeep requirements<\/li>","product_chanpin_blog":"<ul>\r\r\n<li><a href=\"https:\/\/sinoextrud.com\/t-slot-v-slot-differences\/\" target=\"_blank\">t slot vs v slot<\/a><\/li>\r\r\n<li><a href=\"https:\/\/sinoextrud.com\/what-is-4040-aluminium-extrud\/\" target=\"_blank\">4040 aluminium extrusion<\/a><\/li>\r\r\n<li><a href=\"https:\/\/sinoextrud.com\/what-is-4040-aluminium-extrud\/\" target=\"_blank\">aluminum extrusions for industrial racks<\/a><\/li>\r\r\n<li><a href=\"https:\/\/sinoextrud.com\/powder-coating-aluminium-process\/\" target=\"_blank\">powder coating aluminium<\/a><\/li>\r\r\n<li><a href=\"https:\/\/sinoextrud.com\/what-is-an-aluminium-strip-ceiling\/\" target=\"_blank\">aluminium strip ceiling<\/a><\/li>\r\r\n<li><a href=\"https:\/\/sinoextrud.com\/what-is-a-heat-sink\/\" target=\"_blank\">what is a heat sink<\/a><\/li>\r\r\n<\/ul>","product_chanpin_chanpin":"<li><a href=\"https:\/\/sinoextrud.com\/product\/wholesale-aluminium-extrusion-corner-profile\/\" target=\"_blank\">Wholesale Aluminium Extrusion Corner Profile<\/a><\/li>\r\n<li><a href=\"https:\/\/sinoextrud.com\/product\/anodizing-housings-large-aluminum-extrusions\/\" target=\"_blank\">Anodizing Housings Large Aluminum Extrusions<\/a><\/li>\r\n<li><a href=\"https:\/\/sinoextrud.com\/product\/aluminium-extrusion-profile-for-furniture-aluminum-profile-with-alloy-6063-t5-supplied-by-china-factory\/\" target=\"_blank\">Aluminium Extrusion Profile for Furniture Aluminum Profile With Alloy 6063 T5 Supplied By China Factory<\/a><\/li>\r\n<li><a href=\"https:\/\/sinoextrud.com\/product\/aluminium-shop-front-extrusions\/\" target=\"_blank\">Aluminium Shop Front Extrusions<\/a><\/li>\r\n<li><a href=\"https:\/\/sinoextrud.com\/product\/extruded-aluminum-handrail\/\" target=\"_blank\">Extruded Aluminum Handrail<\/a><\/li>\r\n<li><a href=\"https:\/\/sinoextrud.com\/product\/aluminum-mill-finish\/\" target=\"_blank\">Aluminum Mill Finish<\/a><\/li>\r\n<li><a href=\"https:\/\/sinoextrud.com\/product\/extruded-aluminum-profiles-prices-competitive-99-pure-aluminum-ingot-curtain-wall-aluminum-profile-extrusion-manufacturers\/\" target=\"_blank\">Extruded aluminum profiles prices competitive 99% pure aluminum ingot curtain wall aluminum profile extrusion manufacturers<\/a><\/li>\r\n<li><a href=\"https:\/\/sinoextrud.com\/product\/aluminium-sliding-door-profiles\/\" target=\"_blank\">Aluminium Sliding Door Profiles<\/a><\/li>\r\n<li><a href=\"https:\/\/sinoextrud.com\/product\/aluminium-window-parts-names-sliding-6063-material-framing-profile\/\" target=\"_blank\">aluminium window parts names sliding 6063 material framing profile<\/a><\/li>\r\n<li><a href=\"https:\/\/sinoextrud.com\/product\/standard-aluminum-shapes\/\" target=\"_blank\">Standard Aluminum Shapes<\/a><\/li>\r\n<li><a href=\"https:\/\/sinoextrud.com\/product\/aluminum-profiles-led-strip-lighting\/\" target=\"_blank\">Aluminum Profiles Led Strip Lighting<\/a><\/li>"},"feature_list":[]},"_links":{"self":[{"href":"https:\/\/sinoextrud.com\/hu\/wp-json\/wp\/v2\/product\/6781","targetHints":{"allow":["GET"]}}],"collection":[{"href":"https:\/\/sinoextrud.com\/hu\/wp-json\/wp\/v2\/product"}],"about":[{"href":"https:\/\/sinoextrud.com\/hu\/wp-json\/wp\/v2\/types\/product"}],"wp:featuredmedia":[{"embeddable":true,"href":"https:\/\/sinoextrud.com\/hu\/wp-json\/wp\/v2\/media\/6780"}],"wp:attachment":[{"href":"https:\/\/sinoextrud.com\/hu\/wp-json\/wp\/v2\/media?parent=6781"}],"wp:term":[{"taxonomy":"category","embeddable":true,"href":"https:\/\/sinoextrud.com\/hu\/wp-json\/wp\/v2\/categories?post=6781"}],"curies":[{"name":"wp","href":"https:\/\/api.w.org\/{rel}","templated":true}]}}