{"id":6775,"date":"2025-06-01T15:11:28","date_gmt":"2025-06-01T15:11:28","guid":{"rendered":"https:\/\/sinoextrud.com\/product\/anodizing-housings-large-aluminum-extrusions\/"},"modified":"2025-06-24T06:11:39","modified_gmt":"2025-06-24T06:11:39","slug":"eloxalo-hazak-nagy-aluminium-extrudalt-reszek","status":"publish","type":"product","link":"https:\/\/sinoextrud.com\/hu\/product\/anodizing-housings-large-aluminum-extrusions\/","title":{"rendered":"Elox\u00e1l\u00f3 h\u00e1zak Nagy alum\u00ednium extrud\u00e1l\u00e1s"},"content":{"rendered":"<h2>Term\u00e9kek r\u00e9szletei<\/h2>\n<table class=\"custom-table\">\n<tr>\n<td class=\"label\">T\u00e9tel:<\/td>\n<td> Elox\u00e1l\u00f3 h\u00e1zak Nagy alum\u00ednium extrud\u00e1l\u00e1s<\/td>\n<\/tr>\n<tr>\n<td class=\"label\">Alak:<\/td>\n<td> Custom<\/td>\n<\/tr>\n<tr>\n<td class=\"label\">Lelkiismeretesen:<\/td>\n<td> T3-T8<\/td>\n<\/tr>\n<tr>\n<td class=\"label\">\u00d6tv\u00f6zet vagy sem:<\/td>\n<td> \u00d6tv\u00f6zet<\/td>\n<\/tr>\n<tr>\n<td class=\"label\">Oszt\u00e1ly:<\/td>\n<td> 6000-es sorozat, 6063<\/td>\n<\/tr>\n<tr>\n<td class=\"label\">Hossz\u00fas\u00e1g:<\/td>\n<td> 1-9 m\u00e9ter vagy egy\u00e9ni ig\u00e9nyek szerint<\/td>\n<\/tr>\n<tr>\n<td class=\"label\">Sz\u00edn:<\/td>\n<td> Made as Provided Sz\u00ednsz\u00e1m<\/td>\n<\/tr>\n<tr>\n<td class=\"label\">Haszn\u00e1lat\/alkalmaz\u00e1s:<\/td>\n<td> Elox\u00e1l\u00f3 h\u00e1zak Nagy alum\u00ednium extrud\u00e1l\u00e1s<\/td>\n<\/tr>\n<tr>\n<td class=\"label\">Sz\u00e1ll\u00edt\u00e1si hat\u00e1rid\u0151:<\/td>\n<td> 20-30 nap (az \u00d6n mennyis\u00e9ge szerint)<\/td>\n<\/tr>\n<tr>\n<td class=\"label\">Csomagol\u00e1s r\u00e9szletesen:<\/td>\n<td> Szabv\u00e1nyos exportcsomagol\u00e1s<\/td>\n<\/tr>\n<tr>\n<td class=\"label\">Eredet:<\/td>\n<td> Foshan K\u00edna<\/td>\n<\/tr>\n<tr>\n<td class=\"label\">Fel\u00fcletkezel\u00e9s:<\/td>\n<td> Elox\u00e1lt, porsz\u00f3rt, stb.<\/td>\n<\/tr>\n<tr>\n<td class=\"label\">Tan\u00fas\u00edtv\u00e1nyok:<\/td>\n<td> ISO Rohs SGS TUV<\/td>\n<\/tr>\n<\/table>\n<h2>Gy\u00e1rt\u00f3 b\u00e1zisunk<\/h2>\n<h3>Gy\u00e1ri panor\u00e1ma<\/h3>\n<p><img decoding=\"async\" src=\"\/wp-content\/uploads\/factory-01.webp\"\/><\/p>\n<h3>Alum\u00ednium r\u00fadgy\u00e1rt\u00f3 m\u0171hely<\/h3>\n<p><img decoding=\"async\" src=\"\/wp-content\/uploads\/factory-02.webp\"\/><\/p>\n<p><img decoding=\"async\" src=\"\/wp-content\/uploads\/factory-03.webp\"\/><\/p>\n<h3>Pen\u00e9sz rakt\u00e1r<\/h3>\n<p><img decoding=\"async\" src=\"\/wp-content\/uploads\/factory-04.webp\"\/><\/p>\n<h3>43 alum\u00ednium extrud\u00e1l\u00f3 vonal (500-5500 tonna)<\/h3>\n<p><img decoding=\"async\" src=\"\/wp-content\/uploads\/factory-05.webp\"\/><\/p>\n<p><img decoding=\"async\" src=\"\/wp-content\/uploads\/factory-06.webp\"\/><\/p>\n<p><img decoding=\"async\" src=\"\/wp-content\/uploads\/factory-07.webp\"\/><\/p>\n<h3>Porfest\u0151 m\u0171hely<\/h3>\n<p><img decoding=\"async\" src=\"\/wp-content\/uploads\/factory-09.webp\"\/><\/p>\n<h3>Anodiz\u00e1l\u00f3 m\u0171hely<\/h3>\n<p><img decoding=\"async\" src=\"\/wp-content\/uploads\/factory-10.webp\"\/><\/p>\n<h3>M\u00e9ly feldolgoz\u00e1si m\u0171hely<\/h3>\n<p><img decoding=\"async\" src=\"\/wp-content\/uploads\/factory-11.webp\"\/><\/p>\n<h3>CNC prec\u00edzi\u00f3s megmunk\u00e1l\u00f3 m\u0171hely<\/h3>\n<p><img decoding=\"async\" src=\"\/wp-content\/uploads\/factory-11.5.webp\"\/><\/p>\n<h3>K\u00e9szterm\u00e9k \u00e9s export rakt\u00e1r<\/h3>\n<p><img decoding=\"async\" src=\"\/wp-content\/uploads\/factory-12.webp\"\/><\/p>\n<p><img decoding=\"async\" src=\"\/wp-content\/uploads\/factory-13.webp\"\/><\/p>\n<p><img decoding=\"async\" src=\"\/wp-content\/uploads\/factory-14.webp\"\/><\/p>\n<h2>GYIK<\/h2>\n<p><p><b>1.Mik azok az elox\u00e1lt h\u00e1zak, amelyek nagym\u00e9ret\u0171 alum\u00ednium extrud\u00e1lt r\u00e9szekb\u0151l k\u00e9sz\u00fclnek? <\/b><\/p>\n<p> Ezek olyan nagym\u00e9ret\u0171 alum\u00edniumprofilok, amelyeket elox\u00e1ltak, hogy v\u00e9d\u0151burkolatokban haszn\u00e1lhass\u00e1k \u0151ket, amelyeket \u00e1ltal\u00e1ban az elektronik\u00e1ban, a g\u00e9pekben \u00e9s az \u00e9p\u00edt\u00e9szetben haszn\u00e1lnak.<br \/>\n<\/p><br \/>\n<br \/>\n<p><b>2.Mi\u00e9rt elox\u00e1lja a h\u00e1zakban haszn\u00e1lt nagym\u00e9ret\u0171 alum\u00ednium extrud\u00e1l\u00e1sokat? <\/b><\/p>\n<p> Az elox\u00e1l\u00e1s n\u00f6veli a korr\u00f3zi\u00f3\u00e1ll\u00f3s\u00e1got, fokozza a fel\u00fclet kem\u00e9nys\u00e9g\u00e9t \u00e9s h\u0151szigetel\u00e9st biztos\u00edt, \u00edgy a sajtolt term\u00e9kek ide\u00e1lisak a v\u00e9d\u0151burkolatokhoz.<br \/>\n<\/p><br \/>\n<br \/>\n<p><b>3.Milyen alum\u00ednium\u00f6tv\u00f6zeteket haszn\u00e1lnak nagym\u00e9ret\u0171 extrud\u00e1lt h\u00e1zakhoz? <\/b><\/p>\n<p> A leggyakoribb \u00f6tv\u00f6zetek k\u00f6z\u00e9 tartozik a 6061 \u00e9s a 6063, mindkett\u0151 kiv\u00e1l\u00f3 szil\u00e1rds\u00e1got, megmunk\u00e1lhat\u00f3s\u00e1got \u00e9s elox\u00e1l\u00e1si tulajdons\u00e1gokat k\u00edn\u00e1l.<br \/>\n<\/p><br \/>\n<br \/>\n<p><b>4.Mik a nagym\u00e9ret\u0171 elox\u00e1lt alum\u00ednium h\u00e1zak tipikus alkalmaz\u00e1si ter\u00fcletei? <\/b><\/p>\n<p> Ezeket LED h\u00e1zakban, elektronikus k\u00e9sz\u00fcl\u00e9kh\u00e1zakban, vez\u00e9rl\u0151dobozokban, k\u00fclt\u00e9ri szekr\u00e9nyekben \u00e9s nagy teherb\u00edr\u00e1s\u00fa szerkezeti tokokban haszn\u00e1lj\u00e1k.<br \/>\n<\/p><br \/>\n<br \/>\n<p><b>5.Lehet-e ezeket a h\u00e1zakat alakra \u00e9s m\u00e9retre szabni? <\/b><\/p>\n<p> Igen, a nagym\u00e9ret\u0171 alum\u00ednium extrud\u00e1l\u00e1sok egyedi m\u00e9retekre \u00e9s tervez\u00e9si specifik\u00e1ci\u00f3kra szabhat\u00f3k, bele\u00e9rtve az \u00f6sszetett keresztmetszeteket is.<br \/>\n<\/p><br \/>\n<br \/>\n<p><b>6.Az alum\u00ednium h\u00e1zprofilokhoz rendelkez\u00e9sre \u00e1llnak sz\u00ednes elox\u00e1l\u00e1si lehet\u0151s\u00e9gek? <\/b><\/p>\n<p> Az elox\u00e1l\u00e1s term\u00e9szetesen k\u00fcl\u00f6nb\u00f6z\u0151 sz\u00ednekben, p\u00e9ld\u00e1ul fekete, ez\u00fcst, bronz \u00e9s arany sz\u00ednben is elv\u00e9gezhet\u0151 az eszt\u00e9tikai \u00e9s m\u00e1rka\u00e9p\u00edt\u00e9si ig\u00e9nyeknek megfelel\u0151en.<br \/>\n<\/p><br \/>\n<br \/>\n<p><b>7.Mennyire tart\u00f3sak az elox\u00e1lt alum\u00ednium extrud\u00e1l\u00e1sok k\u00fclt\u00e9ri h\u00e1zakhoz? <\/b><\/p>\n<p> Nagyon tart\u00f3s - az elox\u00e1l\u00e1s hossz\u00fa t\u00e1v\u00fa ellen\u00e1ll\u00e1st biztos\u00edt az UV sug\u00e1rz\u00e1snak, az id\u0151j\u00e1r\u00e1s viszontags\u00e1gainak \u00e9s a kop\u00e1snak, \u00edgy ide\u00e1lis k\u00fclt\u00e9ri haszn\u00e1latra.<br \/>\n<\/p><br \/>\n<br \/>\n<p><b>8.Az elox\u00e1lt alum\u00ednium k\u00f6rnyezetileg fenntarthat\u00f3? <\/b><\/p>\n<p> Igen, az alum\u00ednium \u00fajrahasznos\u00edthat\u00f3, \u00e9s az elox\u00e1l\u00e1si folyamat k\u00f6rnyezetbar\u00e1t, hozz\u00e1j\u00e1rulva a z\u00f6ld gy\u00e1rt\u00e1si szabv\u00e1nyokhoz.<br \/>\n<\/p><br \/><\/p>","protected":false},"featured_media":6774,"template":"","categories":[67],"class_list":["post-6775","product","type-product","status-publish","has-post-thumbnail","hentry","category-architectural-aluminium-profile"],"meta_box":{"hilight_text_group":{"product_hilight_text":"<li>Large-scale aluminum extrusions designed for housing and enclosure applications<\/li>\r\r\n<li>Anodized finish enhances corrosion resistance, thermal performance, and durability<\/li>\r\r\n<li>Manufactured from high-strength 6061 or 6063 aluminum alloys for structural integrity<\/li>\r\r\n<li>Suitable for electronics, machinery, and architectural enclosures<\/li>\r\r\n<li>Available in custom shapes, sizes, and anodized colors for specific project needs<\/li>","product_chanpin_blog":"<ul>\r\r\n<li><a href=\"https:\/\/sinoextrud.com\/t-slot-v-slot-differences\/\" target=\"_blank\">t slot vs v slot<\/a><\/li>\r\r\n<li><a href=\"https:\/\/sinoextrud.com\/what-is-4040-aluminium-extrud\/\" target=\"_blank\">4040 aluminium extrusion<\/a><\/li>\r\r\n<li><a href=\"https:\/\/sinoextrud.com\/what-is-4040-aluminium-extrud\/\" target=\"_blank\">aluminum extrusions for industrial racks<\/a><\/li>\r\r\n<li><a href=\"https:\/\/sinoextrud.com\/powder-coating-aluminium-process\/\" target=\"_blank\">powder coating aluminium<\/a><\/li>\r\r\n<li><a href=\"https:\/\/sinoextrud.com\/what-is-an-aluminium-strip-ceiling\/\" target=\"_blank\">aluminium strip ceiling<\/a><\/li>\r\r\n<li><a href=\"https:\/\/sinoextrud.com\/what-is-a-heat-sink\/\" target=\"_blank\">what is a heat sink<\/a><\/li>\r\r\n<\/ul>","product_chanpin_chanpin":"<li><a href=\"https:\/\/sinoextrud.com\/product\/aluminium-square-tube-extrusion-profile-with-6063-t5-alloy-anodized-extruded-aluminium-profile\/\" target=\"_blank\">Aluminium Square Tube Extrusion Profile With 6063 T5 Alloy  Anodized Extruded Aluminium Profile<\/a><\/li>\r\n<li><a href=\"https:\/\/sinoextrud.com\/product\/v-slot-aluminum-profile-factory-bulk-business\/\" target=\"_blank\">v-slot aluminum profile Factory bulk business<\/a><\/li>\r\n<li><a href=\"https:\/\/sinoextrud.com\/product\/anodizing-aluminium-section-sliding-window\/\" target=\"_blank\">Anodizing Aluminium Section Sliding Window<\/a><\/li>\r\n<li><a href=\"https:\/\/sinoextrud.com\/product\/wholesale-aluminium-extrusion-corner-profile\/\" target=\"_blank\">Wholesale Aluminium Extrusion Corner Profile<\/a><\/li>\r\n<li><a href=\"https:\/\/sinoextrud.com\/product\/anodizing-housings-large-aluminum-extrusions\/\" target=\"_blank\">Anodizing Housings Large Aluminum Extrusions<\/a><\/li>\r\n<li><a href=\"https:\/\/sinoextrud.com\/product\/aluminium-extrusion-profile-for-furniture-aluminum-profile-with-alloy-6063-t5-supplied-by-china-factory\/\" target=\"_blank\">Aluminium Extrusion Profile for Furniture Aluminum Profile With Alloy 6063 T5 Supplied By China Factory<\/a><\/li>\r\n<li><a href=\"https:\/\/sinoextrud.com\/product\/aluminium-shop-front-extrusions\/\" target=\"_blank\">Aluminium Shop Front Extrusions<\/a><\/li>\r\n<li><a href=\"https:\/\/sinoextrud.com\/product\/extruded-aluminum-handrail\/\" target=\"_blank\">Extruded Aluminum Handrail<\/a><\/li>\r\n<li><a href=\"https:\/\/sinoextrud.com\/product\/aluminum-mill-finish\/\" target=\"_blank\">Aluminum Mill Finish<\/a><\/li>\r\n<li><a href=\"https:\/\/sinoextrud.com\/product\/led-plant-growth-light-aluminum-profile\/\" target=\"_blank\">Led Plant Growth Light Aluminum Profile<\/a><\/li>\r\n<li><a href=\"https:\/\/sinoextrud.com\/product\/kitchen-cabinet-aluminum-profile\/\" target=\"_blank\">Kitchen Cabinet Aluminum Profile<\/a><\/li>"},"feature_list":[]},"_links":{"self":[{"href":"https:\/\/sinoextrud.com\/hu\/wp-json\/wp\/v2\/product\/6775","targetHints":{"allow":["GET"]}}],"collection":[{"href":"https:\/\/sinoextrud.com\/hu\/wp-json\/wp\/v2\/product"}],"about":[{"href":"https:\/\/sinoextrud.com\/hu\/wp-json\/wp\/v2\/types\/product"}],"wp:featuredmedia":[{"embeddable":true,"href":"https:\/\/sinoextrud.com\/hu\/wp-json\/wp\/v2\/media\/6774"}],"wp:attachment":[{"href":"https:\/\/sinoextrud.com\/hu\/wp-json\/wp\/v2\/media?parent=6775"}],"wp:term":[{"taxonomy":"category","embeddable":true,"href":"https:\/\/sinoextrud.com\/hu\/wp-json\/wp\/v2\/categories?post=6775"}],"curies":[{"name":"wp","href":"https:\/\/api.w.org\/{rel}","templated":true}]}}