{"id":6773,"date":"2025-06-01T15:09:55","date_gmt":"2025-06-01T15:09:55","guid":{"rendered":"https:\/\/sinoextrud.com\/product\/wholesale-aluminium-extrusion-corner-profile\/"},"modified":"2025-06-24T06:11:39","modified_gmt":"2025-06-24T06:11:39","slug":"nagykereskedelmi-aluminium-extrudalt-sarokprofil","status":"publish","type":"product","link":"https:\/\/sinoextrud.com\/hu\/product\/wholesale-aluminium-extrusion-corner-profile\/","title":{"rendered":"Nagykereskedelmi alum\u00ednium extrud\u00e1l\u00e1s sarokprofil"},"content":{"rendered":"<h2>Term\u00e9kek r\u00e9szletei<\/h2>\n<table class=\"custom-table\">\n<tr>\n<td class=\"label\">T\u00e9tel:<\/td>\n<td> Nagykereskedelmi alum\u00ednium extrud\u00e1l\u00e1s sarokprofil<\/td>\n<\/tr>\n<tr>\n<td class=\"label\">Alak:<\/td>\n<td> Custom<\/td>\n<\/tr>\n<tr>\n<td class=\"label\">Lelkiismeretesen:<\/td>\n<td> T3-T8<\/td>\n<\/tr>\n<tr>\n<td class=\"label\">\u00d6tv\u00f6zet vagy sem:<\/td>\n<td> Az \u00f6tv\u00f6zet<\/td>\n<\/tr>\n<tr>\n<td class=\"label\">Oszt\u00e1ly:<\/td>\n<td> 6000-es sorozat<\/td>\n<\/tr>\n<tr>\n<td class=\"label\">Hossz\u00fas\u00e1g:<\/td>\n<td> 1-9 m\u00e9ter vagy egy\u00e9ni ig\u00e9nyek szerint<\/td>\n<\/tr>\n<tr>\n<td class=\"label\">Sz\u00edn:<\/td>\n<td> Made as Provided Sz\u00ednsz\u00e1m<\/td>\n<\/tr>\n<tr>\n<td class=\"label\">Haszn\u00e1lat\/alkalmaz\u00e1s:<\/td>\n<td> Ipar\u00e1g<\/td>\n<\/tr>\n<tr>\n<td class=\"label\">Sz\u00e1ll\u00edt\u00e1si hat\u00e1rid\u0151:<\/td>\n<td> 20-30 nap (az \u00d6n mennyis\u00e9ge szerint)<\/td>\n<\/tr>\n<tr>\n<td class=\"label\">Csomagol\u00e1s r\u00e9szletesen:<\/td>\n<td> Szabv\u00e1nyos exportcsomagol\u00e1s<\/td>\n<\/tr>\n<tr>\n<td class=\"label\">Eredet:<\/td>\n<td> Foshan K\u00edna<\/td>\n<\/tr>\n<tr>\n<td class=\"label\">Fel\u00fcletkezel\u00e9s:<\/td>\n<td> Elox\u00e1lt, porsz\u00f3rt, stb.<\/td>\n<\/tr>\n<tr>\n<td class=\"label\">Tan\u00fas\u00edtv\u00e1nyok:<\/td>\n<td> ISO Rohs SGS TUV<\/td>\n<\/tr>\n<\/table>\n<h2>Gy\u00e1rt\u00f3 b\u00e1zisunk<\/h2>\n<h3>Gy\u00e1ri panor\u00e1ma<\/h3>\n<p><img decoding=\"async\" src=\"\/wp-content\/uploads\/factory-01.webp\"\/><\/p>\n<h3>Alum\u00ednium r\u00fadgy\u00e1rt\u00f3 m\u0171hely<\/h3>\n<p><img decoding=\"async\" src=\"\/wp-content\/uploads\/factory-02.webp\"\/><\/p>\n<p><img decoding=\"async\" src=\"\/wp-content\/uploads\/factory-03.webp\"\/><\/p>\n<h3>Pen\u00e9sz rakt\u00e1r<\/h3>\n<p><img decoding=\"async\" src=\"\/wp-content\/uploads\/factory-04.webp\"\/><\/p>\n<h3>43 alum\u00ednium extrud\u00e1l\u00f3 vonal (500-5500 tonna)<\/h3>\n<p><img decoding=\"async\" src=\"\/wp-content\/uploads\/factory-05.webp\"\/><\/p>\n<p><img decoding=\"async\" src=\"\/wp-content\/uploads\/factory-06.webp\"\/><\/p>\n<p><img decoding=\"async\" src=\"\/wp-content\/uploads\/factory-07.webp\"\/><\/p>\n<h3>Porfest\u0151 m\u0171hely<\/h3>\n<p><img decoding=\"async\" src=\"\/wp-content\/uploads\/factory-09.webp\"\/><\/p>\n<h3>Anodiz\u00e1l\u00f3 m\u0171hely<\/h3>\n<p><img decoding=\"async\" src=\"\/wp-content\/uploads\/factory-10.webp\"\/><\/p>\n<h3>M\u00e9ly feldolgoz\u00e1si m\u0171hely<\/h3>\n<p><img decoding=\"async\" src=\"\/wp-content\/uploads\/factory-11.webp\"\/><\/p>\n<h3>CNC prec\u00edzi\u00f3s megmunk\u00e1l\u00f3 m\u0171hely<\/h3>\n<p><img decoding=\"async\" src=\"\/wp-content\/uploads\/factory-11.5.webp\"\/><\/p>\n<h3>K\u00e9szterm\u00e9k \u00e9s export rakt\u00e1r<\/h3>\n<p><img decoding=\"async\" src=\"\/wp-content\/uploads\/factory-12.webp\"\/><\/p>\n<p><img decoding=\"async\" src=\"\/wp-content\/uploads\/factory-13.webp\"\/><\/p>\n<p><img decoding=\"async\" src=\"\/wp-content\/uploads\/factory-14.webp\"\/><\/p>\n<h2>GYIK<\/h2>\n<p><p><b>1.Mi az alum\u00ednium extrud\u00e1lt sarokprofil? <\/b><\/p>\n<p> Ez egy der\u00e9ksz\u00f6g\u0171 alum\u00edniumprofil, amelyet a sarkok meger\u0151s\u00edt\u00e9s\u00e9re, az \u00e9lek v\u00e9delm\u00e9re \u00e9s a keretszerkezetek al\u00e1t\u00e1maszt\u00e1s\u00e1ra haszn\u00e1lnak k\u00fcl\u00f6nb\u00f6z\u0151 alkalmaz\u00e1sokban.<br \/>\n<\/p><br \/>\n<br \/>\n<p><b>2.Mi\u00e9rt v\u00e1s\u00e1roljon alum\u00ednium sarokprofilokat nagykereskedelemben? <\/b><\/p>\n<p> A nagykereskedelmi beszerz\u00e9s k\u00f6lts\u00e9gmegtakar\u00edt\u00e1st, k\u00f6vetkezetes ell\u00e1t\u00e1st \u00e9s rendelkez\u00e9sre \u00e1ll\u00e1st k\u00edn\u00e1l a nagyszab\u00e1s\u00fa \u00e9p\u00edt\u00e9si vagy gy\u00e1rt\u00e1si projektek sz\u00e1m\u00e1ra.<br \/>\n<\/p><br \/>\n<br \/>\n<p><b>3.Milyen anyagokat haszn\u00e1lnak a sarok alum\u00ednium extrud\u00e1l\u00e1sokban? <\/b><\/p>\n<p> Ezek a profilok jellemz\u0151en 6063-T5 alum\u00ednium\u00f6tv\u00f6zetb\u0151l k\u00e9sz\u00fclnek, amely kiv\u00e1l\u00f3 szil\u00e1rds\u00e1g\u00e1r\u00f3l, korr\u00f3zi\u00f3\u00e1ll\u00f3s\u00e1g\u00e1r\u00f3l \u00e9s megmunk\u00e1lhat\u00f3s\u00e1g\u00e1r\u00f3l ismert.<br \/>\n<\/p><br \/>\n<br \/>\n<p><b>4.Az alum\u00ednium sarokprofilok testre szabhat\u00f3k? <\/b><\/p>\n<p> Igen, m\u00e9ret, vastags\u00e1g \u00e9s sz\u00f6g tekintet\u00e9ben a projekt egyedi szerkezeti \u00e9s eszt\u00e9tikai k\u00f6vetelm\u00e9nyeinek megfelel\u0151en alak\u00edthat\u00f3k.<br \/>\n<\/p><br \/>\n<br \/>\n<p><b>5.Mik az alum\u00ednium extrud\u00e1lt sarokprofilok gyakori felhaszn\u00e1l\u00e1si ter\u00fcletei? <\/b><\/p>\n<p> Ezeket ajt\u00f3kban, ablakokban, v\u00e1laszfalakban, szekr\u00e9nyekben \u00e9s g\u00e9pkeretekben haszn\u00e1lj\u00e1k sarokv\u00e9delem \u00e9s szerkezeti al\u00e1t\u00e1maszt\u00e1s c\u00e9lj\u00e1b\u00f3l.<br \/>\n<\/p><br \/>\n<br \/>\n<p><b>6.Milyen fel\u00fcletkezel\u00e9sek \u00e1llnak rendelkez\u00e9sre az alum\u00ednium sarokprofilokhoz? <\/b><\/p>\n<p> Az \u00e1ltal\u00e1nos kivitelek k\u00f6z\u00e9 tartozik az elox\u00e1l\u00e1s, a porsz\u00f3r\u00e1s, az ecsetel\u00e9s \u00e9s a malomf\u00e9nyez\u00e9s a megjelen\u00e9s \u00e9s a tart\u00f3ss\u00e1g fokoz\u00e1sa \u00e9rdek\u00e9ben.<br \/>\n<\/p><br \/>\n<br \/>\n<p><b>7.Haszn\u00e1lhat\u00f3k-e az alum\u00ednium sarokprofilok k\u00fclt\u00e9ren? <\/b><\/p>\n<p> Megfelel\u0151 fel\u00fcletkezel\u00e9ssel, p\u00e9ld\u00e1ul elox\u00e1l\u00e1ssal vagy porsz\u00f3r\u00e1ssal, rendk\u00edv\u00fcl ellen\u00e1ll\u00f3ak az id\u0151j\u00e1r\u00e1ssal szemben, \u00e9s alkalmasak k\u00fclt\u00e9ri alkalmaz\u00e1sra.<br \/>\n<\/p><br \/>\n<br \/>\n<p><b>8.Az alum\u00ednium extrud\u00e1l\u00e1s k\u00f6rnyezetbar\u00e1t \u00e9p\u00edt\u00e9si megold\u00e1s? <\/b><\/p>\n<p> Igen, az alum\u00ednium 100% \u00fajrahasznos\u00edthat\u00f3, \u00edgy fenntarthat\u00f3 v\u00e1laszt\u00e1s a k\u00f6rnyezettudatos \u00e9p\u00edt\u00e9si \u00e9s gy\u00e1rt\u00e1si projektekhez.<br \/>\n<\/p><br \/><\/p>","protected":false},"featured_media":6772,"template":"","categories":[67],"class_list":["post-6773","product","type-product","status-publish","has-post-thumbnail","hentry","category-architectural-aluminium-profile"],"meta_box":{"hilight_text_group":{"product_hilight_text":"<li>Precision-extruded aluminum corner profiles ideal for framing, protection, and structural connections<\/li>\r\r\n<li>Available for wholesale with competitive pricing and bulk supply capabilities<\/li>\r\r\n<li>Manufactured from high-quality 6063-T5 aluminum alloy for strength and durability<\/li>\r\r\n<li>Various surface finishes including anodizing and powder coating for corrosion resistance<\/li>\r\r\n<li>Customizable dimensions and angles to meet diverse construction and industrial needs<\/li>","product_chanpin_blog":"<ul>\r\r\n<li><a href=\"https:\/\/sinoextrud.com\/t-slot-v-slot-differences\/\" target=\"_blank\">t slot vs v slot<\/a><\/li>\r\r\n<li><a href=\"https:\/\/sinoextrud.com\/what-is-4040-aluminium-extrud\/\" target=\"_blank\">4040 aluminium extrusion<\/a><\/li>\r\r\n<li><a href=\"https:\/\/sinoextrud.com\/what-is-4040-aluminium-extrud\/\" target=\"_blank\">aluminum extrusions for industrial racks<\/a><\/li>\r\r\n<li><a href=\"https:\/\/sinoextrud.com\/powder-coating-aluminium-process\/\" target=\"_blank\">powder coating aluminium<\/a><\/li>\r\r\n<li><a href=\"https:\/\/sinoextrud.com\/what-is-an-aluminium-strip-ceiling\/\" target=\"_blank\">aluminium strip ceiling<\/a><\/li>\r\r\n<li><a href=\"https:\/\/sinoextrud.com\/what-is-a-heat-sink\/\" target=\"_blank\">what is a heat sink<\/a><\/li>\r\r\n<\/ul>","product_chanpin_chanpin":"<li><a href=\"https:\/\/sinoextrud.com\/product\/extude-aluminum-t-slot-and-v-slot-profile\/\" target=\"_blank\">Extude-Aluminum T Slot And V Slot Profile<\/a><\/li>\r\n<li><a href=\"https:\/\/sinoextrud.com\/product\/aluminium-square-tube-extrusion-profile-with-6063-t5-alloy-anodized-extruded-aluminium-profile\/\" target=\"_blank\">Aluminium Square Tube Extrusion Profile With 6063 T5 Alloy  Anodized Extruded Aluminium Profile<\/a><\/li>\r\n<li><a href=\"https:\/\/sinoextrud.com\/product\/v-slot-aluminum-profile-factory-bulk-business\/\" target=\"_blank\">v-slot aluminum profile Factory bulk business<\/a><\/li>\r\n<li><a href=\"https:\/\/sinoextrud.com\/product\/anodizing-aluminium-section-sliding-window\/\" target=\"_blank\">Anodizing Aluminium Section Sliding Window<\/a><\/li>\r\n<li><a href=\"https:\/\/sinoextrud.com\/product\/wholesale-aluminium-extrusion-corner-profile\/\" target=\"_blank\">Wholesale Aluminium Extrusion Corner Profile<\/a><\/li>\r\n<li><a href=\"https:\/\/sinoextrud.com\/product\/anodizing-housings-large-aluminum-extrusions\/\" target=\"_blank\">Anodizing Housings Large Aluminum Extrusions<\/a><\/li>\r\n<li><a href=\"https:\/\/sinoextrud.com\/product\/aluminium-extrusion-profile-for-furniture-aluminum-profile-with-alloy-6063-t5-supplied-by-china-factory\/\" target=\"_blank\">Aluminium Extrusion Profile for Furniture Aluminum Profile With Alloy 6063 T5 Supplied By China Factory<\/a><\/li>\r\n<li><a href=\"https:\/\/sinoextrud.com\/product\/aluminium-shop-front-extrusions\/\" target=\"_blank\">Aluminium Shop Front Extrusions<\/a><\/li>\r\n<li><a href=\"https:\/\/sinoextrud.com\/product\/extruded-aluminum-handrail\/\" target=\"_blank\">Extruded Aluminum Handrail<\/a><\/li>\r\n<li><a href=\"https:\/\/sinoextrud.com\/product\/industrial-profile-systems\/\" target=\"_blank\">Industrial Profile Systems<\/a><\/li>\r\n<li><a href=\"https:\/\/sinoextrud.com\/product\/custom-large-diameter-extruded-aluminum-pipe\/\" target=\"_blank\">Custom Large Diameter Extruded Aluminum Pipe<\/a><\/li>"},"feature_list":[]},"_links":{"self":[{"href":"https:\/\/sinoextrud.com\/hu\/wp-json\/wp\/v2\/product\/6773","targetHints":{"allow":["GET"]}}],"collection":[{"href":"https:\/\/sinoextrud.com\/hu\/wp-json\/wp\/v2\/product"}],"about":[{"href":"https:\/\/sinoextrud.com\/hu\/wp-json\/wp\/v2\/types\/product"}],"wp:featuredmedia":[{"embeddable":true,"href":"https:\/\/sinoextrud.com\/hu\/wp-json\/wp\/v2\/media\/6772"}],"wp:attachment":[{"href":"https:\/\/sinoextrud.com\/hu\/wp-json\/wp\/v2\/media?parent=6773"}],"wp:term":[{"taxonomy":"category","embeddable":true,"href":"https:\/\/sinoextrud.com\/hu\/wp-json\/wp\/v2\/categories?post=6773"}],"curies":[{"name":"wp","href":"https:\/\/api.w.org\/{rel}","templated":true}]}}