{"id":6769,"date":"2025-06-01T15:04:02","date_gmt":"2025-06-01T15:04:02","guid":{"rendered":"https:\/\/sinoextrud.com\/product\/v-slot-aluminum-profile-factory-bulk-business-no-ef4040-white-powder-coated-t-track-3000-tons-output\/"},"modified":"2025-06-24T06:11:38","modified_gmt":"2025-06-24T06:11:38","slug":"v-res-aluminium-profil-gyari-omlesztett-uzlet","status":"publish","type":"product","link":"https:\/\/sinoextrud.com\/hu\/product\/v-slot-aluminum-profile-factory-bulk-business\/","title":{"rendered":"v-ny\u00edl\u00e1s\u00fa alum\u00ednium profil Factory \u00f6mlesztett \u00fczlet"},"content":{"rendered":"<h2>Term\u00e9kek r\u00e9szletei<\/h2>\n<table class=\"custom-table\">\n<tr>\n<td class=\"label\">Modell NO.:<\/td>\n<td>v-ny\u00edl\u00e1s\u00fa alum\u00ednium profil Gy\u00e1ri \u00f6mlesztett \u00fczleti NO. EF4040 feh\u00e9r porsz\u00f3rt t p\u00e1lya 3000 tonna kimenet<\/td>\n<\/tr>\n<tr>\n<td class=\"label\">Alak:<\/td>\n<td>v-ny\u00edl\u00e1s\u00fa alum\u00ednium profil<\/td>\n<\/tr>\n<tr>\n<td class=\"label\">Lelkiismeretesen:<\/td>\n<td>T3-T8<\/td>\n<\/tr>\n<tr>\n<td class=\"label\">\u00f6tv\u00f6zet:<\/td>\n<td>\u00d6tv\u00f6zet<\/td>\n<\/tr>\n<tr>\n<td class=\"label\">\u00d6tv\u00f6z\u0151 \u00f6sszetev\u0151:<\/td>\n<td>6063<\/td>\n<\/tr>\n<tr>\n<td class=\"label\">Fel\u00fcletkezel\u00e9s:<\/td>\n<td>porsz\u00f3rt alum\u00ednium profil<\/td>\n<\/tr>\n<tr>\n<td class=\"label\">Egy\u00e9b befejez\u00e9s:<\/td>\n<td>Elox\u00e1l\u00e1s, homokf\u00fav\u00e1s, porfest\u00e9s, pol\u00edroz\u00e1s<\/td>\n<\/tr>\n<tr>\n<td class=\"label\">Min\u0151s\u00e9gi garancia:<\/td>\n<td>100% J\u00f3 term\u00e9k sz\u00e1ll\u00edt\u00e1s el\u0151tt<\/td>\n<\/tr>\n<tr>\n<td class=\"label\">Elfogadhat\u00f3 p\u00e9nznem:<\/td>\n<td>USD, k\u00ednai RMB, EUR<\/td>\n<\/tr>\n<tr>\n<td class=\"label\">Tan\u00fas\u00edt\u00e1s:<\/td>\n<td>ISO 9001<\/td>\n<\/tr>\n<tr>\n<td class=\"label\">HS-k\u00f3d:<\/td>\n<td>760429900<\/td>\n<\/tr>\n<tr>\n<td class=\"label\">T\u00edpus:<\/td>\n<td>Dekor\u00e1ci\u00f3s alum\u00ednium profil, Ipari alum\u00ednium t track<\/td>\n<\/tr>\n<tr>\n<td class=\"label\">Oszt\u00e1ly:<\/td>\n<td>6000-es sorozat<\/td>\n<\/tr>\n<tr>\n<td class=\"label\">Term\u00e9k:<\/td>\n<td>Alum\u00ednium profil V Slot Factory<\/td>\n<\/tr>\n<tr>\n<td class=\"label\">Megmunk\u00e1l\u00e1s:<\/td>\n<td>Finom\u00edtott v\u00e1g\u00e1s, mar\u00e1s, f\u00far\u00e1s, lyukaszt\u00e1s, CNC<\/td>\n<\/tr>\n<tr>\n<td class=\"label\">Eredet:<\/td>\n<td>Foshan, Guangdong.<\/td>\n<\/tr>\n<\/table>\n<h2>Gy\u00e1rt\u00f3 b\u00e1zisunk<\/h2>\n<h3>Gy\u00e1ri panor\u00e1ma<\/h3>\n<p><img decoding=\"async\" src=\"\/wp-content\/uploads\/factory-01.webp\"\/><\/p>\n<h3>Alum\u00ednium r\u00fadgy\u00e1rt\u00f3 m\u0171hely<\/h3>\n<p><img decoding=\"async\" src=\"\/wp-content\/uploads\/factory-02.webp\"\/><\/p>\n<\/p>\n<p><img decoding=\"async\" src=\"\/wp-content\/uploads\/factory-03.webp\"\/><\/p>\n<h3>Pen\u00e9sz rakt\u00e1r<\/h3>\n<p><img decoding=\"async\" src=\"\/wp-content\/uploads\/factory-04.webp\"\/><\/p>\n<h3>43 alum\u00ednium extrud\u00e1l\u00f3 vonal (500-5500 tonna)<\/h3>\n<p><img decoding=\"async\" src=\"\/wp-content\/uploads\/factory-05.webp\"\/><\/p>\n<p><img decoding=\"async\" src=\"\/wp-content\/uploads\/factory-06.webp\"\/><\/p>\n<p><img decoding=\"async\" src=\"\/wp-content\/uploads\/factory-07.webp\"\/><\/p>\n<h3>Porfest\u0151 m\u0171hely<\/h3>\n<p><img decoding=\"async\" src=\"\/wp-content\/uploads\/factory-09.webp\"\/><\/p>\n<h3>Anodiz\u00e1l\u00f3 m\u0171hely<\/h3>\n<p><img decoding=\"async\" src=\"\/wp-content\/uploads\/factory-10.webp\"\/><\/p>\n<h3>M\u00e9ly feldolgoz\u00e1si m\u0171hely<\/h3>\n<p><img decoding=\"async\" src=\"\/wp-content\/uploads\/factory-11.webp\"\/><\/p>\n<h3>CNC prec\u00edzi\u00f3s megmunk\u00e1l\u00f3 m\u0171hely<\/h3>\n<p><img decoding=\"async\" src=\"\/wp-content\/uploads\/factory-11.5.webp\"\/><\/p>\n<h3>K\u00e9szterm\u00e9k \u00e9s export rakt\u00e1r<\/h3>\n<p><img decoding=\"async\" src=\"\/wp-content\/uploads\/factory-12.webp\"\/><\/p>\n<p><img decoding=\"async\" src=\"\/wp-content\/uploads\/factory-13.webp\"\/><\/p>\n<p><img decoding=\"async\" src=\"\/wp-content\/uploads\/factory-14.webp\"\/><\/p>\n<h2>GYIK<\/h2>\n<p><b>1.Mi az EF4040 V-ny\u00edl\u00e1s\u00fa alum\u00ednium profil? <\/b><\/p>\n<p> Az EF4040 V-ny\u00edl\u00e1s\u00fa alum\u00edniumprofil egy 40x40 mm-es extrud\u00e1lt alum\u00edniumprofil, amelyet line\u00e1ris mozgat\u00e1si rendszerekhez \u00e9s szerkezeti v\u00e1zakhoz terveztek, \u00e9s a tart\u00f3ss\u00e1g \u00e9rdek\u00e9ben feh\u00e9r porsz\u00f3rt bevonattal rendelkezik.\n<\/p>\n<p><\/p>\n<p><b>2.Mi\u00e9rt v\u00e1lassza a feh\u00e9r porsz\u00f3rt V-ny\u00edl\u00e1s\u00fa profilokat? <\/b><\/p>\n<p> A feh\u00e9r porfest\u00e9k fokozott korr\u00f3zi\u00f3\u00e1ll\u00f3s\u00e1got \u00e9s tiszta eszt\u00e9tik\u00e1t biztos\u00edt, \u00edgy funkcion\u00e1lis \u00e9s dekorat\u00edv alkalmaz\u00e1sokhoz egyar\u00e1nt alkalmas.\n<\/p>\n<p><\/p>\n<p><b>3.Milyen anyagot haszn\u00e1lnak az EF4040 profilhoz? <\/b><\/p>\n<p> Az EF4040 profil 6063-T5 alum\u00ednium\u00f6tv\u00f6zetb\u0151l k\u00e9sz\u00fcl, amely kiv\u00e1l\u00f3 szil\u00e1rds\u00e1g\u00e1r\u00f3l, korr\u00f3zi\u00f3\u00e1ll\u00f3s\u00e1g\u00e1r\u00f3l \u00e9s megmunk\u00e1lhat\u00f3s\u00e1g\u00e1r\u00f3l ismert.\n<\/p>\n<p><\/p>\n<p><b>4.Mekkora az EF4040 profilok \u00e9ves termel\u00e9si kapacit\u00e1sa? <\/b><\/p>\n<p> A gy\u00e1rt\u00f3\u00fczem \u00e9ves termel\u00e9si kapacit\u00e1sa 3000 tonna, ami biztos\u00edtja a t\u00f6meges megrendel\u00e9sek id\u0151ben t\u00f6rt\u00e9n\u0151 teljes\u00edt\u00e9s\u00e9t.\n<\/p>\n<p><\/p>\n<p><b>5.Ezek a profilok kompatibilisek a T-nyomvonalas rendszerekkel? <\/b><\/p>\n<p> Igen, az EF4040 V-ny\u00edl\u00e1s\u00fa profilokat \u00fagy tervezt\u00fck, hogy kompatibilisek legyenek a T-s\u00ednes rendszerekkel, megk\u00f6nny\u00edtve a k\u00f6nny\u0171 \u00f6sszeszerel\u00e9st \u00e9s a k\u00fcl\u00f6nb\u00f6z\u0151 projektekbe val\u00f3 integr\u00e1l\u00e1st.\n<\/p>\n<p><\/p>\n<p><b>6.Rendelhetek egy\u00e9ni hossz\u00fas\u00e1gokat \u00e9s kiviteleket az EF4040 profilhoz? <\/b><\/p>\n<p> Term\u00e9szetesen egyedi hossz\u00fas\u00e1gok \u00e9s kivitelek \u00e1llnak rendelkez\u00e9sre, hogy megfeleljenek a projekt egyedi ig\u00e9nyeinek \u00e9s tervez\u00e9si preferenci\u00e1inak.\n<\/p>\n<p><\/p>\n<p><b>7.Melyek az EF4040 V-ny\u00edl\u00e1s\u00fa profilok gyakori alkalmaz\u00e1si ter\u00fcletei? <\/b><\/p>\n<p> Gyakori alkalmaz\u00e1sok k\u00f6z\u00e9 tartoznak a CNC-g\u00e9pkeretek, 3D nyomtat\u00f3szerkezetek, munka\u00e1llom\u00e1sok \u00e9s modul\u00e1ris szerel\u0151sorok.\n<\/p>\n<p><\/p>\n<p><b>8.Alkalmas-e az EF4040 profil k\u00fclt\u00e9ri haszn\u00e1latra? <\/b><\/p>\n<p> Igen, a feh\u00e9r porsz\u00f3rt bevonat n\u00f6veli a korr\u00f3zi\u00f3\u00e1ll\u00f3s\u00e1got, \u00edgy belt\u00e9ri \u00e9s k\u00fclt\u00e9ri haszn\u00e1latra egyar\u00e1nt alkalmas.\n<\/p>\n<p><\/p>","protected":false},"featured_media":6768,"template":"","categories":[67],"class_list":["post-6769","product","type-product","status-publish","has-post-thumbnail","hentry","category-architectural-aluminium-profile"],"meta_box":{"hilight_text_group":{"product_hilight_text":"<li>EF4040 V-slot aluminum profile with white powder coating for enhanced corrosion resistance and aesthetics<\/li>\r\r\n<li>Manufactured using high-quality 6063-T5 aluminum alloy, ensuring strength and durability<\/li>\r\r\n<li>Factory output capacity of 3000 tons per year, supporting large-scale bulk orders<\/li>\r\r\n<li>Compatible with T-track systems, ideal for CNC machines, 3D printers, and modular assemblies<\/li>\r\r\n<li>Customizable lengths and finishes available to meet specific project requirements<\/li>","product_chanpin_blog":"<ul>\r\r\n<li><a href=\"https:\/\/sinoextrud.com\/t-slot-v-slot-differences\/\" target=\"_blank\">t slot vs v slot<\/a><\/li>\r\r\n<li><a href=\"https:\/\/sinoextrud.com\/what-is-4040-aluminium-extrud\/\" target=\"_blank\">4040 aluminium extrusion<\/a><\/li>\r\r\n<li><a href=\"https:\/\/sinoextrud.com\/what-is-4040-aluminium-extrud\/\" target=\"_blank\">aluminum extrusions for industrial racks<\/a><\/li>\r\r\n<li><a href=\"https:\/\/sinoextrud.com\/powder-coating-aluminium-process\/\" target=\"_blank\">powder coating aluminium<\/a><\/li>\r\r\n<li><a href=\"https:\/\/sinoextrud.com\/what-is-an-aluminium-strip-ceiling\/\" target=\"_blank\">aluminium strip ceiling<\/a><\/li>\r\r\n<li><a href=\"https:\/\/sinoextrud.com\/what-is-a-heat-sink\/\" target=\"_blank\">what is a heat sink<\/a><\/li>\r\r\n<\/ul>","product_chanpin_chanpin":"<li><a href=\"https:\/\/sinoextrud.com\/product\/building-material-aluminium-extrusion-profiles\/\" target=\"_blank\">Building Material Aluminium Extrusion Profiles<\/a><\/li>\r\n<li><a href=\"https:\/\/sinoextrud.com\/product\/expanded-metal-aluminium-profiles-partition-frame-for-bathroom-doors-busch-polish-light-top-a-grade\/\" target=\"_blank\">expanded metal aluminium profiles partition frame for bathroom doors busch polish light top a grade<\/a><\/li>\r\n<li><a href=\"https:\/\/sinoextrud.com\/product\/extude-aluminum-t-slot-and-v-slot-profile\/\" target=\"_blank\">Extude-Aluminum T Slot And V Slot Profile<\/a><\/li>\r\n<li><a href=\"https:\/\/sinoextrud.com\/product\/aluminium-square-tube-extrusion-profile-with-6063-t5-alloy-anodized-extruded-aluminium-profile\/\" target=\"_blank\">Aluminium Square Tube Extrusion Profile With 6063 T5 Alloy  Anodized Extruded Aluminium Profile<\/a><\/li>\r\n<li><a href=\"https:\/\/sinoextrud.com\/product\/v-slot-aluminum-profile-factory-bulk-business\/\" target=\"_blank\">v-slot aluminum profile Factory bulk business<\/a><\/li>\r\n<li><a href=\"https:\/\/sinoextrud.com\/product\/anodizing-aluminium-section-sliding-window\/\" target=\"_blank\">Anodizing Aluminium Section Sliding Window<\/a><\/li>\r\n<li><a href=\"https:\/\/sinoextrud.com\/product\/wholesale-aluminium-extrusion-corner-profile\/\" target=\"_blank\">Wholesale Aluminium Extrusion Corner Profile<\/a><\/li>\r\n<li><a href=\"https:\/\/sinoextrud.com\/product\/anodizing-housings-large-aluminum-extrusions\/\" target=\"_blank\">Anodizing Housings Large Aluminum Extrusions<\/a><\/li>\r\n<li><a href=\"https:\/\/sinoextrud.com\/product\/aluminium-extrusion-profile-for-furniture-aluminum-profile-with-alloy-6063-t5-supplied-by-china-factory\/\" target=\"_blank\">Aluminium Extrusion Profile for Furniture Aluminum Profile With Alloy 6063 T5 Supplied By China Factory<\/a><\/li>\r\n<li><a href=\"https:\/\/sinoextrud.com\/product\/aluminum-extrusion-6063-anodized-wardrobe-clothes-rod-aluminum-profile\/\" target=\"_blank\">Aluminum Extrusion 6063 Anodized Wardrobe Clothes Rod Aluminum Profile<\/a><\/li>\r\n<li><a href=\"https:\/\/sinoextrud.com\/product\/anodised-aluminium-extrusions\/\" target=\"_blank\">Anodised Aluminium Extrusions<\/a><\/li>"},"feature_list":[]},"_links":{"self":[{"href":"https:\/\/sinoextrud.com\/hu\/wp-json\/wp\/v2\/product\/6769","targetHints":{"allow":["GET"]}}],"collection":[{"href":"https:\/\/sinoextrud.com\/hu\/wp-json\/wp\/v2\/product"}],"about":[{"href":"https:\/\/sinoextrud.com\/hu\/wp-json\/wp\/v2\/types\/product"}],"wp:featuredmedia":[{"embeddable":true,"href":"https:\/\/sinoextrud.com\/hu\/wp-json\/wp\/v2\/media\/6768"}],"wp:attachment":[{"href":"https:\/\/sinoextrud.com\/hu\/wp-json\/wp\/v2\/media?parent=6769"}],"wp:term":[{"taxonomy":"category","embeddable":true,"href":"https:\/\/sinoextrud.com\/hu\/wp-json\/wp\/v2\/categories?post=6769"}],"curies":[{"name":"wp","href":"https:\/\/api.w.org\/{rel}","templated":true}]}}