{"id":6759,"date":"2025-06-01T14:52:13","date_gmt":"2025-06-01T14:52:13","guid":{"rendered":"https:\/\/sinoextrud.com\/product\/color-anodized-structural-aluminum-extrusions-profile-for-window-frame-extruded-aluminium-alloys-6063\/"},"modified":"2025-06-24T06:11:36","modified_gmt":"2025-06-24T06:11:36","slug":"szines-eloxalt-szerkezeti-aluminium-extrudalt-profilok-ablakkerethez-6063-extrudalt-aluminium-otvozetekhez","status":"publish","type":"product","link":"https:\/\/sinoextrud.com\/hu\/product\/color-anodized-structural-aluminum-extrusions-profile-for-window-frame-extruded-aluminium-alloys-6063\/","title":{"rendered":"Sz\u00ednes elox\u00e1lt szerkezeti alum\u00ednium extrud\u00e1lt profil az ablakkerethez 6063 extrud\u00e1lt alum\u00ednium \u00f6tv\u00f6zetekhez"},"content":{"rendered":"<h2>Term\u00e9kek r\u00e9szletei<\/h2>\n<table class=\"custom-table\">\n<tr>\n<td class=\"label\">T\u00e9tel:<\/td>\n<td> Sz\u00ednes elox\u00e1lt szerkezeti alum\u00ednium extrud\u00e1lt profil az ablakkerethez 6063 extrud\u00e1lt alum\u00ednium \u00f6tv\u00f6zetekhez<\/td>\n<\/tr>\n<tr>\n<td class=\"label\">T\u00edpus:<\/td>\n<td> szerkezeti alum\u00ednium extrud\u00e1lt term\u00e9kek<\/td>\n<\/tr>\n<tr>\n<td class=\"label\">Oszt\u00e1ly:<\/td>\n<td> 6000-es sorozat<\/td>\n<\/tr>\n<tr>\n<td class=\"label\">ablak extrud\u00e1l\u00e1sok:<\/td>\n<td> 80-as sorozat<\/td>\n<\/tr>\n<tr>\n<td class=\"label\">Fel\u00fcletkezel\u00e9s:<\/td>\n<td> Sz\u00edn Elox\u00e1lt szelet<\/td>\n<\/tr>\n<tr>\n<td class=\"label\">Tan\u00fas\u00edt\u00e1s:<\/td>\n<td> CE, ISO<\/td>\n<\/tr>\n<tr>\n<td class=\"label\">V\u00e9djegy:<\/td>\n<td> Sinoextrud<\/td>\n<\/tr>\n<tr>\n<td class=\"label\">Specifik\u00e1ci\u00f3:<\/td>\n<td> OEM<\/td>\n<\/tr>\n<tr>\n<td class=\"label\">HS-k\u00f3d:<\/td>\n<td> 7606125900<\/td>\n<\/tr>\n<tr>\n<td class=\"label\">Alak:<\/td>\n<td> Sinoextrud 80 sorozat<\/td>\n<\/tr>\n<tr>\n<td class=\"label\">Lelkiismeretesen:<\/td>\n<td> T3-T8<\/td>\n<\/tr>\n<tr>\n<td class=\"label\">\u00f6tv\u00f6zet:<\/td>\n<td> \u00d6tv\u00f6zet<\/td>\n<\/tr>\n<tr>\n<td class=\"label\">\u00d6tv\u00f6z\u0151 \u00f6sszetev\u0151:<\/td>\n<td> alum\u00ednium \u00e9s alum\u00ednium\u00f6tv\u00f6zetek 6063<\/td>\n<\/tr>\n<tr>\n<td class=\"label\">Eredet:<\/td>\n<td> K\u00edna<\/td>\n<\/tr>\n<\/table>\n<h2>Gy\u00e1rt\u00f3 b\u00e1zisunk<\/h2>\n<h3>Gy\u00e1ri panor\u00e1ma<\/h3>\n<p><img decoding=\"async\" src=\"\/wp-content\/uploads\/factory-01.webp\"\/><\/p>\n<h3>Alum\u00ednium r\u00fadgy\u00e1rt\u00f3 m\u0171hely<\/h3>\n<p><img decoding=\"async\" src=\"\/wp-content\/uploads\/factory-02.webp\"\/><\/p>\n<p><img decoding=\"async\" src=\"\/wp-content\/uploads\/factory-03.webp\"\/><\/p>\n<h3>Pen\u00e9sz rakt\u00e1r<\/h3>\n<p><img decoding=\"async\" src=\"\/wp-content\/uploads\/factory-04.webp\"\/><\/p>\n<h3>43 alum\u00ednium extrud\u00e1l\u00f3 vonal (500-5500 tonna)<\/h3>\n<p><img decoding=\"async\" src=\"\/wp-content\/uploads\/factory-05.webp\"\/><\/p>\n<p><img decoding=\"async\" src=\"\/wp-content\/uploads\/factory-06.webp\"\/><\/p>\n<p><img decoding=\"async\" src=\"\/wp-content\/uploads\/factory-07.webp\"\/><\/p>\n<h3>Porfest\u0151 m\u0171hely<\/h3>\n<p><img decoding=\"async\" src=\"\/wp-content\/uploads\/factory-09.webp\"\/><\/p>\n<h3>Anodiz\u00e1l\u00f3 m\u0171hely<\/h3>\n<p><img decoding=\"async\" src=\"\/wp-content\/uploads\/factory-10.webp\"\/><\/p>\n<h3>M\u00e9ly feldolgoz\u00e1si m\u0171hely<\/h3>\n<p><img decoding=\"async\" src=\"\/wp-content\/uploads\/factory-11.webp\"\/><\/p>\n<h3>CNC prec\u00edzi\u00f3s megmunk\u00e1l\u00f3 m\u0171hely<\/h3>\n<p><img decoding=\"async\" src=\"\/wp-content\/uploads\/factory-11.5.webp\"\/><\/p>\n<h3>K\u00e9szterm\u00e9k \u00e9s export rakt\u00e1r<\/h3>\n<p><img decoding=\"async\" src=\"\/wp-content\/uploads\/factory-12.webp\"\/><\/p>\n<p><img decoding=\"async\" src=\"\/wp-content\/uploads\/factory-13.webp\"\/><\/p>\n<p><img decoding=\"async\" src=\"\/wp-content\/uploads\/factory-14.webp\"\/><\/p>\n<h2>GYIK<\/h2>\n<p><p><b>1.Mi a sz\u00ednes elox\u00e1lt szerkezeti alum\u00ednium extrud\u00e1lt ablakkeretekhez? <\/b><\/p>\n<p> Ezek a 6063-as \u00f6tv\u00f6zetb\u0151l k\u00e9sz\u00fclt alum\u00edniumprofilok k\u00fcl\u00f6nb\u00f6z\u0151 sz\u00ednekben elox\u00e1ltak, hogy jav\u00edts\u00e1k a tart\u00f3ss\u00e1got \u00e9s a l\u00e1tv\u00e1nyt az ablakkeret alkalmaz\u00e1sokban.<br \/>\n<\/p><br \/>\n<br \/>\n<p><b>2.Mi\u00e9rt haszn\u00e1lja a 6063 extrud\u00e1lt alum\u00ednium\u00f6tv\u00f6zeteket ablakkeretekhez? <\/b><\/p>\n<p> A 6063 \u00f6tv\u00f6zet kiv\u00e1l\u00f3 korr\u00f3zi\u00f3\u00e1ll\u00f3s\u00e1got, fel\u00fcleti min\u0151s\u00e9get \u00e9s szil\u00e1rds\u00e1got biztos\u00edt, \u00edgy ide\u00e1lis a prec\u00edzi\u00f3s ablakkeretek extrud\u00e1l\u00e1s\u00e1hoz.<br \/>\n<\/p><br \/>\n<br \/>\n<p><b>3.Mi az el\u0151nye az alum\u00ednium profilok sz\u00ednes elox\u00e1l\u00e1s\u00e1nak? <\/b><\/p>\n<p> A sz\u00ednes elox\u00e1l\u00e1s n\u00f6veli a fel\u00fclet kem\u00e9nys\u00e9g\u00e9t, v\u00e9d a korr\u00f3zi\u00f3 ellen, \u00e9s dekorat\u00edv fel\u00fcletet biztos\u00edt az \u00e9p\u00edt\u00e9szeti felhaszn\u00e1l\u00e1shoz.<br \/>\n<\/p><br \/>\n<br \/>\n<p><b>4.Alkalmasak-e ezek az alum\u00edniumprofilok k\u00fcls\u0151 ablakkeretekhez? <\/b><\/p>\n<p> Igen, a sz\u00ednes elox\u00e1lt profilok UV- \u00e9s id\u0151j\u00e1r\u00e1s\u00e1ll\u00f3ak, \u00edgy ide\u00e1lisak a k\u00fclt\u00e9ri ablakkeretek be\u00e9p\u00edt\u00e9s\u00e9hez.<br \/>\n<\/p><br \/>\n<br \/>\n<p><b>5.Rendelhetek egyedi sz\u00edneket az elox\u00e1lt alum\u00ednium ablakprofilokhoz? <\/b><\/p>\n<p> Term\u00e9szetesen egyedi elox\u00e1lt sz\u00ednek is rendelkez\u00e9sre \u00e1llnak, hogy illeszkedjenek az \u00e9p\u00fclet eszt\u00e9tik\u00e1j\u00e1hoz \u00e9s az \u00e9p\u00edt\u00e9szeti st\u00edlusokhoz.<br \/>\n<\/p><br \/>\n<br \/>\n<p><b>6.Az elox\u00e1l\u00e1s k\u00f6rnyezetbar\u00e1t? <\/b><\/p>\n<p> Igen, az elox\u00e1l\u00e1s egy tiszta \u00e9s biztons\u00e1gos elj\u00e1r\u00e1s, amely tart\u00f3s, nem m\u00e9rgez\u0151 \u00e9s \u00fajrahasznos\u00edthat\u00f3 fel\u00fcletet hoz l\u00e9tre k\u00e1ros kibocs\u00e1t\u00e1sok n\u00e9lk\u00fcl.<br \/>\n<\/p><br \/>\n<br \/>\n<p><b>7.Mennyi ideig tartanak a sz\u00ednes elox\u00e1lt alum\u00ednium ablakprofilok? <\/b><\/p>\n<p> Megfelel\u0151 be\u00e9p\u00edt\u00e9ssel az elox\u00e1lt alum\u00edniumprofilok \u00e9vtizedekig is eltarthatnak fakul\u00e1s, h\u00e1ml\u00e1s vagy korr\u00f3zi\u00f3 n\u00e9lk\u00fcl.<br \/>\n<\/p><br \/>\n<br \/>\n<p><b>8.Milyen kivitelez\u00e9si lehet\u0151s\u00e9gek \u00e1llnak rendelkez\u00e9sre a sz\u00ednes elox\u00e1l\u00e1son k\u00edv\u00fcl? <\/b><\/p>\n<p> M\u00e1s kivitelek k\u00f6z\u00e9 tartozik a porfest\u00e9s, a mechanikus pol\u00edroz\u00e1s \u00e9s a kef\u00e9z\u00e9s, amelyek tov\u00e1bbi testreszab\u00e1st k\u00edn\u00e1lnak a tervez\u00e9s \u00e9s a funkci\u00f3 tekintet\u00e9ben.<br \/>\n<\/p><br \/><\/p>","protected":false},"featured_media":6758,"template":"","categories":[67],"class_list":["post-6759","product","type-product","status-publish","has-post-thumbnail","hentry","category-architectural-aluminium-profile"],"meta_box":{"hilight_text_group":{"product_hilight_text":"<li>Made from premium 6063 extruded aluminum alloys for optimal strength and formability<\/li>\r\r\n<li>Color anodized finish enhances corrosion resistance and aesthetic appeal<\/li>\r\r\n<li>Designed specifically for window frame structures in architectural applications<\/li>\r\r\n<li>Durable and weather-resistant, suitable for long-term outdoor use<\/li>\r\r\n<li>Custom colors and profiles available to match various design requirements<\/li>","product_chanpin_blog":"<ul>\r\r\n<li><a href=\"https:\/\/sinoextrud.com\/t-slot-v-slot-differences\/\" target=\"_blank\">t slot vs v slot<\/a><\/li>\r\r\n<li><a href=\"https:\/\/sinoextrud.com\/what-is-4040-aluminium-extrud\/\" target=\"_blank\">4040 aluminium extrusion<\/a><\/li>\r\r\n<li><a href=\"https:\/\/sinoextrud.com\/what-is-4040-aluminium-extrud\/\" target=\"_blank\">aluminum extrusions for industrial racks<\/a><\/li>\r\r\n<li><a href=\"https:\/\/sinoextrud.com\/powder-coating-aluminium-process\/\" target=\"_blank\">powder coating aluminium<\/a><\/li>\r\r\n<li><a href=\"https:\/\/sinoextrud.com\/what-is-an-aluminium-strip-ceiling\/\" target=\"_blank\">aluminium strip ceiling<\/a><\/li>\r\r\n<li><a href=\"https:\/\/sinoextrud.com\/what-is-a-heat-sink\/\" target=\"_blank\">what is a heat sink<\/a><\/li>\r\r\n<\/ul>","product_chanpin_chanpin":"<li><a href=\"https:\/\/sinoextrud.com\/product\/powder-coating-aluminium-profiles-for-industrial\/\" target=\"_blank\">Powder Coating Aluminium Profiles For Industrial<\/a><\/li>\r\n<li><a href=\"https:\/\/sinoextrud.com\/product\/c-beam-v-slot-aluminium-profile\/\" target=\"_blank\">C Beam V Slot Aluminium Profile<\/a><\/li>\r\n<li><a href=\"https:\/\/sinoextrud.com\/product\/construction-aluminum-profile\/\" target=\"_blank\">Construction Aluminum Profile<\/a><\/li>\r\n<li><a href=\"https:\/\/sinoextrud.com\/product\/architectural-aluminum-profile\/\" target=\"_blank\">Architectural Aluminum Profile<\/a><\/li>\r\n<li><a href=\"https:\/\/sinoextrud.com\/product\/color-anodized-structural-aluminum-extrusions-profile-for-window-frame-extruded-aluminium-alloys-6063\/\" target=\"_blank\">Color Anodized structural aluminum extrusions Profile for Window Frame extruded aluminium alloys 6063<\/a><\/li>\r\n<li><a href=\"https:\/\/sinoextrud.com\/product\/building-material-aluminium-extrusion-profiles\/\" target=\"_blank\">Building Material Aluminium Extrusion Profiles<\/a><\/li>\r\n<li><a href=\"https:\/\/sinoextrud.com\/product\/expanded-metal-aluminium-profiles-partition-frame-for-bathroom-doors-busch-polish-light-top-a-grade\/\" target=\"_blank\">expanded metal aluminium profiles partition frame for bathroom doors busch polish light top a grade<\/a><\/li>\r\n<li><a href=\"https:\/\/sinoextrud.com\/product\/extude-aluminum-t-slot-and-v-slot-profile\/\" target=\"_blank\">Extude-Aluminum T Slot And V Slot Profile<\/a><\/li>\r\n<li><a href=\"https:\/\/sinoextrud.com\/product\/aluminium-square-tube-extrusion-profile-with-6063-t5-alloy-anodized-extruded-aluminium-profile\/\" target=\"_blank\">Aluminium Square Tube Extrusion Profile With 6063 T5 Alloy  Anodized Extruded Aluminium Profile<\/a><\/li>\r\n<li><a href=\"https:\/\/sinoextrud.com\/product\/aluminium-handrail-profiles\/\" target=\"_blank\">Aluminium Handrail Profiles<\/a><\/li>\r\n<li><a href=\"https:\/\/sinoextrud.com\/product\/aluminium-v-slot-extrusion\/\" target=\"_blank\">Aluminium V Slot Extrusion<\/a><\/li>"},"feature_list":[]},"_links":{"self":[{"href":"https:\/\/sinoextrud.com\/hu\/wp-json\/wp\/v2\/product\/6759","targetHints":{"allow":["GET"]}}],"collection":[{"href":"https:\/\/sinoextrud.com\/hu\/wp-json\/wp\/v2\/product"}],"about":[{"href":"https:\/\/sinoextrud.com\/hu\/wp-json\/wp\/v2\/types\/product"}],"wp:featuredmedia":[{"embeddable":true,"href":"https:\/\/sinoextrud.com\/hu\/wp-json\/wp\/v2\/media\/6758"}],"wp:attachment":[{"href":"https:\/\/sinoextrud.com\/hu\/wp-json\/wp\/v2\/media?parent=6759"}],"wp:term":[{"taxonomy":"category","embeddable":true,"href":"https:\/\/sinoextrud.com\/hu\/wp-json\/wp\/v2\/categories?post=6759"}],"curies":[{"name":"wp","href":"https:\/\/api.w.org\/{rel}","templated":true}]}}