{"id":6757,"date":"2025-06-01T14:48:38","date_gmt":"2025-06-01T14:48:38","guid":{"rendered":"https:\/\/sinoextrud.com\/product\/architectural-aluminum-profile\/"},"modified":"2025-06-24T06:11:36","modified_gmt":"2025-06-24T06:11:36","slug":"epiteszeti-aluminium-profil-2","status":"publish","type":"product","link":"https:\/\/sinoextrud.com\/hu\/product\/architectural-aluminum-profile\/","title":{"rendered":"\u00c9p\u00edt\u00e9szeti alum\u00ednium profil"},"content":{"rendered":"<h2>Term\u00e9kek r\u00e9szletei<\/h2>\n<table class=\"custom-table\">\n<tr>\n<td class=\"label\">Term\u00e9k neve<\/td>\n<td>\u00c9p\u00edt\u00e9szeti alum\u00ednium profil<\/td>\n<\/tr>\n<tr>\n<td class=\"label\">Anyag<\/td>\n<td>6063-T5 alum\u00ednium \u00f6tv\u00f6zet<\/td>\n<\/tr>\n<tr>\n<td class=\"label\">Sz\u00e9less\u00e9g<\/td>\n<td>10-300mm<\/td>\n<\/tr>\n<tr>\n<td class=\"label\">Sz\u00ednminta<\/td>\n<td>Ingyenes<\/td>\n<\/tr>\n<tr>\n<td class=\"label\">\u00dczleti t\u00edpus<\/td>\n<td>Gy\u00e1ri k\u00f6zvetlen \u00e9rt\u00e9kes\u00edt\u00e9s<\/td>\n<\/tr>\n<tr>\n<td class=\"label\">Garancia<\/td>\n<td>5 \u00e9v<\/td>\n<\/tr>\n<tr>\n<td class=\"label\">Szabv\u00e1nyos hossz:<\/td>\n<td>3m<\/td>\n<\/tr>\n<tr>\n<td class=\"label\">Lelkiismeretesen:<\/td>\n<td>T3-T8<\/td>\n<\/tr>\n<tr>\n<td class=\"label\">T\u00edpus:<\/td>\n<td>Ablak \u00e9s ajt\u00f3 alum\u00ednium profil, f\u00fcgg\u00f6nyprofil, korl\u00e1tprofil stb.<\/td>\n<\/tr>\n<tr>\n<td class=\"label\">K\u00fcl\u00f6nleges szolg\u00e1lat:<\/td>\n<td>Testreszabott tervez\u00e9s<\/td>\n<\/tr>\n<tr>\n<td class=\"label\">V\u00e9djegy:<\/td>\n<td>Sinoextrud<\/td>\n<\/tr>\n<tr>\n<td class=\"label\">OEM:<\/td>\n<td>Felaj\u00e1nlva.<\/td>\n<\/tr>\n<\/table>\n<h2>Gy\u00e1rt\u00f3 b\u00e1zisunk<\/h2>\n<h3>Gy\u00e1ri panor\u00e1ma<\/h3>\n<p><img decoding=\"async\" src=\"\/wp-content\/uploads\/factory-01.webp\"\/><\/p>\n<h3>Alum\u00ednium r\u00fadgy\u00e1rt\u00f3 m\u0171hely<\/h3>\n<p><img decoding=\"async\" src=\"\/wp-content\/uploads\/factory-02.webp\"\/><\/p>\n<p><img decoding=\"async\" src=\"\/wp-content\/uploads\/factory-03.webp\"\/><\/p>\n<h3>Pen\u00e9sz rakt\u00e1r<\/h3>\n<p><img decoding=\"async\" src=\"\/wp-content\/uploads\/factory-04.webp\"\/><\/p>\n<h3>43 alum\u00ednium extrud\u00e1l\u00f3 vonal (500-5500 tonna)<\/h3>\n<p><img decoding=\"async\" src=\"\/wp-content\/uploads\/factory-05.webp\"\/><\/p>\n<p><img decoding=\"async\" src=\"\/wp-content\/uploads\/factory-06.webp\"\/><\/p>\n<p><img decoding=\"async\" src=\"\/wp-content\/uploads\/factory-07.webp\"\/><\/p>\n<h3>Porfest\u0151 m\u0171hely<\/h3>\n<p><img decoding=\"async\" src=\"\/wp-content\/uploads\/factory-09.webp\"\/><\/p>\n<h3>Anodiz\u00e1l\u00f3 m\u0171hely<\/h3>\n<p><img decoding=\"async\" src=\"\/wp-content\/uploads\/factory-10.webp\"\/><\/p>\n<h3>M\u00e9ly feldolgoz\u00e1si m\u0171hely<\/h3>\n<p><img decoding=\"async\" src=\"\/wp-content\/uploads\/factory-11.webp\"\/><\/p>\n<h3>CNC prec\u00edzi\u00f3s megmunk\u00e1l\u00f3 m\u0171hely<\/h3>\n<p><img decoding=\"async\" src=\"\/wp-content\/uploads\/factory-11.5.webp\"\/><\/p>\n<h3>K\u00e9szterm\u00e9k \u00e9s export rakt\u00e1r<\/h3>\n<p><img decoding=\"async\" src=\"\/wp-content\/uploads\/factory-12.webp\"\/><\/p>\n<p><img decoding=\"async\" src=\"\/wp-content\/uploads\/factory-13.webp\"\/><\/p>\n<p><img decoding=\"async\" src=\"\/wp-content\/uploads\/factory-14.webp\"\/><\/p>\n<h2>GYIK<\/h2>\n<p><p><b>1.Mi az \u00e9p\u00edt\u00e9szeti alum\u00ednium profil? <\/b><\/p>\n<p> Az \u00e9p\u00edt\u00e9szeti alum\u00edniumprofil egy speci\u00e1lisan tervezett alum\u00ednium sajtolt term\u00e9k, amelyet \u00e9p\u00fcletek tervez\u00e9si elemeihez, p\u00e9ld\u00e1ul homlokzatokhoz, ablakokhoz \u00e9s dekorat\u00edv szerkezetekhez haszn\u00e1lnak.<br \/>\n<\/p><br \/>\n<br \/>\n<p><b>2.Mi\u00e9rt v\u00e1lasszon alum\u00ednium profilokat \u00e9p\u00edt\u00e9szeti projektekhez? <\/b><\/p>\n<p> Az alum\u00edniumprofilok eszt\u00e9tikai sokoldal\u00fas\u00e1got, szerkezeti szil\u00e1rds\u00e1got, korr\u00f3zi\u00f3\u00e1ll\u00f3s\u00e1got \u00e9s fenntarthat\u00f3s\u00e1got k\u00edn\u00e1lnak, \u00edgy ide\u00e1lisak a modern \u00e9p\u00edt\u00e9szet sz\u00e1m\u00e1ra.<br \/>\n<\/p><br \/>\n<br \/>\n<p><b>3.Can \u00e9p\u00edt\u00e9szeti alum\u00ednium profilok testreszabhat\u00f3 sz\u00ednben \u00e9s form\u00e1ban? <\/b><\/p>\n<p> Igen, a form\u00e1k, sz\u00ednek \u00e9s fel\u00fcletkezel\u00e9sek sz\u00e9les sk\u00e1l\u00e1j\u00e1val \u00e1llnak rendelkez\u00e9sre, hogy megfeleljenek az egyedi \u00e9p\u00edt\u00e9szeti tervez\u00e9si ig\u00e9nyeknek.<br \/>\n<\/p><br \/>\n<br \/>\n<p><b>4.Alkalmasak-e az \u00e9p\u00edt\u00e9szeti alum\u00edniumprofilok k\u00fclt\u00e9ri haszn\u00e1latra? <\/b><\/p>\n<p> Abszol\u00fat korr\u00f3zi\u00f3\u00e1ll\u00f3ak \u00e9s tart\u00f3sak, \u00edgy t\u00f6k\u00e9letesen alkalmasak k\u00fcls\u0151 alkalmaz\u00e1sokhoz, p\u00e9ld\u00e1ul f\u00fcgg\u00f6nyfalakhoz \u00e9s burkolatokhoz.<br \/>\n<\/p><br \/>\n<br \/>\n<p><b>5.Milyen fel\u00fcletek \u00e1llnak rendelkez\u00e9sre az \u00e9p\u00edt\u00e9szeti alum\u00ednium profilokhoz? <\/b><\/p>\n<p> A gyakori bevonatok k\u00f6z\u00e9 tartozik az elox\u00e1l\u00e1s, a porbevonat \u00e9s a PVDF bevonat, amelyek mindegyike k\u00fcl\u00f6nb\u00f6z\u0151 eszt\u00e9tikai \u00e9s v\u00e9delmi tulajdons\u00e1gokkal rendelkezik.<br \/>\n<\/p><br \/>\n<br \/>\n<p><b>6.Hogyan t\u00e1mogatj\u00e1k az alum\u00edniumprofilok a fenntarthat\u00f3 \u00e9p\u00edt\u00e9szetet? <\/b><\/p>\n<p> Az alum\u00ednium teljes m\u00e9rt\u00e9kben \u00fajrahasznos\u00edthat\u00f3 \u00e9s alacsony k\u00f6rnyezeti l\u00e1bnyoma van, ami \u00f6sszhangban van a z\u00f6ld \u00e9p\u00edt\u00e9si szabv\u00e1nyokkal \u00e9s a fenntarthat\u00f3 \u00e9p\u00edt\u00e9si c\u00e9lokkal.<br \/>\n<\/p><br \/>\n<br \/>\n<p><b>7.Mik az \u00e9p\u00edt\u00e9szeti alum\u00ednium profilok tipikus felhaszn\u00e1l\u00e1si ter\u00fcletei? <\/b><\/p>\n<p> Ezeket a profilokat ablak- \u00e9s ajt\u00f3keretekben, f\u00fcgg\u00f6nyfalakban, napellenz\u0151kben, korl\u00e1tokban \u00e9s dekorat\u00edv homlokzatokban haszn\u00e1lj\u00e1k kereskedelmi \u00e9s lak\u00f3\u00e9p\u00fcletekben.<br \/>\n<\/p><br \/>\n<br \/>\n<p><b>8.K\u00f6nny\u0171-e az \u00e9p\u00edt\u00e9szeti alum\u00ednium profilokat be\u00e9p\u00edteni? <\/b><\/p>\n<p> Igen, k\u00f6nny\u0171 s\u00falyuk \u00e9s modul\u00e1ris kialak\u00edt\u00e1suk leegyszer\u0171s\u00edti a telep\u00edt\u00e9st \u00e9s cs\u00f6kkenti a munkaer\u0151k\u00f6lts\u00e9geket az \u00e9p\u00edt\u00e9szeti kivitelez\u00e9sben.<br \/>\n<\/p><br \/><\/p>","protected":false},"featured_media":6756,"template":"","categories":[67],"class_list":["post-6757","product","type-product","status-publish","has-post-thumbnail","hentry","category-architectural-aluminium-profile"],"meta_box":{"hilight_text_group":{"product_hilight_text":"<li>Precision-engineered aluminum profiles tailored for architectural applications<\/li>\r\r\n<li>Offers excellent strength-to-weight ratio for modern structural designs<\/li>\r\r\n<li>Customizable in shapes, finishes, and colors to match architectural aesthetics<\/li>\r\r\n<li>Corrosion-resistant and maintenance-free for long-term outdoor use<\/li>\r\r\n<li>Supports sustainable architecture through recyclable material use<\/li>","product_chanpin_blog":"<ul>\r\r\n<li><a href=\"https:\/\/sinoextrud.com\/t-slot-v-slot-differences\/\" target=\"_blank\">t slot vs v slot<\/a><\/li>\r\r\n<li><a href=\"https:\/\/sinoextrud.com\/what-is-4040-aluminium-extrud\/\" target=\"_blank\">4040 aluminium extrusion<\/a><\/li>\r\r\n<li><a href=\"https:\/\/sinoextrud.com\/what-is-4040-aluminium-extrud\/\" target=\"_blank\">aluminum extrusions for industrial racks<\/a><\/li>\r\r\n<li><a href=\"https:\/\/sinoextrud.com\/powder-coating-aluminium-process\/\" target=\"_blank\">powder coating aluminium<\/a><\/li>\r\r\n<li><a href=\"https:\/\/sinoextrud.com\/what-is-an-aluminium-strip-ceiling\/\" target=\"_blank\">aluminium strip ceiling<\/a><\/li>\r\r\n<li><a href=\"https:\/\/sinoextrud.com\/what-is-a-heat-sink\/\" target=\"_blank\">what is a heat sink<\/a><\/li>\r\r\n<\/ul>","product_chanpin_chanpin":"<li><a href=\"https:\/\/sinoextrud.com\/product\/aluminium-supplier-china-offer-aluminium-u-channel-extrusion-shapes-profile-for-show-enclosure-cabin\/\" target=\"_blank\">Aluminium Supplier China Offer Aluminium U Channel Extrusion Shapes Profile For Show Enclosure Cabin<\/a><\/li>\r\n<li><a href=\"https:\/\/sinoextrud.com\/product\/powder-coating-aluminium-profiles-for-industrial\/\" target=\"_blank\">Powder Coating Aluminium Profiles For Industrial<\/a><\/li>\r\n<li><a href=\"https:\/\/sinoextrud.com\/product\/c-beam-v-slot-aluminium-profile\/\" target=\"_blank\">C Beam V Slot Aluminium Profile<\/a><\/li>\r\n<li><a href=\"https:\/\/sinoextrud.com\/product\/construction-aluminum-profile\/\" target=\"_blank\">Construction Aluminum Profile<\/a><\/li>\r\n<li><a href=\"https:\/\/sinoextrud.com\/product\/architectural-aluminum-profile\/\" target=\"_blank\">Architectural Aluminum Profile<\/a><\/li>\r\n<li><a href=\"https:\/\/sinoextrud.com\/product\/color-anodized-structural-aluminum-extrusions-profile-for-window-frame-extruded-aluminium-alloys-6063\/\" target=\"_blank\">Color Anodized structural aluminum extrusions Profile for Window Frame extruded aluminium alloys 6063<\/a><\/li>\r\n<li><a href=\"https:\/\/sinoextrud.com\/product\/building-material-aluminium-extrusion-profiles\/\" target=\"_blank\">Building Material Aluminium Extrusion Profiles<\/a><\/li>\r\n<li><a href=\"https:\/\/sinoextrud.com\/product\/expanded-metal-aluminium-profiles-partition-frame-for-bathroom-doors-busch-polish-light-top-a-grade\/\" target=\"_blank\">expanded metal aluminium profiles partition frame for bathroom doors busch polish light top a grade<\/a><\/li>\r\n<li><a href=\"https:\/\/sinoextrud.com\/product\/extude-aluminum-t-slot-and-v-slot-profile\/\" target=\"_blank\">Extude-Aluminum T Slot And V Slot Profile<\/a><\/li>\r\n<li><a href=\"https:\/\/sinoextrud.com\/product\/aluminium-lightbox-extrusion\/\" target=\"_blank\">Aluminium Lightbox Extrusion<\/a><\/li>\r\n<li><a href=\"https:\/\/sinoextrud.com\/product\/aluminum-extrusion-cable-clamp-profile-cnc-custom-cable-cleat-aluminum-profile\/\" target=\"_blank\">Aluminum Extrusion Cable Clamp Profile CNC Custom Cable Cleat Aluminum Profile<\/a><\/li>"},"feature_list":[]},"_links":{"self":[{"href":"https:\/\/sinoextrud.com\/hu\/wp-json\/wp\/v2\/product\/6757","targetHints":{"allow":["GET"]}}],"collection":[{"href":"https:\/\/sinoextrud.com\/hu\/wp-json\/wp\/v2\/product"}],"about":[{"href":"https:\/\/sinoextrud.com\/hu\/wp-json\/wp\/v2\/types\/product"}],"wp:featuredmedia":[{"embeddable":true,"href":"https:\/\/sinoextrud.com\/hu\/wp-json\/wp\/v2\/media\/6756"}],"wp:attachment":[{"href":"https:\/\/sinoextrud.com\/hu\/wp-json\/wp\/v2\/media?parent=6757"}],"wp:term":[{"taxonomy":"category","embeddable":true,"href":"https:\/\/sinoextrud.com\/hu\/wp-json\/wp\/v2\/categories?post=6757"}],"curies":[{"name":"wp","href":"https:\/\/api.w.org\/{rel}","templated":true}]}}