{"id":6749,"date":"2025-06-01T14:34:42","date_gmt":"2025-06-01T14:34:42","guid":{"rendered":"https:\/\/sinoextrud.com\/product\/aluminium-supplier-china-offer-aluminium-u-channel-extrusion-shapes-profile-for-show-enclosure-cabin\/"},"modified":"2025-06-24T06:11:34","modified_gmt":"2025-06-24T06:11:34","slug":"aluminium-szallito-kina-kinal-aluminium-u-csatorna-extrudalt-profilok-profilok-a-show-burkolat-kabinban","status":"publish","type":"product","link":"https:\/\/sinoextrud.com\/hu\/product\/aluminium-supplier-china-offer-aluminium-u-channel-extrusion-shapes-profile-for-show-enclosure-cabin\/","title":{"rendered":"Alum\u00ednium besz\u00e1ll\u00edt\u00f3 K\u00edna k\u00edn\u00e1l alum\u00ednium U-csatorna extrud\u00e1lt form\u00e1k profilja a kabinok bemutat\u00e1s\u00e1hoz"},"content":{"rendered":"<h2>Term\u00e9kek r\u00e9szletei<\/h2>\n<table class=\"custom-table\">\n<tr>\n<td class=\"label\">T\u00e9tel:<\/td>\n<td>Alum\u00ednium besz\u00e1ll\u00edt\u00f3 K\u00edna k\u00edn\u00e1l alum\u00ednium U-csatorna extrud\u00e1lt form\u00e1k profilja a kabinok bemutat\u00e1s\u00e1hoz<\/td>\n<\/tr>\n<tr>\n<td class=\"label\">Anyag:<\/td>\n<td>100% alum\u00ednium profil \u00f6tv\u00f6zet: 6063-T5, 6061-T6, 6463-T5,<\/td>\n<\/tr>\n<tr>\n<td class=\"label\">M\u00e1rka :<\/td>\n<td>Sinoextrud alum\u00ednium\/Sinoextrud alum\u00ednium profilok Co., LTD.<\/td>\n<\/tr>\n<tr>\n<td class=\"label\">M\u00e9ret:<\/td>\n<td>1m-9m vagy egyedi m\u00e9ret<\/td>\n<\/tr>\n<tr>\n<td class=\"label\">Alkalmaz\u00e1s<\/td>\n<td>B\u00fatorok, ablakok \u00e9s ajt\u00f3k, dekor\u00e1ci\u00f3k, ipar, \u00e9p\u00edt\u0151ipar vagy m\u00e1s.<\/td>\n<\/tr>\n<tr>\n<td class=\"label\">Sz\u00ednek:<\/td>\n<td>Elox\u00e1lt, fa szemcs\u00e9s, porsz\u00f3rt, elox\u00e1lt pol\u00edrozott \u00e9s csiszolt, elektrofor\u00e9zis, fluorkarbon porsz\u00f3rt vagy t\u00f6bb.<\/td>\n<\/tr>\n<tr>\n<td class=\"label\">MOQ:<\/td>\n<td>200KG minden egyes profilhoz<\/td>\n<\/tr>\n<tr>\n<td class=\"label\">OEM szolg\u00e1ltat\u00e1s<\/td>\n<td>a megrendel\u0151 \u00e1ltal tervezett rajzok vagy mint\u00e1k alapj\u00e1n<\/td>\n<\/tr>\n<tr>\n<td class=\"label\">El\u00e9rhet\u0151 tan\u00fas\u00edt\u00e1s<\/td>\n<td>ISO: 9001, SONCAP, BV tan\u00fas\u00edtv\u00e1ny vagy az \u00fcgyfelek tan\u00fas\u00edtv\u00e1nya rendelkez\u00e9sre \u00e1ll<\/td>\n<\/tr>\n<tr>\n<td class=\"label\">Csomagol\u00e1si r\u00e9szletek<\/td>\n<td>(1) Bel\u00fcl: m\u0171anyag v\u00e9d\u0151f\u00f3li\u00e1val csomagolva az egyes profilok v\u00e9delme \u00e9rdek\u00e9ben<br \/>(2) K\u00edv\u00fcl: v\u00edz\u00e1ll\u00f3 k\u00e9zm\u0171ves pap\u00edrral csomagolva<\/td>\n<\/tr>\n<tr>\n<td class=\"label\">Sz\u00e1ll\u00edt\u00e1si id\u0151:<\/td>\n<td>(1) Die fejl\u0151d\u0151 \u00e9s mintateszt: 12-18 nap.<br \/>(2) Gy\u00e1rt\u00e1si id\u0151tartam: 25-30 nap, miut\u00e1n a mint\u00e1t a vev\u0151 meger\u0151s\u00edtette.<\/td>\n<\/tr>\n<tr>\n<td class=\"label\">Fizet\u00e9si felt\u00e9telek:<\/td>\n<td>T \/ T, 30% el\u0151leg, m\u00edg az egyenleget a sz\u00e1ll\u00edt\u00e1s el\u0151tt kell kifizetni.<\/td>\n<\/tr>\n<tr>\n<td class=\"label\">Elsz\u00e1mol\u00e1si hat\u00e1rid\u0151:<\/td>\n<td>A v\u00e9gs\u0151 kifizet\u00e9s a t\u00e9nyleges fizikai m\u00e9rlegel\u00e9s alapj\u00e1n t\u00f6rt\u00e9nik.<\/td>\n<\/tr>\n<tr>\n<td class=\"label\">Termel\u00e9si kapacit\u00e1s:<\/td>\n<td>2400-3000 metrikus tonna havonta.<\/td>\n<\/tr>\n<tr>\n<td class=\"label\">Termel\u00e9si garancia<\/td>\n<td>A fel\u00fcleti sz\u00edn belt\u00e9ri haszn\u00e1lat eset\u00e9n 10~20 \u00e9vig k\u00e9pes fenntartani.<\/td>\n<\/tr>\n<tr>\n<td class=\"label\">Kik\u00f6t\u0151:<\/td>\n<td>FOB, Guangzhou, Foshan<\/td>\n<\/tr>\n<\/table>\n<h2>Gy\u00e1rt\u00f3 b\u00e1zisunk<\/h2>\n<h3>Gy\u00e1ri panor\u00e1ma<\/h3>\n<p><img decoding=\"async\" src=\"\/wp-content\/uploads\/factory-01.webp\"\/><\/p>\n<h3>Alum\u00ednium r\u00fadgy\u00e1rt\u00f3 m\u0171hely<\/h3>\n<p><img decoding=\"async\" src=\"\/wp-content\/uploads\/factory-02.webp\"\/><\/p>\n<p><img decoding=\"async\" src=\"\/wp-content\/uploads\/factory-03.webp\"\/><\/p>\n<h3>Pen\u00e9sz rakt\u00e1r<\/h3>\n<p><img decoding=\"async\" src=\"\/wp-content\/uploads\/factory-04.webp\"\/><\/p>\n<h3>43 alum\u00ednium extrud\u00e1l\u00f3 vonal (500-5500 tonna)<\/h3>\n<p><img decoding=\"async\" src=\"\/wp-content\/uploads\/factory-05.webp\"\/><\/p>\n<p><img decoding=\"async\" src=\"\/wp-content\/uploads\/factory-06.webp\"\/><\/p>\n<p><img decoding=\"async\" src=\"\/wp-content\/uploads\/factory-07.webp\"\/><\/p>\n<h3>Porfest\u0151 m\u0171hely<\/h3>\n<p><img decoding=\"async\" src=\"\/wp-content\/uploads\/factory-09.webp\"\/><\/p>\n<h3>Anodiz\u00e1l\u00f3 m\u0171hely<\/h3>\n<p><img decoding=\"async\" src=\"\/wp-content\/uploads\/factory-10.webp\"\/><\/p>\n<h3>M\u00e9ly feldolgoz\u00e1si m\u0171hely<\/h3>\n<p><img decoding=\"async\" src=\"\/wp-content\/uploads\/factory-11.webp\"\/><\/p>\n<h3>CNC prec\u00edzi\u00f3s megmunk\u00e1l\u00f3 m\u0171hely<\/h3>\n<p><img decoding=\"async\" src=\"\/wp-content\/uploads\/factory-11.5.webp\"\/><\/p>\n<h3>K\u00e9szterm\u00e9k \u00e9s export rakt\u00e1r<\/h3>\n<p><img decoding=\"async\" src=\"\/wp-content\/uploads\/factory-12.webp\"\/><\/p>\n<p><img decoding=\"async\" src=\"\/wp-content\/uploads\/factory-13.webp\"\/><\/p>\n<p><img decoding=\"async\" src=\"\/wp-content\/uploads\/factory-14.webp\"\/><\/p>\n<h2>GYIK<\/h2>\n<p><p><b>1.Mi az alum\u00ednium U-csatorna extrud\u00e1l\u00e1s? <\/b><\/p>\n<p> Az alum\u00ednium U-csatorna sajtolt alum\u00edniumprofil egy U-alak\u00fa alum\u00edniumprofil, amelyet \u00e1ltal\u00e1ban \u00e9p\u00edt\u0151ipari \u00e9s burkolati rendszerekben, p\u00e9ld\u00e1ul kabinokban \u00e9s kijelz\u0151egys\u00e9gekben haszn\u00e1lnak.<br \/>\n<\/p><br \/>\n<br \/>\n<p><b>2.Mi\u00e9rt \u00e9rdemes az alum\u00ednium U-csatorn\u00e1kat k\u00ednai besz\u00e1ll\u00edt\u00f3t\u00f3l beszerezni? <\/b><\/p>\n<p> A k\u00ednai alum\u00ednium sz\u00e1ll\u00edt\u00f3k k\u00f6lts\u00e9ghat\u00e9kony, kiv\u00e1l\u00f3 min\u0151s\u00e9g\u0171 U-csatorna extrud\u00e1l\u00e1st k\u00edn\u00e1lnak testreszabhat\u00f3 opci\u00f3kkal a t\u00f6meges megrendel\u00e9sekhez.<br \/>\n<\/p><br \/>\n<br \/>\n<p><b>3.Milyen el\u0151nyei vannak az alum\u00ednium U-csatorn\u00e1k haszn\u00e1lat\u00e1nak a bemutat\u00f3h\u00e1zakhoz? <\/b><\/p>\n<p> Az alum\u00ednium U-csatorn\u00e1k k\u00f6nny\u0171ek, korr\u00f3zi\u00f3\u00e1ll\u00f3ak \u00e9s szerkezetileg megb\u00edzhat\u00f3ak, \u00edgy t\u00f6k\u00e9letesen alkalmasak a ki\u00e1ll\u00edt\u00e1si burkolatok al\u00e1t\u00e1maszt\u00e1s\u00e1ra.<br \/>\n<\/p><br \/>\n<br \/>\n<p><b>4.Kaphatok egyedi form\u00e1kat \u00e9s m\u00e9reteket az alum\u00ednium U-csatorna profiljaimhoz? <\/b><\/p>\n<p> Igen, egyedi extrud\u00e1lt form\u00e1k \u00e9s m\u00e9retek \u00e1llnak rendelkez\u00e9sre, hogy megfeleljenek az egyedi szerkezeti \u00e9s tervez\u00e9si k\u00f6vetelm\u00e9nyeknek.<br \/>\n<\/p><br \/>\n<br \/>\n<p><b>5.Tart\u00f3s-e az U-csatorn\u00e1s profilokban haszn\u00e1lt alum\u00ednium? <\/b><\/p>\n<p> Term\u00e9szetesen az alum\u00ednium nagy szil\u00e1rds\u00e1g\u00fa \u00e9s korr\u00f3zi\u00f3\u00e1ll\u00f3s\u00e1ggal kezelt, \u00edgy biztos\u00edtva a hossz\u00fa t\u00e1v\u00fa tart\u00f3ss\u00e1got.<br \/>\n<\/p><br \/>\n<br \/>\n<p><b>6.Alkalmasak-e az alum\u00ednium U-csatorna profilok k\u00fclt\u00e9ri haszn\u00e1latra? <\/b><\/p>\n<p> Igen, ezeket a profilokat \u00fagy kezelik, hogy ellen\u00e1lljanak az id\u0151j\u00e1r\u00e1s viszontags\u00e1gainak \u00e9s a korr\u00f3zi\u00f3nak, \u00edgy alkalmasak k\u00fclt\u00e9ri kabinok \u00e9s ki\u00e1ll\u00edt\u00e1sok sz\u00e1m\u00e1ra.<br \/>\n<\/p><br \/>\n<br \/>\n<p><b>7.Hogyan hasonl\u00edtanak az alum\u00ednium U-csatorn\u00e1k az ac\u00e9lcsatorn\u00e1khoz? <\/b><\/p>\n<p> Az alum\u00ednium U-csatorn\u00e1k k\u00f6nnyebbek, korr\u00f3zi\u00f3\u00e1ll\u00f3bbak \u00e9s k\u00f6nnyebben telep\u00edthet\u0151k, mint az ac\u00e9l, ugyanakkor szil\u00e1rd szerkezeti teljes\u00edtm\u00e9nyt ny\u00fajtanak.<br \/>\n<\/p><br \/>\n<br \/>\n<p><b>8.Do k\u00ednai alum\u00ednium besz\u00e1ll\u00edt\u00f3k k\u00edn\u00e1lnak nemzetk\u00f6zi sz\u00e1ll\u00edt\u00e1s? <\/b><\/p>\n<p> Igen, a j\u00f3 h\u00edr\u0171 k\u00ednai alum\u00ednium besz\u00e1ll\u00edt\u00f3k nemzetk\u00f6zi logisztikai \u00e9s export szolg\u00e1ltat\u00e1sokat ny\u00fajtanak a glob\u00e1lis \u00fcgyfelek sz\u00e1m\u00e1ra.<br \/>\n<\/p><br \/><\/p>","protected":false},"featured_media":6701,"template":"","categories":[67],"class_list":["post-6749","product","type-product","status-publish","has-post-thumbnail","hentry","category-architectural-aluminium-profile"],"meta_box":{"hilight_text_group":{"product_hilight_text":"<li>Precision aluminum U channel extrusions ideal for show enclosures and cabins<\/li>\r\r\n<li>High-strength profiles manufactured in China with strict quality control<\/li>\r\r\n<li>Custom shapes and sizes available to meet specific project needs<\/li>\r\r\n<li>Corrosion-resistant and lightweight for easy handling and long-term use<\/li>\r\r\n<li>Cost-effective bulk supply directly from a trusted Chinese aluminum supplier<\/li>","product_chanpin_blog":"<ul>\r\r\n<li><a href=\"https:\/\/sinoextrud.com\/t-slot-v-slot-differences\/\" target=\"_blank\">t slot vs v slot<\/a><\/li>\r\r\n<li><a href=\"https:\/\/sinoextrud.com\/what-is-4040-aluminium-extrud\/\" target=\"_blank\">4040 aluminium extrusion<\/a><\/li>\r\r\n<li><a href=\"https:\/\/sinoextrud.com\/what-is-4040-aluminium-extrud\/\" target=\"_blank\">aluminum extrusions for industrial racks<\/a><\/li>\r\r\n<li><a href=\"https:\/\/sinoextrud.com\/powder-coating-aluminium-process\/\" target=\"_blank\">powder coating aluminium<\/a><\/li>\r\r\n<li><a href=\"https:\/\/sinoextrud.com\/what-is-an-aluminium-strip-ceiling\/\" target=\"_blank\">aluminium strip ceiling<\/a><\/li>\r\r\n<li><a href=\"https:\/\/sinoextrud.com\/what-is-a-heat-sink\/\" target=\"_blank\">what is a heat sink<\/a><\/li>\r\r\n<\/ul>","product_chanpin_chanpin":"<li><a href=\"https:\/\/sinoextrud.com\/product\/500-degree-brightness-polished-aluminum-profile\/\" target=\"_blank\">500 Degree Brightness Polished Aluminum Profile<\/a><\/li>\r\n<li><a href=\"https:\/\/sinoextrud.com\/product\/aluminium-profile\/\" target=\"_blank\">Aluminium profile<\/a><\/li>\r\n<li><a href=\"https:\/\/sinoextrud.com\/product\/aluminium-handrail-tubing\/\" target=\"_blank\">Aluminium Handrail Tubing<\/a><\/li>\r\n<li><a href=\"https:\/\/sinoextrud.com\/product\/kitchen-cabinet-aluminum-profile\/\" target=\"_blank\">Kitchen Cabinet Aluminum Profile<\/a><\/li>\r\n<li><a href=\"https:\/\/sinoextrud.com\/product\/aluminium-supplier-china-offer-aluminium-u-channel-extrusion-shapes-profile-for-show-enclosure-cabin\/\" target=\"_blank\">Aluminium Supplier China Offer Aluminium U Channel Extrusion Shapes Profile For Show Enclosure Cabin<\/a><\/li>\r\n<li><a href=\"https:\/\/sinoextrud.com\/product\/powder-coating-aluminium-profiles-for-industrial\/\" target=\"_blank\">Powder Coating Aluminium Profiles For Industrial<\/a><\/li>\r\n<li><a href=\"https:\/\/sinoextrud.com\/product\/c-beam-v-slot-aluminium-profile\/\" target=\"_blank\">C Beam V Slot Aluminium Profile<\/a><\/li>\r\n<li><a href=\"https:\/\/sinoextrud.com\/product\/construction-aluminum-profile\/\" target=\"_blank\">Construction Aluminum Profile<\/a><\/li>\r\n<li><a href=\"https:\/\/sinoextrud.com\/product\/architectural-aluminum-profile\/\" target=\"_blank\">Architectural Aluminum Profile<\/a><\/li>\r\n<li><a href=\"https:\/\/sinoextrud.com\/product\/aluminum-t-slot-channel\/\" target=\"_blank\">Aluminum T Slot Channel<\/a><\/li>\r\n<li><a href=\"https:\/\/sinoextrud.com\/product\/aluminum-cabinet-frame-extrusions\/\" target=\"_blank\">Aluminum Cabinet Frame Extrusions<\/a><\/li>"},"feature_list":[]},"_links":{"self":[{"href":"https:\/\/sinoextrud.com\/hu\/wp-json\/wp\/v2\/product\/6749","targetHints":{"allow":["GET"]}}],"collection":[{"href":"https:\/\/sinoextrud.com\/hu\/wp-json\/wp\/v2\/product"}],"about":[{"href":"https:\/\/sinoextrud.com\/hu\/wp-json\/wp\/v2\/types\/product"}],"wp:featuredmedia":[{"embeddable":true,"href":"https:\/\/sinoextrud.com\/hu\/wp-json\/wp\/v2\/media\/6701"}],"wp:attachment":[{"href":"https:\/\/sinoextrud.com\/hu\/wp-json\/wp\/v2\/media?parent=6749"}],"wp:term":[{"taxonomy":"category","embeddable":true,"href":"https:\/\/sinoextrud.com\/hu\/wp-json\/wp\/v2\/categories?post=6749"}],"curies":[{"name":"wp","href":"https:\/\/api.w.org\/{rel}","templated":true}]}}