{"id":6702,"date":"2025-05-30T10:00:46","date_gmt":"2025-05-30T10:00:46","guid":{"rendered":"https:\/\/sinoextrud.com\/product\/kitchen-cabinet-aluminum-profile\/"},"modified":"2025-06-24T06:11:34","modified_gmt":"2025-06-24T06:11:34","slug":"konyhaszekreny-aluminium-profil","status":"publish","type":"product","link":"https:\/\/sinoextrud.com\/hu\/product\/kitchen-cabinet-aluminum-profile\/","title":{"rendered":"Konyhaszekr\u00e9ny alum\u00ednium profil"},"content":{"rendered":"<h2>Term\u00e9kek r\u00e9szletei<\/h2>\n<table class=\"custom-table\">\n<tr>\n<td class=\"label\">1. T\u00e9tel<\/td>\n<td>Konyhaszekr\u00e9ny alum\u00ednium profil<\/td>\n<\/tr>\n<tr>\n<td class=\"label\">2. Szelv\u00e9nyform\u00e1k<\/td>\n<td>Testreszabott<\/td>\n<\/tr>\n<tr>\n<td class=\"label\">3. Fel\u00fcletkezel\u00e9s<\/td>\n<td>Malomipari kivitel \/ elox\u00e1lt \/ homokf\u00fav\u00e1s \/ porsz\u00f3r\u00e1s \/ elektrofor\u00e9zis \/ fa szemcs\u00e9s \/ pol\u00edroz\u00e1s<\/td>\n<\/tr>\n<tr>\n<td class=\"label\">4. MOQ<\/td>\n<td>200 kg minden egyes t\u00e9tel eset\u00e9ben<\/td>\n<\/tr>\n<tr>\n<td class=\"label\">5. Anyag<\/td>\n<td>100% \u00f6tv\u00f6zet: 6063 T5 \/ 6061 T6<\/td>\n<\/tr>\n<tr>\n<td class=\"label\">6. Hossz\u00fas\u00e1g<\/td>\n<td>\u00c1ltal\u00e1ban 1-9 m\u00e9ter, vagy testreszabott<\/td>\n<\/tr>\n<tr>\n<td class=\"label\">7. Min\u0151s\u00e9gellen\u0151rz\u00e9s<\/td>\n<td>Mi m\u0171k\u00f6dik a legszigor\u00fabb min\u0151s\u00e9gellen\u0151rz\u00e9si rendszer, 100% ellen\u0151rz\u00e9s sz\u00e1ll\u00edt\u00e1s el\u0151tt<\/td>\n<\/tr>\n<tr>\n<td class=\"label\">8. Folyamat<\/td>\n<td>Vizsg\u00e1lat - Minta vagy CAD rajz (az \u00fcgyfelek \u00e1ltal sz\u00e1ll\u00edtott) - CAD rajz (c\u00e9g\u00fcnk) - Rajzmeger\u0151s\u00edt\u00e9s - Formagy\u00e1rt\u00e1s - Minta konform\u00e1ci\u00f3 - T\u00f6megtermel\u00e9s - Ellen\u0151rz\u00e9s - Sz\u00e1ll\u00edt\u00e1s<\/td>\n<\/tr>\n<tr>\n<td class=\"label\">9. Fizet\u00e9s<\/td>\n<td>T \/ T: 30% let\u00e9tbe helyez\u00e9s, az egyenleg a sz\u00e1ll\u00edt\u00e1s el\u0151tt vagy ut\u00e1n ker\u00fcl kifizet\u00e9sre (vagy minden att\u00f3l f\u00fcgg)<\/td>\n<\/tr>\n<tr>\n<td class=\"label\">10. Csomagol\u00e1si r\u00e9szletek<\/td>\n<td>Bel\u00fcl: m\u0171anyag f\u00f3li\u00e1val csomagolva az egyes darabok v\u00e9delme \u00e9rdek\u00e9ben<br \/>K\u00edv\u00fcl: v\u00edz\u00e1ll\u00f3 k\u00e9zm\u0171ves pap\u00edrral vagy EPE-f\u00f3li\u00e1val csomagolva. Testreszabott k\u00e9r\u00e9s \u00e1ll rendelkez\u00e9sre<\/td>\n<\/tr>\n<tr>\n<td class=\"label\">11. \u00c1tfut\u00e1si id\u0151<\/td>\n<td>Szersz\u00e1mfejleszt\u00e9s \u00e9s mintatesztel\u00e9s: 8-15 nap<br \/>T\u00f6megtermel\u00e9s: 18-25 nap<\/td>\n<\/tr>\n<\/table>\n<h2>Gy\u00e1rt\u00f3 b\u00e1zisunk<\/h2>\n<h3>Gy\u00e1ri panor\u00e1ma<\/h3>\n<p><img decoding=\"async\" src=\"\/wp-content\/uploads\/factory-01.webp\"\/><\/p>\n<h3>Alum\u00ednium r\u00fadgy\u00e1rt\u00f3 m\u0171hely<\/h3>\n<p><img decoding=\"async\" src=\"\/wp-content\/uploads\/factory-02.webp\"\/><\/p>\n<\/p>\n<p><img decoding=\"async\" src=\"\/wp-content\/uploads\/factory-03.webp\"\/><\/p>\n<h3>Pen\u00e9sz rakt\u00e1r<\/h3>\n<p><img decoding=\"async\" src=\"\/wp-content\/uploads\/factory-04.webp\"\/><\/p>\n<h3>43 alum\u00ednium extrud\u00e1l\u00f3 vonal (500-5500 tonna)<\/h3>\n<p><img decoding=\"async\" src=\"\/wp-content\/uploads\/factory-05.webp\"\/><\/p>\n<p><img decoding=\"async\" src=\"\/wp-content\/uploads\/factory-06.webp\"\/><\/p>\n<p><img decoding=\"async\" src=\"\/wp-content\/uploads\/factory-07.webp\"\/><\/p>\n<h3>Porfest\u0151 m\u0171hely<\/h3>\n<p><img decoding=\"async\" src=\"\/wp-content\/uploads\/factory-09.webp\"\/><\/p>\n<h3>Anodiz\u00e1l\u00f3 m\u0171hely<\/h3>\n<p><img decoding=\"async\" src=\"\/wp-content\/uploads\/factory-10.webp\"\/><\/p>\n<h3>M\u00e9ly feldolgoz\u00e1si m\u0171hely<\/h3>\n<p><img decoding=\"async\" src=\"\/wp-content\/uploads\/factory-11.webp\"\/><\/p>\n<h3>CNC prec\u00edzi\u00f3s megmunk\u00e1l\u00f3 m\u0171hely<\/h3>\n<p><img decoding=\"async\" src=\"\/wp-content\/uploads\/factory-11.5.webp\"\/><\/p>\n<h3>K\u00e9szterm\u00e9k \u00e9s export rakt\u00e1r<\/h3>\n<p><img decoding=\"async\" src=\"\/wp-content\/uploads\/factory-12.webp\"\/><\/p>\n<p><img decoding=\"async\" src=\"\/wp-content\/uploads\/factory-13.webp\"\/><\/p>\n<p><img decoding=\"async\" src=\"\/wp-content\/uploads\/factory-14.webp\"\/><\/p>\n<h2>GYIK<\/h2>\n<p><b>1.Mi a konyhaszekr\u00e9ny alum\u00ednium profilja? <\/b><\/p>\n<p>Ez egy extrud\u00e1lt alum\u00edniumkeret, amelyet konyhaszekr\u00e9nyekben haszn\u00e1lnak a szekr\u00e9nyajt\u00f3k \u00e9s fi\u00f3kok al\u00e1t\u00e1maszt\u00e1s\u00e1ra, szeg\u00e9lyez\u00e9s\u00e9re vagy hangs\u00falyoz\u00e1s\u00e1ra.\n<\/p>\n<p><\/p>\n<p><b>2.Mi\u00e9rt v\u00e1lassza az alum\u00ednium profilokat a konyhaszekr\u00e9nyekhez? <\/b><\/p>\n<p>Az alum\u00ednium k\u00f6nny\u0171, er\u0151s, korr\u00f3zi\u00f3\u00e1ll\u00f3 \u00e9s modern megjelen\u00e9st k\u00f6lcs\u00f6n\u00f6z, \u00edgy ide\u00e1lis konyhai haszn\u00e1latra.\n<\/p>\n<p><\/p>\n<p><b>3.Ezek a profilok ellen\u00e1llnak a nedvess\u00e9gnek \u00e9s a h\u0151nek? <\/b><\/p>\n<p>Igen, az alum\u00ednium term\u00e9szetesen ellen\u00e1ll a nedvess\u00e9gnek \u00e9s a h\u0151m\u00e9rs\u00e9klet-v\u00e1ltoz\u00e1soknak, \u00edgy alkalmas a magas p\u00e1ratartalm\u00fa konyhai helyis\u00e9gekbe.\n<\/p>\n<p><\/p>\n<p><b>4.Testreszabhatom a profil kialak\u00edt\u00e1s\u00e1t? <\/b><\/p>\n<p>Igen, a gy\u00e1rt\u00f3k testreszab\u00e1st k\u00edn\u00e1lnak az alak, a m\u00e9ret, a sz\u00edn \u00e9s a fel\u00fcletkezel\u00e9s tekintet\u00e9ben, hogy illeszkedjenek az adott szekr\u00e9nykialak\u00edt\u00e1sokhoz.\n<\/p>\n<p><\/p>\n<p><b>5.Milyen fel\u00fcletek \u00e1llnak rendelkez\u00e9sre a konyhaszekr\u00e9ny profilok sz\u00e1m\u00e1ra? <\/b><\/p>\n<p>Az opci\u00f3k k\u00f6z\u00f6tt szerepelnek elox\u00e1lt, csiszolt, matt, pol\u00edrozott \u00e9s porsz\u00f3rt kivitelek k\u00fcl\u00f6nb\u00f6z\u0151 sz\u00ednekben.\n<\/p>\n<p><\/p>\n<p><b>6.Az alum\u00ednium szekr\u00e9nyprofilok k\u00f6nnyen telep\u00edthet\u0151k? <\/b><\/p>\n<p>Igen, k\u00f6nny\u0171ek \u00e9s k\u00f6nnyen \u00f6sszeszerelhet\u0151k a szok\u00e1sos szersz\u00e1mokkal \u00e9s szabv\u00e1nyos tartoz\u00e9kokkal.\n<\/p>\n<p><\/p>\n<p><b>7.Ezek a profilok m\u0171k\u00f6dnek fa vagy \u00fcveg szekr\u00e9nyajt\u00f3kkal? <\/b><\/p>\n<p>Igen, sz\u00e1mos panelanyaggal kompatibilisek, bele\u00e9rtve az MDF-et, r\u00e9tegelt lemezt, \u00fcveget \u00e9s akrilt.\n<\/p>\n<p><\/p>\n<p><b>8.Alkalmasak-e ezek a profilok foganty\u00fa n\u00e9lk\u00fcli szekr\u00e9nykialak\u00edt\u00e1sokhoz? <\/b><\/p>\n<p>Igen, sok alum\u00edniumprofilt \u00fagy terveztek, hogy integr\u00e1lt h\u00faz\u00f3k\u00e9nt funkcion\u00e1ljon a minimalista, foganty\u00fa n\u00e9lk\u00fcli kialak\u00edt\u00e1sokhoz.\n<\/p>\n<p><\/p>\n<p><b>9.Az alum\u00ednium biztons\u00e1gosan haszn\u00e1lhat\u00f3 a konyh\u00e1ban? <\/b><\/p>\n<p>Igen, az alum\u00edniumprofilok nem m\u00e9rgez\u0151ek \u00e9s biztons\u00e1gosak belt\u00e9ri alkalmaz\u00e1sokhoz, bele\u00e9rtve az \u00e9lelmiszer-el\u0151k\u00e9sz\u00edt\u0151 ter\u00fcleteket is.\n<\/p>\n<p><\/p>\n<p><b>10.Megrendelhetem a konyhaszekr\u00e9ny profilokat \u00f6mlesztve? <\/b><\/p>\n<p>Igen, a besz\u00e1ll\u00edt\u00f3k versenyk\u00e9pes \u00e1rakat k\u00edn\u00e1lnak a b\u00fatorgy\u00e1rt\u00f3k \u00e9s a v\u00e1llalkoz\u00f3k sz\u00e1m\u00e1ra.\n<\/p>\n<p><\/p>\n<p><b>11.Mennyi a gy\u00e1rt\u00e1s \u00e1tlagos \u00e1tfut\u00e1si ideje? <\/b><\/p>\n<p>\u00c1ltal\u00e1ban 2-4 h\u00e9t, a megrendel\u00e9s mennyis\u00e9g\u00e9t\u0151l \u00e9s a testreszab\u00e1si szintt\u0151l f\u00fcgg\u0151en.\n<\/p>\n<p><\/p>\n<p><b>12.\u00dajrahasznos\u00edthat\u00f3k-e ezek a profilok? <\/b><\/p>\n<p>Igen, az alum\u00ednium 100% \u00fajrahasznos\u00edthat\u00f3, \u00edgy k\u00f6rnyezetbar\u00e1t megold\u00e1s a modern konyha\u00e9p\u00edt\u00e9sben.\n<\/p>\n<p><\/p>\n<p><b>13.A gy\u00e1rt\u00f3k ny\u00fajtanak tervez\u00e9si t\u00e1mogat\u00e1st vagy CAD-rajzokat? <\/b><\/p>\n<p>Igen, sok besz\u00e1ll\u00edt\u00f3 k\u00edn\u00e1l technikai t\u00e1mogat\u00e1st, bele\u00e9rtve a CAD-rajzokat \u00e9s a protot\u00edpus-el\u0151k\u00e9sz\u00edt\u00e9si szolg\u00e1ltat\u00e1sokat.\n<\/p>\n<p><\/p>\n<p><b>14.Rendel\u00e9s el\u0151tt rendelkez\u00e9sre \u00e1llnak mint\u00e1k? <\/b><\/p>\n<p>Igen, a legt\u00f6bb besz\u00e1ll\u00edt\u00f3 mint\u00e1kat k\u00edn\u00e1l a tervez\u00e9s tesztel\u00e9s\u00e9hez \u00e9s a min\u0151s\u00e9g ellen\u0151rz\u00e9s\u00e9hez a sorozatgy\u00e1rt\u00e1s el\u0151tt.\n<\/p>\n<p><\/p>\n<p><b>15.Milyen profilt\u00edpusok \u00e1llnak rendelkez\u00e9sre? <\/b><\/p>\n<p>A leggyakoribb t\u00edpusok k\u00f6z\u00e9 tartoznak a k\u00fcl\u00f6nb\u00f6z\u0151 szekr\u00e9nyst\u00edlusokhoz igaz\u00edtott keretprofilok, szeg\u00e9lyl\u00e9cek, foganty\u00fak \u00e9s d\u00edsz\u00edt\u0151 s\u00ednp\u00e1rok.\n<\/p>\n<p><\/p>","protected":false},"featured_media":6701,"template":"","categories":[67],"class_list":["post-6702","product","type-product","status-publish","has-post-thumbnail","hentry","category-architectural-aluminium-profile"],"meta_box":{"hilight_text_group":{"product_hilight_text":"<li>Modern, sleek design enhances the aesthetic appeal of kitchen cabinetry<\/li>\r\r\n<li>High-strength aluminum construction ensures durability and long-term performance<\/li>\r\r\n<li>Corrosion-resistant and moisture-proof, ideal for humid kitchen environments<\/li>\r\r\n<li>Compatible with a variety of panel materials including wood, glass, and acrylic<\/li>\r\r\n<li>Custom sizes, shapes, and finishes available to match different kitchen styles<\/li>","product_chanpin_blog":"<ul>\r\r\n<li><a href=\"https:\/\/sinoextrud.com\/t-slot-v-slot-differences\/\" target=\"_blank\">t slot vs v slot<\/a><\/li>\r\r\n<li><a href=\"https:\/\/sinoextrud.com\/what-is-4040-aluminium-extrud\/\" target=\"_blank\">4040 aluminium extrusion<\/a><\/li>\r\r\n<li><a href=\"https:\/\/sinoextrud.com\/what-is-4040-aluminium-extrud\/\" target=\"_blank\">aluminum extrusions for industrial racks<\/a><\/li>\r\r\n<li><a href=\"https:\/\/sinoextrud.com\/powder-coating-aluminium-process\/\" target=\"_blank\">powder coating aluminium<\/a><\/li>\r\r\n<li><a href=\"https:\/\/sinoextrud.com\/what-is-an-aluminium-strip-ceiling\/\" target=\"_blank\">aluminium strip ceiling<\/a><\/li>\r\r\n<li><a href=\"https:\/\/sinoextrud.com\/what-is-a-heat-sink\/\" target=\"_blank\">what is a heat sink<\/a><\/li>\r\r\n<\/ul>","product_chanpin_chanpin":"<li><a href=\"https:\/\/sinoextrud.com\/product\/6463-brightness-polished-shower-room-u-channel-aluminum-profile\/\" target=\"_blank\">6463 Brightness Polished Shower Room U Channel Aluminum Profile<\/a><\/li>\r\n<li><a href=\"https:\/\/sinoextrud.com\/product\/500-degree-brightness-polished-aluminum-profile\/\" target=\"_blank\">500 Degree Brightness Polished Aluminum Profile<\/a><\/li>\r\n<li><a href=\"https:\/\/sinoextrud.com\/product\/aluminium-profile\/\" target=\"_blank\">Aluminium profile<\/a><\/li>\r\n<li><a href=\"https:\/\/sinoextrud.com\/product\/aluminium-handrail-tubing\/\" target=\"_blank\">Aluminium Handrail Tubing<\/a><\/li>\r\n<li><a href=\"https:\/\/sinoextrud.com\/product\/kitchen-cabinet-aluminum-profile\/\" target=\"_blank\">Kitchen Cabinet Aluminum Profile<\/a><\/li>\r\n<li><a href=\"https:\/\/sinoextrud.com\/product\/aluminium-supplier-china-offer-aluminium-u-channel-extrusion-shapes-profile-for-show-enclosure-cabin\/\" target=\"_blank\">Aluminium Supplier China Offer Aluminium U Channel Extrusion Shapes Profile For Show Enclosure Cabin<\/a><\/li>\r\n<li><a href=\"https:\/\/sinoextrud.com\/product\/powder-coating-aluminium-profiles-for-industrial\/\" target=\"_blank\">Powder Coating Aluminium Profiles For Industrial<\/a><\/li>\r\n<li><a href=\"https:\/\/sinoextrud.com\/product\/c-beam-v-slot-aluminium-profile\/\" target=\"_blank\">C Beam V Slot Aluminium Profile<\/a><\/li>\r\n<li><a href=\"https:\/\/sinoextrud.com\/product\/construction-aluminum-profile\/\" target=\"_blank\">Construction Aluminum Profile<\/a><\/li>\r\n<li><a href=\"https:\/\/sinoextrud.com\/product\/aluminum-extrusion-sunflower-aluminum-profile\/\" target=\"_blank\">Aluminum Extrusion Sunflower Aluminum Profile<\/a><\/li>\r\n<li><a href=\"https:\/\/sinoextrud.com\/product\/aluminium-profile-frame-for-fly-screen\/\" target=\"_blank\">Aluminium Profile Frame For Fly Screen<\/a><\/li>"},"feature_list":[]},"_links":{"self":[{"href":"https:\/\/sinoextrud.com\/hu\/wp-json\/wp\/v2\/product\/6702","targetHints":{"allow":["GET"]}}],"collection":[{"href":"https:\/\/sinoextrud.com\/hu\/wp-json\/wp\/v2\/product"}],"about":[{"href":"https:\/\/sinoextrud.com\/hu\/wp-json\/wp\/v2\/types\/product"}],"wp:featuredmedia":[{"embeddable":true,"href":"https:\/\/sinoextrud.com\/hu\/wp-json\/wp\/v2\/media\/6701"}],"wp:attachment":[{"href":"https:\/\/sinoextrud.com\/hu\/wp-json\/wp\/v2\/media?parent=6702"}],"wp:term":[{"taxonomy":"category","embeddable":true,"href":"https:\/\/sinoextrud.com\/hu\/wp-json\/wp\/v2\/categories?post=6702"}],"curies":[{"name":"wp","href":"https:\/\/api.w.org\/{rel}","templated":true}]}}