{"id":6698,"date":"2025-05-30T09:56:45","date_gmt":"2025-05-30T09:56:45","guid":{"rendered":"https:\/\/sinoextrud.com\/product\/aluminium-profile\/"},"modified":"2025-06-24T06:11:34","modified_gmt":"2025-06-24T06:11:34","slug":"aluminium-profil","status":"publish","type":"product","link":"https:\/\/sinoextrud.com\/hu\/product\/aluminium-profile\/","title":{"rendered":"Alum\u00ednium profil"},"content":{"rendered":"<h2>Term\u00e9kek r\u00e9szletei<\/h2>\n<table class=\"custom-table\">\n<tr>\n<td class=\"label\">M\u00e1rka<\/td>\n<td>Sinoextrud ALUMINIUM<\/td>\n<\/tr>\n<tr>\n<td class=\"label\">Eredeti<\/td>\n<td>Foshan\/K\u00edna<\/td>\n<\/tr>\n<tr>\n<td class=\"label\">Kapacit\u00e1s<\/td>\n<td>10000+ tonna\/h\u00f3<\/td>\n<\/tr>\n<tr>\n<td class=\"label\">Vastags\u00e1g<\/td>\n<td>testreszabott<\/td>\n<\/tr>\n<tr>\n<td class=\"label\">Hossz\u00fas\u00e1g<\/td>\n<td>1-9M \/ testreszabott<\/td>\n<\/tr>\n<tr>\n<td class=\"label\">Kem\u00e9nys\u00e9g<\/td>\n<td>&gt;8HW<\/td>\n<\/tr>\n<tr>\n<td class=\"label\">M\u00e9ret<\/td>\n<td>testreszabott<\/td>\n<\/tr>\n<tr>\n<td class=\"label\">Sz\u00ednes<\/td>\n<td>Ez\u00fcst, feh\u00e9r, fekete, bronz, pezsg\u0151, fa \u00e9s b\u00e1rmelyik ig\u00e9ny szerint.<\/td>\n<\/tr>\n<\/table>\n<h2>Gy\u00e1rt\u00f3 b\u00e1zisunk<\/h2>\n<h3>Gy\u00e1ri panor\u00e1ma<\/h3>\n<p><img decoding=\"async\" src=\"\/wp-content\/uploads\/factory-01.webp\"\/><\/p>\n<h3>Alum\u00ednium r\u00fadgy\u00e1rt\u00f3 m\u0171hely<\/h3>\n<p><img decoding=\"async\" src=\"\/wp-content\/uploads\/factory-02.webp\"\/><\/p>\n<p><img decoding=\"async\" src=\"\/wp-content\/uploads\/factory-03.webp\"\/><\/p>\n<h3>Pen\u00e9sz rakt\u00e1r<\/h3>\n<p><img decoding=\"async\" src=\"\/wp-content\/uploads\/factory-04.webp\"\/><\/p>\n<h3>43 alum\u00ednium extrud\u00e1l\u00f3 vonal (500-5500 tonna)<\/h3>\n<p><img decoding=\"async\" src=\"\/wp-content\/uploads\/factory-05.webp\"\/><\/p>\n<p><img decoding=\"async\" src=\"\/wp-content\/uploads\/factory-06.webp\"\/><\/p>\n<p><img decoding=\"async\" src=\"\/wp-content\/uploads\/factory-07.webp\"\/><\/p>\n<h3>Porfest\u0151 m\u0171hely<\/h3>\n<p><img decoding=\"async\" src=\"\/wp-content\/uploads\/factory-09.webp\"\/><\/p>\n<h3>Anodiz\u00e1l\u00f3 m\u0171hely<\/h3>\n<p><img decoding=\"async\" src=\"\/wp-content\/uploads\/factory-10.webp\"\/><\/p>\n<h3>M\u00e9ly feldolgoz\u00e1si m\u0171hely<\/h3>\n<p><img decoding=\"async\" src=\"\/wp-content\/uploads\/factory-11.webp\"\/><\/p>\n<h3>CNC prec\u00edzi\u00f3s megmunk\u00e1l\u00f3 m\u0171hely<\/h3>\n<p><img decoding=\"async\" src=\"\/wp-content\/uploads\/factory-11.5.webp\"\/><\/p>\n<h3>K\u00e9szterm\u00e9k \u00e9s export rakt\u00e1r<\/h3>\n<p><img decoding=\"async\" src=\"\/wp-content\/uploads\/factory-12.webp\"\/><\/p>\n<p><img decoding=\"async\" src=\"\/wp-content\/uploads\/factory-13.webp\"\/><\/p>\n<p><img decoding=\"async\" src=\"\/wp-content\/uploads\/factory-14.webp\"\/><\/p>\n<h2>GYIK<\/h2>\n<p><p><b>1.Mi az alum\u00ednium profil? <\/b><\/p>\n<p>Az alum\u00edniumprofil egy alum\u00ednium\u00f6tv\u00f6zetb\u0151l k\u00e9sz\u00fclt, form\u00e1zott sajtolt term\u00e9k, amelyet sz\u00e1mos alkalmaz\u00e1sban haszn\u00e1lnak, t\u00f6bbek k\u00f6z\u00f6tt az \u00e9p\u00edt\u0151iparban, a k\u00f6zleked\u00e9sben, az elektronik\u00e1ban \u00e9s a b\u00fatorgy\u00e1rt\u00e1sban.<br \/>\n<\/p><br \/>\n<br \/>\n<p><b>2.Mi\u00e9rt haszn\u00e1lnak alum\u00edniumot profilokhoz? <\/b><\/p>\n<p>Az alum\u00ednium k\u00f6nny\u0171, er\u0151s, korr\u00f3zi\u00f3\u00e1ll\u00f3 \u00e9s k\u00f6nnyen gy\u00e1rthat\u00f3, \u00edgy ide\u00e1lis ipari \u00e9s kereskedelmi felhaszn\u00e1l\u00e1sra egyar\u00e1nt.<br \/>\n<\/p><br \/>\n<br \/>\n<p><b>3.Mik az alum\u00edniumprofilok gyakori felhaszn\u00e1l\u00e1si ter\u00fcletei? <\/b><\/p>\n<p>Ablakokban \u00e9s ajt\u00f3kban, f\u00fcgg\u00f6nyfalakban, keretrendszerekben, LED-h\u00e1zakban, g\u00e9pekben \u00e9s b\u00fatorokban haszn\u00e1lj\u00e1k.<br \/>\n<\/p><br \/>\n<br \/>\n<p><b>4.Az alum\u00ednium profilok testre szabhat\u00f3k? <\/b><\/p>\n<p>Igen, a profilok extrud\u00e1lhat\u00f3k egyedi form\u00e1kban, m\u00e9retekben \u00e9s \u00f6tv\u00f6zetekben, hogy megfeleljenek a projekt egyedi k\u00f6vetelm\u00e9nyeinek.<br \/>\n<\/p><br \/>\n<br \/>\n<p><b>5.Milyen fel\u00fcletkezel\u00e9sek \u00e1llnak rendelkez\u00e9sre? <\/b><\/p>\n<p>A megjelen\u00e9s \u00e9s a tart\u00f3ss\u00e1g fokoz\u00e1sa \u00e9rdek\u00e9ben az elox\u00e1l\u00e1s, a porfest\u00e9s, a pol\u00edroz\u00e1s, az ecsetel\u00e9s \u00e9s az elektrofor\u00e9zis is v\u00e1laszthat\u00f3.<br \/>\n<\/p><br \/>\n<br \/>\n<p><b>6.Az alum\u00edniumprofilok id\u0151j\u00e1r\u00e1s\u00e1ll\u00f3ak? <\/b><\/p>\n<p>Igen, k\u00fcl\u00f6n\u00f6sen, ha elox\u00e1l\u00e1ssal vagy bevonattal kezelik \u0151ket, kiv\u00e1l\u00f3an ellen\u00e1llnak az UV-sugaraknak, a nedvess\u00e9gnek \u00e9s a szennyez\u00e9snek.<br \/>\n<\/p><br \/>\n<br \/>\n<p><b>7.Alkalmas-e az alum\u00ednium szerkezeti alkalmaz\u00e1sokhoz? <\/b><\/p>\n<p>Igen, bizonyos \u00f6tv\u00f6zetek \u00e9s profilok kialak\u00edt\u00e1sa biztos\u00edtja a teherhord\u00f3 szerkezetekhez sz\u00fcks\u00e9ges szil\u00e1rds\u00e1got.<br \/>\n<\/p><br \/>\n<br \/>\n<p><b>8.\u00dajrahasznos\u00edthat\u00f3k-e ezek a profilok? <\/b><\/p>\n<p>Igen, az alum\u00ednium 100% \u00fajrahasznos\u00edthat\u00f3, \u00e9s az \u00fajrahasznos\u00edt\u00e1s sor\u00e1n meg\u0151rzi tulajdons\u00e1gait, \u00edgy k\u00f6rnyezetbar\u00e1t.<br \/>\n<\/p><br \/>\n<br \/>\n<p><b>9.Megrendelhetek alum\u00ednium profilokat \u00f6mlesztve? <\/b><\/p>\n<p>Igen, a gy\u00e1rt\u00f3k a B2B \u00fcgyfelek sz\u00e1m\u00e1ra versenyk\u00e9pes \u00e1rk\u00e9pz\u00e9ssel \u00e9s csomagol\u00e1si megold\u00e1sokkal k\u00edn\u00e1lnak nagybev\u00e1s\u00e1rl\u00e1si lehet\u0151s\u00e9geket.<br \/>\n<\/p><br \/>\n<br \/>\n<p><b>10.Mennyi az \u00e1tfut\u00e1si id\u0151 az alum\u00edniumprofil gy\u00e1rt\u00e1s\u00e1n\u00e1l? <\/b><\/p>\n<p>A tipikus \u00e1tfut\u00e1si id\u0151 a testreszab\u00e1st\u00f3l \u00e9s a megrendel\u00e9s mennyis\u00e9g\u00e9t\u0151l f\u00fcgg\u0151en 2-6 h\u00e9t.<br \/>\n<\/p><br \/>\n<br \/>\n<p><b>11.T\u00e1mogatj\u00e1k-e az alum\u00edniumprofilok a prec\u00edz megmunk\u00e1l\u00e1st? <\/b><\/p>\n<p>Igen, az alum\u00edniumot k\u00f6nny\u0171 marni, f\u00farni \u00e9s v\u00e1gni, ami t\u00e1mogatja a r\u00e9szletes gy\u00e1rt\u00e1si \u00e9s \u00f6sszeszerel\u00e9si folyamatokat.<br \/>\n<\/p><br \/>\n<br \/>\n<p><b>12.Kaphat\u00f3ak-e szerel\u00e9si tartoz\u00e9kok? <\/b><\/p>\n<p>Igen, sok besz\u00e1ll\u00edt\u00f3 k\u00edn\u00e1l tartoz\u00e9kokat, p\u00e9ld\u00e1ul csatlakoz\u00f3kat, konzolokat \u00e9s burkolatokat az \u00f6sszeszerel\u00e9s egyszer\u0171s\u00edt\u00e9se \u00e9rdek\u00e9ben.<br \/>\n<\/p><br \/>\n<br \/>\n<p><b>13.Mi a k\u00fcl\u00f6nbs\u00e9g a 6061 \u00e9s 6063 alum\u00ednium k\u00f6z\u00f6tt? <\/b><\/p>\n<p>A 6061 er\u0151sebb \u00e9s jobb szerkezeti felhaszn\u00e1l\u00e1sra, m\u00edg a 6063 kiv\u00e1l\u00f3 fel\u00fcletkezel\u00e9ssel rendelkezik, \u00e9s ide\u00e1lis dekorat\u00edv vagy \u00e9p\u00edt\u00e9szeti alkalmaz\u00e1sokhoz.<br \/>\n<\/p><br \/>\n<br \/>\n<p><b>14.Haszn\u00e1lhat\u00f3k-e alum\u00ednium profilok magas p\u00e1ratartalm\u00fa ter\u00fcleteken? <\/b><\/p>\n<p>Igen, k\u00fcl\u00f6n\u00f6sen megfelel\u0151 fel\u00fcletkezel\u00e9ssel az alum\u00edniumprofilok m\u00e9g nedves k\u00f6r\u00fclm\u00e9nyek k\u00f6z\u00f6tt is ellen\u00e1llnak a korr\u00f3zi\u00f3nak.<br \/>\n<\/p><br \/>\n<br \/>\n<p><b>15.Megfelelnek-e az alum\u00edniumprofilok a nemzetk\u00f6zi szabv\u00e1nyoknak? <\/b><\/p>\n<p>Igen, a min\u0151s\u00e9gi profilok gyakran megfelelnek az ISO, ASTM, CE \u00e9s RoHS teljes\u00edtm\u00e9ny- \u00e9s biztons\u00e1gi szabv\u00e1nyoknak.<br \/>\n<\/p><br \/><\/p>","protected":false},"featured_media":6697,"template":"","categories":[67],"class_list":["post-6698","product","type-product","status-publish","has-post-thumbnail","hentry","category-architectural-aluminium-profile"],"meta_box":{"hilight_text_group":{"product_hilight_text":"<li>Lightweight yet strong material suitable for a wide range of structural and decorative applications<\/li>\r\r\n<li>Excellent corrosion resistance, ideal for both indoor and outdoor environments<\/li>\r\r\n<li>Highly customizable in terms of shape, size, alloy, and surface treatment<\/li>\r\r\n<li>Easy to machine, cut, and assemble, saving manufacturing and installation time<\/li>\r\r\n<li>Environmentally friendly and 100% recyclable, supporting green construction practices<\/li>","product_chanpin_blog":"<ul>\r\r\n<li><a href=\"https:\/\/sinoextrud.com\/t-slot-v-slot-differences\/\" target=\"_blank\">t slot vs v slot<\/a><\/li>\r\r\n<li><a href=\"https:\/\/sinoextrud.com\/what-is-4040-aluminium-extrud\/\" target=\"_blank\">4040 aluminium extrusion<\/a><\/li>\r\r\n<li><a href=\"https:\/\/sinoextrud.com\/what-is-4040-aluminium-extrud\/\" target=\"_blank\">aluminum extrusions for industrial racks<\/a><\/li>\r\r\n<li><a href=\"https:\/\/sinoextrud.com\/powder-coating-aluminium-process\/\" target=\"_blank\">powder coating aluminium<\/a><\/li>\r\r\n<li><a href=\"https:\/\/sinoextrud.com\/what-is-an-aluminium-strip-ceiling\/\" target=\"_blank\">aluminium strip ceiling<\/a><\/li>\r\r\n<li><a href=\"https:\/\/sinoextrud.com\/what-is-a-heat-sink\/\" target=\"_blank\">what is a heat sink<\/a><\/li>\r\r\n<\/ul>","product_chanpin_chanpin":"<li><a href=\"https:\/\/sinoextrud.com\/product\/polished-aluminium-profiles\/\" target=\"_blank\">Polished Aluminium Profiles<\/a><\/li>\r\n<li><a href=\"https:\/\/sinoextrud.com\/product\/6063-t5-extruded-aluminium-profile-with-polish-surface\/\" target=\"_blank\">6063 T5 Extruded Aluminium Profile with Polish Surface<\/a><\/li>\r\n<li><a href=\"https:\/\/sinoextrud.com\/product\/6463-brightness-polished-shower-room-u-channel-aluminum-profile\/\" target=\"_blank\">6463 Brightness Polished Shower Room U Channel Aluminum Profile<\/a><\/li>\r\n<li><a href=\"https:\/\/sinoextrud.com\/product\/500-degree-brightness-polished-aluminum-profile\/\" target=\"_blank\">500 Degree Brightness Polished Aluminum Profile<\/a><\/li>\r\n<li><a href=\"https:\/\/sinoextrud.com\/product\/aluminium-profile\/\" target=\"_blank\">Aluminium profile<\/a><\/li>\r\n<li><a href=\"https:\/\/sinoextrud.com\/product\/aluminium-handrail-tubing\/\" target=\"_blank\">Aluminium Handrail Tubing<\/a><\/li>\r\n<li><a href=\"https:\/\/sinoextrud.com\/product\/kitchen-cabinet-aluminum-profile\/\" target=\"_blank\">Kitchen Cabinet Aluminum Profile<\/a><\/li>\r\n<li><a href=\"https:\/\/sinoextrud.com\/product\/aluminium-supplier-china-offer-aluminium-u-channel-extrusion-shapes-profile-for-show-enclosure-cabin\/\" target=\"_blank\">Aluminium Supplier China Offer Aluminium U Channel Extrusion Shapes Profile For Show Enclosure Cabin<\/a><\/li>\r\n<li><a href=\"https:\/\/sinoextrud.com\/product\/powder-coating-aluminium-profiles-for-industrial\/\" target=\"_blank\">Powder Coating Aluminium Profiles For Industrial<\/a><\/li>\r\n<li><a href=\"https:\/\/sinoextrud.com\/product\/t-slot-industrial-extruded-aluminum-profile\/\" target=\"_blank\">T-slot Industrial Extruded Aluminum Profile<\/a><\/li>\r\n<li><a href=\"https:\/\/sinoextrud.com\/product\/powder-coated-aluminum-tube\/\" target=\"_blank\">Powder Coated Aluminum Tube<\/a><\/li>"},"feature_list":[]},"_links":{"self":[{"href":"https:\/\/sinoextrud.com\/hu\/wp-json\/wp\/v2\/product\/6698","targetHints":{"allow":["GET"]}}],"collection":[{"href":"https:\/\/sinoextrud.com\/hu\/wp-json\/wp\/v2\/product"}],"about":[{"href":"https:\/\/sinoextrud.com\/hu\/wp-json\/wp\/v2\/types\/product"}],"wp:featuredmedia":[{"embeddable":true,"href":"https:\/\/sinoextrud.com\/hu\/wp-json\/wp\/v2\/media\/6697"}],"wp:attachment":[{"href":"https:\/\/sinoextrud.com\/hu\/wp-json\/wp\/v2\/media?parent=6698"}],"wp:term":[{"taxonomy":"category","embeddable":true,"href":"https:\/\/sinoextrud.com\/hu\/wp-json\/wp\/v2\/categories?post=6698"}],"curies":[{"name":"wp","href":"https:\/\/api.w.org\/{rel}","templated":true}]}}