{"id":6694,"date":"2025-05-30T09:50:11","date_gmt":"2025-05-30T09:50:11","guid":{"rendered":"https:\/\/sinoextrud.com\/product\/6463-brightness-polished-shower-room-u-channel-aluminum-profile\/"},"modified":"2025-06-24T06:11:32","modified_gmt":"2025-06-24T06:11:32","slug":"6463-fenyesseg-polirozott-zuhanykabin-u-csatorna-aluminium-profil","status":"publish","type":"product","link":"https:\/\/sinoextrud.com\/hu\/product\/6463-brightness-polished-shower-room-u-channel-aluminum-profile\/","title":{"rendered":"6463 F\u00e9nyess\u00e9g pol\u00edrozott zuhanyz\u00f3 U-csatorna alum\u00edniumprofil"},"content":{"rendered":"<h2>Term\u00e9kek r\u00e9szletei<\/h2>\n<table class=\"custom-table\">\n<tr>\n<td class=\"label\">T\u00e9tel<\/td>\n<td>F\u00e9nyess\u00e9g pol\u00edrozott alum\u00ednium profil,6463 f\u00e9nyess\u00e9g pol\u00edrozott zuhanyz\u00f3 U csatorna alum\u00ednium profil<\/td>\n<\/tr>\n<tr>\n<td class=\"label\">Temper<\/td>\n<td>T5-T8<\/td>\n<\/tr>\n<tr>\n<td class=\"label\">Folyamat\u00e1raml\u00e1s<\/td>\n<td>Mould Development-Alum\u00ednium Billets-f\u0171t\u00e9s Up-form\u00e1z\u00e1s nyers alum\u00ednium-anodiz\u00e1lt sz\u00edn.<\/td>\n<\/tr>\n<tr>\n<td class=\"label\">Jellemz\u0151<\/td>\n<td>1. tiszta \u00e9s sz\u00e9p finom vonalak a fel\u00fcleten.<br \/>2.National szabv\u00e1nyos alum\u00ednium tusk\u00f3k fogadj\u00e1k el.<br \/>3.A mi egyenletes elox\u00e1l\u00f3 feldolgoz\u00e1sunkkal, amelyet a fel\u00fclet v\u00e9delm\u00e9re fogadunk el.<br \/>4.Small rendel\u00e9s elfogadhat\u00f3.<br \/>5.Customized extrud\u00e1l\u00e1s az \u00d6n rajz\u00e1nak megfelel\u0151en.<\/td>\n<\/tr>\n<tr>\n<td class=\"label\">Alkalmaz\u00e1s<\/td>\n<td>\u00e9p\u00edt\u00e9s, dekor\u00e1ci\u00f3, ipari<\/td>\n<\/tr>\n<tr>\n<td class=\"label\">Shape<\/td>\n<td>Az \u00fcgyf\u00e9l ig\u00e9nyei szerint<\/td>\n<\/tr>\n<tr>\n<td class=\"label\">Fel\u00fcletkezel\u00e9s<\/td>\n<td>Mill Finished, anodiz\u00e1lt, Power bevonat, homokf\u00fav\u00e1s, elektrofor\u00e9zis, csiszolt, pol\u00edroz\u00e1s.<\/td>\n<\/tr>\n<tr>\n<td class=\"label\">Sz\u00ednes<\/td>\n<td>Ez\u00fcst, fekete, arany, pezsg\u0151, bronz, piros, k\u00e9k;<br \/>A sz\u00edneket az \u00fcgyfelek mint\u00e1i alapj\u00e1n testreszabhatjuk.<\/td>\n<\/tr>\n<tr>\n<td class=\"label\">M\u00e9lyrehat\u00f3 feldolgoz\u00e1s<\/td>\n<td>V\u00e1g\u00e1s, f\u00far\u00e1s, megmunk\u00e1l\u00e1s, lyukaszt\u00e1s, hajl\u00edt\u00e1s, csapol\u00e1s \u00e9s fi\u00fa.<\/td>\n<\/tr>\n<tr>\n<td class=\"label\">Garancia<\/td>\n<td>ISO:9001 , SONCAP, BV tan\u00fas\u00edtv\u00e1ny, TUV, SGS, vagy az \u00fcgyfelek tan\u00fas\u00edtv\u00e1nya El\u00e9rhet\u0151.<\/td>\n<\/tr>\n<tr>\n<td class=\"label\">MOQ<\/td>\n<td>200KG<\/td>\n<\/tr>\n<tr>\n<td class=\"label\">K\u00e9zbes\u00edt\u00e9si id\u0151<\/td>\n<td>A forma fejleszt\u00e9se \u00e9s a minta kialak\u00edt\u00e1sa 12-15 nap, majd a gy\u00e1rt\u00e1s id\u0151tartama 15-25 nap a vev\u0151 let\u00e9tbe helyez\u00e9se ut\u00e1n.<\/td>\n<\/tr>\n<tr>\n<td class=\"label\">Szabad Sampe<\/td>\n<td>1-3 nap alatt k\u00fcldhet\u0151<\/td>\n<\/tr>\n<\/table>\n<h2>Gy\u00e1rt\u00f3 b\u00e1zisunk<\/h2>\n<h3>Gy\u00e1ri panor\u00e1ma<\/h3>\n<p><img decoding=\"async\" src=\"\/wp-content\/uploads\/factory-01.webp\"\/><\/p>\n<h3>Alum\u00ednium r\u00fadgy\u00e1rt\u00f3 m\u0171hely<\/h3>\n<p><img decoding=\"async\" src=\"\/wp-content\/uploads\/factory-02.webp\"\/><\/p>\n<p><img decoding=\"async\" src=\"\/wp-content\/uploads\/factory-03.webp\"\/><\/p>\n<h3>Pen\u00e9sz rakt\u00e1r<\/h3>\n<p><img decoding=\"async\" src=\"\/wp-content\/uploads\/factory-04.webp\"\/><\/p>\n<h3>43 alum\u00ednium extrud\u00e1l\u00f3 vonal (500-5500 tonna)<\/h3>\n<p><img decoding=\"async\" src=\"\/wp-content\/uploads\/factory-05.webp\"\/><\/p>\n<p><img decoding=\"async\" src=\"\/wp-content\/uploads\/factory-06.webp\"\/><\/p>\n<p><img decoding=\"async\" src=\"\/wp-content\/uploads\/factory-07.webp\"\/><\/p>\n<h3>Porfest\u0151 m\u0171hely<\/h3>\n<p><img decoding=\"async\" src=\"\/wp-content\/uploads\/factory-09.webp\"\/><\/p>\n<h3>Anodiz\u00e1l\u00f3 m\u0171hely<\/h3>\n<p><img decoding=\"async\" src=\"\/wp-content\/uploads\/factory-10.webp\"\/><\/p>\n<h3>M\u00e9ly feldolgoz\u00e1si m\u0171hely<\/h3>\n<p><img decoding=\"async\" src=\"\/wp-content\/uploads\/factory-11.webp\"\/><\/p>\n<h3>CNC prec\u00edzi\u00f3s megmunk\u00e1l\u00f3 m\u0171hely<\/h3>\n<p><img decoding=\"async\" src=\"\/wp-content\/uploads\/factory-11.5.webp\"\/><\/p>\n<h3>K\u00e9szterm\u00e9k \u00e9s export rakt\u00e1r<\/h3>\n<p><img decoding=\"async\" src=\"\/wp-content\/uploads\/factory-12.webp\"\/><\/p>\n<p><img decoding=\"async\" src=\"\/wp-content\/uploads\/factory-13.webp\"\/><\/p>\n<p><img decoding=\"async\" src=\"\/wp-content\/uploads\/factory-14.webp\"\/><\/p>\n<h2>GYIK<\/h2>\n<p><p><b>1.Mi az a 6463 f\u00e9nyess\u00e9g\u0171 pol\u00edrozott zuhanyz\u00f3 U-csatorna alum\u00ednium profil? <\/b><\/p>\n<p>Ez egy 6463-T5 \u00f6tv\u00f6zetb\u0151l k\u00e9sz\u00fclt, nagy f\u00e9nyerej\u0171, pol\u00edrozott fel\u00fclet\u0171 alum\u00ednium extrud\u00e1l\u00e1s, amelyet zuhanykabinok \u00fcveglapjainak r\u00f6gz\u00edt\u00e9s\u00e9re terveztek.<br \/>\n<\/p><br \/>\n<br \/>\n<p><b>2.Mi\u00e9rt v\u00e1lassza a 6463-T5 alum\u00edniumot a zuhanyz\u00f3s helyis\u00e9gek profiljaihoz? <\/b><\/p>\n<p>A 6463-T5 alum\u00ednium kiv\u00e1l\u00f3 korr\u00f3zi\u00f3\u00e1ll\u00f3s\u00e1got, nagy szil\u00e1rds\u00e1got \u00e9s kiv\u00e1l\u00f3 fel\u00fcleti fel\u00fcletet biztos\u00edt, \u00edgy ide\u00e1lis a nedves f\u00fcrd\u0151szobai k\u00f6rnyezethez.<br \/>\n<\/p><br \/>\n<br \/>\n<p><b>3.Milyen el\u0151nyei vannak az alum\u00edniumprofilok pol\u00edrozott fel\u00fclet\u00e9nek? <\/b><\/p>\n<p>A pol\u00edrozott fel\u00fclet t\u00fck\u00f6rszer\u0171 megjelen\u00e9st biztos\u00edt, fokozza az eszt\u00e9tikai vonzer\u0151t, \u00e9s k\u00f6nnyen tiszt\u00edthat\u00f3 fel\u00fcleteket k\u00edn\u00e1l, amelyek alkalmasak f\u00fcrd\u0151szobai alkalmaz\u00e1sokhoz.<br \/>\n<\/p><br \/>\n<br \/>\n<p><b>4.Lehet ezeket az U-csatorna profilokat testre szabni? <\/b><\/p>\n<p>Igen, a gy\u00e1rt\u00f3k testreszab\u00e1st k\u00edn\u00e1lnak a hossz, a sz\u00e9less\u00e9g, a vastags\u00e1g \u00e9s a fel\u00fcletkezel\u00e9s tekintet\u00e9ben, hogy megfeleljenek az adott projekt k\u00f6vetelm\u00e9nyeinek.<br \/>\n<\/p><br \/>\n<br \/>\n<p><b>5.Alkalmasak-e ezek a profilok lak\u00f3- \u00e9s kereskedelmi c\u00e9l\u00fa alkalmaz\u00e1sokra egyar\u00e1nt? <\/b><\/p>\n<p>Igen, tart\u00f3ss\u00e1guk \u00e9s eleg\u00e1ns megjelen\u00e9s\u00fck miatt k\u00fcl\u00f6nb\u00f6z\u0151 helysz\u00edneken, p\u00e9ld\u00e1ul otthonokban, sz\u00e1llod\u00e1kban \u00e9s kereskedelmi \u00e9p\u00fcletekben is haszn\u00e1lhat\u00f3ak.<br \/>\n<\/p><br \/>\n<br \/>\n<p><b>6.Milyen \u00fcvegvastags\u00e1got tudnak ezek az U-csatorn\u00e1k befogadni? <\/b><\/p>\n<p>\u00c1ltal\u00e1ban a zuhanykabinokban haszn\u00e1lt szabv\u00e1nyos \u00fcvegvastags\u00e1gokhoz, p\u00e9ld\u00e1ul 6 mm, 8 mm vagy 10 mm vastags\u00e1ghoz tervezt\u00e9k \u0151ket, de sz\u00fcks\u00e9g szerint testre szabhat\u00f3k.<br \/>\n<\/p><br \/>\n<br \/>\n<p><b>7.Hogyan szerelik fel ezeket az alum\u00ednium profilokat? <\/b><\/p>\n<p>Telep\u00edt\u00e9s\u00fck \u00fagy t\u00f6rt\u00e9nik, hogy az U-csatorn\u00e1t a k\u00edv\u00e1nt fel\u00fclethez r\u00f6gz\u00edtik, \u00e9s behelyezik az \u00fcvegt\u00e1bl\u00e1t, gyakran szilikonos t\u00f6m\u00edt\u0151anyaggal a stabilit\u00e1s n\u00f6vel\u00e9se \u00e9rdek\u00e9ben.<br \/>\n<\/p><br \/>\n<br \/>\n<p><b>8.Ig\u00e9nyelnek ezek a profilok k\u00fcl\u00f6nleges karbantart\u00e1st? <\/b><\/p>\n<p>Nem, a pol\u00edrozott alum\u00ednium fel\u00fclet k\u00f6nnyen karbantarthat\u00f3; elegend\u0151 a rendszeres tiszt\u00edt\u00e1s puha ruh\u00e1val \u00e9s enyhe tiszt\u00edt\u00f3szerrel.<br \/>\n<\/p><br \/>\n<br \/>\n<p><b>9.Vannak k\u00fcl\u00f6nb\u00f6z\u0151 kivitelez\u00e9si lehet\u0151s\u00e9gek? <\/b><\/p>\n<p>Igen, a pol\u00edrozott fel\u00fcletek mellett a lehet\u0151s\u00e9gek k\u00f6z\u00f6tt szerepelnek elox\u00e1lt, csiszolt \u00e9s porsz\u00f3rt fel\u00fcletek k\u00fcl\u00f6nb\u00f6z\u0151 sz\u00ednekben.<br \/>\n<\/p><br \/>\n<br \/>\n<p><b>10.Mennyi a megrendel\u00e9sek tipikus \u00e1tfut\u00e1si ideje? <\/b><\/p>\n<p>Az \u00e1tfut\u00e1si id\u0151 a testreszab\u00e1st\u00f3l \u00e9s a rendel\u00e9s mennyis\u00e9g\u00e9t\u0151l f\u00fcgg\u0151en v\u00e1ltozik, de \u00e1ltal\u00e1ban 2-6 h\u00e9t k\u00f6z\u00f6tt mozog.<br \/>\n<\/p><br \/>\n<br \/>\n<p><b>11.Ezek az alum\u00ednium profilok k\u00f6rnyezetbar\u00e1tok? <\/b><\/p>\n<p>Igen, az alum\u00ednium 100% \u00fajrahasznos\u00edthat\u00f3, \u00edgy ezek a profilok fenntarthat\u00f3 v\u00e1laszt\u00e1st jelentenek az \u00e9p\u00edt\u00e9si projektekhez.<br \/>\n<\/p><br \/>\n<br \/>\n<p><b>12.Haszn\u00e1lhat\u00f3k-e ezek a profilok a zuhanykabinokon k\u00edv\u00fcl m\u00e1s alkalmaz\u00e1sokban is? <\/b><\/p>\n<p>Igen, sokoldal\u00faak, \u00e9s k\u00fcl\u00f6nb\u00f6z\u0151 alkalmaz\u00e1sokban haszn\u00e1lhat\u00f3k, amelyekhez eleg\u00e1ns, tart\u00f3s \u00e9s korr\u00f3zi\u00f3\u00e1ll\u00f3 profilokra van sz\u00fcks\u00e9g.<br \/>\n<\/p><br \/>\n<br \/>\n<p><b>13.A gy\u00e1rt\u00f3k biztos\u00edtanak-e szerel\u00e9si tartoz\u00e9kokat? <\/b><\/p>\n<p>Sok besz\u00e1ll\u00edt\u00f3 k\u00edn\u00e1l kieg\u00e9sz\u00edt\u0151 tartoz\u00e9kokat, p\u00e9ld\u00e1ul v\u00e9gz\u00e1r\u00f3 sapk\u00e1kat, csatlakoz\u00f3kat \u00e9s r\u00f6gz\u00edt\u0151 konzolokat a teljes k\u00f6r\u0171 telep\u00edt\u00e9si megold\u00e1sokhoz.<br \/>\n<\/p><br \/>\n<br \/>\n<p><b>14.Ezek a profilok megfelelnek a nemzetk\u00f6zi min\u0151s\u00e9gi szabv\u00e1nyoknak? <\/b><\/p>\n<p>Igen, a j\u00f3 h\u00edr\u0171 gy\u00e1rt\u00f3k olyan profilokat gy\u00e1rtanak, amelyek megfelelnek az ISO, CE \u00e9s RoHS szabv\u00e1nyoknak.<br \/>\n<\/p><br \/>\n<br \/>\n<p><b>15.K\u00e9rhetek mint\u00e1t a nagy t\u00e9telben t\u00f6rt\u00e9n\u0151 megrendel\u00e9s el\u0151tt? <\/b><\/p>\n<p>Igen, a legt\u00f6bb gy\u00e1rt\u00f3 biztos\u00edt mint\u00e1kat, hogy megbizonyosodjon arr\u00f3l, hogy a term\u00e9k megfelel a specifik\u00e1ci\u00f3knak, miel\u0151tt elk\u00f6telezn\u00e9 mag\u00e1t egy nagyobb v\u00e1s\u00e1rl\u00e1s mellett.<br \/>\n<\/p><br \/><\/p>","protected":false},"featured_media":6693,"template":"","categories":[66],"class_list":["post-6694","product","type-product","status-publish","has-post-thumbnail","hentry","category-brushed-aluminum-profile"],"meta_box":{"hilight_text_group":{"product_hilight_text":"<li>Manufactured from high-quality 6463-T5 aluminum alloy for superior strength and corrosion resistance<\/li>\r\r\n<li>Mirror-like polished finish enhances aesthetic appeal in modern bathroom designs<\/li>\r\r\n<li>U-channel design ensures secure and seamless installation of glass panels<\/li>\r\r\n<li>Available in various finishes including anodized, brushed, and powder-coated to match diverse design requirements<\/li>\r\r\n<li>Customizable dimensions and profiles to meet specific project needs<\/li>","product_chanpin_blog":"<ul>\r\r\n<li><a href=\"https:\/\/sinoextrud.com\/t-slot-v-slot-differences\/\" target=\"_blank\">t slot vs v slot<\/a><\/li>\r\r\n<li><a href=\"https:\/\/sinoextrud.com\/what-is-4040-aluminium-extrud\/\" target=\"_blank\">4040 aluminium extrusion<\/a><\/li>\r\r\n<li><a href=\"https:\/\/sinoextrud.com\/what-is-4040-aluminium-extrud\/\" target=\"_blank\">aluminum extrusions for industrial racks<\/a><\/li>\r\r\n<li><a href=\"https:\/\/sinoextrud.com\/powder-coating-aluminium-process\/\" target=\"_blank\">powder coating aluminium<\/a><\/li>\r\r\n<li><a href=\"https:\/\/sinoextrud.com\/what-is-an-aluminium-strip-ceiling\/\" target=\"_blank\">aluminium strip ceiling<\/a><\/li>\r\r\n<li><a href=\"https:\/\/sinoextrud.com\/what-is-a-heat-sink\/\" target=\"_blank\">what is a heat sink<\/a><\/li>\r\r\n<\/ul>","product_chanpin_chanpin":"<li><a href=\"https:\/\/sinoextrud.com\/product\/polished-aluminum-u-channel\/\" target=\"_blank\">Polished Aluminum U Channel<\/a><\/li>\r\n<li><a href=\"https:\/\/sinoextrud.com\/product\/mirror-like-polished-aluminium-extrusion-profiles\/\" target=\"_blank\">Mirror like Polished aluminium extrusion profiles<\/a><\/li>\r\n<li><a href=\"https:\/\/sinoextrud.com\/product\/polished-aluminium-profiles\/\" target=\"_blank\">Polished Aluminium Profiles<\/a><\/li>\r\n<li><a href=\"https:\/\/sinoextrud.com\/product\/6063-t5-extruded-aluminium-profile-with-polish-surface\/\" target=\"_blank\">6063 T5 Extruded Aluminium Profile with Polish Surface<\/a><\/li>\r\n<li><a href=\"https:\/\/sinoextrud.com\/product\/6463-brightness-polished-shower-room-u-channel-aluminum-profile\/\" target=\"_blank\">6463 Brightness Polished Shower Room U Channel Aluminum Profile<\/a><\/li>\r\n<li><a href=\"https:\/\/sinoextrud.com\/product\/500-degree-brightness-polished-aluminum-profile\/\" target=\"_blank\">500 Degree Brightness Polished Aluminum Profile<\/a><\/li>\r\n<li><a href=\"https:\/\/sinoextrud.com\/product\/aluminium-profile\/\" target=\"_blank\">Aluminium profile<\/a><\/li>\r\n<li><a href=\"https:\/\/sinoextrud.com\/product\/aluminium-handrail-tubing\/\" target=\"_blank\">Aluminium Handrail Tubing<\/a><\/li>\r\n<li><a href=\"https:\/\/sinoextrud.com\/product\/kitchen-cabinet-aluminum-profile\/\" target=\"_blank\">Kitchen Cabinet Aluminum Profile<\/a><\/li>\r\n<li><a href=\"https:\/\/sinoextrud.com\/product\/aluminum-curtain-wall-powder-coating-properties-prices-competitive-extrusion-uses-in-construction\/\" target=\"_blank\">aluminum curtain wall Powder Coating properties prices competitive Extrusion uses in construction<\/a><\/li>\r\n<li><a href=\"https:\/\/sinoextrud.com\/product\/alloy-extrusion-profiles\/\" target=\"_blank\">Alloy Extrusion Profiles<\/a><\/li>"},"feature_list":[]},"_links":{"self":[{"href":"https:\/\/sinoextrud.com\/hu\/wp-json\/wp\/v2\/product\/6694","targetHints":{"allow":["GET"]}}],"collection":[{"href":"https:\/\/sinoextrud.com\/hu\/wp-json\/wp\/v2\/product"}],"about":[{"href":"https:\/\/sinoextrud.com\/hu\/wp-json\/wp\/v2\/types\/product"}],"wp:featuredmedia":[{"embeddable":true,"href":"https:\/\/sinoextrud.com\/hu\/wp-json\/wp\/v2\/media\/6693"}],"wp:attachment":[{"href":"https:\/\/sinoextrud.com\/hu\/wp-json\/wp\/v2\/media?parent=6694"}],"wp:term":[{"taxonomy":"category","embeddable":true,"href":"https:\/\/sinoextrud.com\/hu\/wp-json\/wp\/v2\/categories?post=6694"}],"curies":[{"name":"wp","href":"https:\/\/api.w.org\/{rel}","templated":true}]}}