{"id":6692,"date":"2025-05-30T09:47:44","date_gmt":"2025-05-30T09:47:44","guid":{"rendered":"https:\/\/sinoextrud.com\/product\/6063-t5-extruded-aluminium-profile-with-polish-surface\/"},"modified":"2025-06-24T06:11:32","modified_gmt":"2025-06-24T06:11:32","slug":"6063-t5-extrudalt-aluminium-profil-polirozott-felulettel","status":"publish","type":"product","link":"https:\/\/sinoextrud.com\/hu\/product\/6063-t5-extruded-aluminium-profile-with-polish-surface\/","title":{"rendered":"6063 T5 extrud\u00e1lt alum\u00ednium profil lengyel fel\u00fclettel"},"content":{"rendered":"<h2>Term\u00e9kek r\u00e9szletei<\/h2>\n<table class=\"custom-table\">\n<tr>\n<td class=\"label\">Alak:<\/td>\n<td> Made as Clients\u2032 Design<\/td>\n<\/tr>\n<tr>\n<td class=\"label\">T\u00e9tel:<\/td>\n<td> 6063 T5 extrud\u00e1lt alum\u00ednium profil lengyel fel\u00fclettel<\/td>\n<\/tr>\n<tr>\n<td class=\"label\">Lelkiismeretesen:<\/td>\n<td> T3-T8<\/td>\n<\/tr>\n<tr>\n<td class=\"label\">\u00f6tv\u00f6zet:<\/td>\n<td> \u00d6tv\u00f6zet<\/td>\n<\/tr>\n<tr>\n<td class=\"label\">\u00d6tv\u00f6z\u0151 \u00f6sszetev\u0151:<\/td>\n<td> 6063<\/td>\n<\/tr>\n<tr>\n<td class=\"label\">Alum\u00ednium profil:<\/td>\n<td> Extrud\u00e1lt alum\u00ednium<\/td>\n<\/tr>\n<tr>\n<td class=\"label\">Hossz\u00fas\u00e1g:<\/td>\n<td> 1-9M<\/td>\n<\/tr>\n<tr>\n<td class=\"label\">Sz\u00ednek:<\/td>\n<td> Made as Provided Sz\u00ednsz\u00e1m<\/td>\n<\/tr>\n<tr>\n<td class=\"label\">Sz\u00e1ll\u00edt\u00e1si csomag:<\/td>\n<td> Ep film, m\u0171anyag f\u00f3lia, karton, fadoboz stb.<\/td>\n<\/tr>\n<tr>\n<td class=\"label\">Eredet:<\/td>\n<td> Foshan,Guangdong,K\u00edna<\/td>\n<\/tr>\n<tr>\n<td class=\"label\">Oszt\u00e1ly:<\/td>\n<td> 6000-es sorozat<\/td>\n<\/tr>\n<tr>\n<td class=\"label\">\u00dczleti t\u00edpus:<\/td>\n<td> Alum\u00ednium profil gy\u00e1rt\u00f3<\/td>\n<\/tr>\n<tr>\n<td class=\"label\">Ablak \u00e9s ajt\u00f3 alum\u00ednium profil:<\/td>\n<td> Made as Clients\u2032 Design<\/td>\n<\/tr>\n<tr>\n<td class=\"label\">Fel\u00fcletkezel\u00e9s:<\/td>\n<td> Elox\u00e1lt, porfestett, fa szemcs\u00e9s<\/td>\n<\/tr>\n<tr>\n<td class=\"label\">Tan\u00fas\u00edt\u00e1s:<\/td>\n<td> ISO, RoHS, SGS<\/td>\n<\/tr>\n<tr>\n<td class=\"label\">M\u00e9retek:<\/td>\n<td> Ez lehet egy\u00e9ni, mint felt\u00e9ve Design<\/td>\n<\/tr>\n<tr>\n<td class=\"label\">Megmunk\u00e1l\u00e1si szolg\u00e1ltat\u00e1sok:<\/td>\n<td> F\u00far\u00e1s, csavaroz\u00e1s, szegecsel\u00e9s, \u00f6sszeszerel\u00e9s stb.<\/td>\n<\/tr>\n<tr>\n<td class=\"label\">Specifik\u00e1ci\u00f3:<\/td>\n<td> SGS, Rohs, ISO<\/td>\n<\/tr>\n<\/table>\n<h2>Gy\u00e1rt\u00f3 b\u00e1zisunk<\/h2>\n<h3>Gy\u00e1ri panor\u00e1ma<\/h3>\n<p><img decoding=\"async\" src=\"\/wp-content\/uploads\/factory-01.webp\"\/><\/p>\n<h3>Alum\u00ednium r\u00fadgy\u00e1rt\u00f3 m\u0171hely<\/h3>\n<p><img decoding=\"async\" src=\"\/wp-content\/uploads\/factory-02.webp\"\/><\/p>\n<p><img decoding=\"async\" src=\"\/wp-content\/uploads\/factory-03.webp\"\/><\/p>\n<h3>Pen\u00e9sz rakt\u00e1r<\/h3>\n<p><img decoding=\"async\" src=\"\/wp-content\/uploads\/factory-04.webp\"\/><\/p>\n<h3>43 alum\u00ednium extrud\u00e1l\u00f3 vonal (500-5500 tonna)<\/h3>\n<p><img decoding=\"async\" src=\"\/wp-content\/uploads\/factory-05.webp\"\/><\/p>\n<p><img decoding=\"async\" src=\"\/wp-content\/uploads\/factory-06.webp\"\/><\/p>\n<p><img decoding=\"async\" src=\"\/wp-content\/uploads\/factory-07.webp\"\/><\/p>\n<h3>Porfest\u0151 m\u0171hely<\/h3>\n<p><img decoding=\"async\" src=\"\/wp-content\/uploads\/factory-09.webp\"\/><\/p>\n<h3>Anodiz\u00e1l\u00f3 m\u0171hely<\/h3>\n<p><img decoding=\"async\" src=\"\/wp-content\/uploads\/factory-10.webp\"\/><\/p>\n<h3>M\u00e9ly feldolgoz\u00e1si m\u0171hely<\/h3>\n<p><img decoding=\"async\" src=\"\/wp-content\/uploads\/factory-11.webp\"\/><\/p>\n<h3>CNC prec\u00edzi\u00f3s megmunk\u00e1l\u00f3 m\u0171hely<\/h3>\n<p><img decoding=\"async\" src=\"\/wp-content\/uploads\/factory-11.5.webp\"\/><\/p>\n<h3>K\u00e9szterm\u00e9k \u00e9s export rakt\u00e1r<\/h3>\n<p><img decoding=\"async\" src=\"\/wp-content\/uploads\/factory-12.webp\"\/><\/p>\n<p><img decoding=\"async\" src=\"\/wp-content\/uploads\/factory-13.webp\"\/><\/p>\n<p><img decoding=\"async\" src=\"\/wp-content\/uploads\/factory-14.webp\"\/><\/p>\n<h2>GYIK<\/h2>\n<p><p><b>1.Mi a 6063 T5 extrud\u00e1lt alum\u00ednium? <\/b><\/p>\n<p>A 6063 T5 olyan alum\u00ednium\u00f6tv\u00f6zetre utal, amelyet extrud\u00e1ltak \u00e9s T5-\u00f6s h\u0151m\u00e9rs\u00e9kletre \u00f6reg\u00edtettek, j\u00f3 szil\u00e1rds\u00e1got, korr\u00f3zi\u00f3\u00e1ll\u00f3s\u00e1got \u00e9s kiv\u00e1l\u00f3 fel\u00fcleti fel\u00fcletet biztos\u00edtva.<br \/>\n<\/p><br \/>\n<br \/>\n<p><b>2.Mi\u00e9rt v\u00e1lassza a 6063 T5 alum\u00ednium profilokat? <\/b><\/p>\n<p>A szil\u00e1rds\u00e1g, a megmunk\u00e1lhat\u00f3s\u00e1g \u00e9s az eszt\u00e9tikus kivitelez\u00e9s egyens\u00faly\u00e1t biztos\u00edtj\u00e1k, \u00edgy alkalmasak \u00e9p\u00edt\u00e9szeti, aut\u00f3ipari \u00e9s fogyaszt\u00f3i alkalmaz\u00e1sokhoz.<br \/>\n<\/p><br \/>\n<br \/>\n<p><b>3.Milyen el\u0151nyei vannak a 6063 T5 profilok pol\u00edrozott fel\u00fclet\u00e9nek? <\/b><\/p>\n<p>A pol\u00edrozott fel\u00fclet jav\u00edtja a megjelen\u00e9st, n\u00f6veli a f\u00e9nyvisszaver\u0151 k\u00e9pess\u00e9get, \u00e9s jav\u00edtja a szennyez\u0151d\u00e9ssel \u00e9s oxid\u00e1ci\u00f3val szembeni ellen\u00e1ll\u00e1st.<br \/>\n<\/p><br \/>\n<br \/>\n<p><b>4.Testreszabhatom a 6063 T5 pol\u00edrozott profilok m\u00e9reteit? <\/b><\/p>\n<p>Igen, a gy\u00e1rt\u00f3k testreszab\u00e1st k\u00edn\u00e1lnak az alak, a m\u00e9ret, a hossz \u00e9s a fel\u00fcletkezel\u00e9s tekintet\u00e9ben a projekt k\u00f6vetelm\u00e9nyeinek megfelel\u0151en.<br \/>\n<\/p><br \/>\n<br \/>\n<p><b>5.A 6063 T5 pol\u00edrozott profilok korr\u00f3zi\u00f3\u00e1ll\u00f3ak? <\/b><\/p>\n<p>Igen, ez az \u00f6tv\u00f6zet term\u00e9szetesen ellen\u00e1ll a korr\u00f3zi\u00f3nak, \u00e9s a pol\u00edrozott fel\u00fclet tov\u00e1bb cs\u00f6kkenti a fel\u00fcleti s\u00e9r\u00fcl\u00e9sekre val\u00f3 hajlamot.<br \/>\n<\/p><br \/>\n<br \/>\n<p><b>6.Milyen alkalmaz\u00e1sok haszn\u00e1lj\u00e1k a pol\u00edrozott 6063 T5 alum\u00ednium profilokat? <\/b><\/p>\n<p>Gyakori alkalmaz\u00e1sok k\u00f6z\u00e9 tartoznak az ablakkeretek, d\u00edszl\u00e9cek, b\u00fatorok, kijelz\u0151k, aut\u00f3alkatr\u00e9szek \u00e9s a magas sz\u00ednvonal\u00fa dekor\u00e1ci\u00f3s alkatr\u00e9szek.<br \/>\n<\/p><br \/>\n<br \/>\n<p><b>7.Alkalmas ez az anyag k\u00fclt\u00e9ri haszn\u00e1latra? <\/b><\/p>\n<p>Igen, megfelel\u0151 fel\u00fcletkezel\u00e9ssel, p\u00e9ld\u00e1ul elox\u00e1l\u00e1ssal vagy porsz\u00f3r\u00e1ssal a 6063 T5 profilok j\u00f3l teljes\u00edtenek k\u00fclt\u00e9ri k\u00f6r\u00fclm\u00e9nyek k\u00f6z\u00f6tt.<br \/>\n<\/p><br \/>\n<br \/>\n<p><b>8.Milyen fel\u00fcleti fel\u00fcletek kompatibilisek a 6063 T5 profilokkal? <\/b><\/p>\n<p>A pol\u00edroz\u00e1s mellett olyan kivitelek is rendelkez\u00e9sre \u00e1llnak, mint az elox\u00e1l\u00e1s, a porfest\u00e9s, az ecsetel\u00e9s \u00e9s a mar\u00e1s.<br \/>\n<\/p><br \/>\n<br \/>\n<p><b>9.Is 6063 T5 alum\u00ednium k\u00f6nnyen megmunk\u00e1lhat\u00f3? <\/b><\/p>\n<p>Igen, kiv\u00e1l\u00f3an megmunk\u00e1lhat\u00f3, ez\u00e9rt sz\u00e9les k\u00f6rben haszn\u00e1lj\u00e1k prec\u00edzi\u00f3s extrud\u00e1lt alkatr\u00e9szek \u00e9s szerelv\u00e9nyek gy\u00e1rt\u00e1s\u00e1hoz.<br \/>\n<\/p><br \/>\n<br \/>\n<p><b>10.Ig\u00e9nyelnek-e a pol\u00edrozott profilok k\u00fcl\u00f6nleges karbantart\u00e1st? <\/b><\/p>\n<p>Kev\u00e9s karbantart\u00e1st ig\u00e9nyelnek, \u00e9s csak id\u0151nk\u00e9nt kell \u0151ket puha ruh\u00e1val \u00e9s enyhe tiszt\u00edt\u00f3szerrel tiszt\u00edtani, hogy meg\u0151rizz\u00e9k f\u00e9ny\u00fcket.<br \/>\n<\/p><br \/>\n<br \/>\n<p><b>11.Alkalmasak-e ezek a profilok szerkezeti alkalmaz\u00e1sokhoz? <\/b><\/p>\n<p>Igen, b\u00e1r nem a leger\u0151sebb \u00f6tv\u00f6zet, a 6063 T5 elegend\u0151 szil\u00e1rds\u00e1got biztos\u00edt sz\u00e1mos k\u00f6nny\u0171 \u00e9s k\u00f6zepes szerkezeti ig\u00e9nyhez.<br \/>\n<\/p><br \/>\n<br \/>\n<p><b>12.Mi a k\u00fcl\u00f6nbs\u00e9g a T5 \u00e9s a T6 temper\u00e1l\u00e1s k\u00f6z\u00f6tt? <\/b><\/p>\n<p>A T5-\u00f6t a sajtol\u00e1s ut\u00e1n leh\u0171tik \u00e9s mesters\u00e9gesen \u00f6reg\u00edtik, \u00e9s valamivel alacsonyabb szil\u00e1rds\u00e1got biztos\u00edt, mint a T6, amelyet oldattal h\u0151kezelnek \u00e9s \u00f6reg\u00edtenek.<br \/>\n<\/p><br \/>\n<br \/>\n<p><b>13.A 6063 alum\u00ednium k\u00f6rnyezetbar\u00e1t? <\/b><\/p>\n<p>Igen, az alum\u00ednium teljes m\u00e9rt\u00e9kben \u00fajrahasznos\u00edthat\u00f3, \u00e9s a 6063-as \u00f6tv\u00f6zetet gyakran haszn\u00e1lj\u00e1k a fenntarthat\u00f3 \u00e9p\u00edt\u00e9si \u00e9s gy\u00e1rt\u00e1si gyakorlatokban.<br \/>\n<\/p><br \/>\n<br \/>\n<p><b>14.Megrendelhetem \u00f6mlesztve, egyedi csomagol\u00e1ssal? <\/b><\/p>\n<p>Igen, a B2B besz\u00e1ll\u00edt\u00f3k jellemz\u0151en t\u00f6meges megrendel\u00e9seket k\u00edn\u00e1lnak testre szabott csomagol\u00e1si lehet\u0151s\u00e9gekkel a term\u00e9kbiztons\u00e1g \u00e9s a hat\u00e9konys\u00e1g biztos\u00edt\u00e1sa \u00e9rdek\u00e9ben.<br \/>\n<\/p><br \/>\n<br \/>\n<p><b>15.Mennyi a 6063 T5 pol\u00edrozott profilok tipikus \u00e1tfut\u00e1si ideje? <\/b><\/p>\n<p>Az \u00e1tfut\u00e1si id\u0151 \u00e1ltal\u00e1ban 2 \u00e9s 5 h\u00e9t k\u00f6z\u00f6tt mozog, a megrendel\u00e9s m\u00e9ret\u00e9t\u0151l \u00e9s a testreszab\u00e1si szintt\u0151l f\u00fcgg\u0151en.<br \/>\n<\/p><br \/><\/p>","protected":false},"featured_media":6691,"template":"","categories":[66],"class_list":["post-6692","product","type-product","status-publish","has-post-thumbnail","hentry","category-brushed-aluminum-profile"],"meta_box":{"hilight_text_group":{"product_hilight_text":"<li>Made from 6063 T5 aluminum alloy for excellent strength and corrosion resistance<\/li>\r\r\n<li>Polished surface finish provides a sleek, reflective appearance for premium applications<\/li>\r\r\n<li>High formability and machinability, ideal for precision extrusion projects<\/li>\r\r\n<li>Custom lengths, shapes, and surface treatments available for industrial and architectural use<\/li>\r\r\n<li>Lightweight and durable, perfect for decorative and structural integration<\/li>","product_chanpin_blog":"<ul>\r\r\n<li><a href=\"https:\/\/sinoextrud.com\/t-slot-v-slot-differences\/\" target=\"_blank\">t slot vs v slot<\/a><\/li>\r\r\n<li><a href=\"https:\/\/sinoextrud.com\/what-is-4040-aluminium-extrud\/\" target=\"_blank\">4040 aluminium extrusion<\/a><\/li>\r\r\n<li><a href=\"https:\/\/sinoextrud.com\/what-is-4040-aluminium-extrud\/\" target=\"_blank\">aluminum extrusions for industrial racks<\/a><\/li>\r\r\n<li><a href=\"https:\/\/sinoextrud.com\/powder-coating-aluminium-process\/\" target=\"_blank\">powder coating aluminium<\/a><\/li>\r\r\n<li><a href=\"https:\/\/sinoextrud.com\/what-is-an-aluminium-strip-ceiling\/\" target=\"_blank\">aluminium strip ceiling<\/a><\/li>\r\r\n<li><a href=\"https:\/\/sinoextrud.com\/what-is-a-heat-sink\/\" target=\"_blank\">what is a heat sink<\/a><\/li>\r\r\n<\/ul>","product_chanpin_chanpin":"<li><a href=\"https:\/\/sinoextrud.com\/product\/aluminum-glazing-extrusions\/\" target=\"_blank\">Aluminum Glazing Extrusions<\/a><\/li>\r\n<li><a href=\"https:\/\/sinoextrud.com\/product\/polished-aluminum-u-channel\/\" target=\"_blank\">Polished Aluminum U Channel<\/a><\/li>\r\n<li><a href=\"https:\/\/sinoextrud.com\/product\/mirror-like-polished-aluminium-extrusion-profiles\/\" target=\"_blank\">Mirror like Polished aluminium extrusion profiles<\/a><\/li>\r\n<li><a href=\"https:\/\/sinoextrud.com\/product\/polished-aluminium-profiles\/\" target=\"_blank\">Polished Aluminium Profiles<\/a><\/li>\r\n<li><a href=\"https:\/\/sinoextrud.com\/product\/6063-t5-extruded-aluminium-profile-with-polish-surface\/\" target=\"_blank\">6063 T5 Extruded Aluminium Profile with Polish Surface<\/a><\/li>\r\n<li><a href=\"https:\/\/sinoextrud.com\/product\/6463-brightness-polished-shower-room-u-channel-aluminum-profile\/\" target=\"_blank\">6463 Brightness Polished Shower Room U Channel Aluminum Profile<\/a><\/li>\r\n<li><a href=\"https:\/\/sinoextrud.com\/product\/500-degree-brightness-polished-aluminum-profile\/\" target=\"_blank\">500 Degree Brightness Polished Aluminum Profile<\/a><\/li>\r\n<li><a href=\"https:\/\/sinoextrud.com\/product\/aluminium-profile\/\" target=\"_blank\">Aluminium profile<\/a><\/li>\r\n<li><a href=\"https:\/\/sinoextrud.com\/product\/aluminium-handrail-tubing\/\" target=\"_blank\">Aluminium Handrail Tubing<\/a><\/li>\r\n<li><a href=\"https:\/\/sinoextrud.com\/product\/aluminum-extrusion-linear-led-lighting-aluminum-profile\/\" target=\"_blank\">Aluminum Extrusion Linear LED Lighting Aluminum Profile<\/a><\/li>\r\n<li><a href=\"https:\/\/sinoextrud.com\/product\/aluminum-extrusion-minimalist-office-partition-aluminum-profiles\/\" target=\"_blank\">Aluminum Extrusion Minimalist Office Partition Aluminum Profiles<\/a><\/li>"},"feature_list":[]},"_links":{"self":[{"href":"https:\/\/sinoextrud.com\/hu\/wp-json\/wp\/v2\/product\/6692","targetHints":{"allow":["GET"]}}],"collection":[{"href":"https:\/\/sinoextrud.com\/hu\/wp-json\/wp\/v2\/product"}],"about":[{"href":"https:\/\/sinoextrud.com\/hu\/wp-json\/wp\/v2\/types\/product"}],"wp:featuredmedia":[{"embeddable":true,"href":"https:\/\/sinoextrud.com\/hu\/wp-json\/wp\/v2\/media\/6691"}],"wp:attachment":[{"href":"https:\/\/sinoextrud.com\/hu\/wp-json\/wp\/v2\/media?parent=6692"}],"wp:term":[{"taxonomy":"category","embeddable":true,"href":"https:\/\/sinoextrud.com\/hu\/wp-json\/wp\/v2\/categories?post=6692"}],"curies":[{"name":"wp","href":"https:\/\/api.w.org\/{rel}","templated":true}]}}